{"id":93027,"date":"2023-01-17T12:05:26","date_gmt":"2023-01-17T11:05:26","guid":{"rendered":"https:\/\/swissraft.xyanzkdne.eu\/product\/plane-flight-from-granges-around-berne-30-min-chf-330-00\/"},"modified":"2024-11-20T09:28:44","modified_gmt":"2024-11-20T08:28:44","slug":"plane-flight-from-granges-around-berne-30-min-chf-330-00","status":"publish","type":"product","link":"https:\/\/www.swissraft.ch\/en\/product\/plane-flight-from-granges-around-berne-30-min-chf-330-00\/","title":{"rendered":"Plane flight from GRANGES &#8211; AROUND BERNE &#8211; 30 min. &#8211; CHF 330.00"},"content":{"rendered":"\t\t<div data-elementor-type=\"wp-post\" data-elementor-id=\"93027\" class=\"elementor elementor-93027 elementor-30443\">\n\t\t\t\t\t\t\t\t\t<section class=\"elementor-section elementor-top-section elementor-element elementor-element-3303a7e3 elementor-section-boxed elementor-section-height-default elementor-section-height-default\" data-id=\"3303a7e3\" data-element_type=\"section\">\n\t\t\t\t\t\t<div class=\"elementor-container elementor-column-gap-default\">\n\t\t\t\t\t<div class=\"elementor-column elementor-col-100 elementor-top-column elementor-element elementor-element-16d72dbf\" data-id=\"16d72dbf\" data-element_type=\"column\">\n\t\t\t<div class=\"elementor-widget-wrap elementor-element-populated\">\n\t\t\t\t\t\t\t\t<div class=\"elementor-element elementor-element-d743c03 elementor-widget elementor-widget-text-editor\" data-id=\"d743c03\" data-element_type=\"widget\" data-widget_type=\"text-editor.default\">\n\t\t\t\t<div class=\"elementor-widget-container\">\n\t\t\t\t\t\t\t<h2>CHOOSE YOUR ACTIVITY BELOW TO OFFER GIFT VOUCHERS \/ TICKETS OR MAKE A RESERVATION<\/h2>\n<table border=\"0\" width=\"580\" cellspacing=\"10\" cellpadding=\"10\">\n<tbody>\n<tr>\n<td width=\"50%\"><strong>PLANE FLIGHT AROUND BERNE &#8211; PRIVATE FLIGHT (1-3 pers.) &#8211; 30 min.<\/strong><\/td>\n<td><strong>CHF 330.00 per private flight<span class=\"productPrice\"><br \/><\/span><\/strong><\/td>\n<\/tr>\n<tr>\n<td>Additional information<\/td>\n<td>&#8211; You use the plane exclusively for yourself<br \/>&#8211; You set the departure date and time<br \/>&#8211; Maximum 3 people.<\/td>\n<\/tr>\n<tr>\n<td>Aerodrome<\/td>\n<td><a href=\"https:\/\/www.google.com\/maps\/place\/47%C2%B010'59.4%22N+7%C2%B024'53.1%22E\/@47.1836299,7.3960656,3068m\/data=!3m1!1e3!4m4!3m3!8m2!3d47.183175!4d7.41475?entry=ttu\" target=\"_blank\" rel=\"noopener\">Granges<\/a><\/td>\n<\/tr>\n<tr>\n<td>Flying time<\/td>\n<td>30 min.<\/td>\n<\/tr>\n<tr>\n<td>Total duration<\/td>\n<td>approx. 50 min.<\/td>\n<\/tr>\n<tr>\n<td>Rendez-vous<\/td>\n<td>Par t\u00e9l\u00e9phone<\/td>\n<\/tr>\n<tr>\n<td><button class=\"elementor-button\" type=\"button\"><a href=\"https:\/\/swissraft.outdoorbooking.ch\/fo\/products\/657?base_id=149&amp;category_id=22&amp;order_type=gift_voucher&amp;lang=en\" target=\"_blank\" rel=\"noopener\">GIFT VOUCHER<\/a><\/button><\/td>\n<td>To make a reservation <span class=\"patt\" style=\"font-family: inherit; font-size: inherit;\"><span class=\"plbl\"><span class=\"patt\"><a href=\"https:\/\/www.swissraft.ch\/en\/contact\/\">contact us<\/a><\/span><\/span><\/span><\/td>\n<\/tr>\n<\/tbody>\n<\/table>\n\t\t\t\t\t\t<\/div>\n\t\t\t\t<\/div>\n\t\t\t\t\t<\/div>\n\t\t<\/div>\n\t\t\t\t\t\t\t<\/div>\n\t\t<\/section>\n\t\t\t\t\t\t\t<\/div>\n\t\t","protected":false},"excerpt":{"rendered":"<div align=\"justify\">\n<h2 align=\"justify\">This 30-minute flight from Grenchen takes you all around the city of Bern.<\/h2>\n<h3>Comfortably seated aboard our Robin DR300, you take off for a 30-minute flight to discover the federal capital&#8217;s surroundings.<\/h3>\n<\/div>\n<div align=\"justify\">\n<p>From Grenchen, head due south to Neuenegg, a municipality in Canton Bern. Then the flight continues to the city of Berne, with a view of the Federal Palace. You fly over the Aare before reaching Burgdorf to the northeast, with its castle and famous restaurant. You then turn off to the west and return to Grenchen airfield for a gentle landing. On a clear day, you&#8217;ll have the majestic Bernese Alps as your backdrop for most of your flight.<\/p>\n<h3>Thanks to its extensive network of airfields and airports in Switzerland, Swissraft offers a wide range of pleasure flights on its website.<\/h3>\n<p id=\"textarea\" style=\"display: none;\">\nWhat&#8217;s more, we have flights from Berne-Belp international airport. In addition, we offer pleasure flights in the three-lake region of Biel\/Bienne. But also in the canton of Aargau, departing from Buttwil airfield. We also operate sightseeing flights from \u00c9pagny en Gruy\u00e8re. We also offer flights in the canton of St. Moritz. Gall departing from Sch\u00e4nis airfield.\n<\/p>\n<p><a id=\"seeMore\" onclick=\"toggleSeeMore()\" href=\"javascript:void(0);\">Read more<\/a><\/p>\n","protected":false},"featured_media":89616,"comment_status":"open","ping_status":"closed","template":"","meta":{"inline_featured_image":false,"_mi_skip_tracking":false},"product_cat":[428,426],"product_tag":[],"class_list":["post-93027","product","type-product","status-publish","has-post-thumbnail","hentry","product_cat-plane-granges","product_cat-flying"],"yoast_head":"<!-- This site is optimized with the Yoast SEO plugin v23.6 - https:\/\/yoast.com\/wordpress\/plugins\/seo\/ -->\n<title>Fly around Bern from Grenchen airfield<\/title>\n<meta name=\"description\" content=\"Fly around Bern from Grenchen airfield. Discover the region around the Swiss capital with this 30-minute flight.\" \/>\n<meta name=\"robots\" content=\"index, follow, max-snippet:-1, max-image-preview:large, max-video-preview:-1\" \/>\n<link rel=\"canonical\" href=\"https:\/\/www.swissraft.ch\/en\/product\/plane-flight-from-granges-around-berne-30-min-chf-330-00\/\" \/>\n<meta property=\"og:locale\" content=\"en_US\" \/>\n<meta property=\"og:type\" content=\"article\" \/>\n<meta property=\"og:title\" content=\"Fly around Bern from Grenchen airfield\" \/>\n<meta property=\"og:description\" content=\"Fly around Bern from Grenchen airfield. Discover the region around the Swiss capital with this 30-minute flight.\" \/>\n<meta property=\"og:url\" content=\"https:\/\/www.swissraft.ch\/en\/product\/plane-flight-from-granges-around-berne-30-min-chf-330-00\/\" \/>\n<meta property=\"og:site_name\" content=\"Swissraft\" \/>\n<meta property=\"article:modified_time\" content=\"2024-11-20T08:28:44+00:00\" \/>\n<meta property=\"og:image\" content=\"https:\/\/www.swissraft.ch\/wp-content\/uploads\/2023\/01\/1-GRENCHEN-Berner-Rundflug-776x776-1.jpg\" \/>\n\t<meta property=\"og:image:width\" content=\"776\" \/>\n\t<meta property=\"og:image:height\" content=\"776\" \/>\n\t<meta property=\"og:image:type\" content=\"image\/jpeg\" \/>\n<meta name=\"twitter:card\" content=\"summary_large_image\" \/>\n<script type=\"application\/ld+json\" class=\"yoast-schema-graph\">{\"@context\":\"https:\/\/schema.org\",\"@graph\":[{\"@type\":\"WebPage\",\"@id\":\"https:\/\/www.swissraft.ch\/en\/product\/plane-flight-from-granges-around-berne-30-min-chf-330-00\/\",\"url\":\"https:\/\/www.swissraft.ch\/en\/product\/plane-flight-from-granges-around-berne-30-min-chf-330-00\/\",\"name\":\"Fly around Bern from Grenchen airfield\",\"isPartOf\":{\"@id\":\"https:\/\/www.swissraft.ch\/en\/#website\"},\"primaryImageOfPage\":{\"@id\":\"https:\/\/www.swissraft.ch\/en\/product\/plane-flight-from-granges-around-berne-30-min-chf-330-00\/#primaryimage\"},\"image\":{\"@id\":\"https:\/\/www.swissraft.ch\/en\/product\/plane-flight-from-granges-around-berne-30-min-chf-330-00\/#primaryimage\"},\"thumbnailUrl\":\"https:\/\/www.swissraft.ch\/wp-content\/uploads\/2023\/01\/1-GRENCHEN-Berner-Rundflug-776x776-1.jpg\",\"datePublished\":\"2023-01-17T11:05:26+00:00\",\"dateModified\":\"2024-11-20T08:28:44+00:00\",\"description\":\"Fly around Bern from Grenchen airfield. Discover the region around the Swiss capital with this 30-minute flight.\",\"breadcrumb\":{\"@id\":\"https:\/\/www.swissraft.ch\/en\/product\/plane-flight-from-granges-around-berne-30-min-chf-330-00\/#breadcrumb\"},\"inLanguage\":\"en-US\",\"potentialAction\":[{\"@type\":\"ReadAction\",\"target\":[\"https:\/\/www.swissraft.ch\/en\/product\/plane-flight-from-granges-around-berne-30-min-chf-330-00\/\"]}]},{\"@type\":\"ImageObject\",\"inLanguage\":\"en-US\",\"@id\":\"https:\/\/www.swissraft.ch\/en\/product\/plane-flight-from-granges-around-berne-30-min-chf-330-00\/#primaryimage\",\"url\":\"https:\/\/www.swissraft.ch\/wp-content\/uploads\/2023\/01\/1-GRENCHEN-Berner-Rundflug-776x776-1.jpg\",\"contentUrl\":\"https:\/\/www.swissraft.ch\/wp-content\/uploads\/2023\/01\/1-GRENCHEN-Berner-Rundflug-776x776-1.jpg\",\"width\":776,\"height\":776,\"caption\":\"Fly around Bern from Grenchen\"},{\"@type\":\"BreadcrumbList\",\"@id\":\"https:\/\/www.swissraft.ch\/en\/product\/plane-flight-from-granges-around-berne-30-min-chf-330-00\/#breadcrumb\",\"itemListElement\":[{\"@type\":\"ListItem\",\"position\":1,\"name\":\"Accueil\",\"item\":\"https:\/\/www.swissraft.ch\/en\/\"},{\"@type\":\"ListItem\",\"position\":2,\"name\":\"Store\",\"item\":\"https:\/\/www.swissraft.ch\/en\/store\/\"},{\"@type\":\"ListItem\",\"position\":3,\"name\":\"Plane flight from GRANGES &#8211; AROUND BERNE &#8211; 30 min. &#8211; CHF 330.00\"}]},{\"@type\":\"WebSite\",\"@id\":\"https:\/\/www.swissraft.ch\/en\/#website\",\"url\":\"https:\/\/www.swissraft.ch\/en\/\",\"name\":\"Swissraft\",\"description\":\"To enjoy nature as it is\",\"publisher\":{\"@id\":\"https:\/\/www.swissraft.ch\/en\/#organization\"},\"potentialAction\":[{\"@type\":\"SearchAction\",\"target\":{\"@type\":\"EntryPoint\",\"urlTemplate\":\"https:\/\/www.swissraft.ch\/en\/?s={search_term_string}\"},\"query-input\":{\"@type\":\"PropertyValueSpecification\",\"valueRequired\":true,\"valueName\":\"search_term_string\"}}],\"inLanguage\":\"en-US\"},{\"@type\":\"Organization\",\"@id\":\"https:\/\/www.swissraft.ch\/en\/#organization\",\"name\":\"Swissraft\",\"url\":\"https:\/\/www.swissraft.ch\/en\/\",\"logo\":{\"@type\":\"ImageObject\",\"inLanguage\":\"en-US\",\"@id\":\"https:\/\/www.swissraft.ch\/en\/#\/schema\/logo\/image\/\",\"url\":\"https:\/\/www.swissraft.ch\/wp-content\/uploads\/2025\/09\/Capture.jpg\",\"contentUrl\":\"https:\/\/www.swissraft.ch\/wp-content\/uploads\/2025\/09\/Capture.jpg\",\"width\":293,\"height\":108,\"caption\":\"Swissraft\"},\"image\":{\"@id\":\"https:\/\/www.swissraft.ch\/en\/#\/schema\/logo\/image\/\"}}]}<\/script>\n<!-- \/ Yoast SEO plugin. -->","yoast_head_json":{"title":"Fly around Bern from Grenchen airfield","description":"Fly around Bern from Grenchen airfield. Discover the region around the Swiss capital with this 30-minute flight.","robots":{"index":"index","follow":"follow","max-snippet":"max-snippet:-1","max-image-preview":"max-image-preview:large","max-video-preview":"max-video-preview:-1"},"canonical":"https:\/\/www.swissraft.ch\/en\/product\/plane-flight-from-granges-around-berne-30-min-chf-330-00\/","og_locale":"en_US","og_type":"article","og_title":"Fly around Bern from Grenchen airfield","og_description":"Fly around Bern from Grenchen airfield. Discover the region around the Swiss capital with this 30-minute flight.","og_url":"https:\/\/www.swissraft.ch\/en\/product\/plane-flight-from-granges-around-berne-30-min-chf-330-00\/","og_site_name":"Swissraft","article_modified_time":"2024-11-20T08:28:44+00:00","og_image":[{"width":776,"height":776,"url":"https:\/\/www.swissraft.ch\/wp-content\/uploads\/2023\/01\/1-GRENCHEN-Berner-Rundflug-776x776-1.jpg","type":"image\/jpeg"}],"twitter_card":"summary_large_image","schema":{"@context":"https:\/\/schema.org","@graph":[{"@type":"WebPage","@id":"https:\/\/www.swissraft.ch\/en\/product\/plane-flight-from-granges-around-berne-30-min-chf-330-00\/","url":"https:\/\/www.swissraft.ch\/en\/product\/plane-flight-from-granges-around-berne-30-min-chf-330-00\/","name":"Fly around Bern from Grenchen airfield","isPartOf":{"@id":"https:\/\/www.swissraft.ch\/en\/#website"},"primaryImageOfPage":{"@id":"https:\/\/www.swissraft.ch\/en\/product\/plane-flight-from-granges-around-berne-30-min-chf-330-00\/#primaryimage"},"image":{"@id":"https:\/\/www.swissraft.ch\/en\/product\/plane-flight-from-granges-around-berne-30-min-chf-330-00\/#primaryimage"},"thumbnailUrl":"https:\/\/www.swissraft.ch\/wp-content\/uploads\/2023\/01\/1-GRENCHEN-Berner-Rundflug-776x776-1.jpg","datePublished":"2023-01-17T11:05:26+00:00","dateModified":"2024-11-20T08:28:44+00:00","description":"Fly around Bern from Grenchen airfield. Discover the region around the Swiss capital with this 30-minute flight.","breadcrumb":{"@id":"https:\/\/www.swissraft.ch\/en\/product\/plane-flight-from-granges-around-berne-30-min-chf-330-00\/#breadcrumb"},"inLanguage":"en-US","potentialAction":[{"@type":"ReadAction","target":["https:\/\/www.swissraft.ch\/en\/product\/plane-flight-from-granges-around-berne-30-min-chf-330-00\/"]}]},{"@type":"ImageObject","inLanguage":"en-US","@id":"https:\/\/www.swissraft.ch\/en\/product\/plane-flight-from-granges-around-berne-30-min-chf-330-00\/#primaryimage","url":"https:\/\/www.swissraft.ch\/wp-content\/uploads\/2023\/01\/1-GRENCHEN-Berner-Rundflug-776x776-1.jpg","contentUrl":"https:\/\/www.swissraft.ch\/wp-content\/uploads\/2023\/01\/1-GRENCHEN-Berner-Rundflug-776x776-1.jpg","width":776,"height":776,"caption":"Fly around Bern from Grenchen"},{"@type":"BreadcrumbList","@id":"https:\/\/www.swissraft.ch\/en\/product\/plane-flight-from-granges-around-berne-30-min-chf-330-00\/#breadcrumb","itemListElement":[{"@type":"ListItem","position":1,"name":"Accueil","item":"https:\/\/www.swissraft.ch\/en\/"},{"@type":"ListItem","position":2,"name":"Store","item":"https:\/\/www.swissraft.ch\/en\/store\/"},{"@type":"ListItem","position":3,"name":"Plane flight from GRANGES &#8211; AROUND BERNE &#8211; 30 min. &#8211; CHF 330.00"}]},{"@type":"WebSite","@id":"https:\/\/www.swissraft.ch\/en\/#website","url":"https:\/\/www.swissraft.ch\/en\/","name":"Swissraft","description":"To enjoy nature as it is","publisher":{"@id":"https:\/\/www.swissraft.ch\/en\/#organization"},"potentialAction":[{"@type":"SearchAction","target":{"@type":"EntryPoint","urlTemplate":"https:\/\/www.swissraft.ch\/en\/?s={search_term_string}"},"query-input":{"@type":"PropertyValueSpecification","valueRequired":true,"valueName":"search_term_string"}}],"inLanguage":"en-US"},{"@type":"Organization","@id":"https:\/\/www.swissraft.ch\/en\/#organization","name":"Swissraft","url":"https:\/\/www.swissraft.ch\/en\/","logo":{"@type":"ImageObject","inLanguage":"en-US","@id":"https:\/\/www.swissraft.ch\/en\/#\/schema\/logo\/image\/","url":"https:\/\/www.swissraft.ch\/wp-content\/uploads\/2025\/09\/Capture.jpg","contentUrl":"https:\/\/www.swissraft.ch\/wp-content\/uploads\/2025\/09\/Capture.jpg","width":293,"height":108,"caption":"Swissraft"},"image":{"@id":"https:\/\/www.swissraft.ch\/en\/#\/schema\/logo\/image\/"}}]}},"_links":{"self":[{"href":"https:\/\/www.swissraft.ch\/en\/wp-json\/wp\/v2\/product\/93027","targetHints":{"allow":["GET"]}}],"collection":[{"href":"https:\/\/www.swissraft.ch\/en\/wp-json\/wp\/v2\/product"}],"about":[{"href":"https:\/\/www.swissraft.ch\/en\/wp-json\/wp\/v2\/types\/product"}],"replies":[{"embeddable":true,"href":"https:\/\/www.swissraft.ch\/en\/wp-json\/wp\/v2\/comments?post=93027"}],"version-history":[{"count":0,"href":"https:\/\/www.swissraft.ch\/en\/wp-json\/wp\/v2\/product\/93027\/revisions"}],"wp:featuredmedia":[{"embeddable":true,"href":"https:\/\/www.swissraft.ch\/en\/wp-json\/wp\/v2\/media\/89616"}],"wp:attachment":[{"href":"https:\/\/www.swissraft.ch\/en\/wp-json\/wp\/v2\/media?parent=93027"}],"wp:term":[{"taxonomy":"product_cat","embeddable":true,"href":"https:\/\/www.swissraft.ch\/en\/wp-json\/wp\/v2\/product_cat?post=93027"},{"taxonomy":"product_tag","embeddable":true,"href":"https:\/\/www.swissraft.ch\/en\/wp-json\/wp\/v2\/product_tag?post=93027"}],"curies":[{"name":"wp","href":"https:\/\/api.w.org\/{rel}","templated":true}]}}