{"id":93011,"date":"2023-01-17T11:23:51","date_gmt":"2023-01-17T10:23:51","guid":{"rendered":"https:\/\/swissraft.xyanzkdne.eu\/product\/plane-flight-from-epagny-a-la-carte-from-chf-125-00\/"},"modified":"2025-12-19T16:19:03","modified_gmt":"2025-12-19T15:19:03","slug":"plane-flight-from-epagny-a-la-carte-from-chf-125-00","status":"publish","type":"product","link":"https:\/\/www.swissraft.ch\/en\/product\/plane-flight-from-epagny-a-la-carte-from-chf-125-00\/","title":{"rendered":"Flight with a plane from \u00c9PAGNY &#8211; \u00c0 LA CARTE &#8211; D\u00e8s CHF 225.00"},"content":{"rendered":"\t\t<div data-elementor-type=\"wp-post\" data-elementor-id=\"93011\" class=\"elementor elementor-93011 elementor-30432\">\n\t\t\t\t\t\t\t\t\t<section class=\"elementor-section elementor-top-section elementor-element elementor-element-3303a7e3 elementor-section-boxed elementor-section-height-default elementor-section-height-default\" data-id=\"3303a7e3\" data-element_type=\"section\">\n\t\t\t\t\t\t<div class=\"elementor-container elementor-column-gap-default\">\n\t\t\t\t\t<div class=\"elementor-column elementor-col-100 elementor-top-column elementor-element elementor-element-16d72dbf\" data-id=\"16d72dbf\" data-element_type=\"column\">\n\t\t\t<div class=\"elementor-widget-wrap elementor-element-populated\">\n\t\t\t\t\t\t\t\t<div class=\"elementor-element elementor-element-d743c03 elementor-widget elementor-widget-text-editor\" data-id=\"d743c03\" data-element_type=\"widget\" data-widget_type=\"text-editor.default\">\n\t\t\t\t<div class=\"elementor-widget-container\">\n\t\t\t\t\t\t\t<h2>CHOOSE YOUR ACTIVITY BELOW TO OFFER GIFT VOUCHERS \/ TICKETS OR MAKE A RESERVATION<\/h2>\n<table border=\"0\" width=\"580\" cellspacing=\"10\" cellpadding=\"10\">\n<tbody>\n<tr>\n<td width=\"50%\"><strong>\u00c0 LA CARTE &#8211; PRIVATE FLIGHT &#8211; From 30 min.<\/strong><\/td>\n<td><strong>From CHF 225.00 per private flight<span class=\"productPrice\"><br \/><\/span><\/strong><\/td>\n<\/tr>\n<tr>\n<td>Further information<\/td>\n<td><span class=\"patt\">&#8211; You can use the aircraft exclusively for yourself<br \/>&#8211; You set the departure date and time<br \/>&#8211; Children 5 to 12 years<br \/>&#8211; Maximum 5 pers. including 2 children <br \/>&#8211; Max. weight 60 kg total for children<br \/>&#8211; Max. height per child 1.50 m<br \/><\/span><\/td>\n<\/tr>\n<tr>\n<td>Airfield<\/td>\n<td><a href=\"https:\/\/www.google.com\/maps\/place\/46%C2%B035'44.0%22N+7%C2%B005'36.3%22E\/@46.5958455,7.0846888,1551m\/data=!3m1!1e3!4m4!3m3!8m2!3d46.5955556!4d7.0934167?entry=ttu\" target=\"_blank\" rel=\"noopener\">\u00c9pagny<\/a><\/td>\n<\/tr>\n<tr>\n<td>Flying time<\/td>\n<td>30 \/ 45 \/ 60 \/ 90 min.<\/td>\n<\/tr>\n<tr>\n<td>Total duration<\/td>\n<td>approx. 1 hr<\/td>\n<\/tr>\n<tr>\n<td>Appointment<\/td>\n<td>Per phone<\/td>\n<\/tr>\n<tr>\n<td><button class=\"elementor-button\" type=\"button\"><a href=\"https:\/\/swissraft.outdoorbooking.ch\/fo\/products\/1698?base_id=253&amp;category_id=22&amp;order_type=gift_voucher&amp;lang=en\" target=\"_blank\" rel=\"noopener\">PURCHASE GIFT VOUCHER \/ TICKET<\/a><\/button><\/td>\n<td><strong>CHF 225.00 &#8211; 30 min. &#8211; Private flight (1-3 pers.)<\/strong><\/td>\n<\/tr>\n<tr>\n<td><button class=\"elementor-button\" type=\"button\"><a href=\"https:\/\/swissraft.outdoorbooking.ch\/fo\/products\/1718?base_id=255&amp;category_id=22&amp;order_type=gift_voucher&amp;lang=en\" target=\"_blank\" rel=\"noopener\">PURCHASE GIFT VOUCHER \/ TICKET<\/a><\/button><\/td>\n<td><strong>CHF 238.00 &#8211; 30 min. &#8211; Private flight (3 adul. + 2 kids)<\/strong><\/td>\n<\/tr>\n<tr>\n<td><a href=\"https:\/\/swissraft.outdoorbooking.ch\/fo\/products\/1699?base_id=253&amp;category_id=22&amp;order_type=gift_voucher&amp;lang=en\" target=\"_blank\" rel=\"noopener\"><button class=\"elementor-button\" type=\"button\">PURCHASE GIFT VOUCHER \/ TICKET<\/button><\/a><\/td>\n<td><strong>CHF 338.00 &#8211; 45 min. &#8211; Private flight (1-3 pers.)<\/strong><\/td>\n<\/tr>\n<tr>\n<td><a href=\"https:\/\/swissraft.outdoorbooking.ch\/fo\/products\/1720?base_id=255&amp;category_id=22&amp;order_type=gift_voucher&amp;lang=en\" target=\"_blank\" rel=\"noopener\"><button class=\"elementor-button\" type=\"button\">PURCHASE GIFT VOUCHER \/ TICKET<\/button><\/a><\/td>\n<td><strong>CHF 357.00 &#8211; 45 min. &#8211; Private flight (3 adul. + 2 kids)<\/strong><\/td>\n<\/tr>\n<tr>\n<td><a href=\"https:\/\/swissraft.outdoorbooking.ch\/fo\/products\/1700?base_id=253&amp;category_id=22&amp;order_type=gift_voucher&amp;lang=en\" target=\"_blank\" rel=\"noopener\"><button class=\"elementor-button\" type=\"button\">PURCHASE GIFT VOUCHER \/ TICKET<\/button><\/a><\/td>\n<td><strong>CHF 450.00 &#8211; 60 min. &#8211; Private flight (1-3 pers.)<\/strong><\/td>\n<\/tr>\n<tr>\n<td><a href=\"https:\/\/swissraft.outdoorbooking.ch\/fo\/products\/1722?base_id=255&amp;category_id=22&amp;order_type=gift_voucher&amp;lang=en\" target=\"_blank\" rel=\"noopener\"><button class=\"elementor-button\" type=\"button\">PURCHASE GIFT VOUCHER \/ TICKET<\/button><\/a><\/td>\n<td><strong>CHF 475.00 &#8211; 60 min. &#8211; Private flight (3 adul. + 2 kids)<\/strong><\/td>\n<\/tr>\n<tr>\n<td><a href=\"https:\/\/swissraft.outdoorbooking.ch\/fo\/products\/1701?base_id=253&amp;category_id=22&amp;order_type=gift_voucher&amp;lang=en\" target=\"_blank\" rel=\"noopener\"><button class=\"elementor-button\" type=\"button\">PURCHASE GIFT VOUCHER \/ TICKET<\/button><\/a><\/td>\n<td><strong>CHF 675.00 &#8211; 90 min. &#8211; Private flight (1-3 pers.)<\/strong><\/td>\n<\/tr>\n<tr>\n<td><a href=\"https:\/\/swissraft.outdoorbooking.ch\/fo\/products\/1724?base_id=255&amp;category_id=22&amp;order_type=gift_voucher&amp;lang=en\" target=\"_blank\" rel=\"noopener\"><button class=\"elementor-button\" type=\"button\">PURCHASE GIFT VOUCHER \/ TICKET<\/button><\/a><\/td>\n<td><strong>CHF 713.00 &#8211; 90 min. &#8211; Private flight (3 adul. + 2 kids)<\/strong><\/td>\n<\/tr>\n<tr>\n<td> <\/td>\n<td><span style=\"text-decoration: underline;\"><strong><em>IMPORTANT !<\/em><\/strong><\/span><br \/><em>To book, call the number at the top left of the gift voucher \/ ticket.<\/em><\/td>\n<\/tr>\n<\/tbody>\n<\/table>\n\t\t\t\t\t\t<\/div>\n\t\t\t\t<\/div>\n\t\t\t\t<div class=\"elementor-element elementor-element-20cbbba elementor-widget elementor-widget-text-editor\" data-id=\"20cbbba\" data-element_type=\"widget\" data-widget_type=\"text-editor.default\">\n\t\t\t\t<div class=\"elementor-widget-container\">\n\t\t\t\t\t\t\t\t\t\t\t\t\t<\/div>\n\t\t\t\t<\/div>\n\t\t\t\t\t<\/div>\n\t\t<\/div>\n\t\t\t\t\t\t\t<\/div>\n\t\t<\/section>\n\t\t\t\t\t\t\t<\/div>\n\t\t","protected":false},"excerpt":{"rendered":"<div align=\"justify\">\n<h2 align=\"justify\">Private plane flight \u00e0 la carte from \u00c9pagny<\/h2>\n<h3>From \u00c9pagny you take off on a private flight of 30 to 90 minutes; you decide on your itinerary according to your budget.<\/h3>\n<\/div>\n<div align=\"justify\">\n<p>A la carte flight from \u00c9pagny. You can choose a flight lasting a minimum of 30 minutes and a maximum of 1h30. Would you like to fly over the Valais Alps or the 3 Lakes region? Talk it over with your private pilot, who will advise you on your choice.<\/p>\n<h3>Swissraft offers you more than 35 flights on passenger aircraft; don&#8217;t hesitate to give us a call and we&#8217;ll be happy to advise you.<\/h3>\n<p id=\"textarea\" style=\"display: none;\">\nWhat&#8217;s more, we have flights from Berne-Belp international airport. We also offer flights from Biel aerodrome in the 3 lakes region. But also flights from Buttwil airfield in the canton of Aargau. We also offer flights from Grenchen airfield in the canton of Solothurn. We also take off from Sch\u00e4nis airfield in the canton of St. Gallen. Gall for pleasure flights.\n<\/p>\n<p><a id=\"seeMore\" onclick=\"toggleSeeMore()\" href=\"javascript:void(0);\">Read more<\/a><\/p>\n","protected":false},"featured_media":88353,"comment_status":"open","ping_status":"closed","template":"","meta":{"inline_featured_image":false,"_mi_skip_tracking":false},"product_cat":[552,426],"product_tag":[],"class_list":["post-93011","product","type-product","status-publish","has-post-thumbnail","hentry","product_cat-plane-epagny","product_cat-flying"],"yoast_head":"<!-- This site is optimized with the Yoast SEO plugin v23.6 - https:\/\/yoast.com\/wordpress\/plugins\/seo\/ -->\n<title>Vol \u00e0 la carte - private flight from \u00c9pagny for 30 to 90 min.<\/title>\n<meta name=\"description\" content=\"Flight \u00e0 la carte - private flight from \u00c9pagny for 30 to 90 minutes. Plan your flight with your pilot, who will be happy to advise you.\" \/>\n<meta name=\"robots\" content=\"index, follow, max-snippet:-1, max-image-preview:large, max-video-preview:-1\" \/>\n<link rel=\"canonical\" href=\"https:\/\/www.swissraft.ch\/en\/product\/plane-flight-from-epagny-a-la-carte-from-chf-125-00\/\" \/>\n<meta property=\"og:locale\" content=\"en_US\" \/>\n<meta property=\"og:type\" content=\"article\" \/>\n<meta property=\"og:title\" content=\"Vol \u00e0 la carte - private flight from \u00c9pagny for 30 to 90 min.\" \/>\n<meta property=\"og:description\" content=\"Flight \u00e0 la carte - private flight from \u00c9pagny for 30 to 90 minutes. Plan your flight with your pilot, who will be happy to advise you.\" \/>\n<meta property=\"og:url\" content=\"https:\/\/www.swissraft.ch\/en\/product\/plane-flight-from-epagny-a-la-carte-from-chf-125-00\/\" \/>\n<meta property=\"og:site_name\" content=\"Swissraft\" \/>\n<meta property=\"article:modified_time\" content=\"2025-12-19T15:19:03+00:00\" \/>\n<meta property=\"og:image\" content=\"https:\/\/www.swissraft.ch\/wp-content\/uploads\/2023\/01\/7-EPAGNY-Rundfluge-ab-30-Minuten-776x776-1.jpg\" \/>\n\t<meta property=\"og:image:width\" content=\"776\" \/>\n\t<meta property=\"og:image:height\" content=\"776\" \/>\n\t<meta property=\"og:image:type\" content=\"image\/jpeg\" \/>\n<meta name=\"twitter:card\" content=\"summary_large_image\" \/>\n<meta name=\"twitter:label1\" content=\"Est. reading time\" \/>\n\t<meta name=\"twitter:data1\" content=\"1 minute\" \/>\n<script type=\"application\/ld+json\" class=\"yoast-schema-graph\">{\"@context\":\"https:\/\/schema.org\",\"@graph\":[{\"@type\":\"WebPage\",\"@id\":\"https:\/\/www.swissraft.ch\/en\/product\/plane-flight-from-epagny-a-la-carte-from-chf-125-00\/\",\"url\":\"https:\/\/www.swissraft.ch\/en\/product\/plane-flight-from-epagny-a-la-carte-from-chf-125-00\/\",\"name\":\"Vol \u00e0 la carte - private flight from \u00c9pagny for 30 to 90 min.\",\"isPartOf\":{\"@id\":\"https:\/\/www.swissraft.ch\/en\/#website\"},\"primaryImageOfPage\":{\"@id\":\"https:\/\/www.swissraft.ch\/en\/product\/plane-flight-from-epagny-a-la-carte-from-chf-125-00\/#primaryimage\"},\"image\":{\"@id\":\"https:\/\/www.swissraft.ch\/en\/product\/plane-flight-from-epagny-a-la-carte-from-chf-125-00\/#primaryimage\"},\"thumbnailUrl\":\"https:\/\/www.swissraft.ch\/wp-content\/uploads\/2023\/01\/7-EPAGNY-Rundfluge-ab-30-Minuten-776x776-1.jpg\",\"datePublished\":\"2023-01-17T10:23:51+00:00\",\"dateModified\":\"2025-12-19T15:19:03+00:00\",\"description\":\"Flight \u00e0 la carte - private flight from \u00c9pagny for 30 to 90 minutes. Plan your flight with your pilot, who will be happy to advise you.\",\"breadcrumb\":{\"@id\":\"https:\/\/www.swissraft.ch\/en\/product\/plane-flight-from-epagny-a-la-carte-from-chf-125-00\/#breadcrumb\"},\"inLanguage\":\"en-US\",\"potentialAction\":[{\"@type\":\"ReadAction\",\"target\":[\"https:\/\/www.swissraft.ch\/en\/product\/plane-flight-from-epagny-a-la-carte-from-chf-125-00\/\"]}]},{\"@type\":\"ImageObject\",\"inLanguage\":\"en-US\",\"@id\":\"https:\/\/www.swissraft.ch\/en\/product\/plane-flight-from-epagny-a-la-carte-from-chf-125-00\/#primaryimage\",\"url\":\"https:\/\/www.swissraft.ch\/wp-content\/uploads\/2023\/01\/7-EPAGNY-Rundfluge-ab-30-Minuten-776x776-1.jpg\",\"contentUrl\":\"https:\/\/www.swissraft.ch\/wp-content\/uploads\/2023\/01\/7-EPAGNY-Rundfluge-ab-30-Minuten-776x776-1.jpg\",\"width\":776,\"height\":776,\"caption\":\"A la carte flights from \u00c9pagny\"},{\"@type\":\"BreadcrumbList\",\"@id\":\"https:\/\/www.swissraft.ch\/en\/product\/plane-flight-from-epagny-a-la-carte-from-chf-125-00\/#breadcrumb\",\"itemListElement\":[{\"@type\":\"ListItem\",\"position\":1,\"name\":\"Accueil\",\"item\":\"https:\/\/www.swissraft.ch\/en\/\"},{\"@type\":\"ListItem\",\"position\":2,\"name\":\"Store\",\"item\":\"https:\/\/www.swissraft.ch\/en\/store\/\"},{\"@type\":\"ListItem\",\"position\":3,\"name\":\"Flight with a plane from \u00c9PAGNY &#8211; \u00c0 LA CARTE &#8211; D\u00e8s CHF 225.00\"}]},{\"@type\":\"WebSite\",\"@id\":\"https:\/\/www.swissraft.ch\/en\/#website\",\"url\":\"https:\/\/www.swissraft.ch\/en\/\",\"name\":\"Swissraft\",\"description\":\"To enjoy nature as it is\",\"publisher\":{\"@id\":\"https:\/\/www.swissraft.ch\/en\/#organization\"},\"potentialAction\":[{\"@type\":\"SearchAction\",\"target\":{\"@type\":\"EntryPoint\",\"urlTemplate\":\"https:\/\/www.swissraft.ch\/en\/?s={search_term_string}\"},\"query-input\":{\"@type\":\"PropertyValueSpecification\",\"valueRequired\":true,\"valueName\":\"search_term_string\"}}],\"inLanguage\":\"en-US\"},{\"@type\":\"Organization\",\"@id\":\"https:\/\/www.swissraft.ch\/en\/#organization\",\"name\":\"Swissraft\",\"url\":\"https:\/\/www.swissraft.ch\/en\/\",\"logo\":{\"@type\":\"ImageObject\",\"inLanguage\":\"en-US\",\"@id\":\"https:\/\/www.swissraft.ch\/en\/#\/schema\/logo\/image\/\",\"url\":\"https:\/\/www.swissraft.ch\/wp-content\/uploads\/2025\/09\/Capture.jpg\",\"contentUrl\":\"https:\/\/www.swissraft.ch\/wp-content\/uploads\/2025\/09\/Capture.jpg\",\"width\":293,\"height\":108,\"caption\":\"Swissraft\"},\"image\":{\"@id\":\"https:\/\/www.swissraft.ch\/en\/#\/schema\/logo\/image\/\"}}]}<\/script>\n<!-- \/ Yoast SEO plugin. -->","yoast_head_json":{"title":"Vol \u00e0 la carte - private flight from \u00c9pagny for 30 to 90 min.","description":"Flight \u00e0 la carte - private flight from \u00c9pagny for 30 to 90 minutes. Plan your flight with your pilot, who will be happy to advise you.","robots":{"index":"index","follow":"follow","max-snippet":"max-snippet:-1","max-image-preview":"max-image-preview:large","max-video-preview":"max-video-preview:-1"},"canonical":"https:\/\/www.swissraft.ch\/en\/product\/plane-flight-from-epagny-a-la-carte-from-chf-125-00\/","og_locale":"en_US","og_type":"article","og_title":"Vol \u00e0 la carte - private flight from \u00c9pagny for 30 to 90 min.","og_description":"Flight \u00e0 la carte - private flight from \u00c9pagny for 30 to 90 minutes. Plan your flight with your pilot, who will be happy to advise you.","og_url":"https:\/\/www.swissraft.ch\/en\/product\/plane-flight-from-epagny-a-la-carte-from-chf-125-00\/","og_site_name":"Swissraft","article_modified_time":"2025-12-19T15:19:03+00:00","og_image":[{"width":776,"height":776,"url":"https:\/\/www.swissraft.ch\/wp-content\/uploads\/2023\/01\/7-EPAGNY-Rundfluge-ab-30-Minuten-776x776-1.jpg","type":"image\/jpeg"}],"twitter_card":"summary_large_image","twitter_misc":{"Est. reading time":"1 minute"},"schema":{"@context":"https:\/\/schema.org","@graph":[{"@type":"WebPage","@id":"https:\/\/www.swissraft.ch\/en\/product\/plane-flight-from-epagny-a-la-carte-from-chf-125-00\/","url":"https:\/\/www.swissraft.ch\/en\/product\/plane-flight-from-epagny-a-la-carte-from-chf-125-00\/","name":"Vol \u00e0 la carte - private flight from \u00c9pagny for 30 to 90 min.","isPartOf":{"@id":"https:\/\/www.swissraft.ch\/en\/#website"},"primaryImageOfPage":{"@id":"https:\/\/www.swissraft.ch\/en\/product\/plane-flight-from-epagny-a-la-carte-from-chf-125-00\/#primaryimage"},"image":{"@id":"https:\/\/www.swissraft.ch\/en\/product\/plane-flight-from-epagny-a-la-carte-from-chf-125-00\/#primaryimage"},"thumbnailUrl":"https:\/\/www.swissraft.ch\/wp-content\/uploads\/2023\/01\/7-EPAGNY-Rundfluge-ab-30-Minuten-776x776-1.jpg","datePublished":"2023-01-17T10:23:51+00:00","dateModified":"2025-12-19T15:19:03+00:00","description":"Flight \u00e0 la carte - private flight from \u00c9pagny for 30 to 90 minutes. Plan your flight with your pilot, who will be happy to advise you.","breadcrumb":{"@id":"https:\/\/www.swissraft.ch\/en\/product\/plane-flight-from-epagny-a-la-carte-from-chf-125-00\/#breadcrumb"},"inLanguage":"en-US","potentialAction":[{"@type":"ReadAction","target":["https:\/\/www.swissraft.ch\/en\/product\/plane-flight-from-epagny-a-la-carte-from-chf-125-00\/"]}]},{"@type":"ImageObject","inLanguage":"en-US","@id":"https:\/\/www.swissraft.ch\/en\/product\/plane-flight-from-epagny-a-la-carte-from-chf-125-00\/#primaryimage","url":"https:\/\/www.swissraft.ch\/wp-content\/uploads\/2023\/01\/7-EPAGNY-Rundfluge-ab-30-Minuten-776x776-1.jpg","contentUrl":"https:\/\/www.swissraft.ch\/wp-content\/uploads\/2023\/01\/7-EPAGNY-Rundfluge-ab-30-Minuten-776x776-1.jpg","width":776,"height":776,"caption":"A la carte flights from \u00c9pagny"},{"@type":"BreadcrumbList","@id":"https:\/\/www.swissraft.ch\/en\/product\/plane-flight-from-epagny-a-la-carte-from-chf-125-00\/#breadcrumb","itemListElement":[{"@type":"ListItem","position":1,"name":"Accueil","item":"https:\/\/www.swissraft.ch\/en\/"},{"@type":"ListItem","position":2,"name":"Store","item":"https:\/\/www.swissraft.ch\/en\/store\/"},{"@type":"ListItem","position":3,"name":"Flight with a plane from \u00c9PAGNY &#8211; \u00c0 LA CARTE &#8211; D\u00e8s CHF 225.00"}]},{"@type":"WebSite","@id":"https:\/\/www.swissraft.ch\/en\/#website","url":"https:\/\/www.swissraft.ch\/en\/","name":"Swissraft","description":"To enjoy nature as it is","publisher":{"@id":"https:\/\/www.swissraft.ch\/en\/#organization"},"potentialAction":[{"@type":"SearchAction","target":{"@type":"EntryPoint","urlTemplate":"https:\/\/www.swissraft.ch\/en\/?s={search_term_string}"},"query-input":{"@type":"PropertyValueSpecification","valueRequired":true,"valueName":"search_term_string"}}],"inLanguage":"en-US"},{"@type":"Organization","@id":"https:\/\/www.swissraft.ch\/en\/#organization","name":"Swissraft","url":"https:\/\/www.swissraft.ch\/en\/","logo":{"@type":"ImageObject","inLanguage":"en-US","@id":"https:\/\/www.swissraft.ch\/en\/#\/schema\/logo\/image\/","url":"https:\/\/www.swissraft.ch\/wp-content\/uploads\/2025\/09\/Capture.jpg","contentUrl":"https:\/\/www.swissraft.ch\/wp-content\/uploads\/2025\/09\/Capture.jpg","width":293,"height":108,"caption":"Swissraft"},"image":{"@id":"https:\/\/www.swissraft.ch\/en\/#\/schema\/logo\/image\/"}}]}},"_links":{"self":[{"href":"https:\/\/www.swissraft.ch\/en\/wp-json\/wp\/v2\/product\/93011","targetHints":{"allow":["GET"]}}],"collection":[{"href":"https:\/\/www.swissraft.ch\/en\/wp-json\/wp\/v2\/product"}],"about":[{"href":"https:\/\/www.swissraft.ch\/en\/wp-json\/wp\/v2\/types\/product"}],"replies":[{"embeddable":true,"href":"https:\/\/www.swissraft.ch\/en\/wp-json\/wp\/v2\/comments?post=93011"}],"version-history":[{"count":4,"href":"https:\/\/www.swissraft.ch\/en\/wp-json\/wp\/v2\/product\/93011\/revisions"}],"predecessor-version":[{"id":124396,"href":"https:\/\/www.swissraft.ch\/en\/wp-json\/wp\/v2\/product\/93011\/revisions\/124396"}],"wp:featuredmedia":[{"embeddable":true,"href":"https:\/\/www.swissraft.ch\/en\/wp-json\/wp\/v2\/media\/88353"}],"wp:attachment":[{"href":"https:\/\/www.swissraft.ch\/en\/wp-json\/wp\/v2\/media?parent=93011"}],"wp:term":[{"taxonomy":"product_cat","embeddable":true,"href":"https:\/\/www.swissraft.ch\/en\/wp-json\/wp\/v2\/product_cat?post=93011"},{"taxonomy":"product_tag","embeddable":true,"href":"https:\/\/www.swissraft.ch\/en\/wp-json\/wp\/v2\/product_tag?post=93011"}],"curies":[{"name":"wp","href":"https:\/\/api.w.org\/{rel}","templated":true}]}}