{"id":93007,"date":"2023-01-17T11:02:05","date_gmt":"2023-01-17T10:02:05","guid":{"rendered":"https:\/\/swissraft.xyanzkdne.eu\/product\/plane-flight-from-epagny-les-3-lacs-60-min-from-chf-250-00\/"},"modified":"2025-12-19T05:49:45","modified_gmt":"2025-12-19T04:49:45","slug":"plane-flight-from-epagny-les-3-lacs-60-min-from-chf-250-00","status":"publish","type":"product","link":"https:\/\/www.swissraft.ch\/en\/product\/plane-flight-from-epagny-les-3-lacs-60-min-from-chf-250-00\/","title":{"rendered":"Flight from \u00c9PAGNY &#8211; THE 3 LAKES &#8211; 60 min. &#8211; Ab CHF 150.00"},"content":{"rendered":"\t\t<div data-elementor-type=\"wp-post\" data-elementor-id=\"93007\" class=\"elementor elementor-93007 elementor-30415\">\n\t\t\t\t\t\t\t\t\t<section class=\"elementor-section elementor-top-section elementor-element elementor-element-3303a7e3 elementor-section-boxed elementor-section-height-default elementor-section-height-default\" data-id=\"3303a7e3\" data-element_type=\"section\">\n\t\t\t\t\t\t<div class=\"elementor-container elementor-column-gap-default\">\n\t\t\t\t\t<div class=\"elementor-column elementor-col-100 elementor-top-column elementor-element elementor-element-16d72dbf\" data-id=\"16d72dbf\" data-element_type=\"column\">\n\t\t\t<div class=\"elementor-widget-wrap elementor-element-populated\">\n\t\t\t\t\t\t\t\t<div class=\"elementor-element elementor-element-d743c03 elementor-widget elementor-widget-text-editor\" data-id=\"d743c03\" data-element_type=\"widget\" data-widget_type=\"text-editor.default\">\n\t\t\t\t<div class=\"elementor-widget-container\">\n\t\t\t\t\t\t\t<h2>CHOOSE YOUR ACTIVITY BELOW TO OFFER GIFT VOUCHERS \/ TICKETS OR MAKE A RESERVATION<\/h2><table border=\"0\" width=\"580\" cellspacing=\"10\" cellpadding=\"10\"><tbody><tr><td width=\"50%\"><strong>THE THREE LAKES (1-5 pers.) &#8211; 60 min.<\/strong><\/td><td><strong>From CHF 150.00 per person<span class=\"productPrice\"><br \/><\/span><\/strong><\/td><\/tr><tr><td>Further information<\/td><td>&#8211; Children 5 to 12 years<br \/><span class=\"patt\">&#8211; Maximum 5 pers. including 2 children <br \/>&#8211; Max. weight 60 kg total for children<br \/>&#8211; Max. height per child 1.50 m<\/span><\/td><\/tr><tr><td>Airfield<\/td><td><a href=\"https:\/\/www.google.com\/maps\/place\/46%C2%B035'44.0%22N+7%C2%B005'36.3%22E\/@46.5958455,7.0846888,1551m\/data=!3m1!1e3!4m4!3m3!8m2!3d46.5955556!4d7.0934167?entry=ttu\" target=\"_blank\" rel=\"noopener\">\u00c9pagny<\/a><\/td><\/tr><tr><td>Flying time<\/td><td>60 min.<\/td><\/tr><tr><td>Total duration<\/td><td>approx. 1h15<\/td><\/tr><tr><td>Appointment<\/td><td>Per telefon<\/td><\/tr><tr><td><button class=\"elementor-button\" type=\"button\"><a href=\"https:\/\/swissraft.outdoorbooking.ch\/fo\/products\/1685?base_id=252&amp;category_id=22&amp;order_type=gift_voucher&amp;lang=en\" target=\"_blank\" rel=\"noopener\">PURCHASE GIFT VOUCHER \/ TICKET<\/a> <\/button><\/td><td><strong>CHF 150.00<\/strong>\/pers.<strong> &#8211; 60 min.<\/strong><\/td><\/tr><tr><td><button class=\"elementor-button\" type=\"button\"><a href=\"https:\/\/swissraft.outdoorbooking.ch\/fo\/products\/1691?base_id=253&amp;category_id=22&amp;order_type=gift_voucher&amp;lang=en\" target=\"_blank\" rel=\"noopener\">PURCHASE GIFT VOUCHER \/ TICKET<\/a><\/button><\/td><td><strong>CHF 450.00 &#8211; 60 min. &#8211; Privat flight (1-3 pers.)<\/strong><\/td><\/tr><tr><td><button class=\"elementor-button\" type=\"button\"><a href=\"https:\/\/swissraft.outdoorbooking.ch\/fo\/products\/1708?base_id=255&amp;category_id=22&amp;order_type=gift_voucher&amp;lang=en\" target=\"_blank\" rel=\"noopener\">PURCHASE GIFT VOUCHER \/ TICKET<\/a><\/button><\/td><td><strong>CHF 475.00 &#8211; 60 min. &#8211; Private flight (3 adul. + 2 kids)<\/strong><\/td><\/tr><tr><td>\u00a0<\/td><td><span style=\"text-decoration: underline;\"><strong><em>IMPORTANT !<\/em><\/strong><\/span><br \/><em>To book, call the number at the top left of the gift voucher \/ ticket.<\/em><\/td><\/tr><\/tbody><\/table>\t\t\t\t\t\t<\/div>\n\t\t\t\t<\/div>\n\t\t\t\t\t<\/div>\n\t\t<\/div>\n\t\t\t\t\t\t\t<\/div>\n\t\t<\/section>\n\t\t\t\t\t\t\t<\/div>\n\t\t","protected":false},"excerpt":{"rendered":"<div align=\"justify\">\n<h2 align=\"justify\">The three lakes from \u00c9pagny en Gruy\u00e8re aerodrome<\/h2>\n<h3>This 60-minute flight takes you over Lake Neuch\u00e2tel, Lake Biel and Lake Murten.<\/h3>\n<\/div>\n<div align=\"justify\">\n<p>You take off from \u00c9pagny and head for the Three Lakes region for a 60-minute flight. The Three Lakes region comprises 4 cantons, and is a region where both French and German are spoken. You fly over the lakes of Neuch\u00e2tel, Biel and Murten before returning to \u00c9pagny airfield for a rest.<\/p>\n<h3>On its website, Swissraft offers a wide range of airplane tours in Switzerland.<\/h3>\n<p id=\"textarea\" style=\"display: none;\">\nIn addition, we offer air tours departing from Biel aerodrome in the canton of Berne. On the one hand, we have pleasure flights from Berne-Belp international airport. We also operate pleasure flights from Buttwil airfield. But we also take off from Grenchen airfield in the canton of Solothurn. But we also operate flights from Sch\u00e4nis airfield in the canton of St. Gallen. Gall.\n<\/p>\n<p><a id=\"seeMore\" onclick=\"toggleSeeMore()\" href=\"javascript:void(0);\">Read more<\/a><\/p>\n","protected":false},"featured_media":88431,"comment_status":"open","ping_status":"closed","template":"","meta":{"inline_featured_image":false,"_mi_skip_tracking":false},"product_cat":[552,426],"product_tag":[],"class_list":["post-93007","product","type-product","status-publish","has-post-thumbnail","hentry","product_cat-plane-epagny","product_cat-flying"],"yoast_head":"<!-- This site is optimized with the Yoast SEO plugin v23.6 - https:\/\/yoast.com\/wordpress\/plugins\/seo\/ -->\n<title>The three lakes by plane from \u00c9pagny for a 60-minute flight.<\/title>\n<meta name=\"description\" content=\"Fly over the three lakes from \u00c9pagny for a 60-minute flight. You take off from \u00c9pagny to fly over lakes Neuch\u00e2tel, Biel and Murten.\" \/>\n<meta name=\"robots\" content=\"index, follow, max-snippet:-1, max-image-preview:large, max-video-preview:-1\" \/>\n<link rel=\"canonical\" href=\"https:\/\/www.swissraft.ch\/en\/product\/plane-flight-from-epagny-les-3-lacs-60-min-from-chf-250-00\/\" \/>\n<meta property=\"og:locale\" content=\"en_US\" \/>\n<meta property=\"og:type\" content=\"article\" \/>\n<meta property=\"og:title\" content=\"The three lakes by plane from \u00c9pagny for a 60-minute flight.\" \/>\n<meta property=\"og:description\" content=\"Fly over the three lakes from \u00c9pagny for a 60-minute flight. You take off from \u00c9pagny to fly over lakes Neuch\u00e2tel, Biel and Murten.\" \/>\n<meta property=\"og:url\" content=\"https:\/\/www.swissraft.ch\/en\/product\/plane-flight-from-epagny-les-3-lacs-60-min-from-chf-250-00\/\" \/>\n<meta property=\"og:site_name\" content=\"Swissraft\" \/>\n<meta property=\"article:modified_time\" content=\"2025-12-19T04:49:45+00:00\" \/>\n<meta property=\"og:image\" content=\"https:\/\/www.swissraft.ch\/wp-content\/uploads\/2023\/01\/4-EPAGNY-Die-drei-Seen-776x776-1.jpg\" \/>\n\t<meta property=\"og:image:width\" content=\"776\" \/>\n\t<meta property=\"og:image:height\" content=\"776\" \/>\n\t<meta property=\"og:image:type\" content=\"image\/jpeg\" \/>\n<meta name=\"twitter:card\" content=\"summary_large_image\" \/>\n<meta name=\"twitter:label1\" content=\"Est. reading time\" \/>\n\t<meta name=\"twitter:data1\" content=\"1 minute\" \/>\n<script type=\"application\/ld+json\" class=\"yoast-schema-graph\">{\"@context\":\"https:\/\/schema.org\",\"@graph\":[{\"@type\":\"WebPage\",\"@id\":\"https:\/\/www.swissraft.ch\/en\/product\/plane-flight-from-epagny-les-3-lacs-60-min-from-chf-250-00\/\",\"url\":\"https:\/\/www.swissraft.ch\/en\/product\/plane-flight-from-epagny-les-3-lacs-60-min-from-chf-250-00\/\",\"name\":\"The three lakes by plane from \u00c9pagny for a 60-minute flight.\",\"isPartOf\":{\"@id\":\"https:\/\/www.swissraft.ch\/en\/#website\"},\"primaryImageOfPage\":{\"@id\":\"https:\/\/www.swissraft.ch\/en\/product\/plane-flight-from-epagny-les-3-lacs-60-min-from-chf-250-00\/#primaryimage\"},\"image\":{\"@id\":\"https:\/\/www.swissraft.ch\/en\/product\/plane-flight-from-epagny-les-3-lacs-60-min-from-chf-250-00\/#primaryimage\"},\"thumbnailUrl\":\"https:\/\/www.swissraft.ch\/wp-content\/uploads\/2023\/01\/4-EPAGNY-Die-drei-Seen-776x776-1.jpg\",\"datePublished\":\"2023-01-17T10:02:05+00:00\",\"dateModified\":\"2025-12-19T04:49:45+00:00\",\"description\":\"Fly over the three lakes from \u00c9pagny for a 60-minute flight. You take off from \u00c9pagny to fly over lakes Neuch\u00e2tel, Biel and Murten.\",\"breadcrumb\":{\"@id\":\"https:\/\/www.swissraft.ch\/en\/product\/plane-flight-from-epagny-les-3-lacs-60-min-from-chf-250-00\/#breadcrumb\"},\"inLanguage\":\"en-US\",\"potentialAction\":[{\"@type\":\"ReadAction\",\"target\":[\"https:\/\/www.swissraft.ch\/en\/product\/plane-flight-from-epagny-les-3-lacs-60-min-from-chf-250-00\/\"]}]},{\"@type\":\"ImageObject\",\"inLanguage\":\"en-US\",\"@id\":\"https:\/\/www.swissraft.ch\/en\/product\/plane-flight-from-epagny-les-3-lacs-60-min-from-chf-250-00\/#primaryimage\",\"url\":\"https:\/\/www.swissraft.ch\/wp-content\/uploads\/2023\/01\/4-EPAGNY-Die-drei-Seen-776x776-1.jpg\",\"contentUrl\":\"https:\/\/www.swissraft.ch\/wp-content\/uploads\/2023\/01\/4-EPAGNY-Die-drei-Seen-776x776-1.jpg\",\"width\":776,\"height\":776,\"caption\":\"To the 3 lakes by plane from \u00c9pagny\"},{\"@type\":\"BreadcrumbList\",\"@id\":\"https:\/\/www.swissraft.ch\/en\/product\/plane-flight-from-epagny-les-3-lacs-60-min-from-chf-250-00\/#breadcrumb\",\"itemListElement\":[{\"@type\":\"ListItem\",\"position\":1,\"name\":\"Accueil\",\"item\":\"https:\/\/www.swissraft.ch\/en\/\"},{\"@type\":\"ListItem\",\"position\":2,\"name\":\"Store\",\"item\":\"https:\/\/www.swissraft.ch\/en\/store\/\"},{\"@type\":\"ListItem\",\"position\":3,\"name\":\"Flight from \u00c9PAGNY &#8211; THE 3 LAKES &#8211; 60 min. &#8211; Ab CHF 150.00\"}]},{\"@type\":\"WebSite\",\"@id\":\"https:\/\/www.swissraft.ch\/en\/#website\",\"url\":\"https:\/\/www.swissraft.ch\/en\/\",\"name\":\"Swissraft\",\"description\":\"To enjoy nature as it is\",\"publisher\":{\"@id\":\"https:\/\/www.swissraft.ch\/en\/#organization\"},\"potentialAction\":[{\"@type\":\"SearchAction\",\"target\":{\"@type\":\"EntryPoint\",\"urlTemplate\":\"https:\/\/www.swissraft.ch\/en\/?s={search_term_string}\"},\"query-input\":{\"@type\":\"PropertyValueSpecification\",\"valueRequired\":true,\"valueName\":\"search_term_string\"}}],\"inLanguage\":\"en-US\"},{\"@type\":\"Organization\",\"@id\":\"https:\/\/www.swissraft.ch\/en\/#organization\",\"name\":\"Swissraft\",\"url\":\"https:\/\/www.swissraft.ch\/en\/\",\"logo\":{\"@type\":\"ImageObject\",\"inLanguage\":\"en-US\",\"@id\":\"https:\/\/www.swissraft.ch\/en\/#\/schema\/logo\/image\/\",\"url\":\"https:\/\/www.swissraft.ch\/wp-content\/uploads\/2025\/09\/Capture.jpg\",\"contentUrl\":\"https:\/\/www.swissraft.ch\/wp-content\/uploads\/2025\/09\/Capture.jpg\",\"width\":293,\"height\":108,\"caption\":\"Swissraft\"},\"image\":{\"@id\":\"https:\/\/www.swissraft.ch\/en\/#\/schema\/logo\/image\/\"}}]}<\/script>\n<!-- \/ Yoast SEO plugin. -->","yoast_head_json":{"title":"The three lakes by plane from \u00c9pagny for a 60-minute flight.","description":"Fly over the three lakes from \u00c9pagny for a 60-minute flight. You take off from \u00c9pagny to fly over lakes Neuch\u00e2tel, Biel and Murten.","robots":{"index":"index","follow":"follow","max-snippet":"max-snippet:-1","max-image-preview":"max-image-preview:large","max-video-preview":"max-video-preview:-1"},"canonical":"https:\/\/www.swissraft.ch\/en\/product\/plane-flight-from-epagny-les-3-lacs-60-min-from-chf-250-00\/","og_locale":"en_US","og_type":"article","og_title":"The three lakes by plane from \u00c9pagny for a 60-minute flight.","og_description":"Fly over the three lakes from \u00c9pagny for a 60-minute flight. You take off from \u00c9pagny to fly over lakes Neuch\u00e2tel, Biel and Murten.","og_url":"https:\/\/www.swissraft.ch\/en\/product\/plane-flight-from-epagny-les-3-lacs-60-min-from-chf-250-00\/","og_site_name":"Swissraft","article_modified_time":"2025-12-19T04:49:45+00:00","og_image":[{"width":776,"height":776,"url":"https:\/\/www.swissraft.ch\/wp-content\/uploads\/2023\/01\/4-EPAGNY-Die-drei-Seen-776x776-1.jpg","type":"image\/jpeg"}],"twitter_card":"summary_large_image","twitter_misc":{"Est. reading time":"1 minute"},"schema":{"@context":"https:\/\/schema.org","@graph":[{"@type":"WebPage","@id":"https:\/\/www.swissraft.ch\/en\/product\/plane-flight-from-epagny-les-3-lacs-60-min-from-chf-250-00\/","url":"https:\/\/www.swissraft.ch\/en\/product\/plane-flight-from-epagny-les-3-lacs-60-min-from-chf-250-00\/","name":"The three lakes by plane from \u00c9pagny for a 60-minute flight.","isPartOf":{"@id":"https:\/\/www.swissraft.ch\/en\/#website"},"primaryImageOfPage":{"@id":"https:\/\/www.swissraft.ch\/en\/product\/plane-flight-from-epagny-les-3-lacs-60-min-from-chf-250-00\/#primaryimage"},"image":{"@id":"https:\/\/www.swissraft.ch\/en\/product\/plane-flight-from-epagny-les-3-lacs-60-min-from-chf-250-00\/#primaryimage"},"thumbnailUrl":"https:\/\/www.swissraft.ch\/wp-content\/uploads\/2023\/01\/4-EPAGNY-Die-drei-Seen-776x776-1.jpg","datePublished":"2023-01-17T10:02:05+00:00","dateModified":"2025-12-19T04:49:45+00:00","description":"Fly over the three lakes from \u00c9pagny for a 60-minute flight. You take off from \u00c9pagny to fly over lakes Neuch\u00e2tel, Biel and Murten.","breadcrumb":{"@id":"https:\/\/www.swissraft.ch\/en\/product\/plane-flight-from-epagny-les-3-lacs-60-min-from-chf-250-00\/#breadcrumb"},"inLanguage":"en-US","potentialAction":[{"@type":"ReadAction","target":["https:\/\/www.swissraft.ch\/en\/product\/plane-flight-from-epagny-les-3-lacs-60-min-from-chf-250-00\/"]}]},{"@type":"ImageObject","inLanguage":"en-US","@id":"https:\/\/www.swissraft.ch\/en\/product\/plane-flight-from-epagny-les-3-lacs-60-min-from-chf-250-00\/#primaryimage","url":"https:\/\/www.swissraft.ch\/wp-content\/uploads\/2023\/01\/4-EPAGNY-Die-drei-Seen-776x776-1.jpg","contentUrl":"https:\/\/www.swissraft.ch\/wp-content\/uploads\/2023\/01\/4-EPAGNY-Die-drei-Seen-776x776-1.jpg","width":776,"height":776,"caption":"To the 3 lakes by plane from \u00c9pagny"},{"@type":"BreadcrumbList","@id":"https:\/\/www.swissraft.ch\/en\/product\/plane-flight-from-epagny-les-3-lacs-60-min-from-chf-250-00\/#breadcrumb","itemListElement":[{"@type":"ListItem","position":1,"name":"Accueil","item":"https:\/\/www.swissraft.ch\/en\/"},{"@type":"ListItem","position":2,"name":"Store","item":"https:\/\/www.swissraft.ch\/en\/store\/"},{"@type":"ListItem","position":3,"name":"Flight from \u00c9PAGNY &#8211; THE 3 LAKES &#8211; 60 min. &#8211; Ab CHF 150.00"}]},{"@type":"WebSite","@id":"https:\/\/www.swissraft.ch\/en\/#website","url":"https:\/\/www.swissraft.ch\/en\/","name":"Swissraft","description":"To enjoy nature as it is","publisher":{"@id":"https:\/\/www.swissraft.ch\/en\/#organization"},"potentialAction":[{"@type":"SearchAction","target":{"@type":"EntryPoint","urlTemplate":"https:\/\/www.swissraft.ch\/en\/?s={search_term_string}"},"query-input":{"@type":"PropertyValueSpecification","valueRequired":true,"valueName":"search_term_string"}}],"inLanguage":"en-US"},{"@type":"Organization","@id":"https:\/\/www.swissraft.ch\/en\/#organization","name":"Swissraft","url":"https:\/\/www.swissraft.ch\/en\/","logo":{"@type":"ImageObject","inLanguage":"en-US","@id":"https:\/\/www.swissraft.ch\/en\/#\/schema\/logo\/image\/","url":"https:\/\/www.swissraft.ch\/wp-content\/uploads\/2025\/09\/Capture.jpg","contentUrl":"https:\/\/www.swissraft.ch\/wp-content\/uploads\/2025\/09\/Capture.jpg","width":293,"height":108,"caption":"Swissraft"},"image":{"@id":"https:\/\/www.swissraft.ch\/en\/#\/schema\/logo\/image\/"}}]}},"_links":{"self":[{"href":"https:\/\/www.swissraft.ch\/en\/wp-json\/wp\/v2\/product\/93007","targetHints":{"allow":["GET"]}}],"collection":[{"href":"https:\/\/www.swissraft.ch\/en\/wp-json\/wp\/v2\/product"}],"about":[{"href":"https:\/\/www.swissraft.ch\/en\/wp-json\/wp\/v2\/types\/product"}],"replies":[{"embeddable":true,"href":"https:\/\/www.swissraft.ch\/en\/wp-json\/wp\/v2\/comments?post=93007"}],"version-history":[{"count":5,"href":"https:\/\/www.swissraft.ch\/en\/wp-json\/wp\/v2\/product\/93007\/revisions"}],"predecessor-version":[{"id":124352,"href":"https:\/\/www.swissraft.ch\/en\/wp-json\/wp\/v2\/product\/93007\/revisions\/124352"}],"wp:featuredmedia":[{"embeddable":true,"href":"https:\/\/www.swissraft.ch\/en\/wp-json\/wp\/v2\/media\/88431"}],"wp:attachment":[{"href":"https:\/\/www.swissraft.ch\/en\/wp-json\/wp\/v2\/media?parent=93007"}],"wp:term":[{"taxonomy":"product_cat","embeddable":true,"href":"https:\/\/www.swissraft.ch\/en\/wp-json\/wp\/v2\/product_cat?post=93007"},{"taxonomy":"product_tag","embeddable":true,"href":"https:\/\/www.swissraft.ch\/en\/wp-json\/wp\/v2\/product_tag?post=93007"}],"curies":[{"name":"wp","href":"https:\/\/api.w.org\/{rel}","templated":true}]}}