{"id":93002,"date":"2023-01-17T10:33:07","date_gmt":"2023-01-17T09:33:07","guid":{"rendered":"https:\/\/swissraft.xyanzkdne.eu\/product\/baptism-flight-from-epagny-20-min-from-chf-49-00\/"},"modified":"2025-12-19T01:52:03","modified_gmt":"2025-12-19T00:52:03","slug":"baptism-flight-from-epagny-20-min-from-chf-49-00","status":"publish","type":"product","link":"https:\/\/www.swissraft.ch\/en\/product\/baptism-flight-from-epagny-20-min-from-chf-49-00\/","title":{"rendered":"Baptism flight from \u00c9PAGNY &#8211; 20 min. &#8211; From CHF 49.00"},"content":{"rendered":"\t\t<div data-elementor-type=\"wp-post\" data-elementor-id=\"93002\" class=\"elementor elementor-93002 elementor-30398\">\n\t\t\t\t\t\t\t\t\t<section class=\"elementor-section elementor-top-section elementor-element elementor-element-3303a7e3 elementor-section-boxed elementor-section-height-default elementor-section-height-default\" data-id=\"3303a7e3\" data-element_type=\"section\">\n\t\t\t\t\t\t<div class=\"elementor-container elementor-column-gap-default\">\n\t\t\t\t\t<div class=\"elementor-column elementor-col-100 elementor-top-column elementor-element elementor-element-16d72dbf\" data-id=\"16d72dbf\" data-element_type=\"column\">\n\t\t\t<div class=\"elementor-widget-wrap elementor-element-populated\">\n\t\t\t\t\t\t\t\t<div class=\"elementor-element elementor-element-d743c03 elementor-widget elementor-widget-text-editor\" data-id=\"d743c03\" data-element_type=\"widget\" data-widget_type=\"text-editor.default\">\n\t\t\t\t<div class=\"elementor-widget-container\">\n\t\t\t\t\t\t\t<h2>CHOOSE YOUR ACTIVITY BELOW TO OFFER GIFT VOUCHERS \/ TICKETS OR MAKE A RESERVATION<\/h2>\n<table border=\"0\" width=\"580\" cellspacing=\"10\" cellpadding=\"10\">\n<tbody>\n<tr>\n<td width=\"50%\"><strong>AIR BAPTISM &#8211; (1-5 pers.) &#8211; 20 min.<\/strong><\/td>\n<td><strong>From CHF 49.00 per person<span class=\"productPrice\"><br \/><\/span><\/strong><\/td>\n<\/tr>\n<tr>\n<td>Further information<\/td>\n<td><span class=\"patt\">&#8211; Children 5 to 12 years<br \/>&#8211; Maximum 5 pers. including 2 children <br \/>&#8211; Max. weight 60 kg total for children<br \/>&#8211; Max. height per child 1.50 m<br \/><\/span><\/td>\n<\/tr>\n<tr>\n<td>Airfield<\/td>\n<td><a href=\"https:\/\/www.google.com\/maps\/place\/46%C2%B035'44.0%22N+7%C2%B005'36.3%22E\/@46.5958455,7.0846888,1551m\/data=!3m1!1e3!4m4!3m3!8m2!3d46.5955556!4d7.0934167?entry=ttu\" target=\"_blank\" rel=\"noopener\">\u00c9pagny<\/a><\/td>\n<\/tr>\n<tr>\n<td>Flying time<\/td>\n<td>20 min.<\/td>\n<\/tr>\n<tr>\n<td>Total duration<\/td>\n<td>approx. 50 min.<\/td>\n<\/tr>\n<tr>\n<td>Appointment<\/td>\n<td>By phone<\/td>\n<\/tr>\n<tr>\n<td><button class=\"elementor-button\" type=\"button\"><a href=\"https:\/\/swissraft.outdoorbooking.ch\/fo\/products\/1682?base_id=252&amp;category_id=22&amp;order_type=gift_voucher&amp;lang=en\" target=\"_blank\" rel=\"noopener\">PURCHASE GIFT VOUCHER \/ TICKET<\/a> <\/button> <\/td>\n<td><strong>CHF 49.00<\/strong>\/pers.<\/td>\n<\/tr>\n<tr>\n<td><a href=\"https:\/\/swissraft.outdoorbooking.ch\/fo\/products\/1688?base_id=253&amp;category_id=22&amp;order_type=gift_voucher&amp;lang=en\" target=\"_blank\" rel=\"noopener\"><button class=\"elementor-button\" type=\"button\">PURCHASE GIFT VOUCHER \/ TICKET<\/button> <\/a> <\/td>\n<td> <strong>CHF 147.00 &#8211; Private flight (1-3 pers.)<\/strong> <\/td>\n<\/tr>\n<tr>\n<td><a href=\"https:\/\/swissraft.outdoorbooking.ch\/fo\/products\/1711?base_id=255&amp;category_id=22&amp;order_type=gift_voucher&amp;lang=en\" target=\"_blank\" rel=\"noopener\"><button class=\"elementor-button\" type=\"button\">PURCHASE GIFT VOUCHER \/ TICKET<\/button> <\/a> <\/td>\n<td> <strong>CHF 245.00 &#8211; Private flight (3 adul. + 2 kids)<\/strong> <\/td>\n<\/tr>\n<tr>\n<td> <\/td>\n<td>To book <span class=\"patt\" style=\"font-family: inherit; font-size: inherit;\"><span class=\"plbl\"><span class=\"patt\"><a href=\"https:\/\/www.swissraft.ch\/en\/contact\/\">: Contact us<\/a><\/span><\/span><\/span><\/td>\n<\/tr>\n<\/tbody>\n<\/table>\n\t\t\t\t\t\t<\/div>\n\t\t\t\t<\/div>\n\t\t\t\t\t<\/div>\n\t\t<\/div>\n\t\t\t\t\t\t\t<\/div>\n\t\t<\/section>\n\t\t\t\t\t\t\t<\/div>\n\t\t","protected":false},"excerpt":{"rendered":"<div align=\"justify\">\n<h2 align=\"justify\">Depart from \u00c9pagny for a 20-minute first flight in a passenger plane.<\/h2>\n<h3>Discover flying in a small plane on a tour over the Gruy\u00e8re region.<\/h3>\n<\/div>\n<div align=\"justify\">\n<p>From the \u00c9pagny aerodrome, fly over the Gruy\u00e8re region with our pilot. What&#8217;s more, for your first flight our pilot is particularly attentive, so that you can fully enjoy your flight. After a 20-minute flight, you return to \u00c9pagny airfield.<\/p>\n<h3>Departing from \u00c9pagny, swissraft offers 6 circuits and \u00e0 la carte flights.<\/h3>\n<p id=\"textarea\" style=\"display: none;\">\nWe also operate pleasure flights from Biel airfield in the canton of Berne. On the one hand, we operate pleasure flights from Berne-Belp international airport. We also offer air tours departing from Grenchen airfield. But also flights to Aargau from Buttwil. We also have pleasure flights in the canton of St. Moritz. Gall from Sch\u00e4nis airfield.\n<\/p>\n<p><a id=\"seeMore\" onclick=\"toggleSeeMore()\" href=\"javascript:void(0);\">Read more<\/a><\/p>\n","protected":false},"featured_media":88338,"comment_status":"open","ping_status":"closed","template":"","meta":{"inline_featured_image":false,"_mi_skip_tracking":false},"product_cat":[552,426],"product_tag":[],"class_list":["post-93002","product","type-product","status-publish","has-post-thumbnail","hentry","product_cat-plane-epagny","product_cat-flying-plane"],"yoast_head":"<!-- This site is optimized with the Yoast SEO plugin v23.6 - https:\/\/yoast.com\/wordpress\/plugins\/seo\/ -->\n<title>Baptism of the air - 20 min. from \u00c9pagny by tourist plane<\/title>\n<meta name=\"description\" content=\"Baptism of the air - 20 min. from \u00c9pagny-min. Take off for a 20-minute flight over Gruy\u00e8re and the Fribourg Pre-Alps.\" \/>\n<meta name=\"robots\" content=\"index, follow, max-snippet:-1, max-image-preview:large, max-video-preview:-1\" \/>\n<link rel=\"canonical\" href=\"https:\/\/www.swissraft.ch\/en\/product\/baptism-flight-from-epagny-20-min-from-chf-49-00\/\" \/>\n<meta property=\"og:locale\" content=\"en_US\" \/>\n<meta property=\"og:type\" content=\"article\" \/>\n<meta property=\"og:title\" content=\"Baptism of the air - 20 min. from \u00c9pagny by tourist plane\" \/>\n<meta property=\"og:description\" content=\"Baptism of the air - 20 min. from \u00c9pagny-min. Take off for a 20-minute flight over Gruy\u00e8re and the Fribourg Pre-Alps.\" \/>\n<meta property=\"og:url\" content=\"https:\/\/www.swissraft.ch\/en\/product\/baptism-flight-from-epagny-20-min-from-chf-49-00\/\" \/>\n<meta property=\"og:site_name\" content=\"Swissraft\" \/>\n<meta property=\"article:modified_time\" content=\"2025-12-19T00:52:03+00:00\" \/>\n<meta property=\"og:image\" content=\"https:\/\/www.swissraft.ch\/wp-content\/uploads\/2023\/01\/1-EPAGNY-Flugtaufe-776x776-1.jpg\" \/>\n\t<meta property=\"og:image:width\" content=\"776\" \/>\n\t<meta property=\"og:image:height\" content=\"776\" \/>\n\t<meta property=\"og:image:type\" content=\"image\/jpeg\" \/>\n<meta name=\"twitter:card\" content=\"summary_large_image\" \/>\n<script type=\"application\/ld+json\" class=\"yoast-schema-graph\">{\"@context\":\"https:\/\/schema.org\",\"@graph\":[{\"@type\":\"WebPage\",\"@id\":\"https:\/\/www.swissraft.ch\/en\/product\/baptism-flight-from-epagny-20-min-from-chf-49-00\/\",\"url\":\"https:\/\/www.swissraft.ch\/en\/product\/baptism-flight-from-epagny-20-min-from-chf-49-00\/\",\"name\":\"Baptism of the air - 20 min. from \u00c9pagny by tourist plane\",\"isPartOf\":{\"@id\":\"https:\/\/www.swissraft.ch\/en\/#website\"},\"primaryImageOfPage\":{\"@id\":\"https:\/\/www.swissraft.ch\/en\/product\/baptism-flight-from-epagny-20-min-from-chf-49-00\/#primaryimage\"},\"image\":{\"@id\":\"https:\/\/www.swissraft.ch\/en\/product\/baptism-flight-from-epagny-20-min-from-chf-49-00\/#primaryimage\"},\"thumbnailUrl\":\"https:\/\/www.swissraft.ch\/wp-content\/uploads\/2023\/01\/1-EPAGNY-Flugtaufe-776x776-1.jpg\",\"datePublished\":\"2023-01-17T09:33:07+00:00\",\"dateModified\":\"2025-12-19T00:52:03+00:00\",\"description\":\"Baptism of the air - 20 min. from \u00c9pagny-min. Take off for a 20-minute flight over Gruy\u00e8re and the Fribourg Pre-Alps.\",\"breadcrumb\":{\"@id\":\"https:\/\/www.swissraft.ch\/en\/product\/baptism-flight-from-epagny-20-min-from-chf-49-00\/#breadcrumb\"},\"inLanguage\":\"en-US\",\"potentialAction\":[{\"@type\":\"ReadAction\",\"target\":[\"https:\/\/www.swissraft.ch\/en\/product\/baptism-flight-from-epagny-20-min-from-chf-49-00\/\"]}]},{\"@type\":\"ImageObject\",\"inLanguage\":\"en-US\",\"@id\":\"https:\/\/www.swissraft.ch\/en\/product\/baptism-flight-from-epagny-20-min-from-chf-49-00\/#primaryimage\",\"url\":\"https:\/\/www.swissraft.ch\/wp-content\/uploads\/2023\/01\/1-EPAGNY-Flugtaufe-776x776-1.jpg\",\"contentUrl\":\"https:\/\/www.swissraft.ch\/wp-content\/uploads\/2023\/01\/1-EPAGNY-Flugtaufe-776x776-1.jpg\",\"width\":776,\"height\":776,\"caption\":\"Baptism flight from \u00c9pagny\"},{\"@type\":\"BreadcrumbList\",\"@id\":\"https:\/\/www.swissraft.ch\/en\/product\/baptism-flight-from-epagny-20-min-from-chf-49-00\/#breadcrumb\",\"itemListElement\":[{\"@type\":\"ListItem\",\"position\":1,\"name\":\"Accueil\",\"item\":\"https:\/\/www.swissraft.ch\/en\/\"},{\"@type\":\"ListItem\",\"position\":2,\"name\":\"Store\",\"item\":\"https:\/\/www.swissraft.ch\/en\/store\/\"},{\"@type\":\"ListItem\",\"position\":3,\"name\":\"Baptism flight from \u00c9PAGNY &#8211; 20 min. &#8211; From CHF 49.00\"}]},{\"@type\":\"WebSite\",\"@id\":\"https:\/\/www.swissraft.ch\/en\/#website\",\"url\":\"https:\/\/www.swissraft.ch\/en\/\",\"name\":\"Swissraft\",\"description\":\"To enjoy nature as it is\",\"publisher\":{\"@id\":\"https:\/\/www.swissraft.ch\/en\/#organization\"},\"potentialAction\":[{\"@type\":\"SearchAction\",\"target\":{\"@type\":\"EntryPoint\",\"urlTemplate\":\"https:\/\/www.swissraft.ch\/en\/?s={search_term_string}\"},\"query-input\":{\"@type\":\"PropertyValueSpecification\",\"valueRequired\":true,\"valueName\":\"search_term_string\"}}],\"inLanguage\":\"en-US\"},{\"@type\":\"Organization\",\"@id\":\"https:\/\/www.swissraft.ch\/en\/#organization\",\"name\":\"Swissraft\",\"url\":\"https:\/\/www.swissraft.ch\/en\/\",\"logo\":{\"@type\":\"ImageObject\",\"inLanguage\":\"en-US\",\"@id\":\"https:\/\/www.swissraft.ch\/en\/#\/schema\/logo\/image\/\",\"url\":\"https:\/\/www.swissraft.ch\/wp-content\/uploads\/2025\/09\/Capture.jpg\",\"contentUrl\":\"https:\/\/www.swissraft.ch\/wp-content\/uploads\/2025\/09\/Capture.jpg\",\"width\":293,\"height\":108,\"caption\":\"Swissraft\"},\"image\":{\"@id\":\"https:\/\/www.swissraft.ch\/en\/#\/schema\/logo\/image\/\"}}]}<\/script>\n<!-- \/ Yoast SEO plugin. -->","yoast_head_json":{"title":"Baptism of the air - 20 min. from \u00c9pagny by tourist plane","description":"Baptism of the air - 20 min. from \u00c9pagny-min. Take off for a 20-minute flight over Gruy\u00e8re and the Fribourg Pre-Alps.","robots":{"index":"index","follow":"follow","max-snippet":"max-snippet:-1","max-image-preview":"max-image-preview:large","max-video-preview":"max-video-preview:-1"},"canonical":"https:\/\/www.swissraft.ch\/en\/product\/baptism-flight-from-epagny-20-min-from-chf-49-00\/","og_locale":"en_US","og_type":"article","og_title":"Baptism of the air - 20 min. from \u00c9pagny by tourist plane","og_description":"Baptism of the air - 20 min. from \u00c9pagny-min. Take off for a 20-minute flight over Gruy\u00e8re and the Fribourg Pre-Alps.","og_url":"https:\/\/www.swissraft.ch\/en\/product\/baptism-flight-from-epagny-20-min-from-chf-49-00\/","og_site_name":"Swissraft","article_modified_time":"2025-12-19T00:52:03+00:00","og_image":[{"width":776,"height":776,"url":"https:\/\/www.swissraft.ch\/wp-content\/uploads\/2023\/01\/1-EPAGNY-Flugtaufe-776x776-1.jpg","type":"image\/jpeg"}],"twitter_card":"summary_large_image","schema":{"@context":"https:\/\/schema.org","@graph":[{"@type":"WebPage","@id":"https:\/\/www.swissraft.ch\/en\/product\/baptism-flight-from-epagny-20-min-from-chf-49-00\/","url":"https:\/\/www.swissraft.ch\/en\/product\/baptism-flight-from-epagny-20-min-from-chf-49-00\/","name":"Baptism of the air - 20 min. from \u00c9pagny by tourist plane","isPartOf":{"@id":"https:\/\/www.swissraft.ch\/en\/#website"},"primaryImageOfPage":{"@id":"https:\/\/www.swissraft.ch\/en\/product\/baptism-flight-from-epagny-20-min-from-chf-49-00\/#primaryimage"},"image":{"@id":"https:\/\/www.swissraft.ch\/en\/product\/baptism-flight-from-epagny-20-min-from-chf-49-00\/#primaryimage"},"thumbnailUrl":"https:\/\/www.swissraft.ch\/wp-content\/uploads\/2023\/01\/1-EPAGNY-Flugtaufe-776x776-1.jpg","datePublished":"2023-01-17T09:33:07+00:00","dateModified":"2025-12-19T00:52:03+00:00","description":"Baptism of the air - 20 min. from \u00c9pagny-min. Take off for a 20-minute flight over Gruy\u00e8re and the Fribourg Pre-Alps.","breadcrumb":{"@id":"https:\/\/www.swissraft.ch\/en\/product\/baptism-flight-from-epagny-20-min-from-chf-49-00\/#breadcrumb"},"inLanguage":"en-US","potentialAction":[{"@type":"ReadAction","target":["https:\/\/www.swissraft.ch\/en\/product\/baptism-flight-from-epagny-20-min-from-chf-49-00\/"]}]},{"@type":"ImageObject","inLanguage":"en-US","@id":"https:\/\/www.swissraft.ch\/en\/product\/baptism-flight-from-epagny-20-min-from-chf-49-00\/#primaryimage","url":"https:\/\/www.swissraft.ch\/wp-content\/uploads\/2023\/01\/1-EPAGNY-Flugtaufe-776x776-1.jpg","contentUrl":"https:\/\/www.swissraft.ch\/wp-content\/uploads\/2023\/01\/1-EPAGNY-Flugtaufe-776x776-1.jpg","width":776,"height":776,"caption":"Baptism flight from \u00c9pagny"},{"@type":"BreadcrumbList","@id":"https:\/\/www.swissraft.ch\/en\/product\/baptism-flight-from-epagny-20-min-from-chf-49-00\/#breadcrumb","itemListElement":[{"@type":"ListItem","position":1,"name":"Accueil","item":"https:\/\/www.swissraft.ch\/en\/"},{"@type":"ListItem","position":2,"name":"Store","item":"https:\/\/www.swissraft.ch\/en\/store\/"},{"@type":"ListItem","position":3,"name":"Baptism flight from \u00c9PAGNY &#8211; 20 min. &#8211; From CHF 49.00"}]},{"@type":"WebSite","@id":"https:\/\/www.swissraft.ch\/en\/#website","url":"https:\/\/www.swissraft.ch\/en\/","name":"Swissraft","description":"To enjoy nature as it is","publisher":{"@id":"https:\/\/www.swissraft.ch\/en\/#organization"},"potentialAction":[{"@type":"SearchAction","target":{"@type":"EntryPoint","urlTemplate":"https:\/\/www.swissraft.ch\/en\/?s={search_term_string}"},"query-input":{"@type":"PropertyValueSpecification","valueRequired":true,"valueName":"search_term_string"}}],"inLanguage":"en-US"},{"@type":"Organization","@id":"https:\/\/www.swissraft.ch\/en\/#organization","name":"Swissraft","url":"https:\/\/www.swissraft.ch\/en\/","logo":{"@type":"ImageObject","inLanguage":"en-US","@id":"https:\/\/www.swissraft.ch\/en\/#\/schema\/logo\/image\/","url":"https:\/\/www.swissraft.ch\/wp-content\/uploads\/2025\/09\/Capture.jpg","contentUrl":"https:\/\/www.swissraft.ch\/wp-content\/uploads\/2025\/09\/Capture.jpg","width":293,"height":108,"caption":"Swissraft"},"image":{"@id":"https:\/\/www.swissraft.ch\/en\/#\/schema\/logo\/image\/"}}]}},"_links":{"self":[{"href":"https:\/\/www.swissraft.ch\/en\/wp-json\/wp\/v2\/product\/93002","targetHints":{"allow":["GET"]}}],"collection":[{"href":"https:\/\/www.swissraft.ch\/en\/wp-json\/wp\/v2\/product"}],"about":[{"href":"https:\/\/www.swissraft.ch\/en\/wp-json\/wp\/v2\/types\/product"}],"replies":[{"embeddable":true,"href":"https:\/\/www.swissraft.ch\/en\/wp-json\/wp\/v2\/comments?post=93002"}],"version-history":[{"count":4,"href":"https:\/\/www.swissraft.ch\/en\/wp-json\/wp\/v2\/product\/93002\/revisions"}],"predecessor-version":[{"id":124264,"href":"https:\/\/www.swissraft.ch\/en\/wp-json\/wp\/v2\/product\/93002\/revisions\/124264"}],"wp:featuredmedia":[{"embeddable":true,"href":"https:\/\/www.swissraft.ch\/en\/wp-json\/wp\/v2\/media\/88338"}],"wp:attachment":[{"href":"https:\/\/www.swissraft.ch\/en\/wp-json\/wp\/v2\/media?parent=93002"}],"wp:term":[{"taxonomy":"product_cat","embeddable":true,"href":"https:\/\/www.swissraft.ch\/en\/wp-json\/wp\/v2\/product_cat?post=93002"},{"taxonomy":"product_tag","embeddable":true,"href":"https:\/\/www.swissraft.ch\/en\/wp-json\/wp\/v2\/product_tag?post=93002"}],"curies":[{"name":"wp","href":"https:\/\/api.w.org\/{rel}","templated":true}]}}