{"id":92974,"date":"2023-01-11T17:12:13","date_gmt":"2023-01-11T16:12:13","guid":{"rendered":"https:\/\/swissraft.xyanzkdne.eu\/product\/plane-flight-from-bienne-lucerne-and-pilatus-60-min-from-chf-400-00\/"},"modified":"2024-11-20T09:32:51","modified_gmt":"2024-11-20T08:32:51","slug":"plane-flight-from-bienne-lucerne-and-pilatus-60-min-from-chf-400-00","status":"publish","type":"product","link":"https:\/\/www.swissraft.ch\/en\/product\/plane-flight-from-bienne-lucerne-and-pilatus-60-min-from-chf-400-00\/","title":{"rendered":"Plane flight from BIENNE &#8211; LUCERNE AND PILATUS &#8211; 60 min. &#8211; From CHF 400.00"},"content":{"rendered":"\t\t<div data-elementor-type=\"wp-post\" data-elementor-id=\"92974\" class=\"elementor elementor-92974 elementor-30365\">\n\t\t\t\t\t\t\t\t\t<section class=\"elementor-section elementor-top-section elementor-element elementor-element-3303a7e3 elementor-section-boxed elementor-section-height-default elementor-section-height-default\" data-id=\"3303a7e3\" data-element_type=\"section\">\n\t\t\t\t\t\t<div class=\"elementor-container elementor-column-gap-default\">\n\t\t\t\t\t<div class=\"elementor-column elementor-col-100 elementor-top-column elementor-element elementor-element-16d72dbf\" data-id=\"16d72dbf\" data-element_type=\"column\">\n\t\t\t<div class=\"elementor-widget-wrap elementor-element-populated\">\n\t\t\t\t\t\t\t\t<div class=\"elementor-element elementor-element-d743c03 elementor-widget elementor-widget-text-editor\" data-id=\"d743c03\" data-element_type=\"widget\" data-widget_type=\"text-editor.default\">\n\t\t\t\t<div class=\"elementor-widget-container\">\n\t\t\t\t\t\t\t<h2>CHOOSE YOUR ACTIVITY BELOW TO OFFER GIFT VOUCHERS \/ TICKETS OR MAKE A RESERVATION<\/h2>\n<table border=\"0\" width=\"580\" cellspacing=\"10\" cellpadding=\"10\">\n<tbody>\n<tr>\n<td width=\"50%\"><strong>LUCERNE AND PILATUS &#8211; PRIVATE FLIGHT (1-2 pers.) &#8211; 60 min.<\/strong><\/td>\n<td><strong>CHF 400.00 per private flight<span class=\"productPrice\"><br \/><\/span><\/strong><\/td>\n<\/tr>\n<tr>\n<td>Further information<\/td>\n<td><span class=\"patt\">&#8211; You can use the aircraft exclusively for yourself<br \/>&#8211; You set the departure date and time<br \/><\/span><span class=\"patt\">&#8211; Maximum 3 pers. including 1 child from 2 to 12 years old <\/span><\/td>\n<\/tr>\n<tr>\n<td>Aerodrome<\/td>\n<td><a href=\"https:\/\/www.google.com\/maps\/place\/47%C2%B005'27.9%22N+7%C2%B017'27.8%22E\/@47.0912114,7.2867544,768m\/data=!3m1!1e3!4m4!3m3!8m2!3d47.0910833!4d7.2910556?entry=ttu\" target=\"_blank\" rel=\"noopener\">Biel<\/a><\/td>\n<\/tr>\n<tr>\n<td>Flying time<\/td>\n<td>60 min.<\/td>\n<\/tr>\n<tr>\n<td>Total duration<\/td>\n<td>approx. 1h30<\/td>\n<\/tr>\n<tr>\n<td>Rendez-vous<\/td>\n<td>Par t\u00e9l\u00e9phone<\/td>\n<\/tr>\n<tr>\n<td><button class=\"elementor-button\" type=\"button\"><a href=\"https:\/\/swissraft.outdoorbooking.ch\/fo\/products\/171?base_id=26&amp;category_id=22&amp;order_type=gift_voucher&amp;lang=en\" target=\"_blank\" rel=\"noopener\">GIFT VOUCHER<\/a><\/button><\/td>\n<td><strong>CHF 400.00 &#8211; PRIVATE FLIGHT &#8211; 60 min. (1-2 pers.) <\/strong><\/td>\n<\/tr>\n<tr>\n<td><button class=\"elementor-button\" type=\"button\"><a href=\"https:\/\/swissraft.outdoorbooking.ch\/fo\/products\/1455?base_id=26&amp;category_id=22&amp;order_type=gift_voucher&amp;lang=en\" target=\"_blank\" rel=\"noopener\">GIFT VOUCHER<\/a><\/button><\/td>\n<td><strong>CHF 500.00 &#8211; PRIVATE FLIGHT &#8211; 60 min. (2 adults + 1 child) <\/strong><\/td>\n<\/tr>\n<tr>\n<td> <\/td>\n<td>Pour r\u00e9server <span class=\"patt\" style=\"font-family: inherit; font-size: inherit;\"><span class=\"plbl\"><span class=\"patt\"><a href=\"https:\/\/www.swissraft.ch\/en\/contact\/\">contactez-nous<\/a><\/span><\/span><\/span><\/td>\n<\/tr>\n<\/tbody>\n<\/table>\n\t\t\t\t\t\t<\/div>\n\t\t\t\t<\/div>\n\t\t\t\t\t<\/div>\n\t\t<\/div>\n\t\t\t\t\t\t\t<\/div>\n\t\t<\/section>\n\t\t\t\t\t\t\t<\/div>\n\t\t","protected":false},"excerpt":{"rendered":"<div align=\"justify\">\n<h2 align=\"justify\">Take off from Biel for a 60-minute flight to Lucerne and the Emmental.<\/h2>\n<h3>This 60-minute flight aboard our aircraft takes you over the city of Lucerne and the surrounding area.<\/h3>\n<\/div>\n<div align=\"justify\">\n<p>This flight from Biel takes you over Central Switzerland via Burgdorf, the gateway to the Emmental. Then you fly over the famous Pilatus. From here you have a splendid view of Lucerne, Lake Lucerne, the Rigi and the Titlis region. For the return journey, we fly south of Lake Sempach to Langenthal. Then you cross the Limpach valley to return to Biel airfield.<\/p>\n<h3>More than 35 flight itineraries are available on the Swissraft website.<\/h3>\n<p id=\"textarea\" style=\"display: none;\">\nWhat&#8217;s more, we take off from Berne-Belp international airport. But also from Buttwil airfield in the canton of Aargau. We also offer sightseeing flights from Grenchen airfield in the canton of Solothurn. We also take off from \u00c9pagny en Gruy\u00e8re in the canton of Fribourg. But also in the canton of St. Gallen. Gall we have flights from Sch\u00e4nis.\n<\/p>\n<p><a id=\"seeMore\" onclick=\"toggleSeeMore()\" href=\"javascript:void(0);\">Read more<\/a><\/p>\n","protected":false},"featured_media":88140,"comment_status":"open","ping_status":"closed","template":"","meta":{"inline_featured_image":false,"_mi_skip_tracking":false},"product_cat":[551,426],"product_tag":[],"class_list":["post-92974","product","type-product","status-publish","has-post-thumbnail","hentry","product_cat-plane-bienne","product_cat-flying"],"yoast_head":"<!-- This site is optimized with the Yoast SEO plugin v23.6 - https:\/\/yoast.com\/wordpress\/plugins\/seo\/ -->\n<title>Lucerne and Pilatus by plane from Biel\/Bienne. 50-minute flight<\/title>\n<meta name=\"description\" content=\"Lucerne and Pilatus by plane from Biel. A 60-minute flight over the city of Lucerne and the surrounding Emmental region.\" \/>\n<meta name=\"robots\" content=\"index, follow, max-snippet:-1, max-image-preview:large, max-video-preview:-1\" \/>\n<link rel=\"canonical\" href=\"https:\/\/www.swissraft.ch\/en\/product\/plane-flight-from-bienne-lucerne-and-pilatus-60-min-from-chf-400-00\/\" \/>\n<meta property=\"og:locale\" content=\"en_US\" \/>\n<meta property=\"og:type\" content=\"article\" \/>\n<meta property=\"og:title\" content=\"Lucerne and Pilatus by plane from Biel\/Bienne. 50-minute flight\" \/>\n<meta property=\"og:description\" content=\"Lucerne and Pilatus by plane from Biel. A 60-minute flight over the city of Lucerne and the surrounding Emmental region.\" \/>\n<meta property=\"og:url\" content=\"https:\/\/www.swissraft.ch\/en\/product\/plane-flight-from-bienne-lucerne-and-pilatus-60-min-from-chf-400-00\/\" \/>\n<meta property=\"og:site_name\" content=\"Swissraft\" \/>\n<meta property=\"article:modified_time\" content=\"2024-11-20T08:32:51+00:00\" \/>\n<meta property=\"og:image\" content=\"https:\/\/www.swissraft.ch\/wp-content\/uploads\/2023\/01\/07-BIEL-Luzern-Pilatus-Rundflug-776x776-1.jpg\" \/>\n\t<meta property=\"og:image:width\" content=\"776\" \/>\n\t<meta property=\"og:image:height\" content=\"776\" \/>\n\t<meta property=\"og:image:type\" content=\"image\/jpeg\" \/>\n<meta name=\"twitter:card\" content=\"summary_large_image\" \/>\n<script type=\"application\/ld+json\" class=\"yoast-schema-graph\">{\"@context\":\"https:\/\/schema.org\",\"@graph\":[{\"@type\":\"WebPage\",\"@id\":\"https:\/\/www.swissraft.ch\/en\/product\/plane-flight-from-bienne-lucerne-and-pilatus-60-min-from-chf-400-00\/\",\"url\":\"https:\/\/www.swissraft.ch\/en\/product\/plane-flight-from-bienne-lucerne-and-pilatus-60-min-from-chf-400-00\/\",\"name\":\"Lucerne and Pilatus by plane from Biel\/Bienne. 50-minute flight\",\"isPartOf\":{\"@id\":\"https:\/\/www.swissraft.ch\/en\/#website\"},\"primaryImageOfPage\":{\"@id\":\"https:\/\/www.swissraft.ch\/en\/product\/plane-flight-from-bienne-lucerne-and-pilatus-60-min-from-chf-400-00\/#primaryimage\"},\"image\":{\"@id\":\"https:\/\/www.swissraft.ch\/en\/product\/plane-flight-from-bienne-lucerne-and-pilatus-60-min-from-chf-400-00\/#primaryimage\"},\"thumbnailUrl\":\"https:\/\/www.swissraft.ch\/wp-content\/uploads\/2023\/01\/07-BIEL-Luzern-Pilatus-Rundflug-776x776-1.jpg\",\"datePublished\":\"2023-01-11T16:12:13+00:00\",\"dateModified\":\"2024-11-20T08:32:51+00:00\",\"description\":\"Lucerne and Pilatus by plane from Biel. A 60-minute flight over the city of Lucerne and the surrounding Emmental region.\",\"breadcrumb\":{\"@id\":\"https:\/\/www.swissraft.ch\/en\/product\/plane-flight-from-bienne-lucerne-and-pilatus-60-min-from-chf-400-00\/#breadcrumb\"},\"inLanguage\":\"en-US\",\"potentialAction\":[{\"@type\":\"ReadAction\",\"target\":[\"https:\/\/www.swissraft.ch\/en\/product\/plane-flight-from-bienne-lucerne-and-pilatus-60-min-from-chf-400-00\/\"]}]},{\"@type\":\"ImageObject\",\"inLanguage\":\"en-US\",\"@id\":\"https:\/\/www.swissraft.ch\/en\/product\/plane-flight-from-bienne-lucerne-and-pilatus-60-min-from-chf-400-00\/#primaryimage\",\"url\":\"https:\/\/www.swissraft.ch\/wp-content\/uploads\/2023\/01\/07-BIEL-Luzern-Pilatus-Rundflug-776x776-1.jpg\",\"contentUrl\":\"https:\/\/www.swissraft.ch\/wp-content\/uploads\/2023\/01\/07-BIEL-Luzern-Pilatus-Rundflug-776x776-1.jpg\",\"width\":776,\"height\":776,\"caption\":\"Fly from Biel to Lucerne and Pilatus\"},{\"@type\":\"BreadcrumbList\",\"@id\":\"https:\/\/www.swissraft.ch\/en\/product\/plane-flight-from-bienne-lucerne-and-pilatus-60-min-from-chf-400-00\/#breadcrumb\",\"itemListElement\":[{\"@type\":\"ListItem\",\"position\":1,\"name\":\"Accueil\",\"item\":\"https:\/\/www.swissraft.ch\/en\/\"},{\"@type\":\"ListItem\",\"position\":2,\"name\":\"Store\",\"item\":\"https:\/\/www.swissraft.ch\/en\/store\/\"},{\"@type\":\"ListItem\",\"position\":3,\"name\":\"Plane flight from BIENNE &#8211; LUCERNE AND PILATUS &#8211; 60 min. &#8211; From CHF 400.00\"}]},{\"@type\":\"WebSite\",\"@id\":\"https:\/\/www.swissraft.ch\/en\/#website\",\"url\":\"https:\/\/www.swissraft.ch\/en\/\",\"name\":\"Swissraft\",\"description\":\"To enjoy nature as it is\",\"publisher\":{\"@id\":\"https:\/\/www.swissraft.ch\/en\/#organization\"},\"potentialAction\":[{\"@type\":\"SearchAction\",\"target\":{\"@type\":\"EntryPoint\",\"urlTemplate\":\"https:\/\/www.swissraft.ch\/en\/?s={search_term_string}\"},\"query-input\":{\"@type\":\"PropertyValueSpecification\",\"valueRequired\":true,\"valueName\":\"search_term_string\"}}],\"inLanguage\":\"en-US\"},{\"@type\":\"Organization\",\"@id\":\"https:\/\/www.swissraft.ch\/en\/#organization\",\"name\":\"Swissraft\",\"url\":\"https:\/\/www.swissraft.ch\/en\/\",\"logo\":{\"@type\":\"ImageObject\",\"inLanguage\":\"en-US\",\"@id\":\"https:\/\/www.swissraft.ch\/en\/#\/schema\/logo\/image\/\",\"url\":\"https:\/\/www.swissraft.ch\/wp-content\/uploads\/2025\/09\/Capture.jpg\",\"contentUrl\":\"https:\/\/www.swissraft.ch\/wp-content\/uploads\/2025\/09\/Capture.jpg\",\"width\":293,\"height\":108,\"caption\":\"Swissraft\"},\"image\":{\"@id\":\"https:\/\/www.swissraft.ch\/en\/#\/schema\/logo\/image\/\"}}]}<\/script>\n<!-- \/ Yoast SEO plugin. -->","yoast_head_json":{"title":"Lucerne and Pilatus by plane from Biel\/Bienne. 50-minute flight","description":"Lucerne and Pilatus by plane from Biel. A 60-minute flight over the city of Lucerne and the surrounding Emmental region.","robots":{"index":"index","follow":"follow","max-snippet":"max-snippet:-1","max-image-preview":"max-image-preview:large","max-video-preview":"max-video-preview:-1"},"canonical":"https:\/\/www.swissraft.ch\/en\/product\/plane-flight-from-bienne-lucerne-and-pilatus-60-min-from-chf-400-00\/","og_locale":"en_US","og_type":"article","og_title":"Lucerne and Pilatus by plane from Biel\/Bienne. 50-minute flight","og_description":"Lucerne and Pilatus by plane from Biel. A 60-minute flight over the city of Lucerne and the surrounding Emmental region.","og_url":"https:\/\/www.swissraft.ch\/en\/product\/plane-flight-from-bienne-lucerne-and-pilatus-60-min-from-chf-400-00\/","og_site_name":"Swissraft","article_modified_time":"2024-11-20T08:32:51+00:00","og_image":[{"width":776,"height":776,"url":"https:\/\/www.swissraft.ch\/wp-content\/uploads\/2023\/01\/07-BIEL-Luzern-Pilatus-Rundflug-776x776-1.jpg","type":"image\/jpeg"}],"twitter_card":"summary_large_image","schema":{"@context":"https:\/\/schema.org","@graph":[{"@type":"WebPage","@id":"https:\/\/www.swissraft.ch\/en\/product\/plane-flight-from-bienne-lucerne-and-pilatus-60-min-from-chf-400-00\/","url":"https:\/\/www.swissraft.ch\/en\/product\/plane-flight-from-bienne-lucerne-and-pilatus-60-min-from-chf-400-00\/","name":"Lucerne and Pilatus by plane from Biel\/Bienne. 50-minute flight","isPartOf":{"@id":"https:\/\/www.swissraft.ch\/en\/#website"},"primaryImageOfPage":{"@id":"https:\/\/www.swissraft.ch\/en\/product\/plane-flight-from-bienne-lucerne-and-pilatus-60-min-from-chf-400-00\/#primaryimage"},"image":{"@id":"https:\/\/www.swissraft.ch\/en\/product\/plane-flight-from-bienne-lucerne-and-pilatus-60-min-from-chf-400-00\/#primaryimage"},"thumbnailUrl":"https:\/\/www.swissraft.ch\/wp-content\/uploads\/2023\/01\/07-BIEL-Luzern-Pilatus-Rundflug-776x776-1.jpg","datePublished":"2023-01-11T16:12:13+00:00","dateModified":"2024-11-20T08:32:51+00:00","description":"Lucerne and Pilatus by plane from Biel. A 60-minute flight over the city of Lucerne and the surrounding Emmental region.","breadcrumb":{"@id":"https:\/\/www.swissraft.ch\/en\/product\/plane-flight-from-bienne-lucerne-and-pilatus-60-min-from-chf-400-00\/#breadcrumb"},"inLanguage":"en-US","potentialAction":[{"@type":"ReadAction","target":["https:\/\/www.swissraft.ch\/en\/product\/plane-flight-from-bienne-lucerne-and-pilatus-60-min-from-chf-400-00\/"]}]},{"@type":"ImageObject","inLanguage":"en-US","@id":"https:\/\/www.swissraft.ch\/en\/product\/plane-flight-from-bienne-lucerne-and-pilatus-60-min-from-chf-400-00\/#primaryimage","url":"https:\/\/www.swissraft.ch\/wp-content\/uploads\/2023\/01\/07-BIEL-Luzern-Pilatus-Rundflug-776x776-1.jpg","contentUrl":"https:\/\/www.swissraft.ch\/wp-content\/uploads\/2023\/01\/07-BIEL-Luzern-Pilatus-Rundflug-776x776-1.jpg","width":776,"height":776,"caption":"Fly from Biel to Lucerne and Pilatus"},{"@type":"BreadcrumbList","@id":"https:\/\/www.swissraft.ch\/en\/product\/plane-flight-from-bienne-lucerne-and-pilatus-60-min-from-chf-400-00\/#breadcrumb","itemListElement":[{"@type":"ListItem","position":1,"name":"Accueil","item":"https:\/\/www.swissraft.ch\/en\/"},{"@type":"ListItem","position":2,"name":"Store","item":"https:\/\/www.swissraft.ch\/en\/store\/"},{"@type":"ListItem","position":3,"name":"Plane flight from BIENNE &#8211; LUCERNE AND PILATUS &#8211; 60 min. &#8211; From CHF 400.00"}]},{"@type":"WebSite","@id":"https:\/\/www.swissraft.ch\/en\/#website","url":"https:\/\/www.swissraft.ch\/en\/","name":"Swissraft","description":"To enjoy nature as it is","publisher":{"@id":"https:\/\/www.swissraft.ch\/en\/#organization"},"potentialAction":[{"@type":"SearchAction","target":{"@type":"EntryPoint","urlTemplate":"https:\/\/www.swissraft.ch\/en\/?s={search_term_string}"},"query-input":{"@type":"PropertyValueSpecification","valueRequired":true,"valueName":"search_term_string"}}],"inLanguage":"en-US"},{"@type":"Organization","@id":"https:\/\/www.swissraft.ch\/en\/#organization","name":"Swissraft","url":"https:\/\/www.swissraft.ch\/en\/","logo":{"@type":"ImageObject","inLanguage":"en-US","@id":"https:\/\/www.swissraft.ch\/en\/#\/schema\/logo\/image\/","url":"https:\/\/www.swissraft.ch\/wp-content\/uploads\/2025\/09\/Capture.jpg","contentUrl":"https:\/\/www.swissraft.ch\/wp-content\/uploads\/2025\/09\/Capture.jpg","width":293,"height":108,"caption":"Swissraft"},"image":{"@id":"https:\/\/www.swissraft.ch\/en\/#\/schema\/logo\/image\/"}}]}},"_links":{"self":[{"href":"https:\/\/www.swissraft.ch\/en\/wp-json\/wp\/v2\/product\/92974","targetHints":{"allow":["GET"]}}],"collection":[{"href":"https:\/\/www.swissraft.ch\/en\/wp-json\/wp\/v2\/product"}],"about":[{"href":"https:\/\/www.swissraft.ch\/en\/wp-json\/wp\/v2\/types\/product"}],"replies":[{"embeddable":true,"href":"https:\/\/www.swissraft.ch\/en\/wp-json\/wp\/v2\/comments?post=92974"}],"version-history":[{"count":0,"href":"https:\/\/www.swissraft.ch\/en\/wp-json\/wp\/v2\/product\/92974\/revisions"}],"wp:featuredmedia":[{"embeddable":true,"href":"https:\/\/www.swissraft.ch\/en\/wp-json\/wp\/v2\/media\/88140"}],"wp:attachment":[{"href":"https:\/\/www.swissraft.ch\/en\/wp-json\/wp\/v2\/media?parent=92974"}],"wp:term":[{"taxonomy":"product_cat","embeddable":true,"href":"https:\/\/www.swissraft.ch\/en\/wp-json\/wp\/v2\/product_cat?post=92974"},{"taxonomy":"product_tag","embeddable":true,"href":"https:\/\/www.swissraft.ch\/en\/wp-json\/wp\/v2\/product_tag?post=92974"}],"curies":[{"name":"wp","href":"https:\/\/api.w.org\/{rel}","templated":true}]}}