{"id":92966,"date":"2023-02-07T19:11:22","date_gmt":"2023-02-07T18:11:22","guid":{"rendered":"https:\/\/swissraft.xyanzkdne.eu\/product\/hot-air-balloon-flight-over-la-gruyere-from-chf-270-00\/"},"modified":"2026-03-31T00:16:52","modified_gmt":"2026-03-30T22:16:52","slug":"ballooning-in-gruyere","status":"publish","type":"product","link":"https:\/\/www.swissraft.ch\/en\/product\/ballooning-in-gruyere\/","title":{"rendered":"Ballooning over La Gruy\u00e8re &#8211; From CHF 270.00"},"content":{"rendered":"\t\t<div data-elementor-type=\"wp-post\" data-elementor-id=\"92966\" class=\"elementor elementor-92966 elementor-30737\">\n\t\t\t\t\t\t\t\t\t<section class=\"elementor-section elementor-top-section elementor-element elementor-element-3303a7e3 elementor-section-boxed elementor-section-height-default elementor-section-height-default\" data-id=\"3303a7e3\" data-element_type=\"section\">\n\t\t\t\t\t\t<div class=\"elementor-container elementor-column-gap-default\">\n\t\t\t\t\t<div class=\"elementor-column elementor-col-100 elementor-top-column elementor-element elementor-element-16d72dbf\" data-id=\"16d72dbf\" data-element_type=\"column\">\n\t\t\t<div class=\"elementor-widget-wrap elementor-element-populated\">\n\t\t\t\t\t\t\t\t<div class=\"elementor-element elementor-element-d743c03 elementor-widget elementor-widget-text-editor\" data-id=\"d743c03\" data-element_type=\"widget\" data-widget_type=\"text-editor.default\">\n\t\t\t\t<div class=\"elementor-widget-container\">\n\t\t\t\t\t\t\t<h2>CHOOSE YOUR ACTIVITY BELOW TO OFFER GIFT VOUCHERS \/ TICKETS OR MAKE A RESERVATION<\/h2><table border=\"0\" width=\"580\" cellspacing=\"10\" cellpadding=\"10\"><tbody><tr><td width=\"50%\"><strong>1) BALLOONING &#8211; IN GRUY\u00c8RE &#8211; approx. 1,5 to 2 hrs<\/strong><\/td><td><strong>CHF 420.00 per person<span class=\"productPrice\"><br \/><\/span><\/strong><\/td><\/tr><tr><td>Further information<\/td><td>&#8211; <span class=\"plbl\"> Youth price <\/span>: <span class=\"patt\">Children 7 to 12 years old : <strong>CHF 270.00<\/strong>\/child<br \/><\/span> &#8211; <span class=\"patt\">Early morning or late afternoon departure<br \/><\/span> &#8211; <span class=\"patt\">You will be with other passengers<\/span><\/td><\/tr><tr><td>Locations<\/td><td>Various<\/td><\/tr><tr><td>Flight duration<\/td><td>approx. 1,5 to 2 hrs<\/td><\/tr><tr><td>Total duration<\/td><td>approx. 4 hrs<\/td><\/tr><tr><td>Meeting point<\/td><td>By telephone<\/td><\/tr><tr><td><button class=\"elementor-button\" type=\"button\"><a href=\"https:\/\/swissraft.outdoorbooking.ch\/fo\/products\/218?base_id=90&amp;category_id=7&amp;order_type=gift_voucher&amp;lang=en\" target=\"_blank\" rel=\"noopener\">PURCHASE GIFT VOUCHER \/ TICKET<\/a><\/button><\/td><td><strong>CHF 420.00 &#8211; 1 pers.<\/strong><\/td><\/tr><tr><td><button class=\"elementor-button\" type=\"button\"><a href=\"https:\/\/swissraft.outdoorbooking.ch\/fo\/products\/219?base_id=90&amp;category_id=7&amp;order_type=gift_voucher&amp;lang=en\" target=\"_blank\" rel=\"noopener\">PURCHASE GIFT VOUCHER \/ TICKET<\/a><\/button><\/td><td><strong>CHF 800.00 &#8211; 2 pers.<\/strong><\/td><\/tr><tr><td><button class=\"elementor-button\" type=\"button\"><a href=\"https:\/\/swissraft.outdoorbooking.ch\/fo\/products\/220?base_id=90&amp;category_id=7&amp;order_type=gift_voucher&amp;lang=en\" target=\"_blank\" rel=\"noopener\">PURCHASE GIFT VOUCHER \/ TICKET<\/a><\/button><\/td><td><strong>CHF 1&#8217;200.00 &#8211; 3 pers.<\/strong><\/td><\/tr><tr><td><button class=\"elementor-button\" type=\"button\"><a href=\"https:\/\/swissraft.outdoorbooking.ch\/fo\/products\/226?base_id=90&amp;category_id=7&amp;order_type=gift_voucher&amp;lang=en\" target=\"_blank\" rel=\"noopener\">PURCHASE GIFT VOUCHER \/ TICKET<\/a><\/button><\/td><td><strong>CHF 1&#8217;600.00 &#8211; 4 pers.<\/strong><\/td><\/tr><tr><td><button class=\"elementor-button\" type=\"button\"><a href=\"https:\/\/swissraft.outdoorbooking.ch\/fo\/products\/243?base_id=90&amp;category_id=7&amp;order_type=gift_voucher&amp;lang=en\" target=\"_blank\" rel=\"noopener\">PURCHASE GIFT VOUCHER \/ TICKET<\/a><\/button><\/td><td><strong>CHF 1&#8217;900.00 &#8211; 5 pers.<\/strong><\/td><\/tr><tr><td>\u00a0<\/td><td><strong><em>IMPORTANT !<\/em><\/strong><br \/><em>To book, call the number at the top left of the gift voucher \/ ticket.<\/em><\/td><\/tr><\/tbody><\/table><table border=\"0\" width=\"580\" cellspacing=\"10\" cellpadding=\"10\"><tbody><tr><td width=\"50%\"><strong>2) BALLOONING &#8211; IN GRUY\u00c8RE &#8211; PRIVATE FLIGHT &#8211; approx. 1,5 to 2 hrs<\/strong><\/td><td><strong>CHF 1&#8217;700.00 for 2 pers. &#8211; Private flight <span class=\"productPrice\"><br \/><\/span><\/strong><\/td><\/tr><tr><td>Further information<\/td><td>&#8211; <span class=\"patt\"> Early morning or late afternoon take-off<br \/><\/span>&#8211; Private balloon<br \/>&#8211; More than 11 pers. : <span class=\"patt\" style=\"font-family: inherit; font-size: inherit;\"><span class=\"plbl\"><span class=\"patt\"><a href=\"https:\/\/www.swissraft.ch\/en\/contact\/\">please contact us<\/a><\/span><\/span><\/span><\/td><\/tr><tr><td>Locations<\/td><td>Various<\/td><\/tr><tr><td>Flight duration<\/td><td>approx. 1,5 to 2 hrs<\/td><\/tr><tr><td>Total duration<\/td><td>approx. 4 hrs<\/td><\/tr><tr><td>Meeting point<\/td><td>By telephone<\/td><\/tr><tr><td><button class=\"elementor-button\" type=\"button\"><a href=\"https:\/\/swissraft.outdoorbooking.ch\/fo\/products\/2028?base_id=259&amp;category_id=7&amp;order_type=gift_voucher&amp;lang=en\" target=\"_blank\" rel=\"noopener\">PURCHASE GIFT VOUCHER \/ TICKET<\/a><\/button><\/td><td><strong>CHF 1&#8217;700.00 &#8211; private flight (2 pers.)<\/strong><\/td><\/tr><tr><td><button class=\"elementor-button\" type=\"button\"><a href=\"https:\/\/swissraft.outdoorbooking.ch\/fo\/products\/2029?base_id=259&amp;category_id=7&amp;order_type=gift_voucher&amp;lang=en\" target=\"_blank\" rel=\"noopener\">PURCHASE GIFT VOUCHER \/ TICKET<\/a><\/button><\/td><td><strong>CHF 2&#8217;100.00 &#8211; private flight (3-4 pers.)<\/strong><\/td><\/tr><tr><td><button class=\"elementor-button\" type=\"button\"><a href=\"https:\/\/swissraft.outdoorbooking.ch\/fo\/products\/2030?base_id=259&amp;category_id=7&amp;order_type=gift_voucher&amp;lang=en\" target=\"_blank\" rel=\"noopener\">PURCHASE GIFT VOUCHER \/ TICKET<\/a><\/button><\/td><td><strong>CHF 2&#8217;500.00 &#8211; private flight (5-6 pers.)<\/strong><\/td><\/tr><tr><td><button class=\"elementor-button\" type=\"button\"><a href=\"https:\/\/swissraft.outdoorbooking.ch\/fo\/products\/2025?base_id=259&amp;category_id=7&amp;order_type=gift_voucher&amp;lang=en\" target=\"_blank\" rel=\"noopener\">PURCHASE GIFT VOUCHER \/ TICKET<\/a><\/button><\/td><td><strong>CHF 3&#8217;000.00 &#8211; private flight (7-8 pers.)<\/strong><\/td><\/tr><tr><td><button class=\"elementor-button\" type=\"button\"><a href=\"https:\/\/swissraft.outdoorbooking.ch\/fo\/products\/2026?base_id=259&amp;category_id=7&amp;order_type=gift_voucher&amp;lang=en\" target=\"_blank\" rel=\"noopener\">PURCHASE GIFT VOUCHER \/ TICKET<\/a><\/button><\/td><td><strong>CHF 3&#8217;500.00 &#8211; private flight (9-10 pers.)<\/strong><\/td><\/tr><tr><td>\u00a0<\/td><td><strong><em>IMPORTANT !<\/em><\/strong><br \/><em>To book, call the number at the top left of the gift voucher \/ ticket.<\/em><\/td><\/tr><\/tbody><\/table>\t\t\t\t\t\t<\/div>\n\t\t\t\t<\/div>\n\t\t\t\t\t<\/div>\n\t\t<\/div>\n\t\t\t\t\t\t\t<\/div>\n\t\t<\/section>\n\t\t\t\t\t\t\t<\/div>\n\t\t","protected":false},"excerpt":{"rendered":"<div align=\"justify\">\n<h2 align=\"justify\">Hot-air balloon flight over the Gruy\u00e8re region. You take a 2-hour balloon flight.<\/h2>\n<h3>How beautiful Gruy\u00e8re is from the air. With this flight you&#8217;ll discover Gruy\u00e8re and its landscapes from an angle that highlights this beautiful region.<\/h3>\n<\/div>\n<div align=\"justify\">\n<p>Your driver and his staff will meet you at the meeting point arranged by telephone. Everything is ready, and the pilot activates the fan that blows air into the balloon. The balloon soon inflates and takes shape. To heat the air inside, the pilot regularly activates the burners. Then the balloon envelope rises proudly above the basket. You climb aboard and are ready for takeoff. Your pilot operates the burners until the gondola slowly leaves the ground. Now it&#8217;s quiet and silent; only the hiss of pilot flames can be heard. You gain altitude and your face is warmed by the first rays of the sun. You&#8217;re relaxed and enjoying the moment, looking down at the earth receding into the distance. A hot-air balloon flight is an incomparable experience.<\/p>\n<h3>Take a look at our Swissraft website: we take off in balloons almost everywhere in Switzerland.<\/h3>\n<p id=\"textarea\" style=\"display: none;\">\nSwissraft also offers balloon flights on the plateau around Zurich and in the canton of Aargau. But we also take off in the Basel-Country region. As well as in the Gstaad, Saanenland and Pays d&#8217;Enhaut regions of the canton of Vaud. We also take off from the three-lake region in the cantons of Bern, Fribourg, Neuch\u00e2tel and Vaud. We also offer hot-air balloon flights around the Swiss capital of Berne. We also offer hot-air balloon flights in the Jura and Franches Montagnes. Also from the cantons of Zug and Lucerne. We also take off from the cantons of Solothurn, Thurgau and St. Gallen. Gall. We also take off from the Lugano region in Ticino for flights to Italy.\n<\/p>\n<p><a id=\"seeMore\" onclick=\"toggleSeeMore()\" href=\"javascript:void(0);\">Read more<\/a><\/p>\n","protected":false},"featured_media":88743,"comment_status":"open","ping_status":"closed","template":"","meta":{"inline_featured_image":false,"_mi_skip_tracking":false},"product_cat":[536],"product_tag":[],"class_list":["post-92966","product","type-product","status-publish","has-post-thumbnail","hentry","product_cat-hot-air-balloon-flight"],"yoast_head":"<!-- This site is optimized with the Yoast SEO plugin v23.6 - https:\/\/yoast.com\/wordpress\/plugins\/seo\/ -->\n<title>Ballooning in Gruy\u00e8re for about two hours<\/title>\n<meta name=\"description\" content=\"Ballooning in the Gruy\u00e8re, departing from \u00c9pagny for a two-hour flight. The Gruy\u00e8re region is a must-see for ballooning, because of its beauty\" \/>\n<meta name=\"robots\" content=\"index, follow, max-snippet:-1, max-image-preview:large, max-video-preview:-1\" \/>\n<link rel=\"canonical\" href=\"https:\/\/www.swissraft.ch\/en\/product\/ballooning-in-gruyere\/\" \/>\n<meta property=\"og:locale\" content=\"en_US\" \/>\n<meta property=\"og:type\" content=\"article\" \/>\n<meta property=\"og:title\" content=\"Ballooning in Gruy\u00e8re for about two hours\" \/>\n<meta property=\"og:description\" content=\"Ballooning in the Gruy\u00e8re, departing from \u00c9pagny for a two-hour flight. The Gruy\u00e8re region is a must-see for ballooning, because of its beauty\" \/>\n<meta property=\"og:url\" content=\"https:\/\/www.swissraft.ch\/en\/product\/ballooning-in-gruyere\/\" \/>\n<meta property=\"og:site_name\" content=\"Swissraft\" \/>\n<meta property=\"article:modified_time\" content=\"2026-03-30T22:16:52+00:00\" \/>\n<meta property=\"og:image\" content=\"https:\/\/www.swissraft.ch\/wp-content\/uploads\/2023\/02\/1-Gruyere-776x776-1.jpg\" \/>\n\t<meta property=\"og:image:width\" content=\"776\" \/>\n\t<meta property=\"og:image:height\" content=\"776\" \/>\n\t<meta property=\"og:image:type\" content=\"image\/jpeg\" \/>\n<meta name=\"twitter:card\" content=\"summary_large_image\" \/>\n<meta name=\"twitter:label1\" content=\"Est. reading time\" \/>\n\t<meta name=\"twitter:data1\" content=\"2 minutes\" \/>\n<script type=\"application\/ld+json\" class=\"yoast-schema-graph\">{\"@context\":\"https:\/\/schema.org\",\"@graph\":[{\"@type\":\"WebPage\",\"@id\":\"https:\/\/www.swissraft.ch\/en\/product\/ballooning-in-gruyere\/\",\"url\":\"https:\/\/www.swissraft.ch\/en\/product\/ballooning-in-gruyere\/\",\"name\":\"Ballooning in Gruy\u00e8re for about two hours\",\"isPartOf\":{\"@id\":\"https:\/\/www.swissraft.ch\/en\/#website\"},\"primaryImageOfPage\":{\"@id\":\"https:\/\/www.swissraft.ch\/en\/product\/ballooning-in-gruyere\/#primaryimage\"},\"image\":{\"@id\":\"https:\/\/www.swissraft.ch\/en\/product\/ballooning-in-gruyere\/#primaryimage\"},\"thumbnailUrl\":\"https:\/\/www.swissraft.ch\/wp-content\/uploads\/2023\/02\/1-Gruyere-776x776-1.jpg\",\"datePublished\":\"2023-02-07T18:11:22+00:00\",\"dateModified\":\"2026-03-30T22:16:52+00:00\",\"description\":\"Ballooning in the Gruy\u00e8re, departing from \u00c9pagny for a two-hour flight. The Gruy\u00e8re region is a must-see for ballooning, because of its beauty\",\"breadcrumb\":{\"@id\":\"https:\/\/www.swissraft.ch\/en\/product\/ballooning-in-gruyere\/#breadcrumb\"},\"inLanguage\":\"en-US\",\"potentialAction\":[{\"@type\":\"ReadAction\",\"target\":[\"https:\/\/www.swissraft.ch\/en\/product\/ballooning-in-gruyere\/\"]}]},{\"@type\":\"ImageObject\",\"inLanguage\":\"en-US\",\"@id\":\"https:\/\/www.swissraft.ch\/en\/product\/ballooning-in-gruyere\/#primaryimage\",\"url\":\"https:\/\/www.swissraft.ch\/wp-content\/uploads\/2023\/02\/1-Gruyere-776x776-1.jpg\",\"contentUrl\":\"https:\/\/www.swissraft.ch\/wp-content\/uploads\/2023\/02\/1-Gruyere-776x776-1.jpg\",\"width\":776,\"height\":776,\"caption\":\"DCIM102GOPRO\"},{\"@type\":\"BreadcrumbList\",\"@id\":\"https:\/\/www.swissraft.ch\/en\/product\/ballooning-in-gruyere\/#breadcrumb\",\"itemListElement\":[{\"@type\":\"ListItem\",\"position\":1,\"name\":\"Accueil\",\"item\":\"https:\/\/www.swissraft.ch\/en\/\"},{\"@type\":\"ListItem\",\"position\":2,\"name\":\"Store\",\"item\":\"https:\/\/www.swissraft.ch\/en\/store\/\"},{\"@type\":\"ListItem\",\"position\":3,\"name\":\"Ballooning over La Gruy\u00e8re &#8211; From CHF 270.00\"}]},{\"@type\":\"WebSite\",\"@id\":\"https:\/\/www.swissraft.ch\/en\/#website\",\"url\":\"https:\/\/www.swissraft.ch\/en\/\",\"name\":\"Swissraft\",\"description\":\"To enjoy nature as it is\",\"publisher\":{\"@id\":\"https:\/\/www.swissraft.ch\/en\/#organization\"},\"potentialAction\":[{\"@type\":\"SearchAction\",\"target\":{\"@type\":\"EntryPoint\",\"urlTemplate\":\"https:\/\/www.swissraft.ch\/en\/?s={search_term_string}\"},\"query-input\":{\"@type\":\"PropertyValueSpecification\",\"valueRequired\":true,\"valueName\":\"search_term_string\"}}],\"inLanguage\":\"en-US\"},{\"@type\":\"Organization\",\"@id\":\"https:\/\/www.swissraft.ch\/en\/#organization\",\"name\":\"Swissraft\",\"url\":\"https:\/\/www.swissraft.ch\/en\/\",\"logo\":{\"@type\":\"ImageObject\",\"inLanguage\":\"en-US\",\"@id\":\"https:\/\/www.swissraft.ch\/en\/#\/schema\/logo\/image\/\",\"url\":\"https:\/\/www.swissraft.ch\/wp-content\/uploads\/2025\/09\/Capture.jpg\",\"contentUrl\":\"https:\/\/www.swissraft.ch\/wp-content\/uploads\/2025\/09\/Capture.jpg\",\"width\":293,\"height\":108,\"caption\":\"Swissraft\"},\"image\":{\"@id\":\"https:\/\/www.swissraft.ch\/en\/#\/schema\/logo\/image\/\"}}]}<\/script>\n<!-- \/ Yoast SEO plugin. -->","yoast_head_json":{"title":"Ballooning in Gruy\u00e8re for about two hours","description":"Ballooning in the Gruy\u00e8re, departing from \u00c9pagny for a two-hour flight. The Gruy\u00e8re region is a must-see for ballooning, because of its beauty","robots":{"index":"index","follow":"follow","max-snippet":"max-snippet:-1","max-image-preview":"max-image-preview:large","max-video-preview":"max-video-preview:-1"},"canonical":"https:\/\/www.swissraft.ch\/en\/product\/ballooning-in-gruyere\/","og_locale":"en_US","og_type":"article","og_title":"Ballooning in Gruy\u00e8re for about two hours","og_description":"Ballooning in the Gruy\u00e8re, departing from \u00c9pagny for a two-hour flight. The Gruy\u00e8re region is a must-see for ballooning, because of its beauty","og_url":"https:\/\/www.swissraft.ch\/en\/product\/ballooning-in-gruyere\/","og_site_name":"Swissraft","article_modified_time":"2026-03-30T22:16:52+00:00","og_image":[{"width":776,"height":776,"url":"https:\/\/www.swissraft.ch\/wp-content\/uploads\/2023\/02\/1-Gruyere-776x776-1.jpg","type":"image\/jpeg"}],"twitter_card":"summary_large_image","twitter_misc":{"Est. reading time":"2 minutes"},"schema":{"@context":"https:\/\/schema.org","@graph":[{"@type":"WebPage","@id":"https:\/\/www.swissraft.ch\/en\/product\/ballooning-in-gruyere\/","url":"https:\/\/www.swissraft.ch\/en\/product\/ballooning-in-gruyere\/","name":"Ballooning in Gruy\u00e8re for about two hours","isPartOf":{"@id":"https:\/\/www.swissraft.ch\/en\/#website"},"primaryImageOfPage":{"@id":"https:\/\/www.swissraft.ch\/en\/product\/ballooning-in-gruyere\/#primaryimage"},"image":{"@id":"https:\/\/www.swissraft.ch\/en\/product\/ballooning-in-gruyere\/#primaryimage"},"thumbnailUrl":"https:\/\/www.swissraft.ch\/wp-content\/uploads\/2023\/02\/1-Gruyere-776x776-1.jpg","datePublished":"2023-02-07T18:11:22+00:00","dateModified":"2026-03-30T22:16:52+00:00","description":"Ballooning in the Gruy\u00e8re, departing from \u00c9pagny for a two-hour flight. The Gruy\u00e8re region is a must-see for ballooning, because of its beauty","breadcrumb":{"@id":"https:\/\/www.swissraft.ch\/en\/product\/ballooning-in-gruyere\/#breadcrumb"},"inLanguage":"en-US","potentialAction":[{"@type":"ReadAction","target":["https:\/\/www.swissraft.ch\/en\/product\/ballooning-in-gruyere\/"]}]},{"@type":"ImageObject","inLanguage":"en-US","@id":"https:\/\/www.swissraft.ch\/en\/product\/ballooning-in-gruyere\/#primaryimage","url":"https:\/\/www.swissraft.ch\/wp-content\/uploads\/2023\/02\/1-Gruyere-776x776-1.jpg","contentUrl":"https:\/\/www.swissraft.ch\/wp-content\/uploads\/2023\/02\/1-Gruyere-776x776-1.jpg","width":776,"height":776,"caption":"DCIM102GOPRO"},{"@type":"BreadcrumbList","@id":"https:\/\/www.swissraft.ch\/en\/product\/ballooning-in-gruyere\/#breadcrumb","itemListElement":[{"@type":"ListItem","position":1,"name":"Accueil","item":"https:\/\/www.swissraft.ch\/en\/"},{"@type":"ListItem","position":2,"name":"Store","item":"https:\/\/www.swissraft.ch\/en\/store\/"},{"@type":"ListItem","position":3,"name":"Ballooning over La Gruy\u00e8re &#8211; From CHF 270.00"}]},{"@type":"WebSite","@id":"https:\/\/www.swissraft.ch\/en\/#website","url":"https:\/\/www.swissraft.ch\/en\/","name":"Swissraft","description":"To enjoy nature as it is","publisher":{"@id":"https:\/\/www.swissraft.ch\/en\/#organization"},"potentialAction":[{"@type":"SearchAction","target":{"@type":"EntryPoint","urlTemplate":"https:\/\/www.swissraft.ch\/en\/?s={search_term_string}"},"query-input":{"@type":"PropertyValueSpecification","valueRequired":true,"valueName":"search_term_string"}}],"inLanguage":"en-US"},{"@type":"Organization","@id":"https:\/\/www.swissraft.ch\/en\/#organization","name":"Swissraft","url":"https:\/\/www.swissraft.ch\/en\/","logo":{"@type":"ImageObject","inLanguage":"en-US","@id":"https:\/\/www.swissraft.ch\/en\/#\/schema\/logo\/image\/","url":"https:\/\/www.swissraft.ch\/wp-content\/uploads\/2025\/09\/Capture.jpg","contentUrl":"https:\/\/www.swissraft.ch\/wp-content\/uploads\/2025\/09\/Capture.jpg","width":293,"height":108,"caption":"Swissraft"},"image":{"@id":"https:\/\/www.swissraft.ch\/en\/#\/schema\/logo\/image\/"}}]}},"_links":{"self":[{"href":"https:\/\/www.swissraft.ch\/en\/wp-json\/wp\/v2\/product\/92966","targetHints":{"allow":["GET"]}}],"collection":[{"href":"https:\/\/www.swissraft.ch\/en\/wp-json\/wp\/v2\/product"}],"about":[{"href":"https:\/\/www.swissraft.ch\/en\/wp-json\/wp\/v2\/types\/product"}],"replies":[{"embeddable":true,"href":"https:\/\/www.swissraft.ch\/en\/wp-json\/wp\/v2\/comments?post=92966"}],"version-history":[{"count":32,"href":"https:\/\/www.swissraft.ch\/en\/wp-json\/wp\/v2\/product\/92966\/revisions"}],"predecessor-version":[{"id":135438,"href":"https:\/\/www.swissraft.ch\/en\/wp-json\/wp\/v2\/product\/92966\/revisions\/135438"}],"wp:featuredmedia":[{"embeddable":true,"href":"https:\/\/www.swissraft.ch\/en\/wp-json\/wp\/v2\/media\/88743"}],"wp:attachment":[{"href":"https:\/\/www.swissraft.ch\/en\/wp-json\/wp\/v2\/media?parent=92966"}],"wp:term":[{"taxonomy":"product_cat","embeddable":true,"href":"https:\/\/www.swissraft.ch\/en\/wp-json\/wp\/v2\/product_cat?post=92966"},{"taxonomy":"product_tag","embeddable":true,"href":"https:\/\/www.swissraft.ch\/en\/wp-json\/wp\/v2\/product_tag?post=92966"}],"curies":[{"name":"wp","href":"https:\/\/api.w.org\/{rel}","templated":true}]}}