{"id":92934,"date":"2023-02-05T17:55:37","date_gmt":"2023-02-05T16:55:37","guid":{"rendered":"https:\/\/swissraft.xyanzkdne.eu\/product\/hot-air-balloon-flight-in-argovia-from-chf-270-00\/"},"modified":"2026-03-30T23:49:08","modified_gmt":"2026-03-30T21:49:08","slug":"ballooning-in-aargau","status":"publish","type":"product","link":"https:\/\/www.swissraft.ch\/en\/product\/ballooning-in-aargau\/","title":{"rendered":"Ballooning in Argovia &#8211; From CHF 270.00"},"content":{"rendered":"\t\t<div data-elementor-type=\"wp-post\" data-elementor-id=\"92934\" class=\"elementor elementor-92934 elementor-30702\">\n\t\t\t\t\t\t\t\t\t<section class=\"elementor-section elementor-top-section elementor-element elementor-element-3303a7e3 elementor-section-boxed elementor-section-height-default elementor-section-height-default\" data-id=\"3303a7e3\" data-element_type=\"section\">\n\t\t\t\t\t\t<div class=\"elementor-container elementor-column-gap-default\">\n\t\t\t\t\t<div class=\"elementor-column elementor-col-100 elementor-top-column elementor-element elementor-element-16d72dbf\" data-id=\"16d72dbf\" data-element_type=\"column\">\n\t\t\t<div class=\"elementor-widget-wrap elementor-element-populated\">\n\t\t\t\t\t\t\t\t<div class=\"elementor-element elementor-element-d743c03 elementor-widget elementor-widget-text-editor\" data-id=\"d743c03\" data-element_type=\"widget\" data-widget_type=\"text-editor.default\">\n\t\t\t\t<div class=\"elementor-widget-container\">\n\t\t\t\t\t\t\t<h2>CHOOSE YOUR ACTIVITY BELOW TO OFFER GIFT VOUCHERS \/ TICKETS OR MAKE A RESERVATION<\/h2><table border=\"0\" width=\"580\" cellspacing=\"10\" cellpadding=\"10\"><tbody><tr><td width=\"50%\"><strong>1) BALLOONING &#8211; IN ARGOVIA &#8211; approx. 1,5 to 2 hrs<\/strong><\/td><td><strong>CHF 420.00 per person<span class=\"productPrice\"><br \/><\/span><\/strong><\/td><\/tr><tr><td>Further information<\/td><td>&#8211;<span class=\"plbl\"> Youth price <\/span>: <span class=\"patt\">Children aged 7 to 12 years old : <strong>CHF 270.00<\/strong>\/child<br \/><\/span> &#8211; <span class=\"patt\">Early morning or late afternoon departure<br \/><\/span> &#8211; <span class=\"patt\">You will be with other passengers<\/span><\/td><\/tr><tr><td>Locations<\/td><td>&#8211; Bremgarten<br \/>&#8211; Meisterschwanden, Fahrwangen<br \/>&#8211; Aarau, Oberentfelden<br \/>&#8211; Baden, Birrfeld, Frick, Zofingen etc.<\/td><\/tr><tr><td>Flight duration<\/td><td>approx. 1,5 to 2 hrs<\/td><\/tr><tr><td>Total duration<\/td><td>approx. 4 hrs<\/td><\/tr><tr><td><button class=\"elementor-button\" type=\"button\"><a href=\"https:\/\/swissraft.outdoorbooking.ch\/fo\/products\/83?base_id=48&amp;category_id=7&amp;order_type=gift_voucher&amp;lang=en\" target=\"_blank\" rel=\"noopener\">PURCHASE GIFT VOUCHER \/ TICKET<\/a><\/button><\/td><td><strong>CHF 420.00 &#8211; 1 pers.<\/strong><\/td><\/tr><tr><td><button class=\"elementor-button\" type=\"button\"><a href=\"https:\/\/swissraft.outdoorbooking.ch\/fo\/products\/146?base_id=48&amp;category_id=7&amp;order_type=gift_voucher&amp;lang=en\" target=\"_blank\" rel=\"noopener\">PURCHASE GIFT VOUCHER \/ TICKET<\/a><\/button><\/td><td><strong>CHF 800.00 &#8211; 2 pers.<\/strong><\/td><\/tr><tr><td><button class=\"elementor-button\" type=\"button\"><a href=\"https:\/\/swissraft.outdoorbooking.ch\/fo\/products\/488?base_id=48&amp;category_id=7&amp;order_type=gift_voucher&amp;lang=en\" target=\"_blank\" rel=\"noopener\">PURCHASE GIFT VOUCHER \/ TICKET<\/a><\/button><\/td><td><strong>CHF 1&#8217;200.00 &#8211; 3 pers.<\/strong><\/td><\/tr><tr><td><button class=\"elementor-button\" type=\"button\"><a href=\"https:\/\/swissraft.outdoorbooking.ch\/fo\/products\/495?base_id=48&amp;category_id=7&amp;order_type=gift_voucher&amp;lang=en\" target=\"_blank\" rel=\"noopener\">PURCHASE GIFT VOUCHER \/ TICKET<\/a><\/button><\/td><td><strong>CHF 1&#8217;600.00 &#8211; 4 pers.<\/strong><\/td><\/tr><tr><td><button class=\"elementor-button\" type=\"button\"><a href=\"https:\/\/swissraft.outdoorbooking.ch\/fo\/products\/673?base_id=48&amp;category_id=7&amp;order_type=gift_voucher&amp;lang=en\" target=\"_blank\" rel=\"noopener\">PURCHASE GIFT VOUCHER \/ TICKET<\/a><\/button><\/td><td><strong>CHF 1&#8217;900.00 &#8211; 5 pers.<\/strong><\/td><\/tr><tr><td>\u00a0<\/td><td><strong><em>IMPORTANT !<\/em><\/strong><br \/><em>To book, call the number at the top left of the gift voucher \/ ticket.<\/em><\/td><\/tr><\/tbody><\/table><table border=\"0\" width=\"580\" cellspacing=\"10\" cellpadding=\"10\"><tbody><tr><td width=\"50%\"><strong>2) BALLOONING &#8211; IN ARGOVIA &#8211; PRIVATE FLIGHT &#8211; approx. 1,5 to 2 hrs<\/strong><\/td><td><strong>CHF 1&#8217;700.00 for 2 pers. &#8211; Private flight <span class=\"productPrice\"><br \/><\/span><\/strong><\/td><\/tr><tr><td>Further information<\/td><td>&#8211; <span class=\"patt\"> Early morning or late afternoon take-off<br \/><\/span>&#8211; Private balloon and gondola<br \/>&#8211; More than 11 pers. : <span class=\"patt\" style=\"font-family: inherit; font-size: inherit;\"><span class=\"plbl\"><span class=\"patt\"><a href=\"https:\/\/www.swissraft.ch\/en\/contact\/\">please contact us<\/a><\/span><\/span><\/span><\/td><\/tr><tr><td>Locations<\/td><td>&#8211; Bremgarten<br \/>&#8211; Meisterschwanden, Fahrwangen<br \/>&#8211; Aarau, Oberentfelden<br \/>&#8211; Baden, Birrfeld, Frick, Zofingen etc.<\/td><\/tr><tr><td>Flight duration<\/td><td>approx. 1h30 to 2h<\/td><\/tr><tr><td>Total duration<\/td><td>approx. 4h<\/td><\/tr><tr><td><button class=\"elementor-button\" type=\"button\"><a href=\"https:\/\/swissraft.outdoorbooking.ch\/fo\/products\/674?base_id=48&amp;category_id=7&amp;order_type=gift_voucher&amp;lang=en\" target=\"_blank\" rel=\"noopener\">PURCHASE GIFT VOUCHER \/ TICKET<\/a><\/button><\/td><td><strong>CHF 1&#8217;700.00 &#8211; private flight (2 pers.)<\/strong><\/td><\/tr><tr><td><button class=\"elementor-button\" type=\"button\"><a href=\"https:\/\/swissraft.outdoorbooking.ch\/fo\/products\/761?base_id=48&amp;category_id=7&amp;order_type=gift_voucher&amp;lang=en\" target=\"_blank\" rel=\"noopener\">PURCHASE GIFT VOUCHER \/ TICKET<\/a><\/button><\/td><td><strong>CHF 2&#8217;000.00 &#8211; private flight (3-4 pers.)<\/strong><\/td><\/tr><tr><td><button class=\"elementor-button\" type=\"button\"><a href=\"https:\/\/swissraft.outdoorbooking.ch\/fo\/products\/785?base_id=48&amp;category_id=7&amp;order_type=gift_voucher&amp;lang=en\" target=\"_blank\" rel=\"noopener\">PURCHASE GIFT VOUCHER \/ TICKET<\/a><\/button><\/td><td><strong>CHF 2&#8217;400.00 &#8211; private flight (5-6 pers.)<\/strong><\/td><\/tr><tr><td><button class=\"elementor-button\" type=\"button\"><a href=\"https:\/\/swissraft.outdoorbooking.ch\/fo\/products\/1177?base_id=48&amp;category_id=7&amp;order_type=gift_voucher&amp;lang=en\" target=\"_blank\" rel=\"noopener\">PURCHASE GIFT VOUCHER \/ TICKET<\/a><\/button><\/td><td><strong>CHF 2&#8217;900.00 &#8211; private flight (7-8 pers.)<\/strong><\/td><\/tr><tr><td><button class=\"elementor-button\" type=\"button\"><a href=\"https:\/\/swissraft.outdoorbooking.ch\/fo\/products\/1178?base_id=48&amp;category_id=7&amp;order_type=gift_voucher&amp;lang=en\" target=\"_blank\" rel=\"noopener\">PURCHASE GIFT VOUCHER \/ TICKET<\/a><\/button><\/td><td><strong>CHF 3&#8217;400.00 &#8211; private flight (9-10 pers.)<\/strong><\/td><\/tr><tr><td><button class=\"elementor-button\" type=\"button\"><a href=\"https:\/\/swissraft.outdoorbooking.ch\/fo\/products\/1179?base_id=48&amp;category_id=7&amp;order_type=gift_voucher&amp;lang=en\" target=\"_blank\" rel=\"noopener\">PURCHASE GIFT VOUCHER \/ TICKET<\/a><\/button><\/td><td><strong>CHF 3&#8217;700.00 &#8211; private flight (11 pers.)<\/strong><\/td><\/tr><tr><td>\u00a0<\/td><td><strong><em>IMPORTANT !<\/em><\/strong><br \/><em>To book, call the number at the top left of the gift voucher \/ ticket.<\/em><\/td><\/tr><\/tbody><\/table>\t\t\t\t\t\t<\/div>\n\t\t\t\t<\/div>\n\t\t\t\t\t<\/div>\n\t\t<\/div>\n\t\t\t\t\t\t\t<\/div>\n\t\t<\/section>\n\t\t\t\t\t\t\t<\/div>\n\t\t","protected":false},"excerpt":{"rendered":"<div align=\"justify\">\n<h2 align=\"justify\">Hot-air balloon flight in Aargau from Aarau and the surrounding area; you take off for a flight of approximately one hour.<\/h2>\n<h3>This balloon flight over the Aargau will leave you with unforgettable memories.<\/h3>\n<\/div>\n<div align=\"justify\">\n<p>Above all, for a hot-air balloon flight you need good weather. This means not too much wind on the ground and high clouds. Secondly, we need a flat, unobstructed take-off site. Then comes the balloon inflation, in which everyone participates. Then the pilot uses the burners to heat the air inside the envelope. The ball rises gradually and majestically. An envelope of 4,000 to 5,000 cubic m3 is very imposing. We take off on the Swiss plateau from Bremgarten, Meisterschwanden\/Fahrwangen, Aarau\/Oberentfelden, Baden\/Birrfeld, Frick, Zofingen and many other places!<\/p>\n<h3>Swissraft offers balloon flights all over Switzerland.<\/h3>\n<p id=\"textarea\" style=\"display: none;\">\nWe take off in a balloon in the Basel-Landschaft region. But also around Bern. Departure also around Zurich. We also offer hot-air balloon departures to the Pays d&#8217;Enhaut from Ch\u00e2teau d&#8217;Oex in the canton of Vaud. But also in the canton of Fribourg from the Gruy\u00e8re and from the three-lake region spread over the cantons of Bern, Fribourg, Neuch\u00e2tel and Vaud. We also take off into Saanenland. We also have departures in the Jura and Franches Montagnes regions. What&#8217;s more, we take off in balloons in the canton of Lucerne and around Lake Lucerne. But also near Lake Sempach and around Lake Zug. We also offer hot-air balloon flights in the canton of Neuch\u00e2tel. But also in Solothurn, Thurgau and St. Gallen. What&#8217;s more, we take off from Ticino for hot-air balloon flights to Italy.\n<\/p>\n<p><a id=\"seeMore\" onclick=\"toggleSeeMore()\" href=\"javascript:void(0);\">Read more<\/a><\/p>\n","protected":false},"featured_media":88686,"comment_status":"open","ping_status":"closed","template":"","meta":{"inline_featured_image":false,"_mi_skip_tracking":false},"product_cat":[536],"product_tag":[],"class_list":["post-92934","product","type-product","status-publish","has-post-thumbnail","hentry","product_cat-hot-air-balloon-flight"],"yoast_head":"<!-- This site is optimized with the Yoast SEO plugin v23.6 - https:\/\/yoast.com\/wordpress\/plugins\/seo\/ -->\n<title>Ballooning in Aargau. Approx. 2-hour balloon flight<\/title>\n<meta name=\"description\" content=\"Ballooning in Aargau. A 2-hour balloon flight over the Aargau. You&#039;ll enjoy the peace and quiet and the scenery as you fly by.\" \/>\n<meta name=\"robots\" content=\"index, follow, max-snippet:-1, max-image-preview:large, max-video-preview:-1\" \/>\n<link rel=\"canonical\" href=\"https:\/\/www.swissraft.ch\/en\/product\/ballooning-in-aargau\/\" \/>\n<meta property=\"og:locale\" content=\"en_US\" \/>\n<meta property=\"og:type\" content=\"article\" \/>\n<meta property=\"og:title\" content=\"Ballooning in Aargau. Approx. 2-hour balloon flight\" \/>\n<meta property=\"og:description\" content=\"Ballooning in Aargau. A 2-hour balloon flight over the Aargau. You&#039;ll enjoy the peace and quiet and the scenery as you fly by.\" \/>\n<meta property=\"og:url\" content=\"https:\/\/www.swissraft.ch\/en\/product\/ballooning-in-aargau\/\" \/>\n<meta property=\"og:site_name\" content=\"Swissraft\" \/>\n<meta property=\"article:modified_time\" content=\"2026-03-30T21:49:08+00:00\" \/>\n<meta property=\"og:image\" content=\"https:\/\/www.swissraft.ch\/wp-content\/uploads\/2023\/02\/1-Aarau-776x776-1.jpg\" \/>\n\t<meta property=\"og:image:width\" content=\"776\" \/>\n\t<meta property=\"og:image:height\" content=\"776\" \/>\n\t<meta property=\"og:image:type\" content=\"image\/jpeg\" \/>\n<meta name=\"twitter:card\" content=\"summary_large_image\" \/>\n<meta name=\"twitter:label1\" content=\"Est. reading time\" \/>\n\t<meta name=\"twitter:data1\" content=\"2 minutes\" \/>\n<script type=\"application\/ld+json\" class=\"yoast-schema-graph\">{\"@context\":\"https:\/\/schema.org\",\"@graph\":[{\"@type\":\"WebPage\",\"@id\":\"https:\/\/www.swissraft.ch\/en\/product\/ballooning-in-aargau\/\",\"url\":\"https:\/\/www.swissraft.ch\/en\/product\/ballooning-in-aargau\/\",\"name\":\"Ballooning in Aargau. Approx. 2-hour balloon flight\",\"isPartOf\":{\"@id\":\"https:\/\/www.swissraft.ch\/en\/#website\"},\"primaryImageOfPage\":{\"@id\":\"https:\/\/www.swissraft.ch\/en\/product\/ballooning-in-aargau\/#primaryimage\"},\"image\":{\"@id\":\"https:\/\/www.swissraft.ch\/en\/product\/ballooning-in-aargau\/#primaryimage\"},\"thumbnailUrl\":\"https:\/\/www.swissraft.ch\/wp-content\/uploads\/2023\/02\/1-Aarau-776x776-1.jpg\",\"datePublished\":\"2023-02-05T16:55:37+00:00\",\"dateModified\":\"2026-03-30T21:49:08+00:00\",\"description\":\"Ballooning in Aargau. A 2-hour balloon flight over the Aargau. You'll enjoy the peace and quiet and the scenery as you fly by.\",\"breadcrumb\":{\"@id\":\"https:\/\/www.swissraft.ch\/en\/product\/ballooning-in-aargau\/#breadcrumb\"},\"inLanguage\":\"en-US\",\"potentialAction\":[{\"@type\":\"ReadAction\",\"target\":[\"https:\/\/www.swissraft.ch\/en\/product\/ballooning-in-aargau\/\"]}]},{\"@type\":\"ImageObject\",\"inLanguage\":\"en-US\",\"@id\":\"https:\/\/www.swissraft.ch\/en\/product\/ballooning-in-aargau\/#primaryimage\",\"url\":\"https:\/\/www.swissraft.ch\/wp-content\/uploads\/2023\/02\/1-Aarau-776x776-1.jpg\",\"contentUrl\":\"https:\/\/www.swissraft.ch\/wp-content\/uploads\/2023\/02\/1-Aarau-776x776-1.jpg\",\"width\":776,\"height\":776,\"caption\":\"Hot-air balloon flight in Aargau\"},{\"@type\":\"BreadcrumbList\",\"@id\":\"https:\/\/www.swissraft.ch\/en\/product\/ballooning-in-aargau\/#breadcrumb\",\"itemListElement\":[{\"@type\":\"ListItem\",\"position\":1,\"name\":\"Accueil\",\"item\":\"https:\/\/www.swissraft.ch\/en\/\"},{\"@type\":\"ListItem\",\"position\":2,\"name\":\"Store\",\"item\":\"https:\/\/www.swissraft.ch\/en\/store\/\"},{\"@type\":\"ListItem\",\"position\":3,\"name\":\"Ballooning in Argovia &#8211; From CHF 270.00\"}]},{\"@type\":\"WebSite\",\"@id\":\"https:\/\/www.swissraft.ch\/en\/#website\",\"url\":\"https:\/\/www.swissraft.ch\/en\/\",\"name\":\"Swissraft\",\"description\":\"To enjoy nature as it is\",\"publisher\":{\"@id\":\"https:\/\/www.swissraft.ch\/en\/#organization\"},\"potentialAction\":[{\"@type\":\"SearchAction\",\"target\":{\"@type\":\"EntryPoint\",\"urlTemplate\":\"https:\/\/www.swissraft.ch\/en\/?s={search_term_string}\"},\"query-input\":{\"@type\":\"PropertyValueSpecification\",\"valueRequired\":true,\"valueName\":\"search_term_string\"}}],\"inLanguage\":\"en-US\"},{\"@type\":\"Organization\",\"@id\":\"https:\/\/www.swissraft.ch\/en\/#organization\",\"name\":\"Swissraft\",\"url\":\"https:\/\/www.swissraft.ch\/en\/\",\"logo\":{\"@type\":\"ImageObject\",\"inLanguage\":\"en-US\",\"@id\":\"https:\/\/www.swissraft.ch\/en\/#\/schema\/logo\/image\/\",\"url\":\"https:\/\/www.swissraft.ch\/wp-content\/uploads\/2025\/09\/Capture.jpg\",\"contentUrl\":\"https:\/\/www.swissraft.ch\/wp-content\/uploads\/2025\/09\/Capture.jpg\",\"width\":293,\"height\":108,\"caption\":\"Swissraft\"},\"image\":{\"@id\":\"https:\/\/www.swissraft.ch\/en\/#\/schema\/logo\/image\/\"}}]}<\/script>\n<!-- \/ Yoast SEO plugin. -->","yoast_head_json":{"title":"Ballooning in Aargau. Approx. 2-hour balloon flight","description":"Ballooning in Aargau. A 2-hour balloon flight over the Aargau. You'll enjoy the peace and quiet and the scenery as you fly by.","robots":{"index":"index","follow":"follow","max-snippet":"max-snippet:-1","max-image-preview":"max-image-preview:large","max-video-preview":"max-video-preview:-1"},"canonical":"https:\/\/www.swissraft.ch\/en\/product\/ballooning-in-aargau\/","og_locale":"en_US","og_type":"article","og_title":"Ballooning in Aargau. Approx. 2-hour balloon flight","og_description":"Ballooning in Aargau. A 2-hour balloon flight over the Aargau. You'll enjoy the peace and quiet and the scenery as you fly by.","og_url":"https:\/\/www.swissraft.ch\/en\/product\/ballooning-in-aargau\/","og_site_name":"Swissraft","article_modified_time":"2026-03-30T21:49:08+00:00","og_image":[{"width":776,"height":776,"url":"https:\/\/www.swissraft.ch\/wp-content\/uploads\/2023\/02\/1-Aarau-776x776-1.jpg","type":"image\/jpeg"}],"twitter_card":"summary_large_image","twitter_misc":{"Est. reading time":"2 minutes"},"schema":{"@context":"https:\/\/schema.org","@graph":[{"@type":"WebPage","@id":"https:\/\/www.swissraft.ch\/en\/product\/ballooning-in-aargau\/","url":"https:\/\/www.swissraft.ch\/en\/product\/ballooning-in-aargau\/","name":"Ballooning in Aargau. Approx. 2-hour balloon flight","isPartOf":{"@id":"https:\/\/www.swissraft.ch\/en\/#website"},"primaryImageOfPage":{"@id":"https:\/\/www.swissraft.ch\/en\/product\/ballooning-in-aargau\/#primaryimage"},"image":{"@id":"https:\/\/www.swissraft.ch\/en\/product\/ballooning-in-aargau\/#primaryimage"},"thumbnailUrl":"https:\/\/www.swissraft.ch\/wp-content\/uploads\/2023\/02\/1-Aarau-776x776-1.jpg","datePublished":"2023-02-05T16:55:37+00:00","dateModified":"2026-03-30T21:49:08+00:00","description":"Ballooning in Aargau. A 2-hour balloon flight over the Aargau. You'll enjoy the peace and quiet and the scenery as you fly by.","breadcrumb":{"@id":"https:\/\/www.swissraft.ch\/en\/product\/ballooning-in-aargau\/#breadcrumb"},"inLanguage":"en-US","potentialAction":[{"@type":"ReadAction","target":["https:\/\/www.swissraft.ch\/en\/product\/ballooning-in-aargau\/"]}]},{"@type":"ImageObject","inLanguage":"en-US","@id":"https:\/\/www.swissraft.ch\/en\/product\/ballooning-in-aargau\/#primaryimage","url":"https:\/\/www.swissraft.ch\/wp-content\/uploads\/2023\/02\/1-Aarau-776x776-1.jpg","contentUrl":"https:\/\/www.swissraft.ch\/wp-content\/uploads\/2023\/02\/1-Aarau-776x776-1.jpg","width":776,"height":776,"caption":"Hot-air balloon flight in Aargau"},{"@type":"BreadcrumbList","@id":"https:\/\/www.swissraft.ch\/en\/product\/ballooning-in-aargau\/#breadcrumb","itemListElement":[{"@type":"ListItem","position":1,"name":"Accueil","item":"https:\/\/www.swissraft.ch\/en\/"},{"@type":"ListItem","position":2,"name":"Store","item":"https:\/\/www.swissraft.ch\/en\/store\/"},{"@type":"ListItem","position":3,"name":"Ballooning in Argovia &#8211; From CHF 270.00"}]},{"@type":"WebSite","@id":"https:\/\/www.swissraft.ch\/en\/#website","url":"https:\/\/www.swissraft.ch\/en\/","name":"Swissraft","description":"To enjoy nature as it is","publisher":{"@id":"https:\/\/www.swissraft.ch\/en\/#organization"},"potentialAction":[{"@type":"SearchAction","target":{"@type":"EntryPoint","urlTemplate":"https:\/\/www.swissraft.ch\/en\/?s={search_term_string}"},"query-input":{"@type":"PropertyValueSpecification","valueRequired":true,"valueName":"search_term_string"}}],"inLanguage":"en-US"},{"@type":"Organization","@id":"https:\/\/www.swissraft.ch\/en\/#organization","name":"Swissraft","url":"https:\/\/www.swissraft.ch\/en\/","logo":{"@type":"ImageObject","inLanguage":"en-US","@id":"https:\/\/www.swissraft.ch\/en\/#\/schema\/logo\/image\/","url":"https:\/\/www.swissraft.ch\/wp-content\/uploads\/2025\/09\/Capture.jpg","contentUrl":"https:\/\/www.swissraft.ch\/wp-content\/uploads\/2025\/09\/Capture.jpg","width":293,"height":108,"caption":"Swissraft"},"image":{"@id":"https:\/\/www.swissraft.ch\/en\/#\/schema\/logo\/image\/"}}]}},"_links":{"self":[{"href":"https:\/\/www.swissraft.ch\/en\/wp-json\/wp\/v2\/product\/92934","targetHints":{"allow":["GET"]}}],"collection":[{"href":"https:\/\/www.swissraft.ch\/en\/wp-json\/wp\/v2\/product"}],"about":[{"href":"https:\/\/www.swissraft.ch\/en\/wp-json\/wp\/v2\/types\/product"}],"replies":[{"embeddable":true,"href":"https:\/\/www.swissraft.ch\/en\/wp-json\/wp\/v2\/comments?post=92934"}],"version-history":[{"count":31,"href":"https:\/\/www.swissraft.ch\/en\/wp-json\/wp\/v2\/product\/92934\/revisions"}],"predecessor-version":[{"id":135387,"href":"https:\/\/www.swissraft.ch\/en\/wp-json\/wp\/v2\/product\/92934\/revisions\/135387"}],"wp:featuredmedia":[{"embeddable":true,"href":"https:\/\/www.swissraft.ch\/en\/wp-json\/wp\/v2\/media\/88686"}],"wp:attachment":[{"href":"https:\/\/www.swissraft.ch\/en\/wp-json\/wp\/v2\/media?parent=92934"}],"wp:term":[{"taxonomy":"product_cat","embeddable":true,"href":"https:\/\/www.swissraft.ch\/en\/wp-json\/wp\/v2\/product_cat?post=92934"},{"taxonomy":"product_tag","embeddable":true,"href":"https:\/\/www.swissraft.ch\/en\/wp-json\/wp\/v2\/product_tag?post=92934"}],"curies":[{"name":"wp","href":"https:\/\/api.w.org\/{rel}","templated":true}]}}