{"id":92899,"date":"2023-01-18T15:19:14","date_gmt":"2023-01-18T14:19:14","guid":{"rendered":"https:\/\/swissraft.xyanzkdne.eu\/product\/initiation-on-a-plane-from-berne-belp-bristell-b23-from-chf-220-00\/"},"modified":"2025-11-17T23:02:11","modified_gmt":"2025-11-17T22:02:11","slug":"introduction-plane-bern-belp-bristell-b23","status":"publish","type":"product","link":"https:\/\/www.swissraft.ch\/en\/product\/introduction-plane-bern-belp-bristell-b23\/","title":{"rendered":"Initiation on a plane from BERNE-BELP &#8211; BRISTELL B23 &#8211; From CHF 220.00"},"content":{"rendered":"\t\t<div data-elementor-type=\"wp-post\" data-elementor-id=\"92899\" class=\"elementor elementor-92899 elementor-30518\">\n\t\t\t\t\t\t\t\t\t<section class=\"elementor-section elementor-top-section elementor-element elementor-element-3303a7e3 elementor-section-boxed elementor-section-height-default elementor-section-height-default\" data-id=\"3303a7e3\" data-element_type=\"section\">\n\t\t\t\t\t\t<div class=\"elementor-container elementor-column-gap-default\">\n\t\t\t\t\t<div class=\"elementor-column elementor-col-100 elementor-top-column elementor-element elementor-element-16d72dbf\" data-id=\"16d72dbf\" data-element_type=\"column\">\n\t\t\t<div class=\"elementor-widget-wrap elementor-element-populated\">\n\t\t\t\t\t\t\t\t<div class=\"elementor-element elementor-element-d743c03 elementor-widget elementor-widget-text-editor\" data-id=\"d743c03\" data-element_type=\"widget\" data-widget_type=\"text-editor.default\">\n\t\t\t\t<div class=\"elementor-widget-container\">\n\t\t\t\t\t\t\t<h2>CHOOSE YOUR ACTIVITY BELOW TO OFFER GIFT VOUCHERS \/ TICKETS OR MAKE A RESERVATION<\/h2>\n<table border=\"0\" width=\"580\" cellspacing=\"10\" cellpadding=\"10\">\n<tbody>\n<tr>\n<td width=\"50%\"><strong>BRISTELL INITIATION B23 &#8211; 1 STUDENT &#8211; From 20 min.<\/strong><\/td>\n<td><strong>CHF 220.00 per flight<span class=\"productPrice\"><br \/><\/span><\/strong><\/td>\n<\/tr>\n<tr>\n<td>Further information<\/td>\n<td><span class=\"patt\">&#8211; You use the plane exclusively for yourself<br \/>&#8211; You determine the departure date and time<br \/>&#8211; Maximum height: 1m 90<br \/>&#8211; Maximum 1 pers.<\/span><\/td>\n<\/tr>\n<tr>\n<td>Airport<\/td>\n<td><a href=\"https:\/\/www.google.com\/maps\/place\/46%C2%B054'42.7%22N+7%C2%B030'12.1%22E\/@46.9123669,7.4941803,1542m\/data=!3m1!1e3!4m4!3m3!8m2!3d46.9118611!4d7.5033611?entry=ttu\" target=\"_blank\" rel=\"noopener\">Bern-Belp<\/a><\/td>\n<\/tr>\n<tr>\n<td>Choice of flight times<\/td>\n<td>20 \/ 30 \/ 40 \/ 60 min.<\/td>\n<\/tr>\n<tr>\n<td>Total duration<\/td>\n<td>approx. 1h to 1h40 depending on number of minutes<\/td>\n<\/tr>\n<tr>\n<td>Appointment<\/td>\n<td>By phone<\/td>\n<\/tr>\n<tr>\n<td><button class=\"elementor-button\" type=\"button\"><a href=\"https:\/\/swissraft.outdoorbooking.ch\/fo\/products\/164?base_id=24&amp;category_id=4&amp;order_type=gift_voucher&amp;lang=en\" target=\"_blank\" rel=\"noopener\">PURCHASE GIFT VOUCHER \/ TICKET<\/a><\/button><\/td>\n<td><strong>CHF 220.00 &#8211; 20 min. flight <\/strong><\/td>\n<\/tr>\n<tr>\n<td><button class=\"elementor-button\" type=\"button\"><a href=\"https:\/\/swissraft.outdoorbooking.ch\/fo\/products\/287?base_id=24&amp;category_id=4&amp;order_type=gift_voucher&amp;lang=en\" target=\"_blank\" rel=\"noopener\">PURCHASE GIFT VOUCHER \/ TICKET<\/a><\/button><\/td>\n<td><strong>CHF 265.00 &#8211; 30 min. flight <\/strong><\/td>\n<\/tr>\n<tr>\n<td><button class=\"elementor-button\" type=\"button\"><a href=\"https:\/\/swissraft.outdoorbooking.ch\/fo\/products\/334?base_id=24&amp;category_id=4&amp;order_type=gift_voucher&amp;lang=en\" target=\"_blank\" rel=\"noopener\">PURCHASE GIFT VOUCHER \/ TICKET<\/a><\/button><\/td>\n<td><strong>CHF 335.00 &#8211; 40 min. flight <\/strong><\/td>\n<\/tr>\n<tr>\n<td><button class=\"elementor-button\" type=\"button\"><a href=\"https:\/\/swissraft.outdoorbooking.ch\/fo\/products\/335?base_id=24&amp;category_id=4&amp;order_type=gift_voucher&amp;lang=en\" target=\"_blank\" rel=\"noopener\">PURCHASE GIFT VOUCHER \/ TICKET<\/a><\/button><\/td>\n<td><strong>CHF 415.00 &#8211; 60 min. flight <\/strong><\/td>\n<\/tr>\n<tr>\n<td> <\/td>\n<td><strong><em>IMPORTANT !<\/em><\/strong><br \/><em>To book, call the number at the top left of the gift voucher\/ticket.<\/em><\/td>\n<\/tr>\n<\/tbody>\n<\/table>\n\t\t\t\t\t\t<\/div>\n\t\t\t\t<\/div>\n\t\t\t\t\t<\/div>\n\t\t<\/div>\n\t\t\t\t\t\t\t<\/div>\n\t\t<\/section>\n\t\t\t\t\t\t\t<\/div>\n\t\t","protected":false},"excerpt":{"rendered":"<div align=\"justify\">\n<h2 align=\"justify\">From Berne-Belp airport, take the controls and enjoy a Bristell B23 initiation with no further formalities.<\/h2>\n<h3>The Bristell B23 is a new-generation airplane. It&#8217;s easy to fly, under the supervision of your instructor, of course. <\/h3>\n<\/div>\n<div align=\"justify\">\n<p>Learn to fly a plane by opting for an introductory flight course. You&#8217;ll experience an exceptional moment at the controls of your aircraft, and above all you&#8217;ll enjoy yourself.<\/p>\n<h3>Swissraft enables you to fly a wide range of airplanes and helicopters in Switzerland. Give us a call, we&#8217;ll be happy to advise you on your choice. <\/h3>\n<p id=\"textarea\" style=\"display: none;\">\nWe also offer introductory flights at Buttwil airfield. But also from \u00c9pagny en Gruy\u00e8re airfield in the canton of Fribourg. We also offer introductory glider flights at Sch\u00e4nis airfield.\n<\/p>\n<p><a id=\"seeMore\" onclick=\"toggleSeeMore()\" href=\"javascript:void(0);\">Read more<\/a><\/p>\n","protected":false},"featured_media":88650,"comment_status":"open","ping_status":"closed","template":"","meta":{"inline_featured_image":false,"_mi_skip_tracking":false},"product_cat":[372,469,374],"product_tag":[],"class_list":["post-92899","product","type-product","status-publish","has-post-thumbnail","hentry","product_cat-flying-a-plane","product_cat-introduction-to-flying-berne-belp","product_cat-pilot-yourself"],"yoast_head":"<!-- This site is optimized with the Yoast SEO plugin v23.6 - https:\/\/yoast.com\/wordpress\/plugins\/seo\/ -->\n<title>Introduction to Bristell B23 from Bern-Belp. Learn to fly<\/title>\n<meta name=\"description\" content=\"Introduction to Bristell B23 from Bern-Belp. Have you always dreamed of one day flying an airplane? Swissraft makes it easy for you\" \/>\n<meta name=\"robots\" content=\"index, follow, max-snippet:-1, max-image-preview:large, max-video-preview:-1\" \/>\n<link rel=\"canonical\" href=\"https:\/\/www.swissraft.ch\/en\/product\/introduction-plane-bern-belp-bristell-b23\/\" \/>\n<meta property=\"og:locale\" content=\"en_US\" \/>\n<meta property=\"og:type\" content=\"article\" \/>\n<meta property=\"og:title\" content=\"Introduction to Bristell B23 from Bern-Belp. Learn to fly\" \/>\n<meta property=\"og:description\" content=\"Introduction to Bristell B23 from Bern-Belp. Have you always dreamed of one day flying an airplane? Swissraft makes it easy for you\" \/>\n<meta property=\"og:url\" content=\"https:\/\/www.swissraft.ch\/en\/product\/introduction-plane-bern-belp-bristell-b23\/\" \/>\n<meta property=\"og:site_name\" content=\"Swissraft\" \/>\n<meta property=\"article:modified_time\" content=\"2025-11-17T22:02:11+00:00\" \/>\n<meta property=\"og:image\" content=\"https:\/\/www.swissraft.ch\/wp-content\/uploads\/2023\/01\/1-BRISTELL-B23-776x776-1.jpg\" \/>\n\t<meta property=\"og:image:width\" content=\"776\" \/>\n\t<meta property=\"og:image:height\" content=\"776\" \/>\n\t<meta property=\"og:image:type\" content=\"image\/jpeg\" \/>\n<meta name=\"twitter:card\" content=\"summary_large_image\" \/>\n<meta name=\"twitter:label1\" content=\"Est. reading time\" \/>\n\t<meta name=\"twitter:data1\" content=\"1 minute\" \/>\n<script type=\"application\/ld+json\" class=\"yoast-schema-graph\">{\"@context\":\"https:\/\/schema.org\",\"@graph\":[{\"@type\":\"WebPage\",\"@id\":\"https:\/\/www.swissraft.ch\/en\/product\/introduction-plane-bern-belp-bristell-b23\/\",\"url\":\"https:\/\/www.swissraft.ch\/en\/product\/introduction-plane-bern-belp-bristell-b23\/\",\"name\":\"Introduction to Bristell B23 from Bern-Belp. Learn to fly\",\"isPartOf\":{\"@id\":\"https:\/\/www.swissraft.ch\/en\/#website\"},\"primaryImageOfPage\":{\"@id\":\"https:\/\/www.swissraft.ch\/en\/product\/introduction-plane-bern-belp-bristell-b23\/#primaryimage\"},\"image\":{\"@id\":\"https:\/\/www.swissraft.ch\/en\/product\/introduction-plane-bern-belp-bristell-b23\/#primaryimage\"},\"thumbnailUrl\":\"https:\/\/www.swissraft.ch\/wp-content\/uploads\/2023\/01\/1-BRISTELL-B23-776x776-1.jpg\",\"datePublished\":\"2023-01-18T14:19:14+00:00\",\"dateModified\":\"2025-11-17T22:02:11+00:00\",\"description\":\"Introduction to Bristell B23 from Bern-Belp. Have you always dreamed of one day flying an airplane? Swissraft makes it easy for you\",\"breadcrumb\":{\"@id\":\"https:\/\/www.swissraft.ch\/en\/product\/introduction-plane-bern-belp-bristell-b23\/#breadcrumb\"},\"inLanguage\":\"en-US\",\"potentialAction\":[{\"@type\":\"ReadAction\",\"target\":[\"https:\/\/www.swissraft.ch\/en\/product\/introduction-plane-bern-belp-bristell-b23\/\"]}]},{\"@type\":\"ImageObject\",\"inLanguage\":\"en-US\",\"@id\":\"https:\/\/www.swissraft.ch\/en\/product\/introduction-plane-bern-belp-bristell-b23\/#primaryimage\",\"url\":\"https:\/\/www.swissraft.ch\/wp-content\/uploads\/2023\/01\/1-BRISTELL-B23-776x776-1.jpg\",\"contentUrl\":\"https:\/\/www.swissraft.ch\/wp-content\/uploads\/2023\/01\/1-BRISTELL-B23-776x776-1.jpg\",\"width\":776,\"height\":776,\"caption\":\"Bristell B23 for an introduction to flying from Bern-Belp\"},{\"@type\":\"BreadcrumbList\",\"@id\":\"https:\/\/www.swissraft.ch\/en\/product\/introduction-plane-bern-belp-bristell-b23\/#breadcrumb\",\"itemListElement\":[{\"@type\":\"ListItem\",\"position\":1,\"name\":\"Accueil\",\"item\":\"https:\/\/www.swissraft.ch\/en\/\"},{\"@type\":\"ListItem\",\"position\":2,\"name\":\"Store\",\"item\":\"https:\/\/www.swissraft.ch\/en\/store\/\"},{\"@type\":\"ListItem\",\"position\":3,\"name\":\"Initiation on a plane from BERNE-BELP &#8211; BRISTELL B23 &#8211; From CHF 220.00\"}]},{\"@type\":\"WebSite\",\"@id\":\"https:\/\/www.swissraft.ch\/en\/#website\",\"url\":\"https:\/\/www.swissraft.ch\/en\/\",\"name\":\"Swissraft\",\"description\":\"To enjoy nature as it is\",\"publisher\":{\"@id\":\"https:\/\/www.swissraft.ch\/en\/#organization\"},\"potentialAction\":[{\"@type\":\"SearchAction\",\"target\":{\"@type\":\"EntryPoint\",\"urlTemplate\":\"https:\/\/www.swissraft.ch\/en\/?s={search_term_string}\"},\"query-input\":{\"@type\":\"PropertyValueSpecification\",\"valueRequired\":true,\"valueName\":\"search_term_string\"}}],\"inLanguage\":\"en-US\"},{\"@type\":\"Organization\",\"@id\":\"https:\/\/www.swissraft.ch\/en\/#organization\",\"name\":\"Swissraft\",\"url\":\"https:\/\/www.swissraft.ch\/en\/\",\"logo\":{\"@type\":\"ImageObject\",\"inLanguage\":\"en-US\",\"@id\":\"https:\/\/www.swissraft.ch\/en\/#\/schema\/logo\/image\/\",\"url\":\"https:\/\/www.swissraft.ch\/wp-content\/uploads\/2025\/09\/Capture.jpg\",\"contentUrl\":\"https:\/\/www.swissraft.ch\/wp-content\/uploads\/2025\/09\/Capture.jpg\",\"width\":293,\"height\":108,\"caption\":\"Swissraft\"},\"image\":{\"@id\":\"https:\/\/www.swissraft.ch\/en\/#\/schema\/logo\/image\/\"}}]}<\/script>\n<!-- \/ Yoast SEO plugin. -->","yoast_head_json":{"title":"Introduction to Bristell B23 from Bern-Belp. Learn to fly","description":"Introduction to Bristell B23 from Bern-Belp. Have you always dreamed of one day flying an airplane? Swissraft makes it easy for you","robots":{"index":"index","follow":"follow","max-snippet":"max-snippet:-1","max-image-preview":"max-image-preview:large","max-video-preview":"max-video-preview:-1"},"canonical":"https:\/\/www.swissraft.ch\/en\/product\/introduction-plane-bern-belp-bristell-b23\/","og_locale":"en_US","og_type":"article","og_title":"Introduction to Bristell B23 from Bern-Belp. Learn to fly","og_description":"Introduction to Bristell B23 from Bern-Belp. Have you always dreamed of one day flying an airplane? Swissraft makes it easy for you","og_url":"https:\/\/www.swissraft.ch\/en\/product\/introduction-plane-bern-belp-bristell-b23\/","og_site_name":"Swissraft","article_modified_time":"2025-11-17T22:02:11+00:00","og_image":[{"width":776,"height":776,"url":"https:\/\/www.swissraft.ch\/wp-content\/uploads\/2023\/01\/1-BRISTELL-B23-776x776-1.jpg","type":"image\/jpeg"}],"twitter_card":"summary_large_image","twitter_misc":{"Est. reading time":"1 minute"},"schema":{"@context":"https:\/\/schema.org","@graph":[{"@type":"WebPage","@id":"https:\/\/www.swissraft.ch\/en\/product\/introduction-plane-bern-belp-bristell-b23\/","url":"https:\/\/www.swissraft.ch\/en\/product\/introduction-plane-bern-belp-bristell-b23\/","name":"Introduction to Bristell B23 from Bern-Belp. Learn to fly","isPartOf":{"@id":"https:\/\/www.swissraft.ch\/en\/#website"},"primaryImageOfPage":{"@id":"https:\/\/www.swissraft.ch\/en\/product\/introduction-plane-bern-belp-bristell-b23\/#primaryimage"},"image":{"@id":"https:\/\/www.swissraft.ch\/en\/product\/introduction-plane-bern-belp-bristell-b23\/#primaryimage"},"thumbnailUrl":"https:\/\/www.swissraft.ch\/wp-content\/uploads\/2023\/01\/1-BRISTELL-B23-776x776-1.jpg","datePublished":"2023-01-18T14:19:14+00:00","dateModified":"2025-11-17T22:02:11+00:00","description":"Introduction to Bristell B23 from Bern-Belp. Have you always dreamed of one day flying an airplane? Swissraft makes it easy for you","breadcrumb":{"@id":"https:\/\/www.swissraft.ch\/en\/product\/introduction-plane-bern-belp-bristell-b23\/#breadcrumb"},"inLanguage":"en-US","potentialAction":[{"@type":"ReadAction","target":["https:\/\/www.swissraft.ch\/en\/product\/introduction-plane-bern-belp-bristell-b23\/"]}]},{"@type":"ImageObject","inLanguage":"en-US","@id":"https:\/\/www.swissraft.ch\/en\/product\/introduction-plane-bern-belp-bristell-b23\/#primaryimage","url":"https:\/\/www.swissraft.ch\/wp-content\/uploads\/2023\/01\/1-BRISTELL-B23-776x776-1.jpg","contentUrl":"https:\/\/www.swissraft.ch\/wp-content\/uploads\/2023\/01\/1-BRISTELL-B23-776x776-1.jpg","width":776,"height":776,"caption":"Bristell B23 for an introduction to flying from Bern-Belp"},{"@type":"BreadcrumbList","@id":"https:\/\/www.swissraft.ch\/en\/product\/introduction-plane-bern-belp-bristell-b23\/#breadcrumb","itemListElement":[{"@type":"ListItem","position":1,"name":"Accueil","item":"https:\/\/www.swissraft.ch\/en\/"},{"@type":"ListItem","position":2,"name":"Store","item":"https:\/\/www.swissraft.ch\/en\/store\/"},{"@type":"ListItem","position":3,"name":"Initiation on a plane from BERNE-BELP &#8211; BRISTELL B23 &#8211; From CHF 220.00"}]},{"@type":"WebSite","@id":"https:\/\/www.swissraft.ch\/en\/#website","url":"https:\/\/www.swissraft.ch\/en\/","name":"Swissraft","description":"To enjoy nature as it is","publisher":{"@id":"https:\/\/www.swissraft.ch\/en\/#organization"},"potentialAction":[{"@type":"SearchAction","target":{"@type":"EntryPoint","urlTemplate":"https:\/\/www.swissraft.ch\/en\/?s={search_term_string}"},"query-input":{"@type":"PropertyValueSpecification","valueRequired":true,"valueName":"search_term_string"}}],"inLanguage":"en-US"},{"@type":"Organization","@id":"https:\/\/www.swissraft.ch\/en\/#organization","name":"Swissraft","url":"https:\/\/www.swissraft.ch\/en\/","logo":{"@type":"ImageObject","inLanguage":"en-US","@id":"https:\/\/www.swissraft.ch\/en\/#\/schema\/logo\/image\/","url":"https:\/\/www.swissraft.ch\/wp-content\/uploads\/2025\/09\/Capture.jpg","contentUrl":"https:\/\/www.swissraft.ch\/wp-content\/uploads\/2025\/09\/Capture.jpg","width":293,"height":108,"caption":"Swissraft"},"image":{"@id":"https:\/\/www.swissraft.ch\/en\/#\/schema\/logo\/image\/"}}]}},"_links":{"self":[{"href":"https:\/\/www.swissraft.ch\/en\/wp-json\/wp\/v2\/product\/92899","targetHints":{"allow":["GET"]}}],"collection":[{"href":"https:\/\/www.swissraft.ch\/en\/wp-json\/wp\/v2\/product"}],"about":[{"href":"https:\/\/www.swissraft.ch\/en\/wp-json\/wp\/v2\/types\/product"}],"replies":[{"embeddable":true,"href":"https:\/\/www.swissraft.ch\/en\/wp-json\/wp\/v2\/comments?post=92899"}],"version-history":[{"count":17,"href":"https:\/\/www.swissraft.ch\/en\/wp-json\/wp\/v2\/product\/92899\/revisions"}],"predecessor-version":[{"id":123614,"href":"https:\/\/www.swissraft.ch\/en\/wp-json\/wp\/v2\/product\/92899\/revisions\/123614"}],"wp:featuredmedia":[{"embeddable":true,"href":"https:\/\/www.swissraft.ch\/en\/wp-json\/wp\/v2\/media\/88650"}],"wp:attachment":[{"href":"https:\/\/www.swissraft.ch\/en\/wp-json\/wp\/v2\/media?parent=92899"}],"wp:term":[{"taxonomy":"product_cat","embeddable":true,"href":"https:\/\/www.swissraft.ch\/en\/wp-json\/wp\/v2\/product_cat?post=92899"},{"taxonomy":"product_tag","embeddable":true,"href":"https:\/\/www.swissraft.ch\/en\/wp-json\/wp\/v2\/product_tag?post=92899"}],"curies":[{"name":"wp","href":"https:\/\/api.w.org\/{rel}","templated":true}]}}