{"id":92891,"date":"2023-01-17T21:11:57","date_gmt":"2023-01-17T20:11:57","guid":{"rendered":"https:\/\/swissraft.xyanzkdne.eu\/product\/oldtimer-from-epagny-aerial-flight-on-bucker-chf-330-00\/"},"modified":"2025-05-28T04:48:28","modified_gmt":"2025-05-28T02:48:28","slug":"oldtimer-from-epagny-aerial-flight-on-bucker-chf-330-00","status":"publish","type":"product","link":"https:\/\/www.swissraft.ch\/en\/product\/oldtimer-from-epagny-aerial-flight-on-bucker-chf-330-00\/","title":{"rendered":"Oldtimer from \u00c9PAGNY &#8211; AERIAL FLIGHT ON B\u00dcCKER &#8211; CHF 430.00"},"content":{"rendered":"\t\t<div data-elementor-type=\"wp-post\" data-elementor-id=\"92891\" class=\"elementor elementor-92891 elementor-30491\">\n\t\t\t\t\t\t\t\t\t<section class=\"elementor-section elementor-top-section elementor-element elementor-element-3303a7e3 elementor-section-boxed elementor-section-height-default elementor-section-height-default\" data-id=\"3303a7e3\" data-element_type=\"section\">\n\t\t\t\t\t\t<div class=\"elementor-container elementor-column-gap-default\">\n\t\t\t\t\t<div class=\"elementor-column elementor-col-100 elementor-top-column elementor-element elementor-element-16d72dbf\" data-id=\"16d72dbf\" data-element_type=\"column\">\n\t\t\t<div class=\"elementor-widget-wrap elementor-element-populated\">\n\t\t\t\t\t\t\t\t<div class=\"elementor-element elementor-element-d743c03 elementor-widget elementor-widget-text-editor\" data-id=\"d743c03\" data-element_type=\"widget\" data-widget_type=\"text-editor.default\">\n\t\t\t\t<div class=\"elementor-widget-container\">\n\t\t\t\t\t\t\t<h2>CHOOSE YOUR ACTIVITY BELOW TO OFFER GIFT VOUCHERS \/ TICKETS OR MAKE A RESERVATION<\/h2><table border=\"0\" width=\"580\" cellspacing=\"10\" cellpadding=\"10\"><tbody><tr><td width=\"50%\"><strong>B\u00dcCKER FLIGHT (1 pers.) &#8211; 40 min.<\/strong><\/td><td><strong>CHF 430.00 per flight<span class=\"productPrice\"><br \/><\/span><\/strong><\/td><\/tr><tr><td>Additional information<\/td><td>&#8211; 20-minute panoramic flight<br \/>&#8211; 20-minute aerobatic flight<br \/>&#8211; Maximum weight 85 kg<br \/>&#8211; Maximum 1 person<\/td><\/tr><tr><td>Airfield<\/td><td><a href=\"https:\/\/www.google.com\/maps\/place\/46%C2%B035'44.0%22N+7%C2%B005'36.3%22E\/@46.5958455,7.0846888,1551m\/data=!3m1!1e3!4m4!3m3!8m2!3d46.5955556!4d7.0934167?entry=ttu\" target=\"_blank\" rel=\"noopener\">\u00c9pagny<\/a><\/td><\/tr><tr><td>Flying time<\/td><td>40 min.<\/td><\/tr><tr><td>Total duration<\/td><td>approx. 1h15<\/td><\/tr><tr><td>Rendez-vous<\/td><td>Par t\u00e9l\u00e9phone<\/td><\/tr><tr><td><button class=\"elementor-button\" type=\"button\"><a href=\"https:\/\/swissraft.outdoorbooking.ch\/fo\/products\/1788?base_id=252&amp;category_id=27&amp;order_type=gift_voucher&amp;lang=en\" target=\"_blank\" rel=\"noopener\">GIFT VOUCHER<\/a><\/button><\/td><td>To make a reservation <span class=\"patt\" style=\"font-family: inherit; font-size: inherit;\"><span class=\"plbl\"><span class=\"patt\"><a href=\"https:\/\/www.swissraft.ch\/en\/contact\/\">contact us<\/a><\/span><\/span><\/span><\/td><\/tr><\/tbody><\/table>\t\t\t\t\t\t<\/div>\n\t\t\t\t<\/div>\n\t\t\t\t\t<\/div>\n\t\t<\/div>\n\t\t\t\t\t\t\t<\/div>\n\t\t<\/section>\n\t\t\t\t\t\t\t<\/div>\n\t\t","protected":false},"excerpt":{"rendered":"<div align=\"justify\">\n<h2 align=\"justify\">From \u00c9pagny en Gruy\u00e8re discover the magic of aerobatics<\/h2>\n<h3>A 40-minute flight on a 1930s B\u00fccker 131 Jungmann departing from \u00c9pagny airfield.<\/h3>\n<\/div>\n<div align=\"justify\">\n<p>In the skies over the \u00c9pagny airfield in Gruy\u00e8re, the B\u00fccker soars, combining grace and daring. First, a leisurely stroll, contemplating the landscapes that pass beneath our wings. Then a metamorphosis takes place, as acrobatics take over, defying the laws of gravity. Loops and rolls follow one another, catapulting us into a whirlwind of emotions. Our hearts beat with excitement and wonder as the wind whistles in our ears. \u00c9pagny en Gruy\u00e8re becomes the stage for our show, a moving tableau before our astonished eyes. Mountains, valleys, everything becomes a playground in this aerial ballet. And when aerobatics give way to tranquillity, we rediscover the simple pleasure of pleasure flying. The B\u00fccker brings us gently back down to earth, smiling and light-hearted, imbued with the magic of this unique experience. In our minds, the call of the sky is already ringing, a promise of new adventures mixing pleasure and adrenalin above \u00c9pagny.<\/p>\n<h3>Swissraft offers you other airfields in French and German-speaking Switzerland for aerobatics or pleasure flying aboard an old cuckoo clock.<\/h3>\n<p id=\"textarea\" style=\"display: none;\">\nWe also offer Oldtimer sightseeing flights departing from Buttwil airfield. We also fly from Sion aerodrome on Stearman. But also pleasure flights and aerobatics on a B\u00fccker departing from Bex. If you&#8217;re interested in glider aerobatics, we offer an aerobatics program from Sch\u00e4nis airfield.\n<\/p>\n<p><a id=\"seeMore\" onclick=\"toggleSeeMore()\" href=\"javascript:void(0);\">Read more<\/a><\/p>\n","protected":false},"featured_media":82107,"comment_status":"open","ping_status":"closed","template":"","meta":{"inline_featured_image":false,"_mi_skip_tracking":false},"product_cat":[539],"product_tag":[],"class_list":["post-92891","product","type-product","status-publish","has-post-thumbnail","hentry","product_cat-oldtimer-aircraft-and-aerobatics"],"yoast_head":"<!-- This site is optimized with the Yoast SEO plugin v23.6 - https:\/\/yoast.com\/wordpress\/plugins\/seo\/ -->\n<title>B\u00fccker aerobatics at \u00c9pagny. Extreme sensations guaranteed<\/title>\n<meta name=\"description\" content=\"B\u00fccker aerobatics at \u00c9pagny. Extreme thrills guaranteed. You&#039;ll be blown away by the handling and performance of this old 1930s cuckoo clock.\" \/>\n<meta name=\"robots\" content=\"index, follow, max-snippet:-1, max-image-preview:large, max-video-preview:-1\" \/>\n<link rel=\"canonical\" href=\"https:\/\/www.swissraft.ch\/en\/product\/oldtimer-from-epagny-aerial-flight-on-bucker-chf-330-00\/\" \/>\n<meta property=\"og:locale\" content=\"en_US\" \/>\n<meta property=\"og:type\" content=\"article\" \/>\n<meta property=\"og:title\" content=\"B\u00fccker aerobatics at \u00c9pagny. Extreme sensations guaranteed\" \/>\n<meta property=\"og:description\" content=\"B\u00fccker aerobatics at \u00c9pagny. Extreme thrills guaranteed. You&#039;ll be blown away by the handling and performance of this old 1930s cuckoo clock.\" \/>\n<meta property=\"og:url\" content=\"https:\/\/www.swissraft.ch\/en\/product\/oldtimer-from-epagny-aerial-flight-on-bucker-chf-330-00\/\" \/>\n<meta property=\"og:site_name\" content=\"Swissraft\" \/>\n<meta property=\"article:modified_time\" content=\"2025-05-28T02:48:28+00:00\" \/>\n<meta property=\"og:image\" content=\"https:\/\/www.swissraft.ch\/wp-content\/uploads\/2023\/01\/Bucker-776x776-1-1.jpg\" \/>\n\t<meta property=\"og:image:width\" content=\"776\" \/>\n\t<meta property=\"og:image:height\" content=\"776\" \/>\n\t<meta property=\"og:image:type\" content=\"image\/jpeg\" \/>\n<meta name=\"twitter:card\" content=\"summary_large_image\" \/>\n<meta name=\"twitter:label1\" content=\"Est. reading time\" \/>\n\t<meta name=\"twitter:data1\" content=\"1 minute\" \/>\n<script type=\"application\/ld+json\" class=\"yoast-schema-graph\">{\"@context\":\"https:\/\/schema.org\",\"@graph\":[{\"@type\":\"WebPage\",\"@id\":\"https:\/\/www.swissraft.ch\/en\/product\/oldtimer-from-epagny-aerial-flight-on-bucker-chf-330-00\/\",\"url\":\"https:\/\/www.swissraft.ch\/en\/product\/oldtimer-from-epagny-aerial-flight-on-bucker-chf-330-00\/\",\"name\":\"B\u00fccker aerobatics at \u00c9pagny. Extreme sensations guaranteed\",\"isPartOf\":{\"@id\":\"https:\/\/www.swissraft.ch\/en\/#website\"},\"primaryImageOfPage\":{\"@id\":\"https:\/\/www.swissraft.ch\/en\/product\/oldtimer-from-epagny-aerial-flight-on-bucker-chf-330-00\/#primaryimage\"},\"image\":{\"@id\":\"https:\/\/www.swissraft.ch\/en\/product\/oldtimer-from-epagny-aerial-flight-on-bucker-chf-330-00\/#primaryimage\"},\"thumbnailUrl\":\"https:\/\/www.swissraft.ch\/wp-content\/uploads\/2023\/01\/Bucker-776x776-1-1.jpg\",\"datePublished\":\"2023-01-17T20:11:57+00:00\",\"dateModified\":\"2025-05-28T02:48:28+00:00\",\"description\":\"B\u00fccker aerobatics at \u00c9pagny. Extreme thrills guaranteed. You'll be blown away by the handling and performance of this old 1930s cuckoo clock.\",\"breadcrumb\":{\"@id\":\"https:\/\/www.swissraft.ch\/en\/product\/oldtimer-from-epagny-aerial-flight-on-bucker-chf-330-00\/#breadcrumb\"},\"inLanguage\":\"en-US\",\"potentialAction\":[{\"@type\":\"ReadAction\",\"target\":[\"https:\/\/www.swissraft.ch\/en\/product\/oldtimer-from-epagny-aerial-flight-on-bucker-chf-330-00\/\"]}]},{\"@type\":\"ImageObject\",\"inLanguage\":\"en-US\",\"@id\":\"https:\/\/www.swissraft.ch\/en\/product\/oldtimer-from-epagny-aerial-flight-on-bucker-chf-330-00\/#primaryimage\",\"url\":\"https:\/\/www.swissraft.ch\/wp-content\/uploads\/2023\/01\/Bucker-776x776-1-1.jpg\",\"contentUrl\":\"https:\/\/www.swissraft.ch\/wp-content\/uploads\/2023\/01\/Bucker-776x776-1-1.jpg\",\"width\":776,\"height\":776,\"caption\":\"B\u00fccker aerobatics from \u00c9pagny\"},{\"@type\":\"BreadcrumbList\",\"@id\":\"https:\/\/www.swissraft.ch\/en\/product\/oldtimer-from-epagny-aerial-flight-on-bucker-chf-330-00\/#breadcrumb\",\"itemListElement\":[{\"@type\":\"ListItem\",\"position\":1,\"name\":\"Accueil\",\"item\":\"https:\/\/www.swissraft.ch\/en\/\"},{\"@type\":\"ListItem\",\"position\":2,\"name\":\"Store\",\"item\":\"https:\/\/www.swissraft.ch\/en\/store\/\"},{\"@type\":\"ListItem\",\"position\":3,\"name\":\"Oldtimer from \u00c9PAGNY &#8211; AERIAL FLIGHT ON B\u00dcCKER &#8211; CHF 430.00\"}]},{\"@type\":\"WebSite\",\"@id\":\"https:\/\/www.swissraft.ch\/en\/#website\",\"url\":\"https:\/\/www.swissraft.ch\/en\/\",\"name\":\"Swissraft\",\"description\":\"To enjoy nature as it is\",\"publisher\":{\"@id\":\"https:\/\/www.swissraft.ch\/en\/#organization\"},\"potentialAction\":[{\"@type\":\"SearchAction\",\"target\":{\"@type\":\"EntryPoint\",\"urlTemplate\":\"https:\/\/www.swissraft.ch\/en\/?s={search_term_string}\"},\"query-input\":{\"@type\":\"PropertyValueSpecification\",\"valueRequired\":true,\"valueName\":\"search_term_string\"}}],\"inLanguage\":\"en-US\"},{\"@type\":\"Organization\",\"@id\":\"https:\/\/www.swissraft.ch\/en\/#organization\",\"name\":\"Swissraft\",\"url\":\"https:\/\/www.swissraft.ch\/en\/\",\"logo\":{\"@type\":\"ImageObject\",\"inLanguage\":\"en-US\",\"@id\":\"https:\/\/www.swissraft.ch\/en\/#\/schema\/logo\/image\/\",\"url\":\"https:\/\/www.swissraft.ch\/wp-content\/uploads\/2025\/09\/Capture.jpg\",\"contentUrl\":\"https:\/\/www.swissraft.ch\/wp-content\/uploads\/2025\/09\/Capture.jpg\",\"width\":293,\"height\":108,\"caption\":\"Swissraft\"},\"image\":{\"@id\":\"https:\/\/www.swissraft.ch\/en\/#\/schema\/logo\/image\/\"}}]}<\/script>\n<!-- \/ Yoast SEO plugin. -->","yoast_head_json":{"title":"B\u00fccker aerobatics at \u00c9pagny. Extreme sensations guaranteed","description":"B\u00fccker aerobatics at \u00c9pagny. Extreme thrills guaranteed. You'll be blown away by the handling and performance of this old 1930s cuckoo clock.","robots":{"index":"index","follow":"follow","max-snippet":"max-snippet:-1","max-image-preview":"max-image-preview:large","max-video-preview":"max-video-preview:-1"},"canonical":"https:\/\/www.swissraft.ch\/en\/product\/oldtimer-from-epagny-aerial-flight-on-bucker-chf-330-00\/","og_locale":"en_US","og_type":"article","og_title":"B\u00fccker aerobatics at \u00c9pagny. Extreme sensations guaranteed","og_description":"B\u00fccker aerobatics at \u00c9pagny. Extreme thrills guaranteed. You'll be blown away by the handling and performance of this old 1930s cuckoo clock.","og_url":"https:\/\/www.swissraft.ch\/en\/product\/oldtimer-from-epagny-aerial-flight-on-bucker-chf-330-00\/","og_site_name":"Swissraft","article_modified_time":"2025-05-28T02:48:28+00:00","og_image":[{"width":776,"height":776,"url":"https:\/\/www.swissraft.ch\/wp-content\/uploads\/2023\/01\/Bucker-776x776-1-1.jpg","type":"image\/jpeg"}],"twitter_card":"summary_large_image","twitter_misc":{"Est. reading time":"1 minute"},"schema":{"@context":"https:\/\/schema.org","@graph":[{"@type":"WebPage","@id":"https:\/\/www.swissraft.ch\/en\/product\/oldtimer-from-epagny-aerial-flight-on-bucker-chf-330-00\/","url":"https:\/\/www.swissraft.ch\/en\/product\/oldtimer-from-epagny-aerial-flight-on-bucker-chf-330-00\/","name":"B\u00fccker aerobatics at \u00c9pagny. Extreme sensations guaranteed","isPartOf":{"@id":"https:\/\/www.swissraft.ch\/en\/#website"},"primaryImageOfPage":{"@id":"https:\/\/www.swissraft.ch\/en\/product\/oldtimer-from-epagny-aerial-flight-on-bucker-chf-330-00\/#primaryimage"},"image":{"@id":"https:\/\/www.swissraft.ch\/en\/product\/oldtimer-from-epagny-aerial-flight-on-bucker-chf-330-00\/#primaryimage"},"thumbnailUrl":"https:\/\/www.swissraft.ch\/wp-content\/uploads\/2023\/01\/Bucker-776x776-1-1.jpg","datePublished":"2023-01-17T20:11:57+00:00","dateModified":"2025-05-28T02:48:28+00:00","description":"B\u00fccker aerobatics at \u00c9pagny. Extreme thrills guaranteed. You'll be blown away by the handling and performance of this old 1930s cuckoo clock.","breadcrumb":{"@id":"https:\/\/www.swissraft.ch\/en\/product\/oldtimer-from-epagny-aerial-flight-on-bucker-chf-330-00\/#breadcrumb"},"inLanguage":"en-US","potentialAction":[{"@type":"ReadAction","target":["https:\/\/www.swissraft.ch\/en\/product\/oldtimer-from-epagny-aerial-flight-on-bucker-chf-330-00\/"]}]},{"@type":"ImageObject","inLanguage":"en-US","@id":"https:\/\/www.swissraft.ch\/en\/product\/oldtimer-from-epagny-aerial-flight-on-bucker-chf-330-00\/#primaryimage","url":"https:\/\/www.swissraft.ch\/wp-content\/uploads\/2023\/01\/Bucker-776x776-1-1.jpg","contentUrl":"https:\/\/www.swissraft.ch\/wp-content\/uploads\/2023\/01\/Bucker-776x776-1-1.jpg","width":776,"height":776,"caption":"B\u00fccker aerobatics from \u00c9pagny"},{"@type":"BreadcrumbList","@id":"https:\/\/www.swissraft.ch\/en\/product\/oldtimer-from-epagny-aerial-flight-on-bucker-chf-330-00\/#breadcrumb","itemListElement":[{"@type":"ListItem","position":1,"name":"Accueil","item":"https:\/\/www.swissraft.ch\/en\/"},{"@type":"ListItem","position":2,"name":"Store","item":"https:\/\/www.swissraft.ch\/en\/store\/"},{"@type":"ListItem","position":3,"name":"Oldtimer from \u00c9PAGNY &#8211; AERIAL FLIGHT ON B\u00dcCKER &#8211; CHF 430.00"}]},{"@type":"WebSite","@id":"https:\/\/www.swissraft.ch\/en\/#website","url":"https:\/\/www.swissraft.ch\/en\/","name":"Swissraft","description":"To enjoy nature as it is","publisher":{"@id":"https:\/\/www.swissraft.ch\/en\/#organization"},"potentialAction":[{"@type":"SearchAction","target":{"@type":"EntryPoint","urlTemplate":"https:\/\/www.swissraft.ch\/en\/?s={search_term_string}"},"query-input":{"@type":"PropertyValueSpecification","valueRequired":true,"valueName":"search_term_string"}}],"inLanguage":"en-US"},{"@type":"Organization","@id":"https:\/\/www.swissraft.ch\/en\/#organization","name":"Swissraft","url":"https:\/\/www.swissraft.ch\/en\/","logo":{"@type":"ImageObject","inLanguage":"en-US","@id":"https:\/\/www.swissraft.ch\/en\/#\/schema\/logo\/image\/","url":"https:\/\/www.swissraft.ch\/wp-content\/uploads\/2025\/09\/Capture.jpg","contentUrl":"https:\/\/www.swissraft.ch\/wp-content\/uploads\/2025\/09\/Capture.jpg","width":293,"height":108,"caption":"Swissraft"},"image":{"@id":"https:\/\/www.swissraft.ch\/en\/#\/schema\/logo\/image\/"}}]}},"_links":{"self":[{"href":"https:\/\/www.swissraft.ch\/en\/wp-json\/wp\/v2\/product\/92891","targetHints":{"allow":["GET"]}}],"collection":[{"href":"https:\/\/www.swissraft.ch\/en\/wp-json\/wp\/v2\/product"}],"about":[{"href":"https:\/\/www.swissraft.ch\/en\/wp-json\/wp\/v2\/types\/product"}],"replies":[{"embeddable":true,"href":"https:\/\/www.swissraft.ch\/en\/wp-json\/wp\/v2\/comments?post=92891"}],"version-history":[{"count":3,"href":"https:\/\/www.swissraft.ch\/en\/wp-json\/wp\/v2\/product\/92891\/revisions"}],"predecessor-version":[{"id":115361,"href":"https:\/\/www.swissraft.ch\/en\/wp-json\/wp\/v2\/product\/92891\/revisions\/115361"}],"wp:featuredmedia":[{"embeddable":true,"href":"https:\/\/www.swissraft.ch\/en\/wp-json\/wp\/v2\/media\/82107"}],"wp:attachment":[{"href":"https:\/\/www.swissraft.ch\/en\/wp-json\/wp\/v2\/media?parent=92891"}],"wp:term":[{"taxonomy":"product_cat","embeddable":true,"href":"https:\/\/www.swissraft.ch\/en\/wp-json\/wp\/v2\/product_cat?post=92891"},{"taxonomy":"product_tag","embeddable":true,"href":"https:\/\/www.swissraft.ch\/en\/wp-json\/wp\/v2\/product_tag?post=92891"}],"curies":[{"name":"wp","href":"https:\/\/api.w.org\/{rel}","templated":true}]}}