{"id":92887,"date":"2023-02-18T12:11:22","date_gmt":"2023-02-18T11:11:22","guid":{"rendered":"https:\/\/swissraft.xyanzkdne.eu\/product\/skydiving-in-triengen-tandem-jumping-from-a-plane-from-chf-390-00\/"},"modified":"2026-04-02T23:28:47","modified_gmt":"2026-04-02T21:28:47","slug":"skydiving-triengen-tandem-jumping-plane","status":"publish","type":"product","link":"https:\/\/www.swissraft.ch\/en\/product\/skydiving-triengen-tandem-jumping-plane\/","title":{"rendered":"Skydiving in Triengen &#8211; Tandem jumping from a plane &#8211; From CHF 390.00"},"content":{"rendered":"\t\t<div data-elementor-type=\"wp-post\" data-elementor-id=\"92887\" class=\"elementor elementor-92887 elementor-30898\">\n\t\t\t\t\t\t\t\t\t<section class=\"elementor-section elementor-top-section elementor-element elementor-element-3303a7e3 elementor-section-boxed elementor-section-height-default elementor-section-height-default\" data-id=\"3303a7e3\" data-element_type=\"section\">\n\t\t\t\t\t\t<div class=\"elementor-container elementor-column-gap-default\">\n\t\t\t\t\t<div class=\"elementor-column elementor-col-100 elementor-top-column elementor-element elementor-element-16d72dbf\" data-id=\"16d72dbf\" data-element_type=\"column\">\n\t\t\t<div class=\"elementor-widget-wrap elementor-element-populated\">\n\t\t\t\t\t\t\t\t<div class=\"elementor-element elementor-element-d743c03 elementor-widget elementor-widget-text-editor\" data-id=\"d743c03\" data-element_type=\"widget\" data-widget_type=\"text-editor.default\">\n\t\t\t\t<div class=\"elementor-widget-container\">\n\t\t\t\t\t\t\t<h2>CHOOSE YOUR ACTIVITY BELOW TO OFFER GIFT VOUCHERS \/ TICKETS OR MAKE A RESERVATION<\/h2><table border=\"0\" width=\"580\" cellspacing=\"10\" cellpadding=\"10\"><tbody><tr><td width=\"50%\"><strong>1) TANDEM SKYDIVING &#8211; TRIENGEN<\/strong><\/td><td><strong>CHF 390.00 per person<span class=\"productPrice\"><br \/><\/span><\/strong><\/td><\/tr><tr><td>Further information<\/td><td>&#8211; Sport shoes without hooks<br \/>&#8211; Do not fast<br \/>&#8211; Do not be under the influence of alcohol or other substances<br \/>&#8211;<span class=\"patt\"> Parental consent required for minors<\/span><\/td><\/tr><tr><td>Schedules<\/td><td>When you make your reservation, you will be asked to choose a time<\/td><\/tr><tr><td>Free-fall duration<\/td><td>approx. 50 seconds<\/td><\/tr><tr><td>Total duration<\/td><td>approx. 4 hrs<\/td><\/tr><tr><td>Airfield<\/td><td><a href=\"https:\/\/www.google.com\/maps\/place\/47%C2%B013'36.7%22N+8%C2%B004'46.0%22E\/@47.2270183,8.0430167,6131m\/data=!3m1!1e3!4m4!3m3!8m2!3d47.2268611!4d8.0794444?entry=ttu\" target=\"_blank\" rel=\"noopener\">Triengen<\/a><\/td><\/tr><tr><td><button class=\"elementor-button\" type=\"button\"><a href=\"https:\/\/swissraft.outdoorbooking.ch\/fo\/products\/145?base_id=44&amp;category_id=5&amp;order_type=gift_voucher&amp;lang=en\" target=\"_blank\" rel=\"noopener\">PURCHASE GIFT VOUCHER \/ TICKET<\/a><\/button><\/td><td><a href=\"https:\/\/swissraft.outdoorbooking.ch\/fo\/products\/145?base_id=44&amp;category_id=5&amp;order_type=event&amp;lang=en\" target=\"_blank\" rel=\"noopener\">BOOK YOUR JUMP DATE<\/a>\u00a0\u00a0<strong>CHF 390.00<\/strong>\/pers.<\/td><\/tr><tr><td><button class=\"elementor-button\" type=\"button\"><a href=\"https:\/\/swissraft.outdoorbooking.ch\/fo\/products\/254?base_id=44&amp;category_id=5&amp;order_type=gift_voucher&amp;lang=en\" target=\"_blank\" rel=\"noopener\">PURCHASE GIFT VOUCHER \/ TICKET<\/a><\/button><\/td><td><a href=\"https:\/\/swissraft.outdoorbooking.ch\/fo\/products\/254?base_id=44&amp;category_id=5&amp;order_type=event&amp;lang=en\" target=\"_blank\" rel=\"noopener\">BOOK YOUR JUMP DATE<\/a>\u00a0 <strong>CHF 540.00<\/strong>\/pers. with video<\/td><\/tr><\/tbody><\/table><table border=\"0\" width=\"580\" cellspacing=\"10\" cellpadding=\"10\"><tbody><tr><td width=\"50%\"><strong>2) SOLO JUMP WITH AFF FREEFALL &#8211; TRIENGEN<\/strong><\/td><td><strong>CHF 490.00 per person<span class=\"productPrice\"><br \/><\/span><\/strong><\/td><\/tr><tr><td>Further information<\/td><td>&#8211; Sport shoes without hooks<br \/>&#8211; Do not fast<br \/>&#8211; Do not be under the influence of alcohol or other substances<br \/>&#8211;<span class=\"patt\"> Parental consent required for minors<\/span><\/td><\/tr><tr><td>Schedules<\/td><td>When you make your reservation, you will be asked to choose a time<\/td><\/tr><tr><td>Free-fall duration<\/td><td>approx. 50 seconds<\/td><\/tr><tr><td>Total duration<\/td><td>approx. 4 hrs<\/td><\/tr><tr><td>Airflield<\/td><td><a href=\"https:\/\/www.google.com\/maps\/place\/47%C2%B013'36.7%22N+8%C2%B004'46.0%22E\/@47.2270183,8.0430167,6131m\/data=!3m1!1e3!4m4!3m3!8m2!3d47.2268611!4d8.0794444?entry=ttu\" target=\"_blank\" rel=\"noopener\">Triengen<\/a><\/td><\/tr><tr><td><a href=\"https:\/\/swissraft.outdoorbooking.ch\/fo\/products\/255?base_id=44&amp;category_id=5&amp;order_type=gift_voucher&amp;lang=en\" target=\"_blank\" rel=\"noopener\"><button class=\"elementor-button\" type=\"button\">PURCHASE GIFT VOUCHER \/ TICKET<\/button><\/a><\/td><td><a href=\"https:\/\/swissraft.outdoorbooking.ch\/fo\/products\/255?base_id=44&amp;category_id=5&amp;order_type=event&amp;lang=en\" target=\"_blank\" rel=\"noopener\">BOOK YOUR JUMP DATE<\/a>\u00a0\u00a0<strong>CHF 490.00<\/strong>\/pers.<\/td><\/tr><tr><td><a href=\"https:\/\/swissraft.outdoorbooking.ch\/fo\/products\/256?base_id=44&amp;category_id=5&amp;order_type=gift_voucher&amp;lang=en\" target=\"_blank\" rel=\"noopener\"><button class=\"elementor-button\" type=\"button\">PURCHASE GIFT VOUCHER \/ TICKET<\/button><\/a><\/td><td><a href=\"https:\/\/swissraft.outdoorbooking.ch\/fo\/products\/256?base_id=44&amp;category_id=5&amp;order_type=event&amp;lang=en\" target=\"_blank\" rel=\"noopener\">BOOK YOUR JUMP DATE<\/a>\u00a0 <strong>CHF 640.00<\/strong>\/pers. with video<\/td><\/tr><\/tbody><\/table><table border=\"0\" width=\"580\" cellspacing=\"10\" cellpadding=\"10\"><tbody><tr><td width=\"50%\"><strong>3) SOLO JUMP WITH SOA &#8211; TRIENGEN<\/strong><\/td><td><strong>CHF 290.00 per person<span class=\"productPrice\"><br \/><\/span><\/strong><\/td><\/tr><tr><td>Further information<\/td><td>&#8211; Sport shoes without hooks<br \/>&#8211; Do not fast<br \/>&#8211; Do not be under the influence of alcohol or other substances<br \/>&#8211;<span class=\"patt\"> Parental consent required for minors<\/span><\/td><\/tr><tr><td>Schedules<\/td><td>When you make your reservation, you will be asked to choose a time<\/td><\/tr><tr><td>Free-fall time<\/td><td>approx. 2 seconds<\/td><\/tr><tr><td>Total duration<\/td><td>One day<\/td><\/tr><tr><td>Airflield<\/td><td><a href=\"https:\/\/www.google.com\/maps\/place\/47%C2%B013'36.7%22N+8%C2%B004'46.0%22E\/@47.2270183,8.0430167,6131m\/data=!3m1!1e3!4m4!3m3!8m2!3d47.2268611!4d8.0794444?entry=ttu\" target=\"_blank\" rel=\"noopener\">Triengen<\/a><\/td><\/tr><tr><td><button class=\"elementor-button\" type=\"button\"><a href=\"https:\/\/swissraft.outdoorbooking.ch\/fo\/products\/257?base_id=44&amp;category_id=5&amp;order_type=gift_voucher&amp;lang=en\" target=\"_blank\" rel=\"noopener\">PURCHASE GIFT VOUCHER \/ TICKET<\/a><\/button><\/td><td><a href=\"https:\/\/swissraft.outdoorbooking.ch\/fo\/products\/257?base_id=44&amp;category_id=5&amp;order_type=event&amp;lang=en\" target=\"_blank\" rel=\"noopener\">BOOK YOUR JUMP DATE<\/a>\u00a0 <strong>CHF 290.00<\/strong>\/pers.<\/td><\/tr><\/tbody><\/table>\t\t\t\t\t\t<\/div>\n\t\t\t\t<\/div>\n\t\t\t\t\t<\/div>\n\t\t<\/div>\n\t\t\t\t\t\t\t<\/div>\n\t\t<\/section>\n\t\t\t\t\t\t\t<\/div>\n\t\t","protected":false},"excerpt":{"rendered":"<div align=\"justify\">\n<h2 align=\"justify\">Tandem parachute jump at Triengen in the canton of Lucerne<\/h2>\n<h3>You jump from a plane 4000 m above the ground<\/h3>\n<\/div>\n<div align=\"justify\">\n<p>You can feel the wind ruffling your hair at over 200km\/h. Your eyes are protected by goggles, which we give you before you jump. You&#8217;ve been dreaming of this moment for a long time, and now it&#8217;s come true. We welcome you to our dropzone at Triengen airfield. First you receive instruction on how to behave during freefall and landing. You jump out of the plane and feel that inevitable adrenalin rush throughout the freefall. What&#8217;s more, during the ascent you have a magnificent view of all the lakes in Central Switzerland. Alternatively, if you&#8217;d like to go skydiving on your own, you can do it with us. This is called an AFF jump, and involves a day&#8217;s preparation with your instructor. Then you jump with two instructors who accompany you during the freefall and stabilize you. Once your parachute has opened, you continue your descent alone. Of course, you are under the control of an instructor on the ground who guides you to your landing by radio. An exhilarating experience awaits you!<\/p>\n<h3>On its website, Swissraft offers numerous dropzones throughout Switzerland and neighboring Germany.<\/h3>\n<p id=\"textarea\" style=\"display: none;\">\nWe also parachute from Berom\u00fcnster airfield in the canton of Lucerne. We also jump from Interlaken and Reichenbach airfields in the Bernese Oberland. We also make jumps from Grenchen airfield in the canton of Solothurn. On the one hand, we do tandem parachute jumps in the canton of Fribourg from the \u00c9cuvillens and \u00c9pagny airfields. We also do tandem jumps from Colombier airfield in the canton of Neuch\u00e2tel. Then we have a dropzone in the canton of Vaud at Bex airfield. In Valais, we also jump from Sion airport and Raron airfield. We also have a dropzone in Eastern Switzerland, in the canton of Thurgau, at Sitterdorf airfield. But we also do tandem parachute jumps from Locarno airfield in Ticino. Finally, in Germany near Basel, we made a tandem jump from Rottweil airfield.\n<\/p>\n<p><a id=\"seeMore\" onclick=\"toggleSeeMore()\" href=\"javascript:void(0);\">Read more<\/a><\/p>\n","protected":false},"featured_media":87768,"comment_status":"open","ping_status":"closed","template":"","meta":{"inline_featured_image":false,"_mi_skip_tracking":false},"product_cat":[434],"product_tag":[],"class_list":["post-92887","product","type-product","status-publish","has-post-thumbnail","hentry","product_cat-tandem-parachute-jump"],"yoast_head":"<!-- This site is optimized with the Yoast SEO plugin v23.6 - https:\/\/yoast.com\/wordpress\/plugins\/seo\/ -->\n<title>Skydiving Triengen tandem parachute jump from a plane at 4000 m<\/title>\n<meta name=\"description\" content=\"Skydiving Triengen tandem parachute jump from an airplane. You and your pilot jump to an altitude of 4,000 m\/ground and free-fall for 50 seconds\" \/>\n<meta name=\"robots\" content=\"index, follow, max-snippet:-1, max-image-preview:large, max-video-preview:-1\" \/>\n<link rel=\"canonical\" href=\"https:\/\/www.swissraft.ch\/en\/product\/skydiving-triengen-tandem-jumping-plane\/\" \/>\n<meta property=\"og:locale\" content=\"en_US\" \/>\n<meta property=\"og:type\" content=\"article\" \/>\n<meta property=\"og:title\" content=\"Skydiving Triengen tandem parachute jump from a plane at 4000 m\" \/>\n<meta property=\"og:description\" content=\"Skydiving Triengen tandem parachute jump from an airplane. You and your pilot jump to an altitude of 4,000 m\/ground and free-fall for 50 seconds\" \/>\n<meta property=\"og:url\" content=\"https:\/\/www.swissraft.ch\/en\/product\/skydiving-triengen-tandem-jumping-plane\/\" \/>\n<meta property=\"og:site_name\" content=\"Swissraft\" \/>\n<meta property=\"article:modified_time\" content=\"2026-04-02T21:28:47+00:00\" \/>\n<meta property=\"og:image\" content=\"https:\/\/www.swissraft.ch\/wp-content\/uploads\/2023\/02\/1-TRIENGEN-776x776-1.jpg\" \/>\n\t<meta property=\"og:image:width\" content=\"776\" \/>\n\t<meta property=\"og:image:height\" content=\"776\" \/>\n\t<meta property=\"og:image:type\" content=\"image\/jpeg\" \/>\n<meta name=\"twitter:card\" content=\"summary_large_image\" \/>\n<meta name=\"twitter:label1\" content=\"Est. reading time\" \/>\n\t<meta name=\"twitter:data1\" content=\"2 minutes\" \/>\n<script type=\"application\/ld+json\" class=\"yoast-schema-graph\">{\"@context\":\"https:\/\/schema.org\",\"@graph\":[{\"@type\":\"WebPage\",\"@id\":\"https:\/\/www.swissraft.ch\/en\/product\/skydiving-triengen-tandem-jumping-plane\/\",\"url\":\"https:\/\/www.swissraft.ch\/en\/product\/skydiving-triengen-tandem-jumping-plane\/\",\"name\":\"Skydiving Triengen tandem parachute jump from a plane at 4000 m\",\"isPartOf\":{\"@id\":\"https:\/\/www.swissraft.ch\/en\/#website\"},\"primaryImageOfPage\":{\"@id\":\"https:\/\/www.swissraft.ch\/en\/product\/skydiving-triengen-tandem-jumping-plane\/#primaryimage\"},\"image\":{\"@id\":\"https:\/\/www.swissraft.ch\/en\/product\/skydiving-triengen-tandem-jumping-plane\/#primaryimage\"},\"thumbnailUrl\":\"https:\/\/www.swissraft.ch\/wp-content\/uploads\/2023\/02\/1-TRIENGEN-776x776-1.jpg\",\"datePublished\":\"2023-02-18T11:11:22+00:00\",\"dateModified\":\"2026-04-02T21:28:47+00:00\",\"description\":\"Skydiving Triengen tandem parachute jump from an airplane. You and your pilot jump to an altitude of 4,000 m\/ground and free-fall for 50 seconds\",\"breadcrumb\":{\"@id\":\"https:\/\/www.swissraft.ch\/en\/product\/skydiving-triengen-tandem-jumping-plane\/#breadcrumb\"},\"inLanguage\":\"en-US\",\"potentialAction\":[{\"@type\":\"ReadAction\",\"target\":[\"https:\/\/www.swissraft.ch\/en\/product\/skydiving-triengen-tandem-jumping-plane\/\"]}]},{\"@type\":\"ImageObject\",\"inLanguage\":\"en-US\",\"@id\":\"https:\/\/www.swissraft.ch\/en\/product\/skydiving-triengen-tandem-jumping-plane\/#primaryimage\",\"url\":\"https:\/\/www.swissraft.ch\/wp-content\/uploads\/2023\/02\/1-TRIENGEN-776x776-1.jpg\",\"contentUrl\":\"https:\/\/www.swissraft.ch\/wp-content\/uploads\/2023\/02\/1-TRIENGEN-776x776-1.jpg\",\"width\":776,\"height\":776,\"caption\":\"Tandem jump. Flying in a free fall.\"},{\"@type\":\"BreadcrumbList\",\"@id\":\"https:\/\/www.swissraft.ch\/en\/product\/skydiving-triengen-tandem-jumping-plane\/#breadcrumb\",\"itemListElement\":[{\"@type\":\"ListItem\",\"position\":1,\"name\":\"Accueil\",\"item\":\"https:\/\/www.swissraft.ch\/en\/\"},{\"@type\":\"ListItem\",\"position\":2,\"name\":\"Store\",\"item\":\"https:\/\/www.swissraft.ch\/en\/store\/\"},{\"@type\":\"ListItem\",\"position\":3,\"name\":\"Skydiving in Triengen &#8211; Tandem jumping from a plane &#8211; From CHF 390.00\"}]},{\"@type\":\"WebSite\",\"@id\":\"https:\/\/www.swissraft.ch\/en\/#website\",\"url\":\"https:\/\/www.swissraft.ch\/en\/\",\"name\":\"Swissraft\",\"description\":\"To enjoy nature as it is\",\"publisher\":{\"@id\":\"https:\/\/www.swissraft.ch\/en\/#organization\"},\"potentialAction\":[{\"@type\":\"SearchAction\",\"target\":{\"@type\":\"EntryPoint\",\"urlTemplate\":\"https:\/\/www.swissraft.ch\/en\/?s={search_term_string}\"},\"query-input\":{\"@type\":\"PropertyValueSpecification\",\"valueRequired\":true,\"valueName\":\"search_term_string\"}}],\"inLanguage\":\"en-US\"},{\"@type\":\"Organization\",\"@id\":\"https:\/\/www.swissraft.ch\/en\/#organization\",\"name\":\"Swissraft\",\"url\":\"https:\/\/www.swissraft.ch\/en\/\",\"logo\":{\"@type\":\"ImageObject\",\"inLanguage\":\"en-US\",\"@id\":\"https:\/\/www.swissraft.ch\/en\/#\/schema\/logo\/image\/\",\"url\":\"https:\/\/www.swissraft.ch\/wp-content\/uploads\/2025\/09\/Capture.jpg\",\"contentUrl\":\"https:\/\/www.swissraft.ch\/wp-content\/uploads\/2025\/09\/Capture.jpg\",\"width\":293,\"height\":108,\"caption\":\"Swissraft\"},\"image\":{\"@id\":\"https:\/\/www.swissraft.ch\/en\/#\/schema\/logo\/image\/\"}}]}<\/script>\n<!-- \/ Yoast SEO plugin. -->","yoast_head_json":{"title":"Skydiving Triengen tandem parachute jump from a plane at 4000 m","description":"Skydiving Triengen tandem parachute jump from an airplane. You and your pilot jump to an altitude of 4,000 m\/ground and free-fall for 50 seconds","robots":{"index":"index","follow":"follow","max-snippet":"max-snippet:-1","max-image-preview":"max-image-preview:large","max-video-preview":"max-video-preview:-1"},"canonical":"https:\/\/www.swissraft.ch\/en\/product\/skydiving-triengen-tandem-jumping-plane\/","og_locale":"en_US","og_type":"article","og_title":"Skydiving Triengen tandem parachute jump from a plane at 4000 m","og_description":"Skydiving Triengen tandem parachute jump from an airplane. You and your pilot jump to an altitude of 4,000 m\/ground and free-fall for 50 seconds","og_url":"https:\/\/www.swissraft.ch\/en\/product\/skydiving-triengen-tandem-jumping-plane\/","og_site_name":"Swissraft","article_modified_time":"2026-04-02T21:28:47+00:00","og_image":[{"width":776,"height":776,"url":"https:\/\/www.swissraft.ch\/wp-content\/uploads\/2023\/02\/1-TRIENGEN-776x776-1.jpg","type":"image\/jpeg"}],"twitter_card":"summary_large_image","twitter_misc":{"Est. reading time":"2 minutes"},"schema":{"@context":"https:\/\/schema.org","@graph":[{"@type":"WebPage","@id":"https:\/\/www.swissraft.ch\/en\/product\/skydiving-triengen-tandem-jumping-plane\/","url":"https:\/\/www.swissraft.ch\/en\/product\/skydiving-triengen-tandem-jumping-plane\/","name":"Skydiving Triengen tandem parachute jump from a plane at 4000 m","isPartOf":{"@id":"https:\/\/www.swissraft.ch\/en\/#website"},"primaryImageOfPage":{"@id":"https:\/\/www.swissraft.ch\/en\/product\/skydiving-triengen-tandem-jumping-plane\/#primaryimage"},"image":{"@id":"https:\/\/www.swissraft.ch\/en\/product\/skydiving-triengen-tandem-jumping-plane\/#primaryimage"},"thumbnailUrl":"https:\/\/www.swissraft.ch\/wp-content\/uploads\/2023\/02\/1-TRIENGEN-776x776-1.jpg","datePublished":"2023-02-18T11:11:22+00:00","dateModified":"2026-04-02T21:28:47+00:00","description":"Skydiving Triengen tandem parachute jump from an airplane. You and your pilot jump to an altitude of 4,000 m\/ground and free-fall for 50 seconds","breadcrumb":{"@id":"https:\/\/www.swissraft.ch\/en\/product\/skydiving-triengen-tandem-jumping-plane\/#breadcrumb"},"inLanguage":"en-US","potentialAction":[{"@type":"ReadAction","target":["https:\/\/www.swissraft.ch\/en\/product\/skydiving-triengen-tandem-jumping-plane\/"]}]},{"@type":"ImageObject","inLanguage":"en-US","@id":"https:\/\/www.swissraft.ch\/en\/product\/skydiving-triengen-tandem-jumping-plane\/#primaryimage","url":"https:\/\/www.swissraft.ch\/wp-content\/uploads\/2023\/02\/1-TRIENGEN-776x776-1.jpg","contentUrl":"https:\/\/www.swissraft.ch\/wp-content\/uploads\/2023\/02\/1-TRIENGEN-776x776-1.jpg","width":776,"height":776,"caption":"Tandem jump. Flying in a free fall."},{"@type":"BreadcrumbList","@id":"https:\/\/www.swissraft.ch\/en\/product\/skydiving-triengen-tandem-jumping-plane\/#breadcrumb","itemListElement":[{"@type":"ListItem","position":1,"name":"Accueil","item":"https:\/\/www.swissraft.ch\/en\/"},{"@type":"ListItem","position":2,"name":"Store","item":"https:\/\/www.swissraft.ch\/en\/store\/"},{"@type":"ListItem","position":3,"name":"Skydiving in Triengen &#8211; Tandem jumping from a plane &#8211; From CHF 390.00"}]},{"@type":"WebSite","@id":"https:\/\/www.swissraft.ch\/en\/#website","url":"https:\/\/www.swissraft.ch\/en\/","name":"Swissraft","description":"To enjoy nature as it is","publisher":{"@id":"https:\/\/www.swissraft.ch\/en\/#organization"},"potentialAction":[{"@type":"SearchAction","target":{"@type":"EntryPoint","urlTemplate":"https:\/\/www.swissraft.ch\/en\/?s={search_term_string}"},"query-input":{"@type":"PropertyValueSpecification","valueRequired":true,"valueName":"search_term_string"}}],"inLanguage":"en-US"},{"@type":"Organization","@id":"https:\/\/www.swissraft.ch\/en\/#organization","name":"Swissraft","url":"https:\/\/www.swissraft.ch\/en\/","logo":{"@type":"ImageObject","inLanguage":"en-US","@id":"https:\/\/www.swissraft.ch\/en\/#\/schema\/logo\/image\/","url":"https:\/\/www.swissraft.ch\/wp-content\/uploads\/2025\/09\/Capture.jpg","contentUrl":"https:\/\/www.swissraft.ch\/wp-content\/uploads\/2025\/09\/Capture.jpg","width":293,"height":108,"caption":"Swissraft"},"image":{"@id":"https:\/\/www.swissraft.ch\/en\/#\/schema\/logo\/image\/"}}]}},"_links":{"self":[{"href":"https:\/\/www.swissraft.ch\/en\/wp-json\/wp\/v2\/product\/92887","targetHints":{"allow":["GET"]}}],"collection":[{"href":"https:\/\/www.swissraft.ch\/en\/wp-json\/wp\/v2\/product"}],"about":[{"href":"https:\/\/www.swissraft.ch\/en\/wp-json\/wp\/v2\/types\/product"}],"replies":[{"embeddable":true,"href":"https:\/\/www.swissraft.ch\/en\/wp-json\/wp\/v2\/comments?post=92887"}],"version-history":[{"count":31,"href":"https:\/\/www.swissraft.ch\/en\/wp-json\/wp\/v2\/product\/92887\/revisions"}],"predecessor-version":[{"id":136073,"href":"https:\/\/www.swissraft.ch\/en\/wp-json\/wp\/v2\/product\/92887\/revisions\/136073"}],"wp:featuredmedia":[{"embeddable":true,"href":"https:\/\/www.swissraft.ch\/en\/wp-json\/wp\/v2\/media\/87768"}],"wp:attachment":[{"href":"https:\/\/www.swissraft.ch\/en\/wp-json\/wp\/v2\/media?parent=92887"}],"wp:term":[{"taxonomy":"product_cat","embeddable":true,"href":"https:\/\/www.swissraft.ch\/en\/wp-json\/wp\/v2\/product_cat?post=92887"},{"taxonomy":"product_tag","embeddable":true,"href":"https:\/\/www.swissraft.ch\/en\/wp-json\/wp\/v2\/product_tag?post=92887"}],"curies":[{"name":"wp","href":"https:\/\/api.w.org\/{rel}","templated":true}]}}