{"id":92879,"date":"2023-02-16T18:14:36","date_gmt":"2023-02-16T17:14:36","guid":{"rendered":"https:\/\/swissraft.xyanzkdne.eu\/product\/skydiving-in-beromunster-tandem-jump-from-a-plane-from-chf-365-00\/"},"modified":"2026-04-04T04:40:05","modified_gmt":"2026-04-04T02:40:05","slug":"skydiving-beromunster-tandem-jump-plane-2","status":"publish","type":"product","link":"https:\/\/www.swissraft.ch\/en\/product\/skydiving-beromunster-tandem-jump-plane-2\/","title":{"rendered":"Skydiving in Berom\u00fcnster &#8211; Tandem jumping from a plane &#8211; From CHF 365.00"},"content":{"rendered":"\t\t<div data-elementor-type=\"wp-post\" data-elementor-id=\"92879\" class=\"elementor elementor-92879 elementor-30892\">\n\t\t\t\t\t\t\t\t\t<section class=\"elementor-section elementor-top-section elementor-element elementor-element-3303a7e3 elementor-section-boxed elementor-section-height-default elementor-section-height-default\" data-id=\"3303a7e3\" data-element_type=\"section\">\n\t\t\t\t\t\t<div class=\"elementor-container elementor-column-gap-default\">\n\t\t\t\t\t<div class=\"elementor-column elementor-col-100 elementor-top-column elementor-element elementor-element-16d72dbf\" data-id=\"16d72dbf\" data-element_type=\"column\">\n\t\t\t<div class=\"elementor-widget-wrap elementor-element-populated\">\n\t\t\t\t\t\t\t\t<div class=\"elementor-element elementor-element-d743c03 elementor-widget elementor-widget-text-editor\" data-id=\"d743c03\" data-element_type=\"widget\" data-widget_type=\"text-editor.default\">\n\t\t\t\t<div class=\"elementor-widget-container\">\n\t\t\t\t\t\t\t<h2>CHOOSE YOUR ACTIVITY BELOW TO OFFER GIFT VOUCHERS \/ TICKETS OR MAKE A RESERVATION<\/h2><table border=\"0\" width=\"580\" cellspacing=\"10\" cellpadding=\"10\"><tbody><tr><td width=\"50%\"><strong>1) TANDEM SKYDIVING &#8211; BEROM\u00dcNSTER &#8211; WEEKDAYS<\/strong><\/td><td><strong>CHF 365.00 per person<span class=\"productPrice\"><br \/><\/span><\/strong><\/td><\/tr><tr><td>Further information<\/td><td>&#8211;<span class=\"plbl\"> Sports shoes without hooks<br \/><\/span> &#8211;<span class=\"plbl\"> Must not be fasting<br \/><\/span> &#8211; Must<span class=\"plbl\"> not be under the influence of alcohol or other substances<br \/><\/span> &#8211;<span class=\"plbl\"><span class=\"patt\"> Parental consent for minors<\/span><br \/><\/span> &#8211;<span class=\"plbl\"> Youth price <\/span>: <span class=\"patt\"><strong>CHF 345.00<\/strong> up to 20 years old<\/span><\/td><\/tr><tr><td>Schedules<\/td><td>When you make your reservation, you will be asked to choose a time<\/td><\/tr><tr><td>Free-fall duration<\/td><td>approx. 50 seconds<\/td><\/tr><tr><td>Total duration<\/td><td>approx. 4 hrs<\/td><\/tr><tr><td>Airfield<\/td><td><a href=\"https:\/\/www.google.com\/maps\/place\/47%C2%B011'29.8%22N+8%C2%B012'17.9%22E\/@47.1917337,8.1693559,6135m\/data=!3m1!1e3!4m4!3m3!8m2!3d47.1916111!4d8.2049722?entry=ttu\" target=\"_blank\" rel=\"noopener\">Berom\u00fcnster<\/a><\/td><\/tr><tr><td><button class=\"elementor-button\" type=\"button\"><a href=\"https:\/\/swissraft.outdoorbooking.ch\/fo\/products\/1317?base_id=196&amp;category_id=5&amp;order_type=gift_voucher&amp;lang=en\" target=\"_blank\" rel=\"noopener\">PURCHASE GIFT VOUCHER \/ TICKET<\/a><\/button><\/td><td><a href=\"https:\/\/swissraft.outdoorbooking.ch\/fo\/products\/1317?base_id=196&amp;category_id=5&amp;order_type=event&amp;lang=en\" target=\"_blank\" rel=\"noopener\">BOOK YOUR JUMP DATE<\/a>\u00a0 <strong>CHF 365.00<\/strong>\/pers.<\/td><\/tr><tr><td><button class=\"elementor-button\" type=\"button\"><a href=\"https:\/\/swissraft.outdoorbooking.ch\/fo\/products\/1318?base_id=196&amp;category_id=5&amp;order_type=gift_voucher&amp;lang=en\" target=\"_blank\" rel=\"noopener\">PURCHASE GIFT VOUCHER \/ TICKET<\/a><\/button><\/td><td><a href=\"https:\/\/swissraft.outdoorbooking.ch\/fo\/products\/1318?base_id=196&amp;category_id=5&amp;order_type=event&amp;lang=en\" target=\"_blank\" rel=\"noopener\">BOOK YOUR JUMP DATE<\/a>\u00a0 <strong>CHF 525.00<\/strong>\/pers. with photos or video<\/td><\/tr><tr><td><button class=\"elementor-button\" type=\"button\"><a href=\"https:\/\/swissraft.outdoorbooking.ch\/fo\/products\/1319?base_id=196&amp;category_id=5&amp;order_type=gift_voucher&amp;lang=en\" target=\"_blank\" rel=\"noopener\">PURCHASE GIFT VOUCHER \/ TICKET<\/a><\/button><\/td><td><a href=\"https:\/\/swissraft.outdoorbooking.ch\/fo\/products\/1319?base_id=196&amp;category_id=5&amp;order_type=event&amp;lang=en\" target=\"_blank\" rel=\"noopener\">BOOK YOUR JUMP DATE<\/a>\u00a0 <strong>CHF 575.00<\/strong>\/pers. with video &amp; photos<\/td><\/tr><tr><td><button class=\"elementor-button\" type=\"button\"><a href=\"https:\/\/swissraft.outdoorbooking.ch\/fo\/products\/1320?base_id=196&amp;category_id=5&amp;order_type=gift_voucher&amp;lang=en\" target=\"_blank\" rel=\"noopener\">PURCHASE GIFT VOUCHER \/ TICKET<\/a><\/button><\/td><td><a href=\"https:\/\/swissraft.outdoorbooking.ch\/fo\/products\/1320?base_id=196&amp;category_id=5&amp;order_type=event&amp;lang=en\" target=\"_blank\" rel=\"noopener\">BOOK YOUR JUMP DATE<\/a>\u00a0 <strong>CHF 475.00<\/strong>\/pers. with photos or video (HCamera)<\/td><\/tr><\/tbody><\/table><table border=\"0\" width=\"580\" cellspacing=\"10\" cellpadding=\"10\"><tbody><tr><td width=\"50%\"><strong>2) TANDEM SKYDIVING &#8211; BEROM\u00dcNSTER &#8211; WEEKEND<\/strong><\/td><td><strong>CHF 395.00 per person<span class=\"productPrice\"><br \/><\/span><\/strong><\/td><\/tr><tr><td>Further information<\/td><td>&#8211;<span class=\"plbl\"> Sports shoes without hooks<br \/><\/span> &#8211;<span class=\"plbl\"> Must not be fasting<br \/><\/span> &#8211; Must<span class=\"plbl\"> not be under the influence of alcohol or other substances<br \/><\/span> &#8211;<span class=\"plbl\"><span class=\"patt\"> Parental consent for minors<\/span><br \/><\/span> &#8211;<span class=\"plbl\"> Youth price <\/span>: <span class=\"patt\"><strong>CHF 375.00<\/strong> up to 20 years old<\/span><\/td><\/tr><tr><td>Schedules<\/td><td>When you make your reservation, you will be asked to choose a time<\/td><\/tr><tr><td>Free-fall duration<\/td><td>approx. 50 seconds<\/td><\/tr><tr><td>Total duration<\/td><td>approx. 4 hrs<\/td><\/tr><tr><td>Airfield<\/td><td><a href=\"https:\/\/www.google.com\/maps\/place\/47%C2%B011'29.8%22N+8%C2%B012'17.9%22E\/@47.1917337,8.1693559,6135m\/data=!3m1!1e3!4m4!3m3!8m2!3d47.1916111!4d8.2049722?entry=ttu\" target=\"_blank\" rel=\"noopener\">Berom\u00fcnster<\/a><\/td><\/tr><tr><td><button class=\"elementor-button\" type=\"button\"><a href=\"https:\/\/swissraft.outdoorbooking.ch\/fo\/products\/1121?base_id=196&amp;category_id=5&amp;order_type=gift_voucher&amp;lang=en\" target=\"_blank\" rel=\"noopener\">PURCHASE GIFT VOUCHER \/ TICKET<\/a><\/button><\/td><td><a href=\"https:\/\/swissraft.outdoorbooking.ch\/fo\/products\/1121?base_id=196&amp;category_id=5&amp;order_type=event&amp;lang=en\" target=\"_blank\" rel=\"noopener\">BOOK YOUR JUMP DATE<\/a>\u00a0 <strong>CHF 395.00<\/strong>\/pers.<\/td><\/tr><tr><td><button class=\"elementor-button\" type=\"button\"><a href=\"https:\/\/swissraft.outdoorbooking.ch\/fo\/products\/1122?base_id=196&amp;category_id=5&amp;order_type=gift_voucher&amp;lang=en\" target=\"_blank\" rel=\"noopener\">PURCHASE GIFT VOUCHER \/ TICKET<\/a><\/button><\/td><td><a href=\"https:\/\/swissraft.outdoorbooking.ch\/fo\/products\/1122?base_id=196&amp;category_id=5&amp;order_type=event&amp;lang=en\" target=\"_blank\" rel=\"noopener\">BOOK YOUR JUMP DATE<\/a>\u00a0 <strong>CHF 555.00\/pers.<\/strong> with photos or video<\/td><\/tr><tr><td><button class=\"elementor-button\" type=\"button\"><a href=\"https:\/\/swissraft.outdoorbooking.ch\/fo\/products\/1123?base_id=196&amp;category_id=5&amp;order_type=gift_voucher&amp;lang=en\" target=\"_blank\" rel=\"noopener\">PURCHASE GIFT VOUCHER \/ TICKET<\/a><\/button><\/td><td><a href=\"https:\/\/swissraft.outdoorbooking.ch\/fo\/products\/1123?base_id=196&amp;category_id=5&amp;order_type=event&amp;lang=en\" target=\"_blank\" rel=\"noopener\">BOOK YOUR JUMP DATE<\/a>\u00a0 <strong>CHF 605.00\/pers.<\/strong> with video &amp; photos<\/td><\/tr><tr><td><button class=\"elementor-button\" type=\"button\"><a href=\"https:\/\/swissraft.outdoorbooking.ch\/fo\/products\/1124?base_id=196&amp;category_id=5&amp;order_type=gift_voucher&amp;lang=en\" target=\"_blank\" rel=\"noopener\">PURCHASE GIFT VOUCHER \/ TICKET<\/a><\/button><\/td><td><a href=\"https:\/\/swissraft.outdoorbooking.ch\/fo\/products\/1320?base_id=196&amp;category_id=5&amp;order_type=event&amp;lang=en\" target=\"_blank\" rel=\"noopener\">BOOK YOUR JUMP DATE<\/a>\u00a0 <strong>CHF 505.00\/pers.<\/strong> with photos or video (HCamera)<\/td><\/tr><\/tbody><\/table>\t\t\t\t\t\t<\/div>\n\t\t\t\t<\/div>\n\t\t\t\t\t<\/div>\n\t\t<\/div>\n\t\t\t\t\t\t\t<\/div>\n\t\t<\/section>\n\t\t\t\t\t\t\t<\/div>\n\t\t","protected":false},"excerpt":{"rendered":"<div align=\"justify\">\n<h2 align=\"justify\">Tandem skydiving at Berom\u00fcnster in the canton of Lucerne. You jump from a plane at an altitude of 4,000 m with your pilot and instructor.<\/h2>\n<h3>A must-see experience for thrill-seekers and adrenaline junkies.<\/h3>\n<\/div>\n<div align=\"justify\">\n<p>First of all, when you arrive at our dropzone at Berom\u00fcnster airfield, you are immediately taken care of by your instructor-pilot. Together you rehearse a few movements and body positions to make sure you&#8217;re comfortable during the jump. Then your instructor will give you a wetsuit, helmet and goggles. Then you&#8217;re ready to board our aircraft with your instructor. What&#8217;s more, all the way up to 4000 m you have a splendid view of the lakes of Central Switzerland. Once you&#8217;ve reached jump altitude, your instructor will give you the final recommendations before you jump. Thrills and spills await you as soon as you step off the plane. When booking, remember to order a video or photos to keep a souvenir of this incredible adventure. For the less adventurous, we offer a free-fall simulator in Sion and Winterthur. During the flight, you&#8217;ll experience the same sensations as in a real freefall.<\/p>\n<h3>On its website, Swissraft offers numerous dropzones throughout Switzerland and neighboring Germany.<\/h3>\n<p id=\"textarea\" style=\"display: none;\">\nWe also parachute from Triengen airfield in the canton of Lucerne. We also jump in tandem from Interlaken and Reichenbach airfields in the Bernese Oberland. We also do tandem parachute jumps at Grenchen airfield in the canton of Solothurn. At the same time, we make jumps in the canton of Fribourg from the \u00c9cuvillens and \u00c9pagny airfields. On the one hand, we have a dropzone at Colombier airfield in the canton of Neuch\u00e2tel. We also do tandem jumps at Bex airfield in the canton of Vaud. In Valais, we have a dropzone at Sion airport and at Rarogne airfield. We also go skydiving in Eastern Switzerland, in the canton of Thurgau, from Sitterdorf airfield. But also to Ticino from Locarno airfield. Also in Germany, near Basel, we parachute from Rottweil airfield.\n<\/p>\n<p><a id=\"seeMore\" onclick=\"toggleSeeMore()\" href=\"javascript:void(0);\">Read more<\/a><\/p>\n","protected":false},"featured_media":81711,"comment_status":"open","ping_status":"closed","template":"","meta":{"inline_featured_image":false,"_mi_skip_tracking":false},"product_cat":[434],"product_tag":[],"class_list":["post-92879","product","type-product","status-publish","has-post-thumbnail","hentry","product_cat-tandem-parachute-jump"],"yoast_head":"<!-- This site is optimized with the Yoast SEO plugin v23.6 - https:\/\/yoast.com\/wordpress\/plugins\/seo\/ -->\n<title>Skydiving in Berom\u00fcnster tandem parachute jump with pilot<\/title>\n<meta name=\"description\" content=\"Skydiving in Berom\u00fcnster. You jump to 4000 m altitude with your pilot and instructor for a 50-second freefall . Fantastic sensation\" \/>\n<meta name=\"robots\" content=\"index, follow, max-snippet:-1, max-image-preview:large, max-video-preview:-1\" \/>\n<link rel=\"canonical\" href=\"https:\/\/www.swissraft.ch\/en\/product\/skydiving-beromunster-tandem-jump-plane-2\/\" \/>\n<meta property=\"og:locale\" content=\"en_US\" \/>\n<meta property=\"og:type\" content=\"article\" \/>\n<meta property=\"og:title\" content=\"Skydiving in Berom\u00fcnster tandem parachute jump with pilot\" \/>\n<meta property=\"og:description\" content=\"Skydiving in Berom\u00fcnster. You jump to 4000 m altitude with your pilot and instructor for a 50-second freefall . Fantastic sensation\" \/>\n<meta property=\"og:url\" content=\"https:\/\/www.swissraft.ch\/en\/product\/skydiving-beromunster-tandem-jump-plane-2\/\" \/>\n<meta property=\"og:site_name\" content=\"Swissraft\" \/>\n<meta property=\"article:modified_time\" content=\"2026-04-04T02:40:05+00:00\" \/>\n<meta property=\"og:image\" content=\"https:\/\/www.swissraft.ch\/wp-content\/uploads\/2023\/02\/fallschirmspringen-beromunster-1.jpg\" \/>\n\t<meta property=\"og:image:width\" content=\"776\" \/>\n\t<meta property=\"og:image:height\" content=\"776\" \/>\n\t<meta property=\"og:image:type\" content=\"image\/jpeg\" \/>\n<meta name=\"twitter:card\" content=\"summary_large_image\" \/>\n<meta name=\"twitter:label1\" content=\"Est. reading time\" \/>\n\t<meta name=\"twitter:data1\" content=\"2 minutes\" \/>\n<script type=\"application\/ld+json\" class=\"yoast-schema-graph\">{\"@context\":\"https:\/\/schema.org\",\"@graph\":[{\"@type\":\"WebPage\",\"@id\":\"https:\/\/www.swissraft.ch\/en\/product\/skydiving-beromunster-tandem-jump-plane-2\/\",\"url\":\"https:\/\/www.swissraft.ch\/en\/product\/skydiving-beromunster-tandem-jump-plane-2\/\",\"name\":\"Skydiving in Berom\u00fcnster tandem parachute jump with pilot\",\"isPartOf\":{\"@id\":\"https:\/\/www.swissraft.ch\/en\/#website\"},\"primaryImageOfPage\":{\"@id\":\"https:\/\/www.swissraft.ch\/en\/product\/skydiving-beromunster-tandem-jump-plane-2\/#primaryimage\"},\"image\":{\"@id\":\"https:\/\/www.swissraft.ch\/en\/product\/skydiving-beromunster-tandem-jump-plane-2\/#primaryimage\"},\"thumbnailUrl\":\"https:\/\/www.swissraft.ch\/wp-content\/uploads\/2023\/02\/fallschirmspringen-beromunster-1.jpg\",\"datePublished\":\"2023-02-16T17:14:36+00:00\",\"dateModified\":\"2026-04-04T02:40:05+00:00\",\"description\":\"Skydiving in Berom\u00fcnster. You jump to 4000 m altitude with your pilot and instructor for a 50-second freefall . Fantastic sensation\",\"breadcrumb\":{\"@id\":\"https:\/\/www.swissraft.ch\/en\/product\/skydiving-beromunster-tandem-jump-plane-2\/#breadcrumb\"},\"inLanguage\":\"en-US\",\"potentialAction\":[{\"@type\":\"ReadAction\",\"target\":[\"https:\/\/www.swissraft.ch\/en\/product\/skydiving-beromunster-tandem-jump-plane-2\/\"]}]},{\"@type\":\"ImageObject\",\"inLanguage\":\"en-US\",\"@id\":\"https:\/\/www.swissraft.ch\/en\/product\/skydiving-beromunster-tandem-jump-plane-2\/#primaryimage\",\"url\":\"https:\/\/www.swissraft.ch\/wp-content\/uploads\/2023\/02\/fallschirmspringen-beromunster-1.jpg\",\"contentUrl\":\"https:\/\/www.swissraft.ch\/wp-content\/uploads\/2023\/02\/fallschirmspringen-beromunster-1.jpg\",\"width\":776,\"height\":776,\"caption\":\"Sk\"},{\"@type\":\"BreadcrumbList\",\"@id\":\"https:\/\/www.swissraft.ch\/en\/product\/skydiving-beromunster-tandem-jump-plane-2\/#breadcrumb\",\"itemListElement\":[{\"@type\":\"ListItem\",\"position\":1,\"name\":\"Accueil\",\"item\":\"https:\/\/www.swissraft.ch\/en\/\"},{\"@type\":\"ListItem\",\"position\":2,\"name\":\"Store\",\"item\":\"https:\/\/www.swissraft.ch\/en\/store\/\"},{\"@type\":\"ListItem\",\"position\":3,\"name\":\"Skydiving in Berom\u00fcnster &#8211; Tandem jumping from a plane &#8211; From CHF 365.00\"}]},{\"@type\":\"WebSite\",\"@id\":\"https:\/\/www.swissraft.ch\/en\/#website\",\"url\":\"https:\/\/www.swissraft.ch\/en\/\",\"name\":\"Swissraft\",\"description\":\"To enjoy nature as it is\",\"publisher\":{\"@id\":\"https:\/\/www.swissraft.ch\/en\/#organization\"},\"potentialAction\":[{\"@type\":\"SearchAction\",\"target\":{\"@type\":\"EntryPoint\",\"urlTemplate\":\"https:\/\/www.swissraft.ch\/en\/?s={search_term_string}\"},\"query-input\":{\"@type\":\"PropertyValueSpecification\",\"valueRequired\":true,\"valueName\":\"search_term_string\"}}],\"inLanguage\":\"en-US\"},{\"@type\":\"Organization\",\"@id\":\"https:\/\/www.swissraft.ch\/en\/#organization\",\"name\":\"Swissraft\",\"url\":\"https:\/\/www.swissraft.ch\/en\/\",\"logo\":{\"@type\":\"ImageObject\",\"inLanguage\":\"en-US\",\"@id\":\"https:\/\/www.swissraft.ch\/en\/#\/schema\/logo\/image\/\",\"url\":\"https:\/\/www.swissraft.ch\/wp-content\/uploads\/2025\/09\/Capture.jpg\",\"contentUrl\":\"https:\/\/www.swissraft.ch\/wp-content\/uploads\/2025\/09\/Capture.jpg\",\"width\":293,\"height\":108,\"caption\":\"Swissraft\"},\"image\":{\"@id\":\"https:\/\/www.swissraft.ch\/en\/#\/schema\/logo\/image\/\"}}]}<\/script>\n<!-- \/ Yoast SEO plugin. -->","yoast_head_json":{"title":"Skydiving in Berom\u00fcnster tandem parachute jump with pilot","description":"Skydiving in Berom\u00fcnster. You jump to 4000 m altitude with your pilot and instructor for a 50-second freefall . Fantastic sensation","robots":{"index":"index","follow":"follow","max-snippet":"max-snippet:-1","max-image-preview":"max-image-preview:large","max-video-preview":"max-video-preview:-1"},"canonical":"https:\/\/www.swissraft.ch\/en\/product\/skydiving-beromunster-tandem-jump-plane-2\/","og_locale":"en_US","og_type":"article","og_title":"Skydiving in Berom\u00fcnster tandem parachute jump with pilot","og_description":"Skydiving in Berom\u00fcnster. You jump to 4000 m altitude with your pilot and instructor for a 50-second freefall . Fantastic sensation","og_url":"https:\/\/www.swissraft.ch\/en\/product\/skydiving-beromunster-tandem-jump-plane-2\/","og_site_name":"Swissraft","article_modified_time":"2026-04-04T02:40:05+00:00","og_image":[{"width":776,"height":776,"url":"https:\/\/www.swissraft.ch\/wp-content\/uploads\/2023\/02\/fallschirmspringen-beromunster-1.jpg","type":"image\/jpeg"}],"twitter_card":"summary_large_image","twitter_misc":{"Est. reading time":"2 minutes"},"schema":{"@context":"https:\/\/schema.org","@graph":[{"@type":"WebPage","@id":"https:\/\/www.swissraft.ch\/en\/product\/skydiving-beromunster-tandem-jump-plane-2\/","url":"https:\/\/www.swissraft.ch\/en\/product\/skydiving-beromunster-tandem-jump-plane-2\/","name":"Skydiving in Berom\u00fcnster tandem parachute jump with pilot","isPartOf":{"@id":"https:\/\/www.swissraft.ch\/en\/#website"},"primaryImageOfPage":{"@id":"https:\/\/www.swissraft.ch\/en\/product\/skydiving-beromunster-tandem-jump-plane-2\/#primaryimage"},"image":{"@id":"https:\/\/www.swissraft.ch\/en\/product\/skydiving-beromunster-tandem-jump-plane-2\/#primaryimage"},"thumbnailUrl":"https:\/\/www.swissraft.ch\/wp-content\/uploads\/2023\/02\/fallschirmspringen-beromunster-1.jpg","datePublished":"2023-02-16T17:14:36+00:00","dateModified":"2026-04-04T02:40:05+00:00","description":"Skydiving in Berom\u00fcnster. You jump to 4000 m altitude with your pilot and instructor for a 50-second freefall . Fantastic sensation","breadcrumb":{"@id":"https:\/\/www.swissraft.ch\/en\/product\/skydiving-beromunster-tandem-jump-plane-2\/#breadcrumb"},"inLanguage":"en-US","potentialAction":[{"@type":"ReadAction","target":["https:\/\/www.swissraft.ch\/en\/product\/skydiving-beromunster-tandem-jump-plane-2\/"]}]},{"@type":"ImageObject","inLanguage":"en-US","@id":"https:\/\/www.swissraft.ch\/en\/product\/skydiving-beromunster-tandem-jump-plane-2\/#primaryimage","url":"https:\/\/www.swissraft.ch\/wp-content\/uploads\/2023\/02\/fallschirmspringen-beromunster-1.jpg","contentUrl":"https:\/\/www.swissraft.ch\/wp-content\/uploads\/2023\/02\/fallschirmspringen-beromunster-1.jpg","width":776,"height":776,"caption":"Sk"},{"@type":"BreadcrumbList","@id":"https:\/\/www.swissraft.ch\/en\/product\/skydiving-beromunster-tandem-jump-plane-2\/#breadcrumb","itemListElement":[{"@type":"ListItem","position":1,"name":"Accueil","item":"https:\/\/www.swissraft.ch\/en\/"},{"@type":"ListItem","position":2,"name":"Store","item":"https:\/\/www.swissraft.ch\/en\/store\/"},{"@type":"ListItem","position":3,"name":"Skydiving in Berom\u00fcnster &#8211; Tandem jumping from a plane &#8211; From CHF 365.00"}]},{"@type":"WebSite","@id":"https:\/\/www.swissraft.ch\/en\/#website","url":"https:\/\/www.swissraft.ch\/en\/","name":"Swissraft","description":"To enjoy nature as it is","publisher":{"@id":"https:\/\/www.swissraft.ch\/en\/#organization"},"potentialAction":[{"@type":"SearchAction","target":{"@type":"EntryPoint","urlTemplate":"https:\/\/www.swissraft.ch\/en\/?s={search_term_string}"},"query-input":{"@type":"PropertyValueSpecification","valueRequired":true,"valueName":"search_term_string"}}],"inLanguage":"en-US"},{"@type":"Organization","@id":"https:\/\/www.swissraft.ch\/en\/#organization","name":"Swissraft","url":"https:\/\/www.swissraft.ch\/en\/","logo":{"@type":"ImageObject","inLanguage":"en-US","@id":"https:\/\/www.swissraft.ch\/en\/#\/schema\/logo\/image\/","url":"https:\/\/www.swissraft.ch\/wp-content\/uploads\/2025\/09\/Capture.jpg","contentUrl":"https:\/\/www.swissraft.ch\/wp-content\/uploads\/2025\/09\/Capture.jpg","width":293,"height":108,"caption":"Swissraft"},"image":{"@id":"https:\/\/www.swissraft.ch\/en\/#\/schema\/logo\/image\/"}}]}},"_links":{"self":[{"href":"https:\/\/www.swissraft.ch\/en\/wp-json\/wp\/v2\/product\/92879","targetHints":{"allow":["GET"]}}],"collection":[{"href":"https:\/\/www.swissraft.ch\/en\/wp-json\/wp\/v2\/product"}],"about":[{"href":"https:\/\/www.swissraft.ch\/en\/wp-json\/wp\/v2\/types\/product"}],"replies":[{"embeddable":true,"href":"https:\/\/www.swissraft.ch\/en\/wp-json\/wp\/v2\/comments?post=92879"}],"version-history":[{"count":38,"href":"https:\/\/www.swissraft.ch\/en\/wp-json\/wp\/v2\/product\/92879\/revisions"}],"predecessor-version":[{"id":136735,"href":"https:\/\/www.swissraft.ch\/en\/wp-json\/wp\/v2\/product\/92879\/revisions\/136735"}],"wp:featuredmedia":[{"embeddable":true,"href":"https:\/\/www.swissraft.ch\/en\/wp-json\/wp\/v2\/media\/81711"}],"wp:attachment":[{"href":"https:\/\/www.swissraft.ch\/en\/wp-json\/wp\/v2\/media?parent=92879"}],"wp:term":[{"taxonomy":"product_cat","embeddable":true,"href":"https:\/\/www.swissraft.ch\/en\/wp-json\/wp\/v2\/product_cat?post=92879"},{"taxonomy":"product_tag","embeddable":true,"href":"https:\/\/www.swissraft.ch\/en\/wp-json\/wp\/v2\/product_tag?post=92879"}],"curies":[{"name":"wp","href":"https:\/\/api.w.org\/{rel}","templated":true}]}}