{"id":92875,"date":"2023-02-16T14:31:04","date_gmt":"2023-02-16T13:31:04","guid":{"rendered":"https:\/\/swissraft.xyanzkdne.eu\/product\/skydiving-in-reichenbach-tandem-jumping-from-a-plane-from-chf-420-00\/"},"modified":"2026-04-04T00:46:41","modified_gmt":"2026-04-03T22:46:41","slug":"skydiving-reichenbach-tandem-jump-plane","status":"publish","type":"product","link":"https:\/\/www.swissraft.ch\/en\/product\/skydiving-reichenbach-tandem-jump-plane\/","title":{"rendered":"Skydiving in Reichenbach &#8211; Tandem jumping from a plane &#8211; From CHF 420.00"},"content":{"rendered":"\t\t<div data-elementor-type=\"wp-post\" data-elementor-id=\"92875\" class=\"elementor elementor-92875 elementor-30869\">\n\t\t\t\t\t\t\t\t\t<section class=\"elementor-section elementor-top-section elementor-element elementor-element-3303a7e3 elementor-section-boxed elementor-section-height-default elementor-section-height-default\" data-id=\"3303a7e3\" data-element_type=\"section\">\n\t\t\t\t\t\t<div class=\"elementor-container elementor-column-gap-default\">\n\t\t\t\t\t<div class=\"elementor-column elementor-col-100 elementor-top-column elementor-element elementor-element-16d72dbf\" data-id=\"16d72dbf\" data-element_type=\"column\">\n\t\t\t<div class=\"elementor-widget-wrap elementor-element-populated\">\n\t\t\t\t\t\t\t\t<div class=\"elementor-element elementor-element-d743c03 elementor-widget elementor-widget-text-editor\" data-id=\"d743c03\" data-element_type=\"widget\" data-widget_type=\"text-editor.default\">\n\t\t\t\t<div class=\"elementor-widget-container\">\n\t\t\t\t\t\t\t<h2>CHOOSE YOUR ACTIVITY BELOW TO OFFER GIFT VOUCHERS \/ TICKETS OR MAKE A RESERVATION<\/h2><table border=\"0\" width=\"580\" cellspacing=\"10\" cellpadding=\"10\"><tbody><tr><td width=\"50%\"><strong>TANDEM SKYDIVING &#8211; REICHENBACH<\/strong><\/td><td><strong>CHF 420.00 per person<span class=\"productPrice\"><br \/><\/span><\/strong><\/td><\/tr><tr><td>Further information<\/td><td><span class=\"patt\"><span class=\"plbl\">&#8211; Sport shoes without hooks<br \/>&#8211; Do not fast<br \/>&#8211; Do not be under the influence of alcohol or other substances<br \/>&#8211; Parental consent required for minors.<\/span><br \/><\/span><\/td><\/tr><tr><td>Schedules<\/td><td>When you make your reservation, you will be asked to choose a time<\/td><\/tr><tr><td>Freefall duration<\/td><td>approx. 45 seconds<\/td><\/tr><tr><td>Total duration<\/td><td>approx. 4 hrs<\/td><\/tr><tr><td>Meeting point<\/td><td><a href=\"https:\/\/www.google.com\/maps\/place\/46%C2%B040'15.8%22N+7%C2%B052'42.2%22E\/@46.6710056,7.8697297,1722m\/data=!3m1!1e3!4m12!1m7!3m6!1s0x478fa39d4c79741d:0xe1388a661824dff1!2sIndustriestrasse+17,+3812+Wilderswil,+Suisse!3b1!8m2!3d46.6699882!4d7.8740105!3m3!8m2!3d46.671066!4d7.878399?entry=ttu&amp;g_ep=EgoyMDI2MDMwOS4wIKXMDSoASAFQAw%3D%3D\" target=\"_blank\" rel=\"noopener\">Interlaken-Wilderswil<\/a><\/td><\/tr><tr><td><button class=\"elementor-button\" type=\"button\"><a href=\"https:\/\/swissraft.outdoorbooking.ch\/fo\/products\/1676?base_id=248&amp;category_id=5&amp;order_type=gift_voucher&amp;lang=en\" target=\"_blank\" rel=\"noopener\">PURCHASE GIFT VOUCHER \/ TICKET<\/a><\/button><\/td><td><a href=\"https:\/\/swissraft.outdoorbooking.ch\/fo\/products\/1676?base_id=248&amp;category_id=5&amp;order_type=event&amp;lang=en\" target=\"_blank\" rel=\"noopener\">BOOK YOUR JUMP DATE<\/a>\u00a0 <strong>CHF 420.00<\/strong>\/pers.<\/td><\/tr><tr><td><button class=\"elementor-button\" type=\"button\"><a href=\"https:\/\/swissraft.outdoorbooking.ch\/fo\/products\/1679?base_id=248&amp;category_id=5&amp;order_type=gift_voucher&amp;lang=en\" target=\"_blank\" rel=\"noopener\">PURCHASE GIFT VOUCHER \/ TICKET<\/a><\/button><\/td><td><a href=\"https:\/\/swissraft.outdoorbooking.ch\/fo\/products\/1679?base_id=248&amp;category_id=5&amp;order_type=event&amp;lang=en\" target=\"_blank\" rel=\"noopener\">BOOK YOUR JUMP DATE<\/a>\u00a0 <strong>CHF 560.00<\/strong>\/pers. with video or photos (Hcamera)<\/td><\/tr><tr><td><button class=\"elementor-button\" type=\"button\"><a href=\"https:\/\/swissraft.outdoorbooking.ch\/fo\/products\/1680?base_id=248&amp;category_id=5&amp;order_type=gift_voucher&amp;lang=en\" target=\"_blank\" rel=\"noopener\">PURCHASE GIFT VOUCHER \/ TICKET<\/a><\/button><\/td><td><a href=\"https:\/\/swissraft.outdoorbooking.ch\/fo\/products\/1680?base_id=248&amp;category_id=5&amp;order_type=event&amp;lang=en\" target=\"_blank\" rel=\"noopener\">BOOK YOUR JUMP DATE<\/a>\u00a0 <strong>CHF 590.00<\/strong>\/pers. with video &amp; photos (Hcamera)<\/td><\/tr><\/tbody><\/table>\t\t\t\t\t\t<\/div>\n\t\t\t\t<\/div>\n\t\t\t\t\t<\/div>\n\t\t<\/div>\n\t\t\t\t\t\t\t<\/div>\n\t\t<\/section>\n\t\t\t\t\t\t\t<\/div>\n\t\t","protected":false},"excerpt":{"rendered":"<div align=\"justify\">\n<h2 align=\"justify\">In the Bernese Oberland, in the Kander valley on the former military base, make a tandem parachute jump at the Reichenbach airfield.<\/h2>\n<h3>It&#8217;s a chance to get away from it all and enjoy a breathtaking experience.<\/h3>\n<\/div>\n<div align=\"justify\">\n<p>In Reichenbach you are welcomed by your pilot-instructor. You do a few exercises under the watchful eye of your instructor. Then you equip yourself with a helmet and goggles. You&#8217;re ready to board the plane with your pilot-instructor. You feel a little apprehensive, but thanks to your instructor&#8217;s serenity, the tension subsides. You enter the plane with no worries, because your instructor is an experienced pilot. During the 20-minute ascent, you&#8217;ll enjoy a sumptuous panorama. Panoramic views of Interlaken, the two lakes and the Bernese Alps with the famous Eiger M\u00f6nch and Jungfraujoch massif. The plane reaches 4000 m altitude and the pilot gives the GO to jump. Last check before the big jump in an exceptional mountain setting. After about 45 seconds of freefall, the parachute opens and everything calms down. Enjoy the quiet descent to the Reichenbach aerodrome, where you land gently. Don&#8217;t forget to order a video or photos to immortalize this special moment in your life. For those who are a little apprehensive about this activity, we offer a free-fall simulator. Swissraft offers a free-fall simulator in Sion in the Valais and another in Winterthur in German-speaking Switzerland.<\/p>\n<h3>On the Swissraft website, we offer nearly fifteen places to make a tandem parachute jump.<\/h3>\n<p id=\"textarea\" style=\"display: none;\">\nStill in the Bernese Oberland, we parachute into Interlaken from a helicopter. We also parachute from Berom\u00fcnster and Triengen airfields in the canton of Lucerne. On the one hand, we have a dropzone in \u00c9cuvillens and one in \u00c9pagny en Gruy\u00e8re. We also have a dropzone in the canton of Neuch\u00e2tel at Colombier airfield. We also hop over to Bex in the canton of Vaud. We also offer tandem jumps at Grenchen airfield in the canton of Solothurn. We also do tandem jumps in Valais at Rarogne airfield and Sion airport. We also have a dropzone in Eastern Switzerland at Sitterdorf airfield. What&#8217;s more, we&#8217;re doing a tandem jump in Locarno, Ticino. At the same time, in Germany near Basel, we do tandem jumps from Rottweil airfield, where we have a dropzone.\n<\/p>\n<p><a id=\"seeMore\" onclick=\"toggleSeeMore()\" href=\"javascript:void(0);\">Read more<\/a><\/p>\n","protected":false},"featured_media":87825,"comment_status":"open","ping_status":"closed","template":"","meta":{"inline_featured_image":false,"_mi_skip_tracking":false},"product_cat":[434],"product_tag":[],"class_list":["post-92875","product","type-product","status-publish","has-post-thumbnail","hentry","product_cat-tandem-parachute-jump"],"yoast_head":"<!-- This site is optimized with the Yoast SEO plugin v23.6 - https:\/\/yoast.com\/wordpress\/plugins\/seo\/ -->\n<title>Tandem skydiving Reichenbach at 4000 m altitude<\/title>\n<meta name=\"description\" content=\"Tandem skydiving Reichenbach at an altitude of 4000 m. You free-fall for at least 45 seconds at nearly 200 km\/h. Pure adrenaline\" \/>\n<meta name=\"robots\" content=\"index, follow, max-snippet:-1, max-image-preview:large, max-video-preview:-1\" \/>\n<link rel=\"canonical\" href=\"https:\/\/www.swissraft.ch\/en\/product\/skydiving-reichenbach-tandem-jump-plane\/\" \/>\n<meta property=\"og:locale\" content=\"en_US\" \/>\n<meta property=\"og:type\" content=\"article\" \/>\n<meta property=\"og:title\" content=\"Tandem skydiving Reichenbach at 4000 m altitude\" \/>\n<meta property=\"og:description\" content=\"Tandem skydiving Reichenbach at an altitude of 4000 m. You free-fall for at least 45 seconds at nearly 200 km\/h. Pure adrenaline\" \/>\n<meta property=\"og:url\" content=\"https:\/\/www.swissraft.ch\/en\/product\/skydiving-reichenbach-tandem-jump-plane\/\" \/>\n<meta property=\"og:site_name\" content=\"Swissraft\" \/>\n<meta property=\"article:modified_time\" content=\"2026-04-03T22:46:41+00:00\" \/>\n<meta property=\"og:image\" content=\"https:\/\/www.swissraft.ch\/wp-content\/uploads\/2023\/02\/1-REICHENBACH-776x776-1.jpg\" \/>\n\t<meta property=\"og:image:width\" content=\"776\" \/>\n\t<meta property=\"og:image:height\" content=\"776\" \/>\n\t<meta property=\"og:image:type\" content=\"image\/jpeg\" \/>\n<meta name=\"twitter:card\" content=\"summary_large_image\" \/>\n<meta name=\"twitter:label1\" content=\"Est. reading time\" \/>\n\t<meta name=\"twitter:data1\" content=\"1 minute\" \/>\n<script type=\"application\/ld+json\" class=\"yoast-schema-graph\">{\"@context\":\"https:\/\/schema.org\",\"@graph\":[{\"@type\":\"WebPage\",\"@id\":\"https:\/\/www.swissraft.ch\/en\/product\/skydiving-reichenbach-tandem-jump-plane\/\",\"url\":\"https:\/\/www.swissraft.ch\/en\/product\/skydiving-reichenbach-tandem-jump-plane\/\",\"name\":\"Tandem skydiving Reichenbach at 4000 m altitude\",\"isPartOf\":{\"@id\":\"https:\/\/www.swissraft.ch\/en\/#website\"},\"primaryImageOfPage\":{\"@id\":\"https:\/\/www.swissraft.ch\/en\/product\/skydiving-reichenbach-tandem-jump-plane\/#primaryimage\"},\"image\":{\"@id\":\"https:\/\/www.swissraft.ch\/en\/product\/skydiving-reichenbach-tandem-jump-plane\/#primaryimage\"},\"thumbnailUrl\":\"https:\/\/www.swissraft.ch\/wp-content\/uploads\/2023\/02\/1-REICHENBACH-776x776-1.jpg\",\"datePublished\":\"2023-02-16T13:31:04+00:00\",\"dateModified\":\"2026-04-03T22:46:41+00:00\",\"description\":\"Tandem skydiving Reichenbach at an altitude of 4000 m. You free-fall for at least 45 seconds at nearly 200 km\/h. Pure adrenaline\",\"breadcrumb\":{\"@id\":\"https:\/\/www.swissraft.ch\/en\/product\/skydiving-reichenbach-tandem-jump-plane\/#breadcrumb\"},\"inLanguage\":\"en-US\",\"potentialAction\":[{\"@type\":\"ReadAction\",\"target\":[\"https:\/\/www.swissraft.ch\/en\/product\/skydiving-reichenbach-tandem-jump-plane\/\"]}]},{\"@type\":\"ImageObject\",\"inLanguage\":\"en-US\",\"@id\":\"https:\/\/www.swissraft.ch\/en\/product\/skydiving-reichenbach-tandem-jump-plane\/#primaryimage\",\"url\":\"https:\/\/www.swissraft.ch\/wp-content\/uploads\/2023\/02\/1-REICHENBACH-776x776-1.jpg\",\"contentUrl\":\"https:\/\/www.swissraft.ch\/wp-content\/uploads\/2023\/02\/1-REICHENBACH-776x776-1.jpg\",\"width\":776,\"height\":776,\"caption\":\"Tandem jumping at Reichenbach\"},{\"@type\":\"BreadcrumbList\",\"@id\":\"https:\/\/www.swissraft.ch\/en\/product\/skydiving-reichenbach-tandem-jump-plane\/#breadcrumb\",\"itemListElement\":[{\"@type\":\"ListItem\",\"position\":1,\"name\":\"Accueil\",\"item\":\"https:\/\/www.swissraft.ch\/en\/\"},{\"@type\":\"ListItem\",\"position\":2,\"name\":\"Store\",\"item\":\"https:\/\/www.swissraft.ch\/en\/store\/\"},{\"@type\":\"ListItem\",\"position\":3,\"name\":\"Skydiving in Reichenbach &#8211; Tandem jumping from a plane &#8211; From CHF 420.00\"}]},{\"@type\":\"WebSite\",\"@id\":\"https:\/\/www.swissraft.ch\/en\/#website\",\"url\":\"https:\/\/www.swissraft.ch\/en\/\",\"name\":\"Swissraft\",\"description\":\"To enjoy nature as it is\",\"publisher\":{\"@id\":\"https:\/\/www.swissraft.ch\/en\/#organization\"},\"potentialAction\":[{\"@type\":\"SearchAction\",\"target\":{\"@type\":\"EntryPoint\",\"urlTemplate\":\"https:\/\/www.swissraft.ch\/en\/?s={search_term_string}\"},\"query-input\":{\"@type\":\"PropertyValueSpecification\",\"valueRequired\":true,\"valueName\":\"search_term_string\"}}],\"inLanguage\":\"en-US\"},{\"@type\":\"Organization\",\"@id\":\"https:\/\/www.swissraft.ch\/en\/#organization\",\"name\":\"Swissraft\",\"url\":\"https:\/\/www.swissraft.ch\/en\/\",\"logo\":{\"@type\":\"ImageObject\",\"inLanguage\":\"en-US\",\"@id\":\"https:\/\/www.swissraft.ch\/en\/#\/schema\/logo\/image\/\",\"url\":\"https:\/\/www.swissraft.ch\/wp-content\/uploads\/2025\/09\/Capture.jpg\",\"contentUrl\":\"https:\/\/www.swissraft.ch\/wp-content\/uploads\/2025\/09\/Capture.jpg\",\"width\":293,\"height\":108,\"caption\":\"Swissraft\"},\"image\":{\"@id\":\"https:\/\/www.swissraft.ch\/en\/#\/schema\/logo\/image\/\"}}]}<\/script>\n<!-- \/ Yoast SEO plugin. -->","yoast_head_json":{"title":"Tandem skydiving Reichenbach at 4000 m altitude","description":"Tandem skydiving Reichenbach at an altitude of 4000 m. You free-fall for at least 45 seconds at nearly 200 km\/h. Pure adrenaline","robots":{"index":"index","follow":"follow","max-snippet":"max-snippet:-1","max-image-preview":"max-image-preview:large","max-video-preview":"max-video-preview:-1"},"canonical":"https:\/\/www.swissraft.ch\/en\/product\/skydiving-reichenbach-tandem-jump-plane\/","og_locale":"en_US","og_type":"article","og_title":"Tandem skydiving Reichenbach at 4000 m altitude","og_description":"Tandem skydiving Reichenbach at an altitude of 4000 m. You free-fall for at least 45 seconds at nearly 200 km\/h. Pure adrenaline","og_url":"https:\/\/www.swissraft.ch\/en\/product\/skydiving-reichenbach-tandem-jump-plane\/","og_site_name":"Swissraft","article_modified_time":"2026-04-03T22:46:41+00:00","og_image":[{"width":776,"height":776,"url":"https:\/\/www.swissraft.ch\/wp-content\/uploads\/2023\/02\/1-REICHENBACH-776x776-1.jpg","type":"image\/jpeg"}],"twitter_card":"summary_large_image","twitter_misc":{"Est. reading time":"1 minute"},"schema":{"@context":"https:\/\/schema.org","@graph":[{"@type":"WebPage","@id":"https:\/\/www.swissraft.ch\/en\/product\/skydiving-reichenbach-tandem-jump-plane\/","url":"https:\/\/www.swissraft.ch\/en\/product\/skydiving-reichenbach-tandem-jump-plane\/","name":"Tandem skydiving Reichenbach at 4000 m altitude","isPartOf":{"@id":"https:\/\/www.swissraft.ch\/en\/#website"},"primaryImageOfPage":{"@id":"https:\/\/www.swissraft.ch\/en\/product\/skydiving-reichenbach-tandem-jump-plane\/#primaryimage"},"image":{"@id":"https:\/\/www.swissraft.ch\/en\/product\/skydiving-reichenbach-tandem-jump-plane\/#primaryimage"},"thumbnailUrl":"https:\/\/www.swissraft.ch\/wp-content\/uploads\/2023\/02\/1-REICHENBACH-776x776-1.jpg","datePublished":"2023-02-16T13:31:04+00:00","dateModified":"2026-04-03T22:46:41+00:00","description":"Tandem skydiving Reichenbach at an altitude of 4000 m. You free-fall for at least 45 seconds at nearly 200 km\/h. Pure adrenaline","breadcrumb":{"@id":"https:\/\/www.swissraft.ch\/en\/product\/skydiving-reichenbach-tandem-jump-plane\/#breadcrumb"},"inLanguage":"en-US","potentialAction":[{"@type":"ReadAction","target":["https:\/\/www.swissraft.ch\/en\/product\/skydiving-reichenbach-tandem-jump-plane\/"]}]},{"@type":"ImageObject","inLanguage":"en-US","@id":"https:\/\/www.swissraft.ch\/en\/product\/skydiving-reichenbach-tandem-jump-plane\/#primaryimage","url":"https:\/\/www.swissraft.ch\/wp-content\/uploads\/2023\/02\/1-REICHENBACH-776x776-1.jpg","contentUrl":"https:\/\/www.swissraft.ch\/wp-content\/uploads\/2023\/02\/1-REICHENBACH-776x776-1.jpg","width":776,"height":776,"caption":"Tandem jumping at Reichenbach"},{"@type":"BreadcrumbList","@id":"https:\/\/www.swissraft.ch\/en\/product\/skydiving-reichenbach-tandem-jump-plane\/#breadcrumb","itemListElement":[{"@type":"ListItem","position":1,"name":"Accueil","item":"https:\/\/www.swissraft.ch\/en\/"},{"@type":"ListItem","position":2,"name":"Store","item":"https:\/\/www.swissraft.ch\/en\/store\/"},{"@type":"ListItem","position":3,"name":"Skydiving in Reichenbach &#8211; Tandem jumping from a plane &#8211; From CHF 420.00"}]},{"@type":"WebSite","@id":"https:\/\/www.swissraft.ch\/en\/#website","url":"https:\/\/www.swissraft.ch\/en\/","name":"Swissraft","description":"To enjoy nature as it is","publisher":{"@id":"https:\/\/www.swissraft.ch\/en\/#organization"},"potentialAction":[{"@type":"SearchAction","target":{"@type":"EntryPoint","urlTemplate":"https:\/\/www.swissraft.ch\/en\/?s={search_term_string}"},"query-input":{"@type":"PropertyValueSpecification","valueRequired":true,"valueName":"search_term_string"}}],"inLanguage":"en-US"},{"@type":"Organization","@id":"https:\/\/www.swissraft.ch\/en\/#organization","name":"Swissraft","url":"https:\/\/www.swissraft.ch\/en\/","logo":{"@type":"ImageObject","inLanguage":"en-US","@id":"https:\/\/www.swissraft.ch\/en\/#\/schema\/logo\/image\/","url":"https:\/\/www.swissraft.ch\/wp-content\/uploads\/2025\/09\/Capture.jpg","contentUrl":"https:\/\/www.swissraft.ch\/wp-content\/uploads\/2025\/09\/Capture.jpg","width":293,"height":108,"caption":"Swissraft"},"image":{"@id":"https:\/\/www.swissraft.ch\/en\/#\/schema\/logo\/image\/"}}]}},"_links":{"self":[{"href":"https:\/\/www.swissraft.ch\/en\/wp-json\/wp\/v2\/product\/92875","targetHints":{"allow":["GET"]}}],"collection":[{"href":"https:\/\/www.swissraft.ch\/en\/wp-json\/wp\/v2\/product"}],"about":[{"href":"https:\/\/www.swissraft.ch\/en\/wp-json\/wp\/v2\/types\/product"}],"replies":[{"embeddable":true,"href":"https:\/\/www.swissraft.ch\/en\/wp-json\/wp\/v2\/comments?post=92875"}],"version-history":[{"count":55,"href":"https:\/\/www.swissraft.ch\/en\/wp-json\/wp\/v2\/product\/92875\/revisions"}],"predecessor-version":[{"id":136464,"href":"https:\/\/www.swissraft.ch\/en\/wp-json\/wp\/v2\/product\/92875\/revisions\/136464"}],"wp:featuredmedia":[{"embeddable":true,"href":"https:\/\/www.swissraft.ch\/en\/wp-json\/wp\/v2\/media\/87825"}],"wp:attachment":[{"href":"https:\/\/www.swissraft.ch\/en\/wp-json\/wp\/v2\/media?parent=92875"}],"wp:term":[{"taxonomy":"product_cat","embeddable":true,"href":"https:\/\/www.swissraft.ch\/en\/wp-json\/wp\/v2\/product_cat?post=92875"},{"taxonomy":"product_tag","embeddable":true,"href":"https:\/\/www.swissraft.ch\/en\/wp-json\/wp\/v2\/product_tag?post=92875"}],"curies":[{"name":"wp","href":"https:\/\/api.w.org\/{rel}","templated":true}]}}