{"id":92867,"date":"2023-02-16T14:18:27","date_gmt":"2023-02-16T13:18:27","guid":{"rendered":"https:\/\/swissraft.xyanzkdne.eu\/product\/parachute-jumping-at-interlaken-tandem-jumping-from-a-helicopter-from-chf-450-00\/"},"modified":"2026-04-23T04:20:14","modified_gmt":"2026-04-23T02:20:14","slug":"skydiving-interlaken-tandem-jump-helicopter","status":"publish","type":"product","link":"https:\/\/www.swissraft.ch\/en\/product\/skydiving-interlaken-tandem-jump-helicopter\/","title":{"rendered":"Skydiving in Interlaken &#8211; Tandem jump from a helicopter &#8211; From CHF 490.00"},"content":{"rendered":"\t\t<div data-elementor-type=\"wp-post\" data-elementor-id=\"92867\" class=\"elementor elementor-92867 elementor-30863\">\n\t\t\t\t\t\t\t\t\t<section class=\"elementor-section elementor-top-section elementor-element elementor-element-3303a7e3 elementor-section-boxed elementor-section-height-default elementor-section-height-default\" data-id=\"3303a7e3\" data-element_type=\"section\">\n\t\t\t\t\t\t<div class=\"elementor-container elementor-column-gap-default\">\n\t\t\t\t\t<div class=\"elementor-column elementor-col-100 elementor-top-column elementor-element elementor-element-16d72dbf\" data-id=\"16d72dbf\" data-element_type=\"column\">\n\t\t\t<div class=\"elementor-widget-wrap elementor-element-populated\">\n\t\t\t\t\t\t\t\t<div class=\"elementor-element elementor-element-d743c03 elementor-widget elementor-widget-text-editor\" data-id=\"d743c03\" data-element_type=\"widget\" data-widget_type=\"text-editor.default\">\n\t\t\t\t<div class=\"elementor-widget-container\">\n\t\t\t\t\t\t\t<h2>CHOOSE YOUR ACTIVITY BELOW TO OFFER GIFT VOUCHERS \/ TICKETS OR MAKE A RESERVATION<\/h2><table border=\"0\" width=\"580\" cellspacing=\"10\" cellpadding=\"10\"><tbody><tr><td width=\"50%\"><strong>1) TANDEM SKYDIVING &#8211; INTERLAKEN<\/strong><\/td><td><strong>CHF 490.00 per person<span class=\"productPrice\"><br \/><\/span><\/strong><\/td><\/tr><tr><td>Further information<\/td><td><span class=\"patt\"> <span class=\"plbl\">&#8211; Sport shoes without hooks<br \/>&#8211; Do not fast<br \/>&#8211; Do not be under the influence of alcohol or other substances<br \/>&#8211; Parental consent required for minors.<\/span><\/span><\/td><\/tr><tr><td>Schedules<\/td><td>By appointment only<\/td><\/tr><tr><td>Freefall duration<\/td><td>approx. 50 seconds<\/td><\/tr><tr><td>Total duration<\/td><td>approx. 2h<\/td><\/tr><tr><td>Airfield<\/td><td><a href=\"https:\/\/www.google.com\/maps\/place\/46%C2%B040'05.2%22N+7%C2%B052'23.8%22E\/@46.6683424,7.8548121,3098m\/data=!3m1!1e3!4m4!3m3!8m2!3d46.6681111!4d7.8732778?entry=ttu\" target=\"_blank\" rel=\"noopener\">Interlaken \/ Wilderswil<\/a><\/td><\/tr><tr><td><button class=\"elementor-button\" type=\"button\"><a href=\"https:\/\/swissraft.outdoorbooking.ch\/fo\/products\/250?base_id=45&amp;category_id=5&amp;order_type=gift_voucher&amp;lang=en\" target=\"_blank\" rel=\"noopener\">PURCHASE GIFT VOUCHER \/ TICKET<\/a><\/button><\/td><td><strong>CHF 490.00<\/strong>\/pers.<\/td><\/tr><tr><td><button class=\"elementor-button\" type=\"button\"><a href=\"https:\/\/swissraft.outdoorbooking.ch\/fo\/products\/251?base_id=45&amp;category_id=5&amp;order_type=gift_voucher&amp;lang=en\" target=\"_blank\" rel=\"noopener\">PURCHASE GIFT VOUCHER \/ TICKET<\/a><\/button><\/td><td><strong>CHF 640.00<\/strong>\/pers. with video<\/td><\/tr><tr><td>\u00a0<\/td><td><span style=\"text-decoration: underline;\"><strong><em>IMPORTANT !<\/em><\/strong><\/span><br \/><em>To book, call the number at the top left of the gift voucher \/ ticket.<\/em><\/td><\/tr><\/tbody><\/table><table border=\"0\" width=\"580\" cellspacing=\"10\" cellpadding=\"10\"><tbody><tr><td width=\"50%\"><strong>2) ORIGINAL EIGER JUMP GRINDELWALD &#8211; INTERLAKEN<\/strong><\/td><td><strong>CHF 690.00 per person<span class=\"productPrice\"><br \/><\/span><\/strong><\/td><\/tr><tr><td>Further information<\/td><td><span class=\"patt\"><span class=\"plbl\">&#8211; Sport shoes without hooks<br \/>&#8211; Do not fast<br \/>&#8211; Do not be under the influence of alcohol or other substances<br \/>&#8211; Parental consent required for minors<\/span><\/span><\/td><\/tr><tr><td>Schedules<\/td><td>By appointment only<\/td><\/tr><tr><td>Freefall duration<\/td><td>approx. 60 seconds<\/td><\/tr><tr><td>Total duration<\/td><td>approx. 2h30<\/td><\/tr><tr><td>Airfield<\/td><td><a href=\"https:\/\/www.google.com\/maps\/place\/46%C2%B040'05.2%22N+7%C2%B052'23.8%22E\/@46.6683424,7.8548121,3098m\/data=!3m1!1e3!4m4!3m3!8m2!3d46.6681111!4d7.8732778?entry=ttu\" target=\"_blank\" rel=\"noopener\">Interlaken \/ Wilderswil<\/a><\/td><\/tr><tr><td><button class=\"elementor-button\" type=\"button\"><a href=\"https:\/\/swissraft.outdoorbooking.ch\/fo\/products\/252?base_id=45&amp;category_id=5&amp;order_type=gift_voucher&amp;lang=en\" target=\"_blank\" rel=\"noopener\">PURCHASE GIFT VOUCHER \/ TICKET<\/a><\/button><\/td><td><strong>CHF 690.00<\/strong>\/pers.<strong><br \/><\/strong><\/td><\/tr><tr><td><button class=\"elementor-button\" type=\"button\"><a href=\"https:\/\/swissraft.outdoorbooking.ch\/fo\/products\/253?base_id=45&amp;category_id=5&amp;order_type=gift_voucher&amp;lang=en\" target=\"_blank\" rel=\"noopener\">PURCHASE GIFT VOUCHER \/ TICKET<\/a><\/button><\/td><td><strong>CHF 840.00<\/strong>\/pers. with video <strong><br \/><\/strong><\/td><\/tr><tr><td>\u00a0<\/td><td><span style=\"text-decoration: underline;\"><strong><em>IMPORTANT !<\/em><\/strong><\/span><br \/><em>To book, call the number at the top left of the gift voucher \/ ticket.<\/em><\/td><\/tr><\/tbody><\/table>\t\t\t\t\t\t<\/div>\n\t\t\t\t<\/div>\n\t\t\t\t\t<\/div>\n\t\t<\/div>\n\t\t\t\t\t\t\t<\/div>\n\t\t<\/section>\n\t\t\t\t\t\t\t<\/div>\n\t\t","protected":false},"excerpt":{"rendered":"<div align=\"justify\">\n<h2 align=\"justify\">Tandem parachute jump from a helicopter in the Bernese Oberland at Interlaken<\/h2>\n<h3>From a helicopter, the sensations are different, as you jump from a stationary position. The view is fabulous, with the Eiger massif in front of you, a mythical peak for mountaineers.<\/h3>\n<\/div>\n<div align=\"justify\">\n<p>When you arrive at Interlaken\/Wilderswil airfield, the pilot-instructor takes charge of you. He hands you your equipment and together you take the bus to the Gsteigwiler heliport to pick up your helicopter. After an instruction session in which you learn how to position your arms and head, you&#8217;re ready for adventure. The Ecureuil B3 helicopter seats only two tandem passengers and their respective pilots. Everything is now ready, and you head for the helicopter. You take your place on board with your pilot-instructor and a second tandem, just as impatient as you are for the big jump. On the way up, you&#8217;ll see the Eiger, an imposing massif if ever there was one. The helicopter quickly gained altitude and stabilized at 4000 m. You&#8217;re ready for the jump. What&#8217;s more, if you choose the Original jump Grindelwald, your helicopter climbs to 5300 m, well above the Eiger. You fly over Wengen, the little Scheidegg and over the North Face of the Eiger. Then on to Konkordiaplatz, the Aletsch glacier and the Jungfraujoch. In this case, the free-fall time is one minute. You and your instructor approach the helicopter door. One last check and you&#8217;re off into the void. The speed of the fall accelerates to almost 200 km\/h. Thanks to your goggles, your eyes are wide open. You can see the summit of the Eiger speeding past you and the land getting closer. Nearly 3000 m of freefall before your pilot opens the parachute. You won&#8217;t soon forget this breathtaking freefall. For you, this minute out of normality was a total fulfillment, because you overcame your apprehension. Indeed, jumping into a void is not a natural thing to do, nor is it easy to do. Then the descent under your parachute continues smoothly to the Wilderswil dropzone, where your pilot lands gently.<br \/>\nFor those wishing to make a tandem jump, we offer a free-fall simulator session.<\/p>\n<h3>You can choose from several dropzones throughout Switzerland on our website. Call us if you have any questions<\/h3>\n<p id=\"textarea\" style=\"display: none;\">\nAlso in the Bernese Oberland, we made a tandem parachute jump from a plane at Reichenbach. The same applies to the Bex airfield in the canton of Vaud. We also do parachute jumps in the canton of Fribourg at \u00c9pagny en Gruy\u00e8re and \u00c9cuvillens. We also jump into the canton of Lucerne from Triengen and Berom\u00fcnster airfields. We also practice parachuting at the Colombier airfield on the shores of Lake Neuch\u00e2tel. We also do parachute jumping in the canton of Solothurn at Grenchen. Then we do tandem jumps from Sitterdorf airfield in Thurgau. But also parachuting from Locarno airfield in Ticino. But also in neighbouring Germany, where we have a dropzone near the city of Basel, in Rottweil to be precise.\n<\/p>\n<p><a id=\"seeMore\" onclick=\"toggleSeeMore()\" href=\"javascript:void(0);\">Read more<\/a><\/p>\n","protected":false},"featured_media":87927,"comment_status":"open","ping_status":"closed","template":"","meta":{"inline_featured_image":false,"_mi_skip_tracking":false},"product_cat":[434],"product_tag":[],"class_list":["post-92867","product","type-product","status-publish","has-post-thumbnail","hentry","product_cat-tandem-parachute-jump"],"yoast_head":"<!-- This site is optimized with the Yoast SEO plugin v23.6 - https:\/\/yoast.com\/wordpress\/plugins\/seo\/ -->\n<title>Skydiving in Interlaken tandem parachute jump from a helicopter<\/title>\n<meta name=\"description\" content=\"Skydiving in Interlaken, tandem parachute jump from a helicopter with a 60-second freefall if you choose to do the Original Eiger jump\" \/>\n<meta name=\"robots\" content=\"index, follow, max-snippet:-1, max-image-preview:large, max-video-preview:-1\" \/>\n<link rel=\"canonical\" href=\"https:\/\/www.swissraft.ch\/en\/product\/skydiving-interlaken-tandem-jump-helicopter\/\" \/>\n<meta property=\"og:locale\" content=\"en_US\" \/>\n<meta property=\"og:type\" content=\"article\" \/>\n<meta property=\"og:title\" content=\"Skydiving in Interlaken tandem parachute jump from a helicopter\" \/>\n<meta property=\"og:description\" content=\"Skydiving in Interlaken, tandem parachute jump from a helicopter with a 60-second freefall if you choose to do the Original Eiger jump\" \/>\n<meta property=\"og:url\" content=\"https:\/\/www.swissraft.ch\/en\/product\/skydiving-interlaken-tandem-jump-helicopter\/\" \/>\n<meta property=\"og:site_name\" content=\"Swissraft\" \/>\n<meta property=\"article:modified_time\" content=\"2026-04-23T02:20:14+00:00\" \/>\n<meta property=\"og:image\" content=\"https:\/\/www.swissraft.ch\/wp-content\/uploads\/2023\/02\/1-INTERLAKEN-776x776-1.jpg\" \/>\n\t<meta property=\"og:image:width\" content=\"776\" \/>\n\t<meta property=\"og:image:height\" content=\"776\" \/>\n\t<meta property=\"og:image:type\" content=\"image\/jpeg\" \/>\n<meta name=\"twitter:card\" content=\"summary_large_image\" \/>\n<meta name=\"twitter:label1\" content=\"Est. reading time\" \/>\n\t<meta name=\"twitter:data1\" content=\"1 minute\" \/>\n<script type=\"application\/ld+json\" class=\"yoast-schema-graph\">{\"@context\":\"https:\/\/schema.org\",\"@graph\":[{\"@type\":\"WebPage\",\"@id\":\"https:\/\/www.swissraft.ch\/en\/product\/skydiving-interlaken-tandem-jump-helicopter\/\",\"url\":\"https:\/\/www.swissraft.ch\/en\/product\/skydiving-interlaken-tandem-jump-helicopter\/\",\"name\":\"Skydiving in Interlaken tandem parachute jump from a helicopter\",\"isPartOf\":{\"@id\":\"https:\/\/www.swissraft.ch\/en\/#website\"},\"primaryImageOfPage\":{\"@id\":\"https:\/\/www.swissraft.ch\/en\/product\/skydiving-interlaken-tandem-jump-helicopter\/#primaryimage\"},\"image\":{\"@id\":\"https:\/\/www.swissraft.ch\/en\/product\/skydiving-interlaken-tandem-jump-helicopter\/#primaryimage\"},\"thumbnailUrl\":\"https:\/\/www.swissraft.ch\/wp-content\/uploads\/2023\/02\/1-INTERLAKEN-776x776-1.jpg\",\"datePublished\":\"2023-02-16T13:18:27+00:00\",\"dateModified\":\"2026-04-23T02:20:14+00:00\",\"description\":\"Skydiving in Interlaken, tandem parachute jump from a helicopter with a 60-second freefall if you choose to do the Original Eiger jump\",\"breadcrumb\":{\"@id\":\"https:\/\/www.swissraft.ch\/en\/product\/skydiving-interlaken-tandem-jump-helicopter\/#breadcrumb\"},\"inLanguage\":\"en-US\",\"potentialAction\":[{\"@type\":\"ReadAction\",\"target\":[\"https:\/\/www.swissraft.ch\/en\/product\/skydiving-interlaken-tandem-jump-helicopter\/\"]}]},{\"@type\":\"ImageObject\",\"inLanguage\":\"en-US\",\"@id\":\"https:\/\/www.swissraft.ch\/en\/product\/skydiving-interlaken-tandem-jump-helicopter\/#primaryimage\",\"url\":\"https:\/\/www.swissraft.ch\/wp-content\/uploads\/2023\/02\/1-INTERLAKEN-776x776-1.jpg\",\"contentUrl\":\"https:\/\/www.swissraft.ch\/wp-content\/uploads\/2023\/02\/1-INTERLAKEN-776x776-1.jpg\",\"width\":776,\"height\":776,\"caption\":\"Tandem jump from a helicopter in Interlaken\"},{\"@type\":\"BreadcrumbList\",\"@id\":\"https:\/\/www.swissraft.ch\/en\/product\/skydiving-interlaken-tandem-jump-helicopter\/#breadcrumb\",\"itemListElement\":[{\"@type\":\"ListItem\",\"position\":1,\"name\":\"Accueil\",\"item\":\"https:\/\/www.swissraft.ch\/en\/\"},{\"@type\":\"ListItem\",\"position\":2,\"name\":\"Store\",\"item\":\"https:\/\/www.swissraft.ch\/en\/store\/\"},{\"@type\":\"ListItem\",\"position\":3,\"name\":\"Skydiving in Interlaken &#8211; Tandem jump from a helicopter &#8211; From CHF 490.00\"}]},{\"@type\":\"WebSite\",\"@id\":\"https:\/\/www.swissraft.ch\/en\/#website\",\"url\":\"https:\/\/www.swissraft.ch\/en\/\",\"name\":\"Swissraft\",\"description\":\"To enjoy nature as it is\",\"publisher\":{\"@id\":\"https:\/\/www.swissraft.ch\/en\/#organization\"},\"potentialAction\":[{\"@type\":\"SearchAction\",\"target\":{\"@type\":\"EntryPoint\",\"urlTemplate\":\"https:\/\/www.swissraft.ch\/en\/?s={search_term_string}\"},\"query-input\":{\"@type\":\"PropertyValueSpecification\",\"valueRequired\":true,\"valueName\":\"search_term_string\"}}],\"inLanguage\":\"en-US\"},{\"@type\":\"Organization\",\"@id\":\"https:\/\/www.swissraft.ch\/en\/#organization\",\"name\":\"Swissraft\",\"url\":\"https:\/\/www.swissraft.ch\/en\/\",\"logo\":{\"@type\":\"ImageObject\",\"inLanguage\":\"en-US\",\"@id\":\"https:\/\/www.swissraft.ch\/en\/#\/schema\/logo\/image\/\",\"url\":\"https:\/\/www.swissraft.ch\/wp-content\/uploads\/2025\/09\/Capture.jpg\",\"contentUrl\":\"https:\/\/www.swissraft.ch\/wp-content\/uploads\/2025\/09\/Capture.jpg\",\"width\":293,\"height\":108,\"caption\":\"Swissraft\"},\"image\":{\"@id\":\"https:\/\/www.swissraft.ch\/en\/#\/schema\/logo\/image\/\"}}]}<\/script>\n<!-- \/ Yoast SEO plugin. -->","yoast_head_json":{"title":"Skydiving in Interlaken tandem parachute jump from a helicopter","description":"Skydiving in Interlaken, tandem parachute jump from a helicopter with a 60-second freefall if you choose to do the Original Eiger jump","robots":{"index":"index","follow":"follow","max-snippet":"max-snippet:-1","max-image-preview":"max-image-preview:large","max-video-preview":"max-video-preview:-1"},"canonical":"https:\/\/www.swissraft.ch\/en\/product\/skydiving-interlaken-tandem-jump-helicopter\/","og_locale":"en_US","og_type":"article","og_title":"Skydiving in Interlaken tandem parachute jump from a helicopter","og_description":"Skydiving in Interlaken, tandem parachute jump from a helicopter with a 60-second freefall if you choose to do the Original Eiger jump","og_url":"https:\/\/www.swissraft.ch\/en\/product\/skydiving-interlaken-tandem-jump-helicopter\/","og_site_name":"Swissraft","article_modified_time":"2026-04-23T02:20:14+00:00","og_image":[{"width":776,"height":776,"url":"https:\/\/www.swissraft.ch\/wp-content\/uploads\/2023\/02\/1-INTERLAKEN-776x776-1.jpg","type":"image\/jpeg"}],"twitter_card":"summary_large_image","twitter_misc":{"Est. reading time":"1 minute"},"schema":{"@context":"https:\/\/schema.org","@graph":[{"@type":"WebPage","@id":"https:\/\/www.swissraft.ch\/en\/product\/skydiving-interlaken-tandem-jump-helicopter\/","url":"https:\/\/www.swissraft.ch\/en\/product\/skydiving-interlaken-tandem-jump-helicopter\/","name":"Skydiving in Interlaken tandem parachute jump from a helicopter","isPartOf":{"@id":"https:\/\/www.swissraft.ch\/en\/#website"},"primaryImageOfPage":{"@id":"https:\/\/www.swissraft.ch\/en\/product\/skydiving-interlaken-tandem-jump-helicopter\/#primaryimage"},"image":{"@id":"https:\/\/www.swissraft.ch\/en\/product\/skydiving-interlaken-tandem-jump-helicopter\/#primaryimage"},"thumbnailUrl":"https:\/\/www.swissraft.ch\/wp-content\/uploads\/2023\/02\/1-INTERLAKEN-776x776-1.jpg","datePublished":"2023-02-16T13:18:27+00:00","dateModified":"2026-04-23T02:20:14+00:00","description":"Skydiving in Interlaken, tandem parachute jump from a helicopter with a 60-second freefall if you choose to do the Original Eiger jump","breadcrumb":{"@id":"https:\/\/www.swissraft.ch\/en\/product\/skydiving-interlaken-tandem-jump-helicopter\/#breadcrumb"},"inLanguage":"en-US","potentialAction":[{"@type":"ReadAction","target":["https:\/\/www.swissraft.ch\/en\/product\/skydiving-interlaken-tandem-jump-helicopter\/"]}]},{"@type":"ImageObject","inLanguage":"en-US","@id":"https:\/\/www.swissraft.ch\/en\/product\/skydiving-interlaken-tandem-jump-helicopter\/#primaryimage","url":"https:\/\/www.swissraft.ch\/wp-content\/uploads\/2023\/02\/1-INTERLAKEN-776x776-1.jpg","contentUrl":"https:\/\/www.swissraft.ch\/wp-content\/uploads\/2023\/02\/1-INTERLAKEN-776x776-1.jpg","width":776,"height":776,"caption":"Tandem jump from a helicopter in Interlaken"},{"@type":"BreadcrumbList","@id":"https:\/\/www.swissraft.ch\/en\/product\/skydiving-interlaken-tandem-jump-helicopter\/#breadcrumb","itemListElement":[{"@type":"ListItem","position":1,"name":"Accueil","item":"https:\/\/www.swissraft.ch\/en\/"},{"@type":"ListItem","position":2,"name":"Store","item":"https:\/\/www.swissraft.ch\/en\/store\/"},{"@type":"ListItem","position":3,"name":"Skydiving in Interlaken &#8211; Tandem jump from a helicopter &#8211; From CHF 490.00"}]},{"@type":"WebSite","@id":"https:\/\/www.swissraft.ch\/en\/#website","url":"https:\/\/www.swissraft.ch\/en\/","name":"Swissraft","description":"To enjoy nature as it is","publisher":{"@id":"https:\/\/www.swissraft.ch\/en\/#organization"},"potentialAction":[{"@type":"SearchAction","target":{"@type":"EntryPoint","urlTemplate":"https:\/\/www.swissraft.ch\/en\/?s={search_term_string}"},"query-input":{"@type":"PropertyValueSpecification","valueRequired":true,"valueName":"search_term_string"}}],"inLanguage":"en-US"},{"@type":"Organization","@id":"https:\/\/www.swissraft.ch\/en\/#organization","name":"Swissraft","url":"https:\/\/www.swissraft.ch\/en\/","logo":{"@type":"ImageObject","inLanguage":"en-US","@id":"https:\/\/www.swissraft.ch\/en\/#\/schema\/logo\/image\/","url":"https:\/\/www.swissraft.ch\/wp-content\/uploads\/2025\/09\/Capture.jpg","contentUrl":"https:\/\/www.swissraft.ch\/wp-content\/uploads\/2025\/09\/Capture.jpg","width":293,"height":108,"caption":"Swissraft"},"image":{"@id":"https:\/\/www.swissraft.ch\/en\/#\/schema\/logo\/image\/"}}]}},"_links":{"self":[{"href":"https:\/\/www.swissraft.ch\/en\/wp-json\/wp\/v2\/product\/92867","targetHints":{"allow":["GET"]}}],"collection":[{"href":"https:\/\/www.swissraft.ch\/en\/wp-json\/wp\/v2\/product"}],"about":[{"href":"https:\/\/www.swissraft.ch\/en\/wp-json\/wp\/v2\/types\/product"}],"replies":[{"embeddable":true,"href":"https:\/\/www.swissraft.ch\/en\/wp-json\/wp\/v2\/comments?post=92867"}],"version-history":[{"count":25,"href":"https:\/\/www.swissraft.ch\/en\/wp-json\/wp\/v2\/product\/92867\/revisions"}],"predecessor-version":[{"id":141485,"href":"https:\/\/www.swissraft.ch\/en\/wp-json\/wp\/v2\/product\/92867\/revisions\/141485"}],"wp:featuredmedia":[{"embeddable":true,"href":"https:\/\/www.swissraft.ch\/en\/wp-json\/wp\/v2\/media\/87927"}],"wp:attachment":[{"href":"https:\/\/www.swissraft.ch\/en\/wp-json\/wp\/v2\/media?parent=92867"}],"wp:term":[{"taxonomy":"product_cat","embeddable":true,"href":"https:\/\/www.swissraft.ch\/en\/wp-json\/wp\/v2\/product_cat?post=92867"},{"taxonomy":"product_tag","embeddable":true,"href":"https:\/\/www.swissraft.ch\/en\/wp-json\/wp\/v2\/product_tag?post=92867"}],"curies":[{"name":"wp","href":"https:\/\/api.w.org\/{rel}","templated":true}]}}