{"id":92834,"date":"2023-02-15T00:22:59","date_gmt":"2023-02-14T23:22:59","guid":{"rendered":"https:\/\/swissraft.xyanzkdne.eu\/product\/hot-air-balloon-flight-from-tessin-flight-to-italy-from-chf-280-00\/"},"modified":"2026-04-01T05:53:46","modified_gmt":"2026-04-01T03:53:46","slug":"ballooning-ticino-italy","status":"publish","type":"product","link":"https:\/\/www.swissraft.ch\/en\/product\/ballooning-ticino-italy\/","title":{"rendered":"Ballooning from Ticino &#8211; Flight to Italy &#8211; From CHF 280.00"},"content":{"rendered":"\t\t<div data-elementor-type=\"wp-post\" data-elementor-id=\"92834\" class=\"elementor elementor-92834 elementor-30806\">\n\t\t\t\t\t\t\t\t\t<section class=\"elementor-section elementor-top-section elementor-element elementor-element-3303a7e3 elementor-section-boxed elementor-section-height-default elementor-section-height-default\" data-id=\"3303a7e3\" data-element_type=\"section\">\n\t\t\t\t\t\t<div class=\"elementor-container elementor-column-gap-default\">\n\t\t\t\t\t<div class=\"elementor-column elementor-col-100 elementor-top-column elementor-element elementor-element-16d72dbf\" data-id=\"16d72dbf\" data-element_type=\"column\">\n\t\t\t<div class=\"elementor-widget-wrap elementor-element-populated\">\n\t\t\t\t\t\t\t\t<div class=\"elementor-element elementor-element-d743c03 elementor-widget elementor-widget-text-editor\" data-id=\"d743c03\" data-element_type=\"widget\" data-widget_type=\"text-editor.default\">\n\t\t\t\t<div class=\"elementor-widget-container\">\n\t\t\t\t\t\t\t<h2>CHOOSE YOUR ACTIVITY BELOW TO OFFER GIFT VOUCHERS \/ TICKETS OR MAKE A RESERVATION<\/h2><table border=\"0\" width=\"580\" cellspacing=\"10\" cellpadding=\"10\"><tbody><tr><td width=\"50%\"><strong>1) BALLOONING &#8211; TICINO &#8211; approx. 1,5 to 2 hrs<\/strong><\/td><td><strong>CHF 450.00 per person<span class=\"productPrice\"><br \/><\/span><\/strong><\/td><\/tr><tr><td>Further information<\/td><td><span class=\"patt\">&#8211;<span class=\"plbl\"> Young price <\/span>: Children 8 to 14 years old : <strong>CHF 200.00<\/strong>\/child<br \/>&#8211; Early morning departure<br \/>&#8211; You will be with other passengers<\/span><\/td><\/tr><tr><td>Location<\/td><td>Lugano<\/td><\/tr><tr><td>Flight time<\/td><td>approx. 1,5 to 2 hrs<\/td><\/tr><tr><td>Total duration<\/td><td>approx. 4,5 hrs<\/td><\/tr><tr><td>Meeting point<\/td><td>By telephone<\/td><\/tr><tr><td><button class=\"elementor-button\" type=\"button\"><a href=\"https:\/\/swissraft.outdoorbooking.ch\/fo\/products\/115?base_id=55&amp;category_id=7&amp;order_type=gift_voucher&amp;lang=en\" target=\"_blank\" rel=\"noopener\">PURCHASE GIFT VOUCHER \/ TICKET<\/a><\/button><\/td><td><strong>CHF 450.00<\/strong>\/pers.<\/td><\/tr><tr><td><button class=\"elementor-button\" type=\"button\"><a href=\"https:\/\/swissraft.outdoorbooking.ch\/fo\/products\/351?base_id=55&amp;category_id=7&amp;order_type=gift_voucher&amp;lang=en\" target=\"_blank\" rel=\"noopener\">PURCHASE GIFT VOUCHER \/ TICKET<\/a><\/button><\/td><td>&#8211; Flight with brunch : <strong>CHF 530.00<\/strong>\/pers.<br \/>&#8211;<span class=\"patt\"><span class=\"plbl\"> Youth price <\/span>: Children 8 to 14 years old : <strong>CHF 280.00<\/strong>\/pers.<\/span><\/td><\/tr><tr><td><button class=\"elementor-button\" type=\"button\"><a href=\"https:\/\/swissraft.outdoorbooking.ch\/fo\/products\/496?base_id=55&amp;category_id=7&amp;order_type=gift_voucher&amp;lang=en\" target=\"_blank\" rel=\"noopener\">PURCHASE GIFT VOUCHER \/TICKET<\/a><\/button><\/td><td>&#8211; Night flight : <strong>CHF 640.00<\/strong>\/pers.<br \/>&#8211;<span class=\"patt\"><span class=\"plbl\"> Youth price <\/span>: Children 8 to 14 years : <strong>CHF 350.00<\/strong>\/child<br \/><\/span><\/td><\/tr><tr><td><button class=\"elementor-button\" type=\"button\"><a href=\"https:\/\/swissraft.outdoorbooking.ch\/fo\/products\/497?base_id=55&amp;category_id=7&amp;order_type=gift_voucher&amp;lang=en\" target=\"_blank\" rel=\"noopener\">PURCHASE GIFT VOUCHER \/ TICKET<\/a><\/button><\/td><td>&#8211; Flight with breakfast on board : <strong>CHF 750.00<\/strong>\/pers.<br \/>&#8211;<span class=\"patt\"><span class=\"plbl\"> Youth price <\/span>: Children 8 to 14 years old : <strong>CHF 400.00<\/strong>\/child<\/span><\/td><\/tr><tr><td>\u00a0<\/td><td><strong><em>IMPORTANT !<\/em><\/strong><br \/><em>To book, call the number at the top left of the gift voucher \/ ticket.<\/em><\/td><\/tr><\/tbody><\/table><table border=\"0\" width=\"580\" cellspacing=\"10\" cellpadding=\"10\"><tbody><tr><td width=\"50%\"><strong>2) BALLOONING &#8211; TICINO &#8211; PRIVATE FLIGHT &#8211; approx. 1,5 to 2 hrs<\/strong><\/td><td><strong>From CHF 2&#8217;600.00 per private flight<span class=\"productPrice\"><br \/><\/span><\/strong><\/td><\/tr><tr><td>Further information<\/td><td><span class=\"patt\">&#8211; Early morning take-off<br \/>&#8211; Private balloon<br \/><\/span><span class=\"patt\">&#8211; Maximum 5 pers.<br \/><\/span><\/td><\/tr><tr><td>Location<\/td><td>Lugano<\/td><\/tr><tr><td>Flight time<\/td><td>approx. 1,5 to 2 hrs<\/td><\/tr><tr><td>Total duration<\/td><td>approx. 5 hrs<\/td><\/tr><tr><td>Meeting point<\/td><td>By telephone<\/td><\/tr><tr><td><button class=\"elementor-button\" type=\"button\"><a href=\"https:\/\/swissraft.outdoorbooking.ch\/fo\/products\/499?base_id=55&amp;category_id=7&amp;order_type=gift_voucher&amp;lang=en\" target=\"_blank\" rel=\"noopener\">PURCHASE GIFT VOUCHER \/ TICKET<\/a><\/button><\/td><td>&#8211; <strong>CHF 2&#8217;600.00 &#8211; private flight (1-3 pers.)<\/strong><\/td><\/tr><tr><td><button class=\"elementor-button\" type=\"button\"><a href=\"https:\/\/swissraft.outdoorbooking.ch\/fo\/products\/500?base_id=55&amp;category_id=7&amp;order_type=gift_voucher&amp;lang=en\" target=\"_blank\" rel=\"noopener\">PURCHASE GIFT VOUCHER \/ TICKET<\/a><\/button><\/td><td>&#8211; <strong>CHF 3&#8217;100.00 &#8211; private flight (4-5 pers.)<\/strong><\/td><\/tr><tr><td>\u00a0<\/td><td><strong><em>IMPORTANT !<\/em><\/strong><br \/><em>To book, call the number at the top left of the gift voucher \/ ticket.<\/em><\/td><\/tr><\/tbody><\/table>\t\t\t\t\t\t<\/div>\n\t\t\t\t<\/div>\n\t\t\t\t\t<\/div>\n\t\t<\/div>\n\t\t\t\t\t\t\t<\/div>\n\t\t<\/section>\n\t\t\t\t\t\t\t<\/div>\n\t\t","protected":false},"excerpt":{"rendered":"<div align=\"justify\">\n<h2 align=\"justify\">Go for the dolce Vita. This 1h30 to 2-hour hot-air balloon flight in Ticino takes you to Italy.<\/h2>\n<h3>With a moderate northerly wind, your hot-air balloon flight takes you over the border into Lombardy. Breakfast on board if you wish<\/h3>\n<\/div>\n<div align=\"justify\">\n<p>The appointment is made and our team welcomes you on the day of the flight at the agreed location. Once the envelope is on the ground, the pilot turns on the blower to inflate the balloon. The pilot then takes control of the burners and starts operating them to heat the air in the envelope. The Montgolfi\u00e8re rises proudly 30 metres above your head. The pilot invites you on board. Then he continues to operate the burners for a few moments. You&#8217;re leaning against the edge of the basket and suddenly you see the ground slowly moving away from you. We also operate night flights and will serve breakfast on board if you wish. Don&#8217;t forget your camera!<\/p>\n<h3>Swissraft&#8217;s large fleet of hot-air balloons can transport up to 200 people.<\/h3>\n<p id=\"textarea\" style=\"display: none;\">\nWe operate balloon flights in the cantons of Lucerne and Zug. We also fly hot-air balloons in the canton of Zurich and in Aargau. What&#8217;s more, we fly our balloons in the Bernese Oberland, more precisely in the Saanenland around Gstaad. But also in the canton of Vaud and the Vaud Alps from Ch\u00e2teau d&#8217;Oex. We also take off in the Gruy\u00e8re region towards Bulle, as well as in the canton of Neuch\u00e2tel. We also take off in balloons in the Basel-Landschaft region. And in the three-lake region from Murten or Kerzers. In addition, we have balloon departures in the Franches Montagnes in the Jura. But also in the cantons of Solothurn and Thurgau in eastern Switzerland.\n<\/p>\n<p><a id=\"seeMore\" onclick=\"toggleSeeMore()\" href=\"javascript:void(0);\">Read more<\/a><\/p>\n","protected":false},"featured_media":88857,"comment_status":"open","ping_status":"closed","template":"","meta":{"inline_featured_image":false,"_mi_skip_tracking":false},"product_cat":[536],"product_tag":[],"class_list":["post-92834","product","type-product","status-publish","has-post-thumbnail","hentry","product_cat-hot-air-balloon-flight"],"yoast_head":"<!-- This site is optimized with the Yoast SEO plugin v23.6 - https:\/\/yoast.com\/wordpress\/plugins\/seo\/ -->\n<title>Ballooning in Ticino. 1h30 to 2h flight to Italy<\/title>\n<meta name=\"description\" content=\"Ballooning in Ticino. A 1h30 to 2h flight to Italy, with breakfast on board if you wish. You\u2019ll enjoy a fantastic experience lasting two hours\" \/>\n<meta name=\"robots\" content=\"index, follow, max-snippet:-1, max-image-preview:large, max-video-preview:-1\" \/>\n<link rel=\"canonical\" href=\"https:\/\/www.swissraft.ch\/en\/product\/ballooning-ticino-italy\/\" \/>\n<meta property=\"og:locale\" content=\"en_US\" \/>\n<meta property=\"og:type\" content=\"article\" \/>\n<meta property=\"og:title\" content=\"Ballooning in Ticino. 1h30 to 2h flight to Italy\" \/>\n<meta property=\"og:description\" content=\"Ballooning in Ticino. A 1h30 to 2h flight to Italy, with breakfast on board if you wish. You\u2019ll enjoy a fantastic experience lasting two hours\" \/>\n<meta property=\"og:url\" content=\"https:\/\/www.swissraft.ch\/en\/product\/ballooning-ticino-italy\/\" \/>\n<meta property=\"og:site_name\" content=\"Swissraft\" \/>\n<meta property=\"article:modified_time\" content=\"2026-04-01T03:53:46+00:00\" \/>\n<meta property=\"og:image\" content=\"https:\/\/www.swissraft.ch\/wp-content\/uploads\/2023\/02\/1-Tessin-776x776-1.jpg\" \/>\n\t<meta property=\"og:image:width\" content=\"776\" \/>\n\t<meta property=\"og:image:height\" content=\"776\" \/>\n\t<meta property=\"og:image:type\" content=\"image\/jpeg\" \/>\n<meta name=\"twitter:card\" content=\"summary_large_image\" \/>\n<meta name=\"twitter:label1\" content=\"Est. reading time\" \/>\n\t<meta name=\"twitter:data1\" content=\"2 minutes\" \/>\n<script type=\"application\/ld+json\" class=\"yoast-schema-graph\">{\"@context\":\"https:\/\/schema.org\",\"@graph\":[{\"@type\":\"WebPage\",\"@id\":\"https:\/\/www.swissraft.ch\/en\/product\/ballooning-ticino-italy\/\",\"url\":\"https:\/\/www.swissraft.ch\/en\/product\/ballooning-ticino-italy\/\",\"name\":\"Ballooning in Ticino. 1h30 to 2h flight to Italy\",\"isPartOf\":{\"@id\":\"https:\/\/www.swissraft.ch\/en\/#website\"},\"primaryImageOfPage\":{\"@id\":\"https:\/\/www.swissraft.ch\/en\/product\/ballooning-ticino-italy\/#primaryimage\"},\"image\":{\"@id\":\"https:\/\/www.swissraft.ch\/en\/product\/ballooning-ticino-italy\/#primaryimage\"},\"thumbnailUrl\":\"https:\/\/www.swissraft.ch\/wp-content\/uploads\/2023\/02\/1-Tessin-776x776-1.jpg\",\"datePublished\":\"2023-02-14T23:22:59+00:00\",\"dateModified\":\"2026-04-01T03:53:46+00:00\",\"description\":\"Ballooning in Ticino. A 1h30 to 2h flight to Italy, with breakfast on board if you wish. You\u2019ll enjoy a fantastic experience lasting two hours\",\"breadcrumb\":{\"@id\":\"https:\/\/www.swissraft.ch\/en\/product\/ballooning-ticino-italy\/#breadcrumb\"},\"inLanguage\":\"en-US\",\"potentialAction\":[{\"@type\":\"ReadAction\",\"target\":[\"https:\/\/www.swissraft.ch\/en\/product\/ballooning-ticino-italy\/\"]}]},{\"@type\":\"ImageObject\",\"inLanguage\":\"en-US\",\"@id\":\"https:\/\/www.swissraft.ch\/en\/product\/ballooning-ticino-italy\/#primaryimage\",\"url\":\"https:\/\/www.swissraft.ch\/wp-content\/uploads\/2023\/02\/1-Tessin-776x776-1.jpg\",\"contentUrl\":\"https:\/\/www.swissraft.ch\/wp-content\/uploads\/2023\/02\/1-Tessin-776x776-1.jpg\",\"width\":776,\"height\":776,\"caption\":\"Ballooning in Ticino\"},{\"@type\":\"BreadcrumbList\",\"@id\":\"https:\/\/www.swissraft.ch\/en\/product\/ballooning-ticino-italy\/#breadcrumb\",\"itemListElement\":[{\"@type\":\"ListItem\",\"position\":1,\"name\":\"Accueil\",\"item\":\"https:\/\/www.swissraft.ch\/en\/\"},{\"@type\":\"ListItem\",\"position\":2,\"name\":\"Store\",\"item\":\"https:\/\/www.swissraft.ch\/en\/store\/\"},{\"@type\":\"ListItem\",\"position\":3,\"name\":\"Ballooning from Ticino &#8211; Flight to Italy &#8211; From CHF 280.00\"}]},{\"@type\":\"WebSite\",\"@id\":\"https:\/\/www.swissraft.ch\/en\/#website\",\"url\":\"https:\/\/www.swissraft.ch\/en\/\",\"name\":\"Swissraft\",\"description\":\"To enjoy nature as it is\",\"publisher\":{\"@id\":\"https:\/\/www.swissraft.ch\/en\/#organization\"},\"potentialAction\":[{\"@type\":\"SearchAction\",\"target\":{\"@type\":\"EntryPoint\",\"urlTemplate\":\"https:\/\/www.swissraft.ch\/en\/?s={search_term_string}\"},\"query-input\":{\"@type\":\"PropertyValueSpecification\",\"valueRequired\":true,\"valueName\":\"search_term_string\"}}],\"inLanguage\":\"en-US\"},{\"@type\":\"Organization\",\"@id\":\"https:\/\/www.swissraft.ch\/en\/#organization\",\"name\":\"Swissraft\",\"url\":\"https:\/\/www.swissraft.ch\/en\/\",\"logo\":{\"@type\":\"ImageObject\",\"inLanguage\":\"en-US\",\"@id\":\"https:\/\/www.swissraft.ch\/en\/#\/schema\/logo\/image\/\",\"url\":\"https:\/\/www.swissraft.ch\/wp-content\/uploads\/2025\/09\/Capture.jpg\",\"contentUrl\":\"https:\/\/www.swissraft.ch\/wp-content\/uploads\/2025\/09\/Capture.jpg\",\"width\":293,\"height\":108,\"caption\":\"Swissraft\"},\"image\":{\"@id\":\"https:\/\/www.swissraft.ch\/en\/#\/schema\/logo\/image\/\"}}]}<\/script>\n<!-- \/ Yoast SEO plugin. -->","yoast_head_json":{"title":"Ballooning in Ticino. 1h30 to 2h flight to Italy","description":"Ballooning in Ticino. A 1h30 to 2h flight to Italy, with breakfast on board if you wish. You\u2019ll enjoy a fantastic experience lasting two hours","robots":{"index":"index","follow":"follow","max-snippet":"max-snippet:-1","max-image-preview":"max-image-preview:large","max-video-preview":"max-video-preview:-1"},"canonical":"https:\/\/www.swissraft.ch\/en\/product\/ballooning-ticino-italy\/","og_locale":"en_US","og_type":"article","og_title":"Ballooning in Ticino. 1h30 to 2h flight to Italy","og_description":"Ballooning in Ticino. A 1h30 to 2h flight to Italy, with breakfast on board if you wish. You\u2019ll enjoy a fantastic experience lasting two hours","og_url":"https:\/\/www.swissraft.ch\/en\/product\/ballooning-ticino-italy\/","og_site_name":"Swissraft","article_modified_time":"2026-04-01T03:53:46+00:00","og_image":[{"width":776,"height":776,"url":"https:\/\/www.swissraft.ch\/wp-content\/uploads\/2023\/02\/1-Tessin-776x776-1.jpg","type":"image\/jpeg"}],"twitter_card":"summary_large_image","twitter_misc":{"Est. reading time":"2 minutes"},"schema":{"@context":"https:\/\/schema.org","@graph":[{"@type":"WebPage","@id":"https:\/\/www.swissraft.ch\/en\/product\/ballooning-ticino-italy\/","url":"https:\/\/www.swissraft.ch\/en\/product\/ballooning-ticino-italy\/","name":"Ballooning in Ticino. 1h30 to 2h flight to Italy","isPartOf":{"@id":"https:\/\/www.swissraft.ch\/en\/#website"},"primaryImageOfPage":{"@id":"https:\/\/www.swissraft.ch\/en\/product\/ballooning-ticino-italy\/#primaryimage"},"image":{"@id":"https:\/\/www.swissraft.ch\/en\/product\/ballooning-ticino-italy\/#primaryimage"},"thumbnailUrl":"https:\/\/www.swissraft.ch\/wp-content\/uploads\/2023\/02\/1-Tessin-776x776-1.jpg","datePublished":"2023-02-14T23:22:59+00:00","dateModified":"2026-04-01T03:53:46+00:00","description":"Ballooning in Ticino. A 1h30 to 2h flight to Italy, with breakfast on board if you wish. You\u2019ll enjoy a fantastic experience lasting two hours","breadcrumb":{"@id":"https:\/\/www.swissraft.ch\/en\/product\/ballooning-ticino-italy\/#breadcrumb"},"inLanguage":"en-US","potentialAction":[{"@type":"ReadAction","target":["https:\/\/www.swissraft.ch\/en\/product\/ballooning-ticino-italy\/"]}]},{"@type":"ImageObject","inLanguage":"en-US","@id":"https:\/\/www.swissraft.ch\/en\/product\/ballooning-ticino-italy\/#primaryimage","url":"https:\/\/www.swissraft.ch\/wp-content\/uploads\/2023\/02\/1-Tessin-776x776-1.jpg","contentUrl":"https:\/\/www.swissraft.ch\/wp-content\/uploads\/2023\/02\/1-Tessin-776x776-1.jpg","width":776,"height":776,"caption":"Ballooning in Ticino"},{"@type":"BreadcrumbList","@id":"https:\/\/www.swissraft.ch\/en\/product\/ballooning-ticino-italy\/#breadcrumb","itemListElement":[{"@type":"ListItem","position":1,"name":"Accueil","item":"https:\/\/www.swissraft.ch\/en\/"},{"@type":"ListItem","position":2,"name":"Store","item":"https:\/\/www.swissraft.ch\/en\/store\/"},{"@type":"ListItem","position":3,"name":"Ballooning from Ticino &#8211; Flight to Italy &#8211; From CHF 280.00"}]},{"@type":"WebSite","@id":"https:\/\/www.swissraft.ch\/en\/#website","url":"https:\/\/www.swissraft.ch\/en\/","name":"Swissraft","description":"To enjoy nature as it is","publisher":{"@id":"https:\/\/www.swissraft.ch\/en\/#organization"},"potentialAction":[{"@type":"SearchAction","target":{"@type":"EntryPoint","urlTemplate":"https:\/\/www.swissraft.ch\/en\/?s={search_term_string}"},"query-input":{"@type":"PropertyValueSpecification","valueRequired":true,"valueName":"search_term_string"}}],"inLanguage":"en-US"},{"@type":"Organization","@id":"https:\/\/www.swissraft.ch\/en\/#organization","name":"Swissraft","url":"https:\/\/www.swissraft.ch\/en\/","logo":{"@type":"ImageObject","inLanguage":"en-US","@id":"https:\/\/www.swissraft.ch\/en\/#\/schema\/logo\/image\/","url":"https:\/\/www.swissraft.ch\/wp-content\/uploads\/2025\/09\/Capture.jpg","contentUrl":"https:\/\/www.swissraft.ch\/wp-content\/uploads\/2025\/09\/Capture.jpg","width":293,"height":108,"caption":"Swissraft"},"image":{"@id":"https:\/\/www.swissraft.ch\/en\/#\/schema\/logo\/image\/"}}]}},"_links":{"self":[{"href":"https:\/\/www.swissraft.ch\/en\/wp-json\/wp\/v2\/product\/92834","targetHints":{"allow":["GET"]}}],"collection":[{"href":"https:\/\/www.swissraft.ch\/en\/wp-json\/wp\/v2\/product"}],"about":[{"href":"https:\/\/www.swissraft.ch\/en\/wp-json\/wp\/v2\/types\/product"}],"replies":[{"embeddable":true,"href":"https:\/\/www.swissraft.ch\/en\/wp-json\/wp\/v2\/comments?post=92834"}],"version-history":[{"count":34,"href":"https:\/\/www.swissraft.ch\/en\/wp-json\/wp\/v2\/product\/92834\/revisions"}],"predecessor-version":[{"id":135831,"href":"https:\/\/www.swissraft.ch\/en\/wp-json\/wp\/v2\/product\/92834\/revisions\/135831"}],"wp:featuredmedia":[{"embeddable":true,"href":"https:\/\/www.swissraft.ch\/en\/wp-json\/wp\/v2\/media\/88857"}],"wp:attachment":[{"href":"https:\/\/www.swissraft.ch\/en\/wp-json\/wp\/v2\/media?parent=92834"}],"wp:term":[{"taxonomy":"product_cat","embeddable":true,"href":"https:\/\/www.swissraft.ch\/en\/wp-json\/wp\/v2\/product_cat?post=92834"},{"taxonomy":"product_tag","embeddable":true,"href":"https:\/\/www.swissraft.ch\/en\/wp-json\/wp\/v2\/product_tag?post=92834"}],"curies":[{"name":"wp","href":"https:\/\/api.w.org\/{rel}","templated":true}]}}