{"id":92831,"date":"2023-02-15T15:18:25","date_gmt":"2023-02-15T14:18:25","guid":{"rendered":"https:\/\/swissraft.xyanzkdne.eu\/product\/hot-air-balloon-flight-in-the-canton-of-zurich-flight-over-the-lake-of-zurich-from-chf-270-00\/"},"modified":"2026-04-01T04:42:31","modified_gmt":"2026-04-01T02:42:31","slug":"ballooning-zurich","status":"publish","type":"product","link":"https:\/\/www.swissraft.ch\/en\/product\/ballooning-zurich\/","title":{"rendered":"Ballooning in the canton of Zurich &#8211; Flight over the lake of Zurich &#8211; From CHF 270.00"},"content":{"rendered":"\t\t<div data-elementor-type=\"wp-post\" data-elementor-id=\"92831\" class=\"elementor elementor-92831 elementor-30823\">\n\t\t\t\t\t\t\t\t\t<section class=\"elementor-section elementor-top-section elementor-element elementor-element-3303a7e3 elementor-section-boxed elementor-section-height-default elementor-section-height-default\" data-id=\"3303a7e3\" data-element_type=\"section\">\n\t\t\t\t\t\t<div class=\"elementor-container elementor-column-gap-default\">\n\t\t\t\t\t<div class=\"elementor-column elementor-col-100 elementor-top-column elementor-element elementor-element-16d72dbf\" data-id=\"16d72dbf\" data-element_type=\"column\">\n\t\t\t<div class=\"elementor-widget-wrap elementor-element-populated\">\n\t\t\t\t\t\t\t\t<div class=\"elementor-element elementor-element-d743c03 elementor-widget elementor-widget-text-editor\" data-id=\"d743c03\" data-element_type=\"widget\" data-widget_type=\"text-editor.default\">\n\t\t\t\t<div class=\"elementor-widget-container\">\n\t\t\t\t\t\t\t<h2>CHOOSE YOUR ACTIVITY BELOW TO OFFER GIFT VOUCHERS \/ TICKETS OR MAKE A RESERVATION<\/h2><table border=\"0\" width=\"580\" cellspacing=\"10\" cellpadding=\"10\"><tbody><tr><td width=\"50%\"><strong>1) BALLOONING &#8211; ZURICH &#8211; approx. 1,5 to 2 hrs<\/strong><\/td><td><strong>CHF 420.00 per person<span class=\"productPrice\"><br \/><\/span><\/strong><\/td><\/tr><tr><td>Further information<\/td><td>&#8211;<span class=\"plbl\"> Youth price <\/span>: <span class=\"patt\">Children 7 to 12 years old : <strong>CHF 270.00<\/strong>\/child<br \/><\/span> &#8211; <span class=\"patt\">Early morning or late afternoon departure<br \/><\/span> &#8211; <span class=\"patt\">You will be with other passengers<\/span><\/td><\/tr><tr><td>Locations<\/td><td>&#8211; Uster, Horgen<br \/>&#8211; R\u00fcti, W\u00e4denswil<br \/>&#8211; Winterthur<br \/>&#8211; Rapperswil\/D\u00fcrnten etc.<\/td><\/tr><tr><td>Flight duration<\/td><td>approx. 1,5 to 2 hrs<\/td><\/tr><tr><td>Total duration<\/td><td>approx. 4 hrs<\/td><\/tr><tr><td>Meeting point<\/td><td>By telephone<\/td><\/tr><tr><td><button class=\"elementor-button\" type=\"button\"><a href=\"https:\/\/swissraft.outdoorbooking.ch\/fo\/products\/114?base_id=49&amp;category_id=7&amp;order_type=gift_voucher&amp;lang=en\" target=\"_blank\" rel=\"noopener\">PURCHASE GIFT VOUCHER \/ TICKET<\/a><\/button><\/td><td><strong>CHF 420.00 &#8211; 1 pers.<\/strong><\/td><\/tr><tr><td><button class=\"elementor-button\" type=\"button\"><a href=\"https:\/\/swissraft.outdoorbooking.ch\/fo\/products\/423?base_id=49&amp;category_id=7&amp;order_type=gift_voucher&amp;lang=en\" target=\"_blank\" rel=\"noopener\">PURCHASE GIFT VOUCHER \/ TICKET<\/a><\/button><\/td><td><strong>CHF 800.00 &#8211; 2 pers.<\/strong><\/td><\/tr><tr><td><button class=\"elementor-button\" type=\"button\"><a href=\"https:\/\/swissraft.outdoorbooking.ch\/fo\/products\/434?base_id=49&amp;category_id=7&amp;order_type=gift_voucher&amp;lang=en\" target=\"_blank\" rel=\"noopener\">PURCHASE GIFT VOUCHER \/ TICKET<\/a><\/button><\/td><td><strong>CHF 1&#8217;200.00 &#8211; 3 pers.<\/strong><\/td><\/tr><tr><td><button class=\"elementor-button\" type=\"button\"><a href=\"https:\/\/swissraft.outdoorbooking.ch\/fo\/products\/489?base_id=49&amp;category_id=7&amp;order_type=gift_voucher&amp;lang=en\" target=\"_blank\" rel=\"noopener\">PURCHASE GIFT VOUCHER \/ TICKET<\/a><\/button><\/td><td><strong>CHF 1&#8217;600.00 &#8211; 4 pers.<\/strong><\/td><\/tr><tr><td><a href=\"https:\/\/swissraft.outdoorbooking.ch\/fo\/products\/491?base_id=49&amp;category_id=7&amp;order_type=gift_voucher&amp;lang=en\" target=\"_blank\" rel=\"noopener\"><button class=\"elementor-button\" type=\"button\">PURCHASE GIFT VOUCHER \/ TICKET<\/button><\/a><\/td><td><strong>CHF 1&#8217;900.00 &#8211; 5 pers.<\/strong><\/td><\/tr><tr><td>\u00a0<\/td><td><strong><em>IMPORTANT !<\/em><\/strong><br \/><em>To book, call the number at the top left of the gift voucher \/ ticket.<\/em><\/td><\/tr><\/tbody><\/table><table border=\"0\" width=\"580\" cellspacing=\"10\" cellpadding=\"10\"><tbody><tr><td width=\"50%\"><strong>2) BALLOONING &#8211; ZURICH &#8211; PRIVATE FLIGHT &#8211; approx. 1,5 to 2 hrs<\/strong><\/td><td><strong>CHF 1&#8217;700.00 for 2 pers. &#8211; Private flight <span class=\"productPrice\"><br \/><\/span><\/strong><\/td><\/tr><tr><td>Further information<\/td><td>&#8211; <span class=\"patt\"> Early morning or late afternoon take-off<br \/><\/span>&#8211; Private balloon<br \/>&#8211; For more than 11 pers. : <span class=\"patt\" style=\"font-family: inherit; font-size: inherit;\"><span class=\"plbl\"><span class=\"patt\"><a href=\"https:\/\/www.swissraft.ch\/en\/contact\/\">please contact us<\/a><\/span><\/span><\/span><\/td><\/tr><tr><td>Locations<\/td><td>&#8211; Uster, Horgen<br \/>&#8211; R\u00fcti, W\u00e4denswil<br \/>&#8211; Winterthur<br \/>&#8211; Rapperswil\/D\u00fcrnten etc.<\/td><\/tr><tr><td>Flight duration<\/td><td>approx. 1,5 to 2 hrs<\/td><\/tr><tr><td>Total duration<\/td><td>approx. 4 hrs<\/td><\/tr><tr><td>Meeting point<\/td><td>By telephone<\/td><\/tr><tr><td><a href=\"https:\/\/swissraft.outdoorbooking.ch\/fo\/products\/492?base_id=49&amp;category_id=7&amp;order_type=gift_voucher&amp;lang=en\" target=\"_blank\" rel=\"noopener\"><button class=\"elementor-button\" type=\"button\">PURCHASE GIFT VOUCHER \/ TICKET<\/button><\/a><\/td><td><strong>CHF 1&#8217;700.00 &#8211; private flight (2 pers.)<\/strong><\/td><\/tr><tr><td><button class=\"elementor-button\" type=\"button\"><a href=\"https:\/\/swissraft.outdoorbooking.ch\/fo\/products\/1005?base_id=49&amp;category_id=7&amp;order_type=gift_voucher&amp;lang=en\" target=\"_blank\" rel=\"noopener\">PURCHASE GIFT VOUCHER \/ TICKET<\/a><\/button><\/td><td><strong>CHF 2&#8217;000.00 &#8211; private flight (3-4 pers.)<\/strong><\/td><\/tr><tr><td><button class=\"elementor-button\" type=\"button\"><a href=\"https:\/\/swissraft.outdoorbooking.ch\/fo\/products\/1208?base_id=49&amp;category_id=7&amp;order_type=gift_voucher&amp;lang=en\" target=\"_blank\" rel=\"noopener\">PURCHASE GIFT VOUCHER \/ TICKET<\/a><\/button><\/td><td><strong>CHF 2&#8217;400.00 &#8211; private flight (5-6 pers.)<\/strong><\/td><\/tr><tr><td><button class=\"elementor-button\" type=\"button\"><a href=\"https:\/\/swissraft.outdoorbooking.ch\/fo\/products\/1209?base_id=49&amp;category_id=7&amp;order_type=gift_voucher&amp;lang=en\" target=\"_blank\" rel=\"noopener\">PURCHASE GIFT VOUCHER \/ TICKET<\/a><\/button><\/td><td><strong>CHF 2&#8217;900.00 &#8211; private flight (7-8 pers.)<\/strong><\/td><\/tr><tr><td><a href=\"https:\/\/swissraft.outdoorbooking.ch\/fo\/products\/1210?base_id=49&amp;category_id=7&amp;order_type=gift_voucher&amp;lang=en\" target=\"_blank\" rel=\"noopener\"><button class=\"elementor-button\" type=\"button\">PURCHASE GIFT VOUCHER \/ TICKET<\/button><\/a><\/td><td><strong>CHF 3&#8217;400.00 &#8211; private flight (9-10 pers.)<\/strong><\/td><\/tr><tr><td><button class=\"elementor-button\" type=\"button\"><a href=\"https:\/\/swissraft.outdoorbooking.ch\/fo\/products\/1211?base_id=49&amp;category_id=7&amp;order_type=gift_voucher&amp;lang=en\" target=\"_blank\" rel=\"noopener\">PURCHASE GIFT VOUCHER \/ TICKET<\/a><\/button><\/td><td><strong>CHF 3&#8217;700.00 &#8211; private flight (11 pers.)<\/strong><\/td><\/tr><tr><td>\u00a0<\/td><td><strong><em>IMPORTANT !<\/em><\/strong><br \/><em>To book, call the number at the top left of the gift voucher \/ ticket.<\/em><\/td><\/tr><\/tbody><\/table>\t\t\t\t\t\t<\/div>\n\t\t\t\t<\/div>\n\t\t\t\t\t<\/div>\n\t\t<\/div>\n\t\t\t\t\t\t\t<\/div>\n\t\t<\/section>\n\t\t\t\t\t\t\t<\/div>\n\t\t","protected":false},"excerpt":{"rendered":"<div align=\"justify\">\n<h2 align=\"justify\">Take off from the outskirts of Zurich for a 2-hour hot-air balloon flight with a breathtaking view of Lake Zurich.<\/h2>\n<h3>We have a number of possible departure points for a hot-air balloon flight in the canton of Zurich and the surrounding area.<\/h3>\n<\/div>\n<div align=\"justify\">\n<p>After a warm welcome, you&#8217;ll make your way to the take-off site. You spread out the balloon on the ground while the pilot works on the basket and prepares the burners. The pilot operates the burners to heat the air in the balloon. Gradually, the gondola and the entire balloon straighten up. One by one, the pilot invites you aboard the gondola. The pilot continues to heat the air by operating the burners until the balloon leaves the ground. It&#8217;s a magical moment that fascinates all those who are part of the journey. But also the spectators who remain on the ground during a balloon rally. After about two hours in the air, you land gently on a fallow field. We take off from Uster, Horgen, R\u00fcti, D\u00fcrnten, W\u00e4denswil, Winterthur, Rapperswil and more.<\/p>\n<h3>Call us if you have any questions. Our staff will be happy to answer them.<\/h3>\n<p id=\"textarea\" style=\"display: none;\">\nWe have flights to Aargau. We also offer hot-air balloon flights around Lucerne and Zug. But also in Saanenland, and from Ch\u00e2teau d&#8217;Oex in the canton of Vaud. We also take off in a hot-air balloon in the Basel-Landschaft region. We also balloon in the three-lake region from Murten or Kerzers. We also take off in Gruy\u00e8re in the canton of Fribourg and in the canton of Neuch\u00e2tel. On the one hand, we offer hot-air balloon flights in the Franches Montagnes. We also take off in balloons in the cantons of Solothurn and Thurgau. We also go hot-air ballooning from Ticino to Lombardy in Italy.\n<\/p>\n<p><a id=\"seeMore\" onclick=\"toggleSeeMore()\" href=\"javascript:void(0);\">Read more<\/a><\/p>\n","protected":false},"featured_media":88845,"comment_status":"open","ping_status":"closed","template":"","meta":{"inline_featured_image":false,"_mi_skip_tracking":false},"product_cat":[536],"product_tag":[],"class_list":["post-92831","product","type-product","status-publish","has-post-thumbnail","hentry","product_cat-hot-air-balloon-flight"],"yoast_head":"<!-- This site is optimized with the Yoast SEO plugin v23.6 - https:\/\/yoast.com\/wordpress\/plugins\/seo\/ -->\n<title>Ballooning in Zurich and above the lake of Z\u00fcrich<\/title>\n<meta name=\"description\" content=\"Ballooning in Zurich. We have a number of possible balloon departure points in the canton of Zurich and above the lake of Z\u00fcrich\" \/>\n<meta name=\"robots\" content=\"index, follow, max-snippet:-1, max-image-preview:large, max-video-preview:-1\" \/>\n<link rel=\"canonical\" href=\"https:\/\/www.swissraft.ch\/en\/product\/ballooning-zurich\/\" \/>\n<meta property=\"og:locale\" content=\"en_US\" \/>\n<meta property=\"og:type\" content=\"article\" \/>\n<meta property=\"og:title\" content=\"Ballooning in Zurich and above the lake of Z\u00fcrich\" \/>\n<meta property=\"og:description\" content=\"Ballooning in Zurich. We have a number of possible balloon departure points in the canton of Zurich and above the lake of Z\u00fcrich\" \/>\n<meta property=\"og:url\" content=\"https:\/\/www.swissraft.ch\/en\/product\/ballooning-zurich\/\" \/>\n<meta property=\"og:site_name\" content=\"Swissraft\" \/>\n<meta property=\"article:modified_time\" content=\"2026-04-01T02:42:31+00:00\" \/>\n<meta property=\"og:image\" content=\"https:\/\/www.swissraft.ch\/wp-content\/uploads\/2023\/02\/1-Zurich-776x776-1.jpg\" \/>\n\t<meta property=\"og:image:width\" content=\"776\" \/>\n\t<meta property=\"og:image:height\" content=\"776\" \/>\n\t<meta property=\"og:image:type\" content=\"image\/jpeg\" \/>\n<meta name=\"twitter:card\" content=\"summary_large_image\" \/>\n<meta name=\"twitter:label1\" content=\"Est. reading time\" \/>\n\t<meta name=\"twitter:data1\" content=\"2 minutes\" \/>\n<script type=\"application\/ld+json\" class=\"yoast-schema-graph\">{\"@context\":\"https:\/\/schema.org\",\"@graph\":[{\"@type\":\"WebPage\",\"@id\":\"https:\/\/www.swissraft.ch\/en\/product\/ballooning-zurich\/\",\"url\":\"https:\/\/www.swissraft.ch\/en\/product\/ballooning-zurich\/\",\"name\":\"Ballooning in Zurich and above the lake of Z\u00fcrich\",\"isPartOf\":{\"@id\":\"https:\/\/www.swissraft.ch\/en\/#website\"},\"primaryImageOfPage\":{\"@id\":\"https:\/\/www.swissraft.ch\/en\/product\/ballooning-zurich\/#primaryimage\"},\"image\":{\"@id\":\"https:\/\/www.swissraft.ch\/en\/product\/ballooning-zurich\/#primaryimage\"},\"thumbnailUrl\":\"https:\/\/www.swissraft.ch\/wp-content\/uploads\/2023\/02\/1-Zurich-776x776-1.jpg\",\"datePublished\":\"2023-02-15T14:18:25+00:00\",\"dateModified\":\"2026-04-01T02:42:31+00:00\",\"description\":\"Ballooning in Zurich. We have a number of possible balloon departure points in the canton of Zurich and above the lake of Z\u00fcrich\",\"breadcrumb\":{\"@id\":\"https:\/\/www.swissraft.ch\/en\/product\/ballooning-zurich\/#breadcrumb\"},\"inLanguage\":\"en-US\",\"potentialAction\":[{\"@type\":\"ReadAction\",\"target\":[\"https:\/\/www.swissraft.ch\/en\/product\/ballooning-zurich\/\"]}]},{\"@type\":\"ImageObject\",\"inLanguage\":\"en-US\",\"@id\":\"https:\/\/www.swissraft.ch\/en\/product\/ballooning-zurich\/#primaryimage\",\"url\":\"https:\/\/www.swissraft.ch\/wp-content\/uploads\/2023\/02\/1-Zurich-776x776-1.jpg\",\"contentUrl\":\"https:\/\/www.swissraft.ch\/wp-content\/uploads\/2023\/02\/1-Zurich-776x776-1.jpg\",\"width\":776,\"height\":776,\"caption\":\"Ballooning in Zurich and bove the lake of Z\u00fcrich\"},{\"@type\":\"BreadcrumbList\",\"@id\":\"https:\/\/www.swissraft.ch\/en\/product\/ballooning-zurich\/#breadcrumb\",\"itemListElement\":[{\"@type\":\"ListItem\",\"position\":1,\"name\":\"Accueil\",\"item\":\"https:\/\/www.swissraft.ch\/en\/\"},{\"@type\":\"ListItem\",\"position\":2,\"name\":\"Store\",\"item\":\"https:\/\/www.swissraft.ch\/en\/store\/\"},{\"@type\":\"ListItem\",\"position\":3,\"name\":\"Ballooning in the canton of Zurich &#8211; Flight over the lake of Zurich &#8211; From CHF 270.00\"}]},{\"@type\":\"WebSite\",\"@id\":\"https:\/\/www.swissraft.ch\/en\/#website\",\"url\":\"https:\/\/www.swissraft.ch\/en\/\",\"name\":\"Swissraft\",\"description\":\"To enjoy nature as it is\",\"publisher\":{\"@id\":\"https:\/\/www.swissraft.ch\/en\/#organization\"},\"potentialAction\":[{\"@type\":\"SearchAction\",\"target\":{\"@type\":\"EntryPoint\",\"urlTemplate\":\"https:\/\/www.swissraft.ch\/en\/?s={search_term_string}\"},\"query-input\":{\"@type\":\"PropertyValueSpecification\",\"valueRequired\":true,\"valueName\":\"search_term_string\"}}],\"inLanguage\":\"en-US\"},{\"@type\":\"Organization\",\"@id\":\"https:\/\/www.swissraft.ch\/en\/#organization\",\"name\":\"Swissraft\",\"url\":\"https:\/\/www.swissraft.ch\/en\/\",\"logo\":{\"@type\":\"ImageObject\",\"inLanguage\":\"en-US\",\"@id\":\"https:\/\/www.swissraft.ch\/en\/#\/schema\/logo\/image\/\",\"url\":\"https:\/\/www.swissraft.ch\/wp-content\/uploads\/2025\/09\/Capture.jpg\",\"contentUrl\":\"https:\/\/www.swissraft.ch\/wp-content\/uploads\/2025\/09\/Capture.jpg\",\"width\":293,\"height\":108,\"caption\":\"Swissraft\"},\"image\":{\"@id\":\"https:\/\/www.swissraft.ch\/en\/#\/schema\/logo\/image\/\"}}]}<\/script>\n<!-- \/ Yoast SEO plugin. -->","yoast_head_json":{"title":"Ballooning in Zurich and above the lake of Z\u00fcrich","description":"Ballooning in Zurich. We have a number of possible balloon departure points in the canton of Zurich and above the lake of Z\u00fcrich","robots":{"index":"index","follow":"follow","max-snippet":"max-snippet:-1","max-image-preview":"max-image-preview:large","max-video-preview":"max-video-preview:-1"},"canonical":"https:\/\/www.swissraft.ch\/en\/product\/ballooning-zurich\/","og_locale":"en_US","og_type":"article","og_title":"Ballooning in Zurich and above the lake of Z\u00fcrich","og_description":"Ballooning in Zurich. We have a number of possible balloon departure points in the canton of Zurich and above the lake of Z\u00fcrich","og_url":"https:\/\/www.swissraft.ch\/en\/product\/ballooning-zurich\/","og_site_name":"Swissraft","article_modified_time":"2026-04-01T02:42:31+00:00","og_image":[{"width":776,"height":776,"url":"https:\/\/www.swissraft.ch\/wp-content\/uploads\/2023\/02\/1-Zurich-776x776-1.jpg","type":"image\/jpeg"}],"twitter_card":"summary_large_image","twitter_misc":{"Est. reading time":"2 minutes"},"schema":{"@context":"https:\/\/schema.org","@graph":[{"@type":"WebPage","@id":"https:\/\/www.swissraft.ch\/en\/product\/ballooning-zurich\/","url":"https:\/\/www.swissraft.ch\/en\/product\/ballooning-zurich\/","name":"Ballooning in Zurich and above the lake of Z\u00fcrich","isPartOf":{"@id":"https:\/\/www.swissraft.ch\/en\/#website"},"primaryImageOfPage":{"@id":"https:\/\/www.swissraft.ch\/en\/product\/ballooning-zurich\/#primaryimage"},"image":{"@id":"https:\/\/www.swissraft.ch\/en\/product\/ballooning-zurich\/#primaryimage"},"thumbnailUrl":"https:\/\/www.swissraft.ch\/wp-content\/uploads\/2023\/02\/1-Zurich-776x776-1.jpg","datePublished":"2023-02-15T14:18:25+00:00","dateModified":"2026-04-01T02:42:31+00:00","description":"Ballooning in Zurich. We have a number of possible balloon departure points in the canton of Zurich and above the lake of Z\u00fcrich","breadcrumb":{"@id":"https:\/\/www.swissraft.ch\/en\/product\/ballooning-zurich\/#breadcrumb"},"inLanguage":"en-US","potentialAction":[{"@type":"ReadAction","target":["https:\/\/www.swissraft.ch\/en\/product\/ballooning-zurich\/"]}]},{"@type":"ImageObject","inLanguage":"en-US","@id":"https:\/\/www.swissraft.ch\/en\/product\/ballooning-zurich\/#primaryimage","url":"https:\/\/www.swissraft.ch\/wp-content\/uploads\/2023\/02\/1-Zurich-776x776-1.jpg","contentUrl":"https:\/\/www.swissraft.ch\/wp-content\/uploads\/2023\/02\/1-Zurich-776x776-1.jpg","width":776,"height":776,"caption":"Ballooning in Zurich and bove the lake of Z\u00fcrich"},{"@type":"BreadcrumbList","@id":"https:\/\/www.swissraft.ch\/en\/product\/ballooning-zurich\/#breadcrumb","itemListElement":[{"@type":"ListItem","position":1,"name":"Accueil","item":"https:\/\/www.swissraft.ch\/en\/"},{"@type":"ListItem","position":2,"name":"Store","item":"https:\/\/www.swissraft.ch\/en\/store\/"},{"@type":"ListItem","position":3,"name":"Ballooning in the canton of Zurich &#8211; Flight over the lake of Zurich &#8211; From CHF 270.00"}]},{"@type":"WebSite","@id":"https:\/\/www.swissraft.ch\/en\/#website","url":"https:\/\/www.swissraft.ch\/en\/","name":"Swissraft","description":"To enjoy nature as it is","publisher":{"@id":"https:\/\/www.swissraft.ch\/en\/#organization"},"potentialAction":[{"@type":"SearchAction","target":{"@type":"EntryPoint","urlTemplate":"https:\/\/www.swissraft.ch\/en\/?s={search_term_string}"},"query-input":{"@type":"PropertyValueSpecification","valueRequired":true,"valueName":"search_term_string"}}],"inLanguage":"en-US"},{"@type":"Organization","@id":"https:\/\/www.swissraft.ch\/en\/#organization","name":"Swissraft","url":"https:\/\/www.swissraft.ch\/en\/","logo":{"@type":"ImageObject","inLanguage":"en-US","@id":"https:\/\/www.swissraft.ch\/en\/#\/schema\/logo\/image\/","url":"https:\/\/www.swissraft.ch\/wp-content\/uploads\/2025\/09\/Capture.jpg","contentUrl":"https:\/\/www.swissraft.ch\/wp-content\/uploads\/2025\/09\/Capture.jpg","width":293,"height":108,"caption":"Swissraft"},"image":{"@id":"https:\/\/www.swissraft.ch\/en\/#\/schema\/logo\/image\/"}}]}},"_links":{"self":[{"href":"https:\/\/www.swissraft.ch\/en\/wp-json\/wp\/v2\/product\/92831","targetHints":{"allow":["GET"]}}],"collection":[{"href":"https:\/\/www.swissraft.ch\/en\/wp-json\/wp\/v2\/product"}],"about":[{"href":"https:\/\/www.swissraft.ch\/en\/wp-json\/wp\/v2\/types\/product"}],"replies":[{"embeddable":true,"href":"https:\/\/www.swissraft.ch\/en\/wp-json\/wp\/v2\/comments?post=92831"}],"version-history":[{"count":37,"href":"https:\/\/www.swissraft.ch\/en\/wp-json\/wp\/v2\/product\/92831\/revisions"}],"predecessor-version":[{"id":135704,"href":"https:\/\/www.swissraft.ch\/en\/wp-json\/wp\/v2\/product\/92831\/revisions\/135704"}],"wp:featuredmedia":[{"embeddable":true,"href":"https:\/\/www.swissraft.ch\/en\/wp-json\/wp\/v2\/media\/88845"}],"wp:attachment":[{"href":"https:\/\/www.swissraft.ch\/en\/wp-json\/wp\/v2\/media?parent=92831"}],"wp:term":[{"taxonomy":"product_cat","embeddable":true,"href":"https:\/\/www.swissraft.ch\/en\/wp-json\/wp\/v2\/product_cat?post=92831"},{"taxonomy":"product_tag","embeddable":true,"href":"https:\/\/www.swissraft.ch\/en\/wp-json\/wp\/v2\/product_tag?post=92831"}],"curies":[{"name":"wp","href":"https:\/\/api.w.org\/{rel}","templated":true}]}}