{"id":92822,"date":"2023-02-07T23:01:45","date_gmt":"2023-02-07T22:01:45","guid":{"rendered":"https:\/\/swissraft.xyanzkdne.eu\/product\/hot-air-balloon-flight-around-neuchatel-flight-over-neuchatel-lake-from-chf-270-00\/"},"modified":"2026-03-31T00:57:39","modified_gmt":"2026-03-30T22:57:39","slug":"ballooning-neuchatel","status":"publish","type":"product","link":"https:\/\/www.swissraft.ch\/en\/product\/ballooning-neuchatel\/","title":{"rendered":"Ballooning around Neuch\u00e2tel &#8211; Flight over the lake Neuch\u00e2tel &#8211; From CHF 270.00"},"content":{"rendered":"\t\t<div data-elementor-type=\"wp-post\" data-elementor-id=\"92822\" class=\"elementor elementor-92822 elementor-30772\">\n\t\t\t\t\t\t\t\t\t<section class=\"elementor-section elementor-top-section elementor-element elementor-element-3303a7e3 elementor-section-boxed elementor-section-height-default elementor-section-height-default\" data-id=\"3303a7e3\" data-element_type=\"section\">\n\t\t\t\t\t\t<div class=\"elementor-container elementor-column-gap-default\">\n\t\t\t\t\t<div class=\"elementor-column elementor-col-100 elementor-top-column elementor-element elementor-element-16d72dbf\" data-id=\"16d72dbf\" data-element_type=\"column\">\n\t\t\t<div class=\"elementor-widget-wrap elementor-element-populated\">\n\t\t\t\t\t\t\t\t<div class=\"elementor-element elementor-element-d743c03 elementor-widget elementor-widget-text-editor\" data-id=\"d743c03\" data-element_type=\"widget\" data-widget_type=\"text-editor.default\">\n\t\t\t\t<div class=\"elementor-widget-container\">\n\t\t\t\t\t\t\t<h2>CHOOSE YOUR ACTIVITY BELOW TO OFFER GIFT VOUCHERS \/ TICKETS OR MAKE A RESERVATION<\/h2><table border=\"0\" width=\"580\" cellspacing=\"10\" cellpadding=\"10\"><tbody><tr><td width=\"50%\"><strong>1) BALLOONING &#8211; NEUCH\u00c2TEL &#8211; approx. 1,5 to 2 hrs<\/strong><\/td><td><strong>CHF 420.00 per person<span class=\"productPrice\"><br \/><\/span><\/strong><\/td><\/tr><tr><td>Further information<\/td><td>&#8211;<span class=\"plbl\"> Youth price <\/span>: <span class=\"patt\">Children 7 to 12 years old : <strong>CHF 270.00<\/strong>\/child<br \/><\/span> &#8211; <span class=\"patt\">Early morning or late afternoon departure<br \/><\/span> &#8211; <span class=\"patt\">You will be with other passengers<\/span><\/td><\/tr><tr><td>Locations<\/td><td>&#8211; Neuch\u00e2tel<br \/>&#8211; Yverdon-les-bains etc.<\/td><\/tr><tr><td>Flight duration<\/td><td>approx. 1,5 to 2 hrs<\/td><\/tr><tr><td>Total duration<\/td><td>approx. 4 hrs<\/td><\/tr><tr><td>Meeting point<\/td><td>By telephone<\/td><\/tr><tr><td><button class=\"elementor-button\" type=\"button\"><a href=\"https:\/\/swissraft.outdoorbooking.ch\/fo\/products\/1983?base_id=94&amp;category_id=7&amp;order_type=gift_voucher&amp;lang=en\" target=\"_blank\" rel=\"noopener\">PURCHASE GIFT VOUCHER \/ TICKET<\/a><\/button><\/td><td><strong>CHF 420.00 &#8211; 1 pers.<\/strong><\/td><\/tr><tr><td><button class=\"elementor-button\" type=\"button\"><a href=\"https:\/\/swissraft.outdoorbooking.ch\/fo\/products\/295?base_id=94&amp;category_id=7&amp;order_type=gift_voucher&amp;lang=en\" target=\"_blank\" rel=\"noopener\">PURCHASE GIFT VOUCHER \/ TICKET<\/a><\/button><\/td><td><strong>CHF 800.00 &#8211; 2 pers.<\/strong><\/td><\/tr><tr><td><button class=\"elementor-button\" type=\"button\"><a href=\"https:\/\/swissraft.outdoorbooking.ch\/fo\/products\/300?base_id=94&amp;category_id=7&amp;order_type=gift_voucher&amp;lang=en\" target=\"_blank\" rel=\"noopener\">PURCHASE GIFT VOUCHER \/ TICKET<\/a><\/button><\/td><td><strong>CHF 1&#8217;200.00 &#8211; 3 pers.<\/strong><\/td><\/tr><tr><td><button class=\"elementor-button\" type=\"button\"><a href=\"https:\/\/swissraft.outdoorbooking.ch\/fo\/products\/307?base_id=94&amp;category_id=7&amp;order_type=gift_voucher&amp;lang=en\" target=\"_blank\" rel=\"noopener\">PURCHASE GIFT VOUCHER \/ TICKET<\/a><\/button><\/td><td><strong>CHF 1&#8217;600.00 &#8211; 4 pers.<\/strong><\/td><\/tr><tr><td><button class=\"elementor-button\" type=\"button\"><a href=\"https:\/\/swissraft.outdoorbooking.ch\/fo\/products\/350?base_id=94&amp;category_id=7&amp;order_type=gift_voucher&amp;lang=en\" target=\"_blank\" rel=\"noopener\">PURCHASE GIFT VOUCHER \/ TICKET<\/a><\/button><\/td><td><strong>CHF 1&#8217;900.00 &#8211; 5 pers.<\/strong><\/td><\/tr><tr><td>\u00a0<\/td><td><strong><em>IMPORTANT !<\/em><\/strong><br \/><em>To book, call the number at the top left of the gift voucher \/ ticket.<\/em><\/td><\/tr><\/tbody><\/table><table border=\"0\" width=\"580\" cellspacing=\"10\" cellpadding=\"10\"><tbody><tr><td width=\"50%\"><strong>2) BALLOONING &#8211; NEUCH\u00c2TEL &#8211; PRIVATE FLIGHT &#8211; approx. 1,5 to 2 hrs<\/strong><\/td><td><strong>CHF 1&#8217;700.00 for 2 pers. &#8211; Private flight <span class=\"productPrice\"><br \/><\/span><\/strong><\/td><\/tr><tr><td>Further information<\/td><td>&#8211; <span class=\"patt\"> Early morning or late afternoon take-off<br \/><\/span>&#8211; Private balloon<br \/>&#8211; For more than 11 pers. : <span class=\"patt\" style=\"font-family: inherit; font-size: inherit;\"><span class=\"plbl\"><span class=\"patt\"><a href=\"https:\/\/www.swissraft.ch\/en\/contact\/\">please contact us<\/a><\/span><\/span><\/span><\/td><\/tr><tr><td>Locations<\/td><td>&#8211; Neuch\u00e2tel<br \/>&#8211; Yverdon-les-bains etc.<\/td><\/tr><tr><td>Flight duration<\/td><td>approx. 1,5 to 2 hrs<\/td><\/tr><tr><td>Total duration<\/td><td>approx. 4 hrs<\/td><\/tr><tr><td>Meeting point<\/td><td>By telephone<\/td><\/tr><tr><td><button class=\"elementor-button\" type=\"button\"><a href=\"https:\/\/swissraft.outdoorbooking.ch\/fo\/products\/352?base_id=94&amp;category_id=7&amp;order_type=gift_voucher&amp;lang=en\" target=\"_blank\" rel=\"noopener\">PURCHASE GIFT VOUCHER \/ TICKET<\/a><\/button><\/td><td><strong>CHF 1&#8217;700.00 &#8211; private flight (2 pers.)<\/strong><\/td><\/tr><tr><td><button class=\"elementor-button\" type=\"button\"><a href=\"https:\/\/swissraft.outdoorbooking.ch\/fo\/products\/766?base_id=94&amp;category_id=7&amp;order_type=gift_voucher&amp;lang=en\" target=\"_blank\" rel=\"noopener\">PURCHASE GIFT VOUCHER \/ TICKET<\/a><\/button><\/td><td><strong>CHF 2&#8217;000.00 &#8211; private flight (3-4 pers.)<\/strong><\/td><\/tr><tr><td><button class=\"elementor-button\" type=\"button\"><a href=\"https:\/\/swissraft.outdoorbooking.ch\/fo\/products\/1207?base_id=94&amp;category_id=7&amp;order_type=gift_voucher&amp;lang=en\" target=\"_blank\" rel=\"noopener\">PURCHASE GIFT VOUCHER \/ TICKET<\/a><\/button><\/td><td><strong>CHF 2&#8217;400.00 &#8211; private flight (5-6 pers.)<\/strong><\/td><\/tr><tr><td><button class=\"elementor-button\" type=\"button\"><a href=\"https:\/\/swissraft.outdoorbooking.ch\/fo\/products\/768?base_id=201&amp;category_id=7&amp;order_type=gift_voucher&amp;lang=en\" target=\"_blank\" rel=\"noopener\">PURCHASE GIFT VOUCHER \/ TICKET<\/a><\/button><\/td><td><strong>CHF 3&#8217;100.00 &#8211; private flight (7-8 pers.)<\/strong><\/td><\/tr><tr><td><button class=\"elementor-button\" type=\"button\"><a href=\"https:\/\/swissraft.outdoorbooking.ch\/fo\/products\/1205?base_id=201&amp;category_id=7&amp;order_type=gift_voucher&amp;lang=en\" target=\"_blank\" rel=\"noopener\">PURCHASE GIFT VOUCHER \/ TICKET<\/a><\/button><\/td><td><strong>CHF 3&#8217;600.00 &#8211; private flight (9-10 pers.)<\/strong><\/td><\/tr><tr><td><button class=\"elementor-button\" type=\"button\"><a href=\"https:\/\/swissraft.outdoorbooking.ch\/fo\/products\/1206?base_id=201&amp;category_id=7&amp;order_type=gift_voucher&amp;lang=en\" target=\"_blank\" rel=\"noopener\">PURCHASE GIFT VOUCHER \/ TICKET<\/a><\/button><\/td><td><strong>CHF 3&#8217;900.00 &#8211; private flight (11 pers.)<\/strong><\/td><\/tr><tr><td>\u00a0<\/td><td><strong><em>IMPORTANT !<\/em><\/strong><br \/><em>To book, call the number at the top left of the gift voucher \/ ticket.<\/em><\/td><\/tr><\/tbody><\/table>\t\t\t\t\t\t<\/div>\n\t\t\t\t<\/div>\n\t\t\t\t\t<\/div>\n\t\t<\/div>\n\t\t\t\t\t\t\t<\/div>\n\t\t<\/section>\n\t\t\t\t\t\t\t<\/div>\n\t\t","protected":false},"excerpt":{"rendered":"<div align=\"justify\">\n<h2 align=\"justify\">You take off at dawn for a two-hour hot-air balloon flight in the Neuch\u00e2tel region.<\/h2>\n<h3>From your gondola you can see Lake Neuch\u00e2tel below, starting to change color. As the sun rises, the lake takes on an emerald green color.<\/h3>\n<\/div>\n<div align=\"justify\">\n<p>First of all, what&#8217;s surprising when you&#8217;re at altitude is the silence that reigns both on board and outside. The sounds of civilization below do not reach you. Only the chirping of pilot flames from the burners accompanies you, barely disturbing the silence. The sun finally appears and warms our faces. The pilot regularly activates the burners to maintain the balloon&#8217;s altitude and make the most of favorable winds. Ballooning is like no other. It&#8217;s best to go to bed early the night before, as you&#8217;ll need to be up very early on the big day. Don&#8217;t forget to bring your GoPro for a great souvenir of your balloon flight.<\/p>\n<h3>We offer you more than 25 take-off points in Switzerland for a hot-air balloon flight.<\/h3>\n<p id=\"textarea\" style=\"display: none;\">\nWe also do balloon flights in the canton of Lucerne. But also in the Gstaad-Saanenland region, and from Ch\u00e2teau d&#8217;Oex in the canton of Vaud. We also take off in the Basel-Landschaft region, as well as on the plateau and around Zurich. We also offer balloon departures from the Three Lakes region. We also take off from Gruy\u00e8re in the canton of Fribourg. We also fly balloons in the Franches Montagnes region of the Jura. What&#8217;s more, we take off in hot-air balloons in the cantons of Solothurn, Thurgau and St. Gallen. Gall. We then fly to Italy, taking off around Lugano in the Ticino with a northerly wind.\n<\/p>\n<p><a id=\"seeMore\" onclick=\"toggleSeeMore()\" href=\"javascript:void(0);\">Read more<\/a><\/p>\n","protected":false},"featured_media":130476,"comment_status":"open","ping_status":"closed","template":"","meta":{"inline_featured_image":false,"_mi_skip_tracking":false},"product_cat":[536],"product_tag":[],"class_list":["post-92822","product","type-product","status-publish","has-post-thumbnail","hentry","product_cat-hot-air-balloon-flight"],"yoast_head":"<!-- This site is optimized with the Yoast SEO plugin v23.6 - https:\/\/yoast.com\/wordpress\/plugins\/seo\/ -->\n<title>Ballooning in Neuch\u00e2tel. 2-hours flight overlooking the lake<\/title>\n<meta name=\"description\" content=\"Ballooning in Neuch\u00e2tel. A 2-hoursvflight overlooking Lake Neuch\u00e2tel. This balloon flight will leave you with excellent memories.Ballooning in Neuch\u00e2tel\" \/>\n<meta name=\"robots\" content=\"index, follow, max-snippet:-1, max-image-preview:large, max-video-preview:-1\" \/>\n<link rel=\"canonical\" href=\"https:\/\/www.swissraft.ch\/en\/product\/ballooning-neuchatel\/\" \/>\n<meta property=\"og:locale\" content=\"en_US\" \/>\n<meta property=\"og:type\" content=\"article\" \/>\n<meta property=\"og:title\" content=\"Ballooning in Neuch\u00e2tel. 2-hours flight overlooking the lake\" \/>\n<meta property=\"og:description\" content=\"Ballooning in Neuch\u00e2tel. A 2-hoursvflight overlooking Lake Neuch\u00e2tel. This balloon flight will leave you with excellent memories.Ballooning in Neuch\u00e2tel\" \/>\n<meta property=\"og:url\" content=\"https:\/\/www.swissraft.ch\/en\/product\/ballooning-neuchatel\/\" \/>\n<meta property=\"og:site_name\" content=\"Swissraft\" \/>\n<meta property=\"article:modified_time\" content=\"2026-03-30T22:57:39+00:00\" \/>\n<meta property=\"og:image\" content=\"https:\/\/www.swissraft.ch\/wp-content\/uploads\/2023\/02\/776x776_01.jpg\" \/>\n\t<meta property=\"og:image:width\" content=\"776\" \/>\n\t<meta property=\"og:image:height\" content=\"776\" \/>\n\t<meta property=\"og:image:type\" content=\"image\/jpeg\" \/>\n<meta name=\"twitter:card\" content=\"summary_large_image\" \/>\n<meta name=\"twitter:label1\" content=\"Est. reading time\" \/>\n\t<meta name=\"twitter:data1\" content=\"2 minutes\" \/>\n<script type=\"application\/ld+json\" class=\"yoast-schema-graph\">{\"@context\":\"https:\/\/schema.org\",\"@graph\":[{\"@type\":\"WebPage\",\"@id\":\"https:\/\/www.swissraft.ch\/en\/product\/ballooning-neuchatel\/\",\"url\":\"https:\/\/www.swissraft.ch\/en\/product\/ballooning-neuchatel\/\",\"name\":\"Ballooning in Neuch\u00e2tel. 2-hours flight overlooking the lake\",\"isPartOf\":{\"@id\":\"https:\/\/www.swissraft.ch\/en\/#website\"},\"primaryImageOfPage\":{\"@id\":\"https:\/\/www.swissraft.ch\/en\/product\/ballooning-neuchatel\/#primaryimage\"},\"image\":{\"@id\":\"https:\/\/www.swissraft.ch\/en\/product\/ballooning-neuchatel\/#primaryimage\"},\"thumbnailUrl\":\"https:\/\/www.swissraft.ch\/wp-content\/uploads\/2023\/02\/776x776_01.jpg\",\"datePublished\":\"2023-02-07T22:01:45+00:00\",\"dateModified\":\"2026-03-30T22:57:39+00:00\",\"description\":\"Ballooning in Neuch\u00e2tel. A 2-hoursvflight overlooking Lake Neuch\u00e2tel. This balloon flight will leave you with excellent memories.Ballooning in Neuch\u00e2tel\",\"breadcrumb\":{\"@id\":\"https:\/\/www.swissraft.ch\/en\/product\/ballooning-neuchatel\/#breadcrumb\"},\"inLanguage\":\"en-US\",\"potentialAction\":[{\"@type\":\"ReadAction\",\"target\":[\"https:\/\/www.swissraft.ch\/en\/product\/ballooning-neuchatel\/\"]}]},{\"@type\":\"ImageObject\",\"inLanguage\":\"en-US\",\"@id\":\"https:\/\/www.swissraft.ch\/en\/product\/ballooning-neuchatel\/#primaryimage\",\"url\":\"https:\/\/www.swissraft.ch\/wp-content\/uploads\/2023\/02\/776x776_01.jpg\",\"contentUrl\":\"https:\/\/www.swissraft.ch\/wp-content\/uploads\/2023\/02\/776x776_01.jpg\",\"width\":776,\"height\":776,\"caption\":\"Ballooning in Neuch\u00e2tel\"},{\"@type\":\"BreadcrumbList\",\"@id\":\"https:\/\/www.swissraft.ch\/en\/product\/ballooning-neuchatel\/#breadcrumb\",\"itemListElement\":[{\"@type\":\"ListItem\",\"position\":1,\"name\":\"Accueil\",\"item\":\"https:\/\/www.swissraft.ch\/en\/\"},{\"@type\":\"ListItem\",\"position\":2,\"name\":\"Store\",\"item\":\"https:\/\/www.swissraft.ch\/en\/store\/\"},{\"@type\":\"ListItem\",\"position\":3,\"name\":\"Ballooning around Neuch\u00e2tel &#8211; Flight over the lake Neuch\u00e2tel &#8211; From CHF 270.00\"}]},{\"@type\":\"WebSite\",\"@id\":\"https:\/\/www.swissraft.ch\/en\/#website\",\"url\":\"https:\/\/www.swissraft.ch\/en\/\",\"name\":\"Swissraft\",\"description\":\"To enjoy nature as it is\",\"publisher\":{\"@id\":\"https:\/\/www.swissraft.ch\/en\/#organization\"},\"potentialAction\":[{\"@type\":\"SearchAction\",\"target\":{\"@type\":\"EntryPoint\",\"urlTemplate\":\"https:\/\/www.swissraft.ch\/en\/?s={search_term_string}\"},\"query-input\":{\"@type\":\"PropertyValueSpecification\",\"valueRequired\":true,\"valueName\":\"search_term_string\"}}],\"inLanguage\":\"en-US\"},{\"@type\":\"Organization\",\"@id\":\"https:\/\/www.swissraft.ch\/en\/#organization\",\"name\":\"Swissraft\",\"url\":\"https:\/\/www.swissraft.ch\/en\/\",\"logo\":{\"@type\":\"ImageObject\",\"inLanguage\":\"en-US\",\"@id\":\"https:\/\/www.swissraft.ch\/en\/#\/schema\/logo\/image\/\",\"url\":\"https:\/\/www.swissraft.ch\/wp-content\/uploads\/2025\/09\/Capture.jpg\",\"contentUrl\":\"https:\/\/www.swissraft.ch\/wp-content\/uploads\/2025\/09\/Capture.jpg\",\"width\":293,\"height\":108,\"caption\":\"Swissraft\"},\"image\":{\"@id\":\"https:\/\/www.swissraft.ch\/en\/#\/schema\/logo\/image\/\"}}]}<\/script>\n<!-- \/ Yoast SEO plugin. -->","yoast_head_json":{"title":"Ballooning in Neuch\u00e2tel. 2-hours flight overlooking the lake","description":"Ballooning in Neuch\u00e2tel. A 2-hoursvflight overlooking Lake Neuch\u00e2tel. This balloon flight will leave you with excellent memories.Ballooning in Neuch\u00e2tel","robots":{"index":"index","follow":"follow","max-snippet":"max-snippet:-1","max-image-preview":"max-image-preview:large","max-video-preview":"max-video-preview:-1"},"canonical":"https:\/\/www.swissraft.ch\/en\/product\/ballooning-neuchatel\/","og_locale":"en_US","og_type":"article","og_title":"Ballooning in Neuch\u00e2tel. 2-hours flight overlooking the lake","og_description":"Ballooning in Neuch\u00e2tel. A 2-hoursvflight overlooking Lake Neuch\u00e2tel. This balloon flight will leave you with excellent memories.Ballooning in Neuch\u00e2tel","og_url":"https:\/\/www.swissraft.ch\/en\/product\/ballooning-neuchatel\/","og_site_name":"Swissraft","article_modified_time":"2026-03-30T22:57:39+00:00","og_image":[{"width":776,"height":776,"url":"https:\/\/www.swissraft.ch\/wp-content\/uploads\/2023\/02\/776x776_01.jpg","type":"image\/jpeg"}],"twitter_card":"summary_large_image","twitter_misc":{"Est. reading time":"2 minutes"},"schema":{"@context":"https:\/\/schema.org","@graph":[{"@type":"WebPage","@id":"https:\/\/www.swissraft.ch\/en\/product\/ballooning-neuchatel\/","url":"https:\/\/www.swissraft.ch\/en\/product\/ballooning-neuchatel\/","name":"Ballooning in Neuch\u00e2tel. 2-hours flight overlooking the lake","isPartOf":{"@id":"https:\/\/www.swissraft.ch\/en\/#website"},"primaryImageOfPage":{"@id":"https:\/\/www.swissraft.ch\/en\/product\/ballooning-neuchatel\/#primaryimage"},"image":{"@id":"https:\/\/www.swissraft.ch\/en\/product\/ballooning-neuchatel\/#primaryimage"},"thumbnailUrl":"https:\/\/www.swissraft.ch\/wp-content\/uploads\/2023\/02\/776x776_01.jpg","datePublished":"2023-02-07T22:01:45+00:00","dateModified":"2026-03-30T22:57:39+00:00","description":"Ballooning in Neuch\u00e2tel. A 2-hoursvflight overlooking Lake Neuch\u00e2tel. This balloon flight will leave you with excellent memories.Ballooning in Neuch\u00e2tel","breadcrumb":{"@id":"https:\/\/www.swissraft.ch\/en\/product\/ballooning-neuchatel\/#breadcrumb"},"inLanguage":"en-US","potentialAction":[{"@type":"ReadAction","target":["https:\/\/www.swissraft.ch\/en\/product\/ballooning-neuchatel\/"]}]},{"@type":"ImageObject","inLanguage":"en-US","@id":"https:\/\/www.swissraft.ch\/en\/product\/ballooning-neuchatel\/#primaryimage","url":"https:\/\/www.swissraft.ch\/wp-content\/uploads\/2023\/02\/776x776_01.jpg","contentUrl":"https:\/\/www.swissraft.ch\/wp-content\/uploads\/2023\/02\/776x776_01.jpg","width":776,"height":776,"caption":"Ballooning in Neuch\u00e2tel"},{"@type":"BreadcrumbList","@id":"https:\/\/www.swissraft.ch\/en\/product\/ballooning-neuchatel\/#breadcrumb","itemListElement":[{"@type":"ListItem","position":1,"name":"Accueil","item":"https:\/\/www.swissraft.ch\/en\/"},{"@type":"ListItem","position":2,"name":"Store","item":"https:\/\/www.swissraft.ch\/en\/store\/"},{"@type":"ListItem","position":3,"name":"Ballooning around Neuch\u00e2tel &#8211; Flight over the lake Neuch\u00e2tel &#8211; From CHF 270.00"}]},{"@type":"WebSite","@id":"https:\/\/www.swissraft.ch\/en\/#website","url":"https:\/\/www.swissraft.ch\/en\/","name":"Swissraft","description":"To enjoy nature as it is","publisher":{"@id":"https:\/\/www.swissraft.ch\/en\/#organization"},"potentialAction":[{"@type":"SearchAction","target":{"@type":"EntryPoint","urlTemplate":"https:\/\/www.swissraft.ch\/en\/?s={search_term_string}"},"query-input":{"@type":"PropertyValueSpecification","valueRequired":true,"valueName":"search_term_string"}}],"inLanguage":"en-US"},{"@type":"Organization","@id":"https:\/\/www.swissraft.ch\/en\/#organization","name":"Swissraft","url":"https:\/\/www.swissraft.ch\/en\/","logo":{"@type":"ImageObject","inLanguage":"en-US","@id":"https:\/\/www.swissraft.ch\/en\/#\/schema\/logo\/image\/","url":"https:\/\/www.swissraft.ch\/wp-content\/uploads\/2025\/09\/Capture.jpg","contentUrl":"https:\/\/www.swissraft.ch\/wp-content\/uploads\/2025\/09\/Capture.jpg","width":293,"height":108,"caption":"Swissraft"},"image":{"@id":"https:\/\/www.swissraft.ch\/en\/#\/schema\/logo\/image\/"}}]}},"_links":{"self":[{"href":"https:\/\/www.swissraft.ch\/en\/wp-json\/wp\/v2\/product\/92822","targetHints":{"allow":["GET"]}}],"collection":[{"href":"https:\/\/www.swissraft.ch\/en\/wp-json\/wp\/v2\/product"}],"about":[{"href":"https:\/\/www.swissraft.ch\/en\/wp-json\/wp\/v2\/types\/product"}],"replies":[{"embeddable":true,"href":"https:\/\/www.swissraft.ch\/en\/wp-json\/wp\/v2\/comments?post=92822"}],"version-history":[{"count":46,"href":"https:\/\/www.swissraft.ch\/en\/wp-json\/wp\/v2\/product\/92822\/revisions"}],"predecessor-version":[{"id":135510,"href":"https:\/\/www.swissraft.ch\/en\/wp-json\/wp\/v2\/product\/92822\/revisions\/135510"}],"wp:featuredmedia":[{"embeddable":true,"href":"https:\/\/www.swissraft.ch\/en\/wp-json\/wp\/v2\/media\/130476"}],"wp:attachment":[{"href":"https:\/\/www.swissraft.ch\/en\/wp-json\/wp\/v2\/media?parent=92822"}],"wp:term":[{"taxonomy":"product_cat","embeddable":true,"href":"https:\/\/www.swissraft.ch\/en\/wp-json\/wp\/v2\/product_cat?post=92822"},{"taxonomy":"product_tag","embeddable":true,"href":"https:\/\/www.swissraft.ch\/en\/wp-json\/wp\/v2\/product_tag?post=92822"}],"curies":[{"name":"wp","href":"https:\/\/api.w.org\/{rel}","templated":true}]}}