{"id":92806,"date":"2023-02-18T22:27:56","date_gmt":"2023-02-18T21:27:56","guid":{"rendered":"https:\/\/swissraft.xyanzkdne.eu\/product\/rafting-in-valais-la-viege-and-le-rhone-stalden-viege-souste-sierre-from-chf-168-00\/"},"modified":"2026-04-09T22:46:54","modified_gmt":"2026-04-09T20:46:54","slug":"rafting-viege-rhone-valais-stalden-viege-souste-sierre","status":"publish","type":"product","link":"https:\/\/www.swissraft.ch\/en\/product\/rafting-viege-rhone-valais-stalden-viege-souste-sierre\/","title":{"rendered":"Rafting or River rafting in Valais &#8211; The Vi\u00e8ge and the Rh\u00f4ne &#8211; Stalden-Vi\u00e8ge &#8211; Susten-Sierre &#8211; From CHF 168.00"},"content":{"rendered":"\t\t<div data-elementor-type=\"wp-post\" data-elementor-id=\"92806\" class=\"elementor elementor-92806 elementor-31027\">\n\t\t\t\t\t\t\t\t\t<section class=\"elementor-section elementor-top-section elementor-element elementor-element-3303a7e3 elementor-section-boxed elementor-section-height-default elementor-section-height-default\" data-id=\"3303a7e3\" data-element_type=\"section\">\n\t\t\t\t\t\t<div class=\"elementor-container elementor-column-gap-default\">\n\t\t\t\t\t<div class=\"elementor-column elementor-col-100 elementor-top-column elementor-element elementor-element-16d72dbf\" data-id=\"16d72dbf\" data-element_type=\"column\">\n\t\t\t<div class=\"elementor-widget-wrap elementor-element-populated\">\n\t\t\t\t\t\t\t\t<div class=\"elementor-element elementor-element-d743c03 elementor-widget elementor-widget-text-editor\" data-id=\"d743c03\" data-element_type=\"widget\" data-widget_type=\"text-editor.default\">\n\t\t\t\t<div class=\"elementor-widget-container\">\n\t\t\t\t\t\t\t<h2>CHOOSE YOUR ACTIVITY BELOW TO OFFER GIFT VOUCHERS \/ TICKETS OR MAKE A RESERVATION<\/h2><table border=\"0\" width=\"580\" cellspacing=\"10\" cellpadding=\"10\"><tbody><tr><td width=\"50%\"><strong>RAFTING &#8211; RIVER RAFTING &#8211; VI\u00c8GE + RH\u00d4NE &#8211; Day trip + BBQ<\/strong><\/td><td><strong>CHF 210.00 per person<span class=\"productPrice\"><br \/><\/span><\/strong><\/td><\/tr><tr><td>Further information<\/td><td><span class=\"plbl\">&#8211; <\/span><span class=\"patt\">From 10 pers. 10% :<strong> CHF 189.00<\/strong>\/pers.<br \/>&#8211; From 21 pers. 20% : <strong>CHF 168.00<\/strong>\/pers.<strong><br \/><\/strong>&#8211; Minimum age : 12 years<strong><br \/><\/strong><\/span><\/td><\/tr><tr><td>Route<\/td><td><strong>Stalden-Vi\u00e8ge<\/strong><br \/><strong>Souste-Sierre<\/strong><\/td><\/tr><tr><td>Schedule<\/td><td>10.00 am<\/td><\/tr><tr><td>Rafting<\/td><td>approx. 3 hrs<\/td><\/tr><tr><td>Total duration<\/td><td>approx. 7 hrs<\/td><\/tr><tr><td>Meeting point<\/td><td><a href=\"https:\/\/www.google.com\/maps\/place\/46%C2%B017'36.8%22N+7%C2%B033'29.6%22E\/@46.2937372,7.5538556,780m\/data=!3m1!1e3!4m4!3m3!8m2!3d46.2935556!4d7.5582222?entry=ttu\" target=\"_blank\" rel=\"noopener\">Sierre<\/a><\/td><\/tr><tr><td>Difficulty<\/td><td>2-3+<\/td><\/tr><tr><td><button class=\"elementor-button\" type=\"button\"><a href=\"https:\/\/swissraft.outdoorbooking.ch\/fo\/products\/1243?base_id=82&amp;category_id=1&amp;order_type=gift_voucher&amp;lang=en\" target=\"_blank\" rel=\"noopener\">PURCHASE GIFT VOUCHER \/ TICKET<\/a><\/button><\/td><td style=\"text-align: left;\"><a href=\"https:\/\/swissraft.outdoorbooking.ch\/fo\/products\/1243?base_id=82&amp;category_id=1&amp;order_type=event&amp;lang=en\" target=\"_blank\" rel=\"noopener\">BOOK A DATE<\/a><\/td><\/tr><\/tbody><\/table>\t\t\t\t\t\t<\/div>\n\t\t\t\t<\/div>\n\t\t\t\t\t<\/div>\n\t\t<\/div>\n\t\t\t\t\t\t\t<\/div>\n\t\t<\/section>\n\t\t\t\t\t\t\t<\/div>\n\t\t","protected":false},"excerpt":{"rendered":"<div align=\"justify\">\n<h2 align=\"justify\">River rafting on the Vi\u00e8ge and Rh\u00f4ne rivers in Valais<\/h2>\n<h3>These two courses are full of surprises, with rapids and huge waves on the Rh\u00f4ne.<\/h3>\n<\/div>\n<div align=\"justify\">\n<p><strong>Rafting<\/strong> on the Vi\u00e8ge and Rh\u00f4ne rivers in Valais. On the one hand, in the morning we start with an 8 km run on the Visp river, which will get you into shape. On the other hand, the Visp is a beautiful, tumultuous river that offers an eventful descent. We&#8217;ll also have a BBQ break by the river. In the afternoon, we&#8217;ll take on the Rhone river <strong>course<\/strong> between La Souste and Sierre; big waves on the program.<\/p>\n<h3>There are numerous alternatives to these two rivers in Switzerland and neighboring France.<\/h3>\n<p id=\"textarea\" style=\"display: none;\">Also in Valais, Swissraft offers <strong>riverrafting<\/strong> on the Dranse de Bagnes between Voll\u00e8ges and Sembrancher. We also go <strong>rafting<\/strong> on the Sarine from Saanen to Ch\u00e2teau d&#8217;Oex in the canton of Vaud. Also in the Bernese Oberland, we navigate the L\u00fctschine and Simme rivers between Boltigen and D\u00e4rstetten. We also offer riverrafting around Geneva on the Dranse in Haute Savoie at Thonon-les-Bains. <strong>Riverrafting<\/strong> is also available in the French Alps on the Is\u00e8re and Doron de Bozel rivers. In Graub\u00fcnden, between Ilanz and Reichenau, with the famous Swiss Grand Canyon. And don&#8217;t forget <strong>rafting<\/strong> on the &#8220;Queen of Rivers&#8221; l&#8217;inn from Scuol to Pradella.<\/p>\n<p><a id=\"seeMore\"><\/a>Read more<\/p>\n<\/div>\n","protected":false},"featured_media":84765,"comment_status":"open","ping_status":"closed","template":"","meta":{"inline_featured_image":false,"_mi_skip_tracking":false},"product_cat":[253,535],"product_tag":[],"class_list":["post-92806","product","type-product","status-publish","has-post-thumbnail","hentry","product_cat-rafting-in-switzerland","product_cat-rafting-in-valais"],"yoast_head":"<!-- This site is optimized with the Yoast SEO plugin v23.6 - https:\/\/yoast.com\/wordpress\/plugins\/seo\/ -->\n<title>Rafting Vi\u00e8ge + Rh\u00f4ne in Valais. Exceptional courses<\/title>\n<meta name=\"description\" content=\"Rafting Vi\u00e8ge + Rh\u00f4ne in Valais. Morning trip on the Vi\u00e8ge. Lunchtime BBQ break by the river and afternoon rafting on the Rh\u00f4ne\" \/>\n<meta name=\"robots\" content=\"index, follow, max-snippet:-1, max-image-preview:large, max-video-preview:-1\" \/>\n<link rel=\"canonical\" href=\"https:\/\/www.swissraft.ch\/en\/product\/rafting-viege-rhone-valais-stalden-viege-souste-sierre\/\" \/>\n<meta property=\"og:locale\" content=\"en_US\" \/>\n<meta property=\"og:type\" content=\"article\" \/>\n<meta property=\"og:title\" content=\"Rafting Vi\u00e8ge + Rh\u00f4ne in Valais. Exceptional courses\" \/>\n<meta property=\"og:description\" content=\"Rafting Vi\u00e8ge + Rh\u00f4ne in Valais. Morning trip on the Vi\u00e8ge. Lunchtime BBQ break by the river and afternoon rafting on the Rh\u00f4ne\" \/>\n<meta property=\"og:url\" content=\"https:\/\/www.swissraft.ch\/en\/product\/rafting-viege-rhone-valais-stalden-viege-souste-sierre\/\" \/>\n<meta property=\"og:site_name\" content=\"Swissraft\" \/>\n<meta property=\"article:modified_time\" content=\"2026-04-09T20:46:54+00:00\" \/>\n<meta property=\"og:image\" content=\"https:\/\/www.swissraft.ch\/wp-content\/uploads\/2023\/02\/1-1-Vispa-776x776-2.jpg\" \/>\n\t<meta property=\"og:image:width\" content=\"776\" \/>\n\t<meta property=\"og:image:height\" content=\"776\" \/>\n\t<meta property=\"og:image:type\" content=\"image\/jpeg\" \/>\n<meta name=\"twitter:card\" content=\"summary_large_image\" \/>\n<meta name=\"twitter:label1\" content=\"Est. reading time\" \/>\n\t<meta name=\"twitter:data1\" content=\"1 minute\" \/>\n<script type=\"application\/ld+json\" class=\"yoast-schema-graph\">{\"@context\":\"https:\/\/schema.org\",\"@graph\":[{\"@type\":\"WebPage\",\"@id\":\"https:\/\/www.swissraft.ch\/en\/product\/rafting-viege-rhone-valais-stalden-viege-souste-sierre\/\",\"url\":\"https:\/\/www.swissraft.ch\/en\/product\/rafting-viege-rhone-valais-stalden-viege-souste-sierre\/\",\"name\":\"Rafting Vi\u00e8ge + Rh\u00f4ne in Valais. Exceptional courses\",\"isPartOf\":{\"@id\":\"https:\/\/www.swissraft.ch\/en\/#website\"},\"primaryImageOfPage\":{\"@id\":\"https:\/\/www.swissraft.ch\/en\/product\/rafting-viege-rhone-valais-stalden-viege-souste-sierre\/#primaryimage\"},\"image\":{\"@id\":\"https:\/\/www.swissraft.ch\/en\/product\/rafting-viege-rhone-valais-stalden-viege-souste-sierre\/#primaryimage\"},\"thumbnailUrl\":\"https:\/\/www.swissraft.ch\/wp-content\/uploads\/2023\/02\/1-1-Vispa-776x776-2.jpg\",\"datePublished\":\"2023-02-18T21:27:56+00:00\",\"dateModified\":\"2026-04-09T20:46:54+00:00\",\"description\":\"Rafting Vi\u00e8ge + Rh\u00f4ne in Valais. Morning trip on the Vi\u00e8ge. Lunchtime BBQ break by the river and afternoon rafting on the Rh\u00f4ne\",\"breadcrumb\":{\"@id\":\"https:\/\/www.swissraft.ch\/en\/product\/rafting-viege-rhone-valais-stalden-viege-souste-sierre\/#breadcrumb\"},\"inLanguage\":\"en-US\",\"potentialAction\":[{\"@type\":\"ReadAction\",\"target\":[\"https:\/\/www.swissraft.ch\/en\/product\/rafting-viege-rhone-valais-stalden-viege-souste-sierre\/\"]}]},{\"@type\":\"ImageObject\",\"inLanguage\":\"en-US\",\"@id\":\"https:\/\/www.swissraft.ch\/en\/product\/rafting-viege-rhone-valais-stalden-viege-souste-sierre\/#primaryimage\",\"url\":\"https:\/\/www.swissraft.ch\/wp-content\/uploads\/2023\/02\/1-1-Vispa-776x776-2.jpg\",\"contentUrl\":\"https:\/\/www.swissraft.ch\/wp-content\/uploads\/2023\/02\/1-1-Vispa-776x776-2.jpg\",\"width\":776,\"height\":776,\"caption\":\"Rafting on the Vispa and Rh\u00f4ne rivers\"},{\"@type\":\"BreadcrumbList\",\"@id\":\"https:\/\/www.swissraft.ch\/en\/product\/rafting-viege-rhone-valais-stalden-viege-souste-sierre\/#breadcrumb\",\"itemListElement\":[{\"@type\":\"ListItem\",\"position\":1,\"name\":\"Accueil\",\"item\":\"https:\/\/www.swissraft.ch\/en\/\"},{\"@type\":\"ListItem\",\"position\":2,\"name\":\"Store\",\"item\":\"https:\/\/www.swissraft.ch\/en\/store\/\"},{\"@type\":\"ListItem\",\"position\":3,\"name\":\"Rafting or River rafting in Valais &#8211; The Vi\u00e8ge and the Rh\u00f4ne &#8211; Stalden-Vi\u00e8ge &#8211; Susten-Sierre &#8211; From CHF 168.00\"}]},{\"@type\":\"WebSite\",\"@id\":\"https:\/\/www.swissraft.ch\/en\/#website\",\"url\":\"https:\/\/www.swissraft.ch\/en\/\",\"name\":\"Swissraft\",\"description\":\"To enjoy nature as it is\",\"publisher\":{\"@id\":\"https:\/\/www.swissraft.ch\/en\/#organization\"},\"potentialAction\":[{\"@type\":\"SearchAction\",\"target\":{\"@type\":\"EntryPoint\",\"urlTemplate\":\"https:\/\/www.swissraft.ch\/en\/?s={search_term_string}\"},\"query-input\":{\"@type\":\"PropertyValueSpecification\",\"valueRequired\":true,\"valueName\":\"search_term_string\"}}],\"inLanguage\":\"en-US\"},{\"@type\":\"Organization\",\"@id\":\"https:\/\/www.swissraft.ch\/en\/#organization\",\"name\":\"Swissraft\",\"url\":\"https:\/\/www.swissraft.ch\/en\/\",\"logo\":{\"@type\":\"ImageObject\",\"inLanguage\":\"en-US\",\"@id\":\"https:\/\/www.swissraft.ch\/en\/#\/schema\/logo\/image\/\",\"url\":\"https:\/\/www.swissraft.ch\/wp-content\/uploads\/2025\/09\/Capture.jpg\",\"contentUrl\":\"https:\/\/www.swissraft.ch\/wp-content\/uploads\/2025\/09\/Capture.jpg\",\"width\":293,\"height\":108,\"caption\":\"Swissraft\"},\"image\":{\"@id\":\"https:\/\/www.swissraft.ch\/en\/#\/schema\/logo\/image\/\"}}]}<\/script>\n<!-- \/ Yoast SEO plugin. -->","yoast_head_json":{"title":"Rafting Vi\u00e8ge + Rh\u00f4ne in Valais. Exceptional courses","description":"Rafting Vi\u00e8ge + Rh\u00f4ne in Valais. Morning trip on the Vi\u00e8ge. Lunchtime BBQ break by the river and afternoon rafting on the Rh\u00f4ne","robots":{"index":"index","follow":"follow","max-snippet":"max-snippet:-1","max-image-preview":"max-image-preview:large","max-video-preview":"max-video-preview:-1"},"canonical":"https:\/\/www.swissraft.ch\/en\/product\/rafting-viege-rhone-valais-stalden-viege-souste-sierre\/","og_locale":"en_US","og_type":"article","og_title":"Rafting Vi\u00e8ge + Rh\u00f4ne in Valais. Exceptional courses","og_description":"Rafting Vi\u00e8ge + Rh\u00f4ne in Valais. Morning trip on the Vi\u00e8ge. Lunchtime BBQ break by the river and afternoon rafting on the Rh\u00f4ne","og_url":"https:\/\/www.swissraft.ch\/en\/product\/rafting-viege-rhone-valais-stalden-viege-souste-sierre\/","og_site_name":"Swissraft","article_modified_time":"2026-04-09T20:46:54+00:00","og_image":[{"width":776,"height":776,"url":"https:\/\/www.swissraft.ch\/wp-content\/uploads\/2023\/02\/1-1-Vispa-776x776-2.jpg","type":"image\/jpeg"}],"twitter_card":"summary_large_image","twitter_misc":{"Est. reading time":"1 minute"},"schema":{"@context":"https:\/\/schema.org","@graph":[{"@type":"WebPage","@id":"https:\/\/www.swissraft.ch\/en\/product\/rafting-viege-rhone-valais-stalden-viege-souste-sierre\/","url":"https:\/\/www.swissraft.ch\/en\/product\/rafting-viege-rhone-valais-stalden-viege-souste-sierre\/","name":"Rafting Vi\u00e8ge + Rh\u00f4ne in Valais. Exceptional courses","isPartOf":{"@id":"https:\/\/www.swissraft.ch\/en\/#website"},"primaryImageOfPage":{"@id":"https:\/\/www.swissraft.ch\/en\/product\/rafting-viege-rhone-valais-stalden-viege-souste-sierre\/#primaryimage"},"image":{"@id":"https:\/\/www.swissraft.ch\/en\/product\/rafting-viege-rhone-valais-stalden-viege-souste-sierre\/#primaryimage"},"thumbnailUrl":"https:\/\/www.swissraft.ch\/wp-content\/uploads\/2023\/02\/1-1-Vispa-776x776-2.jpg","datePublished":"2023-02-18T21:27:56+00:00","dateModified":"2026-04-09T20:46:54+00:00","description":"Rafting Vi\u00e8ge + Rh\u00f4ne in Valais. Morning trip on the Vi\u00e8ge. Lunchtime BBQ break by the river and afternoon rafting on the Rh\u00f4ne","breadcrumb":{"@id":"https:\/\/www.swissraft.ch\/en\/product\/rafting-viege-rhone-valais-stalden-viege-souste-sierre\/#breadcrumb"},"inLanguage":"en-US","potentialAction":[{"@type":"ReadAction","target":["https:\/\/www.swissraft.ch\/en\/product\/rafting-viege-rhone-valais-stalden-viege-souste-sierre\/"]}]},{"@type":"ImageObject","inLanguage":"en-US","@id":"https:\/\/www.swissraft.ch\/en\/product\/rafting-viege-rhone-valais-stalden-viege-souste-sierre\/#primaryimage","url":"https:\/\/www.swissraft.ch\/wp-content\/uploads\/2023\/02\/1-1-Vispa-776x776-2.jpg","contentUrl":"https:\/\/www.swissraft.ch\/wp-content\/uploads\/2023\/02\/1-1-Vispa-776x776-2.jpg","width":776,"height":776,"caption":"Rafting on the Vispa and Rh\u00f4ne rivers"},{"@type":"BreadcrumbList","@id":"https:\/\/www.swissraft.ch\/en\/product\/rafting-viege-rhone-valais-stalden-viege-souste-sierre\/#breadcrumb","itemListElement":[{"@type":"ListItem","position":1,"name":"Accueil","item":"https:\/\/www.swissraft.ch\/en\/"},{"@type":"ListItem","position":2,"name":"Store","item":"https:\/\/www.swissraft.ch\/en\/store\/"},{"@type":"ListItem","position":3,"name":"Rafting or River rafting in Valais &#8211; The Vi\u00e8ge and the Rh\u00f4ne &#8211; Stalden-Vi\u00e8ge &#8211; Susten-Sierre &#8211; From CHF 168.00"}]},{"@type":"WebSite","@id":"https:\/\/www.swissraft.ch\/en\/#website","url":"https:\/\/www.swissraft.ch\/en\/","name":"Swissraft","description":"To enjoy nature as it is","publisher":{"@id":"https:\/\/www.swissraft.ch\/en\/#organization"},"potentialAction":[{"@type":"SearchAction","target":{"@type":"EntryPoint","urlTemplate":"https:\/\/www.swissraft.ch\/en\/?s={search_term_string}"},"query-input":{"@type":"PropertyValueSpecification","valueRequired":true,"valueName":"search_term_string"}}],"inLanguage":"en-US"},{"@type":"Organization","@id":"https:\/\/www.swissraft.ch\/en\/#organization","name":"Swissraft","url":"https:\/\/www.swissraft.ch\/en\/","logo":{"@type":"ImageObject","inLanguage":"en-US","@id":"https:\/\/www.swissraft.ch\/en\/#\/schema\/logo\/image\/","url":"https:\/\/www.swissraft.ch\/wp-content\/uploads\/2025\/09\/Capture.jpg","contentUrl":"https:\/\/www.swissraft.ch\/wp-content\/uploads\/2025\/09\/Capture.jpg","width":293,"height":108,"caption":"Swissraft"},"image":{"@id":"https:\/\/www.swissraft.ch\/en\/#\/schema\/logo\/image\/"}}]}},"_links":{"self":[{"href":"https:\/\/www.swissraft.ch\/en\/wp-json\/wp\/v2\/product\/92806","targetHints":{"allow":["GET"]}}],"collection":[{"href":"https:\/\/www.swissraft.ch\/en\/wp-json\/wp\/v2\/product"}],"about":[{"href":"https:\/\/www.swissraft.ch\/en\/wp-json\/wp\/v2\/types\/product"}],"replies":[{"embeddable":true,"href":"https:\/\/www.swissraft.ch\/en\/wp-json\/wp\/v2\/comments?post=92806"}],"version-history":[{"count":45,"href":"https:\/\/www.swissraft.ch\/en\/wp-json\/wp\/v2\/product\/92806\/revisions"}],"predecessor-version":[{"id":138568,"href":"https:\/\/www.swissraft.ch\/en\/wp-json\/wp\/v2\/product\/92806\/revisions\/138568"}],"wp:featuredmedia":[{"embeddable":true,"href":"https:\/\/www.swissraft.ch\/en\/wp-json\/wp\/v2\/media\/84765"}],"wp:attachment":[{"href":"https:\/\/www.swissraft.ch\/en\/wp-json\/wp\/v2\/media?parent=92806"}],"wp:term":[{"taxonomy":"product_cat","embeddable":true,"href":"https:\/\/www.swissraft.ch\/en\/wp-json\/wp\/v2\/product_cat?post=92806"},{"taxonomy":"product_tag","embeddable":true,"href":"https:\/\/www.swissraft.ch\/en\/wp-json\/wp\/v2\/product_tag?post=92806"}],"curies":[{"name":"wp","href":"https:\/\/api.w.org\/{rel}","templated":true}]}}