{"id":92802,"date":"2023-02-18T22:17:00","date_gmt":"2023-02-18T21:17:00","guid":{"rendered":"https:\/\/swissraft.xyanzkdne.eu\/product\/rafting-in-valais-le-rhone-souste-sierre-from-chf-95-00\/"},"modified":"2026-04-09T22:35:02","modified_gmt":"2026-04-09T20:35:02","slug":"rafting-valais-rhone-souste-sierre","status":"publish","type":"product","link":"https:\/\/www.swissraft.ch\/en\/product\/rafting-valais-rhone-souste-sierre\/","title":{"rendered":"Rafting or River rafting in Valais &#8211; The Rh\u00f4ne &#8211; Souste-Sierre &#8211; From CHF 95.00"},"content":{"rendered":"\t\t<div data-elementor-type=\"wp-post\" data-elementor-id=\"92802\" class=\"elementor elementor-92802 elementor-31022\">\n\t\t\t\t\t\t\t\t\t<section class=\"elementor-section elementor-top-section elementor-element elementor-element-3303a7e3 elementor-section-boxed elementor-section-height-default elementor-section-height-default\" data-id=\"3303a7e3\" data-element_type=\"section\">\n\t\t\t\t\t\t<div class=\"elementor-container elementor-column-gap-default\">\n\t\t\t\t\t<div class=\"elementor-column elementor-col-100 elementor-top-column elementor-element elementor-element-16d72dbf\" data-id=\"16d72dbf\" data-element_type=\"column\">\n\t\t\t<div class=\"elementor-widget-wrap elementor-element-populated\">\n\t\t\t\t\t\t\t\t<div class=\"elementor-element elementor-element-d743c03 elementor-widget elementor-widget-text-editor\" data-id=\"d743c03\" data-element_type=\"widget\" data-widget_type=\"text-editor.default\">\n\t\t\t\t<div class=\"elementor-widget-container\">\n\t\t\t\t\t\t\t<h2>CHOOSE YOUR ACTIVITY BELOW TO OFFER GIFT VOUCHERS \/ TICKETS OR MAKE A RESERVATION<\/h2><table border=\"0\" width=\"580\" cellspacing=\"10\" cellpadding=\"10\"><tbody><tr><td width=\"50%\"><strong>RAFTING &#8211; RIVER RAFTING &#8211; RH\u00d4NE + snack<\/strong><\/td><td><strong>CHF 120.00 per person<span class=\"productPrice\"><br \/><\/span><\/strong><\/td><\/tr><tr><td>Further information<\/td><td>&#8211; <span class=\"plbl\"> Youth price<\/span>: <span class=\"patt\"><strong>CHF 95.00<\/strong> up to 18 years old<\/span><span class=\"patt\"><br \/><\/span><span class=\"plbl\">&#8211; <\/span><span class=\"patt\">From 11 pe<strong>rs. 10% : CHF 108.00<\/strong>\/pers. <br \/>&#8211; From 21 pers. 20% : <strong>CHF 96.00<\/strong>\/pers.<strong><br \/><\/strong>&#8211; Minimum age : 11 years<br \/>&#8211; No additional discount on youth and school rates<br \/><\/span><span class=\"plbl\"><span class=\"patt\">&#8211; School price : <span class=\"patt\" style=\"font-family: inherit; font-size: inherit;\"><a href=\"https:\/\/www.swissraft.ch\/produit\/course-ecole-rafting-rhone-valais-souste-sierre\/\" target=\"_blank\" rel=\"noopener\">Click here<\/a><\/span><\/span><br \/><\/span><\/td><\/tr><tr><td>Course<\/td><td><strong>Susten-Sierre<\/strong><\/td><\/tr><tr><td>Schedules<\/td><td>10.00 am \/ 02.00 pm<\/td><\/tr><tr><td>Rafting<\/td><td>approx. 1.15 hr<\/td><\/tr><tr><td>Total duration<\/td><td>approx. 2,5 hrs<\/td><\/tr><tr><td>Meeting point<\/td><td><a href=\"https:\/\/www.google.com\/maps\/place\/46%C2%B017'36.8%22N+7%C2%B033'29.6%22E\/@46.2936185,7.5540487,780m\/data=!3m1!1e3!4m4!3m3!8m2!3d46.2935556!4d7.5582222?entry=ttu\" target=\"_blank\" rel=\"noopener\">Sierre<\/a><\/td><\/tr><tr><td>Difficulty<\/td><td>Level 3-3+<\/td><\/tr><tr><td><button class=\"elementor-button\" type=\"button\"><a href=\"https:\/\/swissraft.outdoorbooking.ch\/fo\/products\/1244?base_id=82&amp;category_id=1&amp;order_type=gift_voucher&amp;lang=en\" target=\"_blank\" rel=\"noopener\">PURCHASE GIFT VOUCHER \/ TICKET<\/a><\/button><\/td><td style=\"text-align: left;\"><span style=\"color: #ff6600;\"><a href=\"https:\/\/swissraft.outdoorbooking.ch\/fo\/products\/1244?base_id=82&amp;category_id=1&amp;order_type=event&amp;lang=en\" target=\"_blank\" rel=\"noopener\">BOOK A DATE<\/a><\/span><\/td><\/tr><\/tbody><\/table>\t\t\t\t\t\t<\/div>\n\t\t\t\t<\/div>\n\t\t\t\t\t<\/div>\n\t\t<\/div>\n\t\t\t\t\t\t\t<\/div>\n\t\t<\/section>\n\t\t\t\t\t\t\t<\/div>\n\t\t","protected":false},"excerpt":{"rendered":"<div align=\"justify\">\n<h2 align=\"justify\">River rafting on the Rh\u00f4ne in Valais called the Wild Rh\u00f4ne<\/h2>\n<h3>The Rh\u00f4ne between Susten and Sierre will enthral you with the action it offers on the way down.<\/h3>\n<\/div>\n<div align=\"justify\">\n<p>Rafting on the Rh\u00f4ne in Valais. From Susten to Sierre, the Rh\u00f4ne traces its path through the valley. And the rafting course on the Rh\u00f4ne in Valais is perfect for those who love action. The programme includes some very impressive waves.<\/p>\n<h3>In addition to rafting on the Rhone in Valais, known as the Wild Rhone, we also offer other routes.<\/h3>\n<p id=\"textarea\" style=\"display: none;\">Still in Valais, you can go <strong>rafting<\/strong> on the Vi\u00e8ge and Dranse de Bagnes rivers. But also <strong>rafting<\/strong> on the Sarine in the Pays d&#8217;Enhaut in the canton of Vaud. We also offer <strong>riverrafting<\/strong> on the L\u00fctschine in the Bernese Oberland and the Simme in the Simmental. Swissraft also offers <strong>rafting<\/strong> on the Doron de Bozel and on the Is\u00e8re, also in Savoie. Riverrafting on the Dranse river in Haute Savoie at Thonon les Bains near Geneva. The same goes for riverrafting on the Rhine in Graub\u00fcnden, and <strong>rafting<\/strong> on the Inn in the Lower Engadine.<br \/>\nAlternatively, if you prefer a more leisurely descent, choose <strong>easy rafting<\/strong> on the Rh\u00f4ne between Chippis and St. L\u00e9onard.<\/p>\n<p><a id=\"seeMore\"><\/a>Read more<\/p>\n<\/div>\n","protected":false},"featured_media":84687,"comment_status":"open","ping_status":"closed","template":"","meta":{"inline_featured_image":false,"_mi_skip_tracking":false},"product_cat":[253,535],"product_tag":[],"class_list":["post-92802","product","type-product","status-publish","has-post-thumbnail","hentry","product_cat-rafting-in-switzerland","product_cat-rafting-in-valais"],"yoast_head":"<!-- This site is optimized with the Yoast SEO plugin v23.6 - https:\/\/yoast.com\/wordpress\/plugins\/seo\/ -->\n<title>Rafting on the Rh\u00f4ne in Valais. From Souste to Sierre, wild rafting<\/title>\n<meta name=\"description\" content=\"Rafting on the Rh\u00f4ne in Valais. From La Souste to Sierre, the wild Rhone ploughs its way through the valley. This riverrafting course is for everyone.\" \/>\n<meta name=\"robots\" content=\"index, follow, max-snippet:-1, max-image-preview:large, max-video-preview:-1\" \/>\n<link rel=\"canonical\" href=\"https:\/\/www.swissraft.ch\/en\/product\/rafting-valais-rhone-souste-sierre\/\" \/>\n<meta property=\"og:locale\" content=\"en_US\" \/>\n<meta property=\"og:type\" content=\"article\" \/>\n<meta property=\"og:title\" content=\"Rafting on the Rh\u00f4ne in Valais. From Souste to Sierre, wild rafting\" \/>\n<meta property=\"og:description\" content=\"Rafting on the Rh\u00f4ne in Valais. From La Souste to Sierre, the wild Rhone ploughs its way through the valley. This riverrafting course is for everyone.\" \/>\n<meta property=\"og:url\" content=\"https:\/\/www.swissraft.ch\/en\/product\/rafting-valais-rhone-souste-sierre\/\" \/>\n<meta property=\"og:site_name\" content=\"Swissraft\" \/>\n<meta property=\"article:modified_time\" content=\"2026-04-09T20:35:02+00:00\" \/>\n<meta property=\"og:image\" content=\"https:\/\/www.swissraft.ch\/wp-content\/uploads\/2023\/02\/1-Rhone-776x776-1.jpg\" \/>\n\t<meta property=\"og:image:width\" content=\"776\" \/>\n\t<meta property=\"og:image:height\" content=\"776\" \/>\n\t<meta property=\"og:image:type\" content=\"image\/jpeg\" \/>\n<meta name=\"twitter:card\" content=\"summary_large_image\" \/>\n<meta name=\"twitter:label1\" content=\"Est. reading time\" \/>\n\t<meta name=\"twitter:data1\" content=\"1 minute\" \/>\n<script type=\"application\/ld+json\" class=\"yoast-schema-graph\">{\"@context\":\"https:\/\/schema.org\",\"@graph\":[{\"@type\":\"WebPage\",\"@id\":\"https:\/\/www.swissraft.ch\/en\/product\/rafting-valais-rhone-souste-sierre\/\",\"url\":\"https:\/\/www.swissraft.ch\/en\/product\/rafting-valais-rhone-souste-sierre\/\",\"name\":\"Rafting on the Rh\u00f4ne in Valais. From Souste to Sierre, wild rafting\",\"isPartOf\":{\"@id\":\"https:\/\/www.swissraft.ch\/en\/#website\"},\"primaryImageOfPage\":{\"@id\":\"https:\/\/www.swissraft.ch\/en\/product\/rafting-valais-rhone-souste-sierre\/#primaryimage\"},\"image\":{\"@id\":\"https:\/\/www.swissraft.ch\/en\/product\/rafting-valais-rhone-souste-sierre\/#primaryimage\"},\"thumbnailUrl\":\"https:\/\/www.swissraft.ch\/wp-content\/uploads\/2023\/02\/1-Rhone-776x776-1.jpg\",\"datePublished\":\"2023-02-18T21:17:00+00:00\",\"dateModified\":\"2026-04-09T20:35:02+00:00\",\"description\":\"Rafting on the Rh\u00f4ne in Valais. From La Souste to Sierre, the wild Rhone ploughs its way through the valley. This riverrafting course is for everyone.\",\"breadcrumb\":{\"@id\":\"https:\/\/www.swissraft.ch\/en\/product\/rafting-valais-rhone-souste-sierre\/#breadcrumb\"},\"inLanguage\":\"en-US\",\"potentialAction\":[{\"@type\":\"ReadAction\",\"target\":[\"https:\/\/www.swissraft.ch\/en\/product\/rafting-valais-rhone-souste-sierre\/\"]}]},{\"@type\":\"ImageObject\",\"inLanguage\":\"en-US\",\"@id\":\"https:\/\/www.swissraft.ch\/en\/product\/rafting-valais-rhone-souste-sierre\/#primaryimage\",\"url\":\"https:\/\/www.swissraft.ch\/wp-content\/uploads\/2023\/02\/1-Rhone-776x776-1.jpg\",\"contentUrl\":\"https:\/\/www.swissraft.ch\/wp-content\/uploads\/2023\/02\/1-Rhone-776x776-1.jpg\",\"width\":776,\"height\":776,\"caption\":\"Rafting on the Rh\u00f4ne\"},{\"@type\":\"BreadcrumbList\",\"@id\":\"https:\/\/www.swissraft.ch\/en\/product\/rafting-valais-rhone-souste-sierre\/#breadcrumb\",\"itemListElement\":[{\"@type\":\"ListItem\",\"position\":1,\"name\":\"Accueil\",\"item\":\"https:\/\/www.swissraft.ch\/en\/\"},{\"@type\":\"ListItem\",\"position\":2,\"name\":\"Store\",\"item\":\"https:\/\/www.swissraft.ch\/en\/store\/\"},{\"@type\":\"ListItem\",\"position\":3,\"name\":\"Rafting or River rafting in Valais &#8211; The Rh\u00f4ne &#8211; Souste-Sierre &#8211; From CHF 95.00\"}]},{\"@type\":\"WebSite\",\"@id\":\"https:\/\/www.swissraft.ch\/en\/#website\",\"url\":\"https:\/\/www.swissraft.ch\/en\/\",\"name\":\"Swissraft\",\"description\":\"To enjoy nature as it is\",\"publisher\":{\"@id\":\"https:\/\/www.swissraft.ch\/en\/#organization\"},\"potentialAction\":[{\"@type\":\"SearchAction\",\"target\":{\"@type\":\"EntryPoint\",\"urlTemplate\":\"https:\/\/www.swissraft.ch\/en\/?s={search_term_string}\"},\"query-input\":{\"@type\":\"PropertyValueSpecification\",\"valueRequired\":true,\"valueName\":\"search_term_string\"}}],\"inLanguage\":\"en-US\"},{\"@type\":\"Organization\",\"@id\":\"https:\/\/www.swissraft.ch\/en\/#organization\",\"name\":\"Swissraft\",\"url\":\"https:\/\/www.swissraft.ch\/en\/\",\"logo\":{\"@type\":\"ImageObject\",\"inLanguage\":\"en-US\",\"@id\":\"https:\/\/www.swissraft.ch\/en\/#\/schema\/logo\/image\/\",\"url\":\"https:\/\/www.swissraft.ch\/wp-content\/uploads\/2025\/09\/Capture.jpg\",\"contentUrl\":\"https:\/\/www.swissraft.ch\/wp-content\/uploads\/2025\/09\/Capture.jpg\",\"width\":293,\"height\":108,\"caption\":\"Swissraft\"},\"image\":{\"@id\":\"https:\/\/www.swissraft.ch\/en\/#\/schema\/logo\/image\/\"}}]}<\/script>\n<!-- \/ Yoast SEO plugin. -->","yoast_head_json":{"title":"Rafting on the Rh\u00f4ne in Valais. From Souste to Sierre, wild rafting","description":"Rafting on the Rh\u00f4ne in Valais. From La Souste to Sierre, the wild Rhone ploughs its way through the valley. This riverrafting course is for everyone.","robots":{"index":"index","follow":"follow","max-snippet":"max-snippet:-1","max-image-preview":"max-image-preview:large","max-video-preview":"max-video-preview:-1"},"canonical":"https:\/\/www.swissraft.ch\/en\/product\/rafting-valais-rhone-souste-sierre\/","og_locale":"en_US","og_type":"article","og_title":"Rafting on the Rh\u00f4ne in Valais. From Souste to Sierre, wild rafting","og_description":"Rafting on the Rh\u00f4ne in Valais. From La Souste to Sierre, the wild Rhone ploughs its way through the valley. This riverrafting course is for everyone.","og_url":"https:\/\/www.swissraft.ch\/en\/product\/rafting-valais-rhone-souste-sierre\/","og_site_name":"Swissraft","article_modified_time":"2026-04-09T20:35:02+00:00","og_image":[{"width":776,"height":776,"url":"https:\/\/www.swissraft.ch\/wp-content\/uploads\/2023\/02\/1-Rhone-776x776-1.jpg","type":"image\/jpeg"}],"twitter_card":"summary_large_image","twitter_misc":{"Est. reading time":"1 minute"},"schema":{"@context":"https:\/\/schema.org","@graph":[{"@type":"WebPage","@id":"https:\/\/www.swissraft.ch\/en\/product\/rafting-valais-rhone-souste-sierre\/","url":"https:\/\/www.swissraft.ch\/en\/product\/rafting-valais-rhone-souste-sierre\/","name":"Rafting on the Rh\u00f4ne in Valais. From Souste to Sierre, wild rafting","isPartOf":{"@id":"https:\/\/www.swissraft.ch\/en\/#website"},"primaryImageOfPage":{"@id":"https:\/\/www.swissraft.ch\/en\/product\/rafting-valais-rhone-souste-sierre\/#primaryimage"},"image":{"@id":"https:\/\/www.swissraft.ch\/en\/product\/rafting-valais-rhone-souste-sierre\/#primaryimage"},"thumbnailUrl":"https:\/\/www.swissraft.ch\/wp-content\/uploads\/2023\/02\/1-Rhone-776x776-1.jpg","datePublished":"2023-02-18T21:17:00+00:00","dateModified":"2026-04-09T20:35:02+00:00","description":"Rafting on the Rh\u00f4ne in Valais. From La Souste to Sierre, the wild Rhone ploughs its way through the valley. This riverrafting course is for everyone.","breadcrumb":{"@id":"https:\/\/www.swissraft.ch\/en\/product\/rafting-valais-rhone-souste-sierre\/#breadcrumb"},"inLanguage":"en-US","potentialAction":[{"@type":"ReadAction","target":["https:\/\/www.swissraft.ch\/en\/product\/rafting-valais-rhone-souste-sierre\/"]}]},{"@type":"ImageObject","inLanguage":"en-US","@id":"https:\/\/www.swissraft.ch\/en\/product\/rafting-valais-rhone-souste-sierre\/#primaryimage","url":"https:\/\/www.swissraft.ch\/wp-content\/uploads\/2023\/02\/1-Rhone-776x776-1.jpg","contentUrl":"https:\/\/www.swissraft.ch\/wp-content\/uploads\/2023\/02\/1-Rhone-776x776-1.jpg","width":776,"height":776,"caption":"Rafting on the Rh\u00f4ne"},{"@type":"BreadcrumbList","@id":"https:\/\/www.swissraft.ch\/en\/product\/rafting-valais-rhone-souste-sierre\/#breadcrumb","itemListElement":[{"@type":"ListItem","position":1,"name":"Accueil","item":"https:\/\/www.swissraft.ch\/en\/"},{"@type":"ListItem","position":2,"name":"Store","item":"https:\/\/www.swissraft.ch\/en\/store\/"},{"@type":"ListItem","position":3,"name":"Rafting or River rafting in Valais &#8211; The Rh\u00f4ne &#8211; Souste-Sierre &#8211; From CHF 95.00"}]},{"@type":"WebSite","@id":"https:\/\/www.swissraft.ch\/en\/#website","url":"https:\/\/www.swissraft.ch\/en\/","name":"Swissraft","description":"To enjoy nature as it is","publisher":{"@id":"https:\/\/www.swissraft.ch\/en\/#organization"},"potentialAction":[{"@type":"SearchAction","target":{"@type":"EntryPoint","urlTemplate":"https:\/\/www.swissraft.ch\/en\/?s={search_term_string}"},"query-input":{"@type":"PropertyValueSpecification","valueRequired":true,"valueName":"search_term_string"}}],"inLanguage":"en-US"},{"@type":"Organization","@id":"https:\/\/www.swissraft.ch\/en\/#organization","name":"Swissraft","url":"https:\/\/www.swissraft.ch\/en\/","logo":{"@type":"ImageObject","inLanguage":"en-US","@id":"https:\/\/www.swissraft.ch\/en\/#\/schema\/logo\/image\/","url":"https:\/\/www.swissraft.ch\/wp-content\/uploads\/2025\/09\/Capture.jpg","contentUrl":"https:\/\/www.swissraft.ch\/wp-content\/uploads\/2025\/09\/Capture.jpg","width":293,"height":108,"caption":"Swissraft"},"image":{"@id":"https:\/\/www.swissraft.ch\/en\/#\/schema\/logo\/image\/"}}]}},"_links":{"self":[{"href":"https:\/\/www.swissraft.ch\/en\/wp-json\/wp\/v2\/product\/92802","targetHints":{"allow":["GET"]}}],"collection":[{"href":"https:\/\/www.swissraft.ch\/en\/wp-json\/wp\/v2\/product"}],"about":[{"href":"https:\/\/www.swissraft.ch\/en\/wp-json\/wp\/v2\/types\/product"}],"replies":[{"embeddable":true,"href":"https:\/\/www.swissraft.ch\/en\/wp-json\/wp\/v2\/comments?post=92802"}],"version-history":[{"count":48,"href":"https:\/\/www.swissraft.ch\/en\/wp-json\/wp\/v2\/product\/92802\/revisions"}],"predecessor-version":[{"id":138535,"href":"https:\/\/www.swissraft.ch\/en\/wp-json\/wp\/v2\/product\/92802\/revisions\/138535"}],"wp:featuredmedia":[{"embeddable":true,"href":"https:\/\/www.swissraft.ch\/en\/wp-json\/wp\/v2\/media\/84687"}],"wp:attachment":[{"href":"https:\/\/www.swissraft.ch\/en\/wp-json\/wp\/v2\/media?parent=92802"}],"wp:term":[{"taxonomy":"product_cat","embeddable":true,"href":"https:\/\/www.swissraft.ch\/en\/wp-json\/wp\/v2\/product_cat?post=92802"},{"taxonomy":"product_tag","embeddable":true,"href":"https:\/\/www.swissraft.ch\/en\/wp-json\/wp\/v2\/product_tag?post=92802"}],"curies":[{"name":"wp","href":"https:\/\/api.w.org\/{rel}","templated":true}]}}