{"id":92788,"date":"2023-02-18T17:49:11","date_gmt":"2023-02-18T16:49:11","guid":{"rendered":"https:\/\/swissraft.xyanzkdne.eu\/product\/rafting-in-the-grisons-the-rhine-ilanz-reichenau-from-chf-55-00\/"},"modified":"2026-04-09T22:11:22","modified_gmt":"2026-04-09T20:11:22","slug":"rafting-graubunden-rhine-ilanz-reichenau","status":"publish","type":"product","link":"https:\/\/www.swissraft.ch\/en\/product\/rafting-graubunden-rhine-ilanz-reichenau\/","title":{"rendered":"Rafting oder River Rafting in Graub\u00fcnden &#8211; The Rhine &#8211; Surselva &#8211; Ilanz-Reichenau &#8211; From CHF 80.00"},"content":{"rendered":"\t\t<div data-elementor-type=\"wp-post\" data-elementor-id=\"92788\" class=\"elementor elementor-92788 elementor-30995\">\n\t\t\t\t\t\t\t\t\t<section class=\"elementor-section elementor-top-section elementor-element elementor-element-3303a7e3 elementor-section-boxed elementor-section-height-default elementor-section-height-default\" data-id=\"3303a7e3\" data-element_type=\"section\">\n\t\t\t\t\t\t<div class=\"elementor-container elementor-column-gap-default\">\n\t\t\t\t\t<div class=\"elementor-column elementor-col-100 elementor-top-column elementor-element elementor-element-16d72dbf\" data-id=\"16d72dbf\" data-element_type=\"column\">\n\t\t\t<div class=\"elementor-widget-wrap elementor-element-populated\">\n\t\t\t\t\t\t\t\t<div class=\"elementor-element elementor-element-d743c03 elementor-widget elementor-widget-text-editor\" data-id=\"d743c03\" data-element_type=\"widget\" data-widget_type=\"text-editor.default\">\n\t\t\t\t<div class=\"elementor-widget-container\">\n\t\t\t\t\t\t\t<h2>CHOOSE YOUR ACTIVITY BELOW TO OFFER GIFT VOUCHERS \/ TICKETS OR MAKE A RESERVATION<\/h2><table border=\"0\" width=\"580\" cellspacing=\"10\" cellpadding=\"10\"><tbody><tr><td width=\"50%\"><strong>1) RAFTING &#8211; RIVER RAFTING &#8211; RHINE + drink<\/strong><\/td><td><strong>CHF 125.00 per person<span class=\"productPrice\"><br \/><\/span><\/strong><\/td><\/tr><tr><td>Further information<\/td><td>&#8211; <span class=\"plbl\"> Youth price <\/span>: <strong>CHF <\/strong><span class=\"patt\"><strong>80.00<\/strong> up to 17 years old<br \/><\/span> &#8211; <span class=\"patt\">From 11 pers. 10% : <strong>CHF 112.50<\/strong>\/pers.<br \/><\/span><span class=\"patt\">&#8211; From 21 pers. 15% : <strong>CHF 106.25<\/strong>\/pers.<strong><br \/><\/strong>&#8211; Minimum age : 10 years<br \/>&#8211; No additional discount on youth and school rates<br \/><\/span><span class=\"patt\">&#8211; Several &#8220;After rafting&#8221; menu options on request<br \/><span class=\"plbl\">&#8211; School price : <span class=\"patt\" style=\"font-family: inherit; font-size: inherit;\"><a href=\"\/en\/product\/school-trip-graubunden-rafting-rhine-ilanz-reichenau\/\" target=\"_blank\" rel=\"noopener\">Click here<\/a><\/span><\/span><\/span><\/td><\/tr><tr><td>Course<\/td><td><strong>Ilanz-Reichenau<\/strong><\/td><\/tr><tr><td>Schedules<\/td><td>09.35 am \/ 13.35 pm<\/td><\/tr><tr><td>Rafting<\/td><td>approx. 2 hrs<\/td><\/tr><tr><td>Total duration<\/td><td>approx. 3,5 hrs<\/td><\/tr><tr><td>Meeting point<\/td><td><span style=\"color: #ff6600;\"><a href=\"https:\/\/www.google.com\/maps\/place\/46%C2%B046'31.1%22N+9%C2%B012'26.6%22E\/@46.7754475,9.205092,386m\/data=!3m1!1e3!4m10!1m5!3m4!2zNDbCsDQ2JzMwLjkiTiA5wrAxMicyNi42IkU!8m2!3d46.77525!4d9.2073889!3m3!8m2!3d46.7753056!4d9.2073889?entry=ttu\" target=\"_blank\" rel=\"noopener\">Ilanz train station<\/a><\/span><\/td><\/tr><tr><td>Difficulty<\/td><td>2-3+<\/td><\/tr><tr><td><button class=\"elementor-button\" type=\"button\"><a href=\"https:\/\/swissraft.outdoorbooking.ch\/fo\/products\/223?base_id=2&amp;category_id=1&amp;order_type=gift_voucher&amp;lang=en\" target=\"_blank\" rel=\"noopener\">PURCHASE GIFT VOUCHER \/ TICKET<\/a><\/button><\/td><td style=\"text-align: left;\"><a href=\"https:\/\/swissraft.outdoorbooking.ch\/fo\/products\/223?base_id=2&amp;category_id=1&amp;order_type=event&amp;lang=en\" target=\"_blank\" rel=\"noopener\">BOOK A DATE<\/a>\u00a0 <strong>CHF 125.00<\/strong>\/pers. <strong>CHF 80.00<\/strong>\/child<\/td><\/tr><tr><td><button class=\"elementor-button\" type=\"button\"><a href=\"https:\/\/swissraft.outdoorbooking.ch\/fo\/products\/1427?base_id=2&amp;category_id=1&amp;order_type=gift_voucher&amp;lang=en\" target=\"_blank\" rel=\"noopener\">PURCHASE GIFT VOUCHER \/ TICKET<\/a><\/button><\/td><td style=\"text-align: left;\"><a href=\"https:\/\/swissraft.outdoorbooking.ch\/fo\/products\/1427?base_id=2&amp;category_id=1&amp;order_type=event&amp;lang=en\" target=\"_blank\" rel=\"noopener\">BOOK A DATE<\/a>\u00a0 <strong>CHF 895.00 <\/strong>&#8211; PRIVATE RAFT (4-6 pers.)<\/td><\/tr><tr><td>\u00a0<\/td><td style=\"text-align: left;\">&#8211; PRIVATE RAFT (7-9 pers.)<strong> CHF 125.00<\/strong>\/adult and<strong> CHF 80.00<\/strong>\/child +<strong> CHF 100.00<\/strong> package<strong><br \/>&#8211; To reserve : <\/strong><span class=\"patt\" style=\"font-family: inherit; font-size: inherit;\"><span class=\"plbl\"><span class=\"patt\"><a href=\"https:\/\/www.swissraft.ch\/en\/contact\/\">Contact us<\/a><\/span><\/span><\/span><\/td><\/tr><\/tbody><\/table><table border=\"0\" width=\"580\" cellspacing=\"10\" cellpadding=\"10\"><tbody><tr><td width=\"50%\"><strong>2) RAFTING &#8211; RHINE &#8211; Day trip + BBQ<\/strong><\/td><td><strong>CHF 175.00 per person<span class=\"productPrice\"><br \/><\/span><\/strong><\/td><\/tr><tr><td>Further information<\/td><td><span class=\"patt\">&#8211; <span class=\"plbl\"> Youth price <\/span>: <strong>CHF <\/strong><strong>130.00 <\/strong>up to 17 years old<br \/>&#8211; <span class=\"plbl\"> From<\/span> 11 pers. 10% : <strong>CHF 157.50<\/strong>\/pers.<br \/>&#8211; From 21 pers. 15% : <strong>CHF 148.75<\/strong>\/pers.<strong><br \/><\/strong>&#8211; Minimum age : 10 years<br \/><span class=\"plbl\">&#8211; School price :<\/span><span class=\"plbl\"> <span class=\"patt\" style=\"font-family: inherit; font-size: inherit;\"><a href=\"https:\/\/www.swissraft.ch\/en\/contact\/\">Contact us<\/a><\/span><\/span><\/span><\/td><\/tr><tr><td>Course<\/td><td><strong>Ilanz-Reichenau<\/strong><\/td><\/tr><tr><td>Schedule<\/td><td>10h35<\/td><\/tr><tr><td>Rafting<\/td><td>approx. 2 hrs<\/td><\/tr><tr><td>Total duration<\/td><td>approx. 5 hrs<\/td><\/tr><tr><td>Meeting point<\/td><td><span style=\"color: #ff6600;\"><a href=\"https:\/\/www.google.com\/maps\/place\/46%C2%B046'31.1%22N+9%C2%B012'26.6%22E\/@46.7754475,9.205092,386m\/data=!3m1!1e3!4m10!1m5!3m4!2zNDbCsDQ2JzMwLjkiTiA5wrAxMicyNi42IkU!8m2!3d46.77525!4d9.2073889!3m3!8m2!3d46.7753056!4d9.2073889?entry=ttu\" target=\"_blank\" rel=\"noopener\">Ilanz train station<\/a><\/span><\/td><\/tr><tr><td>Difficulty<\/td><td>2-3+<\/td><\/tr><tr><td><button class=\"elementor-button\" type=\"button\"><a href=\"https:\/\/swissraft.outdoorbooking.ch\/fo\/products\/303?base_id=2&amp;category_id=1&amp;order_type=gift_voucher&amp;lang=en\" target=\"_blank\" rel=\"noopener\">PURCHASE GIFT VOUCHER \/ TICKET<\/a><\/button><\/td><td><a href=\"https:\/\/swissraft.outdoorbooking.ch\/fo\/products\/303?base_id=2&amp;category_id=1&amp;order_type=event&amp;lang=en\" target=\"_blank\" rel=\"noopener\">BOOK A DATE<\/a>\u00a0 <strong>CHF 175.00<\/strong>\/adult <strong>CHF 130.00<\/strong>\/child<\/td><\/tr><tr><td>\u00a0<\/td><td><span class=\"patt\">&#8211; PRIVATE RAFT (4-6 pers.) package from<strong> CHF 995.00 + CHF 35.00<\/strong>\/BBQ<strong><br \/><\/strong>&#8211; PRIVATE RAFT (7-9 pers.) <strong>CHF 175.00<\/strong>\/adult and <strong>CHF 130.00<\/strong>\/child + fixed fee of <strong>CHF 150.00<br \/><\/strong>&#8211; To reserve : <span class=\"patt\" style=\"font-family: inherit; font-size: inherit;\"><span class=\"plbl\"><a href=\"https:\/\/www.swissraft.ch\/en\/contact\/\">Contact us<\/a><\/span><\/span><strong><br \/><\/strong><\/span><\/td><\/tr><\/tbody><\/table><table border=\"0\" width=\"580\" cellspacing=\"10\" cellpadding=\"10\"><tbody><tr><td width=\"50%\"><strong>3) RAFTING &#8211; RHINE &#8211; Day trip with own meal<\/strong><\/td><td><strong>CHF 150.00 per person<span class=\"productPrice\"><br \/><\/span><\/strong><\/td><\/tr><tr><td>Further information<\/td><td><span class=\"patt\">&#8211; <span class=\"plbl\"> Youth price <\/span>: <strong>CHF <\/strong><strong>100.00<\/strong> up to 17 years old<br \/>&#8211; <span class=\"plbl\"> From<\/span> 11 pers. 10% : <strong>CHF 135.00<\/strong>\/pers.<br \/>&#8211; From 21 pers. 15% : <strong>CHF 127.50<\/strong>\/pers.<strong><br \/><\/strong>&#8211; Minimum age : 10 years<br \/><span class=\"plbl\">&#8211; School price : <span class=\"patt\" style=\"font-family: inherit; font-size: inherit;\"><a href=\"https:\/\/www.swissraft.ch\/en\/contact\/\">Contact us<\/a><\/span><\/span><\/span><\/td><\/tr><tr><td>Course<\/td><td><strong>Ilanz-Reichenau<\/strong><\/td><\/tr><tr><td>Schedule<\/td><td>10h35<\/td><\/tr><tr><td>Rafting<\/td><td>approx. 2 hrs<\/td><\/tr><tr><td>Total duration<\/td><td>approx. 5 hrs<\/td><\/tr><tr><td>Meeting point<\/td><td><span style=\"color: #ff6600;\"><a href=\"https:\/\/www.google.com\/maps\/place\/46%C2%B046'31.1%22N+9%C2%B012'26.6%22E\/@46.7754475,9.205092,386m\/data=!3m1!1e3!4m10!1m5!3m4!2zNDbCsDQ2JzMwLjkiTiA5wrAxMicyNi42IkU!8m2!3d46.77525!4d9.2073889!3m3!8m2!3d46.7753056!4d9.2073889?entry=ttu\" target=\"_blank\" rel=\"noopener\">Ilanz train station<\/a><\/span><\/td><\/tr><tr><td>Difficulty<\/td><td>2-3+<\/td><\/tr><tr><td><button class=\"elementor-button\" type=\"button\"><a href=\"https:\/\/swissraft.outdoorbooking.ch\/fo\/products\/725?base_id=2&amp;category_id=1&amp;order_type=gift_voucher&amp;lang=en\" target=\"_blank\" rel=\"noopener\">PURCHASE GIFT VOUCHER \/ TICKET<\/a><\/button><\/td><td><a href=\"https:\/\/swissraft.outdoorbooking.ch\/fo\/products\/725?base_id=2&amp;category_id=1&amp;order_type=event&amp;lang=en\" target=\"_blank\" rel=\"noopener\">BOOK A DATE<\/a>\u00a0 <strong>CHF 150.00<\/strong><span class=\"patt\">\/adult <strong>CHF 100.00<\/strong>\/child<\/span><\/td><\/tr><tr><td><button class=\"elementor-button\" type=\"button\"><a href=\"https:\/\/swissraft.outdoorbooking.ch\/fo\/products\/1428?base_id=2&amp;category_id=1&amp;order_type=gift_voucher&amp;lang=en\" target=\"_blank\" rel=\"noopener\">PURCHASE GIFT VOUCHER \/ TICKET<\/a><\/button><\/td><td><span class=\"patt\"><a href=\"https:\/\/swissraft.outdoorbooking.ch\/fo\/products\/1428?base_id=2&amp;category_id=1&amp;order_type=event&amp;lang=en\" target=\"_blank\" rel=\"noopener\">BOOK A DATE<\/a>\u00a0 <strong>CHF 995.00 <\/strong>&#8211; PRIVATE RAFT (4-6 pers.)<\/span><\/td><\/tr><tr><td>\u00a0<\/td><td><span class=\"patt\">&#8211; PRIVATE RAFT (7-9 pers.) <strong>CHF 150.00<\/strong>\/adult and <strong>CHF 100.00<\/strong>\/child + fixed fee of<strong> CHF 150.00<br \/><\/strong>&#8211; To reserve : <span class=\"patt\" style=\"font-family: inherit; font-size: inherit;\"><span class=\"plbl\"><a href=\"https:\/\/www.swissraft.ch\/en\/contact\/\">Contact us<\/a><\/span><\/span><strong><br \/><\/strong><\/span><\/td><\/tr><\/tbody><\/table>\t\t\t\t\t\t<\/div>\n\t\t\t\t<\/div>\n\t\t\t\t\t<\/div>\n\t\t<\/div>\n\t\t\t\t\t\t\t<\/div>\n\t\t<\/section>\n\t\t\t\t\t\t\t<\/div>\n\t\t","protected":false},"excerpt":{"rendered":"<div align=\"justify\">\n<h2 align=\"justify\">River Rafting on the Rhine, Graub\u00fcnden&#8217;s rafting Mecca<\/h2>\n<h3>Rafting and adventure on the Anterior Rhine, a rafting course and a breathtaking site, discovered and promoted by Daniel Ch\u00e9zi\u00e8re with a first commercial descent in the summer of 1982.<\/h3>\n<\/div>\n<div align=\"justify\">\n<p><strong>Rafting<\/strong> on the Upper Rhine in Graub\u00fcnden! Rafting between Ilanz and Reichenau. First of all, this <strong>rafting<\/strong> trip in a magnificent setting will leave you with indelible memories. You&#8217;re also in the SWISS GRAND CANYON, the mecca of <strong>rafting<\/strong>. And if you like, you can enjoy a BBQ by the river at the halfway point.<\/p>\n<h3>There are many alternatives to rafting on the Rhine in Switzerland. Take the time to browse our site. <\/h3>\n<p id=\"textarea\" style=\"display: none;\">Also in Graub\u00fcnden, we offer rafting from Scuol on the &#8220;queen of rivers&#8221;, the Inn, from Susch to Pradella. Swissraft also offers <strong>riverrafting<\/strong> on the wild Rh\u00f4ne between Souste and Sierre. Rafting on the Dranse de Bagnes between Voll\u00e8ges and Sembrancher. But also rafting on the Visp, a river in the Upper Valais between Stalden and Visp. We also go <strong>rafting<\/strong> on the Sarine from Saanen to Ch\u00e2teau d&#8217;Oex in the canton of Vaud. Also in the Bernese Oberland, we navigate the L\u00fctschine and Simme rivers between Boltigen and D\u00e4rstetten. We also offer riverrafting around Geneva on the Dranse in Haute Savoie at Thonon-les-Bains. <strong>Riverrafting<\/strong> is also available in the French Alps on the Is\u00e8re and Doron de Bozel rivers.\n<\/p>\n<p><a id=\"seeMore\" onclick=\"toggleSeeMore()\" href=\"javascript:void(0);\">Read more<\/a><\/p>\n","protected":false},"featured_media":84597,"comment_status":"open","ping_status":"closed","template":"","meta":{"inline_featured_image":false,"_mi_skip_tracking":false},"product_cat":[253,533],"product_tag":[],"class_list":["post-92788","product","type-product","status-publish","has-post-thumbnail","hentry","product_cat-rafting-in-switzerland","product_cat-rafting-in-graubunden"],"yoast_head":"<!-- This site is optimized with the Yoast SEO plugin v23.6 - https:\/\/yoast.com\/wordpress\/plugins\/seo\/ -->\n<title>Rafting on the Rhine in Graub\u00fcnden between Ilanz and Reichenau 20km<\/title>\n<meta name=\"description\" content=\"Rafting on the Rhine in Graub\u00fcnden between Ilanz and Reichenau is another splendid way to discover an adventure on the Rhine.\" \/>\n<meta name=\"robots\" content=\"index, follow, max-snippet:-1, max-image-preview:large, max-video-preview:-1\" \/>\n<link rel=\"canonical\" href=\"https:\/\/www.swissraft.ch\/en\/product\/rafting-graubunden-rhine-ilanz-reichenau\/\" \/>\n<meta property=\"og:locale\" content=\"en_US\" \/>\n<meta property=\"og:type\" content=\"article\" \/>\n<meta property=\"og:title\" content=\"Rafting on the Rhine in Graub\u00fcnden between Ilanz and Reichenau 20km\" \/>\n<meta property=\"og:description\" content=\"Rafting on the Rhine in Graub\u00fcnden between Ilanz and Reichenau is another splendid way to discover an adventure on the Rhine.\" \/>\n<meta property=\"og:url\" content=\"https:\/\/www.swissraft.ch\/en\/product\/rafting-graubunden-rhine-ilanz-reichenau\/\" \/>\n<meta property=\"og:site_name\" content=\"Swissraft\" \/>\n<meta property=\"article:modified_time\" content=\"2026-04-09T20:11:22+00:00\" \/>\n<meta property=\"og:image\" content=\"https:\/\/www.swissraft.ch\/wp-content\/uploads\/2023\/02\/1-1-Rhein-776x776-1.jpg\" \/>\n\t<meta property=\"og:image:width\" content=\"776\" \/>\n\t<meta property=\"og:image:height\" content=\"776\" \/>\n\t<meta property=\"og:image:type\" content=\"image\/jpeg\" \/>\n<meta name=\"twitter:card\" content=\"summary_large_image\" \/>\n<meta name=\"twitter:label1\" content=\"Est. reading time\" \/>\n\t<meta name=\"twitter:data1\" content=\"2 minutes\" \/>\n<script type=\"application\/ld+json\" class=\"yoast-schema-graph\">{\"@context\":\"https:\/\/schema.org\",\"@graph\":[{\"@type\":\"WebPage\",\"@id\":\"https:\/\/www.swissraft.ch\/en\/product\/rafting-graubunden-rhine-ilanz-reichenau\/\",\"url\":\"https:\/\/www.swissraft.ch\/en\/product\/rafting-graubunden-rhine-ilanz-reichenau\/\",\"name\":\"Rafting on the Rhine in Graub\u00fcnden between Ilanz and Reichenau 20km\",\"isPartOf\":{\"@id\":\"https:\/\/www.swissraft.ch\/en\/#website\"},\"primaryImageOfPage\":{\"@id\":\"https:\/\/www.swissraft.ch\/en\/product\/rafting-graubunden-rhine-ilanz-reichenau\/#primaryimage\"},\"image\":{\"@id\":\"https:\/\/www.swissraft.ch\/en\/product\/rafting-graubunden-rhine-ilanz-reichenau\/#primaryimage\"},\"thumbnailUrl\":\"https:\/\/www.swissraft.ch\/wp-content\/uploads\/2023\/02\/1-1-Rhein-776x776-1.jpg\",\"datePublished\":\"2023-02-18T16:49:11+00:00\",\"dateModified\":\"2026-04-09T20:11:22+00:00\",\"description\":\"Rafting on the Rhine in Graub\u00fcnden between Ilanz and Reichenau is another splendid way to discover an adventure on the Rhine.\",\"breadcrumb\":{\"@id\":\"https:\/\/www.swissraft.ch\/en\/product\/rafting-graubunden-rhine-ilanz-reichenau\/#breadcrumb\"},\"inLanguage\":\"en-US\",\"potentialAction\":[{\"@type\":\"ReadAction\",\"target\":[\"https:\/\/www.swissraft.ch\/en\/product\/rafting-graubunden-rhine-ilanz-reichenau\/\"]}]},{\"@type\":\"ImageObject\",\"inLanguage\":\"en-US\",\"@id\":\"https:\/\/www.swissraft.ch\/en\/product\/rafting-graubunden-rhine-ilanz-reichenau\/#primaryimage\",\"url\":\"https:\/\/www.swissraft.ch\/wp-content\/uploads\/2023\/02\/1-1-Rhein-776x776-1.jpg\",\"contentUrl\":\"https:\/\/www.swissraft.ch\/wp-content\/uploads\/2023\/02\/1-1-Rhein-776x776-1.jpg\",\"width\":776,\"height\":776,\"caption\":\"Rafting on the Rhine in the Swiss Grand Canyon\"},{\"@type\":\"BreadcrumbList\",\"@id\":\"https:\/\/www.swissraft.ch\/en\/product\/rafting-graubunden-rhine-ilanz-reichenau\/#breadcrumb\",\"itemListElement\":[{\"@type\":\"ListItem\",\"position\":1,\"name\":\"Accueil\",\"item\":\"https:\/\/www.swissraft.ch\/en\/\"},{\"@type\":\"ListItem\",\"position\":2,\"name\":\"Store\",\"item\":\"https:\/\/www.swissraft.ch\/en\/store\/\"},{\"@type\":\"ListItem\",\"position\":3,\"name\":\"Rafting oder River Rafting in Graub\u00fcnden &#8211; The Rhine &#8211; Surselva &#8211; Ilanz-Reichenau &#8211; From CHF 80.00\"}]},{\"@type\":\"WebSite\",\"@id\":\"https:\/\/www.swissraft.ch\/en\/#website\",\"url\":\"https:\/\/www.swissraft.ch\/en\/\",\"name\":\"Swissraft\",\"description\":\"To enjoy nature as it is\",\"publisher\":{\"@id\":\"https:\/\/www.swissraft.ch\/en\/#organization\"},\"potentialAction\":[{\"@type\":\"SearchAction\",\"target\":{\"@type\":\"EntryPoint\",\"urlTemplate\":\"https:\/\/www.swissraft.ch\/en\/?s={search_term_string}\"},\"query-input\":{\"@type\":\"PropertyValueSpecification\",\"valueRequired\":true,\"valueName\":\"search_term_string\"}}],\"inLanguage\":\"en-US\"},{\"@type\":\"Organization\",\"@id\":\"https:\/\/www.swissraft.ch\/en\/#organization\",\"name\":\"Swissraft\",\"url\":\"https:\/\/www.swissraft.ch\/en\/\",\"logo\":{\"@type\":\"ImageObject\",\"inLanguage\":\"en-US\",\"@id\":\"https:\/\/www.swissraft.ch\/en\/#\/schema\/logo\/image\/\",\"url\":\"https:\/\/www.swissraft.ch\/wp-content\/uploads\/2025\/09\/Capture.jpg\",\"contentUrl\":\"https:\/\/www.swissraft.ch\/wp-content\/uploads\/2025\/09\/Capture.jpg\",\"width\":293,\"height\":108,\"caption\":\"Swissraft\"},\"image\":{\"@id\":\"https:\/\/www.swissraft.ch\/en\/#\/schema\/logo\/image\/\"}}]}<\/script>\n<!-- \/ Yoast SEO plugin. -->","yoast_head_json":{"title":"Rafting on the Rhine in Graub\u00fcnden between Ilanz and Reichenau 20km","description":"Rafting on the Rhine in Graub\u00fcnden between Ilanz and Reichenau is another splendid way to discover an adventure on the Rhine.","robots":{"index":"index","follow":"follow","max-snippet":"max-snippet:-1","max-image-preview":"max-image-preview:large","max-video-preview":"max-video-preview:-1"},"canonical":"https:\/\/www.swissraft.ch\/en\/product\/rafting-graubunden-rhine-ilanz-reichenau\/","og_locale":"en_US","og_type":"article","og_title":"Rafting on the Rhine in Graub\u00fcnden between Ilanz and Reichenau 20km","og_description":"Rafting on the Rhine in Graub\u00fcnden between Ilanz and Reichenau is another splendid way to discover an adventure on the Rhine.","og_url":"https:\/\/www.swissraft.ch\/en\/product\/rafting-graubunden-rhine-ilanz-reichenau\/","og_site_name":"Swissraft","article_modified_time":"2026-04-09T20:11:22+00:00","og_image":[{"width":776,"height":776,"url":"https:\/\/www.swissraft.ch\/wp-content\/uploads\/2023\/02\/1-1-Rhein-776x776-1.jpg","type":"image\/jpeg"}],"twitter_card":"summary_large_image","twitter_misc":{"Est. reading time":"2 minutes"},"schema":{"@context":"https:\/\/schema.org","@graph":[{"@type":"WebPage","@id":"https:\/\/www.swissraft.ch\/en\/product\/rafting-graubunden-rhine-ilanz-reichenau\/","url":"https:\/\/www.swissraft.ch\/en\/product\/rafting-graubunden-rhine-ilanz-reichenau\/","name":"Rafting on the Rhine in Graub\u00fcnden between Ilanz and Reichenau 20km","isPartOf":{"@id":"https:\/\/www.swissraft.ch\/en\/#website"},"primaryImageOfPage":{"@id":"https:\/\/www.swissraft.ch\/en\/product\/rafting-graubunden-rhine-ilanz-reichenau\/#primaryimage"},"image":{"@id":"https:\/\/www.swissraft.ch\/en\/product\/rafting-graubunden-rhine-ilanz-reichenau\/#primaryimage"},"thumbnailUrl":"https:\/\/www.swissraft.ch\/wp-content\/uploads\/2023\/02\/1-1-Rhein-776x776-1.jpg","datePublished":"2023-02-18T16:49:11+00:00","dateModified":"2026-04-09T20:11:22+00:00","description":"Rafting on the Rhine in Graub\u00fcnden between Ilanz and Reichenau is another splendid way to discover an adventure on the Rhine.","breadcrumb":{"@id":"https:\/\/www.swissraft.ch\/en\/product\/rafting-graubunden-rhine-ilanz-reichenau\/#breadcrumb"},"inLanguage":"en-US","potentialAction":[{"@type":"ReadAction","target":["https:\/\/www.swissraft.ch\/en\/product\/rafting-graubunden-rhine-ilanz-reichenau\/"]}]},{"@type":"ImageObject","inLanguage":"en-US","@id":"https:\/\/www.swissraft.ch\/en\/product\/rafting-graubunden-rhine-ilanz-reichenau\/#primaryimage","url":"https:\/\/www.swissraft.ch\/wp-content\/uploads\/2023\/02\/1-1-Rhein-776x776-1.jpg","contentUrl":"https:\/\/www.swissraft.ch\/wp-content\/uploads\/2023\/02\/1-1-Rhein-776x776-1.jpg","width":776,"height":776,"caption":"Rafting on the Rhine in the Swiss Grand Canyon"},{"@type":"BreadcrumbList","@id":"https:\/\/www.swissraft.ch\/en\/product\/rafting-graubunden-rhine-ilanz-reichenau\/#breadcrumb","itemListElement":[{"@type":"ListItem","position":1,"name":"Accueil","item":"https:\/\/www.swissraft.ch\/en\/"},{"@type":"ListItem","position":2,"name":"Store","item":"https:\/\/www.swissraft.ch\/en\/store\/"},{"@type":"ListItem","position":3,"name":"Rafting oder River Rafting in Graub\u00fcnden &#8211; The Rhine &#8211; Surselva &#8211; Ilanz-Reichenau &#8211; From CHF 80.00"}]},{"@type":"WebSite","@id":"https:\/\/www.swissraft.ch\/en\/#website","url":"https:\/\/www.swissraft.ch\/en\/","name":"Swissraft","description":"To enjoy nature as it is","publisher":{"@id":"https:\/\/www.swissraft.ch\/en\/#organization"},"potentialAction":[{"@type":"SearchAction","target":{"@type":"EntryPoint","urlTemplate":"https:\/\/www.swissraft.ch\/en\/?s={search_term_string}"},"query-input":{"@type":"PropertyValueSpecification","valueRequired":true,"valueName":"search_term_string"}}],"inLanguage":"en-US"},{"@type":"Organization","@id":"https:\/\/www.swissraft.ch\/en\/#organization","name":"Swissraft","url":"https:\/\/www.swissraft.ch\/en\/","logo":{"@type":"ImageObject","inLanguage":"en-US","@id":"https:\/\/www.swissraft.ch\/en\/#\/schema\/logo\/image\/","url":"https:\/\/www.swissraft.ch\/wp-content\/uploads\/2025\/09\/Capture.jpg","contentUrl":"https:\/\/www.swissraft.ch\/wp-content\/uploads\/2025\/09\/Capture.jpg","width":293,"height":108,"caption":"Swissraft"},"image":{"@id":"https:\/\/www.swissraft.ch\/en\/#\/schema\/logo\/image\/"}}]}},"_links":{"self":[{"href":"https:\/\/www.swissraft.ch\/en\/wp-json\/wp\/v2\/product\/92788","targetHints":{"allow":["GET"]}}],"collection":[{"href":"https:\/\/www.swissraft.ch\/en\/wp-json\/wp\/v2\/product"}],"about":[{"href":"https:\/\/www.swissraft.ch\/en\/wp-json\/wp\/v2\/types\/product"}],"replies":[{"embeddable":true,"href":"https:\/\/www.swissraft.ch\/en\/wp-json\/wp\/v2\/comments?post=92788"}],"version-history":[{"count":99,"href":"https:\/\/www.swissraft.ch\/en\/wp-json\/wp\/v2\/product\/92788\/revisions"}],"predecessor-version":[{"id":138472,"href":"https:\/\/www.swissraft.ch\/en\/wp-json\/wp\/v2\/product\/92788\/revisions\/138472"}],"wp:featuredmedia":[{"embeddable":true,"href":"https:\/\/www.swissraft.ch\/en\/wp-json\/wp\/v2\/media\/84597"}],"wp:attachment":[{"href":"https:\/\/www.swissraft.ch\/en\/wp-json\/wp\/v2\/media?parent=92788"}],"wp:term":[{"taxonomy":"product_cat","embeddable":true,"href":"https:\/\/www.swissraft.ch\/en\/wp-json\/wp\/v2\/product_cat?post=92788"},{"taxonomy":"product_tag","embeddable":true,"href":"https:\/\/www.swissraft.ch\/en\/wp-json\/wp\/v2\/product_tag?post=92788"}],"curies":[{"name":"wp","href":"https:\/\/api.w.org\/{rel}","templated":true}]}}