{"id":92781,"date":"2023-02-18T16:15:42","date_gmt":"2023-02-18T15:15:42","guid":{"rendered":"https:\/\/swissraft.xyanzkdne.eu\/product\/rafting-in-savoie-lisere-et-le-doron-bourg-st-maurice-centron-brides-salins-from-chf-120-00\/"},"modified":"2024-11-15T19:17:02","modified_gmt":"2024-11-15T18:17:02","slug":"rafting-in-savoie-lisere-et-le-doron-bourg-st-maurice-centron-brides-salins-from-chf-120-00","status":"publish","type":"product","link":"https:\/\/www.swissraft.ch\/en\/product\/rafting-in-savoie-lisere-et-le-doron-bourg-st-maurice-centron-brides-salins-from-chf-120-00\/","title":{"rendered":"Rafting in SAVOIE &#8211; L&#8217;IS\u00c8RE ET LE DORON &#8211; Bourg St. Maurice-Centron &#8211; Brides-Salins &#8211; From CHF 120.00"},"content":{"rendered":"\t\t<div data-elementor-type=\"wp-post\" data-elementor-id=\"92781\" class=\"elementor elementor-92781 elementor-30976\">\n\t\t\t\t\t\t\t\t\t<section class=\"elementor-section elementor-top-section elementor-element elementor-element-3303a7e3 elementor-section-boxed elementor-section-height-default elementor-section-height-default\" data-id=\"3303a7e3\" data-element_type=\"section\">\n\t\t\t\t\t\t<div class=\"elementor-container elementor-column-gap-default\">\n\t\t\t\t\t<div class=\"elementor-column elementor-col-100 elementor-top-column elementor-element elementor-element-16d72dbf\" data-id=\"16d72dbf\" data-element_type=\"column\">\n\t\t\t<div class=\"elementor-widget-wrap elementor-element-populated\">\n\t\t\t\t\t\t\t\t<div class=\"elementor-element elementor-element-d743c03 elementor-widget elementor-widget-text-editor\" data-id=\"d743c03\" data-element_type=\"widget\" data-widget_type=\"text-editor.default\">\n\t\t\t\t<div class=\"elementor-widget-container\">\n\t\t\t\t\t\t\t<h2>CHOOSE YOUR ACTIVITY BELOW TO OFFER GIFT VOUCHERS \/ TICKETS OR MAKE A RESERVATION<\/h2>\n<table border=\"0\" width=\"580\" cellspacing=\"10\" cellpadding=\"10\">\n<tbody>\n<tr>\n<td width=\"50%\"><strong>1) L&#8217;IS\u00c8RE + LE DORON &#8211; Rafting Day + Drink<\/strong><\/td>\n<td><strong>CHF 150.00 per person<span class=\"productPrice\"><br \/><\/span><\/strong><\/td>\n<\/tr>\n<tr>\n<td>Further information<\/td>\n<td><span class=\"plbl\">\u00c0<\/span><span class=\"patt\">  From 10 pers. 10% : <strong>CHF 135.00 \/ pers.<\/strong><br \/>From 21 pers. 20% : <strong>CHF 120.00 \/ pers.<br \/><\/strong>&#8211; Minimum age 13 years<\/span><\/td>\n<\/tr>\n<tr>\n<td>Schedule<\/td>\n<td>09h00<\/td>\n<\/tr>\n<tr>\n<td>Rafting<\/td>\n<td>approx. 4h<\/td>\n<\/tr>\n<tr>\n<td>Total duration<\/td>\n<td>approx. 6h<\/td>\n<\/tr>\n<tr>\n<td>Appointments<\/td>\n<td><span style=\"color: #ff6600;\"><a style=\"color: #ff6600;\" href=\"https:\/\/www.google.com\/maps\/place\/45%C2%B031'56.1%22N+6%C2%B035'53.8%22E\/@45.5323176,6.5956707,502m\/data=!3m1!1e3!4m4!3m3!8m2!3d45.53225!4d6.5982778?entry=ttu\" target=\"_blank\" rel=\"noopener\">Centron<\/a><\/span><\/td>\n<\/tr>\n<tr>\n<td>Difficulty<\/td>\n<td>Level 2-5<\/td>\n<\/tr>\n<tr>\n<td><button class=\"elementor-button\" type=\"button\"><a href=\"https:\/\/swissraft.outdoorbooking.ch\/fo\/products\/1139?base_id=1&amp;category_id=1&amp;order_type=gift_voucher&amp;lang=en\" target=\"_blank\" rel=\"noopener\">GIFT VOUCHER<\/a><\/button><\/td>\n<td style=\"text-align: left;\"><span style=\"color: #ff6600;\"><a style=\"color: #ff6600;\" href=\"https:\/\/swissraft.outdoorbooking.ch\/fo\/products\/1139?base_id=1&amp;category_id=1&amp;order_type=event&amp;lang=en\" target=\"_blank\" rel=\"noopener\">RESERVE<\/a><\/span><\/td>\n<\/tr>\n<\/tbody>\n<\/table>\n<table border=\"0\" width=\"580\" cellspacing=\"10\" cellpadding=\"10\">\n<tbody>\n<tr>\n<td width=\"50%\"><strong>2) L&#8217;IS\u00c8RE + LE DORON RAFT PRIV\u00c9 + Drink (max. 6 pers.) package<\/strong><\/td>\n<td><strong>CHF 840.00 package<span class=\"productPrice\"><br \/><\/span><\/strong><\/td>\n<\/tr>\n<tr>\n<td>Additional information<\/td>\n<td>&#8211; Minimum 3 people per raft<br \/> &#8211;<span class=\"patt\"> Minimum age 13 years<\/span><\/td>\n<\/tr>\n<tr>\n<td>Schedule<\/td>\n<td>09h00<\/td>\n<\/tr>\n<tr>\n<td>Rafting<\/td>\n<td>approx. 4h<\/td>\n<\/tr>\n<tr>\n<td>Total duration<\/td>\n<td>approx. 6h<\/td>\n<\/tr>\n<tr>\n<td>Appointments<\/td>\n<td><span style=\"color: #ff6600;\"><a style=\"color: #ff6600;\" href=\"https:\/\/www.google.com\/maps\/place\/45%C2%B031'56.1%22N+6%C2%B035'53.8%22E\/@45.5323176,6.5956707,502m\/data=!3m1!1e3!4m4!3m3!8m2!3d45.53225!4d6.5982778?entry=ttu\" target=\"_blank\" rel=\"noopener\">Centron<\/a><\/span><\/td>\n<\/tr>\n<tr>\n<td>Difficulty<\/td>\n<td>Level 2-5<\/td>\n<\/tr>\n<tr>\n<td><button class=\"elementor-button\" type=\"button\"><a href=\"https:\/\/swissraft.outdoorbooking.ch\/fo\/products\/1140?base_id=1&amp;category_id=1&amp;order_type=gift_voucher&amp;lang=en\" target=\"_blank\" rel=\"noopener\">GIFT VOUCHER<\/a><\/button><\/td>\n<td><span style=\"color: #ff6600;\"><a style=\"color: #ff6600;\" href=\"https:\/\/swissraft.outdoorbooking.ch\/fo\/products\/1140?base_id=1&amp;category_id=1&amp;order_type=event&amp;lang=en\" target=\"_blank\" rel=\"noopener\">RESERVE<\/a><\/span><\/td>\n<\/tr>\n<\/tbody>\n<\/table>\n\t\t\t\t\t\t<\/div>\n\t\t\t\t<\/div>\n\t\t\t\t\t<\/div>\n\t\t<\/div>\n\t\t\t\t\t\t\t<\/div>\n\t\t<\/section>\n\t\t\t\t\t\t\t<\/div>\n\t\t","protected":false},"excerpt":{"rendered":"<div align=\"justify\">\n<h2 align=\"justify\">Rafting on the Is\u00e8re and Doron de Bozel rivers in Savoie, France<\/h2>\n<h3>Adrenalin and thrills are the order of the day on these two renowned rivers.<\/h3>\n<\/div>\n<div align=\"justify\">\n<p><strong>Rafting<\/strong> on the Is\u00e8re and Doron de Bozel rivers in Savoie. First you descend the Is\u00e8re from Bourg St Maurice to Centron in the morning. Then, after a lunch break at our base, we&#8217;ll set off on two <strong>challenging runs down<\/strong> the Doron de Bozel. This river is located at the foot of the prestigious Trois Vall\u00e9es resorts of Courchevel, M\u00e9ribel, les M\u00e9nuires and Val Thorens. On the one hand, you can make use of our grilling points on our 2,000 m2 of shaded grounds, equipped with tables. On request, you can also order meals for your arrival at our base.<\/p>\n<h3>Swissraft offers several options for rafting trips in Switzerland<\/h3>\n<p id=\"textarea\" style=\"display: none\">\nWe also offer <strong>riverrafting<\/strong> near Geneva on the Dranse in Haute Savoie at Thonon-les-Bains. We also offer <strong>rafting<\/strong> on the wild Rh\u00f4ne between Souste and Sierre. And <strong>rafting<\/strong> on the Dranse de Bagnes between Voll\u00e8ges and Sembrancher. We also go riverrafting on the Visp, a river in the Upper Valais from Stalden to Visp. We also go <strong>rafting<\/strong> on the Sarine between Saanen and Ch\u00e2teau d&#8217;Oex in the canton of Vaud. Also in the Bernese Oberland, we paddle the Simme in the Simmental and the L\u00fctschine near Interlaken. And in Graub\u00fcnden with the famous <a href=\"\/product\/rafting-sur-le-rhin-grisons-ilanz-reichenau\/\" target=\"_blank\" rel=\"noopener\"><strong>Swiss Grand Canyon<\/strong><\/a> between Ilanz and Reichenau (20 km). Also riverrafting on the Inn &#8220;Queen of Rivers&#8221; in the Engadine region of Graub\u00fcnden.\n<\/p>\n<p><a id=\"seeMore\" onclick=\"toggleSeeMore()\" href=\"javascript:void(0);\">Read more<\/a><\/p>\n","protected":false},"featured_media":84735,"comment_status":"open","ping_status":"closed","template":"","meta":{"inline_featured_image":false,"_mi_skip_tracking":false},"product_cat":[253],"product_tag":[],"class_list":["post-92781","product","type-product","status-publish","has-post-thumbnail","hentry","product_cat-rafting-in-switzerland"],"yoast_head":"<!-- This site is optimized with the Yoast SEO plugin v23.6 - https:\/\/yoast.com\/wordpress\/plugins\/seo\/ -->\n<title>Rafting on the Is\u00e8re and Doron de Bozel rivers in Savoie, neighbouring France<\/title>\n<meta name=\"description\" content=\"Rafting on the Is\u00e8re and the Doron de Bozel. Raft down the Is\u00e8re from Bourg-St-Maurice to Centron, then after a picnic down the Doron de Bozel.\" \/>\n<meta name=\"robots\" content=\"index, follow, max-snippet:-1, max-image-preview:large, max-video-preview:-1\" \/>\n<link rel=\"canonical\" href=\"https:\/\/www.swissraft.ch\/en\/product\/rafting-in-savoie-lisere-et-le-doron-bourg-st-maurice-centron-brides-salins-from-chf-120-00\/\" \/>\n<meta property=\"og:locale\" content=\"en_US\" \/>\n<meta property=\"og:type\" content=\"article\" \/>\n<meta property=\"og:title\" content=\"Rafting on the Is\u00e8re and Doron de Bozel rivers in Savoie, neighbouring France\" \/>\n<meta property=\"og:description\" content=\"Rafting on the Is\u00e8re and the Doron de Bozel. Raft down the Is\u00e8re from Bourg-St-Maurice to Centron, then after a picnic down the Doron de Bozel.\" \/>\n<meta property=\"og:url\" content=\"https:\/\/www.swissraft.ch\/en\/product\/rafting-in-savoie-lisere-et-le-doron-bourg-st-maurice-centron-brides-salins-from-chf-120-00\/\" \/>\n<meta property=\"og:site_name\" content=\"Swissraft\" \/>\n<meta property=\"article:modified_time\" content=\"2024-11-15T18:17:02+00:00\" \/>\n<meta property=\"og:image\" content=\"https:\/\/www.swissraft.ch\/wp-content\/uploads\/2023\/02\/1-1-Isere-776x776-2.jpg\" \/>\n\t<meta property=\"og:image:width\" content=\"776\" \/>\n\t<meta property=\"og:image:height\" content=\"776\" \/>\n\t<meta property=\"og:image:type\" content=\"image\/jpeg\" \/>\n<meta name=\"twitter:card\" content=\"summary_large_image\" \/>\n<script type=\"application\/ld+json\" class=\"yoast-schema-graph\">{\"@context\":\"https:\/\/schema.org\",\"@graph\":[{\"@type\":\"WebPage\",\"@id\":\"https:\/\/www.swissraft.ch\/en\/product\/rafting-in-savoie-lisere-et-le-doron-bourg-st-maurice-centron-brides-salins-from-chf-120-00\/\",\"url\":\"https:\/\/www.swissraft.ch\/en\/product\/rafting-in-savoie-lisere-et-le-doron-bourg-st-maurice-centron-brides-salins-from-chf-120-00\/\",\"name\":\"Rafting on the Is\u00e8re and Doron de Bozel rivers in Savoie, neighbouring France\",\"isPartOf\":{\"@id\":\"https:\/\/www.swissraft.ch\/en\/#website\"},\"primaryImageOfPage\":{\"@id\":\"https:\/\/www.swissraft.ch\/en\/product\/rafting-in-savoie-lisere-et-le-doron-bourg-st-maurice-centron-brides-salins-from-chf-120-00\/#primaryimage\"},\"image\":{\"@id\":\"https:\/\/www.swissraft.ch\/en\/product\/rafting-in-savoie-lisere-et-le-doron-bourg-st-maurice-centron-brides-salins-from-chf-120-00\/#primaryimage\"},\"thumbnailUrl\":\"https:\/\/www.swissraft.ch\/wp-content\/uploads\/2023\/02\/1-1-Isere-776x776-2.jpg\",\"datePublished\":\"2023-02-18T15:15:42+00:00\",\"dateModified\":\"2024-11-15T18:17:02+00:00\",\"description\":\"Rafting on the Is\u00e8re and the Doron de Bozel. Raft down the Is\u00e8re from Bourg-St-Maurice to Centron, then after a picnic down the Doron de Bozel.\",\"breadcrumb\":{\"@id\":\"https:\/\/www.swissraft.ch\/en\/product\/rafting-in-savoie-lisere-et-le-doron-bourg-st-maurice-centron-brides-salins-from-chf-120-00\/#breadcrumb\"},\"inLanguage\":\"en-US\",\"potentialAction\":[{\"@type\":\"ReadAction\",\"target\":[\"https:\/\/www.swissraft.ch\/en\/product\/rafting-in-savoie-lisere-et-le-doron-bourg-st-maurice-centron-brides-salins-from-chf-120-00\/\"]}]},{\"@type\":\"ImageObject\",\"inLanguage\":\"en-US\",\"@id\":\"https:\/\/www.swissraft.ch\/en\/product\/rafting-in-savoie-lisere-et-le-doron-bourg-st-maurice-centron-brides-salins-from-chf-120-00\/#primaryimage\",\"url\":\"https:\/\/www.swissraft.ch\/wp-content\/uploads\/2023\/02\/1-1-Isere-776x776-2.jpg\",\"contentUrl\":\"https:\/\/www.swissraft.ch\/wp-content\/uploads\/2023\/02\/1-1-Isere-776x776-2.jpg\",\"width\":776,\"height\":776,\"caption\":\"Rafting on the Is\u00e8re and Doron rivers in Bozel\"},{\"@type\":\"BreadcrumbList\",\"@id\":\"https:\/\/www.swissraft.ch\/en\/product\/rafting-in-savoie-lisere-et-le-doron-bourg-st-maurice-centron-brides-salins-from-chf-120-00\/#breadcrumb\",\"itemListElement\":[{\"@type\":\"ListItem\",\"position\":1,\"name\":\"Accueil\",\"item\":\"https:\/\/www.swissraft.ch\/en\/\"},{\"@type\":\"ListItem\",\"position\":2,\"name\":\"Store\",\"item\":\"https:\/\/www.swissraft.ch\/en\/store\/\"},{\"@type\":\"ListItem\",\"position\":3,\"name\":\"Rafting in SAVOIE &#8211; L&rsquo;IS\u00c8RE ET LE DORON &#8211; Bourg St. Maurice-Centron &#8211; Brides-Salins &#8211; From CHF 120.00\"}]},{\"@type\":\"WebSite\",\"@id\":\"https:\/\/www.swissraft.ch\/en\/#website\",\"url\":\"https:\/\/www.swissraft.ch\/en\/\",\"name\":\"Swissraft\",\"description\":\"To enjoy nature as it is\",\"publisher\":{\"@id\":\"https:\/\/www.swissraft.ch\/en\/#organization\"},\"potentialAction\":[{\"@type\":\"SearchAction\",\"target\":{\"@type\":\"EntryPoint\",\"urlTemplate\":\"https:\/\/www.swissraft.ch\/en\/?s={search_term_string}\"},\"query-input\":{\"@type\":\"PropertyValueSpecification\",\"valueRequired\":true,\"valueName\":\"search_term_string\"}}],\"inLanguage\":\"en-US\"},{\"@type\":\"Organization\",\"@id\":\"https:\/\/www.swissraft.ch\/en\/#organization\",\"name\":\"Swissraft\",\"url\":\"https:\/\/www.swissraft.ch\/en\/\",\"logo\":{\"@type\":\"ImageObject\",\"inLanguage\":\"en-US\",\"@id\":\"https:\/\/www.swissraft.ch\/en\/#\/schema\/logo\/image\/\",\"url\":\"https:\/\/www.swissraft.ch\/wp-content\/uploads\/2025\/09\/Capture.jpg\",\"contentUrl\":\"https:\/\/www.swissraft.ch\/wp-content\/uploads\/2025\/09\/Capture.jpg\",\"width\":293,\"height\":108,\"caption\":\"Swissraft\"},\"image\":{\"@id\":\"https:\/\/www.swissraft.ch\/en\/#\/schema\/logo\/image\/\"}}]}<\/script>\n<!-- \/ Yoast SEO plugin. -->","yoast_head_json":{"title":"Rafting on the Is\u00e8re and Doron de Bozel rivers in Savoie, neighbouring France","description":"Rafting on the Is\u00e8re and the Doron de Bozel. Raft down the Is\u00e8re from Bourg-St-Maurice to Centron, then after a picnic down the Doron de Bozel.","robots":{"index":"index","follow":"follow","max-snippet":"max-snippet:-1","max-image-preview":"max-image-preview:large","max-video-preview":"max-video-preview:-1"},"canonical":"https:\/\/www.swissraft.ch\/en\/product\/rafting-in-savoie-lisere-et-le-doron-bourg-st-maurice-centron-brides-salins-from-chf-120-00\/","og_locale":"en_US","og_type":"article","og_title":"Rafting on the Is\u00e8re and Doron de Bozel rivers in Savoie, neighbouring France","og_description":"Rafting on the Is\u00e8re and the Doron de Bozel. Raft down the Is\u00e8re from Bourg-St-Maurice to Centron, then after a picnic down the Doron de Bozel.","og_url":"https:\/\/www.swissraft.ch\/en\/product\/rafting-in-savoie-lisere-et-le-doron-bourg-st-maurice-centron-brides-salins-from-chf-120-00\/","og_site_name":"Swissraft","article_modified_time":"2024-11-15T18:17:02+00:00","og_image":[{"width":776,"height":776,"url":"https:\/\/www.swissraft.ch\/wp-content\/uploads\/2023\/02\/1-1-Isere-776x776-2.jpg","type":"image\/jpeg"}],"twitter_card":"summary_large_image","schema":{"@context":"https:\/\/schema.org","@graph":[{"@type":"WebPage","@id":"https:\/\/www.swissraft.ch\/en\/product\/rafting-in-savoie-lisere-et-le-doron-bourg-st-maurice-centron-brides-salins-from-chf-120-00\/","url":"https:\/\/www.swissraft.ch\/en\/product\/rafting-in-savoie-lisere-et-le-doron-bourg-st-maurice-centron-brides-salins-from-chf-120-00\/","name":"Rafting on the Is\u00e8re and Doron de Bozel rivers in Savoie, neighbouring France","isPartOf":{"@id":"https:\/\/www.swissraft.ch\/en\/#website"},"primaryImageOfPage":{"@id":"https:\/\/www.swissraft.ch\/en\/product\/rafting-in-savoie-lisere-et-le-doron-bourg-st-maurice-centron-brides-salins-from-chf-120-00\/#primaryimage"},"image":{"@id":"https:\/\/www.swissraft.ch\/en\/product\/rafting-in-savoie-lisere-et-le-doron-bourg-st-maurice-centron-brides-salins-from-chf-120-00\/#primaryimage"},"thumbnailUrl":"https:\/\/www.swissraft.ch\/wp-content\/uploads\/2023\/02\/1-1-Isere-776x776-2.jpg","datePublished":"2023-02-18T15:15:42+00:00","dateModified":"2024-11-15T18:17:02+00:00","description":"Rafting on the Is\u00e8re and the Doron de Bozel. Raft down the Is\u00e8re from Bourg-St-Maurice to Centron, then after a picnic down the Doron de Bozel.","breadcrumb":{"@id":"https:\/\/www.swissraft.ch\/en\/product\/rafting-in-savoie-lisere-et-le-doron-bourg-st-maurice-centron-brides-salins-from-chf-120-00\/#breadcrumb"},"inLanguage":"en-US","potentialAction":[{"@type":"ReadAction","target":["https:\/\/www.swissraft.ch\/en\/product\/rafting-in-savoie-lisere-et-le-doron-bourg-st-maurice-centron-brides-salins-from-chf-120-00\/"]}]},{"@type":"ImageObject","inLanguage":"en-US","@id":"https:\/\/www.swissraft.ch\/en\/product\/rafting-in-savoie-lisere-et-le-doron-bourg-st-maurice-centron-brides-salins-from-chf-120-00\/#primaryimage","url":"https:\/\/www.swissraft.ch\/wp-content\/uploads\/2023\/02\/1-1-Isere-776x776-2.jpg","contentUrl":"https:\/\/www.swissraft.ch\/wp-content\/uploads\/2023\/02\/1-1-Isere-776x776-2.jpg","width":776,"height":776,"caption":"Rafting on the Is\u00e8re and Doron rivers in Bozel"},{"@type":"BreadcrumbList","@id":"https:\/\/www.swissraft.ch\/en\/product\/rafting-in-savoie-lisere-et-le-doron-bourg-st-maurice-centron-brides-salins-from-chf-120-00\/#breadcrumb","itemListElement":[{"@type":"ListItem","position":1,"name":"Accueil","item":"https:\/\/www.swissraft.ch\/en\/"},{"@type":"ListItem","position":2,"name":"Store","item":"https:\/\/www.swissraft.ch\/en\/store\/"},{"@type":"ListItem","position":3,"name":"Rafting in SAVOIE &#8211; L&rsquo;IS\u00c8RE ET LE DORON &#8211; Bourg St. Maurice-Centron &#8211; Brides-Salins &#8211; From CHF 120.00"}]},{"@type":"WebSite","@id":"https:\/\/www.swissraft.ch\/en\/#website","url":"https:\/\/www.swissraft.ch\/en\/","name":"Swissraft","description":"To enjoy nature as it is","publisher":{"@id":"https:\/\/www.swissraft.ch\/en\/#organization"},"potentialAction":[{"@type":"SearchAction","target":{"@type":"EntryPoint","urlTemplate":"https:\/\/www.swissraft.ch\/en\/?s={search_term_string}"},"query-input":{"@type":"PropertyValueSpecification","valueRequired":true,"valueName":"search_term_string"}}],"inLanguage":"en-US"},{"@type":"Organization","@id":"https:\/\/www.swissraft.ch\/en\/#organization","name":"Swissraft","url":"https:\/\/www.swissraft.ch\/en\/","logo":{"@type":"ImageObject","inLanguage":"en-US","@id":"https:\/\/www.swissraft.ch\/en\/#\/schema\/logo\/image\/","url":"https:\/\/www.swissraft.ch\/wp-content\/uploads\/2025\/09\/Capture.jpg","contentUrl":"https:\/\/www.swissraft.ch\/wp-content\/uploads\/2025\/09\/Capture.jpg","width":293,"height":108,"caption":"Swissraft"},"image":{"@id":"https:\/\/www.swissraft.ch\/en\/#\/schema\/logo\/image\/"}}]}},"_links":{"self":[{"href":"https:\/\/www.swissraft.ch\/en\/wp-json\/wp\/v2\/product\/92781","targetHints":{"allow":["GET"]}}],"collection":[{"href":"https:\/\/www.swissraft.ch\/en\/wp-json\/wp\/v2\/product"}],"about":[{"href":"https:\/\/www.swissraft.ch\/en\/wp-json\/wp\/v2\/types\/product"}],"replies":[{"embeddable":true,"href":"https:\/\/www.swissraft.ch\/en\/wp-json\/wp\/v2\/comments?post=92781"}],"version-history":[{"count":0,"href":"https:\/\/www.swissraft.ch\/en\/wp-json\/wp\/v2\/product\/92781\/revisions"}],"wp:featuredmedia":[{"embeddable":true,"href":"https:\/\/www.swissraft.ch\/en\/wp-json\/wp\/v2\/media\/84735"}],"wp:attachment":[{"href":"https:\/\/www.swissraft.ch\/en\/wp-json\/wp\/v2\/media?parent=92781"}],"wp:term":[{"taxonomy":"product_cat","embeddable":true,"href":"https:\/\/www.swissraft.ch\/en\/wp-json\/wp\/v2\/product_cat?post=92781"},{"taxonomy":"product_tag","embeddable":true,"href":"https:\/\/www.swissraft.ch\/en\/wp-json\/wp\/v2\/product_tag?post=92781"}],"curies":[{"name":"wp","href":"https:\/\/api.w.org\/{rel}","templated":true}]}}