{"id":92770,"date":"2023-02-18T15:24:07","date_gmt":"2023-02-18T14:24:07","guid":{"rendered":"https:\/\/swissraft.xyanzkdne.eu\/product\/rafting-interlaken-la-lutschine-lutschental-bonigen-from-chf-134-10\/"},"modified":"2026-04-09T22:02:30","modified_gmt":"2026-04-09T20:02:30","slug":"rafting-interlaken-lutschine-lutschental-bonigen","status":"publish","type":"product","link":"https:\/\/www.swissraft.ch\/en\/product\/rafting-interlaken-lutschine-lutschental-bonigen\/","title":{"rendered":"Rafting or River rafting in Interlaken &#8211; The L\u00fctschine &#8211; L\u00fctschental-B\u00f6nigen &#8211; From CHF 120.00"},"content":{"rendered":"\t\t<div data-elementor-type=\"wp-post\" data-elementor-id=\"92770\" class=\"elementor elementor-92770 elementor-30950\">\n\t\t\t\t\t\t\t\t\t<section class=\"elementor-section elementor-top-section elementor-element elementor-element-3303a7e3 elementor-section-boxed elementor-section-height-default elementor-section-height-default\" data-id=\"3303a7e3\" data-element_type=\"section\">\n\t\t\t\t\t\t<div class=\"elementor-container elementor-column-gap-default\">\n\t\t\t\t\t<div class=\"elementor-column elementor-col-100 elementor-top-column elementor-element elementor-element-16d72dbf\" data-id=\"16d72dbf\" data-element_type=\"column\">\n\t\t\t<div class=\"elementor-widget-wrap elementor-element-populated\">\n\t\t\t\t\t\t\t\t<div class=\"elementor-element elementor-element-d743c03 elementor-widget elementor-widget-text-editor\" data-id=\"d743c03\" data-element_type=\"widget\" data-widget_type=\"text-editor.default\">\n\t\t\t\t<div class=\"elementor-widget-container\">\n\t\t\t\t\t\t\t<h2>CHOOSE YOUR ACTIVITY BELOW TO OFFER GIFT VOUCHERS \/ TICKETS OR MAKE A RESERVATION<\/h2><table border=\"0\" width=\"580\" cellspacing=\"10\" cellpadding=\"10\"><tbody><tr><td width=\"50%\"><strong>RAFTING &#8211; RIVER RAFTING &#8211; L\u00dcTSCHINE + drink<\/strong><\/td><td><strong>CHF 150.00 per person<span class=\"productPrice\"><br \/><\/span><\/strong><\/td><\/tr><tr><td>Further information<\/td><td><span class=\"patt\">&#8211; Youth price : <strong>CHF 130.00<\/strong>\/pers. up to 16 years old<br \/>&#8211; From 10 pers. 10% : <strong>CHF 135.00<\/strong>\/pers.<br \/>&#8211; From 21 pers. 20% : <strong>CHF 120.00<\/strong>\/pers.<br \/>&#8211; No additional discount on youth and school rates<br \/><\/span><span class=\"patt\">&#8211; Minimum age : 14 years<br \/><span class=\"plbl\">&#8211; School price : <a href=\"\/en\/product\/rafting-school-trip-interlaken-lutschine-lutschental-bonigen\/\" target=\"_blank\" rel=\"noopener\">Click here<\/a><br \/><\/span><\/span><\/td><\/tr><tr><td>Route<\/td><td><strong>Lutschental-B\u00f6nigen<\/strong><\/td><\/tr><tr><td>Schedules<\/td><td>10.00 am \/ 2.00 pm<\/td><\/tr><tr><td>Rafting<\/td><td>approx. 1.30 hr<\/td><\/tr><tr><td>Total duration<\/td><td>approx. 3 hrs<\/td><\/tr><tr><td>Meeting point<\/td><td><a href=\"https:\/\/www.google.com\/maps\/place\/46%C2%B041'19.3%22N+7%C2%B053'48.0%22E\/@46.6887175,7.8958869,137m\/data=!3m1!1e3!4m4!3m3!8m2!3d46.6886944!4d7.8966667?entry=ttu&amp;g_ep=EgoyMDI1MDExNS4wIKXMDSoASAFQAw%3D%3D\" target=\"_blank\" rel=\"noopener\">Parking behind the h\u00f4tel du Lac<\/a><\/td><\/tr><tr><td>Difficulty<\/td><td>3-4+<\/td><\/tr><tr><td><button class=\"elementor-button\" type=\"button\"><a href=\"https:\/\/swissraft.outdoorbooking.ch\/fo\/products\/2093?base_id=89&amp;category_id=1&amp;order_type=gift_voucher&amp;lang=en\" target=\"_blank\" rel=\"noopener\">PURCHASE GIFT VOUCHER \/ TICKET<\/a><\/button><\/td><td style=\"text-align: left;\"><span style=\"color: #ff6600;\"><a href=\"https:\/\/swissraft.outdoorbooking.ch\/fo\/products\/2093?base_id=89&amp;category_id=1&amp;order_type=event&amp;lang=en\" target=\"_blank\" rel=\"noopener\">BOOK A DATE<\/a> <\/span><strong>\u00a0CHF 135.00<\/strong>\/Pers<\/td><\/tr><tr><td><button class=\"elementor-button\" type=\"button\"><a href=\"https:\/\/swissraft.outdoorbooking.ch\/fo\/products\/2137?base_id=89&amp;category_id=1&amp;order_type=gift_voucher&amp;lang=en\" target=\"_blank\" rel=\"noopener\">PURCHASE GIFT VOUCHER \/ TICKET<\/a><\/button><\/td><td style=\"text-align: left;\"><span style=\"color: #ff6600;\"><a href=\"https:\/\/swissraft.outdoorbooking.ch\/fo\/products\/2137?base_id=89&amp;category_id=1&amp;order_type=event&amp;lang=en\" target=\"_blank\" rel=\"noopener\">BOOK A DATE<\/a> <\/span><strong>\u00a0CHF 1&#8217;090.00 &#8211; <\/strong>PRIVATE RAFT (3-8 pers.)<\/td><\/tr><\/tbody><\/table>\t\t\t\t\t\t<\/div>\n\t\t\t\t<\/div>\n\t\t\t\t<div class=\"elementor-element elementor-element-b04b120 elementor-widget elementor-widget-text-editor\" data-id=\"b04b120\" data-element_type=\"widget\" data-widget_type=\"text-editor.default\">\n\t\t\t\t<div class=\"elementor-widget-container\">\n\t\t\t\t\t\t\t\t\t\t\t\t\t<\/div>\n\t\t\t\t<\/div>\n\t\t\t\t\t<\/div>\n\t\t<\/div>\n\t\t\t\t\t\t\t<\/div>\n\t\t<\/section>\n\t\t\t\t\t\t\t<\/div>\n\t\t","protected":false},"excerpt":{"rendered":"<div align=\"justify\">\n<h2 align=\"justify\">River rafting on the Lutschine near Interlaken in the Bernese Oberland<\/h2>\n<h3>Action and pure adrenalin guaranteed. Rafting on the Lutschine is relatively short but intense.<\/h3>\n<\/div>\n<div align=\"justify\">\n<p>Rafting on the L\u00fctschine from L\u00fctschental to B\u00f6nigen. On the one hand, the L\u00fctschine at the foot of the Eiger offers an ideal rafting route. On the other hand, all those who love action will be delighted.<\/p>\n<h3>In addition to La Lutschine, we offer many other riverrafting options in Switzerland and neighbouring France.<\/h3>\n<p id=\"textarea\" style=\"display: none;\">Also in the Bernese Oberland, we paddle the Simme in the Simmental between Boltigen and D\u00e4rstetten. And <strong>rafting<\/strong> on the wild Rh\u00f4ne between Souste and Sierre. And <strong>riverrafting<\/strong> on the Dranse de Bagnes between Voll\u00e8ges and Sembrancher. And rafting on the Vi\u00e8ge from Stalden to Vi\u00e8ge, a river in the Upper Valais. We also <strong>raft<\/strong> the Sarine between Saanen and Ch\u00e2teau d&#8217;Oex in the canton of Vaud. We also offer <strong>riverrafting<\/strong> near Geneva on the Dranse in Haute Savoie at Thonon-les-Bains. But also in Savoie on the two most famous rivers: the Is\u00e8re and the Doron de Bozel. And rafting in Graub\u00fcnden on the famous <a href=\"\/product\/rafting-sur-le-rhin-grisons-ilanz-reichenau\/\" target=\"_blank\" rel=\"noopener\"><strong>Swiss Grand Canyon<\/strong><\/a> between Ilanz and Reichenau.\n<\/p>\n<p><a id=\"seeMore\" onclick=\"toggleSeeMore()\" href=\"javascript:void(0);\">Read more<\/a><\/p>\n","protected":false},"featured_media":84750,"comment_status":"open","ping_status":"closed","template":"","meta":{"inline_featured_image":false,"_mi_skip_tracking":false},"product_cat":[253,436],"product_tag":[],"class_list":["post-92770","product","type-product","status-publish","has-post-thumbnail","hentry","product_cat-rafting-in-switzerland","product_cat-rafting-in-oberland-bernois"],"yoast_head":"<!-- This site is optimized with the Yoast SEO plugin v23.6 - https:\/\/yoast.com\/wordpress\/plugins\/seo\/ -->\n<title>Rafting Lutschine from L\u00fctschental to B\u00f6nigen.<\/title>\n<meta name=\"description\" content=\"Rafting Lutschine from L\u00fctschental to B\u00f6nigen. At the foot of the Eiger, the L\u00fctschine is an action-packed river for motivated participants.\" \/>\n<meta name=\"robots\" content=\"index, follow, max-snippet:-1, max-image-preview:large, max-video-preview:-1\" \/>\n<link rel=\"canonical\" href=\"https:\/\/www.swissraft.ch\/en\/product\/rafting-interlaken-lutschine-lutschental-bonigen\/\" \/>\n<meta property=\"og:locale\" content=\"en_US\" \/>\n<meta property=\"og:type\" content=\"article\" \/>\n<meta property=\"og:title\" content=\"Rafting Lutschine from L\u00fctschental to B\u00f6nigen.\" \/>\n<meta property=\"og:description\" content=\"Rafting Lutschine from L\u00fctschental to B\u00f6nigen. At the foot of the Eiger, the L\u00fctschine is an action-packed river for motivated participants.\" \/>\n<meta property=\"og:url\" content=\"https:\/\/www.swissraft.ch\/en\/product\/rafting-interlaken-lutschine-lutschental-bonigen\/\" \/>\n<meta property=\"og:site_name\" content=\"Swissraft\" \/>\n<meta property=\"article:modified_time\" content=\"2026-04-09T20:02:30+00:00\" \/>\n<meta property=\"og:image\" content=\"https:\/\/www.swissraft.ch\/wp-content\/uploads\/2023\/02\/1-Lutschine-776x776-1.png\" \/>\n\t<meta property=\"og:image:width\" content=\"776\" \/>\n\t<meta property=\"og:image:height\" content=\"776\" \/>\n\t<meta property=\"og:image:type\" content=\"image\/png\" \/>\n<meta name=\"twitter:card\" content=\"summary_large_image\" \/>\n<meta name=\"twitter:label1\" content=\"Est. reading time\" \/>\n\t<meta name=\"twitter:data1\" content=\"1 minute\" \/>\n<script type=\"application\/ld+json\" class=\"yoast-schema-graph\">{\"@context\":\"https:\/\/schema.org\",\"@graph\":[{\"@type\":\"WebPage\",\"@id\":\"https:\/\/www.swissraft.ch\/en\/product\/rafting-interlaken-lutschine-lutschental-bonigen\/\",\"url\":\"https:\/\/www.swissraft.ch\/en\/product\/rafting-interlaken-lutschine-lutschental-bonigen\/\",\"name\":\"Rafting Lutschine from L\u00fctschental to B\u00f6nigen.\",\"isPartOf\":{\"@id\":\"https:\/\/www.swissraft.ch\/en\/#website\"},\"primaryImageOfPage\":{\"@id\":\"https:\/\/www.swissraft.ch\/en\/product\/rafting-interlaken-lutschine-lutschental-bonigen\/#primaryimage\"},\"image\":{\"@id\":\"https:\/\/www.swissraft.ch\/en\/product\/rafting-interlaken-lutschine-lutschental-bonigen\/#primaryimage\"},\"thumbnailUrl\":\"https:\/\/www.swissraft.ch\/wp-content\/uploads\/2023\/02\/1-Lutschine-776x776-1.png\",\"datePublished\":\"2023-02-18T14:24:07+00:00\",\"dateModified\":\"2026-04-09T20:02:30+00:00\",\"description\":\"Rafting Lutschine from L\u00fctschental to B\u00f6nigen. At the foot of the Eiger, the L\u00fctschine is an action-packed river for motivated participants.\",\"breadcrumb\":{\"@id\":\"https:\/\/www.swissraft.ch\/en\/product\/rafting-interlaken-lutschine-lutschental-bonigen\/#breadcrumb\"},\"inLanguage\":\"en-US\",\"potentialAction\":[{\"@type\":\"ReadAction\",\"target\":[\"https:\/\/www.swissraft.ch\/en\/product\/rafting-interlaken-lutschine-lutschental-bonigen\/\"]}]},{\"@type\":\"ImageObject\",\"inLanguage\":\"en-US\",\"@id\":\"https:\/\/www.swissraft.ch\/en\/product\/rafting-interlaken-lutschine-lutschental-bonigen\/#primaryimage\",\"url\":\"https:\/\/www.swissraft.ch\/wp-content\/uploads\/2023\/02\/1-Lutschine-776x776-1.png\",\"contentUrl\":\"https:\/\/www.swissraft.ch\/wp-content\/uploads\/2023\/02\/1-Lutschine-776x776-1.png\",\"width\":776,\"height\":776,\"caption\":\"School rafting race on the L\u00fctschine river\"},{\"@type\":\"BreadcrumbList\",\"@id\":\"https:\/\/www.swissraft.ch\/en\/product\/rafting-interlaken-lutschine-lutschental-bonigen\/#breadcrumb\",\"itemListElement\":[{\"@type\":\"ListItem\",\"position\":1,\"name\":\"Accueil\",\"item\":\"https:\/\/www.swissraft.ch\/en\/\"},{\"@type\":\"ListItem\",\"position\":2,\"name\":\"Store\",\"item\":\"https:\/\/www.swissraft.ch\/en\/store\/\"},{\"@type\":\"ListItem\",\"position\":3,\"name\":\"Rafting or River rafting in Interlaken &#8211; The L\u00fctschine &#8211; L\u00fctschental-B\u00f6nigen &#8211; From CHF 120.00\"}]},{\"@type\":\"WebSite\",\"@id\":\"https:\/\/www.swissraft.ch\/en\/#website\",\"url\":\"https:\/\/www.swissraft.ch\/en\/\",\"name\":\"Swissraft\",\"description\":\"To enjoy nature as it is\",\"publisher\":{\"@id\":\"https:\/\/www.swissraft.ch\/en\/#organization\"},\"potentialAction\":[{\"@type\":\"SearchAction\",\"target\":{\"@type\":\"EntryPoint\",\"urlTemplate\":\"https:\/\/www.swissraft.ch\/en\/?s={search_term_string}\"},\"query-input\":{\"@type\":\"PropertyValueSpecification\",\"valueRequired\":true,\"valueName\":\"search_term_string\"}}],\"inLanguage\":\"en-US\"},{\"@type\":\"Organization\",\"@id\":\"https:\/\/www.swissraft.ch\/en\/#organization\",\"name\":\"Swissraft\",\"url\":\"https:\/\/www.swissraft.ch\/en\/\",\"logo\":{\"@type\":\"ImageObject\",\"inLanguage\":\"en-US\",\"@id\":\"https:\/\/www.swissraft.ch\/en\/#\/schema\/logo\/image\/\",\"url\":\"https:\/\/www.swissraft.ch\/wp-content\/uploads\/2025\/09\/Capture.jpg\",\"contentUrl\":\"https:\/\/www.swissraft.ch\/wp-content\/uploads\/2025\/09\/Capture.jpg\",\"width\":293,\"height\":108,\"caption\":\"Swissraft\"},\"image\":{\"@id\":\"https:\/\/www.swissraft.ch\/en\/#\/schema\/logo\/image\/\"}}]}<\/script>\n<!-- \/ Yoast SEO plugin. -->","yoast_head_json":{"title":"Rafting Lutschine from L\u00fctschental to B\u00f6nigen.","description":"Rafting Lutschine from L\u00fctschental to B\u00f6nigen. At the foot of the Eiger, the L\u00fctschine is an action-packed river for motivated participants.","robots":{"index":"index","follow":"follow","max-snippet":"max-snippet:-1","max-image-preview":"max-image-preview:large","max-video-preview":"max-video-preview:-1"},"canonical":"https:\/\/www.swissraft.ch\/en\/product\/rafting-interlaken-lutschine-lutschental-bonigen\/","og_locale":"en_US","og_type":"article","og_title":"Rafting Lutschine from L\u00fctschental to B\u00f6nigen.","og_description":"Rafting Lutschine from L\u00fctschental to B\u00f6nigen. At the foot of the Eiger, the L\u00fctschine is an action-packed river for motivated participants.","og_url":"https:\/\/www.swissraft.ch\/en\/product\/rafting-interlaken-lutschine-lutschental-bonigen\/","og_site_name":"Swissraft","article_modified_time":"2026-04-09T20:02:30+00:00","og_image":[{"width":776,"height":776,"url":"https:\/\/www.swissraft.ch\/wp-content\/uploads\/2023\/02\/1-Lutschine-776x776-1.png","type":"image\/png"}],"twitter_card":"summary_large_image","twitter_misc":{"Est. reading time":"1 minute"},"schema":{"@context":"https:\/\/schema.org","@graph":[{"@type":"WebPage","@id":"https:\/\/www.swissraft.ch\/en\/product\/rafting-interlaken-lutschine-lutschental-bonigen\/","url":"https:\/\/www.swissraft.ch\/en\/product\/rafting-interlaken-lutschine-lutschental-bonigen\/","name":"Rafting Lutschine from L\u00fctschental to B\u00f6nigen.","isPartOf":{"@id":"https:\/\/www.swissraft.ch\/en\/#website"},"primaryImageOfPage":{"@id":"https:\/\/www.swissraft.ch\/en\/product\/rafting-interlaken-lutschine-lutschental-bonigen\/#primaryimage"},"image":{"@id":"https:\/\/www.swissraft.ch\/en\/product\/rafting-interlaken-lutschine-lutschental-bonigen\/#primaryimage"},"thumbnailUrl":"https:\/\/www.swissraft.ch\/wp-content\/uploads\/2023\/02\/1-Lutschine-776x776-1.png","datePublished":"2023-02-18T14:24:07+00:00","dateModified":"2026-04-09T20:02:30+00:00","description":"Rafting Lutschine from L\u00fctschental to B\u00f6nigen. At the foot of the Eiger, the L\u00fctschine is an action-packed river for motivated participants.","breadcrumb":{"@id":"https:\/\/www.swissraft.ch\/en\/product\/rafting-interlaken-lutschine-lutschental-bonigen\/#breadcrumb"},"inLanguage":"en-US","potentialAction":[{"@type":"ReadAction","target":["https:\/\/www.swissraft.ch\/en\/product\/rafting-interlaken-lutschine-lutschental-bonigen\/"]}]},{"@type":"ImageObject","inLanguage":"en-US","@id":"https:\/\/www.swissraft.ch\/en\/product\/rafting-interlaken-lutschine-lutschental-bonigen\/#primaryimage","url":"https:\/\/www.swissraft.ch\/wp-content\/uploads\/2023\/02\/1-Lutschine-776x776-1.png","contentUrl":"https:\/\/www.swissraft.ch\/wp-content\/uploads\/2023\/02\/1-Lutschine-776x776-1.png","width":776,"height":776,"caption":"School rafting race on the L\u00fctschine river"},{"@type":"BreadcrumbList","@id":"https:\/\/www.swissraft.ch\/en\/product\/rafting-interlaken-lutschine-lutschental-bonigen\/#breadcrumb","itemListElement":[{"@type":"ListItem","position":1,"name":"Accueil","item":"https:\/\/www.swissraft.ch\/en\/"},{"@type":"ListItem","position":2,"name":"Store","item":"https:\/\/www.swissraft.ch\/en\/store\/"},{"@type":"ListItem","position":3,"name":"Rafting or River rafting in Interlaken &#8211; The L\u00fctschine &#8211; L\u00fctschental-B\u00f6nigen &#8211; From CHF 120.00"}]},{"@type":"WebSite","@id":"https:\/\/www.swissraft.ch\/en\/#website","url":"https:\/\/www.swissraft.ch\/en\/","name":"Swissraft","description":"To enjoy nature as it is","publisher":{"@id":"https:\/\/www.swissraft.ch\/en\/#organization"},"potentialAction":[{"@type":"SearchAction","target":{"@type":"EntryPoint","urlTemplate":"https:\/\/www.swissraft.ch\/en\/?s={search_term_string}"},"query-input":{"@type":"PropertyValueSpecification","valueRequired":true,"valueName":"search_term_string"}}],"inLanguage":"en-US"},{"@type":"Organization","@id":"https:\/\/www.swissraft.ch\/en\/#organization","name":"Swissraft","url":"https:\/\/www.swissraft.ch\/en\/","logo":{"@type":"ImageObject","inLanguage":"en-US","@id":"https:\/\/www.swissraft.ch\/en\/#\/schema\/logo\/image\/","url":"https:\/\/www.swissraft.ch\/wp-content\/uploads\/2025\/09\/Capture.jpg","contentUrl":"https:\/\/www.swissraft.ch\/wp-content\/uploads\/2025\/09\/Capture.jpg","width":293,"height":108,"caption":"Swissraft"},"image":{"@id":"https:\/\/www.swissraft.ch\/en\/#\/schema\/logo\/image\/"}}]}},"_links":{"self":[{"href":"https:\/\/www.swissraft.ch\/en\/wp-json\/wp\/v2\/product\/92770","targetHints":{"allow":["GET"]}}],"collection":[{"href":"https:\/\/www.swissraft.ch\/en\/wp-json\/wp\/v2\/product"}],"about":[{"href":"https:\/\/www.swissraft.ch\/en\/wp-json\/wp\/v2\/types\/product"}],"replies":[{"embeddable":true,"href":"https:\/\/www.swissraft.ch\/en\/wp-json\/wp\/v2\/comments?post=92770"}],"version-history":[{"count":60,"href":"https:\/\/www.swissraft.ch\/en\/wp-json\/wp\/v2\/product\/92770\/revisions"}],"predecessor-version":[{"id":138442,"href":"https:\/\/www.swissraft.ch\/en\/wp-json\/wp\/v2\/product\/92770\/revisions\/138442"}],"wp:featuredmedia":[{"embeddable":true,"href":"https:\/\/www.swissraft.ch\/en\/wp-json\/wp\/v2\/media\/84750"}],"wp:attachment":[{"href":"https:\/\/www.swissraft.ch\/en\/wp-json\/wp\/v2\/media?parent=92770"}],"wp:term":[{"taxonomy":"product_cat","embeddable":true,"href":"https:\/\/www.swissraft.ch\/en\/wp-json\/wp\/v2\/product_cat?post=92770"},{"taxonomy":"product_tag","embeddable":true,"href":"https:\/\/www.swissraft.ch\/en\/wp-json\/wp\/v2\/product_tag?post=92770"}],"curies":[{"name":"wp","href":"https:\/\/api.w.org\/{rel}","templated":true}]}}