{"id":92750,"date":"2023-02-18T13:51:06","date_gmt":"2023-02-18T12:51:06","guid":{"rendered":"https:\/\/swissraft.xyanzkdne.eu\/product\/skydiving-in-sitterdorf-tandem-jump-from-an-aircraft-no-deadline-for-now\/"},"modified":"2026-04-03T23:27:10","modified_gmt":"2026-04-03T21:27:10","slug":"skydiving-sitterdorf-tandem-jump-aircraft","status":"publish","type":"product","link":"https:\/\/www.swissraft.ch\/en\/product\/skydiving-sitterdorf-tandem-jump-aircraft\/","title":{"rendered":"Skydiving in Sitterdorf &#8211; Tandem jumping from a plane &#8211; From CHF 405.00"},"content":{"rendered":"\t\t<div data-elementor-type=\"wp-post\" data-elementor-id=\"92750\" class=\"elementor elementor-92750 elementor-30916\">\n\t\t\t\t\t\t\t\t\t<section class=\"elementor-section elementor-top-section elementor-element elementor-element-3303a7e3 elementor-section-boxed elementor-section-height-default elementor-section-height-default\" data-id=\"3303a7e3\" data-element_type=\"section\">\n\t\t\t\t\t\t<div class=\"elementor-container elementor-column-gap-default\">\n\t\t\t\t\t<div class=\"elementor-column elementor-col-100 elementor-top-column elementor-element elementor-element-16d72dbf\" data-id=\"16d72dbf\" data-element_type=\"column\">\n\t\t\t<div class=\"elementor-widget-wrap elementor-element-populated\">\n\t\t\t\t\t\t\t\t<div class=\"elementor-element elementor-element-d743c03 elementor-widget elementor-widget-text-editor\" data-id=\"d743c03\" data-element_type=\"widget\" data-widget_type=\"text-editor.default\">\n\t\t\t\t<div class=\"elementor-widget-container\">\n\t\t\t\t\t\t\t<h2>CHOOSE YOUR ACTIVITY BELOW TO OFFER GIFT VOUCHERS \/ TICKETS OR MAKE A RESERVATION<\/h2><table border=\"0\" width=\"580\" cellspacing=\"10\" cellpadding=\"10\"><tbody><tr><td width=\"50%\"><strong>TANDEM SKYDIVING &#8211; SITTERDORF<\/strong><\/td><td><strong>CHF 405.00 per person<span class=\"productPrice\"><br \/><\/span><\/strong><\/td><\/tr><tr><td>Further information<\/td><td><span class=\"plbl\"><span class=\"patt\">&#8211; Sport shoes without hooks<br \/>&#8211; Do not fast<br \/>&#8211; Do not be under the influence of alcohol or other substances<br \/>&#8211; Parental consent required for minors<\/span><\/span><\/td><\/tr><tr><td>Schedules<\/td><td>09:00 \/ 13:15 \/ 16:00<\/td><\/tr><tr><td>Freefall duration<\/td><td>approx. 45 seconds<\/td><\/tr><tr><td>Total duration<\/td><td>approx. 4 hrs<\/td><\/tr><tr><td>A\u00e9rodrome<\/td><td><a href=\"https:\/\/www.google.com\/maps\/place\/Sitterdorf+Airport\/@47.5100845,9.2437685,3049m\/data=!3m1!1e3!4m6!3m5!1s0x479ae487b817cbd5:0xbe33a8c53b7365c6!8m2!3d47.5097648!4d9.2628495!16s%2Fg%2F122mf8n4?entry=ttu\" target=\"_blank\" rel=\"noopener\">Sitterdorf<\/a><\/td><\/tr><tr><td><a href=\"https:\/\/swissraft.outdoorbooking.ch\/fo\/products\/891?base_id=41&amp;category_id=5&amp;order_type=gift_voucher&amp;lang=en\" target=\"_blank\" rel=\"noopener\"><button class=\"elementor-button\" type=\"button\">PURCHASE GIFT VOUCHER \/ TICKET<\/button><\/a><\/td><td><strong>CHF 405.00<\/strong>\/pers.<\/td><\/tr><tr><td><a href=\"https:\/\/swissraft.outdoorbooking.ch\/fo\/products\/892?base_id=41&amp;category_id=5&amp;order_type=gift_voucher&amp;lang=en\" target=\"_blank\" rel=\"noopener\"><button class=\"elementor-button\" type=\"button\">PURCHASE GIFT VOUCHER \/ TICKET<\/button><\/a><\/td><td><strong>CHF 555.00<\/strong>\/pers. with video<\/td><\/tr><tr><td>\u00a0<\/td><td><strong><em>IMPORTANT !<\/em><\/strong><br \/><em>To book, call the number at the top left of the gift voucher \/ ticket.<\/em><\/td><\/tr><\/tbody><\/table>\t\t\t\t\t\t<\/div>\n\t\t\t\t<\/div>\n\t\t\t\t\t<\/div>\n\t\t<\/div>\n\t\t\t\t\t\t\t<\/div>\n\t\t<\/section>\n\t\t\t\t\t\t\t<\/div>\n\t\t","protected":false},"excerpt":{"rendered":"<div align=\"justify\">\n<h2 align=\"justify\">Tandem skydiving in Sitterdorf, Canton Thurgau, Eastern Switzerland<\/h2>\n<h3>tandem jump from a plane at an altitude of 4,000 m above the ground; guaranteed adrenaline rush<\/h3>\n<\/div>\n<div align=\"justify\">\n<p>At Sitterdorf airfield, we warmly welcome you. Receive free-fall and landing instructions. Then we fit you with safety goggles. After donning your equipment and a wetsuit, board the plane. Take in the magnificent views as you climb. Now you&#8217;re ready to take the plunge. When you step off the plane, feel the adrenalin rush. Your dream has finally come true. At over 200 km\/h, feel the wind ruffle your hair. You can also make a solo jump with us. An AFF jump requires a day&#8217;s preparation. Jump with two instructors who stabilize you in the air. After opening the parachute, descend alone under your canopy. On the ground, an instructor guides you to landing by radio. An exhilarating experience awaits you!<\/p>\n<h3>Don&#8217;t forget that Swissraft&#8217;s website features numerous dropzones throughout Switzerland and Germany.<\/h3>\n<p id=\"textarea\" style=\"display: none;\">We skydive from various airfields in Switzerland: from Berom\u00fcnster, Interlaken and Reichenbach in the Bernese Oberland. From Granges, \u00c9cuvillens, \u00c9pagny and Colombier. In the canton of Vaud, we jump from Bex. In Valais, we do tandem jumps from Sion and Rarogne. We also jump into the canton of Obwalden from K\u00e4giswil airfield. We&#8217;re also jumping into Ticino from Locarno. And near Basel at Rottweil airfield in Germany.<\/p>\n<p><a id=\"seeMore\"><\/a>Read more<\/p>\n<\/div>\n","protected":false},"featured_media":89856,"comment_status":"open","ping_status":"closed","template":"","meta":{"inline_featured_image":false,"_mi_skip_tracking":false},"product_cat":[434],"product_tag":[],"class_list":["post-92750","product","type-product","status-publish","has-post-thumbnail","hentry","product_cat-tandem-parachute-jump"],"yoast_head":"<!-- This site is optimized with the Yoast SEO plugin v23.6 - https:\/\/yoast.com\/wordpress\/plugins\/seo\/ -->\n<title>Tandem skydiving in Sitterdorf. Free fall of 45 sec.<\/title>\n<meta name=\"description\" content=\"Tandem skydiving in Sitterdorf with a freefall of about 45 seconds. If you&#039;d like to experience something out of the ordinary, take the plunge!\" \/>\n<meta name=\"robots\" content=\"index, follow, max-snippet:-1, max-image-preview:large, max-video-preview:-1\" \/>\n<link rel=\"canonical\" href=\"https:\/\/www.swissraft.ch\/en\/product\/skydiving-sitterdorf-tandem-jump-aircraft\/\" \/>\n<meta property=\"og:locale\" content=\"en_US\" \/>\n<meta property=\"og:type\" content=\"article\" \/>\n<meta property=\"og:title\" content=\"Tandem skydiving in Sitterdorf. Free fall of 45 sec.\" \/>\n<meta property=\"og:description\" content=\"Tandem skydiving in Sitterdorf with a freefall of about 45 seconds. If you&#039;d like to experience something out of the ordinary, take the plunge!\" \/>\n<meta property=\"og:url\" content=\"https:\/\/www.swissraft.ch\/en\/product\/skydiving-sitterdorf-tandem-jump-aircraft\/\" \/>\n<meta property=\"og:site_name\" content=\"Swissraft\" \/>\n<meta property=\"article:modified_time\" content=\"2026-04-03T21:27:10+00:00\" \/>\n<meta property=\"og:image\" content=\"https:\/\/www.swissraft.ch\/wp-content\/uploads\/2023\/02\/1-Sitterdorf-saut-en-tandem-776x776-1.jpg\" \/>\n\t<meta property=\"og:image:width\" content=\"776\" \/>\n\t<meta property=\"og:image:height\" content=\"776\" \/>\n\t<meta property=\"og:image:type\" content=\"image\/jpeg\" \/>\n<meta name=\"twitter:card\" content=\"summary_large_image\" \/>\n<meta name=\"twitter:label1\" content=\"Est. reading time\" \/>\n\t<meta name=\"twitter:data1\" content=\"1 minute\" \/>\n<script type=\"application\/ld+json\" class=\"yoast-schema-graph\">{\"@context\":\"https:\/\/schema.org\",\"@graph\":[{\"@type\":\"WebPage\",\"@id\":\"https:\/\/www.swissraft.ch\/en\/product\/skydiving-sitterdorf-tandem-jump-aircraft\/\",\"url\":\"https:\/\/www.swissraft.ch\/en\/product\/skydiving-sitterdorf-tandem-jump-aircraft\/\",\"name\":\"Tandem skydiving in Sitterdorf. Free fall of 45 sec.\",\"isPartOf\":{\"@id\":\"https:\/\/www.swissraft.ch\/en\/#website\"},\"primaryImageOfPage\":{\"@id\":\"https:\/\/www.swissraft.ch\/en\/product\/skydiving-sitterdorf-tandem-jump-aircraft\/#primaryimage\"},\"image\":{\"@id\":\"https:\/\/www.swissraft.ch\/en\/product\/skydiving-sitterdorf-tandem-jump-aircraft\/#primaryimage\"},\"thumbnailUrl\":\"https:\/\/www.swissraft.ch\/wp-content\/uploads\/2023\/02\/1-Sitterdorf-saut-en-tandem-776x776-1.jpg\",\"datePublished\":\"2023-02-18T12:51:06+00:00\",\"dateModified\":\"2026-04-03T21:27:10+00:00\",\"description\":\"Tandem skydiving in Sitterdorf with a freefall of about 45 seconds. If you'd like to experience something out of the ordinary, take the plunge!\",\"breadcrumb\":{\"@id\":\"https:\/\/www.swissraft.ch\/en\/product\/skydiving-sitterdorf-tandem-jump-aircraft\/#breadcrumb\"},\"inLanguage\":\"en-US\",\"potentialAction\":[{\"@type\":\"ReadAction\",\"target\":[\"https:\/\/www.swissraft.ch\/en\/product\/skydiving-sitterdorf-tandem-jump-aircraft\/\"]}]},{\"@type\":\"ImageObject\",\"inLanguage\":\"en-US\",\"@id\":\"https:\/\/www.swissraft.ch\/en\/product\/skydiving-sitterdorf-tandem-jump-aircraft\/#primaryimage\",\"url\":\"https:\/\/www.swissraft.ch\/wp-content\/uploads\/2023\/02\/1-Sitterdorf-saut-en-tandem-776x776-1.jpg\",\"contentUrl\":\"https:\/\/www.swissraft.ch\/wp-content\/uploads\/2023\/02\/1-Sitterdorf-saut-en-tandem-776x776-1.jpg\",\"width\":776,\"height\":776,\"caption\":\"Sitterdorf tandem parachute jump\"},{\"@type\":\"BreadcrumbList\",\"@id\":\"https:\/\/www.swissraft.ch\/en\/product\/skydiving-sitterdorf-tandem-jump-aircraft\/#breadcrumb\",\"itemListElement\":[{\"@type\":\"ListItem\",\"position\":1,\"name\":\"Accueil\",\"item\":\"https:\/\/www.swissraft.ch\/en\/\"},{\"@type\":\"ListItem\",\"position\":2,\"name\":\"Store\",\"item\":\"https:\/\/www.swissraft.ch\/en\/store\/\"},{\"@type\":\"ListItem\",\"position\":3,\"name\":\"Skydiving in Sitterdorf &#8211; Tandem jumping from a plane &#8211; From CHF 405.00\"}]},{\"@type\":\"WebSite\",\"@id\":\"https:\/\/www.swissraft.ch\/en\/#website\",\"url\":\"https:\/\/www.swissraft.ch\/en\/\",\"name\":\"Swissraft\",\"description\":\"To enjoy nature as it is\",\"publisher\":{\"@id\":\"https:\/\/www.swissraft.ch\/en\/#organization\"},\"potentialAction\":[{\"@type\":\"SearchAction\",\"target\":{\"@type\":\"EntryPoint\",\"urlTemplate\":\"https:\/\/www.swissraft.ch\/en\/?s={search_term_string}\"},\"query-input\":{\"@type\":\"PropertyValueSpecification\",\"valueRequired\":true,\"valueName\":\"search_term_string\"}}],\"inLanguage\":\"en-US\"},{\"@type\":\"Organization\",\"@id\":\"https:\/\/www.swissraft.ch\/en\/#organization\",\"name\":\"Swissraft\",\"url\":\"https:\/\/www.swissraft.ch\/en\/\",\"logo\":{\"@type\":\"ImageObject\",\"inLanguage\":\"en-US\",\"@id\":\"https:\/\/www.swissraft.ch\/en\/#\/schema\/logo\/image\/\",\"url\":\"https:\/\/www.swissraft.ch\/wp-content\/uploads\/2025\/09\/Capture.jpg\",\"contentUrl\":\"https:\/\/www.swissraft.ch\/wp-content\/uploads\/2025\/09\/Capture.jpg\",\"width\":293,\"height\":108,\"caption\":\"Swissraft\"},\"image\":{\"@id\":\"https:\/\/www.swissraft.ch\/en\/#\/schema\/logo\/image\/\"}}]}<\/script>\n<!-- \/ Yoast SEO plugin. -->","yoast_head_json":{"title":"Tandem skydiving in Sitterdorf. Free fall of 45 sec.","description":"Tandem skydiving in Sitterdorf with a freefall of about 45 seconds. If you'd like to experience something out of the ordinary, take the plunge!","robots":{"index":"index","follow":"follow","max-snippet":"max-snippet:-1","max-image-preview":"max-image-preview:large","max-video-preview":"max-video-preview:-1"},"canonical":"https:\/\/www.swissraft.ch\/en\/product\/skydiving-sitterdorf-tandem-jump-aircraft\/","og_locale":"en_US","og_type":"article","og_title":"Tandem skydiving in Sitterdorf. Free fall of 45 sec.","og_description":"Tandem skydiving in Sitterdorf with a freefall of about 45 seconds. If you'd like to experience something out of the ordinary, take the plunge!","og_url":"https:\/\/www.swissraft.ch\/en\/product\/skydiving-sitterdorf-tandem-jump-aircraft\/","og_site_name":"Swissraft","article_modified_time":"2026-04-03T21:27:10+00:00","og_image":[{"width":776,"height":776,"url":"https:\/\/www.swissraft.ch\/wp-content\/uploads\/2023\/02\/1-Sitterdorf-saut-en-tandem-776x776-1.jpg","type":"image\/jpeg"}],"twitter_card":"summary_large_image","twitter_misc":{"Est. reading time":"1 minute"},"schema":{"@context":"https:\/\/schema.org","@graph":[{"@type":"WebPage","@id":"https:\/\/www.swissraft.ch\/en\/product\/skydiving-sitterdorf-tandem-jump-aircraft\/","url":"https:\/\/www.swissraft.ch\/en\/product\/skydiving-sitterdorf-tandem-jump-aircraft\/","name":"Tandem skydiving in Sitterdorf. Free fall of 45 sec.","isPartOf":{"@id":"https:\/\/www.swissraft.ch\/en\/#website"},"primaryImageOfPage":{"@id":"https:\/\/www.swissraft.ch\/en\/product\/skydiving-sitterdorf-tandem-jump-aircraft\/#primaryimage"},"image":{"@id":"https:\/\/www.swissraft.ch\/en\/product\/skydiving-sitterdorf-tandem-jump-aircraft\/#primaryimage"},"thumbnailUrl":"https:\/\/www.swissraft.ch\/wp-content\/uploads\/2023\/02\/1-Sitterdorf-saut-en-tandem-776x776-1.jpg","datePublished":"2023-02-18T12:51:06+00:00","dateModified":"2026-04-03T21:27:10+00:00","description":"Tandem skydiving in Sitterdorf with a freefall of about 45 seconds. If you'd like to experience something out of the ordinary, take the plunge!","breadcrumb":{"@id":"https:\/\/www.swissraft.ch\/en\/product\/skydiving-sitterdorf-tandem-jump-aircraft\/#breadcrumb"},"inLanguage":"en-US","potentialAction":[{"@type":"ReadAction","target":["https:\/\/www.swissraft.ch\/en\/product\/skydiving-sitterdorf-tandem-jump-aircraft\/"]}]},{"@type":"ImageObject","inLanguage":"en-US","@id":"https:\/\/www.swissraft.ch\/en\/product\/skydiving-sitterdorf-tandem-jump-aircraft\/#primaryimage","url":"https:\/\/www.swissraft.ch\/wp-content\/uploads\/2023\/02\/1-Sitterdorf-saut-en-tandem-776x776-1.jpg","contentUrl":"https:\/\/www.swissraft.ch\/wp-content\/uploads\/2023\/02\/1-Sitterdorf-saut-en-tandem-776x776-1.jpg","width":776,"height":776,"caption":"Sitterdorf tandem parachute jump"},{"@type":"BreadcrumbList","@id":"https:\/\/www.swissraft.ch\/en\/product\/skydiving-sitterdorf-tandem-jump-aircraft\/#breadcrumb","itemListElement":[{"@type":"ListItem","position":1,"name":"Accueil","item":"https:\/\/www.swissraft.ch\/en\/"},{"@type":"ListItem","position":2,"name":"Store","item":"https:\/\/www.swissraft.ch\/en\/store\/"},{"@type":"ListItem","position":3,"name":"Skydiving in Sitterdorf &#8211; Tandem jumping from a plane &#8211; From CHF 405.00"}]},{"@type":"WebSite","@id":"https:\/\/www.swissraft.ch\/en\/#website","url":"https:\/\/www.swissraft.ch\/en\/","name":"Swissraft","description":"To enjoy nature as it is","publisher":{"@id":"https:\/\/www.swissraft.ch\/en\/#organization"},"potentialAction":[{"@type":"SearchAction","target":{"@type":"EntryPoint","urlTemplate":"https:\/\/www.swissraft.ch\/en\/?s={search_term_string}"},"query-input":{"@type":"PropertyValueSpecification","valueRequired":true,"valueName":"search_term_string"}}],"inLanguage":"en-US"},{"@type":"Organization","@id":"https:\/\/www.swissraft.ch\/en\/#organization","name":"Swissraft","url":"https:\/\/www.swissraft.ch\/en\/","logo":{"@type":"ImageObject","inLanguage":"en-US","@id":"https:\/\/www.swissraft.ch\/en\/#\/schema\/logo\/image\/","url":"https:\/\/www.swissraft.ch\/wp-content\/uploads\/2025\/09\/Capture.jpg","contentUrl":"https:\/\/www.swissraft.ch\/wp-content\/uploads\/2025\/09\/Capture.jpg","width":293,"height":108,"caption":"Swissraft"},"image":{"@id":"https:\/\/www.swissraft.ch\/en\/#\/schema\/logo\/image\/"}}]}},"_links":{"self":[{"href":"https:\/\/www.swissraft.ch\/en\/wp-json\/wp\/v2\/product\/92750","targetHints":{"allow":["GET"]}}],"collection":[{"href":"https:\/\/www.swissraft.ch\/en\/wp-json\/wp\/v2\/product"}],"about":[{"href":"https:\/\/www.swissraft.ch\/en\/wp-json\/wp\/v2\/types\/product"}],"replies":[{"embeddable":true,"href":"https:\/\/www.swissraft.ch\/en\/wp-json\/wp\/v2\/comments?post=92750"}],"version-history":[{"count":35,"href":"https:\/\/www.swissraft.ch\/en\/wp-json\/wp\/v2\/product\/92750\/revisions"}],"predecessor-version":[{"id":136347,"href":"https:\/\/www.swissraft.ch\/en\/wp-json\/wp\/v2\/product\/92750\/revisions\/136347"}],"wp:featuredmedia":[{"embeddable":true,"href":"https:\/\/www.swissraft.ch\/en\/wp-json\/wp\/v2\/media\/89856"}],"wp:attachment":[{"href":"https:\/\/www.swissraft.ch\/en\/wp-json\/wp\/v2\/media?parent=92750"}],"wp:term":[{"taxonomy":"product_cat","embeddable":true,"href":"https:\/\/www.swissraft.ch\/en\/wp-json\/wp\/v2\/product_cat?post=92750"},{"taxonomy":"product_tag","embeddable":true,"href":"https:\/\/www.swissraft.ch\/en\/wp-json\/wp\/v2\/product_tag?post=92750"}],"curies":[{"name":"wp","href":"https:\/\/api.w.org\/{rel}","templated":true}]}}