{"id":92743,"date":"2023-02-18T13:29:15","date_gmt":"2023-02-18T12:29:15","guid":{"rendered":"https:\/\/swissraft.xyanzkdne.eu\/product\/parachute-jumping-in-granges-tandem-jumping-from-a-plane-from-chf-365-00\/"},"modified":"2026-04-03T23:47:08","modified_gmt":"2026-04-03T21:47:08","slug":"skydiving-granges-tandem-jump-plane","status":"publish","type":"product","link":"https:\/\/www.swissraft.ch\/en\/product\/skydiving-granges-tandem-jump-plane\/","title":{"rendered":"Skydiving in Granges &#8211; Tandem jumping from a plane &#8211; From CHF 365.00"},"content":{"rendered":"\t\t<div data-elementor-type=\"wp-post\" data-elementor-id=\"92743\" class=\"elementor elementor-92743 elementor-30910\">\n\t\t\t\t\t\t\t\t\t<section class=\"elementor-section elementor-top-section elementor-element elementor-element-3303a7e3 elementor-section-boxed elementor-section-height-default elementor-section-height-default\" data-id=\"3303a7e3\" data-element_type=\"section\">\n\t\t\t\t\t\t<div class=\"elementor-container elementor-column-gap-default\">\n\t\t\t\t\t<div class=\"elementor-column elementor-col-100 elementor-top-column elementor-element elementor-element-16d72dbf\" data-id=\"16d72dbf\" data-element_type=\"column\">\n\t\t\t<div class=\"elementor-widget-wrap elementor-element-populated\">\n\t\t\t\t\t\t\t\t<div class=\"elementor-element elementor-element-d743c03 elementor-widget elementor-widget-text-editor\" data-id=\"d743c03\" data-element_type=\"widget\" data-widget_type=\"text-editor.default\">\n\t\t\t\t<div class=\"elementor-widget-container\">\n\t\t\t\t\t\t\t<h2>CHOOSE YOUR ACTIVITY BELOW TO OFFER GIFT VOUCHERS \/ TICKETS OR MAKE A RESERVATION<\/h2><table border=\"0\" width=\"580\" cellspacing=\"10\" cellpadding=\"10\"><tbody><tr><td width=\"50%\"><strong>1) TANDEM SKYDIVING &#8211; GRANGES &#8211; DURING THE WEEK<\/strong><\/td><td><strong>CHF 365.00 per person<span class=\"productPrice\"><br \/><\/span><\/strong><\/td><\/tr><tr><td>Further information<\/td><td><span class=\"patt\">&#8211;<span class=\"plbl\"> Sports shoes without hooks<br \/>&#8211; Must not be fasting<br \/>&#8211; Must not be under the influence of alcohol or other substances<br \/>&#8211; Parental consent required for minors<br \/><\/span>&#8211; One accompanying person per flight possible on request : <strong>CHF 70.00<\/strong><\/span><\/td><\/tr><tr><td>Schedules<\/td><td>When you make your reservation, you will be asked to choose a time<\/td><\/tr><tr><td>Freefall duration<\/td><td>approx. 45 seconds<\/td><\/tr><tr><td>Total duration<\/td><td>approx. 4 hrs<\/td><\/tr><tr><td>Aerodrome<\/td><td><a href=\"https:\/\/www.google.com\/maps\/place\/47%C2%B010'58.4%22N+7%C2%B024'43.9%22E\/@47.1830642,7.4032848,1534m\/data=!3m1!1e3!4m4!3m3!8m2!3d47.1828889!4d7.4121944?entry=ttu\" target=\"_blank\" rel=\"noopener\">Granges<\/a><\/td><\/tr><tr><td><button class=\"elementor-button\" type=\"button\"><a href=\"https:\/\/swissraft.outdoorbooking.ch\/fo\/products\/149?base_id=40&amp;category_id=5&amp;order_type=gift_voucher&amp;lang=en\" target=\"_blank\" rel=\"noopener\">PURCHASE GIFT VOUCHER \/ TICKET<\/a><\/button><\/td><td><a href=\"https:\/\/swissraft.outdoorbooking.ch\/fo\/products\/149?base_id=40&amp;category_id=5&amp;order_type=event&amp;lang=en\" target=\"_blank\" rel=\"noopener\">BOOK YOUR JUMP DATE<\/a>\u00a0 <strong>CHF 365.00<\/strong>\/pers.<\/td><\/tr><tr><td><button class=\"elementor-button\" type=\"button\"><a href=\"https:\/\/swissraft.outdoorbooking.ch\/fo\/products\/261?base_id=40&amp;category_id=5&amp;order_type=gift_voucher&amp;lang=en\" target=\"_blank\" rel=\"noopener\">PURCHASE GIFT VOUCHER \/ TICKET<\/a><\/button><\/td><td><a href=\"https:\/\/swissraft.outdoorbooking.ch\/fo\/products\/261?base_id=40&amp;category_id=5&amp;order_type=event&amp;lang=en\" target=\"_blank\" rel=\"noopener\">BOOK YOUR JUMP DATE<\/a>\u00a0 <strong>CHF 515.00<\/strong>\/pers. with video<\/td><\/tr><\/tbody><\/table><table border=\"0\" width=\"580\" cellspacing=\"10\" cellpadding=\"10\"><tbody><tr><td width=\"50%\"><strong>2) TANDEM SKYDIVING &#8211; GRANGES &#8211; WEEKEND AND HOLIDAY<\/strong><\/td><td><strong>CHF 395.00 per person<span class=\"productPrice\"><br \/><\/span><\/strong><\/td><\/tr><tr><td>Further information<\/td><td><span class=\"patt\"><span class=\"plbl\">&#8211; Sport shoes without hooks<br \/>&#8211; Do not fast<br \/>&#8211; Not be under the influence of alcohol or other substances<br \/>&#8211; Parental consent for minors<br \/>&#8211; Youth price : <strong>CHF 365.00<\/strong>\/pers. up to 20 years old<br \/><\/span>&#8211; One accompanying person per flight available on request : <strong>CHF 70.00<\/strong><\/span><\/td><\/tr><tr><td>Schedules<\/td><td>When you make your reservation, you will be asked to choose a time<\/td><\/tr><tr><td>Freefall duration<\/td><td>approx. 45 seconds<\/td><\/tr><tr><td>Total duration<\/td><td>approx. 4 hrs<\/td><\/tr><tr><td>Aerodrome<\/td><td><a href=\"https:\/\/www.google.com\/maps\/place\/47%C2%B010'58.4%22N+7%C2%B024'43.9%22E\/@47.1830642,7.4032848,1534m\/data=!3m1!1e3!4m4!3m3!8m2!3d47.1828889!4d7.4121944?entry=ttu\" target=\"_blank\" rel=\"noopener\">Granges<\/a><\/td><\/tr><tr><td><button class=\"elementor-button\" type=\"button\"><a href=\"https:\/\/swissraft.outdoorbooking.ch\/fo\/products\/262?base_id=40&amp;category_id=5&amp;order_type=gift_voucher&amp;lang=enr\" target=\"_blank\" rel=\"noopener\">PURCHASE GIFT VOUCHER \/ TICKET<\/a><\/button><\/td><td><a href=\"https:\/\/swissraft.outdoorbooking.ch\/fo\/products\/262?base_id=40&amp;category_id=5&amp;order_type=event&amp;lang=en\" target=\"_blank\" rel=\"noopener\">BOOK WEEKENDS AND PUBLIC HOLIDAYS<\/a>\u00a0 <strong>CHF 395.00<\/strong>\/pers.<\/td><\/tr><tr><td><button class=\"elementor-button\" type=\"button\"><a href=\"https:\/\/swissraft.outdoorbooking.ch\/fo\/products\/263?base_id=40&amp;category_id=5&amp;order_type=gift_voucher&amp;lang=en\" target=\"_blank\" rel=\"noopener\">PURCHASE GIFT VOUCHER \/ TICKET<\/a><\/button><\/td><td><a href=\"https:\/\/swissraft.outdoorbooking.ch\/fo\/products\/263?base_id=40&amp;category_id=5&amp;order_type=event&amp;lang=en\" target=\"_blank\" rel=\"noopener\">BOOK WEEKENDS AND PUBLIC HOLIDAYS<\/a>\u00a0 <strong>CHF 545.00<\/strong>\/pers. with video<\/td><\/tr><\/tbody><\/table><table border=\"0\" width=\"580\" cellspacing=\"10\" cellpadding=\"10\"><tbody><tr><td width=\"50%\"><strong>3) SOLO JUMP AFF FREEFALL &#8211; GRANGES<\/strong><\/td><td><strong>CHF 495.00 per person<span class=\"productPrice\"><br \/><\/span><\/strong><\/td><\/tr><tr><td>Further information<\/td><td><span class=\"patt\">&#8211;<span class=\"plbl\"> Sports shoes without hooks<br \/>&#8211; Not to be fasting<br \/>&#8211; Not to be under the influence of alcohol or other substances<br \/>&#8211; Parental permission for minors<br \/>&#8211; Minimum height : 1m50<br \/><\/span>&#8211; One accompanying person per flight possible on request : CHF <strong>70.00<\/strong><\/span><\/td><\/tr><tr><td>Schedules<\/td><td>When you make your reservation, you will be asked to choose a time<\/td><\/tr><tr><td>Freefall duration<\/td><td>approx. 45 seconds<\/td><\/tr><tr><td>Total duration<\/td><td>1 day<\/td><\/tr><tr><td>Aerodrome<\/td><td><a href=\"https:\/\/www.google.com\/maps\/place\/47%C2%B010'58.4%22N+7%C2%B024'43.9%22E\/@47.1830642,7.4032848,1534m\/data=!3m1!1e3!4m4!3m3!8m2!3d47.1828889!4d7.4121944?entry=ttu\" target=\"_blank\" rel=\"noopener\">Granges<\/a><\/td><\/tr><tr><td><button class=\"elementor-button\" type=\"button\"><a href=\"https:\/\/swissraft.outdoorbooking.ch\/fo\/products\/1322?base_id=40&amp;category_id=5&amp;order_type=gift_voucher&amp;lang=en\" target=\"_blank\" rel=\"noopener\">PURCHASE GIFT VOUCHER \/ TICKET<\/a><\/button><\/td><td><a href=\"https:\/\/swissraft.outdoorbooking.ch\/fo\/products\/1322?base_id=40&amp;category_id=5&amp;order_type=event&amp;lang=en\" target=\"_blank\" rel=\"noopener\">BOOK YOUR JUMP DATE<\/a>\u00a0 <strong>CHF 495.00<\/strong>\/pers. free fall AFF<\/td><\/tr><tr><td><button class=\"elementor-button\" type=\"button\"><a href=\"https:\/\/swissraft.outdoorbooking.ch\/fo\/products\/1321?base_id=40&amp;category_id=5&amp;order_type=gift_voucher&amp;lang=en\" target=\"_blank\" rel=\"noopener\">PURCHASE GIFT VOUCHER \/ TICKET<\/a><\/button><\/td><td><a href=\"https:\/\/swissraft.outdoorbooking.ch\/fo\/products\/1321?base_id=40&amp;category_id=5&amp;order_type=event&amp;lang=en\" target=\"_blank\" rel=\"noopener\">BOOK YOUR JUMP DATE<\/a>\u00a0 <strong>CHF 645.00<\/strong>\/pers. AFF freefall with video<\/td><\/tr><\/tbody><\/table>\t\t\t\t\t\t<\/div>\n\t\t\t\t<\/div>\n\t\t\t\t\t<\/div>\n\t\t<\/div>\n\t\t\t\t\t\t\t<\/div>\n\t\t<\/section>\n\t\t\t\t\t\t\t<\/div>\n\t\t","protected":false},"excerpt":{"rendered":"<div align=\"justify\">\n<h2 align=\"justify\">Make a tandem parachute jump at Grenchen airfield in the canton of Solothurn<\/h2>\n<h3>A must-do experience. It&#8217;s a chance to push back your limits and your fears.<\/h3>\n<\/div>\n<div align=\"justify\">\n<p>First you&#8217;ll be greeted by an instructor-pilot in our dropzone at Grenchen airfield. Then you prepare yourself under the watchful eye of your instructor. You do some body exercises; position your head and arms during freefall. Secondly, you&#8217;ll need goggles, a helmet and possibly a suit. Then comes the moment when you board the plane with a little apprehension. Don&#8217;t worry, your instructor-pilot has thousands of jumps under his belt.<br \/>\nWhat&#8217;s more, during the ascent, which lasts around 20 minutes, you can enjoy the beautiful view from the airplane. The pressure eases and you relax a little. The pilot of the plane at 4000 m altitude gives the GO! You&#8217;re in front of your pilot and approaching the exit door. One last check and off we go at nearly 200 km\/h in free fall. After around 45 seconds, your pilot opens the parachute and suddenly there&#8217;s silence, the sound of the wind fading away. You descend smoothly and land softly after a few minutes. Remember to immortalize your tandem jump by ordering a video when you book online on our site. What&#8217;s more, if you want to go skydiving on your own, you can do so with us. This is called an AFF jump and requires a day&#8217;s preparation. You jump accompanied by 2 instructors who will follow you throughout the freefall. As soon as your parachute opens after about 45 seconds, you continue your descent on your own. You are in radio contact with an instructor on the ground, who guides you through to landing. For the less adventurous, we have free-fall simulators in Sion and Winterthur. You get exactly the same sensations as in a real freefall.<\/p>\n<h3>We offer numerous dropzones in Switzerland from various airfields, as well as in Germany near Basel.<\/h3>\n<p id=\"textarea\" style=\"display: none;\">\nWe do tandem jumps from Interlaken and Reichenbach airfields in the Bernese Oberland. We also parachute from Berom\u00fcnster and Triengen airfields in the canton of Lucerne. We also do tandem parachute jumps at \u00c9cuvillens and \u00c9pagny airfields in the canton of Fribourg. We also have a dropzone at Colombier airfield in the canton of Neuch\u00e2tel. The same applies to Bex airfield in the canton of Vaud. We also do tandem jumps in Valais at Sion airport and Rarogne airfield. We also have a dropzone in Thurgau at Sitterdorf airfield. But we also do tandem jumps from Locarno airfield. Finally, in Germany near Basel, we parachute from Rottweil airfield, where we have a dropzone.\n<\/p>\n<p><a id=\"seeMore\" onclick=\"toggleSeeMore()\" href=\"javascript:void(0);\">Read more<\/a><\/p>\n","protected":false},"featured_media":87810,"comment_status":"open","ping_status":"closed","template":"","meta":{"inline_featured_image":false,"_mi_skip_tracking":false},"product_cat":[434],"product_tag":[],"class_list":["post-92743","product","type-product","status-publish","has-post-thumbnail","hentry","product_cat-tandem-parachute-jump"],"yoast_head":"<!-- This site is optimized with the Yoast SEO plugin v23.6 - https:\/\/yoast.com\/wordpress\/plugins\/seo\/ -->\n<title>Tandem skydiving Granges. Free fall of 45 seconds<\/title>\n<meta name=\"description\" content=\"Tandem skydiving Granges. With your pilot, you jump from an altitude of 4,000 m and free-fall for 45 seconds at nearly 200 km\/h.\" \/>\n<meta name=\"robots\" content=\"index, follow, max-snippet:-1, max-image-preview:large, max-video-preview:-1\" \/>\n<link rel=\"canonical\" href=\"https:\/\/www.swissraft.ch\/en\/product\/skydiving-granges-tandem-jump-plane\/\" \/>\n<meta property=\"og:locale\" content=\"en_US\" \/>\n<meta property=\"og:type\" content=\"article\" \/>\n<meta property=\"og:title\" content=\"Tandem skydiving Granges. Free fall of 45 seconds\" \/>\n<meta property=\"og:description\" content=\"Tandem skydiving Granges. With your pilot, you jump from an altitude of 4,000 m and free-fall for 45 seconds at nearly 200 km\/h.\" \/>\n<meta property=\"og:url\" content=\"https:\/\/www.swissraft.ch\/en\/product\/skydiving-granges-tandem-jump-plane\/\" \/>\n<meta property=\"og:site_name\" content=\"Swissraft\" \/>\n<meta property=\"article:modified_time\" content=\"2026-04-03T21:47:08+00:00\" \/>\n<meta property=\"og:image\" content=\"https:\/\/www.swissraft.ch\/wp-content\/uploads\/2023\/02\/1-GRENCHEN-776x776-1.jpg\" \/>\n\t<meta property=\"og:image:width\" content=\"776\" \/>\n\t<meta property=\"og:image:height\" content=\"776\" \/>\n\t<meta property=\"og:image:type\" content=\"image\/jpeg\" \/>\n<meta name=\"twitter:card\" content=\"summary_large_image\" \/>\n<meta name=\"twitter:label1\" content=\"Est. reading time\" \/>\n\t<meta name=\"twitter:data1\" content=\"2 minutes\" \/>\n<script type=\"application\/ld+json\" class=\"yoast-schema-graph\">{\"@context\":\"https:\/\/schema.org\",\"@graph\":[{\"@type\":\"WebPage\",\"@id\":\"https:\/\/www.swissraft.ch\/en\/product\/skydiving-granges-tandem-jump-plane\/\",\"url\":\"https:\/\/www.swissraft.ch\/en\/product\/skydiving-granges-tandem-jump-plane\/\",\"name\":\"Tandem skydiving Granges. Free fall of 45 seconds\",\"isPartOf\":{\"@id\":\"https:\/\/www.swissraft.ch\/en\/#website\"},\"primaryImageOfPage\":{\"@id\":\"https:\/\/www.swissraft.ch\/en\/product\/skydiving-granges-tandem-jump-plane\/#primaryimage\"},\"image\":{\"@id\":\"https:\/\/www.swissraft.ch\/en\/product\/skydiving-granges-tandem-jump-plane\/#primaryimage\"},\"thumbnailUrl\":\"https:\/\/www.swissraft.ch\/wp-content\/uploads\/2023\/02\/1-GRENCHEN-776x776-1.jpg\",\"datePublished\":\"2023-02-18T12:29:15+00:00\",\"dateModified\":\"2026-04-03T21:47:08+00:00\",\"description\":\"Tandem skydiving Granges. With your pilot, you jump from an altitude of 4,000 m and free-fall for 45 seconds at nearly 200 km\/h.\",\"breadcrumb\":{\"@id\":\"https:\/\/www.swissraft.ch\/en\/product\/skydiving-granges-tandem-jump-plane\/#breadcrumb\"},\"inLanguage\":\"en-US\",\"potentialAction\":[{\"@type\":\"ReadAction\",\"target\":[\"https:\/\/www.swissraft.ch\/en\/product\/skydiving-granges-tandem-jump-plane\/\"]}]},{\"@type\":\"ImageObject\",\"inLanguage\":\"en-US\",\"@id\":\"https:\/\/www.swissraft.ch\/en\/product\/skydiving-granges-tandem-jump-plane\/#primaryimage\",\"url\":\"https:\/\/www.swissraft.ch\/wp-content\/uploads\/2023\/02\/1-GRENCHEN-776x776-1.jpg\",\"contentUrl\":\"https:\/\/www.swissraft.ch\/wp-content\/uploads\/2023\/02\/1-GRENCHEN-776x776-1.jpg\",\"width\":776,\"height\":776,\"caption\":\"Tandem skydiving Granges\"},{\"@type\":\"BreadcrumbList\",\"@id\":\"https:\/\/www.swissraft.ch\/en\/product\/skydiving-granges-tandem-jump-plane\/#breadcrumb\",\"itemListElement\":[{\"@type\":\"ListItem\",\"position\":1,\"name\":\"Accueil\",\"item\":\"https:\/\/www.swissraft.ch\/en\/\"},{\"@type\":\"ListItem\",\"position\":2,\"name\":\"Store\",\"item\":\"https:\/\/www.swissraft.ch\/en\/store\/\"},{\"@type\":\"ListItem\",\"position\":3,\"name\":\"Skydiving in Granges &#8211; Tandem jumping from a plane &#8211; From CHF 365.00\"}]},{\"@type\":\"WebSite\",\"@id\":\"https:\/\/www.swissraft.ch\/en\/#website\",\"url\":\"https:\/\/www.swissraft.ch\/en\/\",\"name\":\"Swissraft\",\"description\":\"To enjoy nature as it is\",\"publisher\":{\"@id\":\"https:\/\/www.swissraft.ch\/en\/#organization\"},\"potentialAction\":[{\"@type\":\"SearchAction\",\"target\":{\"@type\":\"EntryPoint\",\"urlTemplate\":\"https:\/\/www.swissraft.ch\/en\/?s={search_term_string}\"},\"query-input\":{\"@type\":\"PropertyValueSpecification\",\"valueRequired\":true,\"valueName\":\"search_term_string\"}}],\"inLanguage\":\"en-US\"},{\"@type\":\"Organization\",\"@id\":\"https:\/\/www.swissraft.ch\/en\/#organization\",\"name\":\"Swissraft\",\"url\":\"https:\/\/www.swissraft.ch\/en\/\",\"logo\":{\"@type\":\"ImageObject\",\"inLanguage\":\"en-US\",\"@id\":\"https:\/\/www.swissraft.ch\/en\/#\/schema\/logo\/image\/\",\"url\":\"https:\/\/www.swissraft.ch\/wp-content\/uploads\/2025\/09\/Capture.jpg\",\"contentUrl\":\"https:\/\/www.swissraft.ch\/wp-content\/uploads\/2025\/09\/Capture.jpg\",\"width\":293,\"height\":108,\"caption\":\"Swissraft\"},\"image\":{\"@id\":\"https:\/\/www.swissraft.ch\/en\/#\/schema\/logo\/image\/\"}}]}<\/script>\n<!-- \/ Yoast SEO plugin. -->","yoast_head_json":{"title":"Tandem skydiving Granges. Free fall of 45 seconds","description":"Tandem skydiving Granges. With your pilot, you jump from an altitude of 4,000 m and free-fall for 45 seconds at nearly 200 km\/h.","robots":{"index":"index","follow":"follow","max-snippet":"max-snippet:-1","max-image-preview":"max-image-preview:large","max-video-preview":"max-video-preview:-1"},"canonical":"https:\/\/www.swissraft.ch\/en\/product\/skydiving-granges-tandem-jump-plane\/","og_locale":"en_US","og_type":"article","og_title":"Tandem skydiving Granges. Free fall of 45 seconds","og_description":"Tandem skydiving Granges. With your pilot, you jump from an altitude of 4,000 m and free-fall for 45 seconds at nearly 200 km\/h.","og_url":"https:\/\/www.swissraft.ch\/en\/product\/skydiving-granges-tandem-jump-plane\/","og_site_name":"Swissraft","article_modified_time":"2026-04-03T21:47:08+00:00","og_image":[{"width":776,"height":776,"url":"https:\/\/www.swissraft.ch\/wp-content\/uploads\/2023\/02\/1-GRENCHEN-776x776-1.jpg","type":"image\/jpeg"}],"twitter_card":"summary_large_image","twitter_misc":{"Est. reading time":"2 minutes"},"schema":{"@context":"https:\/\/schema.org","@graph":[{"@type":"WebPage","@id":"https:\/\/www.swissraft.ch\/en\/product\/skydiving-granges-tandem-jump-plane\/","url":"https:\/\/www.swissraft.ch\/en\/product\/skydiving-granges-tandem-jump-plane\/","name":"Tandem skydiving Granges. Free fall of 45 seconds","isPartOf":{"@id":"https:\/\/www.swissraft.ch\/en\/#website"},"primaryImageOfPage":{"@id":"https:\/\/www.swissraft.ch\/en\/product\/skydiving-granges-tandem-jump-plane\/#primaryimage"},"image":{"@id":"https:\/\/www.swissraft.ch\/en\/product\/skydiving-granges-tandem-jump-plane\/#primaryimage"},"thumbnailUrl":"https:\/\/www.swissraft.ch\/wp-content\/uploads\/2023\/02\/1-GRENCHEN-776x776-1.jpg","datePublished":"2023-02-18T12:29:15+00:00","dateModified":"2026-04-03T21:47:08+00:00","description":"Tandem skydiving Granges. With your pilot, you jump from an altitude of 4,000 m and free-fall for 45 seconds at nearly 200 km\/h.","breadcrumb":{"@id":"https:\/\/www.swissraft.ch\/en\/product\/skydiving-granges-tandem-jump-plane\/#breadcrumb"},"inLanguage":"en-US","potentialAction":[{"@type":"ReadAction","target":["https:\/\/www.swissraft.ch\/en\/product\/skydiving-granges-tandem-jump-plane\/"]}]},{"@type":"ImageObject","inLanguage":"en-US","@id":"https:\/\/www.swissraft.ch\/en\/product\/skydiving-granges-tandem-jump-plane\/#primaryimage","url":"https:\/\/www.swissraft.ch\/wp-content\/uploads\/2023\/02\/1-GRENCHEN-776x776-1.jpg","contentUrl":"https:\/\/www.swissraft.ch\/wp-content\/uploads\/2023\/02\/1-GRENCHEN-776x776-1.jpg","width":776,"height":776,"caption":"Tandem skydiving Granges"},{"@type":"BreadcrumbList","@id":"https:\/\/www.swissraft.ch\/en\/product\/skydiving-granges-tandem-jump-plane\/#breadcrumb","itemListElement":[{"@type":"ListItem","position":1,"name":"Accueil","item":"https:\/\/www.swissraft.ch\/en\/"},{"@type":"ListItem","position":2,"name":"Store","item":"https:\/\/www.swissraft.ch\/en\/store\/"},{"@type":"ListItem","position":3,"name":"Skydiving in Granges &#8211; Tandem jumping from a plane &#8211; From CHF 365.00"}]},{"@type":"WebSite","@id":"https:\/\/www.swissraft.ch\/en\/#website","url":"https:\/\/www.swissraft.ch\/en\/","name":"Swissraft","description":"To enjoy nature as it is","publisher":{"@id":"https:\/\/www.swissraft.ch\/en\/#organization"},"potentialAction":[{"@type":"SearchAction","target":{"@type":"EntryPoint","urlTemplate":"https:\/\/www.swissraft.ch\/en\/?s={search_term_string}"},"query-input":{"@type":"PropertyValueSpecification","valueRequired":true,"valueName":"search_term_string"}}],"inLanguage":"en-US"},{"@type":"Organization","@id":"https:\/\/www.swissraft.ch\/en\/#organization","name":"Swissraft","url":"https:\/\/www.swissraft.ch\/en\/","logo":{"@type":"ImageObject","inLanguage":"en-US","@id":"https:\/\/www.swissraft.ch\/en\/#\/schema\/logo\/image\/","url":"https:\/\/www.swissraft.ch\/wp-content\/uploads\/2025\/09\/Capture.jpg","contentUrl":"https:\/\/www.swissraft.ch\/wp-content\/uploads\/2025\/09\/Capture.jpg","width":293,"height":108,"caption":"Swissraft"},"image":{"@id":"https:\/\/www.swissraft.ch\/en\/#\/schema\/logo\/image\/"}}]}},"_links":{"self":[{"href":"https:\/\/www.swissraft.ch\/en\/wp-json\/wp\/v2\/product\/92743","targetHints":{"allow":["GET"]}}],"collection":[{"href":"https:\/\/www.swissraft.ch\/en\/wp-json\/wp\/v2\/product"}],"about":[{"href":"https:\/\/www.swissraft.ch\/en\/wp-json\/wp\/v2\/types\/product"}],"replies":[{"embeddable":true,"href":"https:\/\/www.swissraft.ch\/en\/wp-json\/wp\/v2\/comments?post=92743"}],"version-history":[{"count":52,"href":"https:\/\/www.swissraft.ch\/en\/wp-json\/wp\/v2\/product\/92743\/revisions"}],"predecessor-version":[{"id":136378,"href":"https:\/\/www.swissraft.ch\/en\/wp-json\/wp\/v2\/product\/92743\/revisions\/136378"}],"wp:featuredmedia":[{"embeddable":true,"href":"https:\/\/www.swissraft.ch\/en\/wp-json\/wp\/v2\/media\/87810"}],"wp:attachment":[{"href":"https:\/\/www.swissraft.ch\/en\/wp-json\/wp\/v2\/media?parent=92743"}],"wp:term":[{"taxonomy":"product_cat","embeddable":true,"href":"https:\/\/www.swissraft.ch\/en\/wp-json\/wp\/v2\/product_cat?post=92743"},{"taxonomy":"product_tag","embeddable":true,"href":"https:\/\/www.swissraft.ch\/en\/wp-json\/wp\/v2\/product_tag?post=92743"}],"curies":[{"name":"wp","href":"https:\/\/api.w.org\/{rel}","templated":true}]}}