{"id":92739,"date":"2023-02-18T12:28:37","date_gmt":"2023-02-18T11:28:37","guid":{"rendered":"https:\/\/swissraft.xyanzkdne.eu\/product\/skydiving-in-colombier-tandem-jumping-from-a-plane-from-chf-430-00\/"},"modified":"2026-04-04T04:09:49","modified_gmt":"2026-04-04T02:09:49","slug":"skydiving-colombier-tandem-jumping-plane","status":"publish","type":"product","link":"https:\/\/www.swissraft.ch\/en\/product\/skydiving-colombier-tandem-jumping-plane\/","title":{"rendered":"Skydiving in Colombier &#8211; Tandem jumping from a plane &#8211; From CHF 430.00"},"content":{"rendered":"\t\t<div data-elementor-type=\"wp-post\" data-elementor-id=\"92739\" class=\"elementor elementor-92739 elementor-30904\">\n\t\t\t\t\t\t\t\t\t<section class=\"elementor-section elementor-top-section elementor-element elementor-element-3303a7e3 elementor-section-boxed elementor-section-height-default elementor-section-height-default\" data-id=\"3303a7e3\" data-element_type=\"section\">\n\t\t\t\t\t\t<div class=\"elementor-container elementor-column-gap-default\">\n\t\t\t\t\t<div class=\"elementor-column elementor-col-100 elementor-top-column elementor-element elementor-element-16d72dbf\" data-id=\"16d72dbf\" data-element_type=\"column\">\n\t\t\t<div class=\"elementor-widget-wrap elementor-element-populated\">\n\t\t\t\t\t\t\t\t<div class=\"elementor-element elementor-element-d743c03 elementor-widget elementor-widget-text-editor\" data-id=\"d743c03\" data-element_type=\"widget\" data-widget_type=\"text-editor.default\">\n\t\t\t\t<div class=\"elementor-widget-container\">\n\t\t\t\t\t\t\t<h2>CHOOSE YOUR ACTIVITY BELOW TO OFFER GIFT VOUCHERS \/ TICKETS OR MAKE A RESERVATION<\/h2><table border=\"0\" width=\"580\" cellspacing=\"10\" cellpadding=\"10\"><tbody><tr><td width=\"50%\"><strong>1) TANDEM SKYDIVING &#8211; COLOMBIER<\/strong><\/td><td><strong>From CHF 430.00 per person<span class=\"productPrice\"><br \/><\/span><\/strong><\/td><\/tr><tr><td>Further information<\/td><td>&#8211;<span class=\"plbl\"><span class=\"patt\"> Sports shoes without hooks<br \/><\/span><\/span> &#8211;<span class=\"plbl\"><span class=\"patt\"> Must not be fasting<br \/><\/span><\/span> &#8211; Must<span class=\"plbl\"><span class=\"patt\"> not be under the influence of alcohol or other substances<br \/><\/span><\/span> &#8211;<span class=\"plbl\"><span class=\"patt\"> Parental permission required for minors<\/span><br \/><\/span> &#8211;<span class=\"plbl\">Discount<\/span>: <span class=\"patt\">11 Tandem jumps (11th free)<\/span><\/td><\/tr><tr><td>Schedules<\/td><td>When you make your reservation, you will be asked to choose a time<\/td><\/tr><tr><td>Freefall duration<\/td><td>approx. 50 seconds<\/td><\/tr><tr><td>Total duration<\/td><td>approx. 4h<\/td><\/tr><tr><td>Airfield<\/td><td><a href=\"https:\/\/www.google.com\/maps\/place\/46%C2%B057'34.5%22N+6%C2%B052'00.1%22E\/@46.959673,6.8621592,770m\/data=!3m1!1e3!4m4!3m3!8m2!3d46.9595833!4d6.8666944?entry=ttu\" target=\"_blank\" rel=\"noopener\">Colombier<\/a><\/td><\/tr><tr><td><button class=\"elementor-button\" type=\"button\"><a href=\"https:\/\/swissraft.outdoorbooking.ch\/fo\/products\/952?base_id=42&amp;category_id=5&amp;order_type=gift_voucher&amp;lang=en\" target=\"_blank\" rel=\"noopener\">PURCHASE GIFT VOUCHER \/ TICKET<\/a><\/button><\/td><td><a href=\"https:\/\/swissraft.outdoorbooking.ch\/fo\/products\/952?base_id=42&amp;category_id=5&amp;order_type=event&amp;lang=en\" target=\"_blank\" rel=\"noopener\">RESERVE YOUR JUMP DATE<\/a>\u00a0 <strong>CHF 430.00<\/strong>\/pers.<\/td><\/tr><\/tbody><\/table><table border=\"0\" width=\"580\" cellspacing=\"10\" cellpadding=\"10\"><tbody><tr><td width=\"50%\"><strong>2) TANDEM SKYDIVING + VIDEO or PHOTOS &#8211; COLOMBIER<\/strong><\/td><td><strong>CHF 550.00 per person<span class=\"productPrice\"><br \/><\/span><\/strong><\/td><\/tr><tr><td>Further information<\/td><td>&#8211;<span class=\"plbl\"><span class=\"patt\"> Sports shoes without hooks<br \/><\/span><\/span> &#8211;<span class=\"plbl\"><span class=\"patt\"> Must not be fasting<br \/><\/span><\/span> &#8211; Must<span class=\"plbl\"><span class=\"patt\"> not be under the influence of alcohol or other substances<br \/><\/span><\/span> &#8211;<span class=\"plbl\"><span class=\"patt\"> Parental permission required for minors<\/span><br \/><\/span> &#8211;<span class=\"plbl\">Discount <\/span>: <span class=\"patt\">11 Tandem jumps (11th free)<\/span><\/td><\/tr><tr><td>Schedules<\/td><td>When you make your reservation, you will be asked to choose a time<\/td><\/tr><tr><td>Freefall duration<\/td><td>approx. 50 seconds<\/td><\/tr><tr><td>Total duration<\/td><td>approx. 4 hrs<\/td><\/tr><tr><td>Airfield<\/td><td><a href=\"https:\/\/www.google.com\/maps\/place\/46%C2%B057'34.5%22N+6%C2%B052'00.1%22E\/@46.959673,6.8621592,770m\/data=!3m1!1e3!4m4!3m3!8m2!3d46.9595833!4d6.8666944?entry=ttu\" target=\"_blank\" rel=\"noopener\">Colombier<\/a><\/td><\/tr><tr><td><button class=\"elementor-button\" type=\"button\"><a href=\"https:\/\/swissraft.outdoorbooking.ch\/fo\/products\/953?base_id=42&amp;category_id=5&amp;order_type=gift_voucher&amp;lang=en\" target=\"_blank\" rel=\"noopener\">PURCHASE GIFT VOUCHER \/ TICKET<\/a><\/button><\/td><td><a href=\"https:\/\/swissraft.outdoorbooking.ch\/fo\/products\/953?base_id=42&amp;category_id=5&amp;order_type=event&amp;lang=en\" target=\"_blank\" rel=\"noopener\">BOOK YOUR JUMP DATE<\/a>\u00a0\u00a0<strong>CHF 550.00<\/strong>\/pers. with video or photos<\/td><\/tr><\/tbody><\/table><table border=\"0\" width=\"580\" cellspacing=\"10\" cellpadding=\"10\"><tbody><tr><td width=\"50%\"><strong>3) TANDEM SKYDIVING + VIDEO &amp; PHOTOS &#8211; COLOMBIER<\/strong><\/td><td><strong>CHF 580.00 per person<span class=\"productPrice\"><br \/><\/span><\/strong><\/td><\/tr><tr><td>Further information<\/td><td>&#8211;<span class=\"plbl\"><span class=\"patt\"> Sports shoes without hooks<br \/><\/span><\/span> &#8211;<span class=\"plbl\"><span class=\"patt\"> Must not be fasting<br \/><\/span><\/span> &#8211; Must<span class=\"plbl\"><span class=\"patt\"> not be under the influence of alcohol or other substances<br \/><\/span><\/span> &#8211;<span class=\"plbl\"><span class=\"patt\"> Parental permission required for minors<\/span><br \/><\/span> &#8211;<span class=\"plbl\">Discount <\/span>: <span class=\"patt\">11 Tandem jumps (11th free)<\/span><\/td><\/tr><tr><td>Schedules<\/td><td>When you make your reservation, you will be asked to choose a time<\/td><\/tr><tr><td>Free-fall duration<\/td><td>approx. 50 seconds<\/td><\/tr><tr><td>Total duration<\/td><td>approx. 4 hrs<\/td><\/tr><tr><td>Airfield<\/td><td>Colombier<\/td><\/tr><tr><td><button class=\"elementor-button\" type=\"button\"><a href=\"https:\/\/swissraft.outdoorbooking.ch\/fo\/products\/954?base_id=42&amp;category_id=5&amp;order_type=gift_voucher&amp;lang=en\" target=\"_blank\" rel=\"noopener\">PURCHASE GIFT VOUCHER \/ TICKET<\/a><\/button><\/td><td><a href=\"https:\/\/swissraft.outdoorbooking.ch\/fo\/products\/954?base_id=42&amp;category_id=5&amp;order_type=event&amp;lang=en\" target=\"_blank\" rel=\"noopener\">BOOK YOUR JUMP DATE<\/a>\u00a0 <strong>CHF 580.00<\/strong>\/pers. with video &amp; photos<\/td><\/tr><\/tbody><\/table>\t\t\t\t\t\t<\/div>\n\t\t\t\t<\/div>\n\t\t\t\t\t<\/div>\n\t\t<\/div>\n\t\t\t\t\t\t\t<\/div>\n\t\t<\/section>\n\t\t\t\t\t\t\t<\/div>\n\t\t","protected":false},"excerpt":{"rendered":"<div align=\"justify\">\n<h2 align=\"justify\">Tandem jump from Colombier on Lake Neuch\u00e2tel<\/h2>\n<h3>Take the plunge and experience the thrill of a lifetime with tandem skydiving<\/h3>\n<\/div>\n<div align=\"justify\">\n<p>Our instructor and pilot welcome you to our dropzone in Colombier. You&#8217;re in his company throughout your adventure. First, you repeat a few movements and positions with your arms and head. Then he gives you a harness adapted to your size, as well as a helmet and goggles. Then, still accompanied by your pilot, you will board the plane with other tandems. We look at each other, joke and the stress gradually disappears. You can feel totally at ease with your experienced pilot. The plane&#8217;s pilot turns off the throttle and you&#8217;re off on your adventure. You&#8217;ll have plenty of time to enjoy the view from the air. Below you lies Lake Neuch\u00e2tel and the city. The aircraft reaches the jump altitude of 4,000 m after about 20 minutes. The big moment approaches and your pilot makes the ultimate check. You both propel yourselves out of the plane and the free-fall speed begins to accelerate. It&#8217;s all good! You&#8217;re plummeting at nearly 200 km\/h and an exhilaration of joy comes over you. At a height of 1,500 m, your pilot opens the parachute without jerking. Speed is reduced to less than 15 km\/h and you continue your descent under your open parachute. Your pilot directs you to the Colombier dropzone for a smooth, seated landing. Remember to keep a souvenir of your experience by ordering your video when you book on our website. For those who may be understandably apprehensive, the free-fall simulator offers similar sensations. We have a free-fall simulator in Sion (Valais) and another near Zurich in Winterthur.<\/p>\n<h3>On our Swissraft website, choose the location for this fantastic experience that leaves no one indifferent.<\/h3>\n<p id=\"textarea\" style=\"display: none;\">\nWe also jump into the canton of Fribourg at \u00c9cuvillens and \u00c9pagny en Gruy\u00e8re. In fact, in the Bernese Oberland we tandem skydive from a helicopter to Interlaken and from a plane to Reichenbach. But also from Berom\u00fcnster and Triengen airfields in the canton of Lucerne. What&#8217;s more, we also skydive from Bex in the canton of Vaud. We also have tandem jumps at Grenchen airfield in the canton of Solothurn. We also do tandem jumps in Rarogne and Sion in the Valais. We also have a dropzone at Sitterdorf airfield in eastern Switzerland. But also a dropzone from Locarno-Magadino airfield in Ticino. And in Germany, near Basel, we offer tandem parachute jumps from Rottweil.\n<\/p>\n<p><a id=\"seeMore\" onclick=\"toggleSeeMore()\" href=\"javascript:void(0);\">Read more<\/a><\/p>\n","protected":false},"featured_media":87864,"comment_status":"open","ping_status":"closed","template":"","meta":{"inline_featured_image":false,"_mi_skip_tracking":false},"product_cat":[434],"product_tag":[],"class_list":["post-92739","product","type-product","status-publish","has-post-thumbnail","hentry","product_cat-tandem-parachute-jump"],"yoast_head":"<!-- This site is optimized with the Yoast SEO plugin v23.6 - https:\/\/yoast.com\/wordpress\/plugins\/seo\/ -->\n<title>Skydiving in Colombier, tandem parachute jump with free fall<\/title>\n<meta name=\"description\" content=\"Skydiving in Colombier with a freefall of about 50 seconds. If you&#039;re looking for an extraordinary adventure, you&#039;ve come to the right place!\" \/>\n<meta name=\"robots\" content=\"index, follow, max-snippet:-1, max-image-preview:large, max-video-preview:-1\" \/>\n<link rel=\"canonical\" href=\"https:\/\/www.swissraft.ch\/en\/product\/skydiving-colombier-tandem-jumping-plane\/\" \/>\n<meta property=\"og:locale\" content=\"en_US\" \/>\n<meta property=\"og:type\" content=\"article\" \/>\n<meta property=\"og:title\" content=\"Skydiving in Colombier, tandem parachute jump with free fall\" \/>\n<meta property=\"og:description\" content=\"Skydiving in Colombier with a freefall of about 50 seconds. If you&#039;re looking for an extraordinary adventure, you&#039;ve come to the right place!\" \/>\n<meta property=\"og:url\" content=\"https:\/\/www.swissraft.ch\/en\/product\/skydiving-colombier-tandem-jumping-plane\/\" \/>\n<meta property=\"og:site_name\" content=\"Swissraft\" \/>\n<meta property=\"article:modified_time\" content=\"2026-04-04T02:09:49+00:00\" \/>\n<meta property=\"og:image\" content=\"https:\/\/www.swissraft.ch\/wp-content\/uploads\/2023\/02\/1-COLOMBIER-776x776-1.jpg\" \/>\n\t<meta property=\"og:image:width\" content=\"776\" \/>\n\t<meta property=\"og:image:height\" content=\"776\" \/>\n\t<meta property=\"og:image:type\" content=\"image\/jpeg\" \/>\n<meta name=\"twitter:card\" content=\"summary_large_image\" \/>\n<meta name=\"twitter:label1\" content=\"Est. reading time\" \/>\n\t<meta name=\"twitter:data1\" content=\"2 minutes\" \/>\n<script type=\"application\/ld+json\" class=\"yoast-schema-graph\">{\"@context\":\"https:\/\/schema.org\",\"@graph\":[{\"@type\":\"WebPage\",\"@id\":\"https:\/\/www.swissraft.ch\/en\/product\/skydiving-colombier-tandem-jumping-plane\/\",\"url\":\"https:\/\/www.swissraft.ch\/en\/product\/skydiving-colombier-tandem-jumping-plane\/\",\"name\":\"Skydiving in Colombier, tandem parachute jump with free fall\",\"isPartOf\":{\"@id\":\"https:\/\/www.swissraft.ch\/en\/#website\"},\"primaryImageOfPage\":{\"@id\":\"https:\/\/www.swissraft.ch\/en\/product\/skydiving-colombier-tandem-jumping-plane\/#primaryimage\"},\"image\":{\"@id\":\"https:\/\/www.swissraft.ch\/en\/product\/skydiving-colombier-tandem-jumping-plane\/#primaryimage\"},\"thumbnailUrl\":\"https:\/\/www.swissraft.ch\/wp-content\/uploads\/2023\/02\/1-COLOMBIER-776x776-1.jpg\",\"datePublished\":\"2023-02-18T11:28:37+00:00\",\"dateModified\":\"2026-04-04T02:09:49+00:00\",\"description\":\"Skydiving in Colombier with a freefall of about 50 seconds. If you're looking for an extraordinary adventure, you've come to the right place!\",\"breadcrumb\":{\"@id\":\"https:\/\/www.swissraft.ch\/en\/product\/skydiving-colombier-tandem-jumping-plane\/#breadcrumb\"},\"inLanguage\":\"en-US\",\"potentialAction\":[{\"@type\":\"ReadAction\",\"target\":[\"https:\/\/www.swissraft.ch\/en\/product\/skydiving-colombier-tandem-jumping-plane\/\"]}]},{\"@type\":\"ImageObject\",\"inLanguage\":\"en-US\",\"@id\":\"https:\/\/www.swissraft.ch\/en\/product\/skydiving-colombier-tandem-jumping-plane\/#primaryimage\",\"url\":\"https:\/\/www.swissraft.ch\/wp-content\/uploads\/2023\/02\/1-COLOMBIER-776x776-1.jpg\",\"contentUrl\":\"https:\/\/www.swissraft.ch\/wp-content\/uploads\/2023\/02\/1-COLOMBIER-776x776-1.jpg\",\"width\":776,\"height\":776,\"caption\":\"Skydiving in Colombier Tandem parachute jump\"},{\"@type\":\"BreadcrumbList\",\"@id\":\"https:\/\/www.swissraft.ch\/en\/product\/skydiving-colombier-tandem-jumping-plane\/#breadcrumb\",\"itemListElement\":[{\"@type\":\"ListItem\",\"position\":1,\"name\":\"Accueil\",\"item\":\"https:\/\/www.swissraft.ch\/en\/\"},{\"@type\":\"ListItem\",\"position\":2,\"name\":\"Store\",\"item\":\"https:\/\/www.swissraft.ch\/en\/store\/\"},{\"@type\":\"ListItem\",\"position\":3,\"name\":\"Skydiving in Colombier &#8211; Tandem jumping from a plane &#8211; From CHF 430.00\"}]},{\"@type\":\"WebSite\",\"@id\":\"https:\/\/www.swissraft.ch\/en\/#website\",\"url\":\"https:\/\/www.swissraft.ch\/en\/\",\"name\":\"Swissraft\",\"description\":\"To enjoy nature as it is\",\"publisher\":{\"@id\":\"https:\/\/www.swissraft.ch\/en\/#organization\"},\"potentialAction\":[{\"@type\":\"SearchAction\",\"target\":{\"@type\":\"EntryPoint\",\"urlTemplate\":\"https:\/\/www.swissraft.ch\/en\/?s={search_term_string}\"},\"query-input\":{\"@type\":\"PropertyValueSpecification\",\"valueRequired\":true,\"valueName\":\"search_term_string\"}}],\"inLanguage\":\"en-US\"},{\"@type\":\"Organization\",\"@id\":\"https:\/\/www.swissraft.ch\/en\/#organization\",\"name\":\"Swissraft\",\"url\":\"https:\/\/www.swissraft.ch\/en\/\",\"logo\":{\"@type\":\"ImageObject\",\"inLanguage\":\"en-US\",\"@id\":\"https:\/\/www.swissraft.ch\/en\/#\/schema\/logo\/image\/\",\"url\":\"https:\/\/www.swissraft.ch\/wp-content\/uploads\/2025\/09\/Capture.jpg\",\"contentUrl\":\"https:\/\/www.swissraft.ch\/wp-content\/uploads\/2025\/09\/Capture.jpg\",\"width\":293,\"height\":108,\"caption\":\"Swissraft\"},\"image\":{\"@id\":\"https:\/\/www.swissraft.ch\/en\/#\/schema\/logo\/image\/\"}}]}<\/script>\n<!-- \/ Yoast SEO plugin. -->","yoast_head_json":{"title":"Skydiving in Colombier, tandem parachute jump with free fall","description":"Skydiving in Colombier with a freefall of about 50 seconds. If you're looking for an extraordinary adventure, you've come to the right place!","robots":{"index":"index","follow":"follow","max-snippet":"max-snippet:-1","max-image-preview":"max-image-preview:large","max-video-preview":"max-video-preview:-1"},"canonical":"https:\/\/www.swissraft.ch\/en\/product\/skydiving-colombier-tandem-jumping-plane\/","og_locale":"en_US","og_type":"article","og_title":"Skydiving in Colombier, tandem parachute jump with free fall","og_description":"Skydiving in Colombier with a freefall of about 50 seconds. If you're looking for an extraordinary adventure, you've come to the right place!","og_url":"https:\/\/www.swissraft.ch\/en\/product\/skydiving-colombier-tandem-jumping-plane\/","og_site_name":"Swissraft","article_modified_time":"2026-04-04T02:09:49+00:00","og_image":[{"width":776,"height":776,"url":"https:\/\/www.swissraft.ch\/wp-content\/uploads\/2023\/02\/1-COLOMBIER-776x776-1.jpg","type":"image\/jpeg"}],"twitter_card":"summary_large_image","twitter_misc":{"Est. reading time":"2 minutes"},"schema":{"@context":"https:\/\/schema.org","@graph":[{"@type":"WebPage","@id":"https:\/\/www.swissraft.ch\/en\/product\/skydiving-colombier-tandem-jumping-plane\/","url":"https:\/\/www.swissraft.ch\/en\/product\/skydiving-colombier-tandem-jumping-plane\/","name":"Skydiving in Colombier, tandem parachute jump with free fall","isPartOf":{"@id":"https:\/\/www.swissraft.ch\/en\/#website"},"primaryImageOfPage":{"@id":"https:\/\/www.swissraft.ch\/en\/product\/skydiving-colombier-tandem-jumping-plane\/#primaryimage"},"image":{"@id":"https:\/\/www.swissraft.ch\/en\/product\/skydiving-colombier-tandem-jumping-plane\/#primaryimage"},"thumbnailUrl":"https:\/\/www.swissraft.ch\/wp-content\/uploads\/2023\/02\/1-COLOMBIER-776x776-1.jpg","datePublished":"2023-02-18T11:28:37+00:00","dateModified":"2026-04-04T02:09:49+00:00","description":"Skydiving in Colombier with a freefall of about 50 seconds. If you're looking for an extraordinary adventure, you've come to the right place!","breadcrumb":{"@id":"https:\/\/www.swissraft.ch\/en\/product\/skydiving-colombier-tandem-jumping-plane\/#breadcrumb"},"inLanguage":"en-US","potentialAction":[{"@type":"ReadAction","target":["https:\/\/www.swissraft.ch\/en\/product\/skydiving-colombier-tandem-jumping-plane\/"]}]},{"@type":"ImageObject","inLanguage":"en-US","@id":"https:\/\/www.swissraft.ch\/en\/product\/skydiving-colombier-tandem-jumping-plane\/#primaryimage","url":"https:\/\/www.swissraft.ch\/wp-content\/uploads\/2023\/02\/1-COLOMBIER-776x776-1.jpg","contentUrl":"https:\/\/www.swissraft.ch\/wp-content\/uploads\/2023\/02\/1-COLOMBIER-776x776-1.jpg","width":776,"height":776,"caption":"Skydiving in Colombier Tandem parachute jump"},{"@type":"BreadcrumbList","@id":"https:\/\/www.swissraft.ch\/en\/product\/skydiving-colombier-tandem-jumping-plane\/#breadcrumb","itemListElement":[{"@type":"ListItem","position":1,"name":"Accueil","item":"https:\/\/www.swissraft.ch\/en\/"},{"@type":"ListItem","position":2,"name":"Store","item":"https:\/\/www.swissraft.ch\/en\/store\/"},{"@type":"ListItem","position":3,"name":"Skydiving in Colombier &#8211; Tandem jumping from a plane &#8211; From CHF 430.00"}]},{"@type":"WebSite","@id":"https:\/\/www.swissraft.ch\/en\/#website","url":"https:\/\/www.swissraft.ch\/en\/","name":"Swissraft","description":"To enjoy nature as it is","publisher":{"@id":"https:\/\/www.swissraft.ch\/en\/#organization"},"potentialAction":[{"@type":"SearchAction","target":{"@type":"EntryPoint","urlTemplate":"https:\/\/www.swissraft.ch\/en\/?s={search_term_string}"},"query-input":{"@type":"PropertyValueSpecification","valueRequired":true,"valueName":"search_term_string"}}],"inLanguage":"en-US"},{"@type":"Organization","@id":"https:\/\/www.swissraft.ch\/en\/#organization","name":"Swissraft","url":"https:\/\/www.swissraft.ch\/en\/","logo":{"@type":"ImageObject","inLanguage":"en-US","@id":"https:\/\/www.swissraft.ch\/en\/#\/schema\/logo\/image\/","url":"https:\/\/www.swissraft.ch\/wp-content\/uploads\/2025\/09\/Capture.jpg","contentUrl":"https:\/\/www.swissraft.ch\/wp-content\/uploads\/2025\/09\/Capture.jpg","width":293,"height":108,"caption":"Swissraft"},"image":{"@id":"https:\/\/www.swissraft.ch\/en\/#\/schema\/logo\/image\/"}}]}},"_links":{"self":[{"href":"https:\/\/www.swissraft.ch\/en\/wp-json\/wp\/v2\/product\/92739","targetHints":{"allow":["GET"]}}],"collection":[{"href":"https:\/\/www.swissraft.ch\/en\/wp-json\/wp\/v2\/product"}],"about":[{"href":"https:\/\/www.swissraft.ch\/en\/wp-json\/wp\/v2\/types\/product"}],"replies":[{"embeddable":true,"href":"https:\/\/www.swissraft.ch\/en\/wp-json\/wp\/v2\/comments?post=92739"}],"version-history":[{"count":65,"href":"https:\/\/www.swissraft.ch\/en\/wp-json\/wp\/v2\/product\/92739\/revisions"}],"predecessor-version":[{"id":136679,"href":"https:\/\/www.swissraft.ch\/en\/wp-json\/wp\/v2\/product\/92739\/revisions\/136679"}],"wp:featuredmedia":[{"embeddable":true,"href":"https:\/\/www.swissraft.ch\/en\/wp-json\/wp\/v2\/media\/87864"}],"wp:attachment":[{"href":"https:\/\/www.swissraft.ch\/en\/wp-json\/wp\/v2\/media?parent=92739"}],"wp:term":[{"taxonomy":"product_cat","embeddable":true,"href":"https:\/\/www.swissraft.ch\/en\/wp-json\/wp\/v2\/product_cat?post=92739"},{"taxonomy":"product_tag","embeddable":true,"href":"https:\/\/www.swissraft.ch\/en\/wp-json\/wp\/v2\/product_tag?post=92739"}],"curies":[{"name":"wp","href":"https:\/\/api.w.org\/{rel}","templated":true}]}}