{"id":92706,"date":"2023-02-19T17:32:54","date_gmt":"2023-02-19T16:32:54","guid":{"rendered":"https:\/\/swissraft.xyanzkdne.eu\/product\/canyoning-in-the-canton-de-vaud-la-torneresse-from-chf-80-00\/"},"modified":"2026-04-10T06:38:50","modified_gmt":"2026-04-10T04:38:50","slug":"canyoning-vaud-torneresse","status":"publish","type":"product","link":"https:\/\/www.swissraft.ch\/en\/product\/canyoning-vaud-torneresse\/","title":{"rendered":"Canyoning in the canton of Vaud &#8211; The Torneresse &#8211; From CHF 103.20"},"content":{"rendered":"\t\t<div data-elementor-type=\"wp-post\" data-elementor-id=\"92706\" class=\"elementor elementor-92706 elementor-31140\">\n\t\t\t\t\t\t\t\t\t<section class=\"elementor-section elementor-top-section elementor-element elementor-element-3303a7e3 elementor-section-boxed elementor-section-height-default elementor-section-height-default\" data-id=\"3303a7e3\" data-element_type=\"section\">\n\t\t\t\t\t\t<div class=\"elementor-container elementor-column-gap-default\">\n\t\t\t\t\t<div class=\"elementor-column elementor-col-100 elementor-top-column elementor-element elementor-element-16d72dbf\" data-id=\"16d72dbf\" data-element_type=\"column\">\n\t\t\t<div class=\"elementor-widget-wrap elementor-element-populated\">\n\t\t\t\t\t\t\t\t<div class=\"elementor-element elementor-element-d743c03 elementor-widget elementor-widget-text-editor\" data-id=\"d743c03\" data-element_type=\"widget\" data-widget_type=\"text-editor.default\">\n\t\t\t\t<div class=\"elementor-widget-container\">\n\t\t\t\t\t\t\t<h2>CHOOSE YOUR ACTIVITY BELOW TO OFFER GIFT VOUCHERS \/ TICKETS OR MAKE A RESERVATION<\/h2><table border=\"0\" width=\"580\" cellspacing=\"10\" cellpadding=\"10\"><tbody><tr><td width=\"50%\"><strong>CANYONING &#8211; TORNERESSE + snack<\/strong><\/td><td><strong>CHF 129.00 per person<span class=\"productPrice\"><br \/><\/span><\/strong><\/td><\/tr><tr><td>Further information<\/td><td>&#8211; <span class=\"plbl\"> School price <\/span>: <span class=\"patt\"><strong>CHF 109.00<\/strong>\/pers.<br \/><\/span> &#8211; <span class=\"patt\">Youth price : <strong>CHF 109.00<\/strong>\/pers. up to 18 years old<br \/><\/span> &#8211; <span class=\"patt\">From 11 pers. 10% : <strong>CHF 116.10<\/strong>\/pers.<br \/>&#8211; From 21 pers. 20% : <strong>CHF 103.20<\/strong>\/pers.<strong><br \/><\/strong>&#8211; No additional discount on school and youth rates<br \/>&#8211; Minimum age : 10 years<strong><br \/><\/strong><\/span><span class=\"plbl\">&#8211; Sunny c<\/span><span class=\"patt\">anyon<\/span><\/td><\/tr><tr><td>Schedules<\/td><td>10.00 am \/ 02.00 am<\/td><\/tr><tr><td>Canyoning<\/td><td>approx. 1,5 hr<\/td><\/tr><tr><td>Total duration<\/td><td>approx. 3 hrs<\/td><\/tr><tr><td>Meeting point<\/td><td><span style=\"color: #ff6600;\"><a href=\"https:\/\/www.google.com\/maps\/place\/46%C2%B028'03.8%22N+7%C2%B007'32.8%22E\/@46.4677815,7.1211928,864m\/data=!3m1!1e3!4m4!3m3!8m2!3d46.4677222!4d7.1257778?entry=ttu&amp;g_ep=EgoyMDI2MDEyNy4wIKXMDSoKLDEwMDc5MjA2OUgBUAM%3D\" target=\"_blank\" rel=\"noopener\">Camping du berceau<\/a><\/span><\/td><\/tr><tr><td>Difficulty<\/td><td>Level 1<\/td><\/tr><tr><td><button class=\"elementor-button\" type=\"button\"><a href=\"https:\/\/swissraft.outdoorbooking.ch\/fo\/products\/2161?base_id=82&amp;category_id=2&amp;order_type=gift_voucher&amp;lang=en\" target=\"_blank\" rel=\"noopener\">PURCHASE GIFT VOUCHER \/ TICKET<\/a><\/button><\/td><td style=\"text-align: left;\"><a href=\"https:\/\/swissraft.outdoorbooking.ch\/fo\/products\/2161?base_id=82&amp;category_id=2&amp;order_type=event&amp;lang=en\" target=\"_blank\" rel=\"noopener\">BOOK A DATE<\/a><\/td><\/tr><\/tbody><\/table>\t\t\t\t\t\t<\/div>\n\t\t\t\t<\/div>\n\t\t\t\t\t<\/div>\n\t\t<\/div>\n\t\t\t\t\t\t\t<\/div>\n\t\t<\/section>\n\t\t\t\t\t\t\t<\/div>\n\t\t","protected":false},"excerpt":{"rendered":"<div align=\"justify\">\n<h2 align=\"justify\">Canyoning in La Torneresse below l&#8217;\u00c9tivaz for everyone. An ideal canyon for beginners<\/h2>\n<h3>La Torneresse canyon and a canyon for those who want to discover this disciple<\/h3>\n<\/div>\n<div align=\"justify\">\n<p>This canyon is accessible to anyone wishing to discover canyoning. On the descent of La Torneresse, you can jump and slide down slides polished by water over the millennia. Canyoning in the Torneresse is perfect for a school trip.<\/p>\n<h3>You have alternatives to La Torneresse canyon<\/h3>\n<p id=\"textarea\" style=\"display: none;\">Swissraft also offers <strong>canyoning<\/strong> in Gruy\u00e8re in the Tine de Montbovon. But also in Ticino, with a large number of canyons, each more beautiful than the last. The Valais also has many canyons waiting to be explored. We also offer <strong>canyoning<\/strong> in the Bernese Oberland around Interlaken. In addition, the canton of St. Gallen St. Gall with the Amden <strong>canyon<\/strong> is sure to please. Last but not least, the Viamala Gorge, with its 150m-high walls near Thusis, is sure to enchant you.\n<\/p>\n<p><a id=\"seeMore\" onclick=\"toggleSeeMore()\" href=\"javascript:void(0);\">Read more<\/a><\/p>\n","protected":false},"featured_media":84966,"comment_status":"open","ping_status":"closed","template":"","meta":{"inline_featured_image":false,"_mi_skip_tracking":false},"product_cat":[480,528],"product_tag":[],"class_list":["post-92706","product","type-product","status-publish","has-post-thumbnail","hentry","product_cat-canyoning-in-and-around-switzerland","product_cat-canyoning-in-switzerland"],"yoast_head":"<!-- This site is optimized with the Yoast SEO plugin v23.6 - https:\/\/yoast.com\/wordpress\/plugins\/seo\/ -->\n<title>Canyoning in Torneresse below l&#039;\u00c9tivaz. For all<\/title>\n<meta name=\"description\" content=\"Canyoning in Torneresse below l&#039;\u00c9tivaz in Gruy\u00e8re. Accessible to all who want to discover canyoning. Toboggans, abseiling, a real treat.\" \/>\n<meta name=\"robots\" content=\"index, follow, max-snippet:-1, max-image-preview:large, max-video-preview:-1\" \/>\n<link rel=\"canonical\" href=\"https:\/\/www.swissraft.ch\/en\/product\/canyoning-vaud-torneresse\/\" \/>\n<meta property=\"og:locale\" content=\"en_US\" \/>\n<meta property=\"og:type\" content=\"article\" \/>\n<meta property=\"og:title\" content=\"Canyoning in Torneresse below l&#039;\u00c9tivaz. For all\" \/>\n<meta property=\"og:description\" content=\"Canyoning in Torneresse below l&#039;\u00c9tivaz in Gruy\u00e8re. Accessible to all who want to discover canyoning. Toboggans, abseiling, a real treat.\" \/>\n<meta property=\"og:url\" content=\"https:\/\/www.swissraft.ch\/en\/product\/canyoning-vaud-torneresse\/\" \/>\n<meta property=\"og:site_name\" content=\"Swissraft\" \/>\n<meta property=\"article:modified_time\" content=\"2026-04-10T04:38:50+00:00\" \/>\n<meta property=\"og:image\" content=\"https:\/\/www.swissraft.ch\/wp-content\/uploads\/2023\/02\/1-La-Torneresse-776x776-1.jpg\" \/>\n\t<meta property=\"og:image:width\" content=\"776\" \/>\n\t<meta property=\"og:image:height\" content=\"776\" \/>\n\t<meta property=\"og:image:type\" content=\"image\/jpeg\" \/>\n<meta name=\"twitter:card\" content=\"summary_large_image\" \/>\n<meta name=\"twitter:label1\" content=\"Est. reading time\" \/>\n\t<meta name=\"twitter:data1\" content=\"1 minute\" \/>\n<script type=\"application\/ld+json\" class=\"yoast-schema-graph\">{\"@context\":\"https:\/\/schema.org\",\"@graph\":[{\"@type\":\"WebPage\",\"@id\":\"https:\/\/www.swissraft.ch\/en\/product\/canyoning-vaud-torneresse\/\",\"url\":\"https:\/\/www.swissraft.ch\/en\/product\/canyoning-vaud-torneresse\/\",\"name\":\"Canyoning in Torneresse below l'\u00c9tivaz. For all\",\"isPartOf\":{\"@id\":\"https:\/\/www.swissraft.ch\/en\/#website\"},\"primaryImageOfPage\":{\"@id\":\"https:\/\/www.swissraft.ch\/en\/product\/canyoning-vaud-torneresse\/#primaryimage\"},\"image\":{\"@id\":\"https:\/\/www.swissraft.ch\/en\/product\/canyoning-vaud-torneresse\/#primaryimage\"},\"thumbnailUrl\":\"https:\/\/www.swissraft.ch\/wp-content\/uploads\/2023\/02\/1-La-Torneresse-776x776-1.jpg\",\"datePublished\":\"2023-02-19T16:32:54+00:00\",\"dateModified\":\"2026-04-10T04:38:50+00:00\",\"description\":\"Canyoning in Torneresse below l'\u00c9tivaz in Gruy\u00e8re. Accessible to all who want to discover canyoning. Toboggans, abseiling, a real treat.\",\"breadcrumb\":{\"@id\":\"https:\/\/www.swissraft.ch\/en\/product\/canyoning-vaud-torneresse\/#breadcrumb\"},\"inLanguage\":\"en-US\",\"potentialAction\":[{\"@type\":\"ReadAction\",\"target\":[\"https:\/\/www.swissraft.ch\/en\/product\/canyoning-vaud-torneresse\/\"]}]},{\"@type\":\"ImageObject\",\"inLanguage\":\"en-US\",\"@id\":\"https:\/\/www.swissraft.ch\/en\/product\/canyoning-vaud-torneresse\/#primaryimage\",\"url\":\"https:\/\/www.swissraft.ch\/wp-content\/uploads\/2023\/02\/1-La-Torneresse-776x776-1.jpg\",\"contentUrl\":\"https:\/\/www.swissraft.ch\/wp-content\/uploads\/2023\/02\/1-La-Torneresse-776x776-1.jpg\",\"width\":776,\"height\":776,\"caption\":\"Canyoning deans La Torneresse\"},{\"@type\":\"BreadcrumbList\",\"@id\":\"https:\/\/www.swissraft.ch\/en\/product\/canyoning-vaud-torneresse\/#breadcrumb\",\"itemListElement\":[{\"@type\":\"ListItem\",\"position\":1,\"name\":\"Accueil\",\"item\":\"https:\/\/www.swissraft.ch\/en\/\"},{\"@type\":\"ListItem\",\"position\":2,\"name\":\"Store\",\"item\":\"https:\/\/www.swissraft.ch\/en\/store\/\"},{\"@type\":\"ListItem\",\"position\":3,\"name\":\"Canyoning in the canton of Vaud &#8211; The Torneresse &#8211; From CHF 103.20\"}]},{\"@type\":\"WebSite\",\"@id\":\"https:\/\/www.swissraft.ch\/en\/#website\",\"url\":\"https:\/\/www.swissraft.ch\/en\/\",\"name\":\"Swissraft\",\"description\":\"To enjoy nature as it is\",\"publisher\":{\"@id\":\"https:\/\/www.swissraft.ch\/en\/#organization\"},\"potentialAction\":[{\"@type\":\"SearchAction\",\"target\":{\"@type\":\"EntryPoint\",\"urlTemplate\":\"https:\/\/www.swissraft.ch\/en\/?s={search_term_string}\"},\"query-input\":{\"@type\":\"PropertyValueSpecification\",\"valueRequired\":true,\"valueName\":\"search_term_string\"}}],\"inLanguage\":\"en-US\"},{\"@type\":\"Organization\",\"@id\":\"https:\/\/www.swissraft.ch\/en\/#organization\",\"name\":\"Swissraft\",\"url\":\"https:\/\/www.swissraft.ch\/en\/\",\"logo\":{\"@type\":\"ImageObject\",\"inLanguage\":\"en-US\",\"@id\":\"https:\/\/www.swissraft.ch\/en\/#\/schema\/logo\/image\/\",\"url\":\"https:\/\/www.swissraft.ch\/wp-content\/uploads\/2025\/09\/Capture.jpg\",\"contentUrl\":\"https:\/\/www.swissraft.ch\/wp-content\/uploads\/2025\/09\/Capture.jpg\",\"width\":293,\"height\":108,\"caption\":\"Swissraft\"},\"image\":{\"@id\":\"https:\/\/www.swissraft.ch\/en\/#\/schema\/logo\/image\/\"}}]}<\/script>\n<!-- \/ Yoast SEO plugin. -->","yoast_head_json":{"title":"Canyoning in Torneresse below l'\u00c9tivaz. For all","description":"Canyoning in Torneresse below l'\u00c9tivaz in Gruy\u00e8re. Accessible to all who want to discover canyoning. Toboggans, abseiling, a real treat.","robots":{"index":"index","follow":"follow","max-snippet":"max-snippet:-1","max-image-preview":"max-image-preview:large","max-video-preview":"max-video-preview:-1"},"canonical":"https:\/\/www.swissraft.ch\/en\/product\/canyoning-vaud-torneresse\/","og_locale":"en_US","og_type":"article","og_title":"Canyoning in Torneresse below l'\u00c9tivaz. For all","og_description":"Canyoning in Torneresse below l'\u00c9tivaz in Gruy\u00e8re. Accessible to all who want to discover canyoning. Toboggans, abseiling, a real treat.","og_url":"https:\/\/www.swissraft.ch\/en\/product\/canyoning-vaud-torneresse\/","og_site_name":"Swissraft","article_modified_time":"2026-04-10T04:38:50+00:00","og_image":[{"width":776,"height":776,"url":"https:\/\/www.swissraft.ch\/wp-content\/uploads\/2023\/02\/1-La-Torneresse-776x776-1.jpg","type":"image\/jpeg"}],"twitter_card":"summary_large_image","twitter_misc":{"Est. reading time":"1 minute"},"schema":{"@context":"https:\/\/schema.org","@graph":[{"@type":"WebPage","@id":"https:\/\/www.swissraft.ch\/en\/product\/canyoning-vaud-torneresse\/","url":"https:\/\/www.swissraft.ch\/en\/product\/canyoning-vaud-torneresse\/","name":"Canyoning in Torneresse below l'\u00c9tivaz. For all","isPartOf":{"@id":"https:\/\/www.swissraft.ch\/en\/#website"},"primaryImageOfPage":{"@id":"https:\/\/www.swissraft.ch\/en\/product\/canyoning-vaud-torneresse\/#primaryimage"},"image":{"@id":"https:\/\/www.swissraft.ch\/en\/product\/canyoning-vaud-torneresse\/#primaryimage"},"thumbnailUrl":"https:\/\/www.swissraft.ch\/wp-content\/uploads\/2023\/02\/1-La-Torneresse-776x776-1.jpg","datePublished":"2023-02-19T16:32:54+00:00","dateModified":"2026-04-10T04:38:50+00:00","description":"Canyoning in Torneresse below l'\u00c9tivaz in Gruy\u00e8re. Accessible to all who want to discover canyoning. Toboggans, abseiling, a real treat.","breadcrumb":{"@id":"https:\/\/www.swissraft.ch\/en\/product\/canyoning-vaud-torneresse\/#breadcrumb"},"inLanguage":"en-US","potentialAction":[{"@type":"ReadAction","target":["https:\/\/www.swissraft.ch\/en\/product\/canyoning-vaud-torneresse\/"]}]},{"@type":"ImageObject","inLanguage":"en-US","@id":"https:\/\/www.swissraft.ch\/en\/product\/canyoning-vaud-torneresse\/#primaryimage","url":"https:\/\/www.swissraft.ch\/wp-content\/uploads\/2023\/02\/1-La-Torneresse-776x776-1.jpg","contentUrl":"https:\/\/www.swissraft.ch\/wp-content\/uploads\/2023\/02\/1-La-Torneresse-776x776-1.jpg","width":776,"height":776,"caption":"Canyoning deans La Torneresse"},{"@type":"BreadcrumbList","@id":"https:\/\/www.swissraft.ch\/en\/product\/canyoning-vaud-torneresse\/#breadcrumb","itemListElement":[{"@type":"ListItem","position":1,"name":"Accueil","item":"https:\/\/www.swissraft.ch\/en\/"},{"@type":"ListItem","position":2,"name":"Store","item":"https:\/\/www.swissraft.ch\/en\/store\/"},{"@type":"ListItem","position":3,"name":"Canyoning in the canton of Vaud &#8211; The Torneresse &#8211; From CHF 103.20"}]},{"@type":"WebSite","@id":"https:\/\/www.swissraft.ch\/en\/#website","url":"https:\/\/www.swissraft.ch\/en\/","name":"Swissraft","description":"To enjoy nature as it is","publisher":{"@id":"https:\/\/www.swissraft.ch\/en\/#organization"},"potentialAction":[{"@type":"SearchAction","target":{"@type":"EntryPoint","urlTemplate":"https:\/\/www.swissraft.ch\/en\/?s={search_term_string}"},"query-input":{"@type":"PropertyValueSpecification","valueRequired":true,"valueName":"search_term_string"}}],"inLanguage":"en-US"},{"@type":"Organization","@id":"https:\/\/www.swissraft.ch\/en\/#organization","name":"Swissraft","url":"https:\/\/www.swissraft.ch\/en\/","logo":{"@type":"ImageObject","inLanguage":"en-US","@id":"https:\/\/www.swissraft.ch\/en\/#\/schema\/logo\/image\/","url":"https:\/\/www.swissraft.ch\/wp-content\/uploads\/2025\/09\/Capture.jpg","contentUrl":"https:\/\/www.swissraft.ch\/wp-content\/uploads\/2025\/09\/Capture.jpg","width":293,"height":108,"caption":"Swissraft"},"image":{"@id":"https:\/\/www.swissraft.ch\/en\/#\/schema\/logo\/image\/"}}]}},"_links":{"self":[{"href":"https:\/\/www.swissraft.ch\/en\/wp-json\/wp\/v2\/product\/92706","targetHints":{"allow":["GET"]}}],"collection":[{"href":"https:\/\/www.swissraft.ch\/en\/wp-json\/wp\/v2\/product"}],"about":[{"href":"https:\/\/www.swissraft.ch\/en\/wp-json\/wp\/v2\/types\/product"}],"replies":[{"embeddable":true,"href":"https:\/\/www.swissraft.ch\/en\/wp-json\/wp\/v2\/comments?post=92706"}],"version-history":[{"count":31,"href":"https:\/\/www.swissraft.ch\/en\/wp-json\/wp\/v2\/product\/92706\/revisions"}],"predecessor-version":[{"id":138979,"href":"https:\/\/www.swissraft.ch\/en\/wp-json\/wp\/v2\/product\/92706\/revisions\/138979"}],"wp:featuredmedia":[{"embeddable":true,"href":"https:\/\/www.swissraft.ch\/en\/wp-json\/wp\/v2\/media\/84966"}],"wp:attachment":[{"href":"https:\/\/www.swissraft.ch\/en\/wp-json\/wp\/v2\/media?parent=92706"}],"wp:term":[{"taxonomy":"product_cat","embeddable":true,"href":"https:\/\/www.swissraft.ch\/en\/wp-json\/wp\/v2\/product_cat?post=92706"},{"taxonomy":"product_tag","embeddable":true,"href":"https:\/\/www.swissraft.ch\/en\/wp-json\/wp\/v2\/product_tag?post=92706"}],"curies":[{"name":"wp","href":"https:\/\/api.w.org\/{rel}","templated":true}]}}