{"id":92622,"date":"2023-02-25T15:56:59","date_gmt":"2023-02-25T14:56:59","guid":{"rendered":"https:\/\/swissraft.xyanzkdne.eu\/product\/easy-rafting-on-le-rhone-chippis-st-leonard-from-chf-78-10\/"},"modified":"2026-02-28T03:19:19","modified_gmt":"2026-02-28T02:19:19","slug":"easy-rafting-rhone-chippis-st-leonard","status":"publish","type":"product","link":"https:\/\/www.swissraft.ch\/en\/product\/easy-rafting-rhone-chippis-st-leonard\/","title":{"rendered":"Easy rafting on THE RH\u00d4NE &#8211; CHIPPIS-ST L\u00c9ONARD &#8211; From CHF 78.00"},"content":{"rendered":"\t\t<div data-elementor-type=\"wp-post\" data-elementor-id=\"92622\" class=\"elementor elementor-92622 elementor-31267\">\n\t\t\t\t\t\t\t\t\t<section class=\"elementor-section elementor-top-section elementor-element elementor-element-3303a7e3 elementor-section-boxed elementor-section-height-default elementor-section-height-default\" data-id=\"3303a7e3\" data-element_type=\"section\">\n\t\t\t\t\t\t<div class=\"elementor-container elementor-column-gap-default\">\n\t\t\t\t\t<div class=\"elementor-column elementor-col-100 elementor-top-column elementor-element elementor-element-16d72dbf\" data-id=\"16d72dbf\" data-element_type=\"column\">\n\t\t\t<div class=\"elementor-widget-wrap elementor-element-populated\">\n\t\t\t\t\t\t\t\t<div class=\"elementor-element elementor-element-d743c03 elementor-widget elementor-widget-text-editor\" data-id=\"d743c03\" data-element_type=\"widget\" data-widget_type=\"text-editor.default\">\n\t\t\t\t<div class=\"elementor-widget-container\">\n\t\t\t\t\t\t\t<p>CHOOSE YOUR ACTIVITY BELOW TO OFFER GIFT VOUCHERS \/ TICKETS OR MAKE A RESERVATION<\/p><table border=\"0\" width=\"580\" cellspacing=\"10\" cellpadding=\"10\"><tbody><tr><td width=\"50%\"><strong>EASY RAFTING &#8211; CHIPPIS-ST. L\u00c9ONARD + Snack <\/strong><\/td><td><strong>CHF 99.00 per person<span class=\"productPrice\"><br \/><\/span><\/strong><\/td><\/tr><tr><td>Further information<\/td><td><span class=\"patt\">&#8211; <span class=\"plbl\"> Youth price <\/span>: <strong>CHF 78.00<\/strong>\/pers. up to age 17 years <br \/>&#8211; <span class=\"plbl\"> From<\/span> 10 pers. 10%; from 21 pers. 20%<br \/>&#8211; Minimum age : 6 years<br \/>&#8211; School price : <span class=\"patt\" style=\"font-family: inherit; font-size: inherit;\"><span class=\"plbl\"><a href=\"\/en\/product\/school-trip-valais-easy-rafting-rhone-chippis-st-leonard\/\" target=\"_blank\" rel=\"noopener\">Klick here<\/a><\/span><\/span><\/span><\/td><\/tr><tr><td>Course<\/td><td><strong>Chippis-St. L\u00e9onard<\/strong><\/td><\/tr><tr><td>Schedules<\/td><td>10.00 am \/ 02.00 pm<\/td><\/tr><tr><td>Easy rafting or Fun rafting<\/td><td>approx. 1,5 hr<\/td><\/tr><tr><td>Total duration<\/td><td>approx. 3 hrs<\/td><\/tr><tr><td>Meeting point<\/td><td><a href=\"https:\/\/www.google.com\/maps\/place\/46%C2%B017'36.8%22N+7%C2%B033'29.6%22E\/@46.2937075,7.5536625,780m\/data=!3m1!1e3!4m4!3m3!8m2!3d46.2935556!4d7.5582222?entry=ttu\" target=\"_blank\" rel=\"noopener\">Sierre<\/a><\/td><\/tr><tr><td>Difficulty<\/td><td>1-2<\/td><\/tr><tr><td><button class=\"elementor-button\" type=\"button\"><a href=\"https:\/\/swissraft.outdoorbooking.ch\/fo\/products\/1275?base_id=82&amp;category_id=10&amp;order_type=gift_voucher&amp;lang=en\" target=\"_blank\" rel=\"noopener\">PURCHASE GIFT VOUCHER \/ TICKET<\/a><\/button><\/td><td style=\"text-align: left;\"><span style=\"color: #ff6600;\"><a href=\"https:\/\/swissraft.outdoorbooking.ch\/fo\/products\/1275?base_id=82&amp;category_id=10&amp;order_type=event&amp;lang=en\" target=\"_blank\" rel=\"noopener\">BOOK A DATE<\/a><\/span><\/td><\/tr><\/tbody><\/table>\t\t\t\t\t\t<\/div>\n\t\t\t\t<\/div>\n\t\t\t\t\t<\/div>\n\t\t<\/div>\n\t\t\t\t\t\t\t<\/div>\n\t\t<\/section>\n\t\t\t\t\t\t\t<\/div>\n\t\t","protected":false},"excerpt":{"rendered":"<div align=\"justify\">\n<h2 align=\"justify\">Easy rafting on the turbulent Rh\u00f4ne in Valais<\/h2>\n<h3>Fun rafting and thrills guaranteed on the Rh\u00f4ne River<\/h3>\n<\/div>\n<div align=\"justify\">\n<p><strong>Easy rafting<\/strong> on the Rh\u00f4ne in Valais! From Chippis to St L\u00e9onard, a descent of the Rh\u00f4ne, for those who want to discover this activity: <strong>easy rafting<\/strong>.<\/p>\n<h3>In Switzerland, many rivers have a soft course comparable to that of Chippis-St. L\u00e9onard.<\/h3>\n<p id=\"textarea\" style=\"display: none;\">Swissraft also offers several <strong>fun rafting<\/strong> routes on the Reuss: Bremgarten &#8211; Mellingen as well as Mellingen &#8211; Gebenstorf, Bremgarten &#8211; Gebenstorf and Bremgarten &#8211; Gnadental. The same applies to <strong>easy rafting<\/strong> between Gisikon and Ottenbach in the cantons of Luzern and Z\u00fcrich. But also <strong>easy rafting<\/strong> on the Sarine from Gstaad to Rougemont. Easy rafting on the L\u00fctschine at Interlaken and Fun rafting on the Aare between Thun and Bern. On the other hand, <strong>easy rafting<\/strong> on the Ticino in Ticino, and on the Inn in Engadin in Graub\u00fcnden.<br \/>\nDiscover a sportier version of easy rafting. Swissraft offers <strong>rafting<\/strong> and riverrafting, which are more dynamic versions of river descents.\n<\/p>\n<p><a id=\"seeMore\" onclick=\"toggleSeeMore()\" href=\"javascript:void(0);\">Read more<\/a><\/p>\n","protected":false},"featured_media":84876,"comment_status":"open","ping_status":"closed","template":"","meta":{"inline_featured_image":false,"_mi_skip_tracking":false},"product_cat":[518,474],"product_tag":[],"class_list":["post-92622","product","type-product","status-publish","has-post-thumbnail","hentry","product_cat-easy-rafting-in-romania-and-tessin","product_cat-easy-rafting-en"],"yoast_head":"<!-- This site is optimized with the Yoast SEO plugin v23.6 - https:\/\/yoast.com\/wordpress\/plugins\/seo\/ -->\n<title>Chippis-St. L\u00e9onard on the Rh\u00f4ne in Valais<\/title>\n<meta name=\"description\" content=\"Chippis-St. L\u00e9onard, a leisurely descent of the river, for those who want to discover fun rafting with family and friends.\" \/>\n<meta name=\"robots\" content=\"index, follow, max-snippet:-1, max-image-preview:large, max-video-preview:-1\" \/>\n<link rel=\"canonical\" href=\"https:\/\/www.swissraft.ch\/en\/product\/easy-rafting-rhone-chippis-st-leonard\/\" \/>\n<meta property=\"og:locale\" content=\"en_US\" \/>\n<meta property=\"og:type\" content=\"article\" \/>\n<meta property=\"og:title\" content=\"Chippis-St. L\u00e9onard on the Rh\u00f4ne in Valais\" \/>\n<meta property=\"og:description\" content=\"Chippis-St. L\u00e9onard, a leisurely descent of the river, for those who want to discover fun rafting with family and friends.\" \/>\n<meta property=\"og:url\" content=\"https:\/\/www.swissraft.ch\/en\/product\/easy-rafting-rhone-chippis-st-leonard\/\" \/>\n<meta property=\"og:site_name\" content=\"Swissraft\" \/>\n<meta property=\"article:modified_time\" content=\"2026-02-28T02:19:19+00:00\" \/>\n<meta property=\"og:image\" content=\"https:\/\/www.swissraft.ch\/wp-content\/uploads\/2023\/02\/1-1-Easy-Rafting-Rhone-776x776-1.jpg\" \/>\n\t<meta property=\"og:image:width\" content=\"776\" \/>\n\t<meta property=\"og:image:height\" content=\"776\" \/>\n\t<meta property=\"og:image:type\" content=\"image\/jpeg\" \/>\n<meta name=\"twitter:card\" content=\"summary_large_image\" \/>\n<meta name=\"twitter:label1\" content=\"Est. reading time\" \/>\n\t<meta name=\"twitter:data1\" content=\"1 minute\" \/>\n<script type=\"application\/ld+json\" class=\"yoast-schema-graph\">{\"@context\":\"https:\/\/schema.org\",\"@graph\":[{\"@type\":\"WebPage\",\"@id\":\"https:\/\/www.swissraft.ch\/en\/product\/easy-rafting-rhone-chippis-st-leonard\/\",\"url\":\"https:\/\/www.swissraft.ch\/en\/product\/easy-rafting-rhone-chippis-st-leonard\/\",\"name\":\"Chippis-St. L\u00e9onard on the Rh\u00f4ne in Valais\",\"isPartOf\":{\"@id\":\"https:\/\/www.swissraft.ch\/en\/#website\"},\"primaryImageOfPage\":{\"@id\":\"https:\/\/www.swissraft.ch\/en\/product\/easy-rafting-rhone-chippis-st-leonard\/#primaryimage\"},\"image\":{\"@id\":\"https:\/\/www.swissraft.ch\/en\/product\/easy-rafting-rhone-chippis-st-leonard\/#primaryimage\"},\"thumbnailUrl\":\"https:\/\/www.swissraft.ch\/wp-content\/uploads\/2023\/02\/1-1-Easy-Rafting-Rhone-776x776-1.jpg\",\"datePublished\":\"2023-02-25T14:56:59+00:00\",\"dateModified\":\"2026-02-28T02:19:19+00:00\",\"description\":\"Chippis-St. L\u00e9onard, a leisurely descent of the river, for those who want to discover fun rafting with family and friends.\",\"breadcrumb\":{\"@id\":\"https:\/\/www.swissraft.ch\/en\/product\/easy-rafting-rhone-chippis-st-leonard\/#breadcrumb\"},\"inLanguage\":\"en-US\",\"potentialAction\":[{\"@type\":\"ReadAction\",\"target\":[\"https:\/\/www.swissraft.ch\/en\/product\/easy-rafting-rhone-chippis-st-leonard\/\"]}]},{\"@type\":\"ImageObject\",\"inLanguage\":\"en-US\",\"@id\":\"https:\/\/www.swissraft.ch\/en\/product\/easy-rafting-rhone-chippis-st-leonard\/#primaryimage\",\"url\":\"https:\/\/www.swissraft.ch\/wp-content\/uploads\/2023\/02\/1-1-Easy-Rafting-Rhone-776x776-1.jpg\",\"contentUrl\":\"https:\/\/www.swissraft.ch\/wp-content\/uploads\/2023\/02\/1-1-Easy-Rafting-Rhone-776x776-1.jpg\",\"width\":776,\"height\":776,\"caption\":\"Chippis-St.L\u00e9onard school run\"},{\"@type\":\"BreadcrumbList\",\"@id\":\"https:\/\/www.swissraft.ch\/en\/product\/easy-rafting-rhone-chippis-st-leonard\/#breadcrumb\",\"itemListElement\":[{\"@type\":\"ListItem\",\"position\":1,\"name\":\"Accueil\",\"item\":\"https:\/\/www.swissraft.ch\/en\/\"},{\"@type\":\"ListItem\",\"position\":2,\"name\":\"Store\",\"item\":\"https:\/\/www.swissraft.ch\/en\/store\/\"},{\"@type\":\"ListItem\",\"position\":3,\"name\":\"Easy rafting on THE RH\u00d4NE &#8211; CHIPPIS-ST L\u00c9ONARD &#8211; From CHF 78.00\"}]},{\"@type\":\"WebSite\",\"@id\":\"https:\/\/www.swissraft.ch\/en\/#website\",\"url\":\"https:\/\/www.swissraft.ch\/en\/\",\"name\":\"Swissraft\",\"description\":\"To enjoy nature as it is\",\"publisher\":{\"@id\":\"https:\/\/www.swissraft.ch\/en\/#organization\"},\"potentialAction\":[{\"@type\":\"SearchAction\",\"target\":{\"@type\":\"EntryPoint\",\"urlTemplate\":\"https:\/\/www.swissraft.ch\/en\/?s={search_term_string}\"},\"query-input\":{\"@type\":\"PropertyValueSpecification\",\"valueRequired\":true,\"valueName\":\"search_term_string\"}}],\"inLanguage\":\"en-US\"},{\"@type\":\"Organization\",\"@id\":\"https:\/\/www.swissraft.ch\/en\/#organization\",\"name\":\"Swissraft\",\"url\":\"https:\/\/www.swissraft.ch\/en\/\",\"logo\":{\"@type\":\"ImageObject\",\"inLanguage\":\"en-US\",\"@id\":\"https:\/\/www.swissraft.ch\/en\/#\/schema\/logo\/image\/\",\"url\":\"https:\/\/www.swissraft.ch\/wp-content\/uploads\/2025\/09\/Capture.jpg\",\"contentUrl\":\"https:\/\/www.swissraft.ch\/wp-content\/uploads\/2025\/09\/Capture.jpg\",\"width\":293,\"height\":108,\"caption\":\"Swissraft\"},\"image\":{\"@id\":\"https:\/\/www.swissraft.ch\/en\/#\/schema\/logo\/image\/\"}}]}<\/script>\n<!-- \/ Yoast SEO plugin. -->","yoast_head_json":{"title":"Chippis-St. L\u00e9onard on the Rh\u00f4ne in Valais","description":"Chippis-St. L\u00e9onard, a leisurely descent of the river, for those who want to discover fun rafting with family and friends.","robots":{"index":"index","follow":"follow","max-snippet":"max-snippet:-1","max-image-preview":"max-image-preview:large","max-video-preview":"max-video-preview:-1"},"canonical":"https:\/\/www.swissraft.ch\/en\/product\/easy-rafting-rhone-chippis-st-leonard\/","og_locale":"en_US","og_type":"article","og_title":"Chippis-St. L\u00e9onard on the Rh\u00f4ne in Valais","og_description":"Chippis-St. L\u00e9onard, a leisurely descent of the river, for those who want to discover fun rafting with family and friends.","og_url":"https:\/\/www.swissraft.ch\/en\/product\/easy-rafting-rhone-chippis-st-leonard\/","og_site_name":"Swissraft","article_modified_time":"2026-02-28T02:19:19+00:00","og_image":[{"width":776,"height":776,"url":"https:\/\/www.swissraft.ch\/wp-content\/uploads\/2023\/02\/1-1-Easy-Rafting-Rhone-776x776-1.jpg","type":"image\/jpeg"}],"twitter_card":"summary_large_image","twitter_misc":{"Est. reading time":"1 minute"},"schema":{"@context":"https:\/\/schema.org","@graph":[{"@type":"WebPage","@id":"https:\/\/www.swissraft.ch\/en\/product\/easy-rafting-rhone-chippis-st-leonard\/","url":"https:\/\/www.swissraft.ch\/en\/product\/easy-rafting-rhone-chippis-st-leonard\/","name":"Chippis-St. L\u00e9onard on the Rh\u00f4ne in Valais","isPartOf":{"@id":"https:\/\/www.swissraft.ch\/en\/#website"},"primaryImageOfPage":{"@id":"https:\/\/www.swissraft.ch\/en\/product\/easy-rafting-rhone-chippis-st-leonard\/#primaryimage"},"image":{"@id":"https:\/\/www.swissraft.ch\/en\/product\/easy-rafting-rhone-chippis-st-leonard\/#primaryimage"},"thumbnailUrl":"https:\/\/www.swissraft.ch\/wp-content\/uploads\/2023\/02\/1-1-Easy-Rafting-Rhone-776x776-1.jpg","datePublished":"2023-02-25T14:56:59+00:00","dateModified":"2026-02-28T02:19:19+00:00","description":"Chippis-St. L\u00e9onard, a leisurely descent of the river, for those who want to discover fun rafting with family and friends.","breadcrumb":{"@id":"https:\/\/www.swissraft.ch\/en\/product\/easy-rafting-rhone-chippis-st-leonard\/#breadcrumb"},"inLanguage":"en-US","potentialAction":[{"@type":"ReadAction","target":["https:\/\/www.swissraft.ch\/en\/product\/easy-rafting-rhone-chippis-st-leonard\/"]}]},{"@type":"ImageObject","inLanguage":"en-US","@id":"https:\/\/www.swissraft.ch\/en\/product\/easy-rafting-rhone-chippis-st-leonard\/#primaryimage","url":"https:\/\/www.swissraft.ch\/wp-content\/uploads\/2023\/02\/1-1-Easy-Rafting-Rhone-776x776-1.jpg","contentUrl":"https:\/\/www.swissraft.ch\/wp-content\/uploads\/2023\/02\/1-1-Easy-Rafting-Rhone-776x776-1.jpg","width":776,"height":776,"caption":"Chippis-St.L\u00e9onard school run"},{"@type":"BreadcrumbList","@id":"https:\/\/www.swissraft.ch\/en\/product\/easy-rafting-rhone-chippis-st-leonard\/#breadcrumb","itemListElement":[{"@type":"ListItem","position":1,"name":"Accueil","item":"https:\/\/www.swissraft.ch\/en\/"},{"@type":"ListItem","position":2,"name":"Store","item":"https:\/\/www.swissraft.ch\/en\/store\/"},{"@type":"ListItem","position":3,"name":"Easy rafting on THE RH\u00d4NE &#8211; CHIPPIS-ST L\u00c9ONARD &#8211; From CHF 78.00"}]},{"@type":"WebSite","@id":"https:\/\/www.swissraft.ch\/en\/#website","url":"https:\/\/www.swissraft.ch\/en\/","name":"Swissraft","description":"To enjoy nature as it is","publisher":{"@id":"https:\/\/www.swissraft.ch\/en\/#organization"},"potentialAction":[{"@type":"SearchAction","target":{"@type":"EntryPoint","urlTemplate":"https:\/\/www.swissraft.ch\/en\/?s={search_term_string}"},"query-input":{"@type":"PropertyValueSpecification","valueRequired":true,"valueName":"search_term_string"}}],"inLanguage":"en-US"},{"@type":"Organization","@id":"https:\/\/www.swissraft.ch\/en\/#organization","name":"Swissraft","url":"https:\/\/www.swissraft.ch\/en\/","logo":{"@type":"ImageObject","inLanguage":"en-US","@id":"https:\/\/www.swissraft.ch\/en\/#\/schema\/logo\/image\/","url":"https:\/\/www.swissraft.ch\/wp-content\/uploads\/2025\/09\/Capture.jpg","contentUrl":"https:\/\/www.swissraft.ch\/wp-content\/uploads\/2025\/09\/Capture.jpg","width":293,"height":108,"caption":"Swissraft"},"image":{"@id":"https:\/\/www.swissraft.ch\/en\/#\/schema\/logo\/image\/"}}]}},"_links":{"self":[{"href":"https:\/\/www.swissraft.ch\/en\/wp-json\/wp\/v2\/product\/92622","targetHints":{"allow":["GET"]}}],"collection":[{"href":"https:\/\/www.swissraft.ch\/en\/wp-json\/wp\/v2\/product"}],"about":[{"href":"https:\/\/www.swissraft.ch\/en\/wp-json\/wp\/v2\/types\/product"}],"replies":[{"embeddable":true,"href":"https:\/\/www.swissraft.ch\/en\/wp-json\/wp\/v2\/comments?post=92622"}],"version-history":[{"count":38,"href":"https:\/\/www.swissraft.ch\/en\/wp-json\/wp\/v2\/product\/92622\/revisions"}],"predecessor-version":[{"id":130996,"href":"https:\/\/www.swissraft.ch\/en\/wp-json\/wp\/v2\/product\/92622\/revisions\/130996"}],"wp:featuredmedia":[{"embeddable":true,"href":"https:\/\/www.swissraft.ch\/en\/wp-json\/wp\/v2\/media\/84876"}],"wp:attachment":[{"href":"https:\/\/www.swissraft.ch\/en\/wp-json\/wp\/v2\/media?parent=92622"}],"wp:term":[{"taxonomy":"product_cat","embeddable":true,"href":"https:\/\/www.swissraft.ch\/en\/wp-json\/wp\/v2\/product_cat?post=92622"},{"taxonomy":"product_tag","embeddable":true,"href":"https:\/\/www.swissraft.ch\/en\/wp-json\/wp\/v2\/product_tag?post=92622"}],"curies":[{"name":"wp","href":"https:\/\/api.w.org\/{rel}","templated":true}]}}