{"id":92599,"date":"2023-02-23T23:07:10","date_gmt":"2023-02-23T22:07:10","guid":{"rendered":"https:\/\/swissraft.xyanzkdne.eu\/product\/easy-rafting-on-the-aar-thoune-berne-chf-990-00\/"},"modified":"2026-04-11T19:16:26","modified_gmt":"2026-04-11T17:16:26","slug":"easy-rafting-aare-thun-bern","status":"publish","type":"product","link":"https:\/\/www.swissraft.ch\/en\/product\/easy-rafting-aare-thun-bern\/","title":{"rendered":"Easy rafting or Fun rafting &#8211; Aare &#8211; THUN-BERN &#8211; CHF 990.00"},"content":{"rendered":"\t\t<div data-elementor-type=\"wp-post\" data-elementor-id=\"92599\" class=\"elementor elementor-92599 elementor-31227\">\n\t\t\t\t\t\t\t\t\t<section class=\"elementor-section elementor-top-section elementor-element elementor-element-3303a7e3 elementor-section-boxed elementor-section-height-default elementor-section-height-default\" data-id=\"3303a7e3\" data-element_type=\"section\">\n\t\t\t\t\t\t<div class=\"elementor-container elementor-column-gap-default\">\n\t\t\t\t\t<div class=\"elementor-column elementor-col-100 elementor-top-column elementor-element elementor-element-16d72dbf\" data-id=\"16d72dbf\" data-element_type=\"column\">\n\t\t\t<div class=\"elementor-widget-wrap elementor-element-populated\">\n\t\t\t\t\t\t\t\t<div class=\"elementor-element elementor-element-d743c03 elementor-widget elementor-widget-text-editor\" data-id=\"d743c03\" data-element_type=\"widget\" data-widget_type=\"text-editor.default\">\n\t\t\t\t<div class=\"elementor-widget-container\">\n\t\t\t\t\t\t\t<h2>CHOOSE YOUR ACTIVITY BELOW TO OFFER GIFT VOUCHERS \/ TICKETS OR MAKE A RESERVATION<\/h2><table border=\"0\" width=\"580\" cellspacing=\"10\" cellpadding=\"10\"><tbody><tr><td width=\"50%\"><strong>1) EASY RAFTING &#8211; AARE (Raft 1-7 pers.)<\/strong><\/td><td><strong>CHF 490.00 per raft<span class=\"productPrice\"><br \/><\/span><\/strong><\/td><\/tr><tr><td>Further information<\/td><td>&#8211; Private rafting<br \/>&#8211; Minimum age : 5 years<\/td><\/tr><tr><td>Route<\/td><td><strong>Schw\u00e4bis\/Thun-Bern<\/strong><\/td><\/tr><tr><td>Schedule<\/td><td>on request<\/td><\/tr><tr><td>Easy rafting or Fun rafting<\/td><td>approx. 2,5 hrs<\/td><\/tr><tr><td>Total duration<\/td><td>approx. 4 hrs<\/td><\/tr><tr><td>Meeting point<\/td><td><a href=\"https:\/\/www.google.com\/maps\/place\/Pont+Regie\/@46.7619035,7.61391,773m\/data=!3m1!1e3!4m6!3m5!1s0x478fb3e35ffe1607:0xa025e8f425edc2a9!8m2!3d46.7618578!4d7.6187014!16s%2Fg%2F11q8rw5h0w?entry=ttu\" target=\"_blank\" rel=\"noopener\">Regiebr\u00fccke bridge at Schw\u00e4bis<\/a><\/td><\/tr><tr><td>Difficulty<\/td><td>1<\/td><\/tr><tr><td><button class=\"elementor-button\" type=\"button\"><a href=\"https:\/\/swissraft.outdoorbooking.ch\/fo\/products\/2158?base_id=89&amp;category_id=10&amp;order_type=gift_voucher&amp;lang=en\" target=\"_blank\" rel=\"noopener\">PURCHASE GIFT VOUCHER \/ TICKET<\/a><\/button><\/td><td style=\"text-align: left;\"><a href=\"https:\/\/swissraft.outdoorbooking.ch\/fo\/products\/2158?base_id=89&amp;category_id=5&amp;order_type=event&amp;lang=en\" target=\"_blank\" rel=\"noopener\">BOOK A DATE<\/a><\/td><\/tr><\/tbody><\/table><table border=\"0\" width=\"580\" cellspacing=\"10\" cellpadding=\"10\"><tbody><tr><td width=\"50%\"><strong><strong>2) EASY RAFTING &#8211; AARE (Raft 8-16 pers.)<\/strong><\/strong><\/td><td><strong>CHF 990.00 per raft<span class=\"productPrice\"><br \/><\/span><\/strong><\/td><\/tr><tr><td>Further information<\/td><td>&#8211; Private rafting<br \/>&#8211; Minimum age : 5 years<br \/>&#8211; No additional discount on youth and school rates<br \/>&#8211; School price : <a href=\"\/en\/product\/school-trip-bernese-oberland-easy-rafting-aare-thun-bern\/\" target=\"_blank\" rel=\"noopener\"><span class=\"patt\"><span class=\"plbl\">Click here<\/span><\/span><\/a><\/td><\/tr><tr><td>Route<\/td><td><strong>Schw\u00e4bis\/Thun-Bern<\/strong><\/td><\/tr><tr><td>Schedule<\/td><td>on request<\/td><\/tr><tr><td>Easy rafting or Fun rafting<\/td><td>approx. 2,5 hrs<\/td><\/tr><tr><td>Total duration<\/td><td>approx. 4 hrs<\/td><\/tr><tr><td>Meeting point<\/td><td><a href=\"https:\/\/www.google.com\/maps\/place\/Pont+Regie\/@46.7619035,7.61391,773m\/data=!3m1!1e3!4m6!3m5!1s0x478fb3e35ffe1607:0xa025e8f425edc2a9!8m2!3d46.7618578!4d7.6187014!16s%2Fg%2F11q8rw5h0w?entry=ttu\" target=\"_blank\" rel=\"noopener\">Regiebr\u00fccke bridge at Schw\u00e4bis<\/a><\/td><\/tr><tr><td>Difficulty<\/td><td>1<\/td><\/tr><tr><td><button class=\"elementor-button\" type=\"button\"><a href=\"https:\/\/swissraft.outdoorbooking.ch\/fo\/products\/2157?base_id=89&amp;category_id=10&amp;order_type=gift_voucher&amp;lang=en\" target=\"_blank\" rel=\"noopener\">PURCHASE GIFT VOUCHER \/ TICKET<\/a><\/button><\/td><td style=\"text-align: left;\"><a href=\"https:\/\/swissraft.outdoorbooking.ch\/fo\/products\/2157?base_id=89&amp;category_id=5&amp;order_type=event&amp;lang=en\" target=\"_blank\" rel=\"noopener\">BOOK A DATE<\/a><\/td><\/tr><\/tbody><\/table>\t\t\t\t\t\t<\/div>\n\t\t\t\t<\/div>\n\t\t\t\t\t<\/div>\n\t\t<\/div>\n\t\t\t\t\t\t\t<\/div>\n\t\t<\/section>\n\t\t\t\t\t\t\t<\/div>\n\t\t","protected":false},"excerpt":{"rendered":"<div align=\"justify\">\n<h2 align=\"justify\"><strong>Easy rafting<\/strong> on the Aare; rest and relaxation on the agenda<\/h2>\n<h3>Easy rafting on the Aare between Thun and Bern, an idyllic landscape accompanies you all the way.<\/h3>\n<\/div>\n<div align=\"justify\">\n<p><strong>Easy rafting<\/strong> on the Aare at Thun in the Bernese Oberland! From Thun to Bern, the meandering river takes you along in large rafts. Every year in summer, numerous boats paddle down the Aare to the delight of everyone. Whether you&#8217;re with family, friends or colleagues, you&#8217;ll love this half-day trip down the Aare. The descent is just as enjoyable in the morning as it is in the late afternoon.<\/p>\n<h3>More than a dozen fun rafting and easy rafting routes are available.<\/h3>\n<p id=\"textarea\" style=\"display: none;\">\nSwissraft also offers five different <strong>easy rafting<\/strong> routes on the Reuss: Bremgarten &#8211; Mellingen, Mellingen &#8211; Gebenstorf, Bremgarten &#8211; Gebenstorf and Bremgarten &#8211; Gnadental. Also on the Reuss, <strong>easy rafting<\/strong> from Gisikon to Ottenbach in the cantons of Lucerne and Zurich. But also <strong>fun rafting<\/strong> on the Sarine between Gstaad and Rougemont and easy rafting on the Rh\u00f4ne. Fun rafting on the L\u00fctschine between Wilderswil and B\u00f6nigen in the Bernese Oberland. Also <strong>easy rafting<\/strong> on the Ticino in Ticino between Cresciano and Bellinzona and on the Inn in Graub\u00fcnden.<br \/>\nSwissraft, always on the lookout for new adventures, invites you to discover numerous <strong><a href=\"\/en\/product-category\/nautical-centers-in-and-around-switzerland\/rafting-in-switzerland\/\" target=\"_blank\" rel=\"noopener\">riverrafting<\/a><\/strong> on the rivers of Switzerland and neighbouring France.\n<\/p>\n<p><a id=\"seeMore\" onclick=\"toggleSeeMore()\" href=\"javascript:void(0);\">Read more<\/a><\/p>\n","protected":false},"featured_media":84933,"comment_status":"open","ping_status":"closed","template":"","meta":{"inline_featured_image":false,"_mi_skip_tracking":false},"product_cat":[517,474],"product_tag":[],"class_list":["post-92599","product","type-product","status-publish","has-post-thumbnail","hentry","product_cat-easy-rafting-in-oberland-bernois","product_cat-easy-rafting-en"],"yoast_head":"<!-- This site is optimized with the Yoast SEO plugin v23.6 - https:\/\/yoast.com\/wordpress\/plugins\/seo\/ -->\n<title>Easy rafting on the Aare or Fun rafting between Thun and Bern<\/title>\n<meta name=\"description\" content=\"Easy rafting on the Aare from Thun to Bern. The emerald, temperate waters of the Aare invite you to take a boat trip along the river.\" \/>\n<meta name=\"robots\" content=\"index, follow, max-snippet:-1, max-image-preview:large, max-video-preview:-1\" \/>\n<link rel=\"canonical\" href=\"https:\/\/www.swissraft.ch\/en\/product\/easy-rafting-aare-thun-bern\/\" \/>\n<meta property=\"og:locale\" content=\"en_US\" \/>\n<meta property=\"og:type\" content=\"article\" \/>\n<meta property=\"og:title\" content=\"Easy rafting on the Aare or Fun rafting between Thun and Bern\" \/>\n<meta property=\"og:description\" content=\"Easy rafting on the Aare from Thun to Bern. The emerald, temperate waters of the Aare invite you to take a boat trip along the river.\" \/>\n<meta property=\"og:url\" content=\"https:\/\/www.swissraft.ch\/en\/product\/easy-rafting-aare-thun-bern\/\" \/>\n<meta property=\"og:site_name\" content=\"Swissraft\" \/>\n<meta property=\"article:modified_time\" content=\"2026-04-11T17:16:26+00:00\" \/>\n<meta property=\"og:image\" content=\"https:\/\/www.swissraft.ch\/wp-content\/uploads\/2023\/02\/1-1-AARE-776X776.jpg\" \/>\n\t<meta property=\"og:image:width\" content=\"776\" \/>\n\t<meta property=\"og:image:height\" content=\"776\" \/>\n\t<meta property=\"og:image:type\" content=\"image\/jpeg\" \/>\n<meta name=\"twitter:card\" content=\"summary_large_image\" \/>\n<meta name=\"twitter:label1\" content=\"Est. reading time\" \/>\n\t<meta name=\"twitter:data1\" content=\"1 minute\" \/>\n<script type=\"application\/ld+json\" class=\"yoast-schema-graph\">{\"@context\":\"https:\/\/schema.org\",\"@graph\":[{\"@type\":\"WebPage\",\"@id\":\"https:\/\/www.swissraft.ch\/en\/product\/easy-rafting-aare-thun-bern\/\",\"url\":\"https:\/\/www.swissraft.ch\/en\/product\/easy-rafting-aare-thun-bern\/\",\"name\":\"Easy rafting on the Aare or Fun rafting between Thun and Bern\",\"isPartOf\":{\"@id\":\"https:\/\/www.swissraft.ch\/en\/#website\"},\"primaryImageOfPage\":{\"@id\":\"https:\/\/www.swissraft.ch\/en\/product\/easy-rafting-aare-thun-bern\/#primaryimage\"},\"image\":{\"@id\":\"https:\/\/www.swissraft.ch\/en\/product\/easy-rafting-aare-thun-bern\/#primaryimage\"},\"thumbnailUrl\":\"https:\/\/www.swissraft.ch\/wp-content\/uploads\/2023\/02\/1-1-AARE-776X776.jpg\",\"datePublished\":\"2023-02-23T22:07:10+00:00\",\"dateModified\":\"2026-04-11T17:16:26+00:00\",\"description\":\"Easy rafting on the Aare from Thun to Bern. The emerald, temperate waters of the Aare invite you to take a boat trip along the river.\",\"breadcrumb\":{\"@id\":\"https:\/\/www.swissraft.ch\/en\/product\/easy-rafting-aare-thun-bern\/#breadcrumb\"},\"inLanguage\":\"en-US\",\"potentialAction\":[{\"@type\":\"ReadAction\",\"target\":[\"https:\/\/www.swissraft.ch\/en\/product\/easy-rafting-aare-thun-bern\/\"]}]},{\"@type\":\"ImageObject\",\"inLanguage\":\"en-US\",\"@id\":\"https:\/\/www.swissraft.ch\/en\/product\/easy-rafting-aare-thun-bern\/#primaryimage\",\"url\":\"https:\/\/www.swissraft.ch\/wp-content\/uploads\/2023\/02\/1-1-AARE-776X776.jpg\",\"contentUrl\":\"https:\/\/www.swissraft.ch\/wp-content\/uploads\/2023\/02\/1-1-AARE-776X776.jpg\",\"width\":776,\"height\":776,\"caption\":\"Easy rafting on the Aare from Thun to Bern\"},{\"@type\":\"BreadcrumbList\",\"@id\":\"https:\/\/www.swissraft.ch\/en\/product\/easy-rafting-aare-thun-bern\/#breadcrumb\",\"itemListElement\":[{\"@type\":\"ListItem\",\"position\":1,\"name\":\"Accueil\",\"item\":\"https:\/\/www.swissraft.ch\/en\/\"},{\"@type\":\"ListItem\",\"position\":2,\"name\":\"Store\",\"item\":\"https:\/\/www.swissraft.ch\/en\/store\/\"},{\"@type\":\"ListItem\",\"position\":3,\"name\":\"Easy rafting or Fun rafting &#8211; Aare &#8211; THUN-BERN &#8211; CHF 990.00\"}]},{\"@type\":\"WebSite\",\"@id\":\"https:\/\/www.swissraft.ch\/en\/#website\",\"url\":\"https:\/\/www.swissraft.ch\/en\/\",\"name\":\"Swissraft\",\"description\":\"To enjoy nature as it is\",\"publisher\":{\"@id\":\"https:\/\/www.swissraft.ch\/en\/#organization\"},\"potentialAction\":[{\"@type\":\"SearchAction\",\"target\":{\"@type\":\"EntryPoint\",\"urlTemplate\":\"https:\/\/www.swissraft.ch\/en\/?s={search_term_string}\"},\"query-input\":{\"@type\":\"PropertyValueSpecification\",\"valueRequired\":true,\"valueName\":\"search_term_string\"}}],\"inLanguage\":\"en-US\"},{\"@type\":\"Organization\",\"@id\":\"https:\/\/www.swissraft.ch\/en\/#organization\",\"name\":\"Swissraft\",\"url\":\"https:\/\/www.swissraft.ch\/en\/\",\"logo\":{\"@type\":\"ImageObject\",\"inLanguage\":\"en-US\",\"@id\":\"https:\/\/www.swissraft.ch\/en\/#\/schema\/logo\/image\/\",\"url\":\"https:\/\/www.swissraft.ch\/wp-content\/uploads\/2025\/09\/Capture.jpg\",\"contentUrl\":\"https:\/\/www.swissraft.ch\/wp-content\/uploads\/2025\/09\/Capture.jpg\",\"width\":293,\"height\":108,\"caption\":\"Swissraft\"},\"image\":{\"@id\":\"https:\/\/www.swissraft.ch\/en\/#\/schema\/logo\/image\/\"}}]}<\/script>\n<!-- \/ Yoast SEO plugin. -->","yoast_head_json":{"title":"Easy rafting on the Aare or Fun rafting between Thun and Bern","description":"Easy rafting on the Aare from Thun to Bern. The emerald, temperate waters of the Aare invite you to take a boat trip along the river.","robots":{"index":"index","follow":"follow","max-snippet":"max-snippet:-1","max-image-preview":"max-image-preview:large","max-video-preview":"max-video-preview:-1"},"canonical":"https:\/\/www.swissraft.ch\/en\/product\/easy-rafting-aare-thun-bern\/","og_locale":"en_US","og_type":"article","og_title":"Easy rafting on the Aare or Fun rafting between Thun and Bern","og_description":"Easy rafting on the Aare from Thun to Bern. The emerald, temperate waters of the Aare invite you to take a boat trip along the river.","og_url":"https:\/\/www.swissraft.ch\/en\/product\/easy-rafting-aare-thun-bern\/","og_site_name":"Swissraft","article_modified_time":"2026-04-11T17:16:26+00:00","og_image":[{"width":776,"height":776,"url":"https:\/\/www.swissraft.ch\/wp-content\/uploads\/2023\/02\/1-1-AARE-776X776.jpg","type":"image\/jpeg"}],"twitter_card":"summary_large_image","twitter_misc":{"Est. reading time":"1 minute"},"schema":{"@context":"https:\/\/schema.org","@graph":[{"@type":"WebPage","@id":"https:\/\/www.swissraft.ch\/en\/product\/easy-rafting-aare-thun-bern\/","url":"https:\/\/www.swissraft.ch\/en\/product\/easy-rafting-aare-thun-bern\/","name":"Easy rafting on the Aare or Fun rafting between Thun and Bern","isPartOf":{"@id":"https:\/\/www.swissraft.ch\/en\/#website"},"primaryImageOfPage":{"@id":"https:\/\/www.swissraft.ch\/en\/product\/easy-rafting-aare-thun-bern\/#primaryimage"},"image":{"@id":"https:\/\/www.swissraft.ch\/en\/product\/easy-rafting-aare-thun-bern\/#primaryimage"},"thumbnailUrl":"https:\/\/www.swissraft.ch\/wp-content\/uploads\/2023\/02\/1-1-AARE-776X776.jpg","datePublished":"2023-02-23T22:07:10+00:00","dateModified":"2026-04-11T17:16:26+00:00","description":"Easy rafting on the Aare from Thun to Bern. The emerald, temperate waters of the Aare invite you to take a boat trip along the river.","breadcrumb":{"@id":"https:\/\/www.swissraft.ch\/en\/product\/easy-rafting-aare-thun-bern\/#breadcrumb"},"inLanguage":"en-US","potentialAction":[{"@type":"ReadAction","target":["https:\/\/www.swissraft.ch\/en\/product\/easy-rafting-aare-thun-bern\/"]}]},{"@type":"ImageObject","inLanguage":"en-US","@id":"https:\/\/www.swissraft.ch\/en\/product\/easy-rafting-aare-thun-bern\/#primaryimage","url":"https:\/\/www.swissraft.ch\/wp-content\/uploads\/2023\/02\/1-1-AARE-776X776.jpg","contentUrl":"https:\/\/www.swissraft.ch\/wp-content\/uploads\/2023\/02\/1-1-AARE-776X776.jpg","width":776,"height":776,"caption":"Easy rafting on the Aare from Thun to Bern"},{"@type":"BreadcrumbList","@id":"https:\/\/www.swissraft.ch\/en\/product\/easy-rafting-aare-thun-bern\/#breadcrumb","itemListElement":[{"@type":"ListItem","position":1,"name":"Accueil","item":"https:\/\/www.swissraft.ch\/en\/"},{"@type":"ListItem","position":2,"name":"Store","item":"https:\/\/www.swissraft.ch\/en\/store\/"},{"@type":"ListItem","position":3,"name":"Easy rafting or Fun rafting &#8211; Aare &#8211; THUN-BERN &#8211; CHF 990.00"}]},{"@type":"WebSite","@id":"https:\/\/www.swissraft.ch\/en\/#website","url":"https:\/\/www.swissraft.ch\/en\/","name":"Swissraft","description":"To enjoy nature as it is","publisher":{"@id":"https:\/\/www.swissraft.ch\/en\/#organization"},"potentialAction":[{"@type":"SearchAction","target":{"@type":"EntryPoint","urlTemplate":"https:\/\/www.swissraft.ch\/en\/?s={search_term_string}"},"query-input":{"@type":"PropertyValueSpecification","valueRequired":true,"valueName":"search_term_string"}}],"inLanguage":"en-US"},{"@type":"Organization","@id":"https:\/\/www.swissraft.ch\/en\/#organization","name":"Swissraft","url":"https:\/\/www.swissraft.ch\/en\/","logo":{"@type":"ImageObject","inLanguage":"en-US","@id":"https:\/\/www.swissraft.ch\/en\/#\/schema\/logo\/image\/","url":"https:\/\/www.swissraft.ch\/wp-content\/uploads\/2025\/09\/Capture.jpg","contentUrl":"https:\/\/www.swissraft.ch\/wp-content\/uploads\/2025\/09\/Capture.jpg","width":293,"height":108,"caption":"Swissraft"},"image":{"@id":"https:\/\/www.swissraft.ch\/en\/#\/schema\/logo\/image\/"}}]}},"_links":{"self":[{"href":"https:\/\/www.swissraft.ch\/en\/wp-json\/wp\/v2\/product\/92599","targetHints":{"allow":["GET"]}}],"collection":[{"href":"https:\/\/www.swissraft.ch\/en\/wp-json\/wp\/v2\/product"}],"about":[{"href":"https:\/\/www.swissraft.ch\/en\/wp-json\/wp\/v2\/types\/product"}],"replies":[{"embeddable":true,"href":"https:\/\/www.swissraft.ch\/en\/wp-json\/wp\/v2\/comments?post=92599"}],"version-history":[{"count":49,"href":"https:\/\/www.swissraft.ch\/en\/wp-json\/wp\/v2\/product\/92599\/revisions"}],"predecessor-version":[{"id":139408,"href":"https:\/\/www.swissraft.ch\/en\/wp-json\/wp\/v2\/product\/92599\/revisions\/139408"}],"wp:featuredmedia":[{"embeddable":true,"href":"https:\/\/www.swissraft.ch\/en\/wp-json\/wp\/v2\/media\/84933"}],"wp:attachment":[{"href":"https:\/\/www.swissraft.ch\/en\/wp-json\/wp\/v2\/media?parent=92599"}],"wp:term":[{"taxonomy":"product_cat","embeddable":true,"href":"https:\/\/www.swissraft.ch\/en\/wp-json\/wp\/v2\/product_cat?post=92599"},{"taxonomy":"product_tag","embeddable":true,"href":"https:\/\/www.swissraft.ch\/en\/wp-json\/wp\/v2\/product_tag?post=92599"}],"curies":[{"name":"wp","href":"https:\/\/api.w.org\/{rel}","templated":true}]}}