{"id":92498,"date":"2023-02-26T15:44:20","date_gmt":"2023-02-26T14:44:20","guid":{"rendered":"https:\/\/swissraft.xyanzkdne.eu\/product\/canoe-funyak-on-le-rhone-chippis-st-leonard-from-chf-100-00\/"},"modified":"2026-04-12T23:13:36","modified_gmt":"2026-04-12T21:13:36","slug":"canoe-funyak-on-le-rhone-chippis-st-leonard-from-chf-100-00","status":"publish","type":"product","link":"https:\/\/www.swissraft.ch\/en\/product\/canoe-funyak-on-le-rhone-chippis-st-leonard-from-chf-100-00\/","title":{"rendered":"Canoe or Funyak &#8211; Rhone &#8211; Chippis-St. L\u00e9onard &#8211; From CHF 100.00"},"content":{"rendered":"\t\t<div data-elementor-type=\"wp-post\" data-elementor-id=\"92498\" class=\"elementor elementor-92498 elementor-31302\">\n\t\t\t\t\t\t\t\t\t<section class=\"elementor-section elementor-top-section elementor-element elementor-element-3303a7e3 elementor-section-boxed elementor-section-height-default elementor-section-height-default\" data-id=\"3303a7e3\" data-element_type=\"section\">\n\t\t\t\t\t\t<div class=\"elementor-container elementor-column-gap-default\">\n\t\t\t\t\t<div class=\"elementor-column elementor-col-100 elementor-top-column elementor-element elementor-element-16d72dbf\" data-id=\"16d72dbf\" data-element_type=\"column\">\n\t\t\t<div class=\"elementor-widget-wrap elementor-element-populated\">\n\t\t\t\t\t\t\t\t<div class=\"elementor-element elementor-element-d743c03 elementor-widget elementor-widget-text-editor\" data-id=\"d743c03\" data-element_type=\"widget\" data-widget_type=\"text-editor.default\">\n\t\t\t\t<div class=\"elementor-widget-container\">\n\t\t\t\t\t\t\t<h2>CHOOSE YOUR ACTIVITY BELOW TO OFFER GIFT VOUCHERS \/ TICKETS OR MAKE A RESERVATION<\/h2><table border=\"0\" width=\"580\" cellspacing=\"10\" cellpadding=\"10\"><tbody><tr><td width=\"50%\"><strong>CANO\u00cb FUNYAK &#8211; RHONE + snack<\/strong><\/td><td><strong>CHF 125.00 per person<span class=\"productPrice\"><br \/><\/span><\/strong><\/td><\/tr><tr><td>Further information<\/td><td><span class=\"patt\">&#8211; From 10 pers. 10% : <strong>CHF 112.50<\/strong>\/pers.<br \/>&#8211; From 21 pers. 20% : <strong>CHF 100.00<\/strong>\/pers.<\/span><br \/>&#8211; Minimum age : 10 years<br \/>&#8211; School price : <span class=\"patt\"><span class=\"patt\" style=\"font-family: inherit; font-size: inherit;\"><span class=\"plbl\"><a href=\"https:\/\/swissraft.xyanzkdne.eu\/en\/contact\/\">contact us<\/a><\/span><\/span><\/span><\/td><\/tr><tr><td>Schedules<\/td><td>10:00 am \/ 02:00 pm<\/td><\/tr><tr><td>Canoe or Funyak<\/td><td>approx. 1,5 hr<\/td><\/tr><tr><td>Total duration<\/td><td>approx. 3 hrs<\/td><\/tr><tr><td>Meeting point<\/td><td><a href=\"https:\/\/www.google.com\/maps\/place\/46%C2%B017'36.8%22N+7%C2%B033'29.6%22E\/@46.2937223,7.5537054,780m\/data=!3m1!1e3!4m4!3m3!8m2!3d46.2935556!4d7.5582222?entry=ttu\" target=\"_blank\" rel=\"noopener\">Sierre<\/a><\/td><\/tr><tr><td>Difficulty<\/td><td>1 \u00e0 2<\/td><\/tr><tr><td><button class=\"elementor-button\" type=\"button\"><a href=\"https:\/\/swissraft.outdoorbooking.ch\/fo\/products\/1273?base_id=82&amp;category_id=9&amp;order_type=gift_voucher&amp;lang=fr\" target=\"_blank\" rel=\"noopener\">PURCHASE GIFT VOUCHER \/ TICKET<\/a><\/button><\/td><td><span style=\"color: #ff6600;\"><a href=\"https:\/\/swissraft.outdoorbooking.ch\/fo\/products\/1273?base_id=82&amp;category_id=9&amp;order_type=event&amp;lang=fr\" target=\"_blank\" rel=\"noopener\">BOOK A DATE<\/a><\/span><\/td><\/tr><\/tbody><\/table>\t\t\t\t\t\t<\/div>\n\t\t\t\t<\/div>\n\t\t\t\t\t<\/div>\n\t\t<\/div>\n\t\t\t\t\t\t\t<\/div>\n\t\t<\/section>\n\t\t\t\t\t\t\t<\/div>\n\t\t","protected":false},"excerpt":{"rendered":"<div align=\"justify\">\n<h2 align=\"justify\">Canoeing or Funyak on the Rhone in Valais between Chippis and St. L\u00e9onard appeals to families with young children.<\/h2>\n<h3>Chippis-St. L\u00e9onard a section of the Rh\u00f4ne suitable for lovers of relaxation and contemplation<\/h3>\n<\/div>\n<div align=\"justify\">\n<p>Canoeing down the Rhone between Chippis and St. Moritz. Leonardo is an unforgettable experience. Firstly, the calm water makes for peaceful sailing. Then, the picturesque landscapes fill paddlers with wonder. What&#8217;s more, the local wildlife reveals itself at every turn. Ducks and herons often accompany adventurers. In addition, the gentle current allows you to relax and enjoy the moment. Halfway along the route, a small beach invites you to take a break. Then we set off again with enthusiasm, feeling the adrenalin rise slightly. Finally, St. L\u00e9onard appears in the distance, marking the end of this beautiful stroll. In short, this tranquil stretch of the Rh\u00f4ne promises memorable moments. In short, the funyak or ducky is perfect for exploring this serene region. This activity is ideal for those who love nature and tranquillity.<\/p>\n<h3>On our website you&#8217;ll find several funyak or ducky canoe courses.<\/h3>\n<p id=\"textarea\" style=\"display: none;\">\nStill on the Rh\u00f4ne, the Souste-Sierre section is a sporty one. You can also take the Funyak down the Rhine from Ilanz to Valendas in Graub\u00fcnden for a half-day adventure. For a day trip, choose the route between Ilanz and Reichenau. In addition, there&#8217;s the classic Versam funyak in Reichenau. Further downstream from the famous Rhine Falls, Swissraft offers two routes: Schaffhausen &#8211; Rheinau, a half-day trip, or Schaffhausen &#8211; R\u00fcdlingen, a full-day canoeing trip. There are also half-day trips from Bremgarten to Mellingen and from Mellingen to Gebenstorf on the Reuss. The Bremgarten &#8211; Gebenstorf section on the Reuss is an exciting day out.\n<\/p>\n<p><a id=\"seeMore\" onclick=\"toggleSeeMore()\" href=\"javascript:void(0);\">Read more<\/a><\/p>\n","protected":false},"featured_media":90474,"comment_status":"open","ping_status":"closed","template":"","meta":{"inline_featured_image":false,"_mi_skip_tracking":false},"product_cat":[379,391],"product_tag":[],"class_list":["post-92498","product","type-product","status-publish","has-post-thumbnail","hentry","product_cat-funyak-or-ducky-canoe","product_cat-canoe-funyak-rhone"],"yoast_head":"<!-- This site is optimized with the Yoast SEO plugin v23.6 - https:\/\/yoast.com\/wordpress\/plugins\/seo\/ -->\n<title>Canoe funyak Chippis-St. L\u00e9onard a quiet funyak section<\/title>\n<meta name=\"description\" content=\"Canoe funyak Chippis-St. L\u00e9onard a canoe funyak trip on the calm Rh\u00f4ne river. A popular activity for schools, groups and families.\" \/>\n<meta name=\"robots\" content=\"index, follow, max-snippet:-1, max-image-preview:large, max-video-preview:-1\" \/>\n<link rel=\"canonical\" href=\"https:\/\/www.swissraft.ch\/en\/product\/canoe-funyak-on-le-rhone-chippis-st-leonard-from-chf-100-00\/\" \/>\n<meta property=\"og:locale\" content=\"en_US\" \/>\n<meta property=\"og:type\" content=\"article\" \/>\n<meta property=\"og:title\" content=\"Canoe funyak Chippis-St. L\u00e9onard a quiet funyak section\" \/>\n<meta property=\"og:description\" content=\"Canoe funyak Chippis-St. L\u00e9onard a canoe funyak trip on the calm Rh\u00f4ne river. A popular activity for schools, groups and families.\" \/>\n<meta property=\"og:url\" content=\"https:\/\/www.swissraft.ch\/en\/product\/canoe-funyak-on-le-rhone-chippis-st-leonard-from-chf-100-00\/\" \/>\n<meta property=\"og:site_name\" content=\"Swissraft\" \/>\n<meta property=\"article:modified_time\" content=\"2026-04-12T21:13:36+00:00\" \/>\n<meta property=\"og:image\" content=\"https:\/\/www.swissraft.ch\/wp-content\/uploads\/2023\/02\/2-1-Rhone-Chippis-St.-Leonard-776x776-1.jpg\" \/>\n\t<meta property=\"og:image:width\" content=\"776\" \/>\n\t<meta property=\"og:image:height\" content=\"776\" \/>\n\t<meta property=\"og:image:type\" content=\"image\/jpeg\" \/>\n<meta name=\"twitter:card\" content=\"summary_large_image\" \/>\n<meta name=\"twitter:label1\" content=\"Est. reading time\" \/>\n\t<meta name=\"twitter:data1\" content=\"1 minute\" \/>\n<script type=\"application\/ld+json\" class=\"yoast-schema-graph\">{\"@context\":\"https:\/\/schema.org\",\"@graph\":[{\"@type\":\"WebPage\",\"@id\":\"https:\/\/www.swissraft.ch\/en\/product\/canoe-funyak-on-le-rhone-chippis-st-leonard-from-chf-100-00\/\",\"url\":\"https:\/\/www.swissraft.ch\/en\/product\/canoe-funyak-on-le-rhone-chippis-st-leonard-from-chf-100-00\/\",\"name\":\"Canoe funyak Chippis-St. L\u00e9onard a quiet funyak section\",\"isPartOf\":{\"@id\":\"https:\/\/www.swissraft.ch\/en\/#website\"},\"primaryImageOfPage\":{\"@id\":\"https:\/\/www.swissraft.ch\/en\/product\/canoe-funyak-on-le-rhone-chippis-st-leonard-from-chf-100-00\/#primaryimage\"},\"image\":{\"@id\":\"https:\/\/www.swissraft.ch\/en\/product\/canoe-funyak-on-le-rhone-chippis-st-leonard-from-chf-100-00\/#primaryimage\"},\"thumbnailUrl\":\"https:\/\/www.swissraft.ch\/wp-content\/uploads\/2023\/02\/2-1-Rhone-Chippis-St.-Leonard-776x776-1.jpg\",\"datePublished\":\"2023-02-26T14:44:20+00:00\",\"dateModified\":\"2026-04-12T21:13:36+00:00\",\"description\":\"Canoe funyak Chippis-St. L\u00e9onard a canoe funyak trip on the calm Rh\u00f4ne river. A popular activity for schools, groups and families.\",\"breadcrumb\":{\"@id\":\"https:\/\/www.swissraft.ch\/en\/product\/canoe-funyak-on-le-rhone-chippis-st-leonard-from-chf-100-00\/#breadcrumb\"},\"inLanguage\":\"en-US\",\"potentialAction\":[{\"@type\":\"ReadAction\",\"target\":[\"https:\/\/www.swissraft.ch\/en\/product\/canoe-funyak-on-le-rhone-chippis-st-leonard-from-chf-100-00\/\"]}]},{\"@type\":\"ImageObject\",\"inLanguage\":\"en-US\",\"@id\":\"https:\/\/www.swissraft.ch\/en\/product\/canoe-funyak-on-le-rhone-chippis-st-leonard-from-chf-100-00\/#primaryimage\",\"url\":\"https:\/\/www.swissraft.ch\/wp-content\/uploads\/2023\/02\/2-1-Rhone-Chippis-St.-Leonard-776x776-1.jpg\",\"contentUrl\":\"https:\/\/www.swissraft.ch\/wp-content\/uploads\/2023\/02\/2-1-Rhone-Chippis-St.-Leonard-776x776-1.jpg\",\"width\":776,\"height\":776,\"caption\":\"Canoe funyak on the Rh\u00f4ne between Chippis and St. Gallen L\u00e9onard\"},{\"@type\":\"BreadcrumbList\",\"@id\":\"https:\/\/www.swissraft.ch\/en\/product\/canoe-funyak-on-le-rhone-chippis-st-leonard-from-chf-100-00\/#breadcrumb\",\"itemListElement\":[{\"@type\":\"ListItem\",\"position\":1,\"name\":\"Accueil\",\"item\":\"https:\/\/www.swissraft.ch\/en\/\"},{\"@type\":\"ListItem\",\"position\":2,\"name\":\"Store\",\"item\":\"https:\/\/www.swissraft.ch\/en\/store\/\"},{\"@type\":\"ListItem\",\"position\":3,\"name\":\"Canoe or Funyak &#8211; Rhone &#8211; Chippis-St. L\u00e9onard &#8211; From CHF 100.00\"}]},{\"@type\":\"WebSite\",\"@id\":\"https:\/\/www.swissraft.ch\/en\/#website\",\"url\":\"https:\/\/www.swissraft.ch\/en\/\",\"name\":\"Swissraft\",\"description\":\"To enjoy nature as it is\",\"publisher\":{\"@id\":\"https:\/\/www.swissraft.ch\/en\/#organization\"},\"potentialAction\":[{\"@type\":\"SearchAction\",\"target\":{\"@type\":\"EntryPoint\",\"urlTemplate\":\"https:\/\/www.swissraft.ch\/en\/?s={search_term_string}\"},\"query-input\":{\"@type\":\"PropertyValueSpecification\",\"valueRequired\":true,\"valueName\":\"search_term_string\"}}],\"inLanguage\":\"en-US\"},{\"@type\":\"Organization\",\"@id\":\"https:\/\/www.swissraft.ch\/en\/#organization\",\"name\":\"Swissraft\",\"url\":\"https:\/\/www.swissraft.ch\/en\/\",\"logo\":{\"@type\":\"ImageObject\",\"inLanguage\":\"en-US\",\"@id\":\"https:\/\/www.swissraft.ch\/en\/#\/schema\/logo\/image\/\",\"url\":\"https:\/\/www.swissraft.ch\/wp-content\/uploads\/2025\/09\/Capture.jpg\",\"contentUrl\":\"https:\/\/www.swissraft.ch\/wp-content\/uploads\/2025\/09\/Capture.jpg\",\"width\":293,\"height\":108,\"caption\":\"Swissraft\"},\"image\":{\"@id\":\"https:\/\/www.swissraft.ch\/en\/#\/schema\/logo\/image\/\"}}]}<\/script>\n<!-- \/ Yoast SEO plugin. -->","yoast_head_json":{"title":"Canoe funyak Chippis-St. L\u00e9onard a quiet funyak section","description":"Canoe funyak Chippis-St. L\u00e9onard a canoe funyak trip on the calm Rh\u00f4ne river. A popular activity for schools, groups and families.","robots":{"index":"index","follow":"follow","max-snippet":"max-snippet:-1","max-image-preview":"max-image-preview:large","max-video-preview":"max-video-preview:-1"},"canonical":"https:\/\/www.swissraft.ch\/en\/product\/canoe-funyak-on-le-rhone-chippis-st-leonard-from-chf-100-00\/","og_locale":"en_US","og_type":"article","og_title":"Canoe funyak Chippis-St. L\u00e9onard a quiet funyak section","og_description":"Canoe funyak Chippis-St. L\u00e9onard a canoe funyak trip on the calm Rh\u00f4ne river. A popular activity for schools, groups and families.","og_url":"https:\/\/www.swissraft.ch\/en\/product\/canoe-funyak-on-le-rhone-chippis-st-leonard-from-chf-100-00\/","og_site_name":"Swissraft","article_modified_time":"2026-04-12T21:13:36+00:00","og_image":[{"width":776,"height":776,"url":"https:\/\/www.swissraft.ch\/wp-content\/uploads\/2023\/02\/2-1-Rhone-Chippis-St.-Leonard-776x776-1.jpg","type":"image\/jpeg"}],"twitter_card":"summary_large_image","twitter_misc":{"Est. reading time":"1 minute"},"schema":{"@context":"https:\/\/schema.org","@graph":[{"@type":"WebPage","@id":"https:\/\/www.swissraft.ch\/en\/product\/canoe-funyak-on-le-rhone-chippis-st-leonard-from-chf-100-00\/","url":"https:\/\/www.swissraft.ch\/en\/product\/canoe-funyak-on-le-rhone-chippis-st-leonard-from-chf-100-00\/","name":"Canoe funyak Chippis-St. L\u00e9onard a quiet funyak section","isPartOf":{"@id":"https:\/\/www.swissraft.ch\/en\/#website"},"primaryImageOfPage":{"@id":"https:\/\/www.swissraft.ch\/en\/product\/canoe-funyak-on-le-rhone-chippis-st-leonard-from-chf-100-00\/#primaryimage"},"image":{"@id":"https:\/\/www.swissraft.ch\/en\/product\/canoe-funyak-on-le-rhone-chippis-st-leonard-from-chf-100-00\/#primaryimage"},"thumbnailUrl":"https:\/\/www.swissraft.ch\/wp-content\/uploads\/2023\/02\/2-1-Rhone-Chippis-St.-Leonard-776x776-1.jpg","datePublished":"2023-02-26T14:44:20+00:00","dateModified":"2026-04-12T21:13:36+00:00","description":"Canoe funyak Chippis-St. L\u00e9onard a canoe funyak trip on the calm Rh\u00f4ne river. A popular activity for schools, groups and families.","breadcrumb":{"@id":"https:\/\/www.swissraft.ch\/en\/product\/canoe-funyak-on-le-rhone-chippis-st-leonard-from-chf-100-00\/#breadcrumb"},"inLanguage":"en-US","potentialAction":[{"@type":"ReadAction","target":["https:\/\/www.swissraft.ch\/en\/product\/canoe-funyak-on-le-rhone-chippis-st-leonard-from-chf-100-00\/"]}]},{"@type":"ImageObject","inLanguage":"en-US","@id":"https:\/\/www.swissraft.ch\/en\/product\/canoe-funyak-on-le-rhone-chippis-st-leonard-from-chf-100-00\/#primaryimage","url":"https:\/\/www.swissraft.ch\/wp-content\/uploads\/2023\/02\/2-1-Rhone-Chippis-St.-Leonard-776x776-1.jpg","contentUrl":"https:\/\/www.swissraft.ch\/wp-content\/uploads\/2023\/02\/2-1-Rhone-Chippis-St.-Leonard-776x776-1.jpg","width":776,"height":776,"caption":"Canoe funyak on the Rh\u00f4ne between Chippis and St. Gallen L\u00e9onard"},{"@type":"BreadcrumbList","@id":"https:\/\/www.swissraft.ch\/en\/product\/canoe-funyak-on-le-rhone-chippis-st-leonard-from-chf-100-00\/#breadcrumb","itemListElement":[{"@type":"ListItem","position":1,"name":"Accueil","item":"https:\/\/www.swissraft.ch\/en\/"},{"@type":"ListItem","position":2,"name":"Store","item":"https:\/\/www.swissraft.ch\/en\/store\/"},{"@type":"ListItem","position":3,"name":"Canoe or Funyak &#8211; Rhone &#8211; Chippis-St. L\u00e9onard &#8211; From CHF 100.00"}]},{"@type":"WebSite","@id":"https:\/\/www.swissraft.ch\/en\/#website","url":"https:\/\/www.swissraft.ch\/en\/","name":"Swissraft","description":"To enjoy nature as it is","publisher":{"@id":"https:\/\/www.swissraft.ch\/en\/#organization"},"potentialAction":[{"@type":"SearchAction","target":{"@type":"EntryPoint","urlTemplate":"https:\/\/www.swissraft.ch\/en\/?s={search_term_string}"},"query-input":{"@type":"PropertyValueSpecification","valueRequired":true,"valueName":"search_term_string"}}],"inLanguage":"en-US"},{"@type":"Organization","@id":"https:\/\/www.swissraft.ch\/en\/#organization","name":"Swissraft","url":"https:\/\/www.swissraft.ch\/en\/","logo":{"@type":"ImageObject","inLanguage":"en-US","@id":"https:\/\/www.swissraft.ch\/en\/#\/schema\/logo\/image\/","url":"https:\/\/www.swissraft.ch\/wp-content\/uploads\/2025\/09\/Capture.jpg","contentUrl":"https:\/\/www.swissraft.ch\/wp-content\/uploads\/2025\/09\/Capture.jpg","width":293,"height":108,"caption":"Swissraft"},"image":{"@id":"https:\/\/www.swissraft.ch\/en\/#\/schema\/logo\/image\/"}}]}},"_links":{"self":[{"href":"https:\/\/www.swissraft.ch\/en\/wp-json\/wp\/v2\/product\/92498","targetHints":{"allow":["GET"]}}],"collection":[{"href":"https:\/\/www.swissraft.ch\/en\/wp-json\/wp\/v2\/product"}],"about":[{"href":"https:\/\/www.swissraft.ch\/en\/wp-json\/wp\/v2\/types\/product"}],"replies":[{"embeddable":true,"href":"https:\/\/www.swissraft.ch\/en\/wp-json\/wp\/v2\/comments?post=92498"}],"version-history":[{"count":24,"href":"https:\/\/www.swissraft.ch\/en\/wp-json\/wp\/v2\/product\/92498\/revisions"}],"predecessor-version":[{"id":139875,"href":"https:\/\/www.swissraft.ch\/en\/wp-json\/wp\/v2\/product\/92498\/revisions\/139875"}],"wp:featuredmedia":[{"embeddable":true,"href":"https:\/\/www.swissraft.ch\/en\/wp-json\/wp\/v2\/media\/90474"}],"wp:attachment":[{"href":"https:\/\/www.swissraft.ch\/en\/wp-json\/wp\/v2\/media?parent=92498"}],"wp:term":[{"taxonomy":"product_cat","embeddable":true,"href":"https:\/\/www.swissraft.ch\/en\/wp-json\/wp\/v2\/product_cat?post=92498"},{"taxonomy":"product_tag","embeddable":true,"href":"https:\/\/www.swissraft.ch\/en\/wp-json\/wp\/v2\/product_tag?post=92498"}],"curies":[{"name":"wp","href":"https:\/\/api.w.org\/{rel}","templated":true}]}}