{"id":92495,"date":"2023-02-26T16:04:57","date_gmt":"2023-02-26T15:04:57","guid":{"rendered":"https:\/\/swissraft.xyanzkdne.eu\/product\/hydrospeed-in-pays-denhaut-la-sarine-saanen-rougemont-from-chf-108-00\/"},"modified":"2026-04-12T22:57:32","modified_gmt":"2026-04-12T20:57:32","slug":"hydrospeed-on-the-sarine-saanen-rougemont","status":"publish","type":"product","link":"https:\/\/www.swissraft.ch\/en\/product\/hydrospeed-on-the-sarine-saanen-rougemont\/","title":{"rendered":"Hydrospeed &#8211; Pays d&#8217;Enhaut &#8211; Sarine &#8211; Saanen-Rougemont &#8211; From CHF 126.00"},"content":{"rendered":"\t\t<div data-elementor-type=\"wp-post\" data-elementor-id=\"92495\" class=\"elementor elementor-92495 elementor-31312\">\n\t\t\t\t\t\t\t\t\t<section class=\"elementor-section elementor-top-section elementor-element elementor-element-3303a7e3 elementor-section-boxed elementor-section-height-default elementor-section-height-default\" data-id=\"3303a7e3\" data-element_type=\"section\">\n\t\t\t\t\t\t<div class=\"elementor-container elementor-column-gap-default\">\n\t\t\t\t\t<div class=\"elementor-column elementor-col-100 elementor-top-column elementor-element elementor-element-16d72dbf\" data-id=\"16d72dbf\" data-element_type=\"column\">\n\t\t\t<div class=\"elementor-widget-wrap elementor-element-populated\">\n\t\t\t\t\t\t\t\t<div class=\"elementor-element elementor-element-d743c03 elementor-widget elementor-widget-text-editor\" data-id=\"d743c03\" data-element_type=\"widget\" data-widget_type=\"text-editor.default\">\n\t\t\t\t<div class=\"elementor-widget-container\">\n\t\t\t\t\t\t\t<h2>CHOOSE YOUR ACTIVITY BELOW TO OFFER GIFT VOUCHERS \/ TICKETS OR MAKE A RESERVATION<\/h2><table border=\"0\" width=\"580\" cellspacing=\"10\" cellpadding=\"10\"><tbody><tr><td width=\"50%\"><strong>HYDROSPEED &#8211; SARINE + snack<\/strong><\/td><td><strong>CHF 140.00 per person<span class=\"productPrice\"><br \/><\/span><\/strong><\/td><\/tr><tr><td>Further information<\/td><td><span class=\"plbl\">&#8211; Youth price<\/span> : <span class=\"patt\"><strong>CHF 120.00<\/strong>\/pers. up to 17 years old<br \/><\/span><span class=\"plbl\">&#8211; From 10 pers. 5% : <strong>CHF 133.00<\/strong>\/pers.<br \/>&#8211; From 20 pers. 10% : <strong>CHF 126.00<\/strong>\/pers.<strong><br \/><\/strong>&#8211; Minimum age : 14 <\/span><span class=\"plbl\">years<\/span><\/td><\/tr><tr><td>Course<\/td><td><strong>Saanen-Rougemont<\/strong><\/td><\/tr><tr><td>Schedules<\/td><td>10.00 am \/ 02.00 pm<\/td><\/tr><tr><td>Hydrospeed<\/td><td>approx. 1,5 hr<\/td><\/tr><tr><td>Total duration<\/td><td>approx. 3 hrs<\/td><\/tr><tr><td>Meeting point<\/td><td><span style=\"color: #ff6600;\"><a href=\"https:\/\/www.google.com\/maps\/place\/46%C2%B028'03.8%22N+7%C2%B007'32.8%22E\/@46.4677963,7.1234029,472m\/data=!3m1!1e3!4m4!3m3!8m2!3d46.467715!4d7.125784?entry=ttu&amp;g_ep=EgoyMDI1MDIwNS4wIKXMDSoASAFQAw%3D%3D\" target=\"_blank\" rel=\"noopener\">Camping du berceau<\/a><\/span><\/td><\/tr><tr><td>Difficulty<\/td><td>2-3+<\/td><\/tr><tr><td><a href=\"https:\/\/swissraft.outdoorbooking.ch\/fo\/products\/2153?base_id=1&amp;category_id=4&amp;order_type=gift_voucher&amp;lang=en\" target=\"_blank\" rel=\"noopener\"><button class=\"elementor-button\" type=\"button\">PURCHASE GIFT VOUCHER \/ TICKET<\/button><\/a><\/td><td><a href=\"https:\/\/swissraft.outdoorbooking.ch\/fo\/products\/2153?base_id=1&amp;category_id=5&amp;order_type=event&amp;lang=en\" target=\"_blank\" rel=\"noopener\">BOOK A DATE<\/a> \u00a0<strong>CHF 140.00<\/strong>\/pers.<\/td><\/tr><\/tbody><\/table>\t\t\t\t\t\t<\/div>\n\t\t\t\t<\/div>\n\t\t\t\t\t<\/div>\n\t\t<\/div>\n\t\t\t\t\t\t\t<\/div>\n\t\t<\/section>\n\t\t\t\t<section class=\"elementor-section elementor-top-section elementor-element elementor-element-53979f7 elementor-section-boxed elementor-section-height-default elementor-section-height-default\" data-id=\"53979f7\" data-element_type=\"section\">\n\t\t\t\t\t\t<div class=\"elementor-container elementor-column-gap-default\">\n\t\t\t\t\t<div class=\"elementor-column elementor-col-100 elementor-top-column elementor-element elementor-element-80f3203\" data-id=\"80f3203\" data-element_type=\"column\">\n\t\t\t<div class=\"elementor-widget-wrap elementor-element-populated\">\n\t\t\t\t\t\t\t\t<div class=\"elementor-element elementor-element-94855c6 elementor-widget elementor-widget-text-editor\" data-id=\"94855c6\" data-element_type=\"widget\" data-widget_type=\"text-editor.default\">\n\t\t\t\t<div class=\"elementor-widget-container\">\n\t\t\t\t\t\t\t\t\t\t\t\t\t<\/div>\n\t\t\t\t<\/div>\n\t\t\t\t\t<\/div>\n\t\t<\/div>\n\t\t\t\t\t\t\t<\/div>\n\t\t<\/section>\n\t\t\t\t\t\t\t<\/div>\n\t\t","protected":false},"excerpt":{"rendered":"<div align=\"justify\">\n<h2 align=\"justify\">Hydrospeed on the Sarine, a sport that takes your hair off<\/h2>\n<h3>Between Saanen and Rougemont, hydrospeed on the Sarine offers 4 km of pure action.<\/h3>\n<\/div>\n<div align=\"justify\">\n<p>Hydrospeeding on the Sarine is an action-packed, emotionally-charged course with the added bonus of adrenaline rushes. Located in the Pays d&#8217;Enhaut region, this course from Saanen to Rougemont will delight white-water swimmers. Narrow passages between the rocks, you use all your energy to propel yourself through the currents. You are in the company of your guide and in complete safety. Whitewater swimming requires good swimming skills and good physical condition. Hydrospeeding on the Sarine in the canton of Vaud is an experience that sportsmen and women should try at all costs. First of all, you&#8217;ll be equipped with a wetsuit and a very thick neoprene jacket. But also neoprene booties, fins and a helmet. You sail with your head close to the water thanks to your float; you can start playing with the currents.<\/p>\n<h3>Swissraft also offers a number of other courses in addition to the one on the Sarine River.<\/h3>\n<p id=\"textarea\" style=\"display: none;\">\nWe also offer whitewater swimming in Valais on the Rh\u00f4ne between Souste and Sierre. But also a more leisurely introduction to hydrospeed on the Rh\u00f4ne between S. L\u00e9onard and Sion. The same goes for whitewater swimming on the Visp between Stalden and Visp in the Upper Valais. Immerse yourself in the adventure.\n<\/p>\n<p><a id=\"seeMore\" onclick=\"toggleSeeMore()\" href=\"javascript:void(0);\">Read more<\/a><\/p>\n","protected":false},"featured_media":85383,"comment_status":"open","ping_status":"closed","template":"","meta":{"inline_featured_image":false,"_mi_skip_tracking":false},"product_cat":[498],"product_tag":[],"class_list":["post-92495","product","type-product","status-publish","has-post-thumbnail","hentry","product_cat-hydrospeed-white-water-swimming"],"yoast_head":"<!-- This site is optimized with the Yoast SEO plugin v23.6 - https:\/\/yoast.com\/wordpress\/plugins\/seo\/ -->\n<title>Hydrospeed on the Sarine from Saanen to Rougemont.<\/title>\n<meta name=\"description\" content=\"Hydrospeed on the Sarine. Between Saanen and Rougemont in the Pays d&#039;Enhaut. A 4km course full of pure action and excitement. Adrenalin rush guaranteed.\" \/>\n<meta name=\"robots\" content=\"index, follow, max-snippet:-1, max-image-preview:large, max-video-preview:-1\" \/>\n<link rel=\"canonical\" href=\"https:\/\/www.swissraft.ch\/en\/product\/hydrospeed-on-the-sarine-saanen-rougemont\/\" \/>\n<meta property=\"og:locale\" content=\"en_US\" \/>\n<meta property=\"og:type\" content=\"article\" \/>\n<meta property=\"og:title\" content=\"Hydrospeed on the Sarine from Saanen to Rougemont.\" \/>\n<meta property=\"og:description\" content=\"Hydrospeed on the Sarine. Between Saanen and Rougemont in the Pays d&#039;Enhaut. A 4km course full of pure action and excitement. Adrenalin rush guaranteed.\" \/>\n<meta property=\"og:url\" content=\"https:\/\/www.swissraft.ch\/en\/product\/hydrospeed-on-the-sarine-saanen-rougemont\/\" \/>\n<meta property=\"og:site_name\" content=\"Swissraft\" \/>\n<meta property=\"article:modified_time\" content=\"2026-04-12T20:57:32+00:00\" \/>\n<meta property=\"og:image\" content=\"https:\/\/www.swissraft.ch\/wp-content\/uploads\/2023\/02\/1_Hydrospeed_Saane_776x776.jpg\" \/>\n\t<meta property=\"og:image:width\" content=\"776\" \/>\n\t<meta property=\"og:image:height\" content=\"776\" \/>\n\t<meta property=\"og:image:type\" content=\"image\/jpeg\" \/>\n<meta name=\"twitter:card\" content=\"summary_large_image\" \/>\n<meta name=\"twitter:label1\" content=\"Est. reading time\" \/>\n\t<meta name=\"twitter:data1\" content=\"1 minute\" \/>\n<script type=\"application\/ld+json\" class=\"yoast-schema-graph\">{\"@context\":\"https:\/\/schema.org\",\"@graph\":[{\"@type\":\"WebPage\",\"@id\":\"https:\/\/www.swissraft.ch\/en\/product\/hydrospeed-on-the-sarine-saanen-rougemont\/\",\"url\":\"https:\/\/www.swissraft.ch\/en\/product\/hydrospeed-on-the-sarine-saanen-rougemont\/\",\"name\":\"Hydrospeed on the Sarine from Saanen to Rougemont.\",\"isPartOf\":{\"@id\":\"https:\/\/www.swissraft.ch\/en\/#website\"},\"primaryImageOfPage\":{\"@id\":\"https:\/\/www.swissraft.ch\/en\/product\/hydrospeed-on-the-sarine-saanen-rougemont\/#primaryimage\"},\"image\":{\"@id\":\"https:\/\/www.swissraft.ch\/en\/product\/hydrospeed-on-the-sarine-saanen-rougemont\/#primaryimage\"},\"thumbnailUrl\":\"https:\/\/www.swissraft.ch\/wp-content\/uploads\/2023\/02\/1_Hydrospeed_Saane_776x776.jpg\",\"datePublished\":\"2023-02-26T15:04:57+00:00\",\"dateModified\":\"2026-04-12T20:57:32+00:00\",\"description\":\"Hydrospeed on the Sarine. Between Saanen and Rougemont in the Pays d'Enhaut. A 4km course full of pure action and excitement. Adrenalin rush guaranteed.\",\"breadcrumb\":{\"@id\":\"https:\/\/www.swissraft.ch\/en\/product\/hydrospeed-on-the-sarine-saanen-rougemont\/#breadcrumb\"},\"inLanguage\":\"en-US\",\"potentialAction\":[{\"@type\":\"ReadAction\",\"target\":[\"https:\/\/www.swissraft.ch\/en\/product\/hydrospeed-on-the-sarine-saanen-rougemont\/\"]}]},{\"@type\":\"ImageObject\",\"inLanguage\":\"en-US\",\"@id\":\"https:\/\/www.swissraft.ch\/en\/product\/hydrospeed-on-the-sarine-saanen-rougemont\/#primaryimage\",\"url\":\"https:\/\/www.swissraft.ch\/wp-content\/uploads\/2023\/02\/1_Hydrospeed_Saane_776x776.jpg\",\"contentUrl\":\"https:\/\/www.swissraft.ch\/wp-content\/uploads\/2023\/02\/1_Hydrospeed_Saane_776x776.jpg\",\"width\":776,\"height\":776,\"caption\":\"Hydrospeed on the Sarine\"},{\"@type\":\"BreadcrumbList\",\"@id\":\"https:\/\/www.swissraft.ch\/en\/product\/hydrospeed-on-the-sarine-saanen-rougemont\/#breadcrumb\",\"itemListElement\":[{\"@type\":\"ListItem\",\"position\":1,\"name\":\"Accueil\",\"item\":\"https:\/\/www.swissraft.ch\/en\/\"},{\"@type\":\"ListItem\",\"position\":2,\"name\":\"Store\",\"item\":\"https:\/\/www.swissraft.ch\/en\/store\/\"},{\"@type\":\"ListItem\",\"position\":3,\"name\":\"Hydrospeed &#8211; Pays d&rsquo;Enhaut &#8211; Sarine &#8211; Saanen-Rougemont &#8211; From CHF 126.00\"}]},{\"@type\":\"WebSite\",\"@id\":\"https:\/\/www.swissraft.ch\/en\/#website\",\"url\":\"https:\/\/www.swissraft.ch\/en\/\",\"name\":\"Swissraft\",\"description\":\"To enjoy nature as it is\",\"publisher\":{\"@id\":\"https:\/\/www.swissraft.ch\/en\/#organization\"},\"potentialAction\":[{\"@type\":\"SearchAction\",\"target\":{\"@type\":\"EntryPoint\",\"urlTemplate\":\"https:\/\/www.swissraft.ch\/en\/?s={search_term_string}\"},\"query-input\":{\"@type\":\"PropertyValueSpecification\",\"valueRequired\":true,\"valueName\":\"search_term_string\"}}],\"inLanguage\":\"en-US\"},{\"@type\":\"Organization\",\"@id\":\"https:\/\/www.swissraft.ch\/en\/#organization\",\"name\":\"Swissraft\",\"url\":\"https:\/\/www.swissraft.ch\/en\/\",\"logo\":{\"@type\":\"ImageObject\",\"inLanguage\":\"en-US\",\"@id\":\"https:\/\/www.swissraft.ch\/en\/#\/schema\/logo\/image\/\",\"url\":\"https:\/\/www.swissraft.ch\/wp-content\/uploads\/2025\/09\/Capture.jpg\",\"contentUrl\":\"https:\/\/www.swissraft.ch\/wp-content\/uploads\/2025\/09\/Capture.jpg\",\"width\":293,\"height\":108,\"caption\":\"Swissraft\"},\"image\":{\"@id\":\"https:\/\/www.swissraft.ch\/en\/#\/schema\/logo\/image\/\"}}]}<\/script>\n<!-- \/ Yoast SEO plugin. -->","yoast_head_json":{"title":"Hydrospeed on the Sarine from Saanen to Rougemont.","description":"Hydrospeed on the Sarine. Between Saanen and Rougemont in the Pays d'Enhaut. A 4km course full of pure action and excitement. Adrenalin rush guaranteed.","robots":{"index":"index","follow":"follow","max-snippet":"max-snippet:-1","max-image-preview":"max-image-preview:large","max-video-preview":"max-video-preview:-1"},"canonical":"https:\/\/www.swissraft.ch\/en\/product\/hydrospeed-on-the-sarine-saanen-rougemont\/","og_locale":"en_US","og_type":"article","og_title":"Hydrospeed on the Sarine from Saanen to Rougemont.","og_description":"Hydrospeed on the Sarine. Between Saanen and Rougemont in the Pays d'Enhaut. A 4km course full of pure action and excitement. Adrenalin rush guaranteed.","og_url":"https:\/\/www.swissraft.ch\/en\/product\/hydrospeed-on-the-sarine-saanen-rougemont\/","og_site_name":"Swissraft","article_modified_time":"2026-04-12T20:57:32+00:00","og_image":[{"width":776,"height":776,"url":"https:\/\/www.swissraft.ch\/wp-content\/uploads\/2023\/02\/1_Hydrospeed_Saane_776x776.jpg","type":"image\/jpeg"}],"twitter_card":"summary_large_image","twitter_misc":{"Est. reading time":"1 minute"},"schema":{"@context":"https:\/\/schema.org","@graph":[{"@type":"WebPage","@id":"https:\/\/www.swissraft.ch\/en\/product\/hydrospeed-on-the-sarine-saanen-rougemont\/","url":"https:\/\/www.swissraft.ch\/en\/product\/hydrospeed-on-the-sarine-saanen-rougemont\/","name":"Hydrospeed on the Sarine from Saanen to Rougemont.","isPartOf":{"@id":"https:\/\/www.swissraft.ch\/en\/#website"},"primaryImageOfPage":{"@id":"https:\/\/www.swissraft.ch\/en\/product\/hydrospeed-on-the-sarine-saanen-rougemont\/#primaryimage"},"image":{"@id":"https:\/\/www.swissraft.ch\/en\/product\/hydrospeed-on-the-sarine-saanen-rougemont\/#primaryimage"},"thumbnailUrl":"https:\/\/www.swissraft.ch\/wp-content\/uploads\/2023\/02\/1_Hydrospeed_Saane_776x776.jpg","datePublished":"2023-02-26T15:04:57+00:00","dateModified":"2026-04-12T20:57:32+00:00","description":"Hydrospeed on the Sarine. Between Saanen and Rougemont in the Pays d'Enhaut. A 4km course full of pure action and excitement. Adrenalin rush guaranteed.","breadcrumb":{"@id":"https:\/\/www.swissraft.ch\/en\/product\/hydrospeed-on-the-sarine-saanen-rougemont\/#breadcrumb"},"inLanguage":"en-US","potentialAction":[{"@type":"ReadAction","target":["https:\/\/www.swissraft.ch\/en\/product\/hydrospeed-on-the-sarine-saanen-rougemont\/"]}]},{"@type":"ImageObject","inLanguage":"en-US","@id":"https:\/\/www.swissraft.ch\/en\/product\/hydrospeed-on-the-sarine-saanen-rougemont\/#primaryimage","url":"https:\/\/www.swissraft.ch\/wp-content\/uploads\/2023\/02\/1_Hydrospeed_Saane_776x776.jpg","contentUrl":"https:\/\/www.swissraft.ch\/wp-content\/uploads\/2023\/02\/1_Hydrospeed_Saane_776x776.jpg","width":776,"height":776,"caption":"Hydrospeed on the Sarine"},{"@type":"BreadcrumbList","@id":"https:\/\/www.swissraft.ch\/en\/product\/hydrospeed-on-the-sarine-saanen-rougemont\/#breadcrumb","itemListElement":[{"@type":"ListItem","position":1,"name":"Accueil","item":"https:\/\/www.swissraft.ch\/en\/"},{"@type":"ListItem","position":2,"name":"Store","item":"https:\/\/www.swissraft.ch\/en\/store\/"},{"@type":"ListItem","position":3,"name":"Hydrospeed &#8211; Pays d&rsquo;Enhaut &#8211; Sarine &#8211; Saanen-Rougemont &#8211; From CHF 126.00"}]},{"@type":"WebSite","@id":"https:\/\/www.swissraft.ch\/en\/#website","url":"https:\/\/www.swissraft.ch\/en\/","name":"Swissraft","description":"To enjoy nature as it is","publisher":{"@id":"https:\/\/www.swissraft.ch\/en\/#organization"},"potentialAction":[{"@type":"SearchAction","target":{"@type":"EntryPoint","urlTemplate":"https:\/\/www.swissraft.ch\/en\/?s={search_term_string}"},"query-input":{"@type":"PropertyValueSpecification","valueRequired":true,"valueName":"search_term_string"}}],"inLanguage":"en-US"},{"@type":"Organization","@id":"https:\/\/www.swissraft.ch\/en\/#organization","name":"Swissraft","url":"https:\/\/www.swissraft.ch\/en\/","logo":{"@type":"ImageObject","inLanguage":"en-US","@id":"https:\/\/www.swissraft.ch\/en\/#\/schema\/logo\/image\/","url":"https:\/\/www.swissraft.ch\/wp-content\/uploads\/2025\/09\/Capture.jpg","contentUrl":"https:\/\/www.swissraft.ch\/wp-content\/uploads\/2025\/09\/Capture.jpg","width":293,"height":108,"caption":"Swissraft"},"image":{"@id":"https:\/\/www.swissraft.ch\/en\/#\/schema\/logo\/image\/"}}]}},"_links":{"self":[{"href":"https:\/\/www.swissraft.ch\/en\/wp-json\/wp\/v2\/product\/92495","targetHints":{"allow":["GET"]}}],"collection":[{"href":"https:\/\/www.swissraft.ch\/en\/wp-json\/wp\/v2\/product"}],"about":[{"href":"https:\/\/www.swissraft.ch\/en\/wp-json\/wp\/v2\/types\/product"}],"replies":[{"embeddable":true,"href":"https:\/\/www.swissraft.ch\/en\/wp-json\/wp\/v2\/comments?post=92495"}],"version-history":[{"count":22,"href":"https:\/\/www.swissraft.ch\/en\/wp-json\/wp\/v2\/product\/92495\/revisions"}],"predecessor-version":[{"id":139845,"href":"https:\/\/www.swissraft.ch\/en\/wp-json\/wp\/v2\/product\/92495\/revisions\/139845"}],"wp:featuredmedia":[{"embeddable":true,"href":"https:\/\/www.swissraft.ch\/en\/wp-json\/wp\/v2\/media\/85383"}],"wp:attachment":[{"href":"https:\/\/www.swissraft.ch\/en\/wp-json\/wp\/v2\/media?parent=92495"}],"wp:term":[{"taxonomy":"product_cat","embeddable":true,"href":"https:\/\/www.swissraft.ch\/en\/wp-json\/wp\/v2\/product_cat?post=92495"},{"taxonomy":"product_tag","embeddable":true,"href":"https:\/\/www.swissraft.ch\/en\/wp-json\/wp\/v2\/product_tag?post=92495"}],"curies":[{"name":"wp","href":"https:\/\/api.w.org\/{rel}","templated":true}]}}