{"id":92455,"date":"2023-03-19T12:12:01","date_gmt":"2023-03-19T11:12:01","guid":{"rendered":"https:\/\/swissraft.xyanzkdne.eu\/product\/school-trip-easy-rafting-down-the-rhine-falls-schaffhouse-rheinau-chf-79-00\/"},"modified":"2025-12-27T16:42:25","modified_gmt":"2025-12-27T15:42:25","slug":"school-trip-easy-rafting-down-rhine-falls-schaffhouse-rheinau","status":"publish","type":"product","link":"https:\/\/www.swissraft.ch\/en\/product\/school-trip-easy-rafting-down-rhine-falls-schaffhouse-rheinau\/","title":{"rendered":"School trip &#8211; DOWNSTREAM FROM THE RHINE FALLS &#8211; EASY RAFTING &#8211; SCHAFFHAUSEN-RHEINAU &#8211; CHF 75.00"},"content":{"rendered":"\t\t<div data-elementor-type=\"wp-post\" data-elementor-id=\"92455\" class=\"elementor elementor-92455 elementor-31695\">\n\t\t\t\t\t\t\t\t\t<section class=\"elementor-section elementor-top-section elementor-element elementor-element-3303a7e3 elementor-section-boxed elementor-section-height-default elementor-section-height-default\" data-id=\"3303a7e3\" data-element_type=\"section\">\n\t\t\t\t\t\t<div class=\"elementor-container elementor-column-gap-default\">\n\t\t\t\t\t<div class=\"elementor-column elementor-col-100 elementor-top-column elementor-element elementor-element-16d72dbf\" data-id=\"16d72dbf\" data-element_type=\"column\">\n\t\t\t<div class=\"elementor-widget-wrap elementor-element-populated\">\n\t\t\t\t\t\t\t\t<div class=\"elementor-element elementor-element-d743c03 elementor-widget elementor-widget-text-editor\" data-id=\"d743c03\" data-element_type=\"widget\" data-widget_type=\"text-editor.default\">\n\t\t\t\t<div class=\"elementor-widget-container\">\n\t\t\t\t\t\t\t<h2>CHOOSE YOUR ACTIVITY BELOW TO OFFER GIFT VOUCHERS \/ TICKETS OR MAKE A RESERVATION<\/h2><table border=\"0\" width=\"580\" cellspacing=\"10\" cellpadding=\"10\"><tbody><tr><td width=\"50%\"><strong>SCHOOL TRIP &#8211; EASY RAFTING &#8211; RHINE &#8211; SCHAFFHAUSEN-RHEINAU + Drink<\/strong><\/td><td><strong>CHF 75.00 per student<span class=\"productPrice\"><br \/><\/span><\/strong><\/td><\/tr><tr><td>Further information<\/td><td>&#8211;<span class=\"patt\"> Minimum age 10 years<br \/><\/span>&#8211; Accompanying adult required<br \/>&#8211; Minimum 15 students<\/td><\/tr><tr><td>Route<\/td><td><strong>Schaffhausen-Rheinau<\/strong><\/td><\/tr><tr><td>Schedules<\/td><td>10:00 am \/ 1:30 pm<\/td><\/tr><tr><td>Easy rafting or fun rafing<\/td><td>approx. 2 hrs<\/td><\/tr><tr><td>Total duration<\/td><td>approx. 3,5 hrs<\/td><\/tr><tr><td>Meeting point<\/td><td><a href=\"https:\/\/www.google.com\/maps\/place\/47%C2%B040'41.3%22N+8%C2%B036'40.1%22E\/@47.678175,8.6088,380m\/data=!3m1!1e3!4m4!3m3!8m2!3d47.6781389!4d8.6111389?entry=ttu&amp;g_ep=EgoyMDI0MDkyNS4wIKXMDSoASAFQAw%3D%3D\" target=\"_blank\" rel=\"noopener\">Neuhausen<\/a><\/td><\/tr><tr><td>Difficulty<\/td><td>1+<\/td><\/tr><tr><td>\u00a0<\/td><td>To book : <a href=\"https:\/\/www.swissraft.ch\/en\/contact\/\">Contact us<\/a><\/td><\/tr><\/tbody><\/table>\t\t\t\t\t\t<\/div>\n\t\t\t\t<\/div>\n\t\t\t\t\t<\/div>\n\t\t<\/div>\n\t\t\t\t\t\t\t<\/div>\n\t\t<\/section>\n\t\t\t\t\t\t\t<\/div>\n\t\t","protected":false},"excerpt":{"rendered":"<div align=\"justify\">\n<h2 align=\"justify\">For your school outing, you decide to take Easy Rafting down the majestic Rhine.<\/h2>\n<h3>A 10 km route between Schaffhausen and Rheinau, where students discover a beautiful region along the water.<\/h3>\n<\/div>\n<div align=\"justify\">\n<p>For your school outing, you&#8217;ll enjoy an incredible Easy Rafting experience just below the Rhine Falls. Our guides welcome you to Neuhausen and give you safety instructions. Then, equipped with vests and paddles, you climb aboard your boat. The steady, gentle current allows you to tame and master your boat. However, a few rapids spice up the adventure. With every bend in the river, the Rhine Valley landscape changes and surprises you. Spread out over several rafts, you move forward in harmony, guided by the encouragement of the instructors. Soon you&#8217;ll reach Rheinau, marking the end of your Fun rafting trip. This half-day of Easy Rafting strengthened the cohesion of the class and created some great memories.<\/p>\n<h3>Would you like to offer your pupils a school excursion that&#8217;s both sporty and outdoorsy? Swissraft, a partner of many schools in Switzerland since 1982, guarantees a great adventure in complete safety.<\/h3>\n<p id=\"textarea\" style=\"display: none;\">\nStill on the Rhine, we offer another route: Schaffhausen-Rudlingen, a one-day option. In Valais, we also do fun rafting on the Rh\u00f4ne between Chippis and St. L\u00e9onard. We also offer Easy rafting between Gstaad and Rougement on the Sarine in the Pays d&#8217;Enhaut. But also on the Aare between Thun and Bern. We also offer Easy rafting in Central Switzerland on the Reuss, with 6 courses. For those who like it hot, we suggest fun rafting on the Ticino in Ticino. Do your students want more action? Then choose the Rhine between Ilanz and Reichenau in the famous Swiss Grand Canyon. Or choose to descend the Sarine between Saanen and Les Moulins near Ch\u00e2teau d&#8217;\u00d4ex. But also the Simme from Boltigen to D\u00e4rstetten and the Lutschine from Interlaken. What&#8217;s more, in Valais you can choose between three beautiful rivers: the Rh\u00f4ne, the Vi\u00e8ge or the Dranse de Bagnes.\n<\/p>\n<p><a id=\"seeMore\" onclick=\"toggleSeeMore()\" href=\"javascript:void(0);\">Read more<\/a><\/p>\n","protected":false},"featured_media":91032,"comment_status":"open","ping_status":"closed","template":"","meta":{"inline_featured_image":false,"_mi_skip_tracking":false},"product_cat":[402,635,403],"product_tag":[],"class_list":["post-92455","product","type-product","status-publish","has-post-thumbnail","hentry","product_cat-group","product_cat-school-trip-easy-rafting-in-switzerland","product_cat-school-trip-school-outing"],"yoast_head":"<!-- This site is optimized with the Yoast SEO plugin v23.6 - https:\/\/yoast.com\/wordpress\/plugins\/seo\/ -->\n<title>School Schaffhausen-Rheinau on the Rhine<\/title>\n<meta name=\"description\" content=\"School Schaffhausen-Rheinau on the Rhine. The whole class will enjoy descending this stretch of the Rhine with their teacher.\" \/>\n<meta name=\"robots\" content=\"index, follow, max-snippet:-1, max-image-preview:large, max-video-preview:-1\" \/>\n<link rel=\"canonical\" href=\"https:\/\/www.swissraft.ch\/en\/product\/school-trip-easy-rafting-down-rhine-falls-schaffhouse-rheinau\/\" \/>\n<meta property=\"og:locale\" content=\"en_US\" \/>\n<meta property=\"og:type\" content=\"article\" \/>\n<meta property=\"og:title\" content=\"School Schaffhausen-Rheinau on the Rhine\" \/>\n<meta property=\"og:description\" content=\"School Schaffhausen-Rheinau on the Rhine. The whole class will enjoy descending this stretch of the Rhine with their teacher.\" \/>\n<meta property=\"og:url\" content=\"https:\/\/www.swissraft.ch\/en\/product\/school-trip-easy-rafting-down-rhine-falls-schaffhouse-rheinau\/\" \/>\n<meta property=\"og:site_name\" content=\"Swissraft\" \/>\n<meta property=\"article:modified_time\" content=\"2025-12-27T15:42:25+00:00\" \/>\n<meta property=\"og:image\" content=\"https:\/\/www.swissraft.ch\/wp-content\/uploads\/2023\/03\/1-2-Reinau-776x776-1.jpg\" \/>\n\t<meta property=\"og:image:width\" content=\"776\" \/>\n\t<meta property=\"og:image:height\" content=\"776\" \/>\n\t<meta property=\"og:image:type\" content=\"image\/jpeg\" \/>\n<meta name=\"twitter:card\" content=\"summary_large_image\" \/>\n<meta name=\"twitter:label1\" content=\"Est. reading time\" \/>\n\t<meta name=\"twitter:data1\" content=\"1 minute\" \/>\n<script type=\"application\/ld+json\" class=\"yoast-schema-graph\">{\"@context\":\"https:\/\/schema.org\",\"@graph\":[{\"@type\":\"WebPage\",\"@id\":\"https:\/\/www.swissraft.ch\/en\/product\/school-trip-easy-rafting-down-rhine-falls-schaffhouse-rheinau\/\",\"url\":\"https:\/\/www.swissraft.ch\/en\/product\/school-trip-easy-rafting-down-rhine-falls-schaffhouse-rheinau\/\",\"name\":\"School Schaffhausen-Rheinau on the Rhine\",\"isPartOf\":{\"@id\":\"https:\/\/www.swissraft.ch\/en\/#website\"},\"primaryImageOfPage\":{\"@id\":\"https:\/\/www.swissraft.ch\/en\/product\/school-trip-easy-rafting-down-rhine-falls-schaffhouse-rheinau\/#primaryimage\"},\"image\":{\"@id\":\"https:\/\/www.swissraft.ch\/en\/product\/school-trip-easy-rafting-down-rhine-falls-schaffhouse-rheinau\/#primaryimage\"},\"thumbnailUrl\":\"https:\/\/www.swissraft.ch\/wp-content\/uploads\/2023\/03\/1-2-Reinau-776x776-1.jpg\",\"datePublished\":\"2023-03-19T11:12:01+00:00\",\"dateModified\":\"2025-12-27T15:42:25+00:00\",\"description\":\"School Schaffhausen-Rheinau on the Rhine. The whole class will enjoy descending this stretch of the Rhine with their teacher.\",\"breadcrumb\":{\"@id\":\"https:\/\/www.swissraft.ch\/en\/product\/school-trip-easy-rafting-down-rhine-falls-schaffhouse-rheinau\/#breadcrumb\"},\"inLanguage\":\"en-US\",\"potentialAction\":[{\"@type\":\"ReadAction\",\"target\":[\"https:\/\/www.swissraft.ch\/en\/product\/school-trip-easy-rafting-down-rhine-falls-schaffhouse-rheinau\/\"]}]},{\"@type\":\"ImageObject\",\"inLanguage\":\"en-US\",\"@id\":\"https:\/\/www.swissraft.ch\/en\/product\/school-trip-easy-rafting-down-rhine-falls-schaffhouse-rheinau\/#primaryimage\",\"url\":\"https:\/\/www.swissraft.ch\/wp-content\/uploads\/2023\/03\/1-2-Reinau-776x776-1.jpg\",\"contentUrl\":\"https:\/\/www.swissraft.ch\/wp-content\/uploads\/2023\/03\/1-2-Reinau-776x776-1.jpg\",\"width\":776,\"height\":776,\"caption\":\"Easy rafting school run on the Rhine from Schaffhausen to Rheinau\"},{\"@type\":\"BreadcrumbList\",\"@id\":\"https:\/\/www.swissraft.ch\/en\/product\/school-trip-easy-rafting-down-rhine-falls-schaffhouse-rheinau\/#breadcrumb\",\"itemListElement\":[{\"@type\":\"ListItem\",\"position\":1,\"name\":\"Accueil\",\"item\":\"https:\/\/www.swissraft.ch\/en\/\"},{\"@type\":\"ListItem\",\"position\":2,\"name\":\"Store\",\"item\":\"https:\/\/www.swissraft.ch\/en\/store\/\"},{\"@type\":\"ListItem\",\"position\":3,\"name\":\"School trip &#8211; DOWNSTREAM FROM THE RHINE FALLS &#8211; EASY RAFTING &#8211; SCHAFFHAUSEN-RHEINAU &#8211; CHF 75.00\"}]},{\"@type\":\"WebSite\",\"@id\":\"https:\/\/www.swissraft.ch\/en\/#website\",\"url\":\"https:\/\/www.swissraft.ch\/en\/\",\"name\":\"Swissraft\",\"description\":\"To enjoy nature as it is\",\"publisher\":{\"@id\":\"https:\/\/www.swissraft.ch\/en\/#organization\"},\"potentialAction\":[{\"@type\":\"SearchAction\",\"target\":{\"@type\":\"EntryPoint\",\"urlTemplate\":\"https:\/\/www.swissraft.ch\/en\/?s={search_term_string}\"},\"query-input\":{\"@type\":\"PropertyValueSpecification\",\"valueRequired\":true,\"valueName\":\"search_term_string\"}}],\"inLanguage\":\"en-US\"},{\"@type\":\"Organization\",\"@id\":\"https:\/\/www.swissraft.ch\/en\/#organization\",\"name\":\"Swissraft\",\"url\":\"https:\/\/www.swissraft.ch\/en\/\",\"logo\":{\"@type\":\"ImageObject\",\"inLanguage\":\"en-US\",\"@id\":\"https:\/\/www.swissraft.ch\/en\/#\/schema\/logo\/image\/\",\"url\":\"https:\/\/www.swissraft.ch\/wp-content\/uploads\/2025\/09\/Capture.jpg\",\"contentUrl\":\"https:\/\/www.swissraft.ch\/wp-content\/uploads\/2025\/09\/Capture.jpg\",\"width\":293,\"height\":108,\"caption\":\"Swissraft\"},\"image\":{\"@id\":\"https:\/\/www.swissraft.ch\/en\/#\/schema\/logo\/image\/\"}}]}<\/script>\n<!-- \/ Yoast SEO plugin. -->","yoast_head_json":{"title":"School Schaffhausen-Rheinau on the Rhine","description":"School Schaffhausen-Rheinau on the Rhine. The whole class will enjoy descending this stretch of the Rhine with their teacher.","robots":{"index":"index","follow":"follow","max-snippet":"max-snippet:-1","max-image-preview":"max-image-preview:large","max-video-preview":"max-video-preview:-1"},"canonical":"https:\/\/www.swissraft.ch\/en\/product\/school-trip-easy-rafting-down-rhine-falls-schaffhouse-rheinau\/","og_locale":"en_US","og_type":"article","og_title":"School Schaffhausen-Rheinau on the Rhine","og_description":"School Schaffhausen-Rheinau on the Rhine. The whole class will enjoy descending this stretch of the Rhine with their teacher.","og_url":"https:\/\/www.swissraft.ch\/en\/product\/school-trip-easy-rafting-down-rhine-falls-schaffhouse-rheinau\/","og_site_name":"Swissraft","article_modified_time":"2025-12-27T15:42:25+00:00","og_image":[{"width":776,"height":776,"url":"https:\/\/www.swissraft.ch\/wp-content\/uploads\/2023\/03\/1-2-Reinau-776x776-1.jpg","type":"image\/jpeg"}],"twitter_card":"summary_large_image","twitter_misc":{"Est. reading time":"1 minute"},"schema":{"@context":"https:\/\/schema.org","@graph":[{"@type":"WebPage","@id":"https:\/\/www.swissraft.ch\/en\/product\/school-trip-easy-rafting-down-rhine-falls-schaffhouse-rheinau\/","url":"https:\/\/www.swissraft.ch\/en\/product\/school-trip-easy-rafting-down-rhine-falls-schaffhouse-rheinau\/","name":"School Schaffhausen-Rheinau on the Rhine","isPartOf":{"@id":"https:\/\/www.swissraft.ch\/en\/#website"},"primaryImageOfPage":{"@id":"https:\/\/www.swissraft.ch\/en\/product\/school-trip-easy-rafting-down-rhine-falls-schaffhouse-rheinau\/#primaryimage"},"image":{"@id":"https:\/\/www.swissraft.ch\/en\/product\/school-trip-easy-rafting-down-rhine-falls-schaffhouse-rheinau\/#primaryimage"},"thumbnailUrl":"https:\/\/www.swissraft.ch\/wp-content\/uploads\/2023\/03\/1-2-Reinau-776x776-1.jpg","datePublished":"2023-03-19T11:12:01+00:00","dateModified":"2025-12-27T15:42:25+00:00","description":"School Schaffhausen-Rheinau on the Rhine. The whole class will enjoy descending this stretch of the Rhine with their teacher.","breadcrumb":{"@id":"https:\/\/www.swissraft.ch\/en\/product\/school-trip-easy-rafting-down-rhine-falls-schaffhouse-rheinau\/#breadcrumb"},"inLanguage":"en-US","potentialAction":[{"@type":"ReadAction","target":["https:\/\/www.swissraft.ch\/en\/product\/school-trip-easy-rafting-down-rhine-falls-schaffhouse-rheinau\/"]}]},{"@type":"ImageObject","inLanguage":"en-US","@id":"https:\/\/www.swissraft.ch\/en\/product\/school-trip-easy-rafting-down-rhine-falls-schaffhouse-rheinau\/#primaryimage","url":"https:\/\/www.swissraft.ch\/wp-content\/uploads\/2023\/03\/1-2-Reinau-776x776-1.jpg","contentUrl":"https:\/\/www.swissraft.ch\/wp-content\/uploads\/2023\/03\/1-2-Reinau-776x776-1.jpg","width":776,"height":776,"caption":"Easy rafting school run on the Rhine from Schaffhausen to Rheinau"},{"@type":"BreadcrumbList","@id":"https:\/\/www.swissraft.ch\/en\/product\/school-trip-easy-rafting-down-rhine-falls-schaffhouse-rheinau\/#breadcrumb","itemListElement":[{"@type":"ListItem","position":1,"name":"Accueil","item":"https:\/\/www.swissraft.ch\/en\/"},{"@type":"ListItem","position":2,"name":"Store","item":"https:\/\/www.swissraft.ch\/en\/store\/"},{"@type":"ListItem","position":3,"name":"School trip &#8211; DOWNSTREAM FROM THE RHINE FALLS &#8211; EASY RAFTING &#8211; SCHAFFHAUSEN-RHEINAU &#8211; CHF 75.00"}]},{"@type":"WebSite","@id":"https:\/\/www.swissraft.ch\/en\/#website","url":"https:\/\/www.swissraft.ch\/en\/","name":"Swissraft","description":"To enjoy nature as it is","publisher":{"@id":"https:\/\/www.swissraft.ch\/en\/#organization"},"potentialAction":[{"@type":"SearchAction","target":{"@type":"EntryPoint","urlTemplate":"https:\/\/www.swissraft.ch\/en\/?s={search_term_string}"},"query-input":{"@type":"PropertyValueSpecification","valueRequired":true,"valueName":"search_term_string"}}],"inLanguage":"en-US"},{"@type":"Organization","@id":"https:\/\/www.swissraft.ch\/en\/#organization","name":"Swissraft","url":"https:\/\/www.swissraft.ch\/en\/","logo":{"@type":"ImageObject","inLanguage":"en-US","@id":"https:\/\/www.swissraft.ch\/en\/#\/schema\/logo\/image\/","url":"https:\/\/www.swissraft.ch\/wp-content\/uploads\/2025\/09\/Capture.jpg","contentUrl":"https:\/\/www.swissraft.ch\/wp-content\/uploads\/2025\/09\/Capture.jpg","width":293,"height":108,"caption":"Swissraft"},"image":{"@id":"https:\/\/www.swissraft.ch\/en\/#\/schema\/logo\/image\/"}}]}},"_links":{"self":[{"href":"https:\/\/www.swissraft.ch\/en\/wp-json\/wp\/v2\/product\/92455","targetHints":{"allow":["GET"]}}],"collection":[{"href":"https:\/\/www.swissraft.ch\/en\/wp-json\/wp\/v2\/product"}],"about":[{"href":"https:\/\/www.swissraft.ch\/en\/wp-json\/wp\/v2\/types\/product"}],"replies":[{"embeddable":true,"href":"https:\/\/www.swissraft.ch\/en\/wp-json\/wp\/v2\/comments?post=92455"}],"version-history":[{"count":29,"href":"https:\/\/www.swissraft.ch\/en\/wp-json\/wp\/v2\/product\/92455\/revisions"}],"predecessor-version":[{"id":125296,"href":"https:\/\/www.swissraft.ch\/en\/wp-json\/wp\/v2\/product\/92455\/revisions\/125296"}],"wp:featuredmedia":[{"embeddable":true,"href":"https:\/\/www.swissraft.ch\/en\/wp-json\/wp\/v2\/media\/91032"}],"wp:attachment":[{"href":"https:\/\/www.swissraft.ch\/en\/wp-json\/wp\/v2\/media?parent=92455"}],"wp:term":[{"taxonomy":"product_cat","embeddable":true,"href":"https:\/\/www.swissraft.ch\/en\/wp-json\/wp\/v2\/product_cat?post=92455"},{"taxonomy":"product_tag","embeddable":true,"href":"https:\/\/www.swissraft.ch\/en\/wp-json\/wp\/v2\/product_tag?post=92455"}],"curies":[{"name":"wp","href":"https:\/\/api.w.org\/{rel}","templated":true}]}}