{"id":92431,"date":"2023-03-18T22:37:12","date_gmt":"2023-03-18T21:37:12","guid":{"rendered":"https:\/\/swissraft.xyanzkdne.eu\/product\/segway-in-zurich-from-chf-109-00\/"},"modified":"2025-12-20T01:23:24","modified_gmt":"2025-12-20T00:23:24","slug":"segway-in-zurich-from-chf-109-00","status":"publish","type":"product","link":"https:\/\/www.swissraft.ch\/en\/product\/segway-in-zurich-from-chf-109-00\/","title":{"rendered":"Segway in ZURICH &#8211; From CHF 109.00"},"content":{"rendered":"\t\t<div data-elementor-type=\"wp-post\" data-elementor-id=\"92431\" class=\"elementor elementor-92431 elementor-31622\">\n\t\t\t\t\t\t\t\t\t<section class=\"elementor-section elementor-top-section elementor-element elementor-element-3303a7e3 elementor-section-boxed elementor-section-height-default elementor-section-height-default\" data-id=\"3303a7e3\" data-element_type=\"section\">\n\t\t\t\t\t\t<div class=\"elementor-container elementor-column-gap-default\">\n\t\t\t\t\t<div class=\"elementor-column elementor-col-100 elementor-top-column elementor-element elementor-element-16d72dbf\" data-id=\"16d72dbf\" data-element_type=\"column\">\n\t\t\t<div class=\"elementor-widget-wrap elementor-element-populated\">\n\t\t\t\t\t\t\t\t<div class=\"elementor-element elementor-element-d743c03 elementor-widget elementor-widget-text-editor\" data-id=\"d743c03\" data-element_type=\"widget\" data-widget_type=\"text-editor.default\">\n\t\t\t\t<div class=\"elementor-widget-container\">\n\t\t\t\t\t\t\t<h2>CHOOSE YOUR ACTIVITY BELOW TO OFFER GIFT VOUCHERS \/ TICKETS OR MAKE A RESERVATION<\/h2><table border=\"0\" width=\"580\" cellspacing=\"10\" cellpadding=\"10\"><tbody><tr><td width=\"50%\"><strong>1) SEGWAY IN ZURICH<\/strong><\/td><td><strong>CHF 109.00 per person<span class=\"productPrice\"><br \/><\/span><\/strong><\/td><\/tr><tr><td>Further information<\/td><td><span class=\"patt\">&#8211; From 4 pers.<br \/>&#8211; Maximum weight 120 kg<br \/>&#8211; Minimum age 16 years<\/span><\/td><\/tr><tr><td>Meeting point<\/td><td><a href=\"https:\/\/www.google.com\/maps\/place\/Badenerstrasse+530,+8048+Z%C3%BCrich\/@47.3831215,8.4966801,624m\/data=!3m1!1e3!4m6!3m5!1s0x47900a33a319d609:0x732a75cb3f6b916e!8m2!3d47.3830589!4d8.5003758!16s%2Fg%2F11csdczjdy?entry=ttu\" target=\"_blank\" rel=\"noopener\">Badenerstrasse 530<\/a><\/td><\/tr><tr><td>Schedule<\/td><td>14h00<\/td><\/tr><tr><td>City tour<\/td><td>approx. 2 hrs<\/td><\/tr><tr><td>Total duration<\/td><td>approx. 2h30<\/td><\/tr><tr><td><button class=\"elementor-button\" type=\"button\"><a href=\"https:\/\/swissraft.outdoorbooking.ch\/fo\/products\/755?base_id=168&amp;category_id=34&amp;order_type=gift_voucher&amp;lang=en\" target=\"_blank\" rel=\"noopener\">PURCHASE GIFT VOUCHER \/ TICKET<\/a><\/button><\/td><td><strong><em>IMPORTANT !<\/em><\/strong><br \/><em>To book, call the number at the top left of the gift voucher \/ ticket.<\/em><\/td><\/tr><\/tbody><\/table><table border=\"0\" width=\"580\" cellspacing=\"10\" cellpadding=\"10\"><tbody><tr><td width=\"50%\"><strong>2) SEGWAY IN ZURICH &#8211; PRIVATE TOUR<\/strong><\/td><td><strong>CHF 150.00 per person<span class=\"productPrice\"><br \/><\/span><\/strong><\/td><\/tr><tr><td>Further information<\/td><td><span class=\"patt\">&#8211; From 6 pers.<br \/>&#8211; Maximum weight 120 kg<br \/>&#8211; Minimum age 16 years<br \/>&#8211; Maximum 30 pers.<\/span><\/td><\/tr><tr><td>Meeting point<\/td><td><a href=\"https:\/\/www.google.com\/maps\/place\/Badenerstrasse+530,+8048+Z%C3%BCrich\/@47.3831215,8.4966801,624m\/data=!3m1!1e3!4m6!3m5!1s0x47900a33a319d609:0x732a75cb3f6b916e!8m2!3d47.3830589!4d8.5003758!16s%2Fg%2F11csdczjdy?entry=ttu\" target=\"_blank\" rel=\"noopener\">Badenerstrasse 530<\/a><\/td><\/tr><tr><td>Schedules<\/td><td>A la carte<\/td><\/tr><tr><td>City tour<\/td><td>approx. 2h30<\/td><\/tr><tr><td>Total duration<\/td><td>approx. 3h<\/td><\/tr><tr><td><button class=\"elementor-button\" type=\"button\"><a href=\"https:\/\/swissraft.outdoorbooking.ch\/fo\/products\/2100?base_id=168&amp;category_id=34&amp;order_type=gift_voucher&amp;lang=en\" target=\"_blank\" rel=\"noopener\">PURCHASE GIFT VOUCHER \/ TICKET<\/a><\/button><\/td><td><strong><em>IMPORTANT !<\/em><\/strong><br \/><em>To book, call the number at the top left of the gift voucher \/ ticket.<\/em><\/td><\/tr><\/tbody><\/table><table border=\"0\" width=\"580\" cellspacing=\"10\" cellpadding=\"10\"><tbody><tr><td width=\"50%\"><strong>3) SEGWAY IN ZURICH &#8211; EXCLUSIVE TOUR + BOAT TRIP + APERITIF<\/strong><\/td><td><strong>From CHF 270.00 per person<span class=\"productPrice\"><br \/><\/span><\/strong><\/td><\/tr><tr><td>Further information<\/td><td><span class=\"patt\">&#8211; From 4 pers.<br \/>&#8211; Maximum weight 120 kg<br \/>&#8211; Minimum age 16 years<br \/>&#8211; Maximum 25 pers.<\/span><\/td><\/tr><tr><td>Meeting place<\/td><td><a href=\"https:\/\/www.google.com\/maps\/place\/47%C2%B021'22.0%22N+8%C2%B032'07.6%22E\/@47.3561944,8.5331868,382m\/data=!3m1!1e3!4m7!1m2!2m1!1sMythenquai+88%2F95!3m3!8m2!3d47.3561111!4d8.5354444?entry=ttu\" target=\"_blank\" rel=\"noopener\">Mythenquai 88\/95<\/a><\/td><\/tr><tr><td>Schedules<\/td><td>A la carte<\/td><\/tr><tr><td>City tour<\/td><td>approx. 2h30<\/td><\/tr><tr><td>Walk on the lake + aperitif<\/td><td>approx. 1h<\/td><\/tr><tr><td>Total duration<\/td><td>approx. 4h<\/td><\/tr><tr><td><a href=\"https:\/\/swissraft.outdoorbooking.ch\/fo\/products\/1565?base_id=168&amp;category_id=34&amp;order_type=gift_voucher&amp;lang=en\" target=\"_blank\" rel=\"noopener\"><button class=\"elementor-button\" type=\"button\">PURCHASE GIFT VOUCHER \/ TICKET<\/button><\/a><\/td><td><strong>CHF 1&#8217;290.00 package (4 pers.)<\/strong><\/td><\/tr><tr><td><a href=\"https:\/\/swissraft.outdoorbooking.ch:443\/fo\/products\/2098?base_id=168&amp;category_id=34\" target=\"_blank\" rel=\"noopener\"><button class=\"elementor-button\" type=\"button\">PURCHASE GIFT VOUCHER \/ TICKET<\/button><\/a><\/td><td><strong>CHF 295.00<\/strong>\/pers.<strong> (5-8 pers.) <\/strong><\/td><\/tr><tr><td><a href=\"https:\/\/swissraft.outdoorbooking.ch:443\/fo\/products\/2099?base_id=168&amp;category_id=34\" target=\"_blank\" rel=\"noopener\"><button class=\"elementor-button\" type=\"button\">PURCHASE GIFT VOUCHER \/ TICKET<\/button><\/a><\/td><td><strong>CHF 270.00<\/strong>\/pers.<strong> (9-25 pers.) <\/strong><\/td><\/tr><tr><td>\u00a0<\/td><td><strong><em>IMPORTANT !<\/em><\/strong><br \/><em>To book, call the number at the top left of the gift voucher \/ ticket.<\/em><\/td><\/tr><\/tbody><\/table>\t\t\t\t\t\t<\/div>\n\t\t\t\t<\/div>\n\t\t\t\t\t<\/div>\n\t\t<\/div>\n\t\t\t\t\t\t\t<\/div>\n\t\t<\/section>\n\t\t\t\t\t\t\t<\/div>\n\t\t","protected":false},"excerpt":{"rendered":"<div align=\"justify\">\n<h2 align=\"justify\">A Segway tour of Zurich, an original way to discover a city<\/h2>\n<h3>The Segway is a brilliant electric machine that&#8217;s easy to drive. Thirty people can take part in a city tour <\/h3>\n<\/div>\n<div align=\"justify\">\n<p>Explore Zurich and the surrounding area on a Segway. An environmentally-friendly way to discover Switzerland&#8217;s business capital in a different way. After a brief briefing to familiarize you with your vehicle, you&#8217;ll begin your guided tour with our tour guide. The itinerary includes a carefully chosen selection of Zurich&#8217;s most emblematic sites. Stadthausquai, Bahnhofstrasse, Paradeplatz, M\u00fcnsterplatz, M\u00fcnsterbr\u00fccke, Limmatquai, Bellevue, Quai Bridge, General Guisan, Quai and much more. Take the opportunity to explore the wonders of Switzerland in a fun and environmentally friendly way.<\/p>\n<h3>In addition to Zurich, Swissraft offers Segway tours of other Swiss cities.<\/h3>\n<p id=\"textarea\" style=\"display: none;\">\nFor example, Winterthur or Ascona and the surrounding area, Losone, Locarno in Ticino. May also be available throughout Switzerland on request.\n<\/p>\n<p><a id=\"seeMore\" onclick=\"toggleSeeMore()\" href=\"javascript:void(0);\">Read more<\/a><\/p>\n","protected":false},"featured_media":90207,"comment_status":"open","ping_status":"closed","template":"","meta":{"inline_featured_image":false,"_mi_skip_tracking":false},"product_cat":[402,490],"product_tag":[],"class_list":["post-92431","product","type-product","status-publish","has-post-thumbnail","hentry","product_cat-group","product_cat-segway-and-e-biking"],"yoast_head":"<!-- This site is optimized with the Yoast SEO plugin v23.6 - https:\/\/yoast.com\/wordpress\/plugins\/seo\/ -->\n<title>Segway in Zurich for an original city tour<\/title>\n<meta name=\"description\" content=\"Segway in Zurich for an original tour of the city. This vehicle is environmentally friendly. Groups of up to 30 people\" \/>\n<meta name=\"robots\" content=\"index, follow, max-snippet:-1, max-image-preview:large, max-video-preview:-1\" \/>\n<link rel=\"canonical\" href=\"https:\/\/www.swissraft.ch\/en\/product\/segway-in-zurich-from-chf-109-00\/\" \/>\n<meta property=\"og:locale\" content=\"en_US\" \/>\n<meta property=\"og:type\" content=\"article\" \/>\n<meta property=\"og:title\" content=\"Segway in Zurich for an original city tour\" \/>\n<meta property=\"og:description\" content=\"Segway in Zurich for an original tour of the city. This vehicle is environmentally friendly. Groups of up to 30 people\" \/>\n<meta property=\"og:url\" content=\"https:\/\/www.swissraft.ch\/en\/product\/segway-in-zurich-from-chf-109-00\/\" \/>\n<meta property=\"og:site_name\" content=\"Swissraft\" \/>\n<meta property=\"article:modified_time\" content=\"2025-12-20T00:23:24+00:00\" \/>\n<meta property=\"og:image\" content=\"https:\/\/www.swissraft.ch\/wp-content\/uploads\/2023\/03\/1-1-Zurich-segway-776x776-1.jpg\" \/>\n\t<meta property=\"og:image:width\" content=\"776\" \/>\n\t<meta property=\"og:image:height\" content=\"776\" \/>\n\t<meta property=\"og:image:type\" content=\"image\/jpeg\" \/>\n<meta name=\"twitter:card\" content=\"summary_large_image\" \/>\n<meta name=\"twitter:label1\" content=\"Est. reading time\" \/>\n\t<meta name=\"twitter:data1\" content=\"2 minutes\" \/>\n<script type=\"application\/ld+json\" class=\"yoast-schema-graph\">{\"@context\":\"https:\/\/schema.org\",\"@graph\":[{\"@type\":\"WebPage\",\"@id\":\"https:\/\/www.swissraft.ch\/en\/product\/segway-in-zurich-from-chf-109-00\/\",\"url\":\"https:\/\/www.swissraft.ch\/en\/product\/segway-in-zurich-from-chf-109-00\/\",\"name\":\"Segway in Zurich for an original city tour\",\"isPartOf\":{\"@id\":\"https:\/\/www.swissraft.ch\/en\/#website\"},\"primaryImageOfPage\":{\"@id\":\"https:\/\/www.swissraft.ch\/en\/product\/segway-in-zurich-from-chf-109-00\/#primaryimage\"},\"image\":{\"@id\":\"https:\/\/www.swissraft.ch\/en\/product\/segway-in-zurich-from-chf-109-00\/#primaryimage\"},\"thumbnailUrl\":\"https:\/\/www.swissraft.ch\/wp-content\/uploads\/2023\/03\/1-1-Zurich-segway-776x776-1.jpg\",\"datePublished\":\"2023-03-18T21:37:12+00:00\",\"dateModified\":\"2025-12-20T00:23:24+00:00\",\"description\":\"Segway in Zurich for an original tour of the city. This vehicle is environmentally friendly. Groups of up to 30 people\",\"breadcrumb\":{\"@id\":\"https:\/\/www.swissraft.ch\/en\/product\/segway-in-zurich-from-chf-109-00\/#breadcrumb\"},\"inLanguage\":\"en-US\",\"potentialAction\":[{\"@type\":\"ReadAction\",\"target\":[\"https:\/\/www.swissraft.ch\/en\/product\/segway-in-zurich-from-chf-109-00\/\"]}]},{\"@type\":\"ImageObject\",\"inLanguage\":\"en-US\",\"@id\":\"https:\/\/www.swissraft.ch\/en\/product\/segway-in-zurich-from-chf-109-00\/#primaryimage\",\"url\":\"https:\/\/www.swissraft.ch\/wp-content\/uploads\/2023\/03\/1-1-Zurich-segway-776x776-1.jpg\",\"contentUrl\":\"https:\/\/www.swissraft.ch\/wp-content\/uploads\/2023\/03\/1-1-Zurich-segway-776x776-1.jpg\",\"width\":776,\"height\":776,\"caption\":\"Segway tour of Zurich\"},{\"@type\":\"BreadcrumbList\",\"@id\":\"https:\/\/www.swissraft.ch\/en\/product\/segway-in-zurich-from-chf-109-00\/#breadcrumb\",\"itemListElement\":[{\"@type\":\"ListItem\",\"position\":1,\"name\":\"Accueil\",\"item\":\"https:\/\/www.swissraft.ch\/en\/\"},{\"@type\":\"ListItem\",\"position\":2,\"name\":\"Store\",\"item\":\"https:\/\/www.swissraft.ch\/en\/store\/\"},{\"@type\":\"ListItem\",\"position\":3,\"name\":\"Segway in ZURICH &#8211; From CHF 109.00\"}]},{\"@type\":\"WebSite\",\"@id\":\"https:\/\/www.swissraft.ch\/en\/#website\",\"url\":\"https:\/\/www.swissraft.ch\/en\/\",\"name\":\"Swissraft\",\"description\":\"To enjoy nature as it is\",\"publisher\":{\"@id\":\"https:\/\/www.swissraft.ch\/en\/#organization\"},\"potentialAction\":[{\"@type\":\"SearchAction\",\"target\":{\"@type\":\"EntryPoint\",\"urlTemplate\":\"https:\/\/www.swissraft.ch\/en\/?s={search_term_string}\"},\"query-input\":{\"@type\":\"PropertyValueSpecification\",\"valueRequired\":true,\"valueName\":\"search_term_string\"}}],\"inLanguage\":\"en-US\"},{\"@type\":\"Organization\",\"@id\":\"https:\/\/www.swissraft.ch\/en\/#organization\",\"name\":\"Swissraft\",\"url\":\"https:\/\/www.swissraft.ch\/en\/\",\"logo\":{\"@type\":\"ImageObject\",\"inLanguage\":\"en-US\",\"@id\":\"https:\/\/www.swissraft.ch\/en\/#\/schema\/logo\/image\/\",\"url\":\"https:\/\/www.swissraft.ch\/wp-content\/uploads\/2025\/09\/Capture.jpg\",\"contentUrl\":\"https:\/\/www.swissraft.ch\/wp-content\/uploads\/2025\/09\/Capture.jpg\",\"width\":293,\"height\":108,\"caption\":\"Swissraft\"},\"image\":{\"@id\":\"https:\/\/www.swissraft.ch\/en\/#\/schema\/logo\/image\/\"}}]}<\/script>\n<!-- \/ Yoast SEO plugin. -->","yoast_head_json":{"title":"Segway in Zurich for an original city tour","description":"Segway in Zurich for an original tour of the city. This vehicle is environmentally friendly. Groups of up to 30 people","robots":{"index":"index","follow":"follow","max-snippet":"max-snippet:-1","max-image-preview":"max-image-preview:large","max-video-preview":"max-video-preview:-1"},"canonical":"https:\/\/www.swissraft.ch\/en\/product\/segway-in-zurich-from-chf-109-00\/","og_locale":"en_US","og_type":"article","og_title":"Segway in Zurich for an original city tour","og_description":"Segway in Zurich for an original tour of the city. This vehicle is environmentally friendly. Groups of up to 30 people","og_url":"https:\/\/www.swissraft.ch\/en\/product\/segway-in-zurich-from-chf-109-00\/","og_site_name":"Swissraft","article_modified_time":"2025-12-20T00:23:24+00:00","og_image":[{"width":776,"height":776,"url":"https:\/\/www.swissraft.ch\/wp-content\/uploads\/2023\/03\/1-1-Zurich-segway-776x776-1.jpg","type":"image\/jpeg"}],"twitter_card":"summary_large_image","twitter_misc":{"Est. reading time":"2 minutes"},"schema":{"@context":"https:\/\/schema.org","@graph":[{"@type":"WebPage","@id":"https:\/\/www.swissraft.ch\/en\/product\/segway-in-zurich-from-chf-109-00\/","url":"https:\/\/www.swissraft.ch\/en\/product\/segway-in-zurich-from-chf-109-00\/","name":"Segway in Zurich for an original city tour","isPartOf":{"@id":"https:\/\/www.swissraft.ch\/en\/#website"},"primaryImageOfPage":{"@id":"https:\/\/www.swissraft.ch\/en\/product\/segway-in-zurich-from-chf-109-00\/#primaryimage"},"image":{"@id":"https:\/\/www.swissraft.ch\/en\/product\/segway-in-zurich-from-chf-109-00\/#primaryimage"},"thumbnailUrl":"https:\/\/www.swissraft.ch\/wp-content\/uploads\/2023\/03\/1-1-Zurich-segway-776x776-1.jpg","datePublished":"2023-03-18T21:37:12+00:00","dateModified":"2025-12-20T00:23:24+00:00","description":"Segway in Zurich for an original tour of the city. This vehicle is environmentally friendly. Groups of up to 30 people","breadcrumb":{"@id":"https:\/\/www.swissraft.ch\/en\/product\/segway-in-zurich-from-chf-109-00\/#breadcrumb"},"inLanguage":"en-US","potentialAction":[{"@type":"ReadAction","target":["https:\/\/www.swissraft.ch\/en\/product\/segway-in-zurich-from-chf-109-00\/"]}]},{"@type":"ImageObject","inLanguage":"en-US","@id":"https:\/\/www.swissraft.ch\/en\/product\/segway-in-zurich-from-chf-109-00\/#primaryimage","url":"https:\/\/www.swissraft.ch\/wp-content\/uploads\/2023\/03\/1-1-Zurich-segway-776x776-1.jpg","contentUrl":"https:\/\/www.swissraft.ch\/wp-content\/uploads\/2023\/03\/1-1-Zurich-segway-776x776-1.jpg","width":776,"height":776,"caption":"Segway tour of Zurich"},{"@type":"BreadcrumbList","@id":"https:\/\/www.swissraft.ch\/en\/product\/segway-in-zurich-from-chf-109-00\/#breadcrumb","itemListElement":[{"@type":"ListItem","position":1,"name":"Accueil","item":"https:\/\/www.swissraft.ch\/en\/"},{"@type":"ListItem","position":2,"name":"Store","item":"https:\/\/www.swissraft.ch\/en\/store\/"},{"@type":"ListItem","position":3,"name":"Segway in ZURICH &#8211; From CHF 109.00"}]},{"@type":"WebSite","@id":"https:\/\/www.swissraft.ch\/en\/#website","url":"https:\/\/www.swissraft.ch\/en\/","name":"Swissraft","description":"To enjoy nature as it is","publisher":{"@id":"https:\/\/www.swissraft.ch\/en\/#organization"},"potentialAction":[{"@type":"SearchAction","target":{"@type":"EntryPoint","urlTemplate":"https:\/\/www.swissraft.ch\/en\/?s={search_term_string}"},"query-input":{"@type":"PropertyValueSpecification","valueRequired":true,"valueName":"search_term_string"}}],"inLanguage":"en-US"},{"@type":"Organization","@id":"https:\/\/www.swissraft.ch\/en\/#organization","name":"Swissraft","url":"https:\/\/www.swissraft.ch\/en\/","logo":{"@type":"ImageObject","inLanguage":"en-US","@id":"https:\/\/www.swissraft.ch\/en\/#\/schema\/logo\/image\/","url":"https:\/\/www.swissraft.ch\/wp-content\/uploads\/2025\/09\/Capture.jpg","contentUrl":"https:\/\/www.swissraft.ch\/wp-content\/uploads\/2025\/09\/Capture.jpg","width":293,"height":108,"caption":"Swissraft"},"image":{"@id":"https:\/\/www.swissraft.ch\/en\/#\/schema\/logo\/image\/"}}]}},"_links":{"self":[{"href":"https:\/\/www.swissraft.ch\/en\/wp-json\/wp\/v2\/product\/92431","targetHints":{"allow":["GET"]}}],"collection":[{"href":"https:\/\/www.swissraft.ch\/en\/wp-json\/wp\/v2\/product"}],"about":[{"href":"https:\/\/www.swissraft.ch\/en\/wp-json\/wp\/v2\/types\/product"}],"replies":[{"embeddable":true,"href":"https:\/\/www.swissraft.ch\/en\/wp-json\/wp\/v2\/comments?post=92431"}],"version-history":[{"count":12,"href":"https:\/\/www.swissraft.ch\/en\/wp-json\/wp\/v2\/product\/92431\/revisions"}],"predecessor-version":[{"id":124628,"href":"https:\/\/www.swissraft.ch\/en\/wp-json\/wp\/v2\/product\/92431\/revisions\/124628"}],"wp:featuredmedia":[{"embeddable":true,"href":"https:\/\/www.swissraft.ch\/en\/wp-json\/wp\/v2\/media\/90207"}],"wp:attachment":[{"href":"https:\/\/www.swissraft.ch\/en\/wp-json\/wp\/v2\/media?parent=92431"}],"wp:term":[{"taxonomy":"product_cat","embeddable":true,"href":"https:\/\/www.swissraft.ch\/en\/wp-json\/wp\/v2\/product_cat?post=92431"},{"taxonomy":"product_tag","embeddable":true,"href":"https:\/\/www.swissraft.ch\/en\/wp-json\/wp\/v2\/product_tag?post=92431"}],"curies":[{"name":"wp","href":"https:\/\/api.w.org\/{rel}","templated":true}]}}