{"id":92403,"date":"2023-10-20T15:39:01","date_gmt":"2023-10-20T13:39:01","guid":{"rendered":"https:\/\/swissraft.xyanzkdne.eu\/product\/helicopter-flight-from-sitterdorf-rhin-lac-walenstadt-santis-45-min-from-chf-350-00\/"},"modified":"2024-12-09T02:24:27","modified_gmt":"2024-12-09T01:24:27","slug":"helicopter-flight-from-sitterdorf-rhin-lac-walenstadt-santis-45-min-from-chf-350-00","status":"publish","type":"product","link":"https:\/\/www.swissraft.ch\/en\/product\/helicopter-flight-from-sitterdorf-rhin-lac-walenstadt-santis-45-min-from-chf-350-00\/","title":{"rendered":"Helicopter flight from SITTERDORF &#8211; RHIN-LAC WALENSTADT-S\u00c4NTIS &#8211; 45 min. &#8211; From CHF 350.00"},"content":{"rendered":"\t\t<div data-elementor-type=\"wp-post\" data-elementor-id=\"92403\" class=\"elementor elementor-92403 elementor-47294\">\n\t\t\t\t\t\t\t\t\t<section class=\"elementor-section elementor-top-section elementor-element elementor-element-3303a7e3 elementor-section-boxed elementor-section-height-default elementor-section-height-default\" data-id=\"3303a7e3\" data-element_type=\"section\">\n\t\t\t\t\t\t<div class=\"elementor-container elementor-column-gap-default\">\n\t\t\t\t\t<div class=\"elementor-column elementor-col-100 elementor-top-column elementor-element elementor-element-16d72dbf\" data-id=\"16d72dbf\" data-element_type=\"column\">\n\t\t\t<div class=\"elementor-widget-wrap elementor-element-populated\">\n\t\t\t\t\t\t\t\t<div class=\"elementor-element elementor-element-d743c03 elementor-widget elementor-widget-text-editor\" data-id=\"d743c03\" data-element_type=\"widget\" data-widget_type=\"text-editor.default\">\n\t\t\t\t<div class=\"elementor-widget-container\">\n\t\t\t\t\t\t\t<h2>CHOOSE YOUR ACTIVITY BELOW TO OFFER GIFT VOUCHERS \/ TICKETS OR MAKE A RESERVATION<\/h2>\n<table border=\"0\" width=\"580\" cellspacing=\"10\" cellpadding=\"10\">\n<tbody>\n<tr>\n<td width=\"50%\"><strong><strong>RHINE &#8211; WALENSTADT LAKE &#8211; S\u00c4NTIS (1-4 pers.) &#8211; <\/strong><\/strong><strong>45 min.<\/strong><\/td>\n<td><strong>CHF 350.00 per person<span class=\"productPrice\"><br \/><\/span><\/strong><\/td>\n<\/tr>\n<tr>\n<td>Additional information<\/td>\n<td>&#8211; You will be with other passengers<br \/>&#8211; Maximum 4 people.<\/td>\n<\/tr>\n<tr>\n<td>A\u00e9rodrome<\/td>\n<td><a href=\"https:\/\/www.google.com\/maps\/place\/47%C2%B030'37.4%22N+9%C2%B015'44.9%22E\/@47.5107092,9.2532447,1525m\/data=!3m1!1e3!4m4!3m3!8m2!3d47.5103889!4d9.2624722?entry=ttu\" target=\"_blank\" rel=\"noopener\">Sitterdorf<\/a><\/td>\n<\/tr>\n<tr>\n<td>Flying time<\/td>\n<td>45 min.<\/td>\n<\/tr>\n<tr>\n<td>Total duration<\/td>\n<td>approx. 1h15<\/td>\n<\/tr>\n<tr>\n<td>Rendez-vous<\/td>\n<td>Par t\u00e9l\u00e9phone<\/td>\n<\/tr>\n<tr>\n<td><a href=\"https:\/\/swissraft.outdoorbooking.ch\/fo\/products\/881?base_id=171&amp;category_id=6&amp;order_type=gift_voucher&amp;lang=en\" target=\"_blank\" rel=\"noopener\"><button class=\"elementor-button\" type=\"button\">GIFT VOUCHER<\/button><\/a><\/td>\n<td><strong>CHF 350.00\/pers.<\/strong><\/td>\n<\/tr>\n<tr>\n<td><button class=\"elementor-button\" type=\"button\"><a href=\"https:\/\/swissraft.outdoorbooking.ch\/fo\/products\/882?base_id=178&amp;category_id=6&amp;order_type=gift_voucher&amp;lang=en\" target=\"_blank\" rel=\"noopener\">GIFT VOUCHER<\/a><\/button><\/td>\n<td><strong>CHF 830.00 &#8211; private flight (1-3 pers.)<\/strong><\/td>\n<\/tr>\n<tr>\n<td><button class=\"elementor-button\" type=\"button\"><a href=\"https:\/\/swissraft.outdoorbooking.ch\/fo\/products\/880?base_id=179&amp;category_id=6&amp;order_type=gift_voucher&amp;lang=en\" target=\"_blank\" rel=\"noopener\">GIFT VOUCHER<\/a><\/button><\/td>\n<td><strong>CHF 1&#8217;190.00 &#8211; private flight (4 pers.)<\/strong><\/td>\n<\/tr>\n<tr>\n<td> <\/td>\n<td>Pour r\u00e9server <span class=\"patt\" style=\"font-family: inherit; font-size: inherit;\"><span class=\"plbl\"><span class=\"patt\"><a href=\"https:\/\/www.swissraft.ch\/en\/contact\/\">contactez-nous<\/a><\/span><\/span><\/span><\/td>\n<\/tr>\n<\/tbody>\n<\/table>\n\t\t\t\t\t\t<\/div>\n\t\t\t\t<\/div>\n\t\t\t\t\t<\/div>\n\t\t<\/div>\n\t\t\t\t\t\t\t<\/div>\n\t\t<\/section>\n\t\t\t\t\t\t\t<\/div>\n\t\t","protected":false},"excerpt":{"rendered":"<div align=\"justify\">\n<h2 align=\"justify\">This 45-minute helicopter flight takes you to Appenzell and the Rhine Valley.<\/h2>\n<h3>Departing from Sitterdorf aerodrome, fly over Appenzell with a magnificent panorama of the S\u00e4ntis.<\/h3>\n<\/div>\n<p>You take off from Sitterdorf in the direction of St. Moritz. St. Gallen and Appenzell. You drive along Hohen Kasten and Ebenalp before flying over the Rhine valley. Then fly over the Voralpsee and Walenstadt lake to the Churfistern. Above Toggenburg and Schw\u00e4galp you have a magnificent view of the S\u00e4ntis. The flight continues in Appenzell, overflying the towns of Urn\u00e4sch and Herisau before returning to Sitterdorf airfield.<\/p>\n<h3>Choose a helicopter tour to suit you from over 150 proposals<\/h3>\n<p id=\"textarea\" style=\"display: none;\">\nWe also offer flights from Liechtenstein, departing from Balzers heliport. We also take off from Samedan in the Engadine, where we fly all year round. But also from the St. Moritz heliport. Moritz. We also take off in Graub\u00fcnden from the heliports of Tavanasa, Flims and Untervaz. And from Locarno and Lodrino airfields in Ticino. We also operate flights in Valais from Sion airport and the heliports of Collombey and Gampel. We also take off from \u00c9pagny airfield in the canton of Fribourg. What&#8217;s more, we offer flights from Pfaffnau in the canton of Lucerne and from Erstfeld heliport in the canton of Uri. We also take off from Gstaad-Grund heliport and Saanen airfield. And still in the Bernese Oberland, we take off from the heliports of Lauterbrunnen, Schattenhalb-Meiringen, Lenk-Simmental and Interlaken-Gsteigwiler. We also have tours departing from Zurich-Kloten and Bern-Belp international airports. As well as tours in Canton Aargau from Buttwil airfield. We also have routes from K\u00fcssnacht and into the canton of Solothurn from Grenchen.\n<\/p>\n<p><a id=\"seeMore\" onclick=\"toggleSeeMore()\" href=\"javascript:void(0);\">Read more<\/a><\/p>\n","protected":false},"featured_media":87015,"comment_status":"open","ping_status":"closed","template":"","meta":{"inline_featured_image":false,"_mi_skip_tracking":false},"product_cat":[394,488],"product_tag":[],"class_list":["post-92403","product","type-product","status-publish","has-post-thumbnail","hentry","product_cat-helicopter-flight","product_cat-helicopter-sitterdorf"],"yoast_head":"<!-- This site is optimized with the Yoast SEO plugin v23.6 - https:\/\/yoast.com\/wordpress\/plugins\/seo\/ -->\n<title>Rhine - Lake Walenstadt - S\u00e4ntis by helicopter from Sitterdorf<\/title>\n<meta name=\"description\" content=\"Rhine - Lake Walenstadt - S\u00e4ntis for a 45-minute helicopter flight over Appenzell and the Rhine Valley\" \/>\n<meta name=\"robots\" content=\"index, follow, max-snippet:-1, max-image-preview:large, max-video-preview:-1\" \/>\n<link rel=\"canonical\" href=\"https:\/\/www.swissraft.ch\/en\/product\/helicopter-flight-from-sitterdorf-rhin-lac-walenstadt-santis-45-min-from-chf-350-00\/\" \/>\n<meta property=\"og:locale\" content=\"en_US\" \/>\n<meta property=\"og:type\" content=\"article\" \/>\n<meta property=\"og:title\" content=\"Rhine - Lake Walenstadt - S\u00e4ntis by helicopter from Sitterdorf\" \/>\n<meta property=\"og:description\" content=\"Rhine - Lake Walenstadt - S\u00e4ntis for a 45-minute helicopter flight over Appenzell and the Rhine Valley\" \/>\n<meta property=\"og:url\" content=\"https:\/\/www.swissraft.ch\/en\/product\/helicopter-flight-from-sitterdorf-rhin-lac-walenstadt-santis-45-min-from-chf-350-00\/\" \/>\n<meta property=\"og:site_name\" content=\"Swissraft\" \/>\n<meta property=\"article:modified_time\" content=\"2024-12-09T01:24:27+00:00\" \/>\n<meta property=\"og:image\" content=\"https:\/\/www.swissraft.ch\/wp-content\/uploads\/2023\/10\/2-SITTERDORF-Rheintal-Walensee-Santis-776x776-1.jpg\" \/>\n\t<meta property=\"og:image:width\" content=\"776\" \/>\n\t<meta property=\"og:image:height\" content=\"776\" \/>\n\t<meta property=\"og:image:type\" content=\"image\/jpeg\" \/>\n<meta name=\"twitter:card\" content=\"summary_large_image\" \/>\n<script type=\"application\/ld+json\" class=\"yoast-schema-graph\">{\"@context\":\"https:\/\/schema.org\",\"@graph\":[{\"@type\":\"WebPage\",\"@id\":\"https:\/\/www.swissraft.ch\/en\/product\/helicopter-flight-from-sitterdorf-rhin-lac-walenstadt-santis-45-min-from-chf-350-00\/\",\"url\":\"https:\/\/www.swissraft.ch\/en\/product\/helicopter-flight-from-sitterdorf-rhin-lac-walenstadt-santis-45-min-from-chf-350-00\/\",\"name\":\"Rhine - Lake Walenstadt - S\u00e4ntis by helicopter from Sitterdorf\",\"isPartOf\":{\"@id\":\"https:\/\/www.swissraft.ch\/en\/#website\"},\"primaryImageOfPage\":{\"@id\":\"https:\/\/www.swissraft.ch\/en\/product\/helicopter-flight-from-sitterdorf-rhin-lac-walenstadt-santis-45-min-from-chf-350-00\/#primaryimage\"},\"image\":{\"@id\":\"https:\/\/www.swissraft.ch\/en\/product\/helicopter-flight-from-sitterdorf-rhin-lac-walenstadt-santis-45-min-from-chf-350-00\/#primaryimage\"},\"thumbnailUrl\":\"https:\/\/www.swissraft.ch\/wp-content\/uploads\/2023\/10\/2-SITTERDORF-Rheintal-Walensee-Santis-776x776-1.jpg\",\"datePublished\":\"2023-10-20T13:39:01+00:00\",\"dateModified\":\"2024-12-09T01:24:27+00:00\",\"description\":\"Rhine - Lake Walenstadt - S\u00e4ntis for a 45-minute helicopter flight over Appenzell and the Rhine Valley\",\"breadcrumb\":{\"@id\":\"https:\/\/www.swissraft.ch\/en\/product\/helicopter-flight-from-sitterdorf-rhin-lac-walenstadt-santis-45-min-from-chf-350-00\/#breadcrumb\"},\"inLanguage\":\"en-US\",\"potentialAction\":[{\"@type\":\"ReadAction\",\"target\":[\"https:\/\/www.swissraft.ch\/en\/product\/helicopter-flight-from-sitterdorf-rhin-lac-walenstadt-santis-45-min-from-chf-350-00\/\"]}]},{\"@type\":\"ImageObject\",\"inLanguage\":\"en-US\",\"@id\":\"https:\/\/www.swissraft.ch\/en\/product\/helicopter-flight-from-sitterdorf-rhin-lac-walenstadt-santis-45-min-from-chf-350-00\/#primaryimage\",\"url\":\"https:\/\/www.swissraft.ch\/wp-content\/uploads\/2023\/10\/2-SITTERDORF-Rheintal-Walensee-Santis-776x776-1.jpg\",\"contentUrl\":\"https:\/\/www.swissraft.ch\/wp-content\/uploads\/2023\/10\/2-SITTERDORF-Rheintal-Walensee-Santis-776x776-1.jpg\",\"width\":776,\"height\":776,\"caption\":\"Depart from Sitterdorf for a flight to Sitterdorf - Rhine - Lake Walenstadt - S\u00e4nstis - 45 min.\"},{\"@type\":\"BreadcrumbList\",\"@id\":\"https:\/\/www.swissraft.ch\/en\/product\/helicopter-flight-from-sitterdorf-rhin-lac-walenstadt-santis-45-min-from-chf-350-00\/#breadcrumb\",\"itemListElement\":[{\"@type\":\"ListItem\",\"position\":1,\"name\":\"Accueil\",\"item\":\"https:\/\/www.swissraft.ch\/en\/\"},{\"@type\":\"ListItem\",\"position\":2,\"name\":\"Store\",\"item\":\"https:\/\/www.swissraft.ch\/en\/store\/\"},{\"@type\":\"ListItem\",\"position\":3,\"name\":\"Helicopter flight from SITTERDORF &#8211; RHIN-LAC WALENSTADT-S\u00c4NTIS &#8211; 45 min. &#8211; From CHF 350.00\"}]},{\"@type\":\"WebSite\",\"@id\":\"https:\/\/www.swissraft.ch\/en\/#website\",\"url\":\"https:\/\/www.swissraft.ch\/en\/\",\"name\":\"Swissraft\",\"description\":\"To enjoy nature as it is\",\"publisher\":{\"@id\":\"https:\/\/www.swissraft.ch\/en\/#organization\"},\"potentialAction\":[{\"@type\":\"SearchAction\",\"target\":{\"@type\":\"EntryPoint\",\"urlTemplate\":\"https:\/\/www.swissraft.ch\/en\/?s={search_term_string}\"},\"query-input\":{\"@type\":\"PropertyValueSpecification\",\"valueRequired\":true,\"valueName\":\"search_term_string\"}}],\"inLanguage\":\"en-US\"},{\"@type\":\"Organization\",\"@id\":\"https:\/\/www.swissraft.ch\/en\/#organization\",\"name\":\"Swissraft\",\"url\":\"https:\/\/www.swissraft.ch\/en\/\",\"logo\":{\"@type\":\"ImageObject\",\"inLanguage\":\"en-US\",\"@id\":\"https:\/\/www.swissraft.ch\/en\/#\/schema\/logo\/image\/\",\"url\":\"https:\/\/www.swissraft.ch\/wp-content\/uploads\/2025\/09\/Capture.jpg\",\"contentUrl\":\"https:\/\/www.swissraft.ch\/wp-content\/uploads\/2025\/09\/Capture.jpg\",\"width\":293,\"height\":108,\"caption\":\"Swissraft\"},\"image\":{\"@id\":\"https:\/\/www.swissraft.ch\/en\/#\/schema\/logo\/image\/\"}}]}<\/script>\n<!-- \/ Yoast SEO plugin. -->","yoast_head_json":{"title":"Rhine - Lake Walenstadt - S\u00e4ntis by helicopter from Sitterdorf","description":"Rhine - Lake Walenstadt - S\u00e4ntis for a 45-minute helicopter flight over Appenzell and the Rhine Valley","robots":{"index":"index","follow":"follow","max-snippet":"max-snippet:-1","max-image-preview":"max-image-preview:large","max-video-preview":"max-video-preview:-1"},"canonical":"https:\/\/www.swissraft.ch\/en\/product\/helicopter-flight-from-sitterdorf-rhin-lac-walenstadt-santis-45-min-from-chf-350-00\/","og_locale":"en_US","og_type":"article","og_title":"Rhine - Lake Walenstadt - S\u00e4ntis by helicopter from Sitterdorf","og_description":"Rhine - Lake Walenstadt - S\u00e4ntis for a 45-minute helicopter flight over Appenzell and the Rhine Valley","og_url":"https:\/\/www.swissraft.ch\/en\/product\/helicopter-flight-from-sitterdorf-rhin-lac-walenstadt-santis-45-min-from-chf-350-00\/","og_site_name":"Swissraft","article_modified_time":"2024-12-09T01:24:27+00:00","og_image":[{"width":776,"height":776,"url":"https:\/\/www.swissraft.ch\/wp-content\/uploads\/2023\/10\/2-SITTERDORF-Rheintal-Walensee-Santis-776x776-1.jpg","type":"image\/jpeg"}],"twitter_card":"summary_large_image","schema":{"@context":"https:\/\/schema.org","@graph":[{"@type":"WebPage","@id":"https:\/\/www.swissraft.ch\/en\/product\/helicopter-flight-from-sitterdorf-rhin-lac-walenstadt-santis-45-min-from-chf-350-00\/","url":"https:\/\/www.swissraft.ch\/en\/product\/helicopter-flight-from-sitterdorf-rhin-lac-walenstadt-santis-45-min-from-chf-350-00\/","name":"Rhine - Lake Walenstadt - S\u00e4ntis by helicopter from Sitterdorf","isPartOf":{"@id":"https:\/\/www.swissraft.ch\/en\/#website"},"primaryImageOfPage":{"@id":"https:\/\/www.swissraft.ch\/en\/product\/helicopter-flight-from-sitterdorf-rhin-lac-walenstadt-santis-45-min-from-chf-350-00\/#primaryimage"},"image":{"@id":"https:\/\/www.swissraft.ch\/en\/product\/helicopter-flight-from-sitterdorf-rhin-lac-walenstadt-santis-45-min-from-chf-350-00\/#primaryimage"},"thumbnailUrl":"https:\/\/www.swissraft.ch\/wp-content\/uploads\/2023\/10\/2-SITTERDORF-Rheintal-Walensee-Santis-776x776-1.jpg","datePublished":"2023-10-20T13:39:01+00:00","dateModified":"2024-12-09T01:24:27+00:00","description":"Rhine - Lake Walenstadt - S\u00e4ntis for a 45-minute helicopter flight over Appenzell and the Rhine Valley","breadcrumb":{"@id":"https:\/\/www.swissraft.ch\/en\/product\/helicopter-flight-from-sitterdorf-rhin-lac-walenstadt-santis-45-min-from-chf-350-00\/#breadcrumb"},"inLanguage":"en-US","potentialAction":[{"@type":"ReadAction","target":["https:\/\/www.swissraft.ch\/en\/product\/helicopter-flight-from-sitterdorf-rhin-lac-walenstadt-santis-45-min-from-chf-350-00\/"]}]},{"@type":"ImageObject","inLanguage":"en-US","@id":"https:\/\/www.swissraft.ch\/en\/product\/helicopter-flight-from-sitterdorf-rhin-lac-walenstadt-santis-45-min-from-chf-350-00\/#primaryimage","url":"https:\/\/www.swissraft.ch\/wp-content\/uploads\/2023\/10\/2-SITTERDORF-Rheintal-Walensee-Santis-776x776-1.jpg","contentUrl":"https:\/\/www.swissraft.ch\/wp-content\/uploads\/2023\/10\/2-SITTERDORF-Rheintal-Walensee-Santis-776x776-1.jpg","width":776,"height":776,"caption":"Depart from Sitterdorf for a flight to Sitterdorf - Rhine - Lake Walenstadt - S\u00e4nstis - 45 min."},{"@type":"BreadcrumbList","@id":"https:\/\/www.swissraft.ch\/en\/product\/helicopter-flight-from-sitterdorf-rhin-lac-walenstadt-santis-45-min-from-chf-350-00\/#breadcrumb","itemListElement":[{"@type":"ListItem","position":1,"name":"Accueil","item":"https:\/\/www.swissraft.ch\/en\/"},{"@type":"ListItem","position":2,"name":"Store","item":"https:\/\/www.swissraft.ch\/en\/store\/"},{"@type":"ListItem","position":3,"name":"Helicopter flight from SITTERDORF &#8211; RHIN-LAC WALENSTADT-S\u00c4NTIS &#8211; 45 min. &#8211; From CHF 350.00"}]},{"@type":"WebSite","@id":"https:\/\/www.swissraft.ch\/en\/#website","url":"https:\/\/www.swissraft.ch\/en\/","name":"Swissraft","description":"To enjoy nature as it is","publisher":{"@id":"https:\/\/www.swissraft.ch\/en\/#organization"},"potentialAction":[{"@type":"SearchAction","target":{"@type":"EntryPoint","urlTemplate":"https:\/\/www.swissraft.ch\/en\/?s={search_term_string}"},"query-input":{"@type":"PropertyValueSpecification","valueRequired":true,"valueName":"search_term_string"}}],"inLanguage":"en-US"},{"@type":"Organization","@id":"https:\/\/www.swissraft.ch\/en\/#organization","name":"Swissraft","url":"https:\/\/www.swissraft.ch\/en\/","logo":{"@type":"ImageObject","inLanguage":"en-US","@id":"https:\/\/www.swissraft.ch\/en\/#\/schema\/logo\/image\/","url":"https:\/\/www.swissraft.ch\/wp-content\/uploads\/2025\/09\/Capture.jpg","contentUrl":"https:\/\/www.swissraft.ch\/wp-content\/uploads\/2025\/09\/Capture.jpg","width":293,"height":108,"caption":"Swissraft"},"image":{"@id":"https:\/\/www.swissraft.ch\/en\/#\/schema\/logo\/image\/"}}]}},"_links":{"self":[{"href":"https:\/\/www.swissraft.ch\/en\/wp-json\/wp\/v2\/product\/92403","targetHints":{"allow":["GET"]}}],"collection":[{"href":"https:\/\/www.swissraft.ch\/en\/wp-json\/wp\/v2\/product"}],"about":[{"href":"https:\/\/www.swissraft.ch\/en\/wp-json\/wp\/v2\/types\/product"}],"replies":[{"embeddable":true,"href":"https:\/\/www.swissraft.ch\/en\/wp-json\/wp\/v2\/comments?post=92403"}],"version-history":[{"count":0,"href":"https:\/\/www.swissraft.ch\/en\/wp-json\/wp\/v2\/product\/92403\/revisions"}],"wp:featuredmedia":[{"embeddable":true,"href":"https:\/\/www.swissraft.ch\/en\/wp-json\/wp\/v2\/media\/87015"}],"wp:attachment":[{"href":"https:\/\/www.swissraft.ch\/en\/wp-json\/wp\/v2\/media?parent=92403"}],"wp:term":[{"taxonomy":"product_cat","embeddable":true,"href":"https:\/\/www.swissraft.ch\/en\/wp-json\/wp\/v2\/product_cat?post=92403"},{"taxonomy":"product_tag","embeddable":true,"href":"https:\/\/www.swissraft.ch\/en\/wp-json\/wp\/v2\/product_tag?post=92403"}],"curies":[{"name":"wp","href":"https:\/\/api.w.org\/{rel}","templated":true}]}}