{"id":92354,"date":"2023-04-02T11:14:32","date_gmt":"2023-04-02T09:14:32","guid":{"rendered":"https:\/\/swissraft.xyanzkdne.eu\/product\/pendular-swing-in-valais-from-a-bridge-90m-chf-150-00\/"},"modified":"2024-11-20T10:14:45","modified_gmt":"2024-11-20T09:14:45","slug":"pendular-swing-in-valais-from-a-bridge-90m-chf-150-00","status":"publish","type":"product","link":"https:\/\/www.swissraft.ch\/en\/product\/pendular-swing-in-valais-from-a-bridge-90m-chf-150-00\/","title":{"rendered":"Pendular &#8211; Swing in VALAIS from a bridge &#8211; 90m &#8211; CHF 150.00"},"content":{"rendered":"\t\t<div data-elementor-type=\"wp-post\" data-elementor-id=\"92354\" class=\"elementor elementor-92354 elementor-32162\">\n\t\t\t\t\t\t\t\t\t<section class=\"elementor-section elementor-top-section elementor-element elementor-element-3303a7e3 elementor-section-boxed elementor-section-height-default elementor-section-height-default\" data-id=\"3303a7e3\" data-element_type=\"section\">\n\t\t\t\t\t\t<div class=\"elementor-container elementor-column-gap-default\">\n\t\t\t\t\t<div class=\"elementor-column elementor-col-100 elementor-top-column elementor-element elementor-element-16d72dbf\" data-id=\"16d72dbf\" data-element_type=\"column\">\n\t\t\t<div class=\"elementor-widget-wrap elementor-element-populated\">\n\t\t\t\t\t\t\t\t<div class=\"elementor-element elementor-element-d743c03 elementor-widget elementor-widget-text-editor\" data-id=\"d743c03\" data-element_type=\"widget\" data-widget_type=\"text-editor.default\">\n\t\t\t\t<div class=\"elementor-widget-container\">\n\t\t\t\t\t\t\t<h2>CHOOSE YOUR ACTIVITY BELOW TO OFFER GIFT VOUCHERS \/ TICKETS OR MAKE A RESERVATION<\/h2>\n<table border=\"0\" width=\"580\" cellspacing=\"10\" cellpadding=\"10\">\n<tbody>\n<tr>\n<td width=\"50%\"><strong>PENDULAR JUMP &#8211; CH\u00c2TELARD &#8211; 90m<\/strong><\/td>\n<td><strong>CHF 150.00 per person<span class=\"productPrice\">\n<\/span><\/strong><\/td>\n<\/tr>\n<tr>\n<td>Further information<\/td>\n<td><span class=\"patt\">&#8211; From 6 persons\n&#8211; Minors must have written parental consent\n&#8211; From age 65 medical certificate required<\/span><\/td>\n<\/tr>\n<tr>\n<td>Appointments<\/td>\n<td><a href=\"https:\/\/www.google.com\/maps\/place\/46%C2%B004'01.2%22N+6%C2%B057'58.4%22E\/@46.06719,6.9617564,783m\/data=!3m1!1e3!4m4!3m3!8m2!3d46.067!4d6.9662222?entry=ttu\" target=\"_blank\" rel=\"noopener\">Troul\u00e9ro bridge at Ch\u00e2telard<\/a><\/td>\n<\/tr>\n<tr>\n<td>Total duration<\/td>\n<td>approx. 1h<\/td>\n<\/tr>\n<tr>\n<td><a href=\"https:\/\/swissraft.outdoorbooking.ch\/fo\/products\/2067?base_id=203&amp;category_id=15&amp;order_type=gift_voucher&amp;lang=en\" target=\"_blank\" rel=\"noopener\"><button class=\"elementor-button\" type=\"button\">GIFT VOUCHER<\/button><\/a><\/td>\n<td>To make a reservation <a href=\"https:\/\/www.swissraft.ch\/en\/contact\/\">, please contact us<\/a><\/td>\n<\/tr>\n<\/tbody>\n<\/table>\t\t\t\t\t\t<\/div>\n\t\t\t\t<\/div>\n\t\t\t\t\t<\/div>\n\t\t<\/div>\n\t\t\t\t\t\t\t<\/div>\n\t\t<\/section>\n\t\t\t\t\t\t\t<\/div>\n\t\t","protected":false},"excerpt":{"rendered":"<div align=\"justify\">\n<h2 align=\"justify\">The pendular jump from the Ch\u00e2telard bridge is an experience not to be missed.<\/h2>\n<h3>In the Trient valley, get into the swing of things by practising what is also known as Swing; a discipline that takes your hair off.<\/h3>\n<\/div>\n<div align=\"justify\">\n<p>Suspended above the void, the Ch\u00e2telard bridge offers a beautiful view. An instructor equips you with harness, helmet and final instructions. In an instant, you&#8217;re launched into the void, as a rush of adrenaline washes over you. The wind roars in your ears. Then, suddenly, the cable tightens and you feel a lightning acceleration that throws you into a huge swing. Euphoria grips you as you sway in the sky. Slowly, the movement subsides, leaving you suspended in silence. Applause and cheers echo as you return to solid ground. Swinging from the Troul\u00e9ro-Finhaut bridge in Ch\u00e2telard is an exhilarating experience, etched forever in your memory.        <\/p>\n<h3>Swissraft offers several locations to practice this discipline: swing jumping.<\/h3>\n<p id=\"textarea\" style=\"display: none;\">\nIn the Pays d&#8217;Enhaut towards the Col des Mosses from a platform in the Gorges du Pissot, but also in the Bernese Oberland at Grindelwald. For bungee jumping, of which the pendulum jump is a derivative, we suggest Europe&#8217;s most famous site: the Contra dam in the Verzasca Valley in Ticino. The famous 007 Goldeneye, a 220m-high jump. In the Bernese Oberland, we also offer bungee jumping from the Stockhorn cable car in Erlenbach. And thanks to our mobile infrastructure, we can bungee jump all over Europe.\n<\/p>\n<p><a id=\"seeMore\" onclick=\"toggleSeeMore()\" href=\"javascript:void(0);\">Read more<\/a><\/p>\n","protected":false},"featured_media":90048,"comment_status":"open","ping_status":"closed","template":"","meta":{"inline_featured_image":false,"_mi_skip_tracking":false},"product_cat":[401,471],"product_tag":[],"class_list":["post-92354","product","type-product","status-publish","has-post-thumbnail","hentry","product_cat-outdoor","product_cat-pendular-jump-swing"],"yoast_head":"<!-- This site is optimized with the Yoast SEO plugin v23.6 - https:\/\/yoast.com\/wordpress\/plugins\/seo\/ -->\n<title>Pendulum jump from the Troul\u00e9ro-Finhaut bridge to Ch\u00e2telard<\/title>\n<meta name=\"description\" content=\"Swinging from the Troul\u00e9ro-Finhaut bridge in the Trient Valley, Valais, to Ch\u00e2telard. This discipline, also known as Swing, will knock your socks off.\" \/>\n<meta name=\"robots\" content=\"index, follow, max-snippet:-1, max-image-preview:large, max-video-preview:-1\" \/>\n<link rel=\"canonical\" href=\"https:\/\/www.swissraft.ch\/en\/product\/pendular-swing-in-valais-from-a-bridge-90m-chf-150-00\/\" \/>\n<meta property=\"og:locale\" content=\"en_US\" \/>\n<meta property=\"og:type\" content=\"article\" \/>\n<meta property=\"og:title\" content=\"Pendulum jump from the Troul\u00e9ro-Finhaut bridge to Ch\u00e2telard\" \/>\n<meta property=\"og:description\" content=\"Swinging from the Troul\u00e9ro-Finhaut bridge in the Trient Valley, Valais, to Ch\u00e2telard. This discipline, also known as Swing, will knock your socks off.\" \/>\n<meta property=\"og:url\" content=\"https:\/\/www.swissraft.ch\/en\/product\/pendular-swing-in-valais-from-a-bridge-90m-chf-150-00\/\" \/>\n<meta property=\"og:site_name\" content=\"Swissraft\" \/>\n<meta property=\"article:modified_time\" content=\"2024-11-20T09:14:45+00:00\" \/>\n<meta property=\"og:image\" content=\"https:\/\/www.swissraft.ch\/wp-content\/uploads\/2023\/04\/pendule-pont-chatelard-776x776-1.jpg\" \/>\n\t<meta property=\"og:image:width\" content=\"776\" \/>\n\t<meta property=\"og:image:height\" content=\"776\" \/>\n\t<meta property=\"og:image:type\" content=\"image\/jpeg\" \/>\n<meta name=\"twitter:card\" content=\"summary_large_image\" \/>\n<script type=\"application\/ld+json\" class=\"yoast-schema-graph\">{\"@context\":\"https:\/\/schema.org\",\"@graph\":[{\"@type\":\"WebPage\",\"@id\":\"https:\/\/www.swissraft.ch\/en\/product\/pendular-swing-in-valais-from-a-bridge-90m-chf-150-00\/\",\"url\":\"https:\/\/www.swissraft.ch\/en\/product\/pendular-swing-in-valais-from-a-bridge-90m-chf-150-00\/\",\"name\":\"Pendulum jump from the Troul\u00e9ro-Finhaut bridge to Ch\u00e2telard\",\"isPartOf\":{\"@id\":\"https:\/\/www.swissraft.ch\/en\/#website\"},\"primaryImageOfPage\":{\"@id\":\"https:\/\/www.swissraft.ch\/en\/product\/pendular-swing-in-valais-from-a-bridge-90m-chf-150-00\/#primaryimage\"},\"image\":{\"@id\":\"https:\/\/www.swissraft.ch\/en\/product\/pendular-swing-in-valais-from-a-bridge-90m-chf-150-00\/#primaryimage\"},\"thumbnailUrl\":\"https:\/\/www.swissraft.ch\/wp-content\/uploads\/2023\/04\/pendule-pont-chatelard-776x776-1.jpg\",\"datePublished\":\"2023-04-02T09:14:32+00:00\",\"dateModified\":\"2024-11-20T09:14:45+00:00\",\"description\":\"Swinging from the Troul\u00e9ro-Finhaut bridge in the Trient Valley, Valais, to Ch\u00e2telard. This discipline, also known as Swing, will knock your socks off.\",\"breadcrumb\":{\"@id\":\"https:\/\/www.swissraft.ch\/en\/product\/pendular-swing-in-valais-from-a-bridge-90m-chf-150-00\/#breadcrumb\"},\"inLanguage\":\"en-US\",\"potentialAction\":[{\"@type\":\"ReadAction\",\"target\":[\"https:\/\/www.swissraft.ch\/en\/product\/pendular-swing-in-valais-from-a-bridge-90m-chf-150-00\/\"]}]},{\"@type\":\"ImageObject\",\"inLanguage\":\"en-US\",\"@id\":\"https:\/\/www.swissraft.ch\/en\/product\/pendular-swing-in-valais-from-a-bridge-90m-chf-150-00\/#primaryimage\",\"url\":\"https:\/\/www.swissraft.ch\/wp-content\/uploads\/2023\/04\/pendule-pont-chatelard-776x776-1.jpg\",\"contentUrl\":\"https:\/\/www.swissraft.ch\/wp-content\/uploads\/2023\/04\/pendule-pont-chatelard-776x776-1.jpg\",\"width\":776,\"height\":776,\"caption\":\"Pendulum jump from a bridge at Ch\u00e2telard\"},{\"@type\":\"BreadcrumbList\",\"@id\":\"https:\/\/www.swissraft.ch\/en\/product\/pendular-swing-in-valais-from-a-bridge-90m-chf-150-00\/#breadcrumb\",\"itemListElement\":[{\"@type\":\"ListItem\",\"position\":1,\"name\":\"Accueil\",\"item\":\"https:\/\/www.swissraft.ch\/en\/\"},{\"@type\":\"ListItem\",\"position\":2,\"name\":\"Store\",\"item\":\"https:\/\/www.swissraft.ch\/en\/store\/\"},{\"@type\":\"ListItem\",\"position\":3,\"name\":\"Pendular &#8211; Swing in VALAIS from a bridge &#8211; 90m &#8211; CHF 150.00\"}]},{\"@type\":\"WebSite\",\"@id\":\"https:\/\/www.swissraft.ch\/en\/#website\",\"url\":\"https:\/\/www.swissraft.ch\/en\/\",\"name\":\"Swissraft\",\"description\":\"To enjoy nature as it is\",\"publisher\":{\"@id\":\"https:\/\/www.swissraft.ch\/en\/#organization\"},\"potentialAction\":[{\"@type\":\"SearchAction\",\"target\":{\"@type\":\"EntryPoint\",\"urlTemplate\":\"https:\/\/www.swissraft.ch\/en\/?s={search_term_string}\"},\"query-input\":{\"@type\":\"PropertyValueSpecification\",\"valueRequired\":true,\"valueName\":\"search_term_string\"}}],\"inLanguage\":\"en-US\"},{\"@type\":\"Organization\",\"@id\":\"https:\/\/www.swissraft.ch\/en\/#organization\",\"name\":\"Swissraft\",\"url\":\"https:\/\/www.swissraft.ch\/en\/\",\"logo\":{\"@type\":\"ImageObject\",\"inLanguage\":\"en-US\",\"@id\":\"https:\/\/www.swissraft.ch\/en\/#\/schema\/logo\/image\/\",\"url\":\"https:\/\/www.swissraft.ch\/wp-content\/uploads\/2025\/09\/Capture.jpg\",\"contentUrl\":\"https:\/\/www.swissraft.ch\/wp-content\/uploads\/2025\/09\/Capture.jpg\",\"width\":293,\"height\":108,\"caption\":\"Swissraft\"},\"image\":{\"@id\":\"https:\/\/www.swissraft.ch\/en\/#\/schema\/logo\/image\/\"}}]}<\/script>\n<!-- \/ Yoast SEO plugin. -->","yoast_head_json":{"title":"Pendulum jump from the Troul\u00e9ro-Finhaut bridge to Ch\u00e2telard","description":"Swinging from the Troul\u00e9ro-Finhaut bridge in the Trient Valley, Valais, to Ch\u00e2telard. This discipline, also known as Swing, will knock your socks off.","robots":{"index":"index","follow":"follow","max-snippet":"max-snippet:-1","max-image-preview":"max-image-preview:large","max-video-preview":"max-video-preview:-1"},"canonical":"https:\/\/www.swissraft.ch\/en\/product\/pendular-swing-in-valais-from-a-bridge-90m-chf-150-00\/","og_locale":"en_US","og_type":"article","og_title":"Pendulum jump from the Troul\u00e9ro-Finhaut bridge to Ch\u00e2telard","og_description":"Swinging from the Troul\u00e9ro-Finhaut bridge in the Trient Valley, Valais, to Ch\u00e2telard. This discipline, also known as Swing, will knock your socks off.","og_url":"https:\/\/www.swissraft.ch\/en\/product\/pendular-swing-in-valais-from-a-bridge-90m-chf-150-00\/","og_site_name":"Swissraft","article_modified_time":"2024-11-20T09:14:45+00:00","og_image":[{"width":776,"height":776,"url":"https:\/\/www.swissraft.ch\/wp-content\/uploads\/2023\/04\/pendule-pont-chatelard-776x776-1.jpg","type":"image\/jpeg"}],"twitter_card":"summary_large_image","schema":{"@context":"https:\/\/schema.org","@graph":[{"@type":"WebPage","@id":"https:\/\/www.swissraft.ch\/en\/product\/pendular-swing-in-valais-from-a-bridge-90m-chf-150-00\/","url":"https:\/\/www.swissraft.ch\/en\/product\/pendular-swing-in-valais-from-a-bridge-90m-chf-150-00\/","name":"Pendulum jump from the Troul\u00e9ro-Finhaut bridge to Ch\u00e2telard","isPartOf":{"@id":"https:\/\/www.swissraft.ch\/en\/#website"},"primaryImageOfPage":{"@id":"https:\/\/www.swissraft.ch\/en\/product\/pendular-swing-in-valais-from-a-bridge-90m-chf-150-00\/#primaryimage"},"image":{"@id":"https:\/\/www.swissraft.ch\/en\/product\/pendular-swing-in-valais-from-a-bridge-90m-chf-150-00\/#primaryimage"},"thumbnailUrl":"https:\/\/www.swissraft.ch\/wp-content\/uploads\/2023\/04\/pendule-pont-chatelard-776x776-1.jpg","datePublished":"2023-04-02T09:14:32+00:00","dateModified":"2024-11-20T09:14:45+00:00","description":"Swinging from the Troul\u00e9ro-Finhaut bridge in the Trient Valley, Valais, to Ch\u00e2telard. This discipline, also known as Swing, will knock your socks off.","breadcrumb":{"@id":"https:\/\/www.swissraft.ch\/en\/product\/pendular-swing-in-valais-from-a-bridge-90m-chf-150-00\/#breadcrumb"},"inLanguage":"en-US","potentialAction":[{"@type":"ReadAction","target":["https:\/\/www.swissraft.ch\/en\/product\/pendular-swing-in-valais-from-a-bridge-90m-chf-150-00\/"]}]},{"@type":"ImageObject","inLanguage":"en-US","@id":"https:\/\/www.swissraft.ch\/en\/product\/pendular-swing-in-valais-from-a-bridge-90m-chf-150-00\/#primaryimage","url":"https:\/\/www.swissraft.ch\/wp-content\/uploads\/2023\/04\/pendule-pont-chatelard-776x776-1.jpg","contentUrl":"https:\/\/www.swissraft.ch\/wp-content\/uploads\/2023\/04\/pendule-pont-chatelard-776x776-1.jpg","width":776,"height":776,"caption":"Pendulum jump from a bridge at Ch\u00e2telard"},{"@type":"BreadcrumbList","@id":"https:\/\/www.swissraft.ch\/en\/product\/pendular-swing-in-valais-from-a-bridge-90m-chf-150-00\/#breadcrumb","itemListElement":[{"@type":"ListItem","position":1,"name":"Accueil","item":"https:\/\/www.swissraft.ch\/en\/"},{"@type":"ListItem","position":2,"name":"Store","item":"https:\/\/www.swissraft.ch\/en\/store\/"},{"@type":"ListItem","position":3,"name":"Pendular &#8211; Swing in VALAIS from a bridge &#8211; 90m &#8211; CHF 150.00"}]},{"@type":"WebSite","@id":"https:\/\/www.swissraft.ch\/en\/#website","url":"https:\/\/www.swissraft.ch\/en\/","name":"Swissraft","description":"To enjoy nature as it is","publisher":{"@id":"https:\/\/www.swissraft.ch\/en\/#organization"},"potentialAction":[{"@type":"SearchAction","target":{"@type":"EntryPoint","urlTemplate":"https:\/\/www.swissraft.ch\/en\/?s={search_term_string}"},"query-input":{"@type":"PropertyValueSpecification","valueRequired":true,"valueName":"search_term_string"}}],"inLanguage":"en-US"},{"@type":"Organization","@id":"https:\/\/www.swissraft.ch\/en\/#organization","name":"Swissraft","url":"https:\/\/www.swissraft.ch\/en\/","logo":{"@type":"ImageObject","inLanguage":"en-US","@id":"https:\/\/www.swissraft.ch\/en\/#\/schema\/logo\/image\/","url":"https:\/\/www.swissraft.ch\/wp-content\/uploads\/2025\/09\/Capture.jpg","contentUrl":"https:\/\/www.swissraft.ch\/wp-content\/uploads\/2025\/09\/Capture.jpg","width":293,"height":108,"caption":"Swissraft"},"image":{"@id":"https:\/\/www.swissraft.ch\/en\/#\/schema\/logo\/image\/"}}]}},"_links":{"self":[{"href":"https:\/\/www.swissraft.ch\/en\/wp-json\/wp\/v2\/product\/92354","targetHints":{"allow":["GET"]}}],"collection":[{"href":"https:\/\/www.swissraft.ch\/en\/wp-json\/wp\/v2\/product"}],"about":[{"href":"https:\/\/www.swissraft.ch\/en\/wp-json\/wp\/v2\/types\/product"}],"replies":[{"embeddable":true,"href":"https:\/\/www.swissraft.ch\/en\/wp-json\/wp\/v2\/comments?post=92354"}],"version-history":[{"count":0,"href":"https:\/\/www.swissraft.ch\/en\/wp-json\/wp\/v2\/product\/92354\/revisions"}],"wp:featuredmedia":[{"embeddable":true,"href":"https:\/\/www.swissraft.ch\/en\/wp-json\/wp\/v2\/media\/90048"}],"wp:attachment":[{"href":"https:\/\/www.swissraft.ch\/en\/wp-json\/wp\/v2\/media?parent=92354"}],"wp:term":[{"taxonomy":"product_cat","embeddable":true,"href":"https:\/\/www.swissraft.ch\/en\/wp-json\/wp\/v2\/product_cat?post=92354"},{"taxonomy":"product_tag","embeddable":true,"href":"https:\/\/www.swissraft.ch\/en\/wp-json\/wp\/v2\/product_tag?post=92354"}],"curies":[{"name":"wp","href":"https:\/\/api.w.org\/{rel}","templated":true}]}}