{"id":92338,"date":"2023-03-19T17:30:19","date_gmt":"2023-03-19T16:30:19","guid":{"rendered":"https:\/\/swissraft.xyanzkdne.eu\/product\/school-run-in-pays-denhaut-rafting-sarine-saanen-chateau-doex-chf-80-00\/"},"modified":"2025-12-27T21:57:55","modified_gmt":"2025-12-27T20:57:55","slug":"school-outing-pays-enhaut-rafting-sarine-saanen-chateau-doex","status":"publish","type":"product","link":"https:\/\/www.swissraft.ch\/en\/product\/school-outing-pays-enhaut-rafting-sarine-saanen-chateau-doex\/","title":{"rendered":"School trip in PAYS D&#8217;ENHAUT &#8211; RAFTING &#8211; LA SARINE &#8211; SAANEN-CH\u00c2TEAU D&#8217;OEX &#8211; CHF 100.00"},"content":{"rendered":"\t\t<div data-elementor-type=\"wp-post\" data-elementor-id=\"92338\" class=\"elementor elementor-92338 elementor-31807\">\n\t\t\t\t\t\t\t\t\t<section class=\"elementor-section elementor-top-section elementor-element elementor-element-3303a7e3 elementor-section-boxed elementor-section-height-default elementor-section-height-default\" data-id=\"3303a7e3\" data-element_type=\"section\">\n\t\t\t\t\t\t<div class=\"elementor-container elementor-column-gap-default\">\n\t\t\t\t\t<div class=\"elementor-column elementor-col-100 elementor-top-column elementor-element elementor-element-16d72dbf\" data-id=\"16d72dbf\" data-element_type=\"column\">\n\t\t\t<div class=\"elementor-widget-wrap elementor-element-populated\">\n\t\t\t\t\t\t\t\t<div class=\"elementor-element elementor-element-d743c03 elementor-widget elementor-widget-text-editor\" data-id=\"d743c03\" data-element_type=\"widget\" data-widget_type=\"text-editor.default\">\n\t\t\t\t<div class=\"elementor-widget-container\">\n\t\t\t\t\t\t\t<h2>CHOOSE YOUR ACTIVITY BELOW TO OFFER GIFT VOUCHERS \/ TICKETS OR MAKE A RESERVATION<\/h2><table border=\"0\" width=\"580\" cellspacing=\"10\" cellpadding=\"10\"><tbody><tr><td width=\"50%\"><strong>SCHOOL TRIP &#8211; RAFTING &#8211; SARINE + Snack<\/strong><\/td><td><strong>CHF 100.00 per student<span class=\"productPrice\"><br \/><\/span><\/strong><\/td><\/tr><tr><td>Further information<\/td><td>&#8211;<span class=\"patt\"> Minimum age 10 years<br \/><\/span>&#8211; Accompanying adult compulsory<\/td><\/tr><tr><td>Course<\/td><td><strong>Saanen-Ch\u00e2teau d&#8217;Oex<\/strong><\/td><\/tr><tr><td>Schedules<\/td><td>10.00 am \/ 02.00 pm<\/td><\/tr><tr><td>Rafting<\/td><td>approx. 1,5 hr<\/td><\/tr><tr><td>Total duration<\/td><td>approx. 3 hrs<\/td><\/tr><tr><td>Meeting point<\/td><td><span style=\"color: #ff6600;\"><a href=\"https:\/\/www.google.com\/maps\/place\/46%C2%B028'03.8%22N+7%C2%B007'32.8%22E\/@46.4677963,7.1234029,472m\/data=!3m1!1e3!4m4!3m3!8m2!3d46.467715!4d7.125784?entry=ttu&amp;g_ep=EgoyMDI1MDIwNS4wIKXMDSoASAFQAw%3D%3D\" target=\"_blank\" rel=\"noopener\">Camping du berceau<\/a><\/span><\/td><\/tr><tr><td>Difficulty<\/td><td>2-3+<\/td><\/tr><tr><td>\u00a0<\/td><td>To book <span style=\"color: #ff6600;\"><a href=\"https:\/\/www.swissraft.ch\/en\/contact\/\">Contact us<\/a><\/span><\/td><\/tr><\/tbody><\/table>\t\t\t\t\t\t<\/div>\n\t\t\t\t<\/div>\n\t\t\t\t\t<\/div>\n\t\t<\/div>\n\t\t\t\t\t\t\t<\/div>\n\t\t<\/section>\n\t\t\t\t\t\t\t<\/div>\n\t\t","protected":false},"excerpt":{"rendered":"<div align=\"justify\">\n<h2 align=\"justify\">For a school outing, rafting on the Sarine is the perfect activity<\/h2>\n<h3>Raft down from Saanen to Les Moulins. A remarkable route, including the G\u00e9rignoz and Vanel gorges<\/h3>\n<\/div>\n<div align=\"justify\">\n<p>The school outing starts in Saanen. The students climb into the rafts, excited and ready to paddle. They were soon swept away by the Sarine. They enthusiastically make their way down to Les Moulins. They are constantly being jostled by whitewater.<br \/>\nThen the famous Gorges de G\u00e9rignoz appear. This passage is narrow and spectacular. The walls are getting tighter. The water accelerates, the waves deepen. The rafts are pitching. Students laugh and scream with adrenaline.<br \/>\nHowever, it&#8217;s important to stay focused. One obstacle follows another. The guides direct the crews with precision. Every stroke counts. Rocks roll by to the left and right of the rafts. Finally, after some intense moments, the river calms down.<br \/>\nThe class arrives at Les Moulins, a little tired but happy. This descent will remain engraved in our memories. The beauty of the Gorges de G\u00e9rignoz and the adventure on the Sarine won over all the students.<\/p>\n<h3>In addition to rafting on the Sarine in Pays d&#8217;Enhaut, we offer other routes for class outings<\/h3>\n<p id=\"textarea\" style=\"display: none;\">\nIn Valais, you can go rafting on the Rh\u00f4ne, Vi\u00e8ge and Dranse de Bagnes rivers. Also on the L\u00fctschine in the Bernese Oberland and on the Simme in the Simmental. The same applies to the Rhine in Graub\u00fcnden between Ilanz and Reichenau.<br \/>\nIf you prefer a more leisurely descent, choose Easy rafting, commonly known as Fun rafting. We offer 12 different Easy rafting routes on 5 rivers in the Bernese Oberland, Eastern Switzerland, Graub\u00fcnden and Ticino.\n<\/p>\n<p><a id=\"seeMore\" onclick=\"toggleSeeMore()\" href=\"javascript:void(0);\">Read more<\/a><\/p>\n","protected":false},"featured_media":90882,"comment_status":"open","ping_status":"closed","template":"","meta":{"inline_featured_image":false,"_mi_skip_tracking":false},"product_cat":[402,638,403],"product_tag":[],"class_list":["post-92338","product","type-product","status-publish","has-post-thumbnail","hentry","product_cat-group","product_cat-school-outing-rafting-in-switzerland","product_cat-school-trip-school-outing"],"yoast_head":"<!-- This site is optimized with the Yoast SEO plugin v23.6 - https:\/\/yoast.com\/wordpress\/plugins\/seo\/ -->\n<title>Sarine rafting school trip<\/title>\n<meta name=\"description\" content=\"Sarine rafting school trip. This course between Saanen and Ch\u00e2teau d&#039;Oex is an attractive descent. From age 10 for accompanied students.\" \/>\n<meta name=\"robots\" content=\"index, follow, max-snippet:-1, max-image-preview:large, max-video-preview:-1\" \/>\n<link rel=\"canonical\" href=\"https:\/\/www.swissraft.ch\/en\/product\/school-outing-pays-enhaut-rafting-sarine-saanen-chateau-doex\/\" \/>\n<meta property=\"og:locale\" content=\"en_US\" \/>\n<meta property=\"og:type\" content=\"article\" \/>\n<meta property=\"og:title\" content=\"Sarine rafting school trip\" \/>\n<meta property=\"og:description\" content=\"Sarine rafting school trip. This course between Saanen and Ch\u00e2teau d&#039;Oex is an attractive descent. From age 10 for accompanied students.\" \/>\n<meta property=\"og:url\" content=\"https:\/\/www.swissraft.ch\/en\/product\/school-outing-pays-enhaut-rafting-sarine-saanen-chateau-doex\/\" \/>\n<meta property=\"og:site_name\" content=\"Swissraft\" \/>\n<meta property=\"article:modified_time\" content=\"2025-12-27T20:57:55+00:00\" \/>\n<meta property=\"og:image\" content=\"https:\/\/www.swissraft.ch\/wp-content\/uploads\/2023\/03\/1-2-Saane-776x776-1.jpg\" \/>\n\t<meta property=\"og:image:width\" content=\"776\" \/>\n\t<meta property=\"og:image:height\" content=\"776\" \/>\n\t<meta property=\"og:image:type\" content=\"image\/jpeg\" \/>\n<meta name=\"twitter:card\" content=\"summary_large_image\" \/>\n<meta name=\"twitter:label1\" content=\"Est. reading time\" \/>\n\t<meta name=\"twitter:data1\" content=\"1 minute\" \/>\n<script type=\"application\/ld+json\" class=\"yoast-schema-graph\">{\"@context\":\"https:\/\/schema.org\",\"@graph\":[{\"@type\":\"WebPage\",\"@id\":\"https:\/\/www.swissraft.ch\/en\/product\/school-outing-pays-enhaut-rafting-sarine-saanen-chateau-doex\/\",\"url\":\"https:\/\/www.swissraft.ch\/en\/product\/school-outing-pays-enhaut-rafting-sarine-saanen-chateau-doex\/\",\"name\":\"Sarine rafting school trip\",\"isPartOf\":{\"@id\":\"https:\/\/www.swissraft.ch\/en\/#website\"},\"primaryImageOfPage\":{\"@id\":\"https:\/\/www.swissraft.ch\/en\/product\/school-outing-pays-enhaut-rafting-sarine-saanen-chateau-doex\/#primaryimage\"},\"image\":{\"@id\":\"https:\/\/www.swissraft.ch\/en\/product\/school-outing-pays-enhaut-rafting-sarine-saanen-chateau-doex\/#primaryimage\"},\"thumbnailUrl\":\"https:\/\/www.swissraft.ch\/wp-content\/uploads\/2023\/03\/1-2-Saane-776x776-1.jpg\",\"datePublished\":\"2023-03-19T16:30:19+00:00\",\"dateModified\":\"2025-12-27T20:57:55+00:00\",\"description\":\"Sarine rafting school trip. This course between Saanen and Ch\u00e2teau d'Oex is an attractive descent. From age 10 for accompanied students.\",\"breadcrumb\":{\"@id\":\"https:\/\/www.swissraft.ch\/en\/product\/school-outing-pays-enhaut-rafting-sarine-saanen-chateau-doex\/#breadcrumb\"},\"inLanguage\":\"en-US\",\"potentialAction\":[{\"@type\":\"ReadAction\",\"target\":[\"https:\/\/www.swissraft.ch\/en\/product\/school-outing-pays-enhaut-rafting-sarine-saanen-chateau-doex\/\"]}]},{\"@type\":\"ImageObject\",\"inLanguage\":\"en-US\",\"@id\":\"https:\/\/www.swissraft.ch\/en\/product\/school-outing-pays-enhaut-rafting-sarine-saanen-chateau-doex\/#primaryimage\",\"url\":\"https:\/\/www.swissraft.ch\/wp-content\/uploads\/2023\/03\/1-2-Saane-776x776-1.jpg\",\"contentUrl\":\"https:\/\/www.swissraft.ch\/wp-content\/uploads\/2023\/03\/1-2-Saane-776x776-1.jpg\",\"width\":776,\"height\":776,\"caption\":\"School rafting race on the Sarine in Pays dEnhaut\"},{\"@type\":\"BreadcrumbList\",\"@id\":\"https:\/\/www.swissraft.ch\/en\/product\/school-outing-pays-enhaut-rafting-sarine-saanen-chateau-doex\/#breadcrumb\",\"itemListElement\":[{\"@type\":\"ListItem\",\"position\":1,\"name\":\"Accueil\",\"item\":\"https:\/\/www.swissraft.ch\/en\/\"},{\"@type\":\"ListItem\",\"position\":2,\"name\":\"Store\",\"item\":\"https:\/\/www.swissraft.ch\/en\/store\/\"},{\"@type\":\"ListItem\",\"position\":3,\"name\":\"School trip in PAYS D&rsquo;ENHAUT &#8211; RAFTING &#8211; LA SARINE &#8211; SAANEN-CH\u00c2TEAU D&rsquo;OEX &#8211; CHF 100.00\"}]},{\"@type\":\"WebSite\",\"@id\":\"https:\/\/www.swissraft.ch\/en\/#website\",\"url\":\"https:\/\/www.swissraft.ch\/en\/\",\"name\":\"Swissraft\",\"description\":\"To enjoy nature as it is\",\"publisher\":{\"@id\":\"https:\/\/www.swissraft.ch\/en\/#organization\"},\"potentialAction\":[{\"@type\":\"SearchAction\",\"target\":{\"@type\":\"EntryPoint\",\"urlTemplate\":\"https:\/\/www.swissraft.ch\/en\/?s={search_term_string}\"},\"query-input\":{\"@type\":\"PropertyValueSpecification\",\"valueRequired\":true,\"valueName\":\"search_term_string\"}}],\"inLanguage\":\"en-US\"},{\"@type\":\"Organization\",\"@id\":\"https:\/\/www.swissraft.ch\/en\/#organization\",\"name\":\"Swissraft\",\"url\":\"https:\/\/www.swissraft.ch\/en\/\",\"logo\":{\"@type\":\"ImageObject\",\"inLanguage\":\"en-US\",\"@id\":\"https:\/\/www.swissraft.ch\/en\/#\/schema\/logo\/image\/\",\"url\":\"https:\/\/www.swissraft.ch\/wp-content\/uploads\/2025\/09\/Capture.jpg\",\"contentUrl\":\"https:\/\/www.swissraft.ch\/wp-content\/uploads\/2025\/09\/Capture.jpg\",\"width\":293,\"height\":108,\"caption\":\"Swissraft\"},\"image\":{\"@id\":\"https:\/\/www.swissraft.ch\/en\/#\/schema\/logo\/image\/\"}}]}<\/script>\n<!-- \/ Yoast SEO plugin. -->","yoast_head_json":{"title":"Sarine rafting school trip","description":"Sarine rafting school trip. This course between Saanen and Ch\u00e2teau d'Oex is an attractive descent. From age 10 for accompanied students.","robots":{"index":"index","follow":"follow","max-snippet":"max-snippet:-1","max-image-preview":"max-image-preview:large","max-video-preview":"max-video-preview:-1"},"canonical":"https:\/\/www.swissraft.ch\/en\/product\/school-outing-pays-enhaut-rafting-sarine-saanen-chateau-doex\/","og_locale":"en_US","og_type":"article","og_title":"Sarine rafting school trip","og_description":"Sarine rafting school trip. This course between Saanen and Ch\u00e2teau d'Oex is an attractive descent. From age 10 for accompanied students.","og_url":"https:\/\/www.swissraft.ch\/en\/product\/school-outing-pays-enhaut-rafting-sarine-saanen-chateau-doex\/","og_site_name":"Swissraft","article_modified_time":"2025-12-27T20:57:55+00:00","og_image":[{"width":776,"height":776,"url":"https:\/\/www.swissraft.ch\/wp-content\/uploads\/2023\/03\/1-2-Saane-776x776-1.jpg","type":"image\/jpeg"}],"twitter_card":"summary_large_image","twitter_misc":{"Est. reading time":"1 minute"},"schema":{"@context":"https:\/\/schema.org","@graph":[{"@type":"WebPage","@id":"https:\/\/www.swissraft.ch\/en\/product\/school-outing-pays-enhaut-rafting-sarine-saanen-chateau-doex\/","url":"https:\/\/www.swissraft.ch\/en\/product\/school-outing-pays-enhaut-rafting-sarine-saanen-chateau-doex\/","name":"Sarine rafting school trip","isPartOf":{"@id":"https:\/\/www.swissraft.ch\/en\/#website"},"primaryImageOfPage":{"@id":"https:\/\/www.swissraft.ch\/en\/product\/school-outing-pays-enhaut-rafting-sarine-saanen-chateau-doex\/#primaryimage"},"image":{"@id":"https:\/\/www.swissraft.ch\/en\/product\/school-outing-pays-enhaut-rafting-sarine-saanen-chateau-doex\/#primaryimage"},"thumbnailUrl":"https:\/\/www.swissraft.ch\/wp-content\/uploads\/2023\/03\/1-2-Saane-776x776-1.jpg","datePublished":"2023-03-19T16:30:19+00:00","dateModified":"2025-12-27T20:57:55+00:00","description":"Sarine rafting school trip. This course between Saanen and Ch\u00e2teau d'Oex is an attractive descent. From age 10 for accompanied students.","breadcrumb":{"@id":"https:\/\/www.swissraft.ch\/en\/product\/school-outing-pays-enhaut-rafting-sarine-saanen-chateau-doex\/#breadcrumb"},"inLanguage":"en-US","potentialAction":[{"@type":"ReadAction","target":["https:\/\/www.swissraft.ch\/en\/product\/school-outing-pays-enhaut-rafting-sarine-saanen-chateau-doex\/"]}]},{"@type":"ImageObject","inLanguage":"en-US","@id":"https:\/\/www.swissraft.ch\/en\/product\/school-outing-pays-enhaut-rafting-sarine-saanen-chateau-doex\/#primaryimage","url":"https:\/\/www.swissraft.ch\/wp-content\/uploads\/2023\/03\/1-2-Saane-776x776-1.jpg","contentUrl":"https:\/\/www.swissraft.ch\/wp-content\/uploads\/2023\/03\/1-2-Saane-776x776-1.jpg","width":776,"height":776,"caption":"School rafting race on the Sarine in Pays dEnhaut"},{"@type":"BreadcrumbList","@id":"https:\/\/www.swissraft.ch\/en\/product\/school-outing-pays-enhaut-rafting-sarine-saanen-chateau-doex\/#breadcrumb","itemListElement":[{"@type":"ListItem","position":1,"name":"Accueil","item":"https:\/\/www.swissraft.ch\/en\/"},{"@type":"ListItem","position":2,"name":"Store","item":"https:\/\/www.swissraft.ch\/en\/store\/"},{"@type":"ListItem","position":3,"name":"School trip in PAYS D&rsquo;ENHAUT &#8211; RAFTING &#8211; LA SARINE &#8211; SAANEN-CH\u00c2TEAU D&rsquo;OEX &#8211; CHF 100.00"}]},{"@type":"WebSite","@id":"https:\/\/www.swissraft.ch\/en\/#website","url":"https:\/\/www.swissraft.ch\/en\/","name":"Swissraft","description":"To enjoy nature as it is","publisher":{"@id":"https:\/\/www.swissraft.ch\/en\/#organization"},"potentialAction":[{"@type":"SearchAction","target":{"@type":"EntryPoint","urlTemplate":"https:\/\/www.swissraft.ch\/en\/?s={search_term_string}"},"query-input":{"@type":"PropertyValueSpecification","valueRequired":true,"valueName":"search_term_string"}}],"inLanguage":"en-US"},{"@type":"Organization","@id":"https:\/\/www.swissraft.ch\/en\/#organization","name":"Swissraft","url":"https:\/\/www.swissraft.ch\/en\/","logo":{"@type":"ImageObject","inLanguage":"en-US","@id":"https:\/\/www.swissraft.ch\/en\/#\/schema\/logo\/image\/","url":"https:\/\/www.swissraft.ch\/wp-content\/uploads\/2025\/09\/Capture.jpg","contentUrl":"https:\/\/www.swissraft.ch\/wp-content\/uploads\/2025\/09\/Capture.jpg","width":293,"height":108,"caption":"Swissraft"},"image":{"@id":"https:\/\/www.swissraft.ch\/en\/#\/schema\/logo\/image\/"}}]}},"_links":{"self":[{"href":"https:\/\/www.swissraft.ch\/en\/wp-json\/wp\/v2\/product\/92338","targetHints":{"allow":["GET"]}}],"collection":[{"href":"https:\/\/www.swissraft.ch\/en\/wp-json\/wp\/v2\/product"}],"about":[{"href":"https:\/\/www.swissraft.ch\/en\/wp-json\/wp\/v2\/types\/product"}],"replies":[{"embeddable":true,"href":"https:\/\/www.swissraft.ch\/en\/wp-json\/wp\/v2\/comments?post=92338"}],"version-history":[{"count":17,"href":"https:\/\/www.swissraft.ch\/en\/wp-json\/wp\/v2\/product\/92338\/revisions"}],"predecessor-version":[{"id":125552,"href":"https:\/\/www.swissraft.ch\/en\/wp-json\/wp\/v2\/product\/92338\/revisions\/125552"}],"wp:featuredmedia":[{"embeddable":true,"href":"https:\/\/www.swissraft.ch\/en\/wp-json\/wp\/v2\/media\/90882"}],"wp:attachment":[{"href":"https:\/\/www.swissraft.ch\/en\/wp-json\/wp\/v2\/media?parent=92338"}],"wp:term":[{"taxonomy":"product_cat","embeddable":true,"href":"https:\/\/www.swissraft.ch\/en\/wp-json\/wp\/v2\/product_cat?post=92338"},{"taxonomy":"product_tag","embeddable":true,"href":"https:\/\/www.swissraft.ch\/en\/wp-json\/wp\/v2\/product_tag?post=92338"}],"curies":[{"name":"wp","href":"https:\/\/api.w.org\/{rel}","templated":true}]}}