{"id":92335,"date":"2023-03-22T11:36:24","date_gmt":"2023-03-22T10:36:24","guid":{"rendered":"https:\/\/swissraft.xyanzkdne.eu\/product\/school-trip-in-valais-rafting-viege-stalden-viege-chf-92-00\/"},"modified":"2025-12-27T21:24:12","modified_gmt":"2025-12-27T20:24:12","slug":"school-trip-valais-rafting-viege-stalden-viege","status":"publish","type":"product","link":"https:\/\/www.swissraft.ch\/en\/product\/school-trip-valais-rafting-viege-stalden-viege\/","title":{"rendered":"School trip in VALAIS &#8211; RAFTING &#8211; LA VI\u00c8GE &#8211; STALDEN-VISP &#8211; CHF 92.00"},"content":{"rendered":"\t\t<div data-elementor-type=\"wp-post\" data-elementor-id=\"92335\" class=\"elementor elementor-92335 elementor-31824\">\n\t\t\t\t\t\t\t\t\t<section class=\"elementor-section elementor-top-section elementor-element elementor-element-3303a7e3 elementor-section-boxed elementor-section-height-default elementor-section-height-default\" data-id=\"3303a7e3\" data-element_type=\"section\">\n\t\t\t\t\t\t<div class=\"elementor-container elementor-column-gap-default\">\n\t\t\t\t\t<div class=\"elementor-column elementor-col-100 elementor-top-column elementor-element elementor-element-16d72dbf\" data-id=\"16d72dbf\" data-element_type=\"column\">\n\t\t\t<div class=\"elementor-widget-wrap elementor-element-populated\">\n\t\t\t\t\t\t\t\t<div class=\"elementor-element elementor-element-d743c03 elementor-widget elementor-widget-text-editor\" data-id=\"d743c03\" data-element_type=\"widget\" data-widget_type=\"text-editor.default\">\n\t\t\t\t<div class=\"elementor-widget-container\">\n\t\t\t\t\t\t\t<h2>CHOOSE YOUR ACTIVITY BELOW TO OFFER GIFT VOUCHERS \/ TICKETS OR MAKE A RESERVATION<\/h2><table border=\"0\" width=\"580\" cellspacing=\"10\" cellpadding=\"10\"><tbody><tr><td width=\"50%\"><strong>SCHOOL TRIP &#8211; RAFTING &#8211; VI\u00c8GE + Snack<\/strong><\/td><td><strong>CHF 92.00 per student<span class=\"productPrice\"><br \/><\/span><\/strong><\/td><\/tr><tr><td>Further information<\/td><td>&#8211;<span class=\"patt\"> Minimum age : 10 years<br \/><\/span>&#8211; Accompanying adult compulsory<\/td><\/tr><tr><td>Route<\/td><td><strong>Stalden-Vi\u00e8ge<\/strong><\/td><\/tr><tr><td>Schedules<\/td><td>10.00 am \/ 02.00 pm<\/td><\/tr><tr><td>Rafting<\/td><td>approx. 1 hr<\/td><\/tr><tr><td>Total duration<\/td><td>approx. 2,5 hrs<\/td><\/tr><tr><td>Meeting point<\/td><td><a href=\"https:\/\/www.google.com\/maps\/place\/Camping+M%C3%BChleye,+3930+Vi%C3%A8ge\/@46.2977102,7.8681638,780m\/data=!3m1!1e3!4m6!3m5!1s0x478f6b3dc520eeb7:0x792310840d66bd66!8m2!3d46.2976361!4d7.8727879!16s%2Fg%2F1tqt8l6r?entry=ttu\" target=\"_blank\" rel=\"noopener\">Camping M\u00fchleye in Visp<\/a><\/td><\/tr><tr><td>Difficulty<\/td><td>Level 2 to 3+<\/td><\/tr><tr><td>\u00a0<\/td><td>To book :<strong>\u00a0<span style=\"color: #ff6600;\"><a href=\"\/en\/contact\/\">Contact us<\/a><\/span><\/strong><\/td><\/tr><\/tbody><\/table>\t\t\t\t\t\t<\/div>\n\t\t\t\t<\/div>\n\t\t\t\t\t<\/div>\n\t\t<\/div>\n\t\t\t\t\t\t\t<\/div>\n\t\t<\/section>\n\t\t\t\t\t\t\t<\/div>\n\t\t","protected":false},"excerpt":{"rendered":"<div align=\"justify\">\n<h2 align=\"justify\">For a school outing, rafting on the Vi\u00e8ge is a guaranteed success<\/h2>\n<h3>Between Stalden and Visp, the River Vi\u00e8ge, a tributary of the Rhone, will appeal to students and teachers alike.<\/h3>\n<\/div>\n<div align=\"justify\">\n<p>The school decides to organize an exciting rafting race between Stalden and Visp in the Valais. Right from the start, the excitement is palpable. The students set off on the Vi\u00e8ge, a tributary of the Rhone. The current soon accelerates, and the boats are swept away by the tumultuous waters. At every bend in the road, shouts of joy resound. A swift, unforeseen event takes everyone by surprise, causing a brilliant splash. Teams redouble their efforts to maintain control. The most daring take the lead, motivated by adrenalin. After an intense descent, the group reaches Visp. Faces light up with smiles, marked by the adventure. The race ends with applause and laughter. It&#8217;s an unforgettable day, full of challenges and camaraderie. It was a memorable experience for all.<\/p>\n<h3>In addition to rafting on the Rhone in Valais, we offer other courses for schools<\/h3>\n<p id=\"textarea\" style=\"display: none;\">Still in Valais, you can go rafting on the Rhone and the Dranse de Bagnes. But also rafting on the Sarine in the Pays d&#8217;Enhaut in the canton of Vaud. We also offer rafting on the L\u00fctschine in the Bernese Oberland and on the Simme in the Simmental. And riverrafting on the Rhine in Graub\u00fcnden between Ilanz and Reichenau with the famous Swiss Grand Canyon.<br \/>\nAlternatively, if you prefer a gentler descent for your students, choose Fun rafting, also known as Easy rafting. Swissraft offers 12 Easy Rafting courses on 5 of Switzerland&#8217;s most beautiful rivers.\n<\/p>\n<p><a id=\"seeMore\" onclick=\"toggleSeeMore()\" href=\"javascript:void(0);\">Read more<\/a><\/p>\n","protected":false},"featured_media":90750,"comment_status":"open","ping_status":"closed","template":"","meta":{"inline_featured_image":false,"_mi_skip_tracking":false},"product_cat":[402,638,403],"product_tag":[],"class_list":["post-92335","product","type-product","status-publish","has-post-thumbnail","hentry","product_cat-group","product_cat-school-outing-rafting-in-switzerland","product_cat-school-trip-school-outing"],"yoast_head":"<!-- This site is optimized with the Yoast SEO plugin v23.6 - https:\/\/yoast.com\/wordpress\/plugins\/seo\/ -->\n<title>School trip Rafting Vi\u00e8ge<\/title>\n<meta name=\"description\" content=\"School trip Rafting Vi\u00e8ge. Course between Stalden and Visp. Students as young as 10 love this Valais river, a tributary of the Rh\u00f4ne.\" \/>\n<meta name=\"robots\" content=\"index, follow, max-snippet:-1, max-image-preview:large, max-video-preview:-1\" \/>\n<link rel=\"canonical\" href=\"https:\/\/www.swissraft.ch\/en\/product\/school-trip-valais-rafting-viege-stalden-viege\/\" \/>\n<meta property=\"og:locale\" content=\"en_US\" \/>\n<meta property=\"og:type\" content=\"article\" \/>\n<meta property=\"og:title\" content=\"School trip Rafting Vi\u00e8ge\" \/>\n<meta property=\"og:description\" content=\"School trip Rafting Vi\u00e8ge. Course between Stalden and Visp. Students as young as 10 love this Valais river, a tributary of the Rh\u00f4ne.\" \/>\n<meta property=\"og:url\" content=\"https:\/\/www.swissraft.ch\/en\/product\/school-trip-valais-rafting-viege-stalden-viege\/\" \/>\n<meta property=\"og:site_name\" content=\"Swissraft\" \/>\n<meta property=\"article:modified_time\" content=\"2025-12-27T20:24:12+00:00\" \/>\n<meta property=\"og:image\" content=\"https:\/\/www.swissraft.ch\/wp-content\/uploads\/2023\/03\/1-3-Vispa-776x776-1.jpg\" \/>\n\t<meta property=\"og:image:width\" content=\"776\" \/>\n\t<meta property=\"og:image:height\" content=\"776\" \/>\n\t<meta property=\"og:image:type\" content=\"image\/jpeg\" \/>\n<meta name=\"twitter:card\" content=\"summary_large_image\" \/>\n<meta name=\"twitter:label1\" content=\"Est. reading time\" \/>\n\t<meta name=\"twitter:data1\" content=\"1 minute\" \/>\n<script type=\"application\/ld+json\" class=\"yoast-schema-graph\">{\"@context\":\"https:\/\/schema.org\",\"@graph\":[{\"@type\":\"WebPage\",\"@id\":\"https:\/\/www.swissraft.ch\/en\/product\/school-trip-valais-rafting-viege-stalden-viege\/\",\"url\":\"https:\/\/www.swissraft.ch\/en\/product\/school-trip-valais-rafting-viege-stalden-viege\/\",\"name\":\"School trip Rafting Vi\u00e8ge\",\"isPartOf\":{\"@id\":\"https:\/\/www.swissraft.ch\/en\/#website\"},\"primaryImageOfPage\":{\"@id\":\"https:\/\/www.swissraft.ch\/en\/product\/school-trip-valais-rafting-viege-stalden-viege\/#primaryimage\"},\"image\":{\"@id\":\"https:\/\/www.swissraft.ch\/en\/product\/school-trip-valais-rafting-viege-stalden-viege\/#primaryimage\"},\"thumbnailUrl\":\"https:\/\/www.swissraft.ch\/wp-content\/uploads\/2023\/03\/1-3-Vispa-776x776-1.jpg\",\"datePublished\":\"2023-03-22T10:36:24+00:00\",\"dateModified\":\"2025-12-27T20:24:12+00:00\",\"description\":\"School trip Rafting Vi\u00e8ge. Course between Stalden and Visp. Students as young as 10 love this Valais river, a tributary of the Rh\u00f4ne.\",\"breadcrumb\":{\"@id\":\"https:\/\/www.swissraft.ch\/en\/product\/school-trip-valais-rafting-viege-stalden-viege\/#breadcrumb\"},\"inLanguage\":\"en-US\",\"potentialAction\":[{\"@type\":\"ReadAction\",\"target\":[\"https:\/\/www.swissraft.ch\/en\/product\/school-trip-valais-rafting-viege-stalden-viege\/\"]}]},{\"@type\":\"ImageObject\",\"inLanguage\":\"en-US\",\"@id\":\"https:\/\/www.swissraft.ch\/en\/product\/school-trip-valais-rafting-viege-stalden-viege\/#primaryimage\",\"url\":\"https:\/\/www.swissraft.ch\/wp-content\/uploads\/2023\/03\/1-3-Vispa-776x776-1.jpg\",\"contentUrl\":\"https:\/\/www.swissraft.ch\/wp-content\/uploads\/2023\/03\/1-3-Vispa-776x776-1.jpg\",\"width\":776,\"height\":776,\"caption\":\"School trip on the Vi\u00e8ge in Valais\"},{\"@type\":\"BreadcrumbList\",\"@id\":\"https:\/\/www.swissraft.ch\/en\/product\/school-trip-valais-rafting-viege-stalden-viege\/#breadcrumb\",\"itemListElement\":[{\"@type\":\"ListItem\",\"position\":1,\"name\":\"Accueil\",\"item\":\"https:\/\/www.swissraft.ch\/en\/\"},{\"@type\":\"ListItem\",\"position\":2,\"name\":\"Store\",\"item\":\"https:\/\/www.swissraft.ch\/en\/store\/\"},{\"@type\":\"ListItem\",\"position\":3,\"name\":\"School trip in VALAIS &#8211; RAFTING &#8211; LA VI\u00c8GE &#8211; STALDEN-VISP &#8211; CHF 92.00\"}]},{\"@type\":\"WebSite\",\"@id\":\"https:\/\/www.swissraft.ch\/en\/#website\",\"url\":\"https:\/\/www.swissraft.ch\/en\/\",\"name\":\"Swissraft\",\"description\":\"To enjoy nature as it is\",\"publisher\":{\"@id\":\"https:\/\/www.swissraft.ch\/en\/#organization\"},\"potentialAction\":[{\"@type\":\"SearchAction\",\"target\":{\"@type\":\"EntryPoint\",\"urlTemplate\":\"https:\/\/www.swissraft.ch\/en\/?s={search_term_string}\"},\"query-input\":{\"@type\":\"PropertyValueSpecification\",\"valueRequired\":true,\"valueName\":\"search_term_string\"}}],\"inLanguage\":\"en-US\"},{\"@type\":\"Organization\",\"@id\":\"https:\/\/www.swissraft.ch\/en\/#organization\",\"name\":\"Swissraft\",\"url\":\"https:\/\/www.swissraft.ch\/en\/\",\"logo\":{\"@type\":\"ImageObject\",\"inLanguage\":\"en-US\",\"@id\":\"https:\/\/www.swissraft.ch\/en\/#\/schema\/logo\/image\/\",\"url\":\"https:\/\/www.swissraft.ch\/wp-content\/uploads\/2025\/09\/Capture.jpg\",\"contentUrl\":\"https:\/\/www.swissraft.ch\/wp-content\/uploads\/2025\/09\/Capture.jpg\",\"width\":293,\"height\":108,\"caption\":\"Swissraft\"},\"image\":{\"@id\":\"https:\/\/www.swissraft.ch\/en\/#\/schema\/logo\/image\/\"}}]}<\/script>\n<!-- \/ Yoast SEO plugin. -->","yoast_head_json":{"title":"School trip Rafting Vi\u00e8ge","description":"School trip Rafting Vi\u00e8ge. Course between Stalden and Visp. Students as young as 10 love this Valais river, a tributary of the Rh\u00f4ne.","robots":{"index":"index","follow":"follow","max-snippet":"max-snippet:-1","max-image-preview":"max-image-preview:large","max-video-preview":"max-video-preview:-1"},"canonical":"https:\/\/www.swissraft.ch\/en\/product\/school-trip-valais-rafting-viege-stalden-viege\/","og_locale":"en_US","og_type":"article","og_title":"School trip Rafting Vi\u00e8ge","og_description":"School trip Rafting Vi\u00e8ge. Course between Stalden and Visp. Students as young as 10 love this Valais river, a tributary of the Rh\u00f4ne.","og_url":"https:\/\/www.swissraft.ch\/en\/product\/school-trip-valais-rafting-viege-stalden-viege\/","og_site_name":"Swissraft","article_modified_time":"2025-12-27T20:24:12+00:00","og_image":[{"width":776,"height":776,"url":"https:\/\/www.swissraft.ch\/wp-content\/uploads\/2023\/03\/1-3-Vispa-776x776-1.jpg","type":"image\/jpeg"}],"twitter_card":"summary_large_image","twitter_misc":{"Est. reading time":"1 minute"},"schema":{"@context":"https:\/\/schema.org","@graph":[{"@type":"WebPage","@id":"https:\/\/www.swissraft.ch\/en\/product\/school-trip-valais-rafting-viege-stalden-viege\/","url":"https:\/\/www.swissraft.ch\/en\/product\/school-trip-valais-rafting-viege-stalden-viege\/","name":"School trip Rafting Vi\u00e8ge","isPartOf":{"@id":"https:\/\/www.swissraft.ch\/en\/#website"},"primaryImageOfPage":{"@id":"https:\/\/www.swissraft.ch\/en\/product\/school-trip-valais-rafting-viege-stalden-viege\/#primaryimage"},"image":{"@id":"https:\/\/www.swissraft.ch\/en\/product\/school-trip-valais-rafting-viege-stalden-viege\/#primaryimage"},"thumbnailUrl":"https:\/\/www.swissraft.ch\/wp-content\/uploads\/2023\/03\/1-3-Vispa-776x776-1.jpg","datePublished":"2023-03-22T10:36:24+00:00","dateModified":"2025-12-27T20:24:12+00:00","description":"School trip Rafting Vi\u00e8ge. Course between Stalden and Visp. Students as young as 10 love this Valais river, a tributary of the Rh\u00f4ne.","breadcrumb":{"@id":"https:\/\/www.swissraft.ch\/en\/product\/school-trip-valais-rafting-viege-stalden-viege\/#breadcrumb"},"inLanguage":"en-US","potentialAction":[{"@type":"ReadAction","target":["https:\/\/www.swissraft.ch\/en\/product\/school-trip-valais-rafting-viege-stalden-viege\/"]}]},{"@type":"ImageObject","inLanguage":"en-US","@id":"https:\/\/www.swissraft.ch\/en\/product\/school-trip-valais-rafting-viege-stalden-viege\/#primaryimage","url":"https:\/\/www.swissraft.ch\/wp-content\/uploads\/2023\/03\/1-3-Vispa-776x776-1.jpg","contentUrl":"https:\/\/www.swissraft.ch\/wp-content\/uploads\/2023\/03\/1-3-Vispa-776x776-1.jpg","width":776,"height":776,"caption":"School trip on the Vi\u00e8ge in Valais"},{"@type":"BreadcrumbList","@id":"https:\/\/www.swissraft.ch\/en\/product\/school-trip-valais-rafting-viege-stalden-viege\/#breadcrumb","itemListElement":[{"@type":"ListItem","position":1,"name":"Accueil","item":"https:\/\/www.swissraft.ch\/en\/"},{"@type":"ListItem","position":2,"name":"Store","item":"https:\/\/www.swissraft.ch\/en\/store\/"},{"@type":"ListItem","position":3,"name":"School trip in VALAIS &#8211; RAFTING &#8211; LA VI\u00c8GE &#8211; STALDEN-VISP &#8211; CHF 92.00"}]},{"@type":"WebSite","@id":"https:\/\/www.swissraft.ch\/en\/#website","url":"https:\/\/www.swissraft.ch\/en\/","name":"Swissraft","description":"To enjoy nature as it is","publisher":{"@id":"https:\/\/www.swissraft.ch\/en\/#organization"},"potentialAction":[{"@type":"SearchAction","target":{"@type":"EntryPoint","urlTemplate":"https:\/\/www.swissraft.ch\/en\/?s={search_term_string}"},"query-input":{"@type":"PropertyValueSpecification","valueRequired":true,"valueName":"search_term_string"}}],"inLanguage":"en-US"},{"@type":"Organization","@id":"https:\/\/www.swissraft.ch\/en\/#organization","name":"Swissraft","url":"https:\/\/www.swissraft.ch\/en\/","logo":{"@type":"ImageObject","inLanguage":"en-US","@id":"https:\/\/www.swissraft.ch\/en\/#\/schema\/logo\/image\/","url":"https:\/\/www.swissraft.ch\/wp-content\/uploads\/2025\/09\/Capture.jpg","contentUrl":"https:\/\/www.swissraft.ch\/wp-content\/uploads\/2025\/09\/Capture.jpg","width":293,"height":108,"caption":"Swissraft"},"image":{"@id":"https:\/\/www.swissraft.ch\/en\/#\/schema\/logo\/image\/"}}]}},"_links":{"self":[{"href":"https:\/\/www.swissraft.ch\/en\/wp-json\/wp\/v2\/product\/92335","targetHints":{"allow":["GET"]}}],"collection":[{"href":"https:\/\/www.swissraft.ch\/en\/wp-json\/wp\/v2\/product"}],"about":[{"href":"https:\/\/www.swissraft.ch\/en\/wp-json\/wp\/v2\/types\/product"}],"replies":[{"embeddable":true,"href":"https:\/\/www.swissraft.ch\/en\/wp-json\/wp\/v2\/comments?post=92335"}],"version-history":[{"count":15,"href":"https:\/\/www.swissraft.ch\/en\/wp-json\/wp\/v2\/product\/92335\/revisions"}],"predecessor-version":[{"id":125521,"href":"https:\/\/www.swissraft.ch\/en\/wp-json\/wp\/v2\/product\/92335\/revisions\/125521"}],"wp:featuredmedia":[{"embeddable":true,"href":"https:\/\/www.swissraft.ch\/en\/wp-json\/wp\/v2\/media\/90750"}],"wp:attachment":[{"href":"https:\/\/www.swissraft.ch\/en\/wp-json\/wp\/v2\/media?parent=92335"}],"wp:term":[{"taxonomy":"product_cat","embeddable":true,"href":"https:\/\/www.swissraft.ch\/en\/wp-json\/wp\/v2\/product_cat?post=92335"},{"taxonomy":"product_tag","embeddable":true,"href":"https:\/\/www.swissraft.ch\/en\/wp-json\/wp\/v2\/product_tag?post=92335"}],"curies":[{"name":"wp","href":"https:\/\/api.w.org\/{rel}","templated":true}]}}