{"id":92328,"date":"2023-12-02T16:51:04","date_gmt":"2023-12-02T15:51:04","guid":{"rendered":"https:\/\/swissraft.xyanzkdne.eu\/product\/initiation-on-a-plane-from-berne-belp-cessna-172-from-chf-235-00\/"},"modified":"2025-08-19T16:19:57","modified_gmt":"2025-08-19T14:19:57","slug":"introductory-flight-cessna-172","status":"publish","type":"product","link":"https:\/\/www.swissraft.ch\/en\/product\/introductory-flight-cessna-172\/","title":{"rendered":"Initiation on a plane from BERN-BELP &#8211; CESSNA 172 &#8211; From CHF 235.00"},"content":{"rendered":"\t\t<div data-elementor-type=\"wp-post\" data-elementor-id=\"92328\" class=\"elementor elementor-92328 elementor-53728\">\n\t\t\t\t\t\t\t\t\t<section class=\"elementor-section elementor-top-section elementor-element elementor-element-3303a7e3 elementor-section-boxed elementor-section-height-default elementor-section-height-default\" data-id=\"3303a7e3\" data-element_type=\"section\">\n\t\t\t\t\t\t<div class=\"elementor-container elementor-column-gap-default\">\n\t\t\t\t\t<div class=\"elementor-column elementor-col-100 elementor-top-column elementor-element elementor-element-16d72dbf\" data-id=\"16d72dbf\" data-element_type=\"column\">\n\t\t\t<div class=\"elementor-widget-wrap elementor-element-populated\">\n\t\t\t\t\t\t\t\t<div class=\"elementor-element elementor-element-d743c03 elementor-widget elementor-widget-text-editor\" data-id=\"d743c03\" data-element_type=\"widget\" data-widget_type=\"text-editor.default\">\n\t\t\t\t<div class=\"elementor-widget-container\">\n\t\t\t\t\t\t\t<h2>CHOOSE YOUR ACTIVITY BELOW TO OFFER GIFT VOUCHERS \/ TICKETS OR MAKE A RESERVATION<\/h2><table border=\"0\" width=\"580\" cellspacing=\"10\" cellpadding=\"10\"><tbody><tr><td width=\"50%\"><strong>1) INTRODUCTORY FLIGHT ON CESSNA 172 &#8211; 1 STUDENT &#8211; From 20 min.<\/strong><\/td><td><strong>CHF 235.00 per flight<span class=\"productPrice\"><br \/><\/span><\/strong><\/td><\/tr><tr><td>Additional information<\/td><td><span class=\"patt\">&#8211; The plane is exclusively at your disposal<br \/><\/span><span class=\"patt\">&#8211; You determine the departure date and time<br \/>&#8211; Maximum 1 pers.<\/span><\/td><\/tr><tr><td>Airport<\/td><td><a href=\"https:\/\/www.google.com\/maps\/place\/46%C2%B054'42.7%22N+7%C2%B030'12.1%22E\/@46.9123669,7.4941803,1542m\/data=!3m1!1e3!4m4!3m3!8m2!3d46.9118611!4d7.5033611?entry=ttu\" target=\"_blank\" rel=\"noopener\">Bern-Belp<\/a><\/td><\/tr><tr><td>Choice of flight duration<\/td><td>20 \/ 30 \/ 40 \/ 60 min.<\/td><\/tr><tr><td>Total duration<\/td><td>approx. 1h to 1h40 depending on number of minutes<\/td><\/tr><tr><td>Appointment<\/td><td>By phone<\/td><\/tr><tr><td><button class=\"elementor-button\" type=\"button\"><a href=\"https:\/\/swissraft.outdoorbooking.ch\/fo\/products\/336?base_id=108&amp;category_id=4&amp;order_type=gift_voucher&amp;lang=en\" target=\"_blank\" rel=\"noopener\">PURCHASE GIFT VOUCHER<\/a><\/button><\/td><td><strong>CHF 235.00 &#8211; 20 min. flight <\/strong><\/td><\/tr><tr><td><button class=\"elementor-button\" type=\"button\"><a href=\"https:\/\/swissraft.outdoorbooking.ch\/fo\/products\/337?base_id=108&amp;category_id=4&amp;order_type=gift_voucher&amp;lang=en\" target=\"_blank\" rel=\"noopener\">PURCHASE GIFT VOUCHER<\/a><\/button><\/td><td><strong>CHF 285.00 &#8211; 30 min. flight <\/strong><\/td><\/tr><tr><td><button class=\"elementor-button\" type=\"button\"><a href=\"https:\/\/swissraft.outdoorbooking.ch\/fo\/products\/338?base_id=108&amp;category_id=4&amp;order_type=gift_voucher&amp;lang=en\" target=\"_blank\" rel=\"noopener\">PURCHASE GIFT VOUCHER<\/a><\/button><\/td><td><strong>CHF 360.00 &#8211; 40 min. flight <\/strong><\/td><\/tr><tr><td><button class=\"elementor-button\" type=\"button\"><a href=\"https:\/\/swissraft.outdoorbooking.ch\/fo\/products\/339?base_id=108&amp;category_id=4&amp;order_type=gift_voucher&amp;lang=en\" target=\"_blank\" rel=\"noopener\">PURCHASE GIFT VOUCHER<\/a><\/button><\/td><td><strong>CHF 450.00 &#8211; 60 min. flight <\/strong><\/td><\/tr><tr><td>\u00a0<\/td><td>To book <span class=\"patt\" style=\"font-family: inherit; font-size: inherit;\"><span class=\"plbl\"><span class=\"patt\"><a href=\"https:\/\/www.swissraft.ch\/en\/contact\/\">: Contact us<\/a><\/span><\/span><\/span><\/td><\/tr><\/tbody><\/table><table border=\"0\" width=\"580\" cellspacing=\"10\" cellpadding=\"10\"><tbody><tr><td width=\"50%\"><strong>2) INTRODUCTORY FLIGHT ON CESSNA 172 &#8211; 1 STUDENT + (1 free Passenger) &#8211; 20 min.<\/strong><\/td><td><strong>CHF 287.00 per flight<span class=\"productPrice\"><br \/><\/span><\/strong><\/td><\/tr><tr><td>Further information<\/td><td><span class=\"patt\">&#8211; The plane is exclusively at your disposal<br \/><\/span><span class=\"patt\">&#8211; You determine the departure date and time<br \/>&#8211; Maximum 2 pers.<\/span><\/td><\/tr><tr><td>Airport<\/td><td><a href=\"https:\/\/www.google.com\/maps\/place\/46%C2%B054'42.7%22N+7%C2%B030'12.1%22E\/@46.9123669,7.4941803,1542m\/data=!3m1!1e3!4m4!3m3!8m2!3d46.9118611!4d7.5033611?entry=ttu\" target=\"_blank\" rel=\"noopener\">Bern-Belp<\/a><\/td><\/tr><tr><td>Choice of flight duration<\/td><td>20 min. to 60 min.<\/td><\/tr><tr><td>Total duration<\/td><td>approx. 1h to 1h40 depending on number of minutes<\/td><\/tr><tr><td>Appointment<\/td><td>By phone<\/td><\/tr><tr><td><button class=\"elementor-button\" type=\"button\"><a href=\"https:\/\/swissraft.outdoorbooking.ch\/fo\/products\/460?base_id=112&amp;category_id=4&amp;order_type=gift_voucher&amp;lang=en\" target=\"_blank\" rel=\"noopener\">PURCHASE GIFT VOUCHER<\/a><\/button><\/td><td><strong>CHF 287.00 &#8211; 20 min. flight <\/strong><\/td><\/tr><tr><td><button class=\"elementor-button\" type=\"button\"><a href=\"https:\/\/swissraft.outdoorbooking.ch\/fo\/products\/461?base_id=112&amp;category_id=4&amp;order_type=gift_voucher&amp;lang=en\" target=\"_blank\" rel=\"noopener\">PURCHASE GIFT VOUCHER<\/a><\/button><\/td><td><strong>CHF 337.00 &#8211; 30 min. flight<\/strong><\/td><\/tr><tr><td><button class=\"elementor-button\" type=\"button\"><a href=\"https:\/\/swissraft.outdoorbooking.ch\/fo\/products\/462?base_id=112&amp;category_id=4&amp;order_type=gift_voucher&amp;lang=en\" target=\"_blank\" rel=\"noopener\">PURCHASE GIFT VOUCHER<\/a><\/button><\/td><td><strong>CHF 412.00 &#8211; 40 min. flight<\/strong><\/td><\/tr><tr><td><button class=\"elementor-button\" type=\"button\"><a href=\"https:\/\/swissraft.outdoorbooking.ch\/fo\/products\/463?base_id=112&amp;category_id=4&amp;order_type=gift_voucher&amp;lang=en\" target=\"_blank\" rel=\"noopener\">PURCHASE GIFT VOUCHER<\/a><\/button><\/td><td><strong>CHF 502.00 &#8211; 60 min. flight<\/strong><\/td><\/tr><tr><td>\u00a0<\/td><td>To book <span class=\"patt\" style=\"font-family: inherit; font-size: inherit;\"><span class=\"plbl\"><span class=\"patt\"><a href=\"https:\/\/www.swissraft.ch\/en\/contact\/\">: Contact us<\/a><\/span><\/span><\/span><\/td><\/tr><\/tbody><\/table>\t\t\t\t\t\t<\/div>\n\t\t\t\t<\/div>\n\t\t\t\t\t<\/div>\n\t\t<\/div>\n\t\t\t\t\t\t\t<\/div>\n\t\t<\/section>\n\t\t\t\t\t\t\t<\/div>\n\t\t","protected":false},"excerpt":{"rendered":"<div align=\"justify\">\n<h2 align=\"justify\">Departing from Bern-Belp airport, you&#8217;ll be at the controls for an introduction to the CESSNA 172.<\/h2>\n<h3>The CESSNA 172 is one of the world&#8217;s best-selling aircraft. It&#8217;s a sturdy, simple aircraft much appreciated by bush pilots in Africa. Its high wing gives it an excellent view outside.<\/h3>\n<\/div>\n<div align=\"justify\">\n<p>With an introduction to flying an airplane, you enter the world of aviators. No need for prior experience or training. You&#8217;re at the controls from the very first minute, under the watchful eye of your instructor throughout your flight. Indulge yourself and make your dream of flying a plane come true!<\/p>\n<h3>You can choose to fly either a plane or a helicopter. Swissraft provides you with both aircraft and instructors.<\/h3>\n<p id=\"textarea\" style=\"display: none;\">\nWe also offer introductory flights at Buttwil airfield. But also introductory flights from the \u00c9pagny en Gruy\u00e8re airfield. We also offer introductory glider flights at Sch\u00e4nis airfield in the canton of St. Gallen.\n<\/p>\n<p><a id=\"seeMore\" onclick=\"toggleSeeMore()\" href=\"javascript:void(0);\">Read more<\/a><\/p>\n","protected":false},"featured_media":89604,"comment_status":"open","ping_status":"closed","template":"","meta":{"inline_featured_image":false,"_mi_skip_tracking":false},"product_cat":[372,469,374],"product_tag":[],"class_list":["post-92328","product","type-product","status-publish","has-post-thumbnail","hentry","product_cat-flying-a-plane","product_cat-introduction-to-flying-berne-belp","product_cat-pilot-yourself"],"yoast_head":"<!-- This site is optimized with the Yoast SEO plugin v23.6 - https:\/\/yoast.com\/wordpress\/plugins\/seo\/ -->\n<title>Introductory flight Cessna 172 from Bern-Belp international airport<\/title>\n<meta name=\"description\" content=\"Introductory flight Cessna 172 from Bern-Belp. Have you always dreamed of one day flying an airplane? Swissraft makes it easy for you\" \/>\n<meta name=\"robots\" content=\"index, follow, max-snippet:-1, max-image-preview:large, max-video-preview:-1\" \/>\n<link rel=\"canonical\" href=\"https:\/\/www.swissraft.ch\/en\/product\/introductory-flight-cessna-172\/\" \/>\n<meta property=\"og:locale\" content=\"en_US\" \/>\n<meta property=\"og:type\" content=\"article\" \/>\n<meta property=\"og:title\" content=\"Introductory flight Cessna 172 from Bern-Belp international airport\" \/>\n<meta property=\"og:description\" content=\"Introductory flight Cessna 172 from Bern-Belp. Have you always dreamed of one day flying an airplane? Swissraft makes it easy for you\" \/>\n<meta property=\"og:url\" content=\"https:\/\/www.swissraft.ch\/en\/product\/introductory-flight-cessna-172\/\" \/>\n<meta property=\"og:site_name\" content=\"Swissraft\" \/>\n<meta property=\"article:modified_time\" content=\"2025-08-19T14:19:57+00:00\" \/>\n<meta property=\"og:image\" content=\"https:\/\/www.swissraft.ch\/wp-content\/uploads\/2023\/12\/Cessna-172-776x776-1.png\" \/>\n\t<meta property=\"og:image:width\" content=\"776\" \/>\n\t<meta property=\"og:image:height\" content=\"776\" \/>\n\t<meta property=\"og:image:type\" content=\"image\/png\" \/>\n<meta name=\"twitter:card\" content=\"summary_large_image\" \/>\n<meta name=\"twitter:label1\" content=\"Est. reading time\" \/>\n\t<meta name=\"twitter:data1\" content=\"1 minute\" \/>\n<script type=\"application\/ld+json\" class=\"yoast-schema-graph\">{\"@context\":\"https:\/\/schema.org\",\"@graph\":[{\"@type\":\"WebPage\",\"@id\":\"https:\/\/www.swissraft.ch\/en\/product\/introductory-flight-cessna-172\/\",\"url\":\"https:\/\/www.swissraft.ch\/en\/product\/introductory-flight-cessna-172\/\",\"name\":\"Introductory flight Cessna 172 from Bern-Belp international airport\",\"isPartOf\":{\"@id\":\"https:\/\/www.swissraft.ch\/en\/#website\"},\"primaryImageOfPage\":{\"@id\":\"https:\/\/www.swissraft.ch\/en\/product\/introductory-flight-cessna-172\/#primaryimage\"},\"image\":{\"@id\":\"https:\/\/www.swissraft.ch\/en\/product\/introductory-flight-cessna-172\/#primaryimage\"},\"thumbnailUrl\":\"https:\/\/www.swissraft.ch\/wp-content\/uploads\/2023\/12\/Cessna-172-776x776-1.png\",\"datePublished\":\"2023-12-02T15:51:04+00:00\",\"dateModified\":\"2025-08-19T14:19:57+00:00\",\"description\":\"Introductory flight Cessna 172 from Bern-Belp. Have you always dreamed of one day flying an airplane? Swissraft makes it easy for you\",\"breadcrumb\":{\"@id\":\"https:\/\/www.swissraft.ch\/en\/product\/introductory-flight-cessna-172\/#breadcrumb\"},\"inLanguage\":\"en-US\",\"potentialAction\":[{\"@type\":\"ReadAction\",\"target\":[\"https:\/\/www.swissraft.ch\/en\/product\/introductory-flight-cessna-172\/\"]}]},{\"@type\":\"ImageObject\",\"inLanguage\":\"en-US\",\"@id\":\"https:\/\/www.swissraft.ch\/en\/product\/introductory-flight-cessna-172\/#primaryimage\",\"url\":\"https:\/\/www.swissraft.ch\/wp-content\/uploads\/2023\/12\/Cessna-172-776x776-1.png\",\"contentUrl\":\"https:\/\/www.swissraft.ch\/wp-content\/uploads\/2023\/12\/Cessna-172-776x776-1.png\",\"width\":776,\"height\":776,\"caption\":\"Self-piloting a Cessna 172 from Bern-Belp\"},{\"@type\":\"BreadcrumbList\",\"@id\":\"https:\/\/www.swissraft.ch\/en\/product\/introductory-flight-cessna-172\/#breadcrumb\",\"itemListElement\":[{\"@type\":\"ListItem\",\"position\":1,\"name\":\"Accueil\",\"item\":\"https:\/\/www.swissraft.ch\/en\/\"},{\"@type\":\"ListItem\",\"position\":2,\"name\":\"Store\",\"item\":\"https:\/\/www.swissraft.ch\/en\/store\/\"},{\"@type\":\"ListItem\",\"position\":3,\"name\":\"Initiation on a plane from BERN-BELP &#8211; CESSNA 172 &#8211; From CHF 235.00\"}]},{\"@type\":\"WebSite\",\"@id\":\"https:\/\/www.swissraft.ch\/en\/#website\",\"url\":\"https:\/\/www.swissraft.ch\/en\/\",\"name\":\"Swissraft\",\"description\":\"To enjoy nature as it is\",\"publisher\":{\"@id\":\"https:\/\/www.swissraft.ch\/en\/#organization\"},\"potentialAction\":[{\"@type\":\"SearchAction\",\"target\":{\"@type\":\"EntryPoint\",\"urlTemplate\":\"https:\/\/www.swissraft.ch\/en\/?s={search_term_string}\"},\"query-input\":{\"@type\":\"PropertyValueSpecification\",\"valueRequired\":true,\"valueName\":\"search_term_string\"}}],\"inLanguage\":\"en-US\"},{\"@type\":\"Organization\",\"@id\":\"https:\/\/www.swissraft.ch\/en\/#organization\",\"name\":\"Swissraft\",\"url\":\"https:\/\/www.swissraft.ch\/en\/\",\"logo\":{\"@type\":\"ImageObject\",\"inLanguage\":\"en-US\",\"@id\":\"https:\/\/www.swissraft.ch\/en\/#\/schema\/logo\/image\/\",\"url\":\"https:\/\/www.swissraft.ch\/wp-content\/uploads\/2025\/09\/Capture.jpg\",\"contentUrl\":\"https:\/\/www.swissraft.ch\/wp-content\/uploads\/2025\/09\/Capture.jpg\",\"width\":293,\"height\":108,\"caption\":\"Swissraft\"},\"image\":{\"@id\":\"https:\/\/www.swissraft.ch\/en\/#\/schema\/logo\/image\/\"}}]}<\/script>\n<!-- \/ Yoast SEO plugin. -->","yoast_head_json":{"title":"Introductory flight Cessna 172 from Bern-Belp international airport","description":"Introductory flight Cessna 172 from Bern-Belp. Have you always dreamed of one day flying an airplane? Swissraft makes it easy for you","robots":{"index":"index","follow":"follow","max-snippet":"max-snippet:-1","max-image-preview":"max-image-preview:large","max-video-preview":"max-video-preview:-1"},"canonical":"https:\/\/www.swissraft.ch\/en\/product\/introductory-flight-cessna-172\/","og_locale":"en_US","og_type":"article","og_title":"Introductory flight Cessna 172 from Bern-Belp international airport","og_description":"Introductory flight Cessna 172 from Bern-Belp. Have you always dreamed of one day flying an airplane? Swissraft makes it easy for you","og_url":"https:\/\/www.swissraft.ch\/en\/product\/introductory-flight-cessna-172\/","og_site_name":"Swissraft","article_modified_time":"2025-08-19T14:19:57+00:00","og_image":[{"width":776,"height":776,"url":"https:\/\/www.swissraft.ch\/wp-content\/uploads\/2023\/12\/Cessna-172-776x776-1.png","type":"image\/png"}],"twitter_card":"summary_large_image","twitter_misc":{"Est. reading time":"1 minute"},"schema":{"@context":"https:\/\/schema.org","@graph":[{"@type":"WebPage","@id":"https:\/\/www.swissraft.ch\/en\/product\/introductory-flight-cessna-172\/","url":"https:\/\/www.swissraft.ch\/en\/product\/introductory-flight-cessna-172\/","name":"Introductory flight Cessna 172 from Bern-Belp international airport","isPartOf":{"@id":"https:\/\/www.swissraft.ch\/en\/#website"},"primaryImageOfPage":{"@id":"https:\/\/www.swissraft.ch\/en\/product\/introductory-flight-cessna-172\/#primaryimage"},"image":{"@id":"https:\/\/www.swissraft.ch\/en\/product\/introductory-flight-cessna-172\/#primaryimage"},"thumbnailUrl":"https:\/\/www.swissraft.ch\/wp-content\/uploads\/2023\/12\/Cessna-172-776x776-1.png","datePublished":"2023-12-02T15:51:04+00:00","dateModified":"2025-08-19T14:19:57+00:00","description":"Introductory flight Cessna 172 from Bern-Belp. Have you always dreamed of one day flying an airplane? Swissraft makes it easy for you","breadcrumb":{"@id":"https:\/\/www.swissraft.ch\/en\/product\/introductory-flight-cessna-172\/#breadcrumb"},"inLanguage":"en-US","potentialAction":[{"@type":"ReadAction","target":["https:\/\/www.swissraft.ch\/en\/product\/introductory-flight-cessna-172\/"]}]},{"@type":"ImageObject","inLanguage":"en-US","@id":"https:\/\/www.swissraft.ch\/en\/product\/introductory-flight-cessna-172\/#primaryimage","url":"https:\/\/www.swissraft.ch\/wp-content\/uploads\/2023\/12\/Cessna-172-776x776-1.png","contentUrl":"https:\/\/www.swissraft.ch\/wp-content\/uploads\/2023\/12\/Cessna-172-776x776-1.png","width":776,"height":776,"caption":"Self-piloting a Cessna 172 from Bern-Belp"},{"@type":"BreadcrumbList","@id":"https:\/\/www.swissraft.ch\/en\/product\/introductory-flight-cessna-172\/#breadcrumb","itemListElement":[{"@type":"ListItem","position":1,"name":"Accueil","item":"https:\/\/www.swissraft.ch\/en\/"},{"@type":"ListItem","position":2,"name":"Store","item":"https:\/\/www.swissraft.ch\/en\/store\/"},{"@type":"ListItem","position":3,"name":"Initiation on a plane from BERN-BELP &#8211; CESSNA 172 &#8211; From CHF 235.00"}]},{"@type":"WebSite","@id":"https:\/\/www.swissraft.ch\/en\/#website","url":"https:\/\/www.swissraft.ch\/en\/","name":"Swissraft","description":"To enjoy nature as it is","publisher":{"@id":"https:\/\/www.swissraft.ch\/en\/#organization"},"potentialAction":[{"@type":"SearchAction","target":{"@type":"EntryPoint","urlTemplate":"https:\/\/www.swissraft.ch\/en\/?s={search_term_string}"},"query-input":{"@type":"PropertyValueSpecification","valueRequired":true,"valueName":"search_term_string"}}],"inLanguage":"en-US"},{"@type":"Organization","@id":"https:\/\/www.swissraft.ch\/en\/#organization","name":"Swissraft","url":"https:\/\/www.swissraft.ch\/en\/","logo":{"@type":"ImageObject","inLanguage":"en-US","@id":"https:\/\/www.swissraft.ch\/en\/#\/schema\/logo\/image\/","url":"https:\/\/www.swissraft.ch\/wp-content\/uploads\/2025\/09\/Capture.jpg","contentUrl":"https:\/\/www.swissraft.ch\/wp-content\/uploads\/2025\/09\/Capture.jpg","width":293,"height":108,"caption":"Swissraft"},"image":{"@id":"https:\/\/www.swissraft.ch\/en\/#\/schema\/logo\/image\/"}}]}},"_links":{"self":[{"href":"https:\/\/www.swissraft.ch\/en\/wp-json\/wp\/v2\/product\/92328","targetHints":{"allow":["GET"]}}],"collection":[{"href":"https:\/\/www.swissraft.ch\/en\/wp-json\/wp\/v2\/product"}],"about":[{"href":"https:\/\/www.swissraft.ch\/en\/wp-json\/wp\/v2\/types\/product"}],"replies":[{"embeddable":true,"href":"https:\/\/www.swissraft.ch\/en\/wp-json\/wp\/v2\/comments?post=92328"}],"version-history":[{"count":14,"href":"https:\/\/www.swissraft.ch\/en\/wp-json\/wp\/v2\/product\/92328\/revisions"}],"predecessor-version":[{"id":120672,"href":"https:\/\/www.swissraft.ch\/en\/wp-json\/wp\/v2\/product\/92328\/revisions\/120672"}],"wp:featuredmedia":[{"embeddable":true,"href":"https:\/\/www.swissraft.ch\/en\/wp-json\/wp\/v2\/media\/89604"}],"wp:attachment":[{"href":"https:\/\/www.swissraft.ch\/en\/wp-json\/wp\/v2\/media?parent=92328"}],"wp:term":[{"taxonomy":"product_cat","embeddable":true,"href":"https:\/\/www.swissraft.ch\/en\/wp-json\/wp\/v2\/product_cat?post=92328"},{"taxonomy":"product_tag","embeddable":true,"href":"https:\/\/www.swissraft.ch\/en\/wp-json\/wp\/v2\/product_tag?post=92328"}],"curies":[{"name":"wp","href":"https:\/\/api.w.org\/{rel}","templated":true}]}}