{"id":92275,"date":"2023-11-05T16:14:25","date_gmt":"2023-11-05T15:14:25","guid":{"rendered":"https:\/\/swissraft.xyanzkdne.eu\/product\/skydiving-in-locarno-tandem-jumping-from-a-plane-from-chf-445-00\/"},"modified":"2026-04-04T06:28:07","modified_gmt":"2026-04-04T04:28:07","slug":"skydiving-locarno-tandem-jumping-plane","status":"publish","type":"product","link":"https:\/\/www.swissraft.ch\/en\/product\/skydiving-locarno-tandem-jumping-plane\/","title":{"rendered":"Skydiving in Locarno &#8211; Tandem jumping from a plane &#8211; From CHF 445.00"},"content":{"rendered":"\t\t<div data-elementor-type=\"wp-post\" data-elementor-id=\"92275\" class=\"elementor elementor-92275 elementor-50945\">\n\t\t\t\t\t\t\t\t\t<section class=\"elementor-section elementor-top-section elementor-element elementor-element-3303a7e3 elementor-section-boxed elementor-section-height-default elementor-section-height-default\" data-id=\"3303a7e3\" data-element_type=\"section\">\n\t\t\t\t\t\t<div class=\"elementor-container elementor-column-gap-default\">\n\t\t\t\t\t<div class=\"elementor-column elementor-col-100 elementor-top-column elementor-element elementor-element-16d72dbf\" data-id=\"16d72dbf\" data-element_type=\"column\">\n\t\t\t<div class=\"elementor-widget-wrap elementor-element-populated\">\n\t\t\t\t\t\t\t\t<div class=\"elementor-element elementor-element-d743c03 elementor-widget elementor-widget-text-editor\" data-id=\"d743c03\" data-element_type=\"widget\" data-widget_type=\"text-editor.default\">\n\t\t\t\t<div class=\"elementor-widget-container\">\n\t\t\t\t\t\t\t<h2>CHOOSE YOUR ACTIVITY BELOW TO OFFER GIFT VOUCHERS \/ TICKETS OR MAKE A RESERVATION<\/h2><table border=\"0\" width=\"580\" cellspacing=\"10\" cellpadding=\"10\"><tbody><tr><td width=\"50%\"><strong>TANDEM SKYDIVING &#8211; LOCARNO<\/strong><\/td><td><strong>CHF 445.00 per person<span class=\"productPrice\"><br \/><\/span><\/strong><\/td><\/tr><tr><td>Further information<\/td><td><span class=\"plbl\"><span class=\"patt\">&#8211; Sport shoes without hooks<br \/>&#8211; Do not fast<br \/>&#8211; Do not be under the influence of alcohol or other substances<br \/>&#8211; Parental consent required for minors<\/span><\/span><\/td><\/tr><tr><td>Schedules<\/td><td>09.00 am \/ 01.15 pm \/ 04.00 pm<\/td><\/tr><tr><td>Freefall duration<\/td><td>approx. 45 seconds<\/td><\/tr><tr><td>Total duration<\/td><td>approx. 4h<\/td><\/tr><tr><td>Airfield<\/td><td><a href=\"https:\/\/www.google.com\/maps\/place\/46%C2%B009'51.3%22N+8%C2%B053'07.8%22E\/@46.164341,8.880816,782m\/data=!3m1!1e3!4m4!3m3!8m2!3d46.16425!4d8.8855?entry=ttu\" target=\"_blank\" rel=\"noopener\">Locarno<\/a><\/td><\/tr><tr><td><a href=\"https:\/\/swissraft.outdoorbooking.ch\/fo\/products\/gift_vouchers?base_id=39&amp;category_id=5&amp;id=86&amp;lang=en\" target=\"_blank\" rel=\"noopener\"><button class=\"elementor-button\" type=\"button\">PURCHASE GIFT VOUCHER \/ TICKET<\/button><\/a><\/td><td><strong>CHF 445.00<\/strong>\/pers.<\/td><\/tr><tr><td><a href=\"https:\/\/swissraft.outdoorbooking.ch\/fo\/products\/gift_vouchers?base_id=39&amp;category_id=5&amp;id=247&amp;lang=en\" target=\"_blank\" rel=\"noopener\"><button class=\"elementor-button\" type=\"button\">PURCHASE GIFT VOUCHER \/ TICKET<\/button><\/a><\/td><td><strong>CHF 670.00<\/strong>\/pers. with video or photos<\/td><\/tr><tr><td><a href=\"https:\/\/swissraft.outdoorbooking.ch\/fo\/products\/gift_vouchers?base_id=39&amp;category_id=5&amp;id=248&amp;lang=en\" target=\"_blank\" rel=\"noopener\"><button class=\"elementor-button\" type=\"button\">PURCHASE GIFT VOUCHER \/ TICKET<\/button><\/a><\/td><td><strong>CHF 690.00<\/strong>\/pers. with video &amp; photos<\/td><\/tr><tr><td>\u00a0<\/td><td><strong><em>IMPORTANT !<\/em><\/strong><br \/><em>To book, call the number at the top left of the gift voucher \/ ticket.<\/em><\/td><\/tr><\/tbody><\/table>\t\t\t\t\t\t<\/div>\n\t\t\t\t<\/div>\n\t\t\t\t\t<\/div>\n\t\t<\/div>\n\t\t\t\t\t\t\t<\/div>\n\t\t<\/section>\n\t\t\t\t\t\t\t<\/div>\n\t\t","protected":false},"excerpt":{"rendered":"<div align=\"justify\">\n<h2 align=\"justify\">Tandem skydiving in Locarno, Canton Ticino<\/h2>\n<h3>Parachute jump from a plane in Locarno. You jump at an altitude of 4,000 m over Lake Maggiore; thrills guaranteed!<\/h3>\n<\/div>\n<div align=\"justify\">\n<p>Our instructor welcomes you to the dropzone in Locarno. It guides you through the adventure. First, you repeat a few movements with him. Then he equips you with a harness, helmet and goggles. Still with him, you board the plane with other tandems. We relax, we joke, the stress melts away. You have total confidence in your experienced pilot. The plane takes off for adventure. During the flight, enjoy the view of Lake Maggiore. After about 20 minutes, the aircraft reaches an altitude of 4,000 m, ready for the jump. Your pilot performs the final check. You both jump and the freefall begins. We&#8217;re doing great! You&#8217;re plummeting at nearly 200 km\/h, exhilarated. At 1500 m, the parachute opens without jerking. The descent takes place smoothly with the parachute open. Your pilot guides you to the Colombier dropzone. You land gently in a seated position. Keep a souvenir of your experience by ordering your video on our website. For the more apprehensive, the free-fall simulator offers similar sensations. We have a simulator in Sion in the Valais and another near Zurich in Winterthur.<\/p>\n<p id=\"textarea\" style=\"display: none;\">\nWe skydive from various airfields in Switzerland. In Berom\u00fcnster, Interlaken and Reichenbach in the Bernese Oberland. Similarly, from Granges, \u00c9cuvillens, \u00c9pagny and Colombier. In the canton of Vaud, we jump from Bex. In Valais, tandem jumps are available from Sion and Rarogne. In Obwalden, from K\u00e4giswil airfield. Finally, near Basel, at Rottweil airfield in Germany.\n<\/p>\n<p><a id=\"seeMore\" onclick=\"toggleSeeMore()\" href=\"javascript:void(0);\">Read more<\/a><\/p>\n","protected":false},"featured_media":89868,"comment_status":"open","ping_status":"closed","template":"","meta":{"inline_featured_image":false,"_mi_skip_tracking":false},"product_cat":[434],"product_tag":[],"class_list":["post-92275","product","type-product","status-publish","has-post-thumbnail","hentry","product_cat-tandem-parachute-jump"],"yoast_head":"<!-- This site is optimized with the Yoast SEO plugin v23.6 - https:\/\/yoast.com\/wordpress\/plugins\/seo\/ -->\n<title>Skydiving in Locarno parachute jump from a plane at 4000m<\/title>\n<meta name=\"description\" content=\"Skydiving in Locarno parachute jump from a plane at 4000m altitude. Tandem jump with a splendid view of Lake Maggiore and Ticino in general\" \/>\n<meta name=\"robots\" content=\"index, follow, max-snippet:-1, max-image-preview:large, max-video-preview:-1\" \/>\n<link rel=\"canonical\" href=\"https:\/\/www.swissraft.ch\/en\/product\/skydiving-locarno-tandem-jumping-plane\/\" \/>\n<meta property=\"og:locale\" content=\"en_US\" \/>\n<meta property=\"og:type\" content=\"article\" \/>\n<meta property=\"og:title\" content=\"Skydiving in Locarno parachute jump from a plane at 4000m\" \/>\n<meta property=\"og:description\" content=\"Skydiving in Locarno parachute jump from a plane at 4000m altitude. Tandem jump with a splendid view of Lake Maggiore and Ticino in general\" \/>\n<meta property=\"og:url\" content=\"https:\/\/www.swissraft.ch\/en\/product\/skydiving-locarno-tandem-jumping-plane\/\" \/>\n<meta property=\"og:site_name\" content=\"Swissraft\" \/>\n<meta property=\"article:modified_time\" content=\"2026-04-04T04:28:07+00:00\" \/>\n<meta property=\"og:image\" content=\"https:\/\/www.swissraft.ch\/wp-content\/uploads\/2023\/11\/1-Locarno-saut-en-tandem-en-parachute-776x776-1.jpg\" \/>\n\t<meta property=\"og:image:width\" content=\"776\" \/>\n\t<meta property=\"og:image:height\" content=\"776\" \/>\n\t<meta property=\"og:image:type\" content=\"image\/jpeg\" \/>\n<meta name=\"twitter:card\" content=\"summary_large_image\" \/>\n<meta name=\"twitter:label1\" content=\"Est. reading time\" \/>\n\t<meta name=\"twitter:data1\" content=\"1 minute\" \/>\n<script type=\"application\/ld+json\" class=\"yoast-schema-graph\">{\"@context\":\"https:\/\/schema.org\",\"@graph\":[{\"@type\":\"WebPage\",\"@id\":\"https:\/\/www.swissraft.ch\/en\/product\/skydiving-locarno-tandem-jumping-plane\/\",\"url\":\"https:\/\/www.swissraft.ch\/en\/product\/skydiving-locarno-tandem-jumping-plane\/\",\"name\":\"Skydiving in Locarno parachute jump from a plane at 4000m\",\"isPartOf\":{\"@id\":\"https:\/\/www.swissraft.ch\/en\/#website\"},\"primaryImageOfPage\":{\"@id\":\"https:\/\/www.swissraft.ch\/en\/product\/skydiving-locarno-tandem-jumping-plane\/#primaryimage\"},\"image\":{\"@id\":\"https:\/\/www.swissraft.ch\/en\/product\/skydiving-locarno-tandem-jumping-plane\/#primaryimage\"},\"thumbnailUrl\":\"https:\/\/www.swissraft.ch\/wp-content\/uploads\/2023\/11\/1-Locarno-saut-en-tandem-en-parachute-776x776-1.jpg\",\"datePublished\":\"2023-11-05T15:14:25+00:00\",\"dateModified\":\"2026-04-04T04:28:07+00:00\",\"description\":\"Skydiving in Locarno parachute jump from a plane at 4000m altitude. Tandem jump with a splendid view of Lake Maggiore and Ticino in general\",\"breadcrumb\":{\"@id\":\"https:\/\/www.swissraft.ch\/en\/product\/skydiving-locarno-tandem-jumping-plane\/#breadcrumb\"},\"inLanguage\":\"en-US\",\"potentialAction\":[{\"@type\":\"ReadAction\",\"target\":[\"https:\/\/www.swissraft.ch\/en\/product\/skydiving-locarno-tandem-jumping-plane\/\"]}]},{\"@type\":\"ImageObject\",\"inLanguage\":\"en-US\",\"@id\":\"https:\/\/www.swissraft.ch\/en\/product\/skydiving-locarno-tandem-jumping-plane\/#primaryimage\",\"url\":\"https:\/\/www.swissraft.ch\/wp-content\/uploads\/2023\/11\/1-Locarno-saut-en-tandem-en-parachute-776x776-1.jpg\",\"contentUrl\":\"https:\/\/www.swissraft.ch\/wp-content\/uploads\/2023\/11\/1-Locarno-saut-en-tandem-en-parachute-776x776-1.jpg\",\"width\":776,\"height\":776,\"caption\":\"Skydiving in Locarno\"},{\"@type\":\"BreadcrumbList\",\"@id\":\"https:\/\/www.swissraft.ch\/en\/product\/skydiving-locarno-tandem-jumping-plane\/#breadcrumb\",\"itemListElement\":[{\"@type\":\"ListItem\",\"position\":1,\"name\":\"Accueil\",\"item\":\"https:\/\/www.swissraft.ch\/en\/\"},{\"@type\":\"ListItem\",\"position\":2,\"name\":\"Store\",\"item\":\"https:\/\/www.swissraft.ch\/en\/store\/\"},{\"@type\":\"ListItem\",\"position\":3,\"name\":\"Skydiving in Locarno &#8211; Tandem jumping from a plane &#8211; From CHF 445.00\"}]},{\"@type\":\"WebSite\",\"@id\":\"https:\/\/www.swissraft.ch\/en\/#website\",\"url\":\"https:\/\/www.swissraft.ch\/en\/\",\"name\":\"Swissraft\",\"description\":\"To enjoy nature as it is\",\"publisher\":{\"@id\":\"https:\/\/www.swissraft.ch\/en\/#organization\"},\"potentialAction\":[{\"@type\":\"SearchAction\",\"target\":{\"@type\":\"EntryPoint\",\"urlTemplate\":\"https:\/\/www.swissraft.ch\/en\/?s={search_term_string}\"},\"query-input\":{\"@type\":\"PropertyValueSpecification\",\"valueRequired\":true,\"valueName\":\"search_term_string\"}}],\"inLanguage\":\"en-US\"},{\"@type\":\"Organization\",\"@id\":\"https:\/\/www.swissraft.ch\/en\/#organization\",\"name\":\"Swissraft\",\"url\":\"https:\/\/www.swissraft.ch\/en\/\",\"logo\":{\"@type\":\"ImageObject\",\"inLanguage\":\"en-US\",\"@id\":\"https:\/\/www.swissraft.ch\/en\/#\/schema\/logo\/image\/\",\"url\":\"https:\/\/www.swissraft.ch\/wp-content\/uploads\/2025\/09\/Capture.jpg\",\"contentUrl\":\"https:\/\/www.swissraft.ch\/wp-content\/uploads\/2025\/09\/Capture.jpg\",\"width\":293,\"height\":108,\"caption\":\"Swissraft\"},\"image\":{\"@id\":\"https:\/\/www.swissraft.ch\/en\/#\/schema\/logo\/image\/\"}}]}<\/script>\n<!-- \/ Yoast SEO plugin. -->","yoast_head_json":{"title":"Skydiving in Locarno parachute jump from a plane at 4000m","description":"Skydiving in Locarno parachute jump from a plane at 4000m altitude. Tandem jump with a splendid view of Lake Maggiore and Ticino in general","robots":{"index":"index","follow":"follow","max-snippet":"max-snippet:-1","max-image-preview":"max-image-preview:large","max-video-preview":"max-video-preview:-1"},"canonical":"https:\/\/www.swissraft.ch\/en\/product\/skydiving-locarno-tandem-jumping-plane\/","og_locale":"en_US","og_type":"article","og_title":"Skydiving in Locarno parachute jump from a plane at 4000m","og_description":"Skydiving in Locarno parachute jump from a plane at 4000m altitude. Tandem jump with a splendid view of Lake Maggiore and Ticino in general","og_url":"https:\/\/www.swissraft.ch\/en\/product\/skydiving-locarno-tandem-jumping-plane\/","og_site_name":"Swissraft","article_modified_time":"2026-04-04T04:28:07+00:00","og_image":[{"width":776,"height":776,"url":"https:\/\/www.swissraft.ch\/wp-content\/uploads\/2023\/11\/1-Locarno-saut-en-tandem-en-parachute-776x776-1.jpg","type":"image\/jpeg"}],"twitter_card":"summary_large_image","twitter_misc":{"Est. reading time":"1 minute"},"schema":{"@context":"https:\/\/schema.org","@graph":[{"@type":"WebPage","@id":"https:\/\/www.swissraft.ch\/en\/product\/skydiving-locarno-tandem-jumping-plane\/","url":"https:\/\/www.swissraft.ch\/en\/product\/skydiving-locarno-tandem-jumping-plane\/","name":"Skydiving in Locarno parachute jump from a plane at 4000m","isPartOf":{"@id":"https:\/\/www.swissraft.ch\/en\/#website"},"primaryImageOfPage":{"@id":"https:\/\/www.swissraft.ch\/en\/product\/skydiving-locarno-tandem-jumping-plane\/#primaryimage"},"image":{"@id":"https:\/\/www.swissraft.ch\/en\/product\/skydiving-locarno-tandem-jumping-plane\/#primaryimage"},"thumbnailUrl":"https:\/\/www.swissraft.ch\/wp-content\/uploads\/2023\/11\/1-Locarno-saut-en-tandem-en-parachute-776x776-1.jpg","datePublished":"2023-11-05T15:14:25+00:00","dateModified":"2026-04-04T04:28:07+00:00","description":"Skydiving in Locarno parachute jump from a plane at 4000m altitude. Tandem jump with a splendid view of Lake Maggiore and Ticino in general","breadcrumb":{"@id":"https:\/\/www.swissraft.ch\/en\/product\/skydiving-locarno-tandem-jumping-plane\/#breadcrumb"},"inLanguage":"en-US","potentialAction":[{"@type":"ReadAction","target":["https:\/\/www.swissraft.ch\/en\/product\/skydiving-locarno-tandem-jumping-plane\/"]}]},{"@type":"ImageObject","inLanguage":"en-US","@id":"https:\/\/www.swissraft.ch\/en\/product\/skydiving-locarno-tandem-jumping-plane\/#primaryimage","url":"https:\/\/www.swissraft.ch\/wp-content\/uploads\/2023\/11\/1-Locarno-saut-en-tandem-en-parachute-776x776-1.jpg","contentUrl":"https:\/\/www.swissraft.ch\/wp-content\/uploads\/2023\/11\/1-Locarno-saut-en-tandem-en-parachute-776x776-1.jpg","width":776,"height":776,"caption":"Skydiving in Locarno"},{"@type":"BreadcrumbList","@id":"https:\/\/www.swissraft.ch\/en\/product\/skydiving-locarno-tandem-jumping-plane\/#breadcrumb","itemListElement":[{"@type":"ListItem","position":1,"name":"Accueil","item":"https:\/\/www.swissraft.ch\/en\/"},{"@type":"ListItem","position":2,"name":"Store","item":"https:\/\/www.swissraft.ch\/en\/store\/"},{"@type":"ListItem","position":3,"name":"Skydiving in Locarno &#8211; Tandem jumping from a plane &#8211; From CHF 445.00"}]},{"@type":"WebSite","@id":"https:\/\/www.swissraft.ch\/en\/#website","url":"https:\/\/www.swissraft.ch\/en\/","name":"Swissraft","description":"To enjoy nature as it is","publisher":{"@id":"https:\/\/www.swissraft.ch\/en\/#organization"},"potentialAction":[{"@type":"SearchAction","target":{"@type":"EntryPoint","urlTemplate":"https:\/\/www.swissraft.ch\/en\/?s={search_term_string}"},"query-input":{"@type":"PropertyValueSpecification","valueRequired":true,"valueName":"search_term_string"}}],"inLanguage":"en-US"},{"@type":"Organization","@id":"https:\/\/www.swissraft.ch\/en\/#organization","name":"Swissraft","url":"https:\/\/www.swissraft.ch\/en\/","logo":{"@type":"ImageObject","inLanguage":"en-US","@id":"https:\/\/www.swissraft.ch\/en\/#\/schema\/logo\/image\/","url":"https:\/\/www.swissraft.ch\/wp-content\/uploads\/2025\/09\/Capture.jpg","contentUrl":"https:\/\/www.swissraft.ch\/wp-content\/uploads\/2025\/09\/Capture.jpg","width":293,"height":108,"caption":"Swissraft"},"image":{"@id":"https:\/\/www.swissraft.ch\/en\/#\/schema\/logo\/image\/"}}]}},"_links":{"self":[{"href":"https:\/\/www.swissraft.ch\/en\/wp-json\/wp\/v2\/product\/92275","targetHints":{"allow":["GET"]}}],"collection":[{"href":"https:\/\/www.swissraft.ch\/en\/wp-json\/wp\/v2\/product"}],"about":[{"href":"https:\/\/www.swissraft.ch\/en\/wp-json\/wp\/v2\/types\/product"}],"replies":[{"embeddable":true,"href":"https:\/\/www.swissraft.ch\/en\/wp-json\/wp\/v2\/comments?post=92275"}],"version-history":[{"count":16,"href":"https:\/\/www.swissraft.ch\/en\/wp-json\/wp\/v2\/product\/92275\/revisions"}],"predecessor-version":[{"id":137006,"href":"https:\/\/www.swissraft.ch\/en\/wp-json\/wp\/v2\/product\/92275\/revisions\/137006"}],"wp:featuredmedia":[{"embeddable":true,"href":"https:\/\/www.swissraft.ch\/en\/wp-json\/wp\/v2\/media\/89868"}],"wp:attachment":[{"href":"https:\/\/www.swissraft.ch\/en\/wp-json\/wp\/v2\/media?parent=92275"}],"wp:term":[{"taxonomy":"product_cat","embeddable":true,"href":"https:\/\/www.swissraft.ch\/en\/wp-json\/wp\/v2\/product_cat?post=92275"},{"taxonomy":"product_tag","embeddable":true,"href":"https:\/\/www.swissraft.ch\/en\/wp-json\/wp\/v2\/product_tag?post=92275"}],"curies":[{"name":"wp","href":"https:\/\/api.w.org\/{rel}","templated":true}]}}