{"id":92259,"date":"2023-10-25T01:46:12","date_gmt":"2023-10-24T23:46:12","guid":{"rendered":"https:\/\/swissraft.xyanzkdne.eu\/product\/helicopter-flight-from-berne-belp-grand-vol-vol-sur-les-alpes-60-min-chf-505-00\/"},"modified":"2025-09-29T23:52:29","modified_gmt":"2025-09-29T21:52:29","slug":"helicopter-flight-bern-belp-big-flight-alps","status":"publish","type":"product","link":"https:\/\/www.swissraft.ch\/en\/product\/helicopter-flight-bern-belp-big-flight-alps\/","title":{"rendered":"Helicopter flight from BERN-BELP &#8211; BIG FLIGHT OVER THE ALPS &#8211; 60 min. &#8211; CHF 540.00"},"content":{"rendered":"\t\t<div data-elementor-type=\"wp-post\" data-elementor-id=\"92259\" class=\"elementor elementor-92259 elementor-48468\">\n\t\t\t\t\t\t\t\t\t<section class=\"elementor-section elementor-top-section elementor-element elementor-element-3303a7e3 elementor-section-boxed elementor-section-height-default elementor-section-height-default\" data-id=\"3303a7e3\" data-element_type=\"section\">\n\t\t\t\t\t\t<div class=\"elementor-container elementor-column-gap-default\">\n\t\t\t\t\t<div class=\"elementor-column elementor-col-100 elementor-top-column elementor-element elementor-element-16d72dbf\" data-id=\"16d72dbf\" data-element_type=\"column\">\n\t\t\t<div class=\"elementor-widget-wrap elementor-element-populated\">\n\t\t\t\t\t\t\t\t<div class=\"elementor-element elementor-element-d743c03 elementor-widget elementor-widget-text-editor\" data-id=\"d743c03\" data-element_type=\"widget\" data-widget_type=\"text-editor.default\">\n\t\t\t\t<div class=\"elementor-widget-container\">\n\t\t\t\t\t\t\t<h2>CHOOSE YOUR ACTIVITY BELOW TO OFFER GIFT VOUCHERS \/ TICKETS OR MAKE A RESERVATION<\/h2>\n<table style=\"height: 290px;\" border=\"0\" width=\"580\" cellspacing=\"10\" cellpadding=\"10\">\n<tbody>\n<tr>\n<td width=\"50%\"><strong>BIG FLIGHT OVER THE ALPS &#8211; 60 min.<\/strong><\/td>\n<td><strong>CHF 540.00 per person<\/strong><\/td>\n<\/tr>\n<tr>\n<td>Additional information<\/td>\n<td>&#8211; You will be with other passengers<br \/>&#8211; Maximum 4 pers.<\/td>\n<\/tr>\n<tr>\n<td>Airport<\/td>\n<td><a href=\"https:\/\/www.google.ch\/maps\/place\/Muristrasse+114,+3123+Belp\/@46.9054073,7.4971459,192m\/data=!3m1!1e3!4m6!3m5!1s0x478e37cc7fe34b07:0xd2876f33b4e5b28c!8m2!3d46.905372!4d7.4984699!16s%2Fg%2F11c279q9ks?hl=fr&amp;entry=ttu\" target=\"_blank\" rel=\"noopener\">Bern-Belp<\/a><\/td>\n<\/tr>\n<tr>\n<td>Flying time<\/td>\n<td>60 min.<\/td>\n<\/tr>\n<tr>\n<td>Total duration<\/td>\n<td>approx. 1.45 hrs<\/td>\n<\/tr>\n<tr>\n<td>Appointment<\/td>\n<td>By phone<\/td>\n<\/tr>\n<tr>\n<td><button class=\"elementor-button\" type=\"button\"><a href=\"https:\/\/swissraft.outdoorbooking.ch\/fo\/products\/1822?base_id=9&amp;category_id=6&amp;order_type=gift_voucher&amp;lang=en\" target=\"_blank\" rel=\"noopener\">PURCHASE GIFT VOUCHER \/ TICKET<\/a><\/button><\/td>\n<td><strong><em>IMPORTANT!<\/em><\/strong><br \/>Call the number at the top left of the voucher\/ticket to book.<\/td>\n<\/tr>\n<\/tbody>\n<\/table>\n\t\t\t\t\t\t<\/div>\n\t\t\t\t<\/div>\n\t\t\t\t\t<\/div>\n\t\t<\/div>\n\t\t\t\t\t\t\t<\/div>\n\t\t<\/section>\n\t\t\t\t\t\t\t<\/div>\n\t\t","protected":false},"excerpt":{"rendered":"<div align=\"justify\">\n<h2 align=\"justify\">With this 60-minute flight, you fly over the Bernese Alps<\/h2>\n<h3>This flight from Bern-Belp airport includes an intermediate landing on the Petersgrat glacier.<\/h3>\n<\/div>\n<div align=\"justify\">\n<p>Departing from Bern-Belp, you head for the Bernese Oberland. You fly over the town of Thun and its lake. Then continue your flight to the north face of the Eiger. The flight over the Aletsch glacier is breathtaking. You land on the Petersgrat glacier at 3000m. After a few minutes&#8217; break, you continue your flight through the Gastern valley to Kandersteg. The helicopter tour ends with a stopover in Adelboden and Lenk, before returning to Berne-Belp.<\/p>\n<h3>On this site you&#8217;re sure to find the tour that&#8217;s right for you. Call us if you need more information or advice. <\/h3>\n<p id=\"textarea\" style=\"display: none;\">We have flights into Valais from the heliports of Gampel and Collombey, as well as from Sion airport. We also offer flights from the Interlaken-Gsteigwiler heliport in the Bernese Oberland. We also offer tours from Gstaad-Grund heliport and Saanen aerodrome in Saanenland. We also fly into the Bernese Oberland from the heliports of Lauterbrunnen, Lenk-Simmental and Schattenhalb-Meiringen. We also take off from Zurich-Kloten international airport for helicopter tours. At the same time, we fly into Aargau from Buttwil and into the canton of Solothurn from Grenchen. We also offer flights from the Pfaffnau heliport in the canton of Lucerne. As well as flights from Erstfeld in Canton Uri and from K\u00fcssnacht in Canton Schwyz. On the one hand, we take off from \u00c9pagny en Gruy\u00e8re airfield in the canton of Fribourg. We also take off from Locarno-Magadino and Lodrino airfields in Ticino. We also offer flights from Flims, Tavanasa and Untervaz heliports in Graub\u00fcnden. In the Engadine, too, we offer tours from Samedan airfield. What&#8217;s more, in Liechtenstein we take off from Balzers heliport, and in Thurgau from Sitterdorf airfield.\n<\/p>\n<p><a id=\"seeMore\" onclick=\"toggleSeeMore()\" href=\"javascript:void(0);\">Read more<\/a><\/p>\n","protected":false},"featured_media":87375,"comment_status":"open","ping_status":"closed","template":"","meta":{"inline_featured_image":false,"_mi_skip_tracking":false},"product_cat":[394,461],"product_tag":[],"class_list":["post-92259","product","type-product","status-publish","has-post-thumbnail","hentry","product_cat-helicopter-flight","product_cat-helicopter-flight-bern-belp"],"yoast_head":"<!-- This site is optimized with the Yoast SEO plugin v23.6 - https:\/\/yoast.com\/wordpress\/plugins\/seo\/ -->\n<title>Helicopter flight over the Alps from Bern-Belp<\/title>\n<meta name=\"description\" content=\"Helicopter flight over the Alps from Bern-Belp for a 60-minute flight with an intermediate landing on the Petersgrat glacier.\" \/>\n<meta name=\"robots\" content=\"index, follow, max-snippet:-1, max-image-preview:large, max-video-preview:-1\" \/>\n<link rel=\"canonical\" href=\"https:\/\/www.swissraft.ch\/en\/product\/helicopter-flight-bern-belp-big-flight-alps\/\" \/>\n<meta property=\"og:locale\" content=\"en_US\" \/>\n<meta property=\"og:type\" content=\"article\" \/>\n<meta property=\"og:title\" content=\"Helicopter flight over the Alps from Bern-Belp\" \/>\n<meta property=\"og:description\" content=\"Helicopter flight over the Alps from Bern-Belp for a 60-minute flight with an intermediate landing on the Petersgrat glacier.\" \/>\n<meta property=\"og:url\" content=\"https:\/\/www.swissraft.ch\/en\/product\/helicopter-flight-bern-belp-big-flight-alps\/\" \/>\n<meta property=\"og:site_name\" content=\"Swissraft\" \/>\n<meta property=\"article:modified_time\" content=\"2025-09-29T21:52:29+00:00\" \/>\n<meta property=\"og:image\" content=\"https:\/\/www.swissraft.ch\/wp-content\/uploads\/2023\/10\/15-BERN-BELP-Gletscherlandung-776x776-1.jpg\" \/>\n\t<meta property=\"og:image:width\" content=\"776\" \/>\n\t<meta property=\"og:image:height\" content=\"776\" \/>\n\t<meta property=\"og:image:type\" content=\"image\/jpeg\" \/>\n<meta name=\"twitter:card\" content=\"summary_large_image\" \/>\n<meta name=\"twitter:label1\" content=\"Est. reading time\" \/>\n\t<meta name=\"twitter:data1\" content=\"1 minute\" \/>\n<script type=\"application\/ld+json\" class=\"yoast-schema-graph\">{\"@context\":\"https:\/\/schema.org\",\"@graph\":[{\"@type\":\"WebPage\",\"@id\":\"https:\/\/www.swissraft.ch\/en\/product\/helicopter-flight-bern-belp-big-flight-alps\/\",\"url\":\"https:\/\/www.swissraft.ch\/en\/product\/helicopter-flight-bern-belp-big-flight-alps\/\",\"name\":\"Helicopter flight over the Alps from Bern-Belp\",\"isPartOf\":{\"@id\":\"https:\/\/www.swissraft.ch\/en\/#website\"},\"primaryImageOfPage\":{\"@id\":\"https:\/\/www.swissraft.ch\/en\/product\/helicopter-flight-bern-belp-big-flight-alps\/#primaryimage\"},\"image\":{\"@id\":\"https:\/\/www.swissraft.ch\/en\/product\/helicopter-flight-bern-belp-big-flight-alps\/#primaryimage\"},\"thumbnailUrl\":\"https:\/\/www.swissraft.ch\/wp-content\/uploads\/2023\/10\/15-BERN-BELP-Gletscherlandung-776x776-1.jpg\",\"datePublished\":\"2023-10-24T23:46:12+00:00\",\"dateModified\":\"2025-09-29T21:52:29+00:00\",\"description\":\"Helicopter flight over the Alps from Bern-Belp for a 60-minute flight with an intermediate landing on the Petersgrat glacier.\",\"breadcrumb\":{\"@id\":\"https:\/\/www.swissraft.ch\/en\/product\/helicopter-flight-bern-belp-big-flight-alps\/#breadcrumb\"},\"inLanguage\":\"en-US\",\"potentialAction\":[{\"@type\":\"ReadAction\",\"target\":[\"https:\/\/www.swissraft.ch\/en\/product\/helicopter-flight-bern-belp-big-flight-alps\/\"]}]},{\"@type\":\"ImageObject\",\"inLanguage\":\"en-US\",\"@id\":\"https:\/\/www.swissraft.ch\/en\/product\/helicopter-flight-bern-belp-big-flight-alps\/#primaryimage\",\"url\":\"https:\/\/www.swissraft.ch\/wp-content\/uploads\/2023\/10\/15-BERN-BELP-Gletscherlandung-776x776-1.jpg\",\"contentUrl\":\"https:\/\/www.swissraft.ch\/wp-content\/uploads\/2023\/10\/15-BERN-BELP-Gletscherlandung-776x776-1.jpg\",\"width\":776,\"height\":776,\"caption\":\"From Bern-Belp for a great flight over the Alps and landing on a glacier\"},{\"@type\":\"BreadcrumbList\",\"@id\":\"https:\/\/www.swissraft.ch\/en\/product\/helicopter-flight-bern-belp-big-flight-alps\/#breadcrumb\",\"itemListElement\":[{\"@type\":\"ListItem\",\"position\":1,\"name\":\"Accueil\",\"item\":\"https:\/\/www.swissraft.ch\/en\/\"},{\"@type\":\"ListItem\",\"position\":2,\"name\":\"Store\",\"item\":\"https:\/\/www.swissraft.ch\/en\/store\/\"},{\"@type\":\"ListItem\",\"position\":3,\"name\":\"Helicopter flight from BERN-BELP &#8211; BIG FLIGHT OVER THE ALPS &#8211; 60 min. &#8211; CHF 540.00\"}]},{\"@type\":\"WebSite\",\"@id\":\"https:\/\/www.swissraft.ch\/en\/#website\",\"url\":\"https:\/\/www.swissraft.ch\/en\/\",\"name\":\"Swissraft\",\"description\":\"To enjoy nature as it is\",\"publisher\":{\"@id\":\"https:\/\/www.swissraft.ch\/en\/#organization\"},\"potentialAction\":[{\"@type\":\"SearchAction\",\"target\":{\"@type\":\"EntryPoint\",\"urlTemplate\":\"https:\/\/www.swissraft.ch\/en\/?s={search_term_string}\"},\"query-input\":{\"@type\":\"PropertyValueSpecification\",\"valueRequired\":true,\"valueName\":\"search_term_string\"}}],\"inLanguage\":\"en-US\"},{\"@type\":\"Organization\",\"@id\":\"https:\/\/www.swissraft.ch\/en\/#organization\",\"name\":\"Swissraft\",\"url\":\"https:\/\/www.swissraft.ch\/en\/\",\"logo\":{\"@type\":\"ImageObject\",\"inLanguage\":\"en-US\",\"@id\":\"https:\/\/www.swissraft.ch\/en\/#\/schema\/logo\/image\/\",\"url\":\"https:\/\/www.swissraft.ch\/wp-content\/uploads\/2025\/09\/Capture.jpg\",\"contentUrl\":\"https:\/\/www.swissraft.ch\/wp-content\/uploads\/2025\/09\/Capture.jpg\",\"width\":293,\"height\":108,\"caption\":\"Swissraft\"},\"image\":{\"@id\":\"https:\/\/www.swissraft.ch\/en\/#\/schema\/logo\/image\/\"}}]}<\/script>\n<!-- \/ Yoast SEO plugin. -->","yoast_head_json":{"title":"Helicopter flight over the Alps from Bern-Belp","description":"Helicopter flight over the Alps from Bern-Belp for a 60-minute flight with an intermediate landing on the Petersgrat glacier.","robots":{"index":"index","follow":"follow","max-snippet":"max-snippet:-1","max-image-preview":"max-image-preview:large","max-video-preview":"max-video-preview:-1"},"canonical":"https:\/\/www.swissraft.ch\/en\/product\/helicopter-flight-bern-belp-big-flight-alps\/","og_locale":"en_US","og_type":"article","og_title":"Helicopter flight over the Alps from Bern-Belp","og_description":"Helicopter flight over the Alps from Bern-Belp for a 60-minute flight with an intermediate landing on the Petersgrat glacier.","og_url":"https:\/\/www.swissraft.ch\/en\/product\/helicopter-flight-bern-belp-big-flight-alps\/","og_site_name":"Swissraft","article_modified_time":"2025-09-29T21:52:29+00:00","og_image":[{"width":776,"height":776,"url":"https:\/\/www.swissraft.ch\/wp-content\/uploads\/2023\/10\/15-BERN-BELP-Gletscherlandung-776x776-1.jpg","type":"image\/jpeg"}],"twitter_card":"summary_large_image","twitter_misc":{"Est. reading time":"1 minute"},"schema":{"@context":"https:\/\/schema.org","@graph":[{"@type":"WebPage","@id":"https:\/\/www.swissraft.ch\/en\/product\/helicopter-flight-bern-belp-big-flight-alps\/","url":"https:\/\/www.swissraft.ch\/en\/product\/helicopter-flight-bern-belp-big-flight-alps\/","name":"Helicopter flight over the Alps from Bern-Belp","isPartOf":{"@id":"https:\/\/www.swissraft.ch\/en\/#website"},"primaryImageOfPage":{"@id":"https:\/\/www.swissraft.ch\/en\/product\/helicopter-flight-bern-belp-big-flight-alps\/#primaryimage"},"image":{"@id":"https:\/\/www.swissraft.ch\/en\/product\/helicopter-flight-bern-belp-big-flight-alps\/#primaryimage"},"thumbnailUrl":"https:\/\/www.swissraft.ch\/wp-content\/uploads\/2023\/10\/15-BERN-BELP-Gletscherlandung-776x776-1.jpg","datePublished":"2023-10-24T23:46:12+00:00","dateModified":"2025-09-29T21:52:29+00:00","description":"Helicopter flight over the Alps from Bern-Belp for a 60-minute flight with an intermediate landing on the Petersgrat glacier.","breadcrumb":{"@id":"https:\/\/www.swissraft.ch\/en\/product\/helicopter-flight-bern-belp-big-flight-alps\/#breadcrumb"},"inLanguage":"en-US","potentialAction":[{"@type":"ReadAction","target":["https:\/\/www.swissraft.ch\/en\/product\/helicopter-flight-bern-belp-big-flight-alps\/"]}]},{"@type":"ImageObject","inLanguage":"en-US","@id":"https:\/\/www.swissraft.ch\/en\/product\/helicopter-flight-bern-belp-big-flight-alps\/#primaryimage","url":"https:\/\/www.swissraft.ch\/wp-content\/uploads\/2023\/10\/15-BERN-BELP-Gletscherlandung-776x776-1.jpg","contentUrl":"https:\/\/www.swissraft.ch\/wp-content\/uploads\/2023\/10\/15-BERN-BELP-Gletscherlandung-776x776-1.jpg","width":776,"height":776,"caption":"From Bern-Belp for a great flight over the Alps and landing on a glacier"},{"@type":"BreadcrumbList","@id":"https:\/\/www.swissraft.ch\/en\/product\/helicopter-flight-bern-belp-big-flight-alps\/#breadcrumb","itemListElement":[{"@type":"ListItem","position":1,"name":"Accueil","item":"https:\/\/www.swissraft.ch\/en\/"},{"@type":"ListItem","position":2,"name":"Store","item":"https:\/\/www.swissraft.ch\/en\/store\/"},{"@type":"ListItem","position":3,"name":"Helicopter flight from BERN-BELP &#8211; BIG FLIGHT OVER THE ALPS &#8211; 60 min. &#8211; CHF 540.00"}]},{"@type":"WebSite","@id":"https:\/\/www.swissraft.ch\/en\/#website","url":"https:\/\/www.swissraft.ch\/en\/","name":"Swissraft","description":"To enjoy nature as it is","publisher":{"@id":"https:\/\/www.swissraft.ch\/en\/#organization"},"potentialAction":[{"@type":"SearchAction","target":{"@type":"EntryPoint","urlTemplate":"https:\/\/www.swissraft.ch\/en\/?s={search_term_string}"},"query-input":{"@type":"PropertyValueSpecification","valueRequired":true,"valueName":"search_term_string"}}],"inLanguage":"en-US"},{"@type":"Organization","@id":"https:\/\/www.swissraft.ch\/en\/#organization","name":"Swissraft","url":"https:\/\/www.swissraft.ch\/en\/","logo":{"@type":"ImageObject","inLanguage":"en-US","@id":"https:\/\/www.swissraft.ch\/en\/#\/schema\/logo\/image\/","url":"https:\/\/www.swissraft.ch\/wp-content\/uploads\/2025\/09\/Capture.jpg","contentUrl":"https:\/\/www.swissraft.ch\/wp-content\/uploads\/2025\/09\/Capture.jpg","width":293,"height":108,"caption":"Swissraft"},"image":{"@id":"https:\/\/www.swissraft.ch\/en\/#\/schema\/logo\/image\/"}}]}},"_links":{"self":[{"href":"https:\/\/www.swissraft.ch\/en\/wp-json\/wp\/v2\/product\/92259","targetHints":{"allow":["GET"]}}],"collection":[{"href":"https:\/\/www.swissraft.ch\/en\/wp-json\/wp\/v2\/product"}],"about":[{"href":"https:\/\/www.swissraft.ch\/en\/wp-json\/wp\/v2\/types\/product"}],"replies":[{"embeddable":true,"href":"https:\/\/www.swissraft.ch\/en\/wp-json\/wp\/v2\/comments?post=92259"}],"version-history":[{"count":24,"href":"https:\/\/www.swissraft.ch\/en\/wp-json\/wp\/v2\/product\/92259\/revisions"}],"predecessor-version":[{"id":122279,"href":"https:\/\/www.swissraft.ch\/en\/wp-json\/wp\/v2\/product\/92259\/revisions\/122279"}],"wp:featuredmedia":[{"embeddable":true,"href":"https:\/\/www.swissraft.ch\/en\/wp-json\/wp\/v2\/media\/87375"}],"wp:attachment":[{"href":"https:\/\/www.swissraft.ch\/en\/wp-json\/wp\/v2\/media?parent=92259"}],"wp:term":[{"taxonomy":"product_cat","embeddable":true,"href":"https:\/\/www.swissraft.ch\/en\/wp-json\/wp\/v2\/product_cat?post=92259"},{"taxonomy":"product_tag","embeddable":true,"href":"https:\/\/www.swissraft.ch\/en\/wp-json\/wp\/v2\/product_tag?post=92259"}],"curies":[{"name":"wp","href":"https:\/\/api.w.org\/{rel}","templated":true}]}}