{"id":92178,"date":"2023-12-02T18:53:12","date_gmt":"2023-12-02T17:53:12","guid":{"rendered":"https:\/\/swissraft.xyanzkdne.eu\/product\/initiation-on-a-plane-from-buttwil-cessna-172-chf-370-00\/"},"modified":"2024-11-20T09:40:35","modified_gmt":"2024-11-20T08:40:35","slug":"initiation-on-a-plane-from-buttwil-cessna-172-chf-370-00","status":"publish","type":"product","link":"https:\/\/www.swissraft.ch\/en\/product\/initiation-on-a-plane-from-buttwil-cessna-172-chf-370-00\/","title":{"rendered":"Initiation on a plane from BUTTWIL &#8211; CESSNA 172 &#8211; CHF 370.00"},"content":{"rendered":"\t\t<div data-elementor-type=\"wp-post\" data-elementor-id=\"92178\" class=\"elementor elementor-92178 elementor-53743\">\n\t\t\t\t\t\t\t\t\t<section class=\"elementor-section elementor-top-section elementor-element elementor-element-3303a7e3 elementor-section-boxed elementor-section-height-default elementor-section-height-default\" data-id=\"3303a7e3\" data-element_type=\"section\">\n\t\t\t\t\t\t<div class=\"elementor-container elementor-column-gap-default\">\n\t\t\t\t\t<div class=\"elementor-column elementor-col-100 elementor-top-column elementor-element elementor-element-16d72dbf\" data-id=\"16d72dbf\" data-element_type=\"column\">\n\t\t\t<div class=\"elementor-widget-wrap elementor-element-populated\">\n\t\t\t\t\t\t\t\t<div class=\"elementor-element elementor-element-d743c03 elementor-widget elementor-widget-text-editor\" data-id=\"d743c03\" data-element_type=\"widget\" data-widget_type=\"text-editor.default\">\n\t\t\t\t<div class=\"elementor-widget-container\">\n\t\t\t\t\t\t\t<h2>CHOOSE YOUR ACTIVITY BELOW TO OFFER GIFT VOUCHERS \/ TICKETS OR MAKE A RESERVATION<\/h2>\n<table border=\"0\" width=\"580\" cellspacing=\"10\" cellpadding=\"10\">\n<tbody>\n<tr>\n<td width=\"50%\"><strong>INITIATION WITH CESSNA 172 &#8211; 1 STUDENT + 1 PERS. &#8211; 45 min. <\/strong><\/td>\n<td><strong>CHF 370.00 per private flight<span class=\"productPrice\"><br \/><\/span><\/strong><\/td>\n<\/tr>\n<tr>\n<td>Additional information<\/td>\n<td>&#8211; You use the plane exclusively for yourself<br \/> &#8211;<span class=\"patt\"> You set the departure date and time<br \/><\/span> &#8211;<span class=\"patt\"> Maximum 2 people.<\/span><\/td>\n<\/tr>\n<tr>\n<td>Airfield<\/td>\n<td><a href=\"https:\/\/www.google.com\/maps\/place\/47%C2%B015'51.5%22N+8%C2%B018'05.7%22E\/@47.2643994,8.29713,766m\/data=!3m1!1e3!4m4!3m3!8m2!3d47.2643056!4d8.3015833?entry=ttu\" target=\"_blank\" rel=\"noopener\">Buttwil<\/a><\/td>\n<\/tr>\n<tr>\n<td>Flying time<\/td>\n<td>45 min.<\/td>\n<\/tr>\n<tr>\n<td>Total duration<\/td>\n<td>approx. 1h15<\/td>\n<\/tr>\n<tr>\n<td>Rendez-vous<\/td>\n<td>Par t\u00e9l\u00e9phone<\/td>\n<\/tr>\n<tr>\n<td><button class=\"elementor-button\" type=\"button\"><a href=\"https:\/\/swissraft.outdoorbooking.ch\/fo\/products\/211?base_id=25&amp;category_id=4&amp;order_type=gift_voucher&amp;lang=en\" target=\"_blank\" rel=\"noopener\">GIFT VOUCHER<\/a><\/button><\/td>\n<td>To make a reservation <span class=\"patt\" style=\"font-family: inherit; font-size: inherit;\"><span class=\"plbl\"><span class=\"patt\"><a href=\"https:\/\/www.swissraft.ch\/en\/contact\/\">contact us<\/a><\/span><\/span><\/span><\/td>\n<\/tr>\n<\/tbody>\n<\/table>\n\t\t\t\t\t\t<\/div>\n\t\t\t\t<\/div>\n\t\t\t\t\t<\/div>\n\t\t<\/div>\n\t\t\t\t\t\t\t<\/div>\n\t\t<\/section>\n\t\t\t\t\t\t\t<\/div>\n\t\t","protected":false},"excerpt":{"rendered":"<div align=\"justify\">\n<h2 align=\"justify\">From the Buttwil airfield in Aargau, you have chosen the CESSNA 172 for your introduction to flying an airplane.<\/h2>\n<h3>This aircraft, the CESSNA 172, can take 2 passengers on board. More powerful than the CESSNA 152, it also has a high wing. <\/h3>\n<\/div>\n<div align=\"justify\">\n<p>Your instructor will welcome you at Buttwil airfield and give you a few tips before your flight. But it also explains why an airplane can fly. Then, after a few minutes of theory, the three of you head for your Cessna 172. After a short technical check with the instructor, you take the controls of the aircraft. The person accompanying you takes the back of your seat. The control tower gives you the green light to taxi to the start of runway 16. A slight 90-degree turn and you&#8217;re on the gas. In less than 400 m of taxiing, you&#8217;re airborne, and you&#8217;re captain of the Cessna 172.<\/p>\n<h3>Don&#8217;t hesitate to contact us if you have any questions or doubts. We&#8217;ll be happy to answer them. <\/h3>\n<p id=\"textarea\" style=\"display: none;\">\nWe also offer introductory flights from Bern-Belp airport. There are also introductory glider flights from Sch\u00e4nis airfield. We also offer introductory flights from \u00c9pagny en Gruy\u00e8re airfield.\n<\/p>\n<p><a id=\"seeMore\" onclick=\"toggleSeeMore()\" href=\"javascript:void(0);\">Read more<\/a><\/p>\n","protected":false},"featured_media":88923,"comment_status":"open","ping_status":"closed","template":"","meta":{"inline_featured_image":false,"_mi_skip_tracking":false},"product_cat":[372,444,374],"product_tag":[],"class_list":["post-92178","product","type-product","status-publish","has-post-thumbnail","hentry","product_cat-flying-a-plane","product_cat-introduction-to-flying-buttwil","product_cat-pilot-yourself"],"yoast_head":"<!-- This site is optimized with the Yoast SEO plugin v23.6 - https:\/\/yoast.com\/wordpress\/plugins\/seo\/ -->\n<title>Initiation with Cessna 172 from Buttwil in Aargau<\/title>\n<meta name=\"description\" content=\"Introduction to the Cessna 172 from Buttwil. Your dream becomes reality, and you can fly an airplane without any exams or formalities. Fly it yourself\" \/>\n<meta name=\"robots\" content=\"index, follow, max-snippet:-1, max-image-preview:large, max-video-preview:-1\" \/>\n<link rel=\"canonical\" href=\"https:\/\/www.swissraft.ch\/en\/product\/initiation-on-a-plane-from-buttwil-cessna-172-chf-370-00\/\" \/>\n<meta property=\"og:locale\" content=\"en_US\" \/>\n<meta property=\"og:type\" content=\"article\" \/>\n<meta property=\"og:title\" content=\"Initiation with Cessna 172 from Buttwil in Aargau\" \/>\n<meta property=\"og:description\" content=\"Introduction to the Cessna 172 from Buttwil. Your dream becomes reality, and you can fly an airplane without any exams or formalities. Fly it yourself\" \/>\n<meta property=\"og:url\" content=\"https:\/\/www.swissraft.ch\/en\/product\/initiation-on-a-plane-from-buttwil-cessna-172-chf-370-00\/\" \/>\n<meta property=\"og:site_name\" content=\"Swissraft\" \/>\n<meta property=\"article:modified_time\" content=\"2024-11-20T08:40:35+00:00\" \/>\n<meta property=\"og:image\" content=\"https:\/\/www.swissraft.ch\/wp-content\/uploads\/2023\/12\/2-CESSNA-172-776x776-2.jpg\" \/>\n\t<meta property=\"og:image:width\" content=\"776\" \/>\n\t<meta property=\"og:image:height\" content=\"776\" \/>\n\t<meta property=\"og:image:type\" content=\"image\/jpeg\" \/>\n<meta name=\"twitter:card\" content=\"summary_large_image\" \/>\n<script type=\"application\/ld+json\" class=\"yoast-schema-graph\">{\"@context\":\"https:\/\/schema.org\",\"@graph\":[{\"@type\":\"WebPage\",\"@id\":\"https:\/\/www.swissraft.ch\/en\/product\/initiation-on-a-plane-from-buttwil-cessna-172-chf-370-00\/\",\"url\":\"https:\/\/www.swissraft.ch\/en\/product\/initiation-on-a-plane-from-buttwil-cessna-172-chf-370-00\/\",\"name\":\"Initiation with Cessna 172 from Buttwil in Aargau\",\"isPartOf\":{\"@id\":\"https:\/\/www.swissraft.ch\/en\/#website\"},\"primaryImageOfPage\":{\"@id\":\"https:\/\/www.swissraft.ch\/en\/product\/initiation-on-a-plane-from-buttwil-cessna-172-chf-370-00\/#primaryimage\"},\"image\":{\"@id\":\"https:\/\/www.swissraft.ch\/en\/product\/initiation-on-a-plane-from-buttwil-cessna-172-chf-370-00\/#primaryimage\"},\"thumbnailUrl\":\"https:\/\/www.swissraft.ch\/wp-content\/uploads\/2023\/12\/2-CESSNA-172-776x776-2.jpg\",\"datePublished\":\"2023-12-02T17:53:12+00:00\",\"dateModified\":\"2024-11-20T08:40:35+00:00\",\"description\":\"Introduction to the Cessna 172 from Buttwil. Your dream becomes reality, and you can fly an airplane without any exams or formalities. Fly it yourself\",\"breadcrumb\":{\"@id\":\"https:\/\/www.swissraft.ch\/en\/product\/initiation-on-a-plane-from-buttwil-cessna-172-chf-370-00\/#breadcrumb\"},\"inLanguage\":\"en-US\",\"potentialAction\":[{\"@type\":\"ReadAction\",\"target\":[\"https:\/\/www.swissraft.ch\/en\/product\/initiation-on-a-plane-from-buttwil-cessna-172-chf-370-00\/\"]}]},{\"@type\":\"ImageObject\",\"inLanguage\":\"en-US\",\"@id\":\"https:\/\/www.swissraft.ch\/en\/product\/initiation-on-a-plane-from-buttwil-cessna-172-chf-370-00\/#primaryimage\",\"url\":\"https:\/\/www.swissraft.ch\/wp-content\/uploads\/2023\/12\/2-CESSNA-172-776x776-2.jpg\",\"contentUrl\":\"https:\/\/www.swissraft.ch\/wp-content\/uploads\/2023\/12\/2-CESSNA-172-776x776-2.jpg\",\"width\":776,\"height\":776,\"caption\":\"Introduction to the Cessna 172 from Buttwil\"},{\"@type\":\"BreadcrumbList\",\"@id\":\"https:\/\/www.swissraft.ch\/en\/product\/initiation-on-a-plane-from-buttwil-cessna-172-chf-370-00\/#breadcrumb\",\"itemListElement\":[{\"@type\":\"ListItem\",\"position\":1,\"name\":\"Accueil\",\"item\":\"https:\/\/www.swissraft.ch\/en\/\"},{\"@type\":\"ListItem\",\"position\":2,\"name\":\"Store\",\"item\":\"https:\/\/www.swissraft.ch\/en\/store\/\"},{\"@type\":\"ListItem\",\"position\":3,\"name\":\"Initiation on a plane from BUTTWIL &#8211; CESSNA 172 &#8211; CHF 370.00\"}]},{\"@type\":\"WebSite\",\"@id\":\"https:\/\/www.swissraft.ch\/en\/#website\",\"url\":\"https:\/\/www.swissraft.ch\/en\/\",\"name\":\"Swissraft\",\"description\":\"To enjoy nature as it is\",\"publisher\":{\"@id\":\"https:\/\/www.swissraft.ch\/en\/#organization\"},\"potentialAction\":[{\"@type\":\"SearchAction\",\"target\":{\"@type\":\"EntryPoint\",\"urlTemplate\":\"https:\/\/www.swissraft.ch\/en\/?s={search_term_string}\"},\"query-input\":{\"@type\":\"PropertyValueSpecification\",\"valueRequired\":true,\"valueName\":\"search_term_string\"}}],\"inLanguage\":\"en-US\"},{\"@type\":\"Organization\",\"@id\":\"https:\/\/www.swissraft.ch\/en\/#organization\",\"name\":\"Swissraft\",\"url\":\"https:\/\/www.swissraft.ch\/en\/\",\"logo\":{\"@type\":\"ImageObject\",\"inLanguage\":\"en-US\",\"@id\":\"https:\/\/www.swissraft.ch\/en\/#\/schema\/logo\/image\/\",\"url\":\"https:\/\/www.swissraft.ch\/wp-content\/uploads\/2025\/09\/Capture.jpg\",\"contentUrl\":\"https:\/\/www.swissraft.ch\/wp-content\/uploads\/2025\/09\/Capture.jpg\",\"width\":293,\"height\":108,\"caption\":\"Swissraft\"},\"image\":{\"@id\":\"https:\/\/www.swissraft.ch\/en\/#\/schema\/logo\/image\/\"}}]}<\/script>\n<!-- \/ Yoast SEO plugin. -->","yoast_head_json":{"title":"Initiation with Cessna 172 from Buttwil in Aargau","description":"Introduction to the Cessna 172 from Buttwil. Your dream becomes reality, and you can fly an airplane without any exams or formalities. Fly it yourself","robots":{"index":"index","follow":"follow","max-snippet":"max-snippet:-1","max-image-preview":"max-image-preview:large","max-video-preview":"max-video-preview:-1"},"canonical":"https:\/\/www.swissraft.ch\/en\/product\/initiation-on-a-plane-from-buttwil-cessna-172-chf-370-00\/","og_locale":"en_US","og_type":"article","og_title":"Initiation with Cessna 172 from Buttwil in Aargau","og_description":"Introduction to the Cessna 172 from Buttwil. Your dream becomes reality, and you can fly an airplane without any exams or formalities. Fly it yourself","og_url":"https:\/\/www.swissraft.ch\/en\/product\/initiation-on-a-plane-from-buttwil-cessna-172-chf-370-00\/","og_site_name":"Swissraft","article_modified_time":"2024-11-20T08:40:35+00:00","og_image":[{"width":776,"height":776,"url":"https:\/\/www.swissraft.ch\/wp-content\/uploads\/2023\/12\/2-CESSNA-172-776x776-2.jpg","type":"image\/jpeg"}],"twitter_card":"summary_large_image","schema":{"@context":"https:\/\/schema.org","@graph":[{"@type":"WebPage","@id":"https:\/\/www.swissraft.ch\/en\/product\/initiation-on-a-plane-from-buttwil-cessna-172-chf-370-00\/","url":"https:\/\/www.swissraft.ch\/en\/product\/initiation-on-a-plane-from-buttwil-cessna-172-chf-370-00\/","name":"Initiation with Cessna 172 from Buttwil in Aargau","isPartOf":{"@id":"https:\/\/www.swissraft.ch\/en\/#website"},"primaryImageOfPage":{"@id":"https:\/\/www.swissraft.ch\/en\/product\/initiation-on-a-plane-from-buttwil-cessna-172-chf-370-00\/#primaryimage"},"image":{"@id":"https:\/\/www.swissraft.ch\/en\/product\/initiation-on-a-plane-from-buttwil-cessna-172-chf-370-00\/#primaryimage"},"thumbnailUrl":"https:\/\/www.swissraft.ch\/wp-content\/uploads\/2023\/12\/2-CESSNA-172-776x776-2.jpg","datePublished":"2023-12-02T17:53:12+00:00","dateModified":"2024-11-20T08:40:35+00:00","description":"Introduction to the Cessna 172 from Buttwil. Your dream becomes reality, and you can fly an airplane without any exams or formalities. Fly it yourself","breadcrumb":{"@id":"https:\/\/www.swissraft.ch\/en\/product\/initiation-on-a-plane-from-buttwil-cessna-172-chf-370-00\/#breadcrumb"},"inLanguage":"en-US","potentialAction":[{"@type":"ReadAction","target":["https:\/\/www.swissraft.ch\/en\/product\/initiation-on-a-plane-from-buttwil-cessna-172-chf-370-00\/"]}]},{"@type":"ImageObject","inLanguage":"en-US","@id":"https:\/\/www.swissraft.ch\/en\/product\/initiation-on-a-plane-from-buttwil-cessna-172-chf-370-00\/#primaryimage","url":"https:\/\/www.swissraft.ch\/wp-content\/uploads\/2023\/12\/2-CESSNA-172-776x776-2.jpg","contentUrl":"https:\/\/www.swissraft.ch\/wp-content\/uploads\/2023\/12\/2-CESSNA-172-776x776-2.jpg","width":776,"height":776,"caption":"Introduction to the Cessna 172 from Buttwil"},{"@type":"BreadcrumbList","@id":"https:\/\/www.swissraft.ch\/en\/product\/initiation-on-a-plane-from-buttwil-cessna-172-chf-370-00\/#breadcrumb","itemListElement":[{"@type":"ListItem","position":1,"name":"Accueil","item":"https:\/\/www.swissraft.ch\/en\/"},{"@type":"ListItem","position":2,"name":"Store","item":"https:\/\/www.swissraft.ch\/en\/store\/"},{"@type":"ListItem","position":3,"name":"Initiation on a plane from BUTTWIL &#8211; CESSNA 172 &#8211; CHF 370.00"}]},{"@type":"WebSite","@id":"https:\/\/www.swissraft.ch\/en\/#website","url":"https:\/\/www.swissraft.ch\/en\/","name":"Swissraft","description":"To enjoy nature as it is","publisher":{"@id":"https:\/\/www.swissraft.ch\/en\/#organization"},"potentialAction":[{"@type":"SearchAction","target":{"@type":"EntryPoint","urlTemplate":"https:\/\/www.swissraft.ch\/en\/?s={search_term_string}"},"query-input":{"@type":"PropertyValueSpecification","valueRequired":true,"valueName":"search_term_string"}}],"inLanguage":"en-US"},{"@type":"Organization","@id":"https:\/\/www.swissraft.ch\/en\/#organization","name":"Swissraft","url":"https:\/\/www.swissraft.ch\/en\/","logo":{"@type":"ImageObject","inLanguage":"en-US","@id":"https:\/\/www.swissraft.ch\/en\/#\/schema\/logo\/image\/","url":"https:\/\/www.swissraft.ch\/wp-content\/uploads\/2025\/09\/Capture.jpg","contentUrl":"https:\/\/www.swissraft.ch\/wp-content\/uploads\/2025\/09\/Capture.jpg","width":293,"height":108,"caption":"Swissraft"},"image":{"@id":"https:\/\/www.swissraft.ch\/en\/#\/schema\/logo\/image\/"}}]}},"_links":{"self":[{"href":"https:\/\/www.swissraft.ch\/en\/wp-json\/wp\/v2\/product\/92178","targetHints":{"allow":["GET"]}}],"collection":[{"href":"https:\/\/www.swissraft.ch\/en\/wp-json\/wp\/v2\/product"}],"about":[{"href":"https:\/\/www.swissraft.ch\/en\/wp-json\/wp\/v2\/types\/product"}],"replies":[{"embeddable":true,"href":"https:\/\/www.swissraft.ch\/en\/wp-json\/wp\/v2\/comments?post=92178"}],"version-history":[{"count":0,"href":"https:\/\/www.swissraft.ch\/en\/wp-json\/wp\/v2\/product\/92178\/revisions"}],"wp:featuredmedia":[{"embeddable":true,"href":"https:\/\/www.swissraft.ch\/en\/wp-json\/wp\/v2\/media\/88923"}],"wp:attachment":[{"href":"https:\/\/www.swissraft.ch\/en\/wp-json\/wp\/v2\/media?parent=92178"}],"wp:term":[{"taxonomy":"product_cat","embeddable":true,"href":"https:\/\/www.swissraft.ch\/en\/wp-json\/wp\/v2\/product_cat?post=92178"},{"taxonomy":"product_tag","embeddable":true,"href":"https:\/\/www.swissraft.ch\/en\/wp-json\/wp\/v2\/product_tag?post=92178"}],"curies":[{"name":"wp","href":"https:\/\/api.w.org\/{rel}","templated":true}]}}