{"id":92146,"date":"2024-02-14T21:57:12","date_gmt":"2024-02-14T20:57:12","guid":{"rendered":"https:\/\/swissraft.xyanzkdne.eu\/product\/skydiving-in-kagiswil-tandem-jump-from-a-plane-from-chf-390-00\/"},"modified":"2026-04-04T00:37:48","modified_gmt":"2026-04-03T22:37:48","slug":"skydiving-kagiswil-tandem-jump-plane","status":"publish","type":"product","link":"https:\/\/www.swissraft.ch\/en\/product\/skydiving-kagiswil-tandem-jump-plane\/","title":{"rendered":"Skydiving in K\u00e4giswil &#8211; Tandem jumping from a plane &#8211; From CHF 390.00"},"content":{"rendered":"\t\t<div data-elementor-type=\"wp-post\" data-elementor-id=\"92146\" class=\"elementor elementor-92146 elementor-59833\">\n\t\t\t\t\t\t\t\t\t<section class=\"elementor-section elementor-top-section elementor-element elementor-element-3303a7e3 elementor-section-boxed elementor-section-height-default elementor-section-height-default\" data-id=\"3303a7e3\" data-element_type=\"section\">\n\t\t\t\t\t\t<div class=\"elementor-container elementor-column-gap-default\">\n\t\t\t\t\t<div class=\"elementor-column elementor-col-100 elementor-top-column elementor-element elementor-element-16d72dbf\" data-id=\"16d72dbf\" data-element_type=\"column\">\n\t\t\t<div class=\"elementor-widget-wrap elementor-element-populated\">\n\t\t\t\t\t\t\t\t<div class=\"elementor-element elementor-element-d743c03 elementor-widget elementor-widget-text-editor\" data-id=\"d743c03\" data-element_type=\"widget\" data-widget_type=\"text-editor.default\">\n\t\t\t\t<div class=\"elementor-widget-container\">\n\t\t\t\t\t\t\t<h2>CHOOSE YOUR ACTIVITY BELOW TO OFFER GIFT VOUCHERS \/ TICKETS OR MAKE A RESERVATION<\/h2><table border=\"0\" width=\"580\" cellspacing=\"10\" cellpadding=\"10\"><tbody><tr><td width=\"50%\"><strong>1) TANDEM SKYDIVING &#8211; K\u00c4GISWIL<\/strong><\/td><td><strong>CHF 390.00 per person<span class=\"productPrice\"><br \/><\/span><\/strong><\/td><\/tr><tr><td>Further information<\/td><td>&#8211; Sport shoes without hooks<br \/>&#8211; Do not fast<br \/>&#8211; Do not be under the influence of alcohol or other substances<br \/>&#8211;<span class=\"patt\"> Parental consent required for minors<\/span><\/td><\/tr><tr><td>Schedules<\/td><td>When you make your reservation, you will be asked to choose a time<\/td><\/tr><tr><td>Freefall duration<\/td><td>approx. 50 seconds<\/td><\/tr><tr><td>Total duration<\/td><td>approx. 4 hrs<\/td><\/tr><tr><td>Airfield<\/td><td><a href=\"https:\/\/www.google.com\/maps\/place\/46%C2%B054'25.9%22N+8%C2%B015'04.7%22E\/@46.9072425,8.2326904,3084m\/data=!3m1!1e3!4m4!3m3!8m2!3d46.9071944!4d8.2513056?entry=ttu\" target=\"_blank\" rel=\"noopener\">K\u00e4giswil<\/a><\/td><\/tr><tr><td><a href=\"https:\/\/swissraft.outdoorbooking.ch\/fo\/products\/1055?base_id=44&amp;category_id=5&amp;order_type=gift_voucher&amp;lang=en\" target=\"_blank\" rel=\"noopener\"><button class=\"elementor-button\" type=\"button\">PURCHASE GIFT VOUCHER \/ TICKET<\/button><\/a><\/td><td><a href=\"https:\/\/swissraft.outdoorbooking.ch\/fo\/products\/1375?base_id=210&amp;category_id=5&amp;order_type=event&amp;lang=en\" target=\"_blank\" rel=\"noopener\">BOOK YOUR JUMP DATE<\/a><\/td><\/tr><\/tbody><\/table><table border=\"0\" width=\"580\" cellspacing=\"10\" cellpadding=\"10\"><tbody><tr><td width=\"50%\"><strong>2) K\u00c4GISWIL &#8211; Tandem skydiving + VIDEO<\/strong><\/td><td><strong>CHF 540.00 per person<span class=\"productPrice\"><br \/><\/span><\/strong><\/td><\/tr><tr><td>Further information<\/td><td>&#8211; Sport shoes without hooks<br \/>&#8211; Do not fast<br \/>&#8211; Do not be under the influence of alcohol or other substances<br \/>&#8211;<span class=\"patt\"> Parental consent required for minors<\/span><\/td><\/tr><tr><td>Schedules<\/td><td>When you make your reservation, you will be asked to choose a time<\/td><\/tr><tr><td>Free-fall duration<\/td><td>approx. 50 seconds<\/td><\/tr><tr><td>Total duration<\/td><td>approx. 4 hrs<\/td><\/tr><tr><td>Airfield<\/td><td><a href=\"https:\/\/www.google.com\/maps\/place\/46%C2%B054'25.9%22N+8%C2%B015'04.7%22E\/@46.9072425,8.2326904,3084m\/data=!3m1!1e3!4m4!3m3!8m2!3d46.9071944!4d8.2513056?entry=ttu\" target=\"_blank\" rel=\"noopener\">K\u00e4giswil<\/a><\/td><\/tr><tr><td><a href=\"https:\/\/swissraft.outdoorbooking.ch\/fo\/products\/1056?base_id=44&amp;category_id=5&amp;order_type=gift_voucher&amp;lang=en\" target=\"_blank\" rel=\"noopener\"><button class=\"elementor-button\" type=\"button\">PURCHASE GIFT VOUCHER \/ TICKET<\/button><\/a><\/td><td><a href=\"https:\/\/swissraft.outdoorbooking.ch\/fo\/products\/1374?base_id=210&amp;category_id=5&amp;order_type=event&amp;lang=en\" target=\"_blank\" rel=\"noopener\">BOOK YOUR JUMP DATE<\/a><\/td><\/tr><\/tbody><\/table>\t\t\t\t\t\t<\/div>\n\t\t\t\t<\/div>\n\t\t\t\t\t<\/div>\n\t\t<\/div>\n\t\t\t\t\t\t\t<\/div>\n\t\t<\/section>\n\t\t\t\t\t\t\t<\/div>\n\t\t","protected":false},"excerpt":{"rendered":"<div align=\"justify\">\n<h2 align=\"justify\">Tandem parachute jumping at K\u00e4giswil in the canton of Obwalden<\/h2>\n<h3>tandem jump from a plane at an altitude of 4000 m above ground level<\/h3>\n<\/div>\n<div align=\"justify\">\n<p>We welcome you to K\u00e4giswil airfield. You receive instructions for freefall and landing. Then we fit you with glasses. You put on your equipment and a wetsuit before boarding the plane. As you climb up, you&#8217;re treated to a magnificent view. This time you&#8217;re ready for the big jump. The moment you step out of the plane, an adrenalin rush takes over you. Your dream becomes reality. At more than 200 km\/h, the wind will blow your hair out. You can also make a solo jump with us. An AFF jump requires a day&#8217;s preparation. You jump with two instructors who stabilize you. After opening the parachute, you descend alone under your canopy. A ground instructor guides you to landing by radio. An exhilarating experience awaits you!<\/p>\n<h3>On its website, Swissraft offers numerous dropzones throughout Switzerland and neighboring Germany.<\/h3>\n<p id=\"textarea\" style=\"display: none;\">\nWe skydive from various airfields in Switzerland: from Berom\u00fcnster, Interlaken and Reichenbach in the Bernese Oberland. From Granges, \u00c9cuvillens, \u00c9pagny and Colombier. In the canton of Vaud, we jump from Bex. In Valais, we do tandem jumps from Sion and Rarogne. Thurgau from Sitterdorf. In Ticino from Locarno. And near Basel at Rottweil airfield in Germany.\n<\/p>\n<p><a id=\"seeMore\" onclick=\"toggleSeeMore()\" href=\"javascript:void(0);\">Read more<\/a><\/p>\n","protected":false},"featured_media":89805,"comment_status":"open","ping_status":"closed","template":"","meta":{"inline_featured_image":false,"_mi_skip_tracking":false},"product_cat":[434],"product_tag":[],"class_list":["post-92146","product","type-product","status-publish","has-post-thumbnail","hentry","product_cat-tandem-parachute-jump"],"yoast_head":"<!-- This site is optimized with the Yoast SEO plugin v23.6 - https:\/\/yoast.com\/wordpress\/plugins\/seo\/ -->\n<title>Skydiving in K\u00e4giswil from a plane at 4000 m<\/title>\n<meta name=\"description\" content=\"Skydiving in K\u00e4giswil. You and your pilot jump to an altitude of 4000 m\/ground and free-fall for 50 seconds. Amaising adventure\" \/>\n<meta name=\"robots\" content=\"index, follow, max-snippet:-1, max-image-preview:large, max-video-preview:-1\" \/>\n<link rel=\"canonical\" href=\"https:\/\/www.swissraft.ch\/en\/product\/skydiving-kagiswil-tandem-jump-plane\/\" \/>\n<meta property=\"og:locale\" content=\"en_US\" \/>\n<meta property=\"og:type\" content=\"article\" \/>\n<meta property=\"og:title\" content=\"Skydiving in K\u00e4giswil from a plane at 4000 m\" \/>\n<meta property=\"og:description\" content=\"Skydiving in K\u00e4giswil. You and your pilot jump to an altitude of 4000 m\/ground and free-fall for 50 seconds. Amaising adventure\" \/>\n<meta property=\"og:url\" content=\"https:\/\/www.swissraft.ch\/en\/product\/skydiving-kagiswil-tandem-jump-plane\/\" \/>\n<meta property=\"og:site_name\" content=\"Swissraft\" \/>\n<meta property=\"article:modified_time\" content=\"2026-04-03T22:37:48+00:00\" \/>\n<meta property=\"og:image\" content=\"https:\/\/www.swissraft.ch\/wp-content\/uploads\/2024\/02\/1-KAGISWIL-776x776-1.jpg\" \/>\n\t<meta property=\"og:image:width\" content=\"776\" \/>\n\t<meta property=\"og:image:height\" content=\"776\" \/>\n\t<meta property=\"og:image:type\" content=\"image\/jpeg\" \/>\n<meta name=\"twitter:card\" content=\"summary_large_image\" \/>\n<meta name=\"twitter:label1\" content=\"Est. reading time\" \/>\n\t<meta name=\"twitter:data1\" content=\"1 minute\" \/>\n<script type=\"application\/ld+json\" class=\"yoast-schema-graph\">{\"@context\":\"https:\/\/schema.org\",\"@graph\":[{\"@type\":\"WebPage\",\"@id\":\"https:\/\/www.swissraft.ch\/en\/product\/skydiving-kagiswil-tandem-jump-plane\/\",\"url\":\"https:\/\/www.swissraft.ch\/en\/product\/skydiving-kagiswil-tandem-jump-plane\/\",\"name\":\"Skydiving in K\u00e4giswil from a plane at 4000 m\",\"isPartOf\":{\"@id\":\"https:\/\/www.swissraft.ch\/en\/#website\"},\"primaryImageOfPage\":{\"@id\":\"https:\/\/www.swissraft.ch\/en\/product\/skydiving-kagiswil-tandem-jump-plane\/#primaryimage\"},\"image\":{\"@id\":\"https:\/\/www.swissraft.ch\/en\/product\/skydiving-kagiswil-tandem-jump-plane\/#primaryimage\"},\"thumbnailUrl\":\"https:\/\/www.swissraft.ch\/wp-content\/uploads\/2024\/02\/1-KAGISWIL-776x776-1.jpg\",\"datePublished\":\"2024-02-14T20:57:12+00:00\",\"dateModified\":\"2026-04-03T22:37:48+00:00\",\"description\":\"Skydiving in K\u00e4giswil. You and your pilot jump to an altitude of 4000 m\/ground and free-fall for 50 seconds. Amaising adventure\",\"breadcrumb\":{\"@id\":\"https:\/\/www.swissraft.ch\/en\/product\/skydiving-kagiswil-tandem-jump-plane\/#breadcrumb\"},\"inLanguage\":\"en-US\",\"potentialAction\":[{\"@type\":\"ReadAction\",\"target\":[\"https:\/\/www.swissraft.ch\/en\/product\/skydiving-kagiswil-tandem-jump-plane\/\"]}]},{\"@type\":\"ImageObject\",\"inLanguage\":\"en-US\",\"@id\":\"https:\/\/www.swissraft.ch\/en\/product\/skydiving-kagiswil-tandem-jump-plane\/#primaryimage\",\"url\":\"https:\/\/www.swissraft.ch\/wp-content\/uploads\/2024\/02\/1-KAGISWIL-776x776-1.jpg\",\"contentUrl\":\"https:\/\/www.swissraft.ch\/wp-content\/uploads\/2024\/02\/1-KAGISWIL-776x776-1.jpg\",\"width\":776,\"height\":776,\"caption\":\"Tandem skydiving in K\u00e4giswil\"},{\"@type\":\"BreadcrumbList\",\"@id\":\"https:\/\/www.swissraft.ch\/en\/product\/skydiving-kagiswil-tandem-jump-plane\/#breadcrumb\",\"itemListElement\":[{\"@type\":\"ListItem\",\"position\":1,\"name\":\"Accueil\",\"item\":\"https:\/\/www.swissraft.ch\/en\/\"},{\"@type\":\"ListItem\",\"position\":2,\"name\":\"Store\",\"item\":\"https:\/\/www.swissraft.ch\/en\/store\/\"},{\"@type\":\"ListItem\",\"position\":3,\"name\":\"Skydiving in K\u00e4giswil &#8211; Tandem jumping from a plane &#8211; From CHF 390.00\"}]},{\"@type\":\"WebSite\",\"@id\":\"https:\/\/www.swissraft.ch\/en\/#website\",\"url\":\"https:\/\/www.swissraft.ch\/en\/\",\"name\":\"Swissraft\",\"description\":\"To enjoy nature as it is\",\"publisher\":{\"@id\":\"https:\/\/www.swissraft.ch\/en\/#organization\"},\"potentialAction\":[{\"@type\":\"SearchAction\",\"target\":{\"@type\":\"EntryPoint\",\"urlTemplate\":\"https:\/\/www.swissraft.ch\/en\/?s={search_term_string}\"},\"query-input\":{\"@type\":\"PropertyValueSpecification\",\"valueRequired\":true,\"valueName\":\"search_term_string\"}}],\"inLanguage\":\"en-US\"},{\"@type\":\"Organization\",\"@id\":\"https:\/\/www.swissraft.ch\/en\/#organization\",\"name\":\"Swissraft\",\"url\":\"https:\/\/www.swissraft.ch\/en\/\",\"logo\":{\"@type\":\"ImageObject\",\"inLanguage\":\"en-US\",\"@id\":\"https:\/\/www.swissraft.ch\/en\/#\/schema\/logo\/image\/\",\"url\":\"https:\/\/www.swissraft.ch\/wp-content\/uploads\/2025\/09\/Capture.jpg\",\"contentUrl\":\"https:\/\/www.swissraft.ch\/wp-content\/uploads\/2025\/09\/Capture.jpg\",\"width\":293,\"height\":108,\"caption\":\"Swissraft\"},\"image\":{\"@id\":\"https:\/\/www.swissraft.ch\/en\/#\/schema\/logo\/image\/\"}}]}<\/script>\n<!-- \/ Yoast SEO plugin. -->","yoast_head_json":{"title":"Skydiving in K\u00e4giswil from a plane at 4000 m","description":"Skydiving in K\u00e4giswil. You and your pilot jump to an altitude of 4000 m\/ground and free-fall for 50 seconds. Amaising adventure","robots":{"index":"index","follow":"follow","max-snippet":"max-snippet:-1","max-image-preview":"max-image-preview:large","max-video-preview":"max-video-preview:-1"},"canonical":"https:\/\/www.swissraft.ch\/en\/product\/skydiving-kagiswil-tandem-jump-plane\/","og_locale":"en_US","og_type":"article","og_title":"Skydiving in K\u00e4giswil from a plane at 4000 m","og_description":"Skydiving in K\u00e4giswil. You and your pilot jump to an altitude of 4000 m\/ground and free-fall for 50 seconds. Amaising adventure","og_url":"https:\/\/www.swissraft.ch\/en\/product\/skydiving-kagiswil-tandem-jump-plane\/","og_site_name":"Swissraft","article_modified_time":"2026-04-03T22:37:48+00:00","og_image":[{"width":776,"height":776,"url":"https:\/\/www.swissraft.ch\/wp-content\/uploads\/2024\/02\/1-KAGISWIL-776x776-1.jpg","type":"image\/jpeg"}],"twitter_card":"summary_large_image","twitter_misc":{"Est. reading time":"1 minute"},"schema":{"@context":"https:\/\/schema.org","@graph":[{"@type":"WebPage","@id":"https:\/\/www.swissraft.ch\/en\/product\/skydiving-kagiswil-tandem-jump-plane\/","url":"https:\/\/www.swissraft.ch\/en\/product\/skydiving-kagiswil-tandem-jump-plane\/","name":"Skydiving in K\u00e4giswil from a plane at 4000 m","isPartOf":{"@id":"https:\/\/www.swissraft.ch\/en\/#website"},"primaryImageOfPage":{"@id":"https:\/\/www.swissraft.ch\/en\/product\/skydiving-kagiswil-tandem-jump-plane\/#primaryimage"},"image":{"@id":"https:\/\/www.swissraft.ch\/en\/product\/skydiving-kagiswil-tandem-jump-plane\/#primaryimage"},"thumbnailUrl":"https:\/\/www.swissraft.ch\/wp-content\/uploads\/2024\/02\/1-KAGISWIL-776x776-1.jpg","datePublished":"2024-02-14T20:57:12+00:00","dateModified":"2026-04-03T22:37:48+00:00","description":"Skydiving in K\u00e4giswil. You and your pilot jump to an altitude of 4000 m\/ground and free-fall for 50 seconds. Amaising adventure","breadcrumb":{"@id":"https:\/\/www.swissraft.ch\/en\/product\/skydiving-kagiswil-tandem-jump-plane\/#breadcrumb"},"inLanguage":"en-US","potentialAction":[{"@type":"ReadAction","target":["https:\/\/www.swissraft.ch\/en\/product\/skydiving-kagiswil-tandem-jump-plane\/"]}]},{"@type":"ImageObject","inLanguage":"en-US","@id":"https:\/\/www.swissraft.ch\/en\/product\/skydiving-kagiswil-tandem-jump-plane\/#primaryimage","url":"https:\/\/www.swissraft.ch\/wp-content\/uploads\/2024\/02\/1-KAGISWIL-776x776-1.jpg","contentUrl":"https:\/\/www.swissraft.ch\/wp-content\/uploads\/2024\/02\/1-KAGISWIL-776x776-1.jpg","width":776,"height":776,"caption":"Tandem skydiving in K\u00e4giswil"},{"@type":"BreadcrumbList","@id":"https:\/\/www.swissraft.ch\/en\/product\/skydiving-kagiswil-tandem-jump-plane\/#breadcrumb","itemListElement":[{"@type":"ListItem","position":1,"name":"Accueil","item":"https:\/\/www.swissraft.ch\/en\/"},{"@type":"ListItem","position":2,"name":"Store","item":"https:\/\/www.swissraft.ch\/en\/store\/"},{"@type":"ListItem","position":3,"name":"Skydiving in K\u00e4giswil &#8211; Tandem jumping from a plane &#8211; From CHF 390.00"}]},{"@type":"WebSite","@id":"https:\/\/www.swissraft.ch\/en\/#website","url":"https:\/\/www.swissraft.ch\/en\/","name":"Swissraft","description":"To enjoy nature as it is","publisher":{"@id":"https:\/\/www.swissraft.ch\/en\/#organization"},"potentialAction":[{"@type":"SearchAction","target":{"@type":"EntryPoint","urlTemplate":"https:\/\/www.swissraft.ch\/en\/?s={search_term_string}"},"query-input":{"@type":"PropertyValueSpecification","valueRequired":true,"valueName":"search_term_string"}}],"inLanguage":"en-US"},{"@type":"Organization","@id":"https:\/\/www.swissraft.ch\/en\/#organization","name":"Swissraft","url":"https:\/\/www.swissraft.ch\/en\/","logo":{"@type":"ImageObject","inLanguage":"en-US","@id":"https:\/\/www.swissraft.ch\/en\/#\/schema\/logo\/image\/","url":"https:\/\/www.swissraft.ch\/wp-content\/uploads\/2025\/09\/Capture.jpg","contentUrl":"https:\/\/www.swissraft.ch\/wp-content\/uploads\/2025\/09\/Capture.jpg","width":293,"height":108,"caption":"Swissraft"},"image":{"@id":"https:\/\/www.swissraft.ch\/en\/#\/schema\/logo\/image\/"}}]}},"_links":{"self":[{"href":"https:\/\/www.swissraft.ch\/en\/wp-json\/wp\/v2\/product\/92146","targetHints":{"allow":["GET"]}}],"collection":[{"href":"https:\/\/www.swissraft.ch\/en\/wp-json\/wp\/v2\/product"}],"about":[{"href":"https:\/\/www.swissraft.ch\/en\/wp-json\/wp\/v2\/types\/product"}],"replies":[{"embeddable":true,"href":"https:\/\/www.swissraft.ch\/en\/wp-json\/wp\/v2\/comments?post=92146"}],"version-history":[{"count":37,"href":"https:\/\/www.swissraft.ch\/en\/wp-json\/wp\/v2\/product\/92146\/revisions"}],"predecessor-version":[{"id":136451,"href":"https:\/\/www.swissraft.ch\/en\/wp-json\/wp\/v2\/product\/92146\/revisions\/136451"}],"wp:featuredmedia":[{"embeddable":true,"href":"https:\/\/www.swissraft.ch\/en\/wp-json\/wp\/v2\/media\/89805"}],"wp:attachment":[{"href":"https:\/\/www.swissraft.ch\/en\/wp-json\/wp\/v2\/media?parent=92146"}],"wp:term":[{"taxonomy":"product_cat","embeddable":true,"href":"https:\/\/www.swissraft.ch\/en\/wp-json\/wp\/v2\/product_cat?post=92146"},{"taxonomy":"product_tag","embeddable":true,"href":"https:\/\/www.swissraft.ch\/en\/wp-json\/wp\/v2\/product_tag?post=92146"}],"curies":[{"name":"wp","href":"https:\/\/api.w.org\/{rel}","templated":true}]}}