{"id":92135,"date":"2024-01-28T01:11:10","date_gmt":"2024-01-28T00:11:10","guid":{"rendered":"https:\/\/swissraft.xyanzkdne.eu\/product\/plane-flight-from-granges-les-prealpes-80-min-chf-550-00\/"},"modified":"2024-11-20T09:29:13","modified_gmt":"2024-11-20T08:29:13","slug":"plane-flight-from-granges-les-prealpes-80-min-chf-550-00","status":"publish","type":"product","link":"https:\/\/www.swissraft.ch\/en\/product\/plane-flight-from-granges-les-prealpes-80-min-chf-550-00\/","title":{"rendered":"Plane flight from GRANGES &#8211; LES PR\u00c9ALPES &#8211; 80 min. &#8211; CHF 550.00"},"content":{"rendered":"\t\t<div data-elementor-type=\"wp-post\" data-elementor-id=\"92135\" class=\"elementor elementor-92135 elementor-58525\">\n\t\t\t\t\t\t\t\t\t<section class=\"elementor-section elementor-top-section elementor-element elementor-element-3303a7e3 elementor-section-boxed elementor-section-height-default elementor-section-height-default\" data-id=\"3303a7e3\" data-element_type=\"section\">\n\t\t\t\t\t\t<div class=\"elementor-container elementor-column-gap-default\">\n\t\t\t\t\t<div class=\"elementor-column elementor-col-100 elementor-top-column elementor-element elementor-element-16d72dbf\" data-id=\"16d72dbf\" data-element_type=\"column\">\n\t\t\t<div class=\"elementor-widget-wrap elementor-element-populated\">\n\t\t\t\t\t\t\t\t<div class=\"elementor-element elementor-element-d743c03 elementor-widget elementor-widget-text-editor\" data-id=\"d743c03\" data-element_type=\"widget\" data-widget_type=\"text-editor.default\">\n\t\t\t\t<div class=\"elementor-widget-container\">\n\t\t\t\t\t\t\t<h2>CHOOSE YOUR ACTIVITY BELOW TO OFFER GIFT VOUCHERS \/ TICKETS OR MAKE A RESERVATION<\/h2>\n<table border=\"0\" width=\"580\" cellspacing=\"10\" cellpadding=\"10\">\n<tbody>\n<tr>\n<td width=\"50%\"><strong>THE PREALPS &#8211; PRIVATE FLIGHT (1-3 pers.) &#8211; 80 min.<\/strong><\/td>\n<td><strong>CHF 550.00 per private flight<span class=\"productPrice\"><br \/><\/span><\/strong><\/td>\n<\/tr>\n<tr>\n<td>Additional information<\/td>\n<td>&#8211; You use the plane exclusively for yourself<br \/>&#8211; You set the departure date and time<br \/>&#8211; Maximum 3 people.<\/td>\n<\/tr>\n<tr>\n<td>Aerodrome<\/td>\n<td><a href=\"https:\/\/www.google.com\/maps\/place\/47%C2%B010'59.4%22N+7%C2%B024'53.1%22E\/@47.1836299,7.3960656,3068m\/data=!3m1!1e3!4m4!3m3!8m2!3d47.183175!4d7.41475?entry=ttu\" target=\"_blank\" rel=\"noopener\">Granges<\/a><\/td>\n<\/tr>\n<tr>\n<td>Flying time<\/td>\n<td>80 min.<\/td>\n<\/tr>\n<tr>\n<td>Total running time<\/td>\n<td>approx. 1h40<\/td>\n<\/tr>\n<tr>\n<td>Rendez-vous<\/td>\n<td>Par t\u00e9l\u00e9phone<\/td>\n<\/tr>\n<tr>\n<td><a href=\"https:\/\/swissraft.outdoorbooking.ch\/fo\/products\/659?base_id=149&amp;category_id=22&amp;order_type=gift_voucher&amp;lang=en\" target=\"_blank\" rel=\"noopener\"><button class=\"elementor-button\" type=\"button\">GIFT VOUCHER<\/button><\/a><\/td>\n<td>To make a reservation <span class=\"patt\" style=\"font-family: inherit; font-size: inherit;\"><span class=\"plbl\"><span class=\"patt\"><a href=\"https:\/\/www.swissraft.ch\/en\/contact\/\">contact us<\/a><\/span><\/span><\/span><\/td>\n<\/tr>\n<\/tbody>\n<\/table>\n\t\t\t\t\t\t<\/div>\n\t\t\t\t<\/div>\n\t\t\t\t\t<\/div>\n\t\t<\/div>\n\t\t\t\t\t\t\t<\/div>\n\t\t<\/section>\n\t\t\t\t\t\t\t<\/div>\n\t\t","protected":false},"excerpt":{"rendered":"<div align=\"justify\">\n<h2 align=\"justify\">This flight from Grenchen aboard a ROBIN DR300 takes you to the Bernese Pre-Alps.<\/h2>\n<h3>Discover the Bernese Oberland behind the scenes, with splendid views of the Eiger-M\u00f6nch massif and the Jungfrau.<\/h3>\n<\/div>\n<div align=\"justify\">\n<p>Departing from Grenchen aboard our ROBIN DR300, you head for the Bernese Pre-Alps. From here, you have a breathtaking view of the Eiger and Jungfrau massifs at 4158 m. You take it in turns to fly over St Petersinsel &#8211; Les Gruy\u00e8res, where the reputation of the cheese is well established. Then on to Simmental, Lake Thun and its magnificent, world-famous shores. The flight continues into the Emmental before returning to Grenchen.<\/p>\n<h3>On our website you can choose from over 40 itineraries on board our aircraft, departing from 6 airports and airfields.<\/h3>\n<p id=\"textarea\" style=\"display: none;\">\nBerne-Belp airport also offers flights for pleasure craft. We also organize pleasure flights from Biel to the Three-Lakes region. In Canton Aargau, sightseeing flights are available from Buttwil airfield. In addition, we offer airplane escapades from \u00c9pagny in the Gruy\u00e8re region of Fribourg. In addition, we are proposing the canton of St. Gallen for the Gall offers flights from Sch\u00e4nis airfield.\n<\/p>\n<p><a id=\"seeMore\" onclick=\"toggleSeeMore()\" href=\"javascript:void(0);\">Read more<\/a><\/p>\n","protected":false},"featured_media":89721,"comment_status":"open","ping_status":"closed","template":"","meta":{"inline_featured_image":false,"_mi_skip_tracking":false},"product_cat":[428,426],"product_tag":[],"class_list":["post-92135","product","type-product","status-publish","has-post-thumbnail","hentry","product_cat-plane-granges","product_cat-flying"],"yoast_head":"<!-- This site is optimized with the Yoast SEO plugin v23.6 - https:\/\/yoast.com\/wordpress\/plugins\/seo\/ -->\n<title>The Pre-Alps by plane from Grenchen aerodrome<\/title>\n<meta name=\"description\" content=\"The Pre-Alps by plane from Grenchen aerodrome. During this flight, you&#039;ll enjoy a magnificent panoramic view of the Eiger massif.\" \/>\n<meta name=\"robots\" content=\"index, follow, max-snippet:-1, max-image-preview:large, max-video-preview:-1\" \/>\n<link rel=\"canonical\" href=\"https:\/\/www.swissraft.ch\/en\/product\/plane-flight-from-granges-les-prealpes-80-min-chf-550-00\/\" \/>\n<meta property=\"og:locale\" content=\"en_US\" \/>\n<meta property=\"og:type\" content=\"article\" \/>\n<meta property=\"og:title\" content=\"The Pre-Alps by plane from Grenchen aerodrome\" \/>\n<meta property=\"og:description\" content=\"The Pre-Alps by plane from Grenchen aerodrome. During this flight, you&#039;ll enjoy a magnificent panoramic view of the Eiger massif.\" \/>\n<meta property=\"og:url\" content=\"https:\/\/www.swissraft.ch\/en\/product\/plane-flight-from-granges-les-prealpes-80-min-chf-550-00\/\" \/>\n<meta property=\"og:site_name\" content=\"Swissraft\" \/>\n<meta property=\"article:modified_time\" content=\"2024-11-20T08:29:13+00:00\" \/>\n<meta property=\"og:image\" content=\"https:\/\/www.swissraft.ch\/wp-content\/uploads\/2024\/01\/Jungfrau-776x776-1.jpg\" \/>\n\t<meta property=\"og:image:width\" content=\"776\" \/>\n\t<meta property=\"og:image:height\" content=\"776\" \/>\n\t<meta property=\"og:image:type\" content=\"image\/jpeg\" \/>\n<meta name=\"twitter:card\" content=\"summary_large_image\" \/>\n<script type=\"application\/ld+json\" class=\"yoast-schema-graph\">{\"@context\":\"https:\/\/schema.org\",\"@graph\":[{\"@type\":\"WebPage\",\"@id\":\"https:\/\/www.swissraft.ch\/en\/product\/plane-flight-from-granges-les-prealpes-80-min-chf-550-00\/\",\"url\":\"https:\/\/www.swissraft.ch\/en\/product\/plane-flight-from-granges-les-prealpes-80-min-chf-550-00\/\",\"name\":\"The Pre-Alps by plane from Grenchen aerodrome\",\"isPartOf\":{\"@id\":\"https:\/\/www.swissraft.ch\/en\/#website\"},\"primaryImageOfPage\":{\"@id\":\"https:\/\/www.swissraft.ch\/en\/product\/plane-flight-from-granges-les-prealpes-80-min-chf-550-00\/#primaryimage\"},\"image\":{\"@id\":\"https:\/\/www.swissraft.ch\/en\/product\/plane-flight-from-granges-les-prealpes-80-min-chf-550-00\/#primaryimage\"},\"thumbnailUrl\":\"https:\/\/www.swissraft.ch\/wp-content\/uploads\/2024\/01\/Jungfrau-776x776-1.jpg\",\"datePublished\":\"2024-01-28T00:11:10+00:00\",\"dateModified\":\"2024-11-20T08:29:13+00:00\",\"description\":\"The Pre-Alps by plane from Grenchen aerodrome. During this flight, you'll enjoy a magnificent panoramic view of the Eiger massif.\",\"breadcrumb\":{\"@id\":\"https:\/\/www.swissraft.ch\/en\/product\/plane-flight-from-granges-les-prealpes-80-min-chf-550-00\/#breadcrumb\"},\"inLanguage\":\"en-US\",\"potentialAction\":[{\"@type\":\"ReadAction\",\"target\":[\"https:\/\/www.swissraft.ch\/en\/product\/plane-flight-from-granges-les-prealpes-80-min-chf-550-00\/\"]}]},{\"@type\":\"ImageObject\",\"inLanguage\":\"en-US\",\"@id\":\"https:\/\/www.swissraft.ch\/en\/product\/plane-flight-from-granges-les-prealpes-80-min-chf-550-00\/#primaryimage\",\"url\":\"https:\/\/www.swissraft.ch\/wp-content\/uploads\/2024\/01\/Jungfrau-776x776-1.jpg\",\"contentUrl\":\"https:\/\/www.swissraft.ch\/wp-content\/uploads\/2024\/01\/Jungfrau-776x776-1.jpg\",\"width\":776,\"height\":776,\"caption\":\"Plane flight over the Pre-Alps from Grenchen\"},{\"@type\":\"BreadcrumbList\",\"@id\":\"https:\/\/www.swissraft.ch\/en\/product\/plane-flight-from-granges-les-prealpes-80-min-chf-550-00\/#breadcrumb\",\"itemListElement\":[{\"@type\":\"ListItem\",\"position\":1,\"name\":\"Accueil\",\"item\":\"https:\/\/www.swissraft.ch\/en\/\"},{\"@type\":\"ListItem\",\"position\":2,\"name\":\"Store\",\"item\":\"https:\/\/www.swissraft.ch\/en\/store\/\"},{\"@type\":\"ListItem\",\"position\":3,\"name\":\"Plane flight from GRANGES &#8211; LES PR\u00c9ALPES &#8211; 80 min. &#8211; CHF 550.00\"}]},{\"@type\":\"WebSite\",\"@id\":\"https:\/\/www.swissraft.ch\/en\/#website\",\"url\":\"https:\/\/www.swissraft.ch\/en\/\",\"name\":\"Swissraft\",\"description\":\"To enjoy nature as it is\",\"publisher\":{\"@id\":\"https:\/\/www.swissraft.ch\/en\/#organization\"},\"potentialAction\":[{\"@type\":\"SearchAction\",\"target\":{\"@type\":\"EntryPoint\",\"urlTemplate\":\"https:\/\/www.swissraft.ch\/en\/?s={search_term_string}\"},\"query-input\":{\"@type\":\"PropertyValueSpecification\",\"valueRequired\":true,\"valueName\":\"search_term_string\"}}],\"inLanguage\":\"en-US\"},{\"@type\":\"Organization\",\"@id\":\"https:\/\/www.swissraft.ch\/en\/#organization\",\"name\":\"Swissraft\",\"url\":\"https:\/\/www.swissraft.ch\/en\/\",\"logo\":{\"@type\":\"ImageObject\",\"inLanguage\":\"en-US\",\"@id\":\"https:\/\/www.swissraft.ch\/en\/#\/schema\/logo\/image\/\",\"url\":\"https:\/\/www.swissraft.ch\/wp-content\/uploads\/2025\/09\/Capture.jpg\",\"contentUrl\":\"https:\/\/www.swissraft.ch\/wp-content\/uploads\/2025\/09\/Capture.jpg\",\"width\":293,\"height\":108,\"caption\":\"Swissraft\"},\"image\":{\"@id\":\"https:\/\/www.swissraft.ch\/en\/#\/schema\/logo\/image\/\"}}]}<\/script>\n<!-- \/ Yoast SEO plugin. -->","yoast_head_json":{"title":"The Pre-Alps by plane from Grenchen aerodrome","description":"The Pre-Alps by plane from Grenchen aerodrome. During this flight, you'll enjoy a magnificent panoramic view of the Eiger massif.","robots":{"index":"index","follow":"follow","max-snippet":"max-snippet:-1","max-image-preview":"max-image-preview:large","max-video-preview":"max-video-preview:-1"},"canonical":"https:\/\/www.swissraft.ch\/en\/product\/plane-flight-from-granges-les-prealpes-80-min-chf-550-00\/","og_locale":"en_US","og_type":"article","og_title":"The Pre-Alps by plane from Grenchen aerodrome","og_description":"The Pre-Alps by plane from Grenchen aerodrome. During this flight, you'll enjoy a magnificent panoramic view of the Eiger massif.","og_url":"https:\/\/www.swissraft.ch\/en\/product\/plane-flight-from-granges-les-prealpes-80-min-chf-550-00\/","og_site_name":"Swissraft","article_modified_time":"2024-11-20T08:29:13+00:00","og_image":[{"width":776,"height":776,"url":"https:\/\/www.swissraft.ch\/wp-content\/uploads\/2024\/01\/Jungfrau-776x776-1.jpg","type":"image\/jpeg"}],"twitter_card":"summary_large_image","schema":{"@context":"https:\/\/schema.org","@graph":[{"@type":"WebPage","@id":"https:\/\/www.swissraft.ch\/en\/product\/plane-flight-from-granges-les-prealpes-80-min-chf-550-00\/","url":"https:\/\/www.swissraft.ch\/en\/product\/plane-flight-from-granges-les-prealpes-80-min-chf-550-00\/","name":"The Pre-Alps by plane from Grenchen aerodrome","isPartOf":{"@id":"https:\/\/www.swissraft.ch\/en\/#website"},"primaryImageOfPage":{"@id":"https:\/\/www.swissraft.ch\/en\/product\/plane-flight-from-granges-les-prealpes-80-min-chf-550-00\/#primaryimage"},"image":{"@id":"https:\/\/www.swissraft.ch\/en\/product\/plane-flight-from-granges-les-prealpes-80-min-chf-550-00\/#primaryimage"},"thumbnailUrl":"https:\/\/www.swissraft.ch\/wp-content\/uploads\/2024\/01\/Jungfrau-776x776-1.jpg","datePublished":"2024-01-28T00:11:10+00:00","dateModified":"2024-11-20T08:29:13+00:00","description":"The Pre-Alps by plane from Grenchen aerodrome. During this flight, you'll enjoy a magnificent panoramic view of the Eiger massif.","breadcrumb":{"@id":"https:\/\/www.swissraft.ch\/en\/product\/plane-flight-from-granges-les-prealpes-80-min-chf-550-00\/#breadcrumb"},"inLanguage":"en-US","potentialAction":[{"@type":"ReadAction","target":["https:\/\/www.swissraft.ch\/en\/product\/plane-flight-from-granges-les-prealpes-80-min-chf-550-00\/"]}]},{"@type":"ImageObject","inLanguage":"en-US","@id":"https:\/\/www.swissraft.ch\/en\/product\/plane-flight-from-granges-les-prealpes-80-min-chf-550-00\/#primaryimage","url":"https:\/\/www.swissraft.ch\/wp-content\/uploads\/2024\/01\/Jungfrau-776x776-1.jpg","contentUrl":"https:\/\/www.swissraft.ch\/wp-content\/uploads\/2024\/01\/Jungfrau-776x776-1.jpg","width":776,"height":776,"caption":"Plane flight over the Pre-Alps from Grenchen"},{"@type":"BreadcrumbList","@id":"https:\/\/www.swissraft.ch\/en\/product\/plane-flight-from-granges-les-prealpes-80-min-chf-550-00\/#breadcrumb","itemListElement":[{"@type":"ListItem","position":1,"name":"Accueil","item":"https:\/\/www.swissraft.ch\/en\/"},{"@type":"ListItem","position":2,"name":"Store","item":"https:\/\/www.swissraft.ch\/en\/store\/"},{"@type":"ListItem","position":3,"name":"Plane flight from GRANGES &#8211; LES PR\u00c9ALPES &#8211; 80 min. &#8211; CHF 550.00"}]},{"@type":"WebSite","@id":"https:\/\/www.swissraft.ch\/en\/#website","url":"https:\/\/www.swissraft.ch\/en\/","name":"Swissraft","description":"To enjoy nature as it is","publisher":{"@id":"https:\/\/www.swissraft.ch\/en\/#organization"},"potentialAction":[{"@type":"SearchAction","target":{"@type":"EntryPoint","urlTemplate":"https:\/\/www.swissraft.ch\/en\/?s={search_term_string}"},"query-input":{"@type":"PropertyValueSpecification","valueRequired":true,"valueName":"search_term_string"}}],"inLanguage":"en-US"},{"@type":"Organization","@id":"https:\/\/www.swissraft.ch\/en\/#organization","name":"Swissraft","url":"https:\/\/www.swissraft.ch\/en\/","logo":{"@type":"ImageObject","inLanguage":"en-US","@id":"https:\/\/www.swissraft.ch\/en\/#\/schema\/logo\/image\/","url":"https:\/\/www.swissraft.ch\/wp-content\/uploads\/2025\/09\/Capture.jpg","contentUrl":"https:\/\/www.swissraft.ch\/wp-content\/uploads\/2025\/09\/Capture.jpg","width":293,"height":108,"caption":"Swissraft"},"image":{"@id":"https:\/\/www.swissraft.ch\/en\/#\/schema\/logo\/image\/"}}]}},"_links":{"self":[{"href":"https:\/\/www.swissraft.ch\/en\/wp-json\/wp\/v2\/product\/92135","targetHints":{"allow":["GET"]}}],"collection":[{"href":"https:\/\/www.swissraft.ch\/en\/wp-json\/wp\/v2\/product"}],"about":[{"href":"https:\/\/www.swissraft.ch\/en\/wp-json\/wp\/v2\/types\/product"}],"replies":[{"embeddable":true,"href":"https:\/\/www.swissraft.ch\/en\/wp-json\/wp\/v2\/comments?post=92135"}],"version-history":[{"count":0,"href":"https:\/\/www.swissraft.ch\/en\/wp-json\/wp\/v2\/product\/92135\/revisions"}],"wp:featuredmedia":[{"embeddable":true,"href":"https:\/\/www.swissraft.ch\/en\/wp-json\/wp\/v2\/media\/89721"}],"wp:attachment":[{"href":"https:\/\/www.swissraft.ch\/en\/wp-json\/wp\/v2\/media?parent=92135"}],"wp:term":[{"taxonomy":"product_cat","embeddable":true,"href":"https:\/\/www.swissraft.ch\/en\/wp-json\/wp\/v2\/product_cat?post=92135"},{"taxonomy":"product_tag","embeddable":true,"href":"https:\/\/www.swissraft.ch\/en\/wp-json\/wp\/v2\/product_tag?post=92135"}],"curies":[{"name":"wp","href":"https:\/\/api.w.org\/{rel}","templated":true}]}}