{"id":92051,"date":"2024-05-29T22:05:29","date_gmt":"2024-05-29T20:05:29","guid":{"rendered":"https:\/\/swissraft.xyanzkdne.eu\/product\/canoe-funyak-on-le-rhone-souste-sierre-from-chf-116-00\/"},"modified":"2026-04-12T23:26:44","modified_gmt":"2026-04-12T21:26:44","slug":"canoe-funyak-rhone-souste-sierre","status":"publish","type":"product","link":"https:\/\/www.swissraft.ch\/en\/product\/canoe-funyak-rhone-souste-sierre\/","title":{"rendered":"Canoe or Funyak &#8211; Rh\u00f4ne &#8211; Souste-Sierre &#8211; From CHF 116.00"},"content":{"rendered":"\t\t<div data-elementor-type=\"wp-post\" data-elementor-id=\"92051\" class=\"elementor elementor-92051 elementor-68345\">\n\t\t\t\t\t\t\t\t\t<section class=\"elementor-section elementor-top-section elementor-element elementor-element-3303a7e3 elementor-section-boxed elementor-section-height-default elementor-section-height-default\" data-id=\"3303a7e3\" data-element_type=\"section\">\n\t\t\t\t\t\t<div class=\"elementor-container elementor-column-gap-default\">\n\t\t\t\t\t<div class=\"elementor-column elementor-col-100 elementor-top-column elementor-element elementor-element-16d72dbf\" data-id=\"16d72dbf\" data-element_type=\"column\">\n\t\t\t<div class=\"elementor-widget-wrap elementor-element-populated\">\n\t\t\t\t\t\t\t\t<div class=\"elementor-element elementor-element-d743c03 elementor-widget elementor-widget-text-editor\" data-id=\"d743c03\" data-element_type=\"widget\" data-widget_type=\"text-editor.default\">\n\t\t\t\t<div class=\"elementor-widget-container\">\n\t\t\t\t\t\t\t<h2>CHOOSE YOUR ACTIVITY BELOW TO OFFER GIFT VOUCHERS \/ TICKETS OR MAKE A RESERVATION<\/h2><table border=\"0\" width=\"580\" cellspacing=\"10\" cellpadding=\"10\"><tbody><tr><td width=\"50%\"><strong>CANOE OR FUNYAK &#8211; RH\u00d4NE + snack<\/strong><\/td><td><strong>CHF 145.00 per person<span class=\"productPrice\"><br \/><\/span><\/strong><\/td><\/tr><tr><td>Further information<\/td><td><span class=\"plbl\">&#8211; <\/span><span class=\"patt\">From 10 pers. 10% : <strong>CHF 108.00<\/strong>\/pers.<br \/>&#8211; From 21 pers. 20% : <strong>CHF 96.00<\/strong>\/pers.<br \/>&#8211; Minimum age : 14 years<br \/>&#8211; School price : <span class=\"patt\" style=\"font-family: inherit; font-size: inherit;\"><span class=\"plbl\"><a href=\"https:\/\/www.swissraft.ch\/en\/contact\/\">contact us<\/a><\/span><\/span><\/span><\/td><\/tr><tr><td>Schedules<\/td><td>10.00 am \/ 02.00 pm<\/td><\/tr><tr><td>Canoe or Funyak<\/td><td>approx. 1,5 hr<\/td><\/tr><tr><td>Total duration<\/td><td>approx. 3 hrs<\/td><\/tr><tr><td>Meeting point<\/td><td><a href=\"https:\/\/www.google.com\/maps\/place\/46%C2%B017'36.8%22N+7%C2%B033'29.6%22E\/@46.2937223,7.5537054,780m\/data=!3m1!1e3!4m4!3m3!8m2!3d46.2935556!4d7.5582222?entry=ttu\" target=\"_blank\" rel=\"noopener\">Sierre<\/a><\/td><\/tr><tr><td>Difficulty<\/td><td>2 \u00e0 3+<\/td><\/tr><tr><td><button class=\"elementor-button\" type=\"button\"><a href=\"https:\/\/swissraft.outdoorbooking.ch\/fo\/products\/1274?base_id=82&amp;category_id=9&amp;order_type=gift_voucher&amp;lang=en\" target=\"_blank\" rel=\"noopener\">PURCHASE GIFT VOUCHER \/ TICKET<\/a><\/button><\/td><td><span style=\"color: #ff6600;\"><a href=\"https:\/\/swissraft.outdoorbooking.ch\/fo\/products\/1274?base_id=82&amp;category_id=9&amp;order_type=event&amp;lang=en\" target=\"_blank\" rel=\"noopener\">BOOK A DATE<\/a><\/span><\/td><\/tr><\/tbody><\/table>\t\t\t\t\t\t<\/div>\n\t\t\t\t<\/div>\n\t\t\t\t\t<\/div>\n\t\t<\/div>\n\t\t\t\t\t\t\t<\/div>\n\t\t<\/section>\n\t\t\t\t\t\t\t<\/div>\n\t\t","protected":false},"excerpt":{"rendered":"<div align=\"justify\">\n<h2 align=\"justify\">Canoeing or Funyak on the turbulent Rh\u00f4ne between Souste and Sierre is the ideal descent for sports enthusiasts.<\/h2>\n<h3>Souste-Sierre by canoe funyak for those not afraid of getting wet<\/h3>\n<\/div>\n<div align=\"justify\">\n<p>The canoe trip down the Rh\u00f4ne between Souste and Sierre is a thrilling experience. First, the rapids greet the adventurers with vigour. Then, each wave offers an adrenalin rush. However, mastering the funyak or ducky is a great pleasure. Navigating the currents is rewarding. The wild landscapes add to the charm of the experience. Suddenly, a more intense rapid appears, putting skills to the test. Then, relative calm returns briefly, allowing us to catch our breath. What&#8217;s more, one thrill follows another, making for an exciting descent. Finally, the arrival in Sierre marks the end of this sporting adventure. In short, this lively section of the Rh\u00f4ne is ideal for those who love a challenge. In conclusion, the funyak or ducky is perfect for this unique experience. Adrenalin and nature come together wonderfully.<\/p>\n<h3>More than 10 canoe funyak routes are available on the Swissraft website.<\/h3>\n<p id=\"textarea\" style=\"display: none;\">\nStill on the Rhone, the relaxing section between Chippis and St. L\u00e9onard is ideal for a family outing. You can also take a half-day trip down the Rhine between Ilanz and Valendas in Graub\u00fcnden. For a full day, choose the Ilanz &#8211; Reichenau route. Then there&#8217;s the classic half-day funyak canoe trip, again on the Rhine between Versam and Reichenau. In the lowlands, after the famous Rhine Falls, we offer two sections: Schaffhausen &#8211; Rheinau half-day or Schaffhausen &#8211; R\u00fcdlingen full-day Canoe Funyak. On the Reuss, you can also discover the half-day trips from Bremgarten to Mellingen and from Mellingen to Gebenstorf. As for Bremgarten &#8211; Gebenstorf, also on the Reuss, you can enjoy a great day&#8217;s canoeing with a picnic.\n<\/p>\n<p><a id=\"seeMore\" onclick=\"toggleSeeMore()\" href=\"javascript:void(0);\">Read more<\/a><\/p>\n","protected":false},"featured_media":90486,"comment_status":"open","ping_status":"closed","template":"","meta":{"inline_featured_image":false,"_mi_skip_tracking":false},"product_cat":[379,391],"product_tag":[],"class_list":["post-92051","product","type-product","status-publish","has-post-thumbnail","hentry","product_cat-funyak-or-ducky-canoe","product_cat-canoe-funyak-rhone"],"yoast_head":"<!-- This site is optimized with the Yoast SEO plugin v23.6 - https:\/\/yoast.com\/wordpress\/plugins\/seo\/ -->\n<title>Cano\u00eb Souste-Sierre a canoe funyak sports section<\/title>\n<meta name=\"description\" content=\"Cano\u00eb Souste-Sierre a funyak canoe trip on the turbulent Rh\u00f4ne. An activity much appreciated by sportsmen and women and those who love action\" \/>\n<meta name=\"robots\" content=\"index, follow, max-snippet:-1, max-image-preview:large, max-video-preview:-1\" \/>\n<link rel=\"canonical\" href=\"https:\/\/www.swissraft.ch\/en\/product\/canoe-funyak-rhone-souste-sierre\/\" \/>\n<meta property=\"og:locale\" content=\"en_US\" \/>\n<meta property=\"og:type\" content=\"article\" \/>\n<meta property=\"og:title\" content=\"Cano\u00eb Souste-Sierre a canoe funyak sports section\" \/>\n<meta property=\"og:description\" content=\"Cano\u00eb Souste-Sierre a funyak canoe trip on the turbulent Rh\u00f4ne. An activity much appreciated by sportsmen and women and those who love action\" \/>\n<meta property=\"og:url\" content=\"https:\/\/www.swissraft.ch\/en\/product\/canoe-funyak-rhone-souste-sierre\/\" \/>\n<meta property=\"og:site_name\" content=\"Swissraft\" \/>\n<meta property=\"article:modified_time\" content=\"2026-04-12T21:26:44+00:00\" \/>\n<meta property=\"og:image\" content=\"https:\/\/www.swissraft.ch\/wp-content\/uploads\/2024\/05\/1-3-Kanufahrt-Rhone-Sousten-Siders-776x776-1.jpg\" \/>\n\t<meta property=\"og:image:width\" content=\"776\" \/>\n\t<meta property=\"og:image:height\" content=\"776\" \/>\n\t<meta property=\"og:image:type\" content=\"image\/jpeg\" \/>\n<meta name=\"twitter:card\" content=\"summary_large_image\" \/>\n<meta name=\"twitter:label1\" content=\"Est. reading time\" \/>\n\t<meta name=\"twitter:data1\" content=\"1 minute\" \/>\n<script type=\"application\/ld+json\" class=\"yoast-schema-graph\">{\"@context\":\"https:\/\/schema.org\",\"@graph\":[{\"@type\":\"WebPage\",\"@id\":\"https:\/\/www.swissraft.ch\/en\/product\/canoe-funyak-rhone-souste-sierre\/\",\"url\":\"https:\/\/www.swissraft.ch\/en\/product\/canoe-funyak-rhone-souste-sierre\/\",\"name\":\"Cano\u00eb Souste-Sierre a canoe funyak sports section\",\"isPartOf\":{\"@id\":\"https:\/\/www.swissraft.ch\/en\/#website\"},\"primaryImageOfPage\":{\"@id\":\"https:\/\/www.swissraft.ch\/en\/product\/canoe-funyak-rhone-souste-sierre\/#primaryimage\"},\"image\":{\"@id\":\"https:\/\/www.swissraft.ch\/en\/product\/canoe-funyak-rhone-souste-sierre\/#primaryimage\"},\"thumbnailUrl\":\"https:\/\/www.swissraft.ch\/wp-content\/uploads\/2024\/05\/1-3-Kanufahrt-Rhone-Sousten-Siders-776x776-1.jpg\",\"datePublished\":\"2024-05-29T20:05:29+00:00\",\"dateModified\":\"2026-04-12T21:26:44+00:00\",\"description\":\"Cano\u00eb Souste-Sierre a funyak canoe trip on the turbulent Rh\u00f4ne. An activity much appreciated by sportsmen and women and those who love action\",\"breadcrumb\":{\"@id\":\"https:\/\/www.swissraft.ch\/en\/product\/canoe-funyak-rhone-souste-sierre\/#breadcrumb\"},\"inLanguage\":\"en-US\",\"potentialAction\":[{\"@type\":\"ReadAction\",\"target\":[\"https:\/\/www.swissraft.ch\/en\/product\/canoe-funyak-rhone-souste-sierre\/\"]}]},{\"@type\":\"ImageObject\",\"inLanguage\":\"en-US\",\"@id\":\"https:\/\/www.swissraft.ch\/en\/product\/canoe-funyak-rhone-souste-sierre\/#primaryimage\",\"url\":\"https:\/\/www.swissraft.ch\/wp-content\/uploads\/2024\/05\/1-3-Kanufahrt-Rhone-Sousten-Siders-776x776-1.jpg\",\"contentUrl\":\"https:\/\/www.swissraft.ch\/wp-content\/uploads\/2024\/05\/1-3-Kanufahrt-Rhone-Sousten-Siders-776x776-1.jpg\",\"width\":776,\"height\":776,\"caption\":\"Souste-Sierre on the Rh\u00f4ne in a funyak canoe in Valais\"},{\"@type\":\"BreadcrumbList\",\"@id\":\"https:\/\/www.swissraft.ch\/en\/product\/canoe-funyak-rhone-souste-sierre\/#breadcrumb\",\"itemListElement\":[{\"@type\":\"ListItem\",\"position\":1,\"name\":\"Accueil\",\"item\":\"https:\/\/www.swissraft.ch\/en\/\"},{\"@type\":\"ListItem\",\"position\":2,\"name\":\"Store\",\"item\":\"https:\/\/www.swissraft.ch\/en\/store\/\"},{\"@type\":\"ListItem\",\"position\":3,\"name\":\"Canoe or Funyak &#8211; Rh\u00f4ne &#8211; Souste-Sierre &#8211; From CHF 116.00\"}]},{\"@type\":\"WebSite\",\"@id\":\"https:\/\/www.swissraft.ch\/en\/#website\",\"url\":\"https:\/\/www.swissraft.ch\/en\/\",\"name\":\"Swissraft\",\"description\":\"To enjoy nature as it is\",\"publisher\":{\"@id\":\"https:\/\/www.swissraft.ch\/en\/#organization\"},\"potentialAction\":[{\"@type\":\"SearchAction\",\"target\":{\"@type\":\"EntryPoint\",\"urlTemplate\":\"https:\/\/www.swissraft.ch\/en\/?s={search_term_string}\"},\"query-input\":{\"@type\":\"PropertyValueSpecification\",\"valueRequired\":true,\"valueName\":\"search_term_string\"}}],\"inLanguage\":\"en-US\"},{\"@type\":\"Organization\",\"@id\":\"https:\/\/www.swissraft.ch\/en\/#organization\",\"name\":\"Swissraft\",\"url\":\"https:\/\/www.swissraft.ch\/en\/\",\"logo\":{\"@type\":\"ImageObject\",\"inLanguage\":\"en-US\",\"@id\":\"https:\/\/www.swissraft.ch\/en\/#\/schema\/logo\/image\/\",\"url\":\"https:\/\/www.swissraft.ch\/wp-content\/uploads\/2025\/09\/Capture.jpg\",\"contentUrl\":\"https:\/\/www.swissraft.ch\/wp-content\/uploads\/2025\/09\/Capture.jpg\",\"width\":293,\"height\":108,\"caption\":\"Swissraft\"},\"image\":{\"@id\":\"https:\/\/www.swissraft.ch\/en\/#\/schema\/logo\/image\/\"}}]}<\/script>\n<!-- \/ Yoast SEO plugin. -->","yoast_head_json":{"title":"Cano\u00eb Souste-Sierre a canoe funyak sports section","description":"Cano\u00eb Souste-Sierre a funyak canoe trip on the turbulent Rh\u00f4ne. An activity much appreciated by sportsmen and women and those who love action","robots":{"index":"index","follow":"follow","max-snippet":"max-snippet:-1","max-image-preview":"max-image-preview:large","max-video-preview":"max-video-preview:-1"},"canonical":"https:\/\/www.swissraft.ch\/en\/product\/canoe-funyak-rhone-souste-sierre\/","og_locale":"en_US","og_type":"article","og_title":"Cano\u00eb Souste-Sierre a canoe funyak sports section","og_description":"Cano\u00eb Souste-Sierre a funyak canoe trip on the turbulent Rh\u00f4ne. An activity much appreciated by sportsmen and women and those who love action","og_url":"https:\/\/www.swissraft.ch\/en\/product\/canoe-funyak-rhone-souste-sierre\/","og_site_name":"Swissraft","article_modified_time":"2026-04-12T21:26:44+00:00","og_image":[{"width":776,"height":776,"url":"https:\/\/www.swissraft.ch\/wp-content\/uploads\/2024\/05\/1-3-Kanufahrt-Rhone-Sousten-Siders-776x776-1.jpg","type":"image\/jpeg"}],"twitter_card":"summary_large_image","twitter_misc":{"Est. reading time":"1 minute"},"schema":{"@context":"https:\/\/schema.org","@graph":[{"@type":"WebPage","@id":"https:\/\/www.swissraft.ch\/en\/product\/canoe-funyak-rhone-souste-sierre\/","url":"https:\/\/www.swissraft.ch\/en\/product\/canoe-funyak-rhone-souste-sierre\/","name":"Cano\u00eb Souste-Sierre a canoe funyak sports section","isPartOf":{"@id":"https:\/\/www.swissraft.ch\/en\/#website"},"primaryImageOfPage":{"@id":"https:\/\/www.swissraft.ch\/en\/product\/canoe-funyak-rhone-souste-sierre\/#primaryimage"},"image":{"@id":"https:\/\/www.swissraft.ch\/en\/product\/canoe-funyak-rhone-souste-sierre\/#primaryimage"},"thumbnailUrl":"https:\/\/www.swissraft.ch\/wp-content\/uploads\/2024\/05\/1-3-Kanufahrt-Rhone-Sousten-Siders-776x776-1.jpg","datePublished":"2024-05-29T20:05:29+00:00","dateModified":"2026-04-12T21:26:44+00:00","description":"Cano\u00eb Souste-Sierre a funyak canoe trip on the turbulent Rh\u00f4ne. An activity much appreciated by sportsmen and women and those who love action","breadcrumb":{"@id":"https:\/\/www.swissraft.ch\/en\/product\/canoe-funyak-rhone-souste-sierre\/#breadcrumb"},"inLanguage":"en-US","potentialAction":[{"@type":"ReadAction","target":["https:\/\/www.swissraft.ch\/en\/product\/canoe-funyak-rhone-souste-sierre\/"]}]},{"@type":"ImageObject","inLanguage":"en-US","@id":"https:\/\/www.swissraft.ch\/en\/product\/canoe-funyak-rhone-souste-sierre\/#primaryimage","url":"https:\/\/www.swissraft.ch\/wp-content\/uploads\/2024\/05\/1-3-Kanufahrt-Rhone-Sousten-Siders-776x776-1.jpg","contentUrl":"https:\/\/www.swissraft.ch\/wp-content\/uploads\/2024\/05\/1-3-Kanufahrt-Rhone-Sousten-Siders-776x776-1.jpg","width":776,"height":776,"caption":"Souste-Sierre on the Rh\u00f4ne in a funyak canoe in Valais"},{"@type":"BreadcrumbList","@id":"https:\/\/www.swissraft.ch\/en\/product\/canoe-funyak-rhone-souste-sierre\/#breadcrumb","itemListElement":[{"@type":"ListItem","position":1,"name":"Accueil","item":"https:\/\/www.swissraft.ch\/en\/"},{"@type":"ListItem","position":2,"name":"Store","item":"https:\/\/www.swissraft.ch\/en\/store\/"},{"@type":"ListItem","position":3,"name":"Canoe or Funyak &#8211; Rh\u00f4ne &#8211; Souste-Sierre &#8211; From CHF 116.00"}]},{"@type":"WebSite","@id":"https:\/\/www.swissraft.ch\/en\/#website","url":"https:\/\/www.swissraft.ch\/en\/","name":"Swissraft","description":"To enjoy nature as it is","publisher":{"@id":"https:\/\/www.swissraft.ch\/en\/#organization"},"potentialAction":[{"@type":"SearchAction","target":{"@type":"EntryPoint","urlTemplate":"https:\/\/www.swissraft.ch\/en\/?s={search_term_string}"},"query-input":{"@type":"PropertyValueSpecification","valueRequired":true,"valueName":"search_term_string"}}],"inLanguage":"en-US"},{"@type":"Organization","@id":"https:\/\/www.swissraft.ch\/en\/#organization","name":"Swissraft","url":"https:\/\/www.swissraft.ch\/en\/","logo":{"@type":"ImageObject","inLanguage":"en-US","@id":"https:\/\/www.swissraft.ch\/en\/#\/schema\/logo\/image\/","url":"https:\/\/www.swissraft.ch\/wp-content\/uploads\/2025\/09\/Capture.jpg","contentUrl":"https:\/\/www.swissraft.ch\/wp-content\/uploads\/2025\/09\/Capture.jpg","width":293,"height":108,"caption":"Swissraft"},"image":{"@id":"https:\/\/www.swissraft.ch\/en\/#\/schema\/logo\/image\/"}}]}},"_links":{"self":[{"href":"https:\/\/www.swissraft.ch\/en\/wp-json\/wp\/v2\/product\/92051","targetHints":{"allow":["GET"]}}],"collection":[{"href":"https:\/\/www.swissraft.ch\/en\/wp-json\/wp\/v2\/product"}],"about":[{"href":"https:\/\/www.swissraft.ch\/en\/wp-json\/wp\/v2\/types\/product"}],"replies":[{"embeddable":true,"href":"https:\/\/www.swissraft.ch\/en\/wp-json\/wp\/v2\/comments?post=92051"}],"version-history":[{"count":44,"href":"https:\/\/www.swissraft.ch\/en\/wp-json\/wp\/v2\/product\/92051\/revisions"}],"predecessor-version":[{"id":139899,"href":"https:\/\/www.swissraft.ch\/en\/wp-json\/wp\/v2\/product\/92051\/revisions\/139899"}],"wp:featuredmedia":[{"embeddable":true,"href":"https:\/\/www.swissraft.ch\/en\/wp-json\/wp\/v2\/media\/90486"}],"wp:attachment":[{"href":"https:\/\/www.swissraft.ch\/en\/wp-json\/wp\/v2\/media?parent=92051"}],"wp:term":[{"taxonomy":"product_cat","embeddable":true,"href":"https:\/\/www.swissraft.ch\/en\/wp-json\/wp\/v2\/product_cat?post=92051"},{"taxonomy":"product_tag","embeddable":true,"href":"https:\/\/www.swissraft.ch\/en\/wp-json\/wp\/v2\/product_tag?post=92051"}],"curies":[{"name":"wp","href":"https:\/\/api.w.org\/{rel}","templated":true}]}}