{"id":92043,"date":"2024-05-26T02:10:32","date_gmt":"2024-05-26T00:10:32","guid":{"rendered":"https:\/\/swissraft.xyanzkdne.eu\/product\/raft-building-in-sierre-lac-de-la-breche-from-chf-78-00\/"},"modified":"2026-04-15T23:21:16","modified_gmt":"2026-04-15T21:21:16","slug":"raft-building-sierre-lake-de-la-breche","status":"publish","type":"product","link":"https:\/\/www.swissraft.ch\/en\/product\/raft-building-sierre-lake-de-la-breche\/","title":{"rendered":"Raft building &#8211; Sierre &#8211; Lake of La Br\u00e8che &#8211; From CHF 78.00"},"content":{"rendered":"\t\t<div data-elementor-type=\"wp-post\" data-elementor-id=\"92043\" class=\"elementor elementor-92043 elementor-68074\">\n\t\t\t\t\t\t\t\t\t<section class=\"elementor-section elementor-top-section elementor-element elementor-element-3303a7e3 elementor-section-boxed elementor-section-height-default elementor-section-height-default\" data-id=\"3303a7e3\" data-element_type=\"section\">\n\t\t\t\t\t\t<div class=\"elementor-container elementor-column-gap-default\">\n\t\t\t\t\t<div class=\"elementor-column elementor-col-100 elementor-top-column elementor-element elementor-element-16d72dbf\" data-id=\"16d72dbf\" data-element_type=\"column\">\n\t\t\t<div class=\"elementor-widget-wrap elementor-element-populated\">\n\t\t\t\t\t\t\t\t<div class=\"elementor-element elementor-element-d743c03 elementor-widget elementor-widget-text-editor\" data-id=\"d743c03\" data-element_type=\"widget\" data-widget_type=\"text-editor.default\">\n\t\t\t\t<div class=\"elementor-widget-container\">\n\t\t\t\t\t\t\t<h2>CHOOSE YOUR ACTIVITY BELOW TO OFFER GIFT VOUCHERS \/ TICKETS OR MAKE A RESERVATION<\/h2><table border=\"0\" width=\"580\" cellspacing=\"10\" cellpadding=\"10\"><tbody><tr><td width=\"50%\"><strong>RAFT BUILDING &#8211; SIERRE<\/strong><\/td><td><strong>CHF 155.00 per person<span class=\"productPrice\"><br \/><\/span><\/strong><\/td><\/tr><tr><td>Further information<\/td><td>&#8211; <span class=\"plbl\"> School price<\/span>: <span class=\"patt\"><strong>CHF 78.00\/pers<\/strong>. up to 15 years old from 15 pers. <br \/><\/span><span class=\"plbl\">&#8211; Youth price<\/span> : <span class=\"patt\"><strong>CHF 98.00\/pers<\/strong>. up to 18 years old<br \/><\/span><span class=\"patt\">&#8211; Minimum age : 6 years<br \/>&#8211; Reservation<\/span><span class=\"patt\"> from 10 pers.<\/span><\/td><\/tr><tr><td>Schedules<\/td><td>10.00 am \/ 02.00 pm<\/td><\/tr><tr><td>Activity<\/td><td>approx. 3h30<\/td><\/tr><tr><td>Total duration<\/td><td>approx. 4 hrs<\/td><\/tr><tr><td>Meeting point<\/td><td><a href=\"https:\/\/www.google.com\/maps\/place\/46%C2%B015'41.5%22N+7%C2%B027'19.4%22E\/@46.2616168,7.4531573,390m\/data=!3m1!1e3!4m4!3m3!8m2!3d46.2615278!4d7.4553889?entry=ttu&amp;g_ep=EgoyMDI0MDkwMi4wIKXMDSoASAFQAw%3D%3D\" target=\"_blank\" rel=\"noopener\">Parking next to Happyland<\/a><\/td><\/tr><tr><td>\u00a0<\/td><td>Pour r\u00e9server <span class=\"patt\"><span class=\"patt\" style=\"font-family: inherit; font-size: inherit;\"><span class=\"plbl\"><a href=\"https:\/\/www.swissraft.ch\/en\/contact\/\">contactez-nous<\/a><\/span><\/span><\/span><\/td><\/tr><\/tbody><\/table>\t\t\t\t\t\t<\/div>\n\t\t\t\t<\/div>\n\t\t\t\t\t<\/div>\n\t\t<\/div>\n\t\t\t\t\t\t\t<\/div>\n\t\t<\/section>\n\t\t\t\t\t\t\t<\/div>\n\t\t","protected":false},"excerpt":{"rendered":"<div align=\"justify\">\n<h2 align=\"justify\">Raft-building is a fun activity that awakens our childhood scouting spirit&#8230;<\/h2>\n<h3>Between friends or colleagues, who will be the quickest and most ingenious to build their own boat?<\/h3>\n<\/div>\n<div align=\"justify\">\n<p>This fun activity is for everyone: children, adults, families and corporate groups. Start by choosing your materials. Then it&#8217;s on to building the raft. Our animators will guide you every step of the way. Thanks to their advice, you&#8217;ll be able to assemble the parts with ease. You&#8217;ll test the raft&#8217;s buoyancy on the water, and then embark on a trip on the Lac de La Br\u00e8che. Every moment will be punctuated by laughter and challenges. Mutual aid and collaboration are at the heart of this activity. What&#8217;s more, your safety will be assured by competent staff who are always ready to listen. Come and discover the pleasure of building and sailing, in the heart of a magnificent natural setting.<\/p>\n<h3>Swissraft offers raft construction all over Switzerland. Tell us what you want, and we&#8217;ll make it happen. <\/h3>\n<p id=\"textarea\" style=\"display: none;\">\nWe also offer this activity in Valais, in Sierre on Lac de La Br\u00e8che and in Crans-Montana on Etang Grenon. But also in Ticino on Lake Maggiore and Lake Locarno. In central Switzerland, in the canton of Schwyz on Lake Lauerz. And in the canton of Lucerne on Lake Lucerne.\n<\/p>\n<p><a id=\"seeMore\" onclick=\"toggleSeeMore()\" href=\"javascript:void(0);\">Read more<\/a><\/p>\n","protected":false},"featured_media":90705,"comment_status":"open","ping_status":"closed","template":"","meta":{"inline_featured_image":false,"_mi_skip_tracking":false},"product_cat":[389],"product_tag":[],"class_list":["post-92043","product","type-product","status-publish","has-post-thumbnail","hentry","product_cat-raft-building"],"yoast_head":"<!-- This site is optimized with the Yoast SEO plugin v23.6 - https:\/\/yoast.com\/wordpress\/plugins\/seo\/ -->\n<title>Building rafts in Sierre, Valais, on Lac de La Br\u00e8che<\/title>\n<meta name=\"description\" content=\"Raft building in Sierre on Lake La Br\u00e8che. Dans un cadre magnifique, pr\u00e8s du golf de Sierre et le long du Rh\u00f4ne\" \/>\n<meta name=\"robots\" content=\"index, follow, max-snippet:-1, max-image-preview:large, max-video-preview:-1\" \/>\n<link rel=\"canonical\" href=\"https:\/\/www.swissraft.ch\/en\/product\/raft-building-sierre-lake-de-la-breche\/\" \/>\n<meta property=\"og:locale\" content=\"en_US\" \/>\n<meta property=\"og:type\" content=\"article\" \/>\n<meta property=\"og:title\" content=\"Building rafts in Sierre, Valais, on Lac de La Br\u00e8che\" \/>\n<meta property=\"og:description\" content=\"Raft building in Sierre on Lake La Br\u00e8che. Dans un cadre magnifique, pr\u00e8s du golf de Sierre et le long du Rh\u00f4ne\" \/>\n<meta property=\"og:url\" content=\"https:\/\/www.swissraft.ch\/en\/product\/raft-building-sierre-lake-de-la-breche\/\" \/>\n<meta property=\"og:site_name\" content=\"Swissraft\" \/>\n<meta property=\"article:modified_time\" content=\"2026-04-15T21:21:16+00:00\" \/>\n<meta property=\"og:image\" content=\"https:\/\/www.swissraft.ch\/wp-content\/uploads\/2024\/05\/1-5-Sierre-radeau-776x776-1.jpg\" \/>\n\t<meta property=\"og:image:width\" content=\"776\" \/>\n\t<meta property=\"og:image:height\" content=\"776\" \/>\n\t<meta property=\"og:image:type\" content=\"image\/jpeg\" \/>\n<meta name=\"twitter:card\" content=\"summary_large_image\" \/>\n<meta name=\"twitter:label1\" content=\"Est. reading time\" \/>\n\t<meta name=\"twitter:data1\" content=\"1 minute\" \/>\n<script type=\"application\/ld+json\" class=\"yoast-schema-graph\">{\"@context\":\"https:\/\/schema.org\",\"@graph\":[{\"@type\":\"WebPage\",\"@id\":\"https:\/\/www.swissraft.ch\/en\/product\/raft-building-sierre-lake-de-la-breche\/\",\"url\":\"https:\/\/www.swissraft.ch\/en\/product\/raft-building-sierre-lake-de-la-breche\/\",\"name\":\"Building rafts in Sierre, Valais, on Lac de La Br\u00e8che\",\"isPartOf\":{\"@id\":\"https:\/\/www.swissraft.ch\/en\/#website\"},\"primaryImageOfPage\":{\"@id\":\"https:\/\/www.swissraft.ch\/en\/product\/raft-building-sierre-lake-de-la-breche\/#primaryimage\"},\"image\":{\"@id\":\"https:\/\/www.swissraft.ch\/en\/product\/raft-building-sierre-lake-de-la-breche\/#primaryimage\"},\"thumbnailUrl\":\"https:\/\/www.swissraft.ch\/wp-content\/uploads\/2024\/05\/1-5-Sierre-radeau-776x776-1.jpg\",\"datePublished\":\"2024-05-26T00:10:32+00:00\",\"dateModified\":\"2026-04-15T21:21:16+00:00\",\"description\":\"Raft building in Sierre on Lake La Br\u00e8che. Dans un cadre magnifique, pr\u00e8s du golf de Sierre et le long du Rh\u00f4ne\",\"breadcrumb\":{\"@id\":\"https:\/\/www.swissraft.ch\/en\/product\/raft-building-sierre-lake-de-la-breche\/#breadcrumb\"},\"inLanguage\":\"en-US\",\"potentialAction\":[{\"@type\":\"ReadAction\",\"target\":[\"https:\/\/www.swissraft.ch\/en\/product\/raft-building-sierre-lake-de-la-breche\/\"]}]},{\"@type\":\"ImageObject\",\"inLanguage\":\"en-US\",\"@id\":\"https:\/\/www.swissraft.ch\/en\/product\/raft-building-sierre-lake-de-la-breche\/#primaryimage\",\"url\":\"https:\/\/www.swissraft.ch\/wp-content\/uploads\/2024\/05\/1-5-Sierre-radeau-776x776-1.jpg\",\"contentUrl\":\"https:\/\/www.swissraft.ch\/wp-content\/uploads\/2024\/05\/1-5-Sierre-radeau-776x776-1.jpg\",\"width\":776,\"height\":776,\"caption\":\"Building rafts in Sierre\"},{\"@type\":\"BreadcrumbList\",\"@id\":\"https:\/\/www.swissraft.ch\/en\/product\/raft-building-sierre-lake-de-la-breche\/#breadcrumb\",\"itemListElement\":[{\"@type\":\"ListItem\",\"position\":1,\"name\":\"Accueil\",\"item\":\"https:\/\/www.swissraft.ch\/en\/\"},{\"@type\":\"ListItem\",\"position\":2,\"name\":\"Store\",\"item\":\"https:\/\/www.swissraft.ch\/en\/store\/\"},{\"@type\":\"ListItem\",\"position\":3,\"name\":\"Raft building &#8211; Sierre &#8211; Lake of La Br\u00e8che &#8211; From CHF 78.00\"}]},{\"@type\":\"WebSite\",\"@id\":\"https:\/\/www.swissraft.ch\/en\/#website\",\"url\":\"https:\/\/www.swissraft.ch\/en\/\",\"name\":\"Swissraft\",\"description\":\"To enjoy nature as it is\",\"publisher\":{\"@id\":\"https:\/\/www.swissraft.ch\/en\/#organization\"},\"potentialAction\":[{\"@type\":\"SearchAction\",\"target\":{\"@type\":\"EntryPoint\",\"urlTemplate\":\"https:\/\/www.swissraft.ch\/en\/?s={search_term_string}\"},\"query-input\":{\"@type\":\"PropertyValueSpecification\",\"valueRequired\":true,\"valueName\":\"search_term_string\"}}],\"inLanguage\":\"en-US\"},{\"@type\":\"Organization\",\"@id\":\"https:\/\/www.swissraft.ch\/en\/#organization\",\"name\":\"Swissraft\",\"url\":\"https:\/\/www.swissraft.ch\/en\/\",\"logo\":{\"@type\":\"ImageObject\",\"inLanguage\":\"en-US\",\"@id\":\"https:\/\/www.swissraft.ch\/en\/#\/schema\/logo\/image\/\",\"url\":\"https:\/\/www.swissraft.ch\/wp-content\/uploads\/2025\/09\/Capture.jpg\",\"contentUrl\":\"https:\/\/www.swissraft.ch\/wp-content\/uploads\/2025\/09\/Capture.jpg\",\"width\":293,\"height\":108,\"caption\":\"Swissraft\"},\"image\":{\"@id\":\"https:\/\/www.swissraft.ch\/en\/#\/schema\/logo\/image\/\"}}]}<\/script>\n<!-- \/ Yoast SEO plugin. -->","yoast_head_json":{"title":"Building rafts in Sierre, Valais, on Lac de La Br\u00e8che","description":"Raft building in Sierre on Lake La Br\u00e8che. Dans un cadre magnifique, pr\u00e8s du golf de Sierre et le long du Rh\u00f4ne","robots":{"index":"index","follow":"follow","max-snippet":"max-snippet:-1","max-image-preview":"max-image-preview:large","max-video-preview":"max-video-preview:-1"},"canonical":"https:\/\/www.swissraft.ch\/en\/product\/raft-building-sierre-lake-de-la-breche\/","og_locale":"en_US","og_type":"article","og_title":"Building rafts in Sierre, Valais, on Lac de La Br\u00e8che","og_description":"Raft building in Sierre on Lake La Br\u00e8che. Dans un cadre magnifique, pr\u00e8s du golf de Sierre et le long du Rh\u00f4ne","og_url":"https:\/\/www.swissraft.ch\/en\/product\/raft-building-sierre-lake-de-la-breche\/","og_site_name":"Swissraft","article_modified_time":"2026-04-15T21:21:16+00:00","og_image":[{"width":776,"height":776,"url":"https:\/\/www.swissraft.ch\/wp-content\/uploads\/2024\/05\/1-5-Sierre-radeau-776x776-1.jpg","type":"image\/jpeg"}],"twitter_card":"summary_large_image","twitter_misc":{"Est. reading time":"1 minute"},"schema":{"@context":"https:\/\/schema.org","@graph":[{"@type":"WebPage","@id":"https:\/\/www.swissraft.ch\/en\/product\/raft-building-sierre-lake-de-la-breche\/","url":"https:\/\/www.swissraft.ch\/en\/product\/raft-building-sierre-lake-de-la-breche\/","name":"Building rafts in Sierre, Valais, on Lac de La Br\u00e8che","isPartOf":{"@id":"https:\/\/www.swissraft.ch\/en\/#website"},"primaryImageOfPage":{"@id":"https:\/\/www.swissraft.ch\/en\/product\/raft-building-sierre-lake-de-la-breche\/#primaryimage"},"image":{"@id":"https:\/\/www.swissraft.ch\/en\/product\/raft-building-sierre-lake-de-la-breche\/#primaryimage"},"thumbnailUrl":"https:\/\/www.swissraft.ch\/wp-content\/uploads\/2024\/05\/1-5-Sierre-radeau-776x776-1.jpg","datePublished":"2024-05-26T00:10:32+00:00","dateModified":"2026-04-15T21:21:16+00:00","description":"Raft building in Sierre on Lake La Br\u00e8che. Dans un cadre magnifique, pr\u00e8s du golf de Sierre et le long du Rh\u00f4ne","breadcrumb":{"@id":"https:\/\/www.swissraft.ch\/en\/product\/raft-building-sierre-lake-de-la-breche\/#breadcrumb"},"inLanguage":"en-US","potentialAction":[{"@type":"ReadAction","target":["https:\/\/www.swissraft.ch\/en\/product\/raft-building-sierre-lake-de-la-breche\/"]}]},{"@type":"ImageObject","inLanguage":"en-US","@id":"https:\/\/www.swissraft.ch\/en\/product\/raft-building-sierre-lake-de-la-breche\/#primaryimage","url":"https:\/\/www.swissraft.ch\/wp-content\/uploads\/2024\/05\/1-5-Sierre-radeau-776x776-1.jpg","contentUrl":"https:\/\/www.swissraft.ch\/wp-content\/uploads\/2024\/05\/1-5-Sierre-radeau-776x776-1.jpg","width":776,"height":776,"caption":"Building rafts in Sierre"},{"@type":"BreadcrumbList","@id":"https:\/\/www.swissraft.ch\/en\/product\/raft-building-sierre-lake-de-la-breche\/#breadcrumb","itemListElement":[{"@type":"ListItem","position":1,"name":"Accueil","item":"https:\/\/www.swissraft.ch\/en\/"},{"@type":"ListItem","position":2,"name":"Store","item":"https:\/\/www.swissraft.ch\/en\/store\/"},{"@type":"ListItem","position":3,"name":"Raft building &#8211; Sierre &#8211; Lake of La Br\u00e8che &#8211; From CHF 78.00"}]},{"@type":"WebSite","@id":"https:\/\/www.swissraft.ch\/en\/#website","url":"https:\/\/www.swissraft.ch\/en\/","name":"Swissraft","description":"To enjoy nature as it is","publisher":{"@id":"https:\/\/www.swissraft.ch\/en\/#organization"},"potentialAction":[{"@type":"SearchAction","target":{"@type":"EntryPoint","urlTemplate":"https:\/\/www.swissraft.ch\/en\/?s={search_term_string}"},"query-input":{"@type":"PropertyValueSpecification","valueRequired":true,"valueName":"search_term_string"}}],"inLanguage":"en-US"},{"@type":"Organization","@id":"https:\/\/www.swissraft.ch\/en\/#organization","name":"Swissraft","url":"https:\/\/www.swissraft.ch\/en\/","logo":{"@type":"ImageObject","inLanguage":"en-US","@id":"https:\/\/www.swissraft.ch\/en\/#\/schema\/logo\/image\/","url":"https:\/\/www.swissraft.ch\/wp-content\/uploads\/2025\/09\/Capture.jpg","contentUrl":"https:\/\/www.swissraft.ch\/wp-content\/uploads\/2025\/09\/Capture.jpg","width":293,"height":108,"caption":"Swissraft"},"image":{"@id":"https:\/\/www.swissraft.ch\/en\/#\/schema\/logo\/image\/"}}]}},"_links":{"self":[{"href":"https:\/\/www.swissraft.ch\/en\/wp-json\/wp\/v2\/product\/92043","targetHints":{"allow":["GET"]}}],"collection":[{"href":"https:\/\/www.swissraft.ch\/en\/wp-json\/wp\/v2\/product"}],"about":[{"href":"https:\/\/www.swissraft.ch\/en\/wp-json\/wp\/v2\/types\/product"}],"replies":[{"embeddable":true,"href":"https:\/\/www.swissraft.ch\/en\/wp-json\/wp\/v2\/comments?post=92043"}],"version-history":[{"count":36,"href":"https:\/\/www.swissraft.ch\/en\/wp-json\/wp\/v2\/product\/92043\/revisions"}],"predecessor-version":[{"id":140113,"href":"https:\/\/www.swissraft.ch\/en\/wp-json\/wp\/v2\/product\/92043\/revisions\/140113"}],"wp:featuredmedia":[{"embeddable":true,"href":"https:\/\/www.swissraft.ch\/en\/wp-json\/wp\/v2\/media\/90705"}],"wp:attachment":[{"href":"https:\/\/www.swissraft.ch\/en\/wp-json\/wp\/v2\/media?parent=92043"}],"wp:term":[{"taxonomy":"product_cat","embeddable":true,"href":"https:\/\/www.swissraft.ch\/en\/wp-json\/wp\/v2\/product_cat?post=92043"},{"taxonomy":"product_tag","embeddable":true,"href":"https:\/\/www.swissraft.ch\/en\/wp-json\/wp\/v2\/product_tag?post=92043"}],"curies":[{"name":"wp","href":"https:\/\/api.w.org\/{rel}","templated":true}]}}