{"id":92023,"date":"2024-05-21T02:49:04","date_gmt":"2024-05-21T00:49:04","guid":{"rendered":"https:\/\/swissraft.xyanzkdne.eu\/product\/canoe-funyak-on-the-rhine-versam-reichenau-from-chf-135-00\/"},"modified":"2026-04-12T22:19:58","modified_gmt":"2026-04-12T20:19:58","slug":"canoeing-funyak-rhine-versam-reichenau","status":"publish","type":"product","link":"https:\/\/www.swissraft.ch\/en\/product\/canoeing-funyak-rhine-versam-reichenau\/","title":{"rendered":"Canoe or Funyak &#8211; Rhine &#8211; Versam-Reichenau &#8211; From CHF 135.00"},"content":{"rendered":"\t\t<div data-elementor-type=\"wp-post\" data-elementor-id=\"92023\" class=\"elementor elementor-92023 elementor-67466\">\n\t\t\t\t\t\t\t\t\t<section class=\"elementor-section elementor-top-section elementor-element elementor-element-3303a7e3 elementor-section-boxed elementor-section-height-default elementor-section-height-default\" data-id=\"3303a7e3\" data-element_type=\"section\">\n\t\t\t\t\t\t<div class=\"elementor-container elementor-column-gap-default\">\n\t\t\t\t\t<div class=\"elementor-column elementor-col-100 elementor-top-column elementor-element elementor-element-16d72dbf\" data-id=\"16d72dbf\" data-element_type=\"column\">\n\t\t\t<div class=\"elementor-widget-wrap elementor-element-populated\">\n\t\t\t\t\t\t\t\t<div class=\"elementor-element elementor-element-d743c03 elementor-widget elementor-widget-text-editor\" data-id=\"d743c03\" data-element_type=\"widget\" data-widget_type=\"text-editor.default\">\n\t\t\t\t<div class=\"elementor-widget-container\">\n\t\t\t\t\t\t\t<h2>CHOOSE YOUR ACTIVITY BELOW TO OFFER GIFT VOUCHERS \/ TICKETS OR MAKE A RESERVATION<\/h2><table border=\"0\" width=\"580\" cellspacing=\"10\" cellpadding=\"10\"><tbody><tr><td width=\"50%\"><strong>CANOEING OR FUNYAK &#8211; RHINE + Ap\u00e9ritif<\/strong><\/td><td><strong><span class=\"productPrice\">CHF 170.00 per person<\/span><\/strong><\/td><\/tr><tr><td>Further information<\/td><td><span class=\"plbl\">&#8211; Youth price<\/span> : <span class=\"patt\"><strong>CHF 135.00<\/strong>\/pers. up to 17 years old<br \/>&#8211; Minimum age : 12 years<br \/>&#8211; School price : <span class=\"patt\" style=\"font-family: inherit; font-size: inherit;\"><span class=\"plbl\"><a href=\"https:\/\/www.swissraft.ch\/en\/contact\/\">contact us<\/a><\/span><\/span><\/span><\/td><\/tr><tr><td>Schedules<\/td><td>09.20 am \/ 01.20 pm<\/td><\/tr><tr><td>Canoeing or Funyak<\/td><td>appro. 2 hrs<\/td><\/tr><tr><td>Total duration<\/td><td>approx. 3,5 hrs<\/td><\/tr><tr><td>Meeting point<\/td><td><a href=\"https:\/\/www.google.com\/maps\/place\/46%C2%B049'29.1%22N+9%C2%B024'21.6%22E\/@46.8249245,9.3967443,1544m\/data=!3m1!1e3!4m4!3m3!8m2!3d46.82475!4d9.406?entry=ttu\" target=\"_blank\" rel=\"noopener\">Reichenau-Tamins<\/a><\/td><\/tr><tr><td>Difficulty<\/td><td>1<\/td><\/tr><tr><td><a href=\"https:\/\/swissraft.outdoorbooking.ch\/fo\/products\/2080?base_id=2&amp;category_id=9&amp;order_type=gift_voucher&amp;lang=de\" target=\"_blank\" rel=\"noopener\"><button class=\"elementor-button\" type=\"button\">PURCHASE GIFT VOUCHER \/ TICKET<\/button><\/a><\/td><td><a href=\"https:\/\/swissraft.outdoorbooking.ch\/fo\/products\/2080?base_id=2&amp;category_id=9&amp;order_type=event&amp;lang=en\" target=\"_blank\" rel=\"noopener\">BOOK A DATE<\/a> \u00a0<strong>CHF 170.00<\/strong>\/pers.<\/td><\/tr><tr><td><a href=\"https:\/\/swissraft.outdoorbooking.ch\/fo\/products\/1935?base_id=2&amp;category_id=9&amp;order_type=gift_voucher&amp;lang=en\" target=\"_blank\" rel=\"noopener\"><button class=\"elementor-button\" type=\"button\">PURCHASE GIFT VOUCHER \/ TICKET<\/button><\/a><\/td><td><a href=\"https:\/\/swissraft.outdoorbooking.ch\/fo\/products\/1935?base_id=2&amp;category_id=9&amp;order_type=event&amp;lang=en\" target=\"_blank\" rel=\"noopener\">BOOK A DATE<\/a> \u00a0<strong>CHF 135.00<\/strong>\/pers.<strong> (5-12 pers.)<\/strong><\/td><\/tr><tr><td><a href=\"https:\/\/swissraft.outdoorbooking.ch\/fo\/products\/1933?base_id=2&amp;category_id=9&amp;order_type=gift_voucher&amp;lang=en\" target=\"_blank\" rel=\"noopener\"><button class=\"elementor-button\" type=\"button\">PURCHASE GIFT VOUCHER \/ TICKET<\/button><\/a><\/td><td><a href=\"https:\/\/swissraft.outdoorbooking.ch\/fo\/products\/1933?base_id=2&amp;category_id=9&amp;order_type=event&amp;lang=en\" target=\"_blank\" rel=\"noopener\">BOOK A DATE<\/a> \u00a0<strong>CHF 390.00 <\/strong><strong>(family of 3 pers.)<\/strong><\/td><\/tr><tr><td><a href=\"https:\/\/swissraft.outdoorbooking.ch\/fo\/products\/1934?base_id=2&amp;category_id=9&amp;order_type=gift_voucher&amp;lang=en\" target=\"_blank\" rel=\"noopener\"><button class=\"elementor-button\" type=\"button\">PURCHASE GIFT VOUCHER \/ TICKET<\/button><\/a><\/td><td><a href=\"https:\/\/swissraft.outdoorbooking.ch\/fo\/products\/1934?base_id=2&amp;category_id=9&amp;order_type=event&amp;lang=en\" target=\"_blank\" rel=\"noopener\">BOOK A DATE<\/a> \u00a0<strong>CHF 500.00 <\/strong><strong>(family of 4 pers.)<\/strong><\/td><\/tr><\/tbody><\/table>\t\t\t\t\t\t<\/div>\n\t\t\t\t<\/div>\n\t\t\t\t\t<\/div>\n\t\t<\/div>\n\t\t\t\t\t\t\t<\/div>\n\t\t<\/section>\n\t\t\t\t\t\t\t<\/div>\n\t\t","protected":false},"excerpt":{"rendered":"<div align=\"justify\">\n<h2 align=\"justify\">Canoeing or Funyak from Versam to Reichenau through the Swiss Grand Canyon<\/h2>\n<h3>This Funyak adventure is one of the great classics of this discipline<\/h3>\n<\/div>\n<div align=\"justify\">\n<p>The Swiss Grand Canyon offers a unique experience by canoe, funyak or ducky. Explore this spectacular canyon with its breathtaking scenery. First, choose your favorite boat. Then get ready for an unforgettable adventure.<br \/>\nFunyak, also known as canoe or ducky, is perfect for everyone. Whether you&#8217;re a beginner or an expert, you&#8217;ll enjoy this trip. What&#8217;s more, the activity reinforces team spirit. You paddle together, sharing memorable moments. Then you equip yourself with a lifejacket, helmet and paddle. This equipment ensures your safety. Our guides will give you clear instructions before you set off. You learn how to handle your boat properly. Then you begin your descent. Class I to II rapids offer just the right amount of adrenalin. Between two rapids, admire the impressive cliffs. Finally, this Swiss Grand Canyon experience combines adventure, relaxation and safety. With spectacular scenery and an activity accessible to all, your day will be a memorable one. Join us for an unforgettable canoe, funyak or ducky adventure.<\/p>\n<h3>We offer several routes on Swiss rivers for Canoeing, Funyak or Ducky.<\/h3>\n<p id=\"textarea\" style=\"display: none;\">\nStill on the Anterior Rhine, a more eventful section from Ilanz to Valendas or a day trip from Ilanz to Reichenau. But also below the Rhine Falls for a half-day trip on the Schaffhausen-Rheinau route. But also the Schaffhausen-R\u00fcdlingen route, a one-day descent. Likewise on the Reuss, the half-day trips Bremgarten-Mellingen, Mellingen-Gebenstorf and a full-day trip Bremgarten-Gebenstorf are sure to please. In Valais on the Rh\u00f4ne, we propose the section between Chippis and St. Gallen. L\u00e9onard, a quiet part of the Rh\u00f4ne, and the Souste-Sierre route, a higher level. Finally, in Ticino, there&#8217;s the funyak route from Cresciano to Gorduno, ideal for a school outing.\n<\/p>\n<p><a id=\"seeMore\" onclick=\"toggleSeeMore()\" href=\"javascript:void(0);\">Read more<\/a><\/p>\n","protected":false},"featured_media":90387,"comment_status":"open","ping_status":"closed","template":"","meta":{"inline_featured_image":false,"_mi_skip_tracking":false},"product_cat":[379,382],"product_tag":[],"class_list":["post-92023","product","type-product","status-publish","has-post-thumbnail","hentry","product_cat-funyak-or-ducky-canoe","product_cat-canoe-funyak-on-the-rhin-river"],"yoast_head":"<!-- This site is optimized with the Yoast SEO plugin v23.6 - https:\/\/yoast.com\/wordpress\/plugins\/seo\/ -->\n<title>Versam-Reichenau canoeing on the Rhine in the Swiss Grand Canyon<\/title>\n<meta name=\"description\" content=\"Canoeing Versam-Reichenau, on the Rhine in the famous Swiss Grand Canyon. This is one of the most popular stretches for canoe, funyak and ducky enthusiasts.\" \/>\n<meta name=\"robots\" content=\"index, follow, max-snippet:-1, max-image-preview:large, max-video-preview:-1\" \/>\n<link rel=\"canonical\" href=\"https:\/\/www.swissraft.ch\/en\/product\/canoeing-funyak-rhine-versam-reichenau\/\" \/>\n<meta property=\"og:locale\" content=\"en_US\" \/>\n<meta property=\"og:type\" content=\"article\" \/>\n<meta property=\"og:title\" content=\"Versam-Reichenau canoeing on the Rhine in the Swiss Grand Canyon\" \/>\n<meta property=\"og:description\" content=\"Canoeing Versam-Reichenau, on the Rhine in the famous Swiss Grand Canyon. This is one of the most popular stretches for canoe, funyak and ducky enthusiasts.\" \/>\n<meta property=\"og:url\" content=\"https:\/\/www.swissraft.ch\/en\/product\/canoeing-funyak-rhine-versam-reichenau\/\" \/>\n<meta property=\"og:site_name\" content=\"Swissraft\" \/>\n<meta property=\"article:modified_time\" content=\"2026-04-12T20:19:58+00:00\" \/>\n<meta property=\"og:image\" content=\"https:\/\/www.swissraft.ch\/wp-content\/uploads\/2024\/05\/Funyak-Vorderrhein-776x776-1.jpg\" \/>\n\t<meta property=\"og:image:width\" content=\"776\" \/>\n\t<meta property=\"og:image:height\" content=\"776\" \/>\n\t<meta property=\"og:image:type\" content=\"image\/jpeg\" \/>\n<meta name=\"twitter:card\" content=\"summary_large_image\" \/>\n<meta name=\"twitter:label1\" content=\"Est. reading time\" \/>\n\t<meta name=\"twitter:data1\" content=\"1 minute\" \/>\n<script type=\"application\/ld+json\" class=\"yoast-schema-graph\">{\"@context\":\"https:\/\/schema.org\",\"@graph\":[{\"@type\":\"WebPage\",\"@id\":\"https:\/\/www.swissraft.ch\/en\/product\/canoeing-funyak-rhine-versam-reichenau\/\",\"url\":\"https:\/\/www.swissraft.ch\/en\/product\/canoeing-funyak-rhine-versam-reichenau\/\",\"name\":\"Versam-Reichenau canoeing on the Rhine in the Swiss Grand Canyon\",\"isPartOf\":{\"@id\":\"https:\/\/www.swissraft.ch\/en\/#website\"},\"primaryImageOfPage\":{\"@id\":\"https:\/\/www.swissraft.ch\/en\/product\/canoeing-funyak-rhine-versam-reichenau\/#primaryimage\"},\"image\":{\"@id\":\"https:\/\/www.swissraft.ch\/en\/product\/canoeing-funyak-rhine-versam-reichenau\/#primaryimage\"},\"thumbnailUrl\":\"https:\/\/www.swissraft.ch\/wp-content\/uploads\/2024\/05\/Funyak-Vorderrhein-776x776-1.jpg\",\"datePublished\":\"2024-05-21T00:49:04+00:00\",\"dateModified\":\"2026-04-12T20:19:58+00:00\",\"description\":\"Canoeing Versam-Reichenau, on the Rhine in the famous Swiss Grand Canyon. This is one of the most popular stretches for canoe, funyak and ducky enthusiasts.\",\"breadcrumb\":{\"@id\":\"https:\/\/www.swissraft.ch\/en\/product\/canoeing-funyak-rhine-versam-reichenau\/#breadcrumb\"},\"inLanguage\":\"en-US\",\"potentialAction\":[{\"@type\":\"ReadAction\",\"target\":[\"https:\/\/www.swissraft.ch\/en\/product\/canoeing-funyak-rhine-versam-reichenau\/\"]}]},{\"@type\":\"ImageObject\",\"inLanguage\":\"en-US\",\"@id\":\"https:\/\/www.swissraft.ch\/en\/product\/canoeing-funyak-rhine-versam-reichenau\/#primaryimage\",\"url\":\"https:\/\/www.swissraft.ch\/wp-content\/uploads\/2024\/05\/Funyak-Vorderrhein-776x776-1.jpg\",\"contentUrl\":\"https:\/\/www.swissraft.ch\/wp-content\/uploads\/2024\/05\/Funyak-Vorderrhein-776x776-1.jpg\",\"width\":776,\"height\":776,\"caption\":\"Canoe or Funyak Versam Reichenau on the Vorderrhein\"},{\"@type\":\"BreadcrumbList\",\"@id\":\"https:\/\/www.swissraft.ch\/en\/product\/canoeing-funyak-rhine-versam-reichenau\/#breadcrumb\",\"itemListElement\":[{\"@type\":\"ListItem\",\"position\":1,\"name\":\"Accueil\",\"item\":\"https:\/\/www.swissraft.ch\/en\/\"},{\"@type\":\"ListItem\",\"position\":2,\"name\":\"Store\",\"item\":\"https:\/\/www.swissraft.ch\/en\/store\/\"},{\"@type\":\"ListItem\",\"position\":3,\"name\":\"Canoe or Funyak &#8211; Rhine &#8211; Versam-Reichenau &#8211; From CHF 135.00\"}]},{\"@type\":\"WebSite\",\"@id\":\"https:\/\/www.swissraft.ch\/en\/#website\",\"url\":\"https:\/\/www.swissraft.ch\/en\/\",\"name\":\"Swissraft\",\"description\":\"To enjoy nature as it is\",\"publisher\":{\"@id\":\"https:\/\/www.swissraft.ch\/en\/#organization\"},\"potentialAction\":[{\"@type\":\"SearchAction\",\"target\":{\"@type\":\"EntryPoint\",\"urlTemplate\":\"https:\/\/www.swissraft.ch\/en\/?s={search_term_string}\"},\"query-input\":{\"@type\":\"PropertyValueSpecification\",\"valueRequired\":true,\"valueName\":\"search_term_string\"}}],\"inLanguage\":\"en-US\"},{\"@type\":\"Organization\",\"@id\":\"https:\/\/www.swissraft.ch\/en\/#organization\",\"name\":\"Swissraft\",\"url\":\"https:\/\/www.swissraft.ch\/en\/\",\"logo\":{\"@type\":\"ImageObject\",\"inLanguage\":\"en-US\",\"@id\":\"https:\/\/www.swissraft.ch\/en\/#\/schema\/logo\/image\/\",\"url\":\"https:\/\/www.swissraft.ch\/wp-content\/uploads\/2025\/09\/Capture.jpg\",\"contentUrl\":\"https:\/\/www.swissraft.ch\/wp-content\/uploads\/2025\/09\/Capture.jpg\",\"width\":293,\"height\":108,\"caption\":\"Swissraft\"},\"image\":{\"@id\":\"https:\/\/www.swissraft.ch\/en\/#\/schema\/logo\/image\/\"}}]}<\/script>\n<!-- \/ Yoast SEO plugin. -->","yoast_head_json":{"title":"Versam-Reichenau canoeing on the Rhine in the Swiss Grand Canyon","description":"Canoeing Versam-Reichenau, on the Rhine in the famous Swiss Grand Canyon. This is one of the most popular stretches for canoe, funyak and ducky enthusiasts.","robots":{"index":"index","follow":"follow","max-snippet":"max-snippet:-1","max-image-preview":"max-image-preview:large","max-video-preview":"max-video-preview:-1"},"canonical":"https:\/\/www.swissraft.ch\/en\/product\/canoeing-funyak-rhine-versam-reichenau\/","og_locale":"en_US","og_type":"article","og_title":"Versam-Reichenau canoeing on the Rhine in the Swiss Grand Canyon","og_description":"Canoeing Versam-Reichenau, on the Rhine in the famous Swiss Grand Canyon. This is one of the most popular stretches for canoe, funyak and ducky enthusiasts.","og_url":"https:\/\/www.swissraft.ch\/en\/product\/canoeing-funyak-rhine-versam-reichenau\/","og_site_name":"Swissraft","article_modified_time":"2026-04-12T20:19:58+00:00","og_image":[{"width":776,"height":776,"url":"https:\/\/www.swissraft.ch\/wp-content\/uploads\/2024\/05\/Funyak-Vorderrhein-776x776-1.jpg","type":"image\/jpeg"}],"twitter_card":"summary_large_image","twitter_misc":{"Est. reading time":"1 minute"},"schema":{"@context":"https:\/\/schema.org","@graph":[{"@type":"WebPage","@id":"https:\/\/www.swissraft.ch\/en\/product\/canoeing-funyak-rhine-versam-reichenau\/","url":"https:\/\/www.swissraft.ch\/en\/product\/canoeing-funyak-rhine-versam-reichenau\/","name":"Versam-Reichenau canoeing on the Rhine in the Swiss Grand Canyon","isPartOf":{"@id":"https:\/\/www.swissraft.ch\/en\/#website"},"primaryImageOfPage":{"@id":"https:\/\/www.swissraft.ch\/en\/product\/canoeing-funyak-rhine-versam-reichenau\/#primaryimage"},"image":{"@id":"https:\/\/www.swissraft.ch\/en\/product\/canoeing-funyak-rhine-versam-reichenau\/#primaryimage"},"thumbnailUrl":"https:\/\/www.swissraft.ch\/wp-content\/uploads\/2024\/05\/Funyak-Vorderrhein-776x776-1.jpg","datePublished":"2024-05-21T00:49:04+00:00","dateModified":"2026-04-12T20:19:58+00:00","description":"Canoeing Versam-Reichenau, on the Rhine in the famous Swiss Grand Canyon. This is one of the most popular stretches for canoe, funyak and ducky enthusiasts.","breadcrumb":{"@id":"https:\/\/www.swissraft.ch\/en\/product\/canoeing-funyak-rhine-versam-reichenau\/#breadcrumb"},"inLanguage":"en-US","potentialAction":[{"@type":"ReadAction","target":["https:\/\/www.swissraft.ch\/en\/product\/canoeing-funyak-rhine-versam-reichenau\/"]}]},{"@type":"ImageObject","inLanguage":"en-US","@id":"https:\/\/www.swissraft.ch\/en\/product\/canoeing-funyak-rhine-versam-reichenau\/#primaryimage","url":"https:\/\/www.swissraft.ch\/wp-content\/uploads\/2024\/05\/Funyak-Vorderrhein-776x776-1.jpg","contentUrl":"https:\/\/www.swissraft.ch\/wp-content\/uploads\/2024\/05\/Funyak-Vorderrhein-776x776-1.jpg","width":776,"height":776,"caption":"Canoe or Funyak Versam Reichenau on the Vorderrhein"},{"@type":"BreadcrumbList","@id":"https:\/\/www.swissraft.ch\/en\/product\/canoeing-funyak-rhine-versam-reichenau\/#breadcrumb","itemListElement":[{"@type":"ListItem","position":1,"name":"Accueil","item":"https:\/\/www.swissraft.ch\/en\/"},{"@type":"ListItem","position":2,"name":"Store","item":"https:\/\/www.swissraft.ch\/en\/store\/"},{"@type":"ListItem","position":3,"name":"Canoe or Funyak &#8211; Rhine &#8211; Versam-Reichenau &#8211; From CHF 135.00"}]},{"@type":"WebSite","@id":"https:\/\/www.swissraft.ch\/en\/#website","url":"https:\/\/www.swissraft.ch\/en\/","name":"Swissraft","description":"To enjoy nature as it is","publisher":{"@id":"https:\/\/www.swissraft.ch\/en\/#organization"},"potentialAction":[{"@type":"SearchAction","target":{"@type":"EntryPoint","urlTemplate":"https:\/\/www.swissraft.ch\/en\/?s={search_term_string}"},"query-input":{"@type":"PropertyValueSpecification","valueRequired":true,"valueName":"search_term_string"}}],"inLanguage":"en-US"},{"@type":"Organization","@id":"https:\/\/www.swissraft.ch\/en\/#organization","name":"Swissraft","url":"https:\/\/www.swissraft.ch\/en\/","logo":{"@type":"ImageObject","inLanguage":"en-US","@id":"https:\/\/www.swissraft.ch\/en\/#\/schema\/logo\/image\/","url":"https:\/\/www.swissraft.ch\/wp-content\/uploads\/2025\/09\/Capture.jpg","contentUrl":"https:\/\/www.swissraft.ch\/wp-content\/uploads\/2025\/09\/Capture.jpg","width":293,"height":108,"caption":"Swissraft"},"image":{"@id":"https:\/\/www.swissraft.ch\/en\/#\/schema\/logo\/image\/"}}]}},"_links":{"self":[{"href":"https:\/\/www.swissraft.ch\/en\/wp-json\/wp\/v2\/product\/92023","targetHints":{"allow":["GET"]}}],"collection":[{"href":"https:\/\/www.swissraft.ch\/en\/wp-json\/wp\/v2\/product"}],"about":[{"href":"https:\/\/www.swissraft.ch\/en\/wp-json\/wp\/v2\/types\/product"}],"replies":[{"embeddable":true,"href":"https:\/\/www.swissraft.ch\/en\/wp-json\/wp\/v2\/comments?post=92023"}],"version-history":[{"count":58,"href":"https:\/\/www.swissraft.ch\/en\/wp-json\/wp\/v2\/product\/92023\/revisions"}],"predecessor-version":[{"id":139779,"href":"https:\/\/www.swissraft.ch\/en\/wp-json\/wp\/v2\/product\/92023\/revisions\/139779"}],"wp:featuredmedia":[{"embeddable":true,"href":"https:\/\/www.swissraft.ch\/en\/wp-json\/wp\/v2\/media\/90387"}],"wp:attachment":[{"href":"https:\/\/www.swissraft.ch\/en\/wp-json\/wp\/v2\/media?parent=92023"}],"wp:term":[{"taxonomy":"product_cat","embeddable":true,"href":"https:\/\/www.swissraft.ch\/en\/wp-json\/wp\/v2\/product_cat?post=92023"},{"taxonomy":"product_tag","embeddable":true,"href":"https:\/\/www.swissraft.ch\/en\/wp-json\/wp\/v2\/product_tag?post=92023"}],"curies":[{"name":"wp","href":"https:\/\/api.w.org\/{rel}","templated":true}]}}