{"id":131345,"date":"2026-03-02T22:29:15","date_gmt":"2026-03-02T21:29:15","guid":{"rendered":"https:\/\/www.swissraft.ch\/?post_type=product&#038;p=131345"},"modified":"2026-03-04T04:50:24","modified_gmt":"2026-03-04T03:50:24","slug":"easy-rafting-on-the-reuss-bremgarten-mellingen-from-chf-79-00-copie","status":"publish","type":"product","link":"https:\/\/www.swissraft.ch\/en\/product\/easy-rafting-on-the-reuss-bremgarten-mellingen-from-chf-79-00-copie\/","title":{"rendered":"Canoe or Funyak on THE REUSS &#8211; BREMGARTEN-MELLINGEN &#8211; From CHF 79.00"},"content":{"rendered":"\t\t<div data-elementor-type=\"wp-post\" data-elementor-id=\"131345\" class=\"elementor elementor-131345 elementor-131343\">\n\t\t\t\t\t\t\t\t\t<section class=\"elementor-section elementor-top-section elementor-element elementor-element-3303a7e3 elementor-section-boxed elementor-section-height-default elementor-section-height-default\" data-id=\"3303a7e3\" data-element_type=\"section\">\n\t\t\t\t\t\t<div class=\"elementor-container elementor-column-gap-default\">\n\t\t\t\t\t<div class=\"elementor-column elementor-col-100 elementor-top-column elementor-element elementor-element-16d72dbf\" data-id=\"16d72dbf\" data-element_type=\"column\">\n\t\t\t<div class=\"elementor-widget-wrap elementor-element-populated\">\n\t\t\t\t\t\t\t\t<div class=\"elementor-element elementor-element-d743c03 elementor-widget elementor-widget-text-editor\" data-id=\"d743c03\" data-element_type=\"widget\" data-widget_type=\"text-editor.default\">\n\t\t\t\t<div class=\"elementor-widget-container\">\n\t\t\t\t\t\t\t<h2>CHOOSE YOUR ACTIVITY BELOW TO OFFER GIFT VOUCHERS \/ TICKETS OR MAKE A RESERVATION<\/h2><table border=\"0\" width=\"580\" cellspacing=\"10\" cellpadding=\"10\"><tbody><tr><td width=\"50%\"><strong>CANOE or FUNYAK &#8211; BREMGARTEN-MELLINGEN + Ap\u00e9ritif<\/strong><\/td><td><strong><span class=\"productPrice\">CHF 1\u2019360.00 package<\/span><\/strong><\/td><\/tr><tr><td>Further information<\/td><td><span class=\"patt\"><span class=\"plbl\">&#8211; Youth price<\/span> : <strong>CHF 79.00<\/strong>\/pers. up to 17 years<br \/>&#8211; Minimum age : 7 years<br \/>&#8211; School price : <span class=\"patt\" style=\"font-family: inherit; font-size: inherit;\"><span class=\"plbl\"><a href=\"https:\/\/www.swissraft.ch\/en\/contact\/\">contact us<\/a><\/span><\/span><\/span><\/td><\/tr><tr><td>Route<\/td><td><strong>Bremgarten-Mellingen<\/strong><\/td><\/tr><tr><td>Schedule<\/td><td>10.00 am<\/td><\/tr><tr><td>Canoe or Funyak<\/td><td>approx. 2 hrs<\/td><\/tr><tr><td>Total duration<\/td><td>approx. 3,5 hrs<\/td><\/tr><tr><td>Meeting point<\/td><td><span style=\"color: #ff6600;\"><a href=\"https:\/\/www.google.com\/maps\/place\/47%C2%B020'58.8%22N+8%C2%B020'24.2%22E\/@47.3499284,8.3355817,765m\/data=!3m1!1e3!4m4!3m3!8m2!3d47.3496667!4d8.3400556?entry=ttu\" target=\"_blank\" rel=\"noopener\">Bremgarten<\/a><\/span><\/td><\/tr><tr><td>Difficulty<\/td><td>1<\/td><\/tr><tr><td><a href=\"https:\/\/swissraft.outdoorbooking.ch\/fo\/products\/1969?base_id=91&amp;category_id=9&amp;order_type=gift_voucher&amp;lang=en\" target=\"_blank\" rel=\"noopener\"><button class=\"elementor-button\" type=\"button\">PURCHASE GIFT VOUCHER \/ TICKET<\/button><\/a><\/td><td><a href=\"https:\/\/swissraft.outdoorbooking.ch\/fo\/products\/1969?base_id=91&amp;category_id=9&amp;order_type=event&amp;lang=en\" target=\"_blank\" rel=\"noopener\">BOOK A DATE<\/a>\u00a0 <strong>CHF 1&#8217;360.00 (1-12 pers.)<\/strong><\/td><\/tr><tr><td><a href=\"https:\/\/swissraft.outdoorbooking.ch\/fo\/products\/1970?base_id=91&amp;category_id=9&amp;order_type=gift_voucher&amp;lang=en\" target=\"_blank\" rel=\"noopener\"><button class=\"elementor-button\" type=\"button\">PURCHASE GIFT VOUCHER \/ TICKET<\/button><\/a><\/td><td><a href=\"https:\/\/swissraft.outdoorbooking.ch\/fo\/products\/1970?base_id=91&amp;category_id=9&amp;order_type=event&amp;lang=en\" target=\"_blank\" rel=\"noopener\">BOOK A DATE<\/a>\u00a0 <strong>CHF 114.00<\/strong>\/pers.<strong> (13-20 pers.)<\/strong><\/td><\/tr><tr><td><a href=\"https:\/\/swissraft.outdoorbooking.ch\/fo\/products\/1971?base_id=91&amp;category_id=9&amp;order_type=gift_voucher&amp;lang=en\" target=\"_blank\" rel=\"noopener\"><button class=\"elementor-button\" type=\"button\">PURCHASE GIFT VOUCHER \/ TICKET<\/button><\/a><\/td><td><a href=\"https:\/\/swissraft.outdoorbooking.ch\/fo\/products\/1971?base_id=91&amp;category_id=9&amp;order_type=event&amp;lang=en\" target=\"_blank\" rel=\"noopener\">BOOK A DATE<\/a>\u00a0 <strong>CHF 104.00<\/strong>\/pers.<strong> (21-30 pers.)<\/strong><\/td><\/tr><tr><td><a href=\"https:\/\/swissraft.outdoorbooking.ch\/fo\/products\/1115?base_id=91&amp;category_id=9&amp;order_type=gift_voucher&amp;lang=en\" target=\"_blank\" rel=\"noopener\"><button class=\"elementor-button\" type=\"button\">PURCHASE GIFT VOUCHER \/ TICKET<\/button><\/a><\/td><td><a href=\"https:\/\/swissraft.outdoorbooking.ch\/fo\/products\/1115?base_id=91&amp;category_id=9&amp;order_type=event&amp;lang=en\" target=\"_blank\" rel=\"noopener\">BOOK A DATE<\/a>\u00a0 <strong>CHF 94.00<\/strong>\/pers.<strong> (31 pers. and more)<\/strong><\/td><\/tr><\/tbody><\/table>\t\t\t\t\t\t<\/div>\n\t\t\t\t<\/div>\n\t\t\t\t\t<\/div>\n\t\t<\/div>\n\t\t\t\t\t\t\t<\/div>\n\t\t<\/section>\n\t\t\t\t\t\t\t<\/div>\n\t\t","protected":false},"excerpt":{"rendered":"<div align=\"justify\">\n<h2 align=\"justify\">Canoe or Funyak on THE REUSS &#8211; BREMGARTEN-MELLINGEN &#8211; From CHF 79.00<\/h2>\n<h3>Funyak, also known as Ducky, on the Reuss, a lovely route along the river<\/h3>\n<\/div>\n<div align=\"justify\">\n<p>Canoeing on the Reuss for everyone in the canton of Aargau. What&#8217;s more, the route is particularly suited to corporate and club outings. The Reuss is also ideal for class outings, family outings or trips with friends. Down the Reuss from Bremgarten to Mellingen.<\/p>\n<h3>On the Reuss, we offer up to two other options: Easy rafting on the Reuss<\/h3>\n<p id=\"textarea\" style=\"display: none;\">\nOn the one hand, the Funyak from Mellingen to Gebenstorf and from Bremgarten to Gebenstorf. Also on the Reuss, Swissraft offers six Easy rafting or Fun rafting routes. Also <strong>easy rafting<\/strong> on the Sarine, Rh\u00f4ne and L\u00fctschine rivers at Interlaken in the Bernese Oberland. Ainsi nous proposons \u00e9galement sur l&#8217;Aare entre Thoune et Berne un agr\u00e9able parcours <strong>d&#8217;easy rafting<\/strong>. But also <strong>easy rafting<\/strong> on the Ticino in Ticino and on the Inn in the lower Engadine between Scuol and Pradella. And what&#8217;s more, fun rafting on the Rhine with 2 routes: Schaffhausen &#8211; Rheinau and Schaffhausen &#8211; R\u00fcdlingen.\n<\/p>\n<p><a id=\"seeMore\" onclick=\"toggleSeeMore()\" href=\"javascript:void(0);\">Read more<\/a><\/p>\n","protected":false},"featured_media":131394,"comment_status":"open","ping_status":"closed","template":"","meta":{"inline_featured_image":false,"_mi_skip_tracking":false},"product_cat":[523,379],"product_tag":[],"class_list":["post-131345","product","type-product","status-publish","has-post-thumbnail","hentry","product_cat-canoe-funyak-on-la-reuss","product_cat-funyak-or-ducky-canoe"],"yoast_head":"<!-- This site is optimized with the Yoast SEO plugin v23.6 - https:\/\/yoast.com\/wordpress\/plugins\/seo\/ -->\n<title>Funyak Canoe Bremgarten-Mellingen<\/title>\n<meta name=\"description\" content=\"Funyak Canoe Bremgarten-Mellingen. This route is particularly suitable for company outings, schools and trips with family or friends\" \/>\n<meta name=\"robots\" content=\"index, follow, max-snippet:-1, max-image-preview:large, max-video-preview:-1\" \/>\n<link rel=\"canonical\" href=\"https:\/\/www.swissraft.ch\/en\/product\/easy-rafting-on-the-reuss-bremgarten-mellingen-from-chf-79-00-copie\/\" \/>\n<meta property=\"og:locale\" content=\"en_US\" \/>\n<meta property=\"og:type\" content=\"article\" \/>\n<meta property=\"og:title\" content=\"Funyak Canoe Bremgarten-Mellingen\" \/>\n<meta property=\"og:description\" content=\"Funyak Canoe Bremgarten-Mellingen. This route is particularly suitable for company outings, schools and trips with family or friends\" \/>\n<meta property=\"og:url\" content=\"https:\/\/www.swissraft.ch\/en\/product\/easy-rafting-on-the-reuss-bremgarten-mellingen-from-chf-79-00-copie\/\" \/>\n<meta property=\"og:site_name\" content=\"Swissraft\" \/>\n<meta property=\"article:modified_time\" content=\"2026-03-04T03:50:24+00:00\" \/>\n<meta property=\"og:image\" content=\"https:\/\/www.swissraft.ch\/wp-content\/uploads\/2026\/03\/Kanu-Reuss-776x776-1.jpg\" \/>\n\t<meta property=\"og:image:width\" content=\"776\" \/>\n\t<meta property=\"og:image:height\" content=\"776\" \/>\n\t<meta property=\"og:image:type\" content=\"image\/jpeg\" \/>\n<meta name=\"twitter:card\" content=\"summary_large_image\" \/>\n<meta name=\"twitter:label1\" content=\"Est. reading time\" \/>\n\t<meta name=\"twitter:data1\" content=\"1 minute\" \/>\n<script type=\"application\/ld+json\" class=\"yoast-schema-graph\">{\"@context\":\"https:\/\/schema.org\",\"@graph\":[{\"@type\":\"WebPage\",\"@id\":\"https:\/\/www.swissraft.ch\/en\/product\/easy-rafting-on-the-reuss-bremgarten-mellingen-from-chf-79-00-copie\/\",\"url\":\"https:\/\/www.swissraft.ch\/en\/product\/easy-rafting-on-the-reuss-bremgarten-mellingen-from-chf-79-00-copie\/\",\"name\":\"Funyak Canoe Bremgarten-Mellingen\",\"isPartOf\":{\"@id\":\"https:\/\/www.swissraft.ch\/en\/#website\"},\"primaryImageOfPage\":{\"@id\":\"https:\/\/www.swissraft.ch\/en\/product\/easy-rafting-on-the-reuss-bremgarten-mellingen-from-chf-79-00-copie\/#primaryimage\"},\"image\":{\"@id\":\"https:\/\/www.swissraft.ch\/en\/product\/easy-rafting-on-the-reuss-bremgarten-mellingen-from-chf-79-00-copie\/#primaryimage\"},\"thumbnailUrl\":\"https:\/\/www.swissraft.ch\/wp-content\/uploads\/2026\/03\/Kanu-Reuss-776x776-1.jpg\",\"datePublished\":\"2026-03-02T21:29:15+00:00\",\"dateModified\":\"2026-03-04T03:50:24+00:00\",\"description\":\"Funyak Canoe Bremgarten-Mellingen. This route is particularly suitable for company outings, schools and trips with family or friends\",\"breadcrumb\":{\"@id\":\"https:\/\/www.swissraft.ch\/en\/product\/easy-rafting-on-the-reuss-bremgarten-mellingen-from-chf-79-00-copie\/#breadcrumb\"},\"inLanguage\":\"en-US\",\"potentialAction\":[{\"@type\":\"ReadAction\",\"target\":[\"https:\/\/www.swissraft.ch\/en\/product\/easy-rafting-on-the-reuss-bremgarten-mellingen-from-chf-79-00-copie\/\"]}]},{\"@type\":\"ImageObject\",\"inLanguage\":\"en-US\",\"@id\":\"https:\/\/www.swissraft.ch\/en\/product\/easy-rafting-on-the-reuss-bremgarten-mellingen-from-chf-79-00-copie\/#primaryimage\",\"url\":\"https:\/\/www.swissraft.ch\/wp-content\/uploads\/2026\/03\/Kanu-Reuss-776x776-1.jpg\",\"contentUrl\":\"https:\/\/www.swissraft.ch\/wp-content\/uploads\/2026\/03\/Kanu-Reuss-776x776-1.jpg\",\"width\":776,\"height\":776,\"caption\":\"Canoe Bremgarten-Mellingen on the Reuss\"},{\"@type\":\"BreadcrumbList\",\"@id\":\"https:\/\/www.swissraft.ch\/en\/product\/easy-rafting-on-the-reuss-bremgarten-mellingen-from-chf-79-00-copie\/#breadcrumb\",\"itemListElement\":[{\"@type\":\"ListItem\",\"position\":1,\"name\":\"Accueil\",\"item\":\"https:\/\/www.swissraft.ch\/en\/\"},{\"@type\":\"ListItem\",\"position\":2,\"name\":\"Store\",\"item\":\"https:\/\/www.swissraft.ch\/en\/store\/\"},{\"@type\":\"ListItem\",\"position\":3,\"name\":\"Canoe or Funyak on THE REUSS &#8211; BREMGARTEN-MELLINGEN &#8211; From CHF 79.00\"}]},{\"@type\":\"WebSite\",\"@id\":\"https:\/\/www.swissraft.ch\/en\/#website\",\"url\":\"https:\/\/www.swissraft.ch\/en\/\",\"name\":\"Swissraft\",\"description\":\"To enjoy nature as it is\",\"publisher\":{\"@id\":\"https:\/\/www.swissraft.ch\/en\/#organization\"},\"potentialAction\":[{\"@type\":\"SearchAction\",\"target\":{\"@type\":\"EntryPoint\",\"urlTemplate\":\"https:\/\/www.swissraft.ch\/en\/?s={search_term_string}\"},\"query-input\":{\"@type\":\"PropertyValueSpecification\",\"valueRequired\":true,\"valueName\":\"search_term_string\"}}],\"inLanguage\":\"en-US\"},{\"@type\":\"Organization\",\"@id\":\"https:\/\/www.swissraft.ch\/en\/#organization\",\"name\":\"Swissraft\",\"url\":\"https:\/\/www.swissraft.ch\/en\/\",\"logo\":{\"@type\":\"ImageObject\",\"inLanguage\":\"en-US\",\"@id\":\"https:\/\/www.swissraft.ch\/en\/#\/schema\/logo\/image\/\",\"url\":\"https:\/\/www.swissraft.ch\/wp-content\/uploads\/2025\/09\/Capture.jpg\",\"contentUrl\":\"https:\/\/www.swissraft.ch\/wp-content\/uploads\/2025\/09\/Capture.jpg\",\"width\":293,\"height\":108,\"caption\":\"Swissraft\"},\"image\":{\"@id\":\"https:\/\/www.swissraft.ch\/en\/#\/schema\/logo\/image\/\"}}]}<\/script>\n<!-- \/ Yoast SEO plugin. -->","yoast_head_json":{"title":"Funyak Canoe Bremgarten-Mellingen","description":"Funyak Canoe Bremgarten-Mellingen. This route is particularly suitable for company outings, schools and trips with family or friends","robots":{"index":"index","follow":"follow","max-snippet":"max-snippet:-1","max-image-preview":"max-image-preview:large","max-video-preview":"max-video-preview:-1"},"canonical":"https:\/\/www.swissraft.ch\/en\/product\/easy-rafting-on-the-reuss-bremgarten-mellingen-from-chf-79-00-copie\/","og_locale":"en_US","og_type":"article","og_title":"Funyak Canoe Bremgarten-Mellingen","og_description":"Funyak Canoe Bremgarten-Mellingen. This route is particularly suitable for company outings, schools and trips with family or friends","og_url":"https:\/\/www.swissraft.ch\/en\/product\/easy-rafting-on-the-reuss-bremgarten-mellingen-from-chf-79-00-copie\/","og_site_name":"Swissraft","article_modified_time":"2026-03-04T03:50:24+00:00","og_image":[{"width":776,"height":776,"url":"https:\/\/www.swissraft.ch\/wp-content\/uploads\/2026\/03\/Kanu-Reuss-776x776-1.jpg","type":"image\/jpeg"}],"twitter_card":"summary_large_image","twitter_misc":{"Est. reading time":"1 minute"},"schema":{"@context":"https:\/\/schema.org","@graph":[{"@type":"WebPage","@id":"https:\/\/www.swissraft.ch\/en\/product\/easy-rafting-on-the-reuss-bremgarten-mellingen-from-chf-79-00-copie\/","url":"https:\/\/www.swissraft.ch\/en\/product\/easy-rafting-on-the-reuss-bremgarten-mellingen-from-chf-79-00-copie\/","name":"Funyak Canoe Bremgarten-Mellingen","isPartOf":{"@id":"https:\/\/www.swissraft.ch\/en\/#website"},"primaryImageOfPage":{"@id":"https:\/\/www.swissraft.ch\/en\/product\/easy-rafting-on-the-reuss-bremgarten-mellingen-from-chf-79-00-copie\/#primaryimage"},"image":{"@id":"https:\/\/www.swissraft.ch\/en\/product\/easy-rafting-on-the-reuss-bremgarten-mellingen-from-chf-79-00-copie\/#primaryimage"},"thumbnailUrl":"https:\/\/www.swissraft.ch\/wp-content\/uploads\/2026\/03\/Kanu-Reuss-776x776-1.jpg","datePublished":"2026-03-02T21:29:15+00:00","dateModified":"2026-03-04T03:50:24+00:00","description":"Funyak Canoe Bremgarten-Mellingen. This route is particularly suitable for company outings, schools and trips with family or friends","breadcrumb":{"@id":"https:\/\/www.swissraft.ch\/en\/product\/easy-rafting-on-the-reuss-bremgarten-mellingen-from-chf-79-00-copie\/#breadcrumb"},"inLanguage":"en-US","potentialAction":[{"@type":"ReadAction","target":["https:\/\/www.swissraft.ch\/en\/product\/easy-rafting-on-the-reuss-bremgarten-mellingen-from-chf-79-00-copie\/"]}]},{"@type":"ImageObject","inLanguage":"en-US","@id":"https:\/\/www.swissraft.ch\/en\/product\/easy-rafting-on-the-reuss-bremgarten-mellingen-from-chf-79-00-copie\/#primaryimage","url":"https:\/\/www.swissraft.ch\/wp-content\/uploads\/2026\/03\/Kanu-Reuss-776x776-1.jpg","contentUrl":"https:\/\/www.swissraft.ch\/wp-content\/uploads\/2026\/03\/Kanu-Reuss-776x776-1.jpg","width":776,"height":776,"caption":"Canoe Bremgarten-Mellingen on the Reuss"},{"@type":"BreadcrumbList","@id":"https:\/\/www.swissraft.ch\/en\/product\/easy-rafting-on-the-reuss-bremgarten-mellingen-from-chf-79-00-copie\/#breadcrumb","itemListElement":[{"@type":"ListItem","position":1,"name":"Accueil","item":"https:\/\/www.swissraft.ch\/en\/"},{"@type":"ListItem","position":2,"name":"Store","item":"https:\/\/www.swissraft.ch\/en\/store\/"},{"@type":"ListItem","position":3,"name":"Canoe or Funyak on THE REUSS &#8211; BREMGARTEN-MELLINGEN &#8211; From CHF 79.00"}]},{"@type":"WebSite","@id":"https:\/\/www.swissraft.ch\/en\/#website","url":"https:\/\/www.swissraft.ch\/en\/","name":"Swissraft","description":"To enjoy nature as it is","publisher":{"@id":"https:\/\/www.swissraft.ch\/en\/#organization"},"potentialAction":[{"@type":"SearchAction","target":{"@type":"EntryPoint","urlTemplate":"https:\/\/www.swissraft.ch\/en\/?s={search_term_string}"},"query-input":{"@type":"PropertyValueSpecification","valueRequired":true,"valueName":"search_term_string"}}],"inLanguage":"en-US"},{"@type":"Organization","@id":"https:\/\/www.swissraft.ch\/en\/#organization","name":"Swissraft","url":"https:\/\/www.swissraft.ch\/en\/","logo":{"@type":"ImageObject","inLanguage":"en-US","@id":"https:\/\/www.swissraft.ch\/en\/#\/schema\/logo\/image\/","url":"https:\/\/www.swissraft.ch\/wp-content\/uploads\/2025\/09\/Capture.jpg","contentUrl":"https:\/\/www.swissraft.ch\/wp-content\/uploads\/2025\/09\/Capture.jpg","width":293,"height":108,"caption":"Swissraft"},"image":{"@id":"https:\/\/www.swissraft.ch\/en\/#\/schema\/logo\/image\/"}}]}},"_links":{"self":[{"href":"https:\/\/www.swissraft.ch\/en\/wp-json\/wp\/v2\/product\/131345","targetHints":{"allow":["GET"]}}],"collection":[{"href":"https:\/\/www.swissraft.ch\/en\/wp-json\/wp\/v2\/product"}],"about":[{"href":"https:\/\/www.swissraft.ch\/en\/wp-json\/wp\/v2\/types\/product"}],"replies":[{"embeddable":true,"href":"https:\/\/www.swissraft.ch\/en\/wp-json\/wp\/v2\/comments?post=131345"}],"version-history":[{"count":46,"href":"https:\/\/www.swissraft.ch\/en\/wp-json\/wp\/v2\/product\/131345\/revisions"}],"predecessor-version":[{"id":131589,"href":"https:\/\/www.swissraft.ch\/en\/wp-json\/wp\/v2\/product\/131345\/revisions\/131589"}],"wp:featuredmedia":[{"embeddable":true,"href":"https:\/\/www.swissraft.ch\/en\/wp-json\/wp\/v2\/media\/131394"}],"wp:attachment":[{"href":"https:\/\/www.swissraft.ch\/en\/wp-json\/wp\/v2\/media?parent=131345"}],"wp:term":[{"taxonomy":"product_cat","embeddable":true,"href":"https:\/\/www.swissraft.ch\/en\/wp-json\/wp\/v2\/product_cat?post=131345"},{"taxonomy":"product_tag","embeddable":true,"href":"https:\/\/www.swissraft.ch\/en\/wp-json\/wp\/v2\/product_tag?post=131345"}],"curies":[{"name":"wp","href":"https:\/\/api.w.org\/{rel}","templated":true}]}}