{"id":119954,"date":"2025-07-11T22:45:46","date_gmt":"2025-07-11T20:45:46","guid":{"rendered":"https:\/\/www.swissraft.ch\/?post_type=product&#038;p=119954"},"modified":"2025-12-27T17:38:27","modified_gmt":"2025-12-27T16:38:27","slug":"school-trip-easy-rafting-rhine-schaffhouse-rudlingen","status":"publish","type":"product","link":"https:\/\/www.swissraft.ch\/en\/product\/school-trip-easy-rafting-rhine-schaffhouse-rudlingen\/","title":{"rendered":"School trip &#8211; DOWNSTREAM FROM THE RHINE FALLS &#8211; EASY RAFTING &#8211; RHINE &#8211; SCHAFFHAUSEN &#8211; R\u00dcDLINGEN &#8211; CHF 99.00"},"content":{"rendered":"\t\t<div data-elementor-type=\"wp-post\" data-elementor-id=\"119954\" class=\"elementor elementor-119954 elementor-119952\">\n\t\t\t\t\t\t\t\t\t<section class=\"elementor-section elementor-top-section elementor-element elementor-element-3303a7e3 elementor-section-boxed elementor-section-height-default elementor-section-height-default\" data-id=\"3303a7e3\" data-element_type=\"section\">\n\t\t\t\t\t\t<div class=\"elementor-container elementor-column-gap-default\">\n\t\t\t\t\t<div class=\"elementor-column elementor-col-100 elementor-top-column elementor-element elementor-element-16d72dbf\" data-id=\"16d72dbf\" data-element_type=\"column\">\n\t\t\t<div class=\"elementor-widget-wrap elementor-element-populated\">\n\t\t\t\t\t\t\t\t<div class=\"elementor-element elementor-element-d743c03 elementor-widget elementor-widget-text-editor\" data-id=\"d743c03\" data-element_type=\"widget\" data-widget_type=\"text-editor.default\">\n\t\t\t\t<div class=\"elementor-widget-container\">\n\t\t\t\t\t\t\t<h2>CHOOSE YOUR ACTIVITY BELOW TO OFFER GIFT VOUCHERS \/ TICKETS OR MAKE A RESERVATION<\/h2><table border=\"0\" width=\"580\" cellspacing=\"10\" cellpadding=\"10\"><tbody><tr><td width=\"50%\"><strong>SCHOOL TRIP &#8211; EASY RAFTING &#8211; SCHAFFHAUSEN-R\u00dcDLINGEN Day + Drink<\/strong><\/td><td><strong>CHF 99.00 per student<span class=\"productPrice\"><br \/><\/span><\/strong><\/td><\/tr><tr><td>Further information<\/td><td>&#8211;<span class=\"patt\"> Minimum age 10 years<br \/><\/span>&#8211; Accompanying adult required<br \/>&#8211; Minimum 15 students<\/td><\/tr><tr><td>Route<\/td><td><strong>Schaffhausen-Rudlingen<\/strong><\/td><\/tr><tr><td>Schedule<\/td><td>10h00<\/td><\/tr><tr><td>Easy rafting or Fun rafting<\/td><td>approx. 4,5 hrs<\/td><\/tr><tr><td>Total duration<\/td><td>approx. 6,5 hrs<\/td><\/tr><tr><td>Meeting point<\/td><td><span style=\"color: #ff6600;\"><a href=\"https:\/\/www.google.com\/maps\/place\/47%C2%B040'41.3%22N+8%C2%B036'40.1%22E\/@47.6782617,8.6083065,483m\/data=!3m1!1e3!4m4!3m3!8m2!3d47.6781389!4d8.6111389?entry=ttu\" target=\"_blank\" rel=\"noopener\">Neuhausen<\/a><\/span><\/td><\/tr><tr><td>Difficulty<\/td><td>1<\/td><\/tr><tr><td>\u00a0<\/td><td>To book : <a href=\"https:\/\/www.swissraft.ch\/en\/contact\/\">Contact us<\/a><\/td><\/tr><\/tbody><\/table>\t\t\t\t\t\t<\/div>\n\t\t\t\t<\/div>\n\t\t\t\t<div class=\"elementor-element elementor-element-b6b70fd elementor-widget elementor-widget-text-editor\" data-id=\"b6b70fd\" data-element_type=\"widget\" data-widget_type=\"text-editor.default\">\n\t\t\t\t<div class=\"elementor-widget-container\">\n\t\t\t\t\t\t\t\t\t\t\t\t\t<\/div>\n\t\t\t\t<\/div>\n\t\t\t\t\t<\/div>\n\t\t<\/div>\n\t\t\t\t\t\t\t<\/div>\n\t\t<\/section>\n\t\t\t\t\t\t\t<\/div>\n\t\t","protected":false},"excerpt":{"rendered":"<div align=\"justify\">\n<h2 align=\"justify\">Easy rafting Schaffhausen-R\u00fcdlingen on the Rhine, a one-day adventure between Schaffhausen and R\u00fcdlingen<\/h2>\n<h3>Easy rafting and a relaxing day on the Rhine; you and your students will enjoy this descent.<\/h3>\n<\/div>\n<div align=\"justify\">\n<p>A day <strong>of easy rafting<\/strong> on the Rhine between Schaffhausen and R\u00fcdlingen! This route is ideal for a school outing. In the morning, you drive around a dam before stopping for a picnic next to the imposing Rheinau monastery. After a lunch break, you continue your <strong>easy rafting<\/strong> trip down the Rhine. In the afternoon, two more weirs await you before you pass the mouth of the Thur and reach your destination of R\u00fcdlingen.<\/p>\n<h3>There are many alternatives to easy rafting on the Rhine in Switzerland.<\/h3>\n<p id=\"textarea\" style=\"display: none;\">\nStill on the Rhine, Swissraft offers the Schaffhausen-Rheinau half-day trip. But also five <strong>fun rafting<\/strong> courses on the Reuss: Mellingen &#8211; Gebenstorf, Bremgarten &#8211; Gebenstorf, Bremgarten &#8211; Gnadental, Bremgarten &#8211; Mellingen. But also from Gisikon &#8211; Ottenbach in the cantons of Lucerne and Zurich. We also offer <strong>easy rafting<\/strong> on the Sarine in the canton of Vaud. Easy rafting on the Rh\u00f4ne between Chippis and St. L\u00e9onard in Valais. The L\u00fctschine at Interlaken in the Bernese Oberland. <strong>Easy rafting<\/strong> on the Aare between Thun and Bern, as well as easy rafting on the Ticino in Ticino and the Inn in the lower Engadine.<br \/>\nWant more action than this Rhine route?<br \/>\nTake a look at our <strong>riverrafting<\/strong> offers. Swissraft offers <strong>rafting<\/strong> courses on all accessible rivers in Switzerland and neighbouring France.\n<\/p>\n<p><a id=\"seeMore\" onclick=\"toggleSeeMore()\" href=\"javascript:void(0);\">Read more<\/a><\/p>\n","protected":false},"featured_media":84909,"comment_status":"open","ping_status":"closed","template":"","meta":{"inline_featured_image":false,"_mi_skip_tracking":false},"product_cat":[402,635,403],"product_tag":[],"class_list":["post-119954","product","type-product","status-publish","has-post-thumbnail","hentry","product_cat-group","product_cat-school-trip-easy-rafting-in-switzerland","product_cat-school-trip-school-outing"],"yoast_head":"<!-- This site is optimized with the Yoast SEO plugin v23.6 - https:\/\/yoast.com\/wordpress\/plugins\/seo\/ -->\n<title>School trip Schaffhausen-R\u00fcdlingen on the Rhine; one day<\/title>\n<meta name=\"description\" content=\"School trip Schaffhausen-R\u00fcdlingen for a class outing with their teachers for a day of relaxation with picnic lunch. A successful day\" \/>\n<meta name=\"robots\" content=\"index, follow, max-snippet:-1, max-image-preview:large, max-video-preview:-1\" \/>\n<link rel=\"canonical\" href=\"https:\/\/www.swissraft.ch\/en\/product\/school-trip-easy-rafting-rhine-schaffhouse-rudlingen\/\" \/>\n<meta property=\"og:locale\" content=\"en_US\" \/>\n<meta property=\"og:type\" content=\"article\" \/>\n<meta property=\"og:title\" content=\"School trip Schaffhausen-R\u00fcdlingen on the Rhine; one day\" \/>\n<meta property=\"og:description\" content=\"School trip Schaffhausen-R\u00fcdlingen for a class outing with their teachers for a day of relaxation with picnic lunch. A successful day\" \/>\n<meta property=\"og:url\" content=\"https:\/\/www.swissraft.ch\/en\/product\/school-trip-easy-rafting-rhine-schaffhouse-rudlingen\/\" \/>\n<meta property=\"og:site_name\" content=\"Swissraft\" \/>\n<meta property=\"article:modified_time\" content=\"2025-12-27T16:38:27+00:00\" \/>\n<meta property=\"og:image\" content=\"https:\/\/www.swissraft.ch\/wp-content\/uploads\/2023\/02\/1-Schaffhausen-Rudlingen-776x776-1.jpg\" \/>\n\t<meta property=\"og:image:width\" content=\"776\" \/>\n\t<meta property=\"og:image:height\" content=\"776\" \/>\n\t<meta property=\"og:image:type\" content=\"image\/jpeg\" \/>\n<meta name=\"twitter:card\" content=\"summary_large_image\" \/>\n<meta name=\"twitter:label1\" content=\"Est. reading time\" \/>\n\t<meta name=\"twitter:data1\" content=\"1 minute\" \/>\n<script type=\"application\/ld+json\" class=\"yoast-schema-graph\">{\"@context\":\"https:\/\/schema.org\",\"@graph\":[{\"@type\":\"WebPage\",\"@id\":\"https:\/\/www.swissraft.ch\/en\/product\/school-trip-easy-rafting-rhine-schaffhouse-rudlingen\/\",\"url\":\"https:\/\/www.swissraft.ch\/en\/product\/school-trip-easy-rafting-rhine-schaffhouse-rudlingen\/\",\"name\":\"School trip Schaffhausen-R\u00fcdlingen on the Rhine; one day\",\"isPartOf\":{\"@id\":\"https:\/\/www.swissraft.ch\/en\/#website\"},\"primaryImageOfPage\":{\"@id\":\"https:\/\/www.swissraft.ch\/en\/product\/school-trip-easy-rafting-rhine-schaffhouse-rudlingen\/#primaryimage\"},\"image\":{\"@id\":\"https:\/\/www.swissraft.ch\/en\/product\/school-trip-easy-rafting-rhine-schaffhouse-rudlingen\/#primaryimage\"},\"thumbnailUrl\":\"https:\/\/www.swissraft.ch\/wp-content\/uploads\/2023\/02\/1-Schaffhausen-Rudlingen-776x776-1.jpg\",\"datePublished\":\"2025-07-11T20:45:46+00:00\",\"dateModified\":\"2025-12-27T16:38:27+00:00\",\"description\":\"School trip Schaffhausen-R\u00fcdlingen for a class outing with their teachers for a day of relaxation with picnic lunch. A successful day\",\"breadcrumb\":{\"@id\":\"https:\/\/www.swissraft.ch\/en\/product\/school-trip-easy-rafting-rhine-schaffhouse-rudlingen\/#breadcrumb\"},\"inLanguage\":\"en-US\",\"potentialAction\":[{\"@type\":\"ReadAction\",\"target\":[\"https:\/\/www.swissraft.ch\/en\/product\/school-trip-easy-rafting-rhine-schaffhouse-rudlingen\/\"]}]},{\"@type\":\"ImageObject\",\"inLanguage\":\"en-US\",\"@id\":\"https:\/\/www.swissraft.ch\/en\/product\/school-trip-easy-rafting-rhine-schaffhouse-rudlingen\/#primaryimage\",\"url\":\"https:\/\/www.swissraft.ch\/wp-content\/uploads\/2023\/02\/1-Schaffhausen-Rudlingen-776x776-1.jpg\",\"contentUrl\":\"https:\/\/www.swissraft.ch\/wp-content\/uploads\/2023\/02\/1-Schaffhausen-Rudlingen-776x776-1.jpg\",\"width\":776,\"height\":776,\"caption\":\"Easy rafting on the Rhine from Schaffhausen to R\u00fcdlingen\"},{\"@type\":\"BreadcrumbList\",\"@id\":\"https:\/\/www.swissraft.ch\/en\/product\/school-trip-easy-rafting-rhine-schaffhouse-rudlingen\/#breadcrumb\",\"itemListElement\":[{\"@type\":\"ListItem\",\"position\":1,\"name\":\"Accueil\",\"item\":\"https:\/\/www.swissraft.ch\/en\/\"},{\"@type\":\"ListItem\",\"position\":2,\"name\":\"Store\",\"item\":\"https:\/\/www.swissraft.ch\/en\/store\/\"},{\"@type\":\"ListItem\",\"position\":3,\"name\":\"School trip &#8211; DOWNSTREAM FROM THE RHINE FALLS &#8211; EASY RAFTING &#8211; RHINE &#8211; SCHAFFHAUSEN &#8211; R\u00dcDLINGEN &#8211; CHF 99.00\"}]},{\"@type\":\"WebSite\",\"@id\":\"https:\/\/www.swissraft.ch\/en\/#website\",\"url\":\"https:\/\/www.swissraft.ch\/en\/\",\"name\":\"Swissraft\",\"description\":\"To enjoy nature as it is\",\"publisher\":{\"@id\":\"https:\/\/www.swissraft.ch\/en\/#organization\"},\"potentialAction\":[{\"@type\":\"SearchAction\",\"target\":{\"@type\":\"EntryPoint\",\"urlTemplate\":\"https:\/\/www.swissraft.ch\/en\/?s={search_term_string}\"},\"query-input\":{\"@type\":\"PropertyValueSpecification\",\"valueRequired\":true,\"valueName\":\"search_term_string\"}}],\"inLanguage\":\"en-US\"},{\"@type\":\"Organization\",\"@id\":\"https:\/\/www.swissraft.ch\/en\/#organization\",\"name\":\"Swissraft\",\"url\":\"https:\/\/www.swissraft.ch\/en\/\",\"logo\":{\"@type\":\"ImageObject\",\"inLanguage\":\"en-US\",\"@id\":\"https:\/\/www.swissraft.ch\/en\/#\/schema\/logo\/image\/\",\"url\":\"https:\/\/www.swissraft.ch\/wp-content\/uploads\/2025\/09\/Capture.jpg\",\"contentUrl\":\"https:\/\/www.swissraft.ch\/wp-content\/uploads\/2025\/09\/Capture.jpg\",\"width\":293,\"height\":108,\"caption\":\"Swissraft\"},\"image\":{\"@id\":\"https:\/\/www.swissraft.ch\/en\/#\/schema\/logo\/image\/\"}}]}<\/script>\n<!-- \/ Yoast SEO plugin. -->","yoast_head_json":{"title":"School trip Schaffhausen-R\u00fcdlingen on the Rhine; one day","description":"School trip Schaffhausen-R\u00fcdlingen for a class outing with their teachers for a day of relaxation with picnic lunch. A successful day","robots":{"index":"index","follow":"follow","max-snippet":"max-snippet:-1","max-image-preview":"max-image-preview:large","max-video-preview":"max-video-preview:-1"},"canonical":"https:\/\/www.swissraft.ch\/en\/product\/school-trip-easy-rafting-rhine-schaffhouse-rudlingen\/","og_locale":"en_US","og_type":"article","og_title":"School trip Schaffhausen-R\u00fcdlingen on the Rhine; one day","og_description":"School trip Schaffhausen-R\u00fcdlingen for a class outing with their teachers for a day of relaxation with picnic lunch. A successful day","og_url":"https:\/\/www.swissraft.ch\/en\/product\/school-trip-easy-rafting-rhine-schaffhouse-rudlingen\/","og_site_name":"Swissraft","article_modified_time":"2025-12-27T16:38:27+00:00","og_image":[{"width":776,"height":776,"url":"https:\/\/www.swissraft.ch\/wp-content\/uploads\/2023\/02\/1-Schaffhausen-Rudlingen-776x776-1.jpg","type":"image\/jpeg"}],"twitter_card":"summary_large_image","twitter_misc":{"Est. reading time":"1 minute"},"schema":{"@context":"https:\/\/schema.org","@graph":[{"@type":"WebPage","@id":"https:\/\/www.swissraft.ch\/en\/product\/school-trip-easy-rafting-rhine-schaffhouse-rudlingen\/","url":"https:\/\/www.swissraft.ch\/en\/product\/school-trip-easy-rafting-rhine-schaffhouse-rudlingen\/","name":"School trip Schaffhausen-R\u00fcdlingen on the Rhine; one day","isPartOf":{"@id":"https:\/\/www.swissraft.ch\/en\/#website"},"primaryImageOfPage":{"@id":"https:\/\/www.swissraft.ch\/en\/product\/school-trip-easy-rafting-rhine-schaffhouse-rudlingen\/#primaryimage"},"image":{"@id":"https:\/\/www.swissraft.ch\/en\/product\/school-trip-easy-rafting-rhine-schaffhouse-rudlingen\/#primaryimage"},"thumbnailUrl":"https:\/\/www.swissraft.ch\/wp-content\/uploads\/2023\/02\/1-Schaffhausen-Rudlingen-776x776-1.jpg","datePublished":"2025-07-11T20:45:46+00:00","dateModified":"2025-12-27T16:38:27+00:00","description":"School trip Schaffhausen-R\u00fcdlingen for a class outing with their teachers for a day of relaxation with picnic lunch. A successful day","breadcrumb":{"@id":"https:\/\/www.swissraft.ch\/en\/product\/school-trip-easy-rafting-rhine-schaffhouse-rudlingen\/#breadcrumb"},"inLanguage":"en-US","potentialAction":[{"@type":"ReadAction","target":["https:\/\/www.swissraft.ch\/en\/product\/school-trip-easy-rafting-rhine-schaffhouse-rudlingen\/"]}]},{"@type":"ImageObject","inLanguage":"en-US","@id":"https:\/\/www.swissraft.ch\/en\/product\/school-trip-easy-rafting-rhine-schaffhouse-rudlingen\/#primaryimage","url":"https:\/\/www.swissraft.ch\/wp-content\/uploads\/2023\/02\/1-Schaffhausen-Rudlingen-776x776-1.jpg","contentUrl":"https:\/\/www.swissraft.ch\/wp-content\/uploads\/2023\/02\/1-Schaffhausen-Rudlingen-776x776-1.jpg","width":776,"height":776,"caption":"Easy rafting on the Rhine from Schaffhausen to R\u00fcdlingen"},{"@type":"BreadcrumbList","@id":"https:\/\/www.swissraft.ch\/en\/product\/school-trip-easy-rafting-rhine-schaffhouse-rudlingen\/#breadcrumb","itemListElement":[{"@type":"ListItem","position":1,"name":"Accueil","item":"https:\/\/www.swissraft.ch\/en\/"},{"@type":"ListItem","position":2,"name":"Store","item":"https:\/\/www.swissraft.ch\/en\/store\/"},{"@type":"ListItem","position":3,"name":"School trip &#8211; DOWNSTREAM FROM THE RHINE FALLS &#8211; EASY RAFTING &#8211; RHINE &#8211; SCHAFFHAUSEN &#8211; R\u00dcDLINGEN &#8211; CHF 99.00"}]},{"@type":"WebSite","@id":"https:\/\/www.swissraft.ch\/en\/#website","url":"https:\/\/www.swissraft.ch\/en\/","name":"Swissraft","description":"To enjoy nature as it is","publisher":{"@id":"https:\/\/www.swissraft.ch\/en\/#organization"},"potentialAction":[{"@type":"SearchAction","target":{"@type":"EntryPoint","urlTemplate":"https:\/\/www.swissraft.ch\/en\/?s={search_term_string}"},"query-input":{"@type":"PropertyValueSpecification","valueRequired":true,"valueName":"search_term_string"}}],"inLanguage":"en-US"},{"@type":"Organization","@id":"https:\/\/www.swissraft.ch\/en\/#organization","name":"Swissraft","url":"https:\/\/www.swissraft.ch\/en\/","logo":{"@type":"ImageObject","inLanguage":"en-US","@id":"https:\/\/www.swissraft.ch\/en\/#\/schema\/logo\/image\/","url":"https:\/\/www.swissraft.ch\/wp-content\/uploads\/2025\/09\/Capture.jpg","contentUrl":"https:\/\/www.swissraft.ch\/wp-content\/uploads\/2025\/09\/Capture.jpg","width":293,"height":108,"caption":"Swissraft"},"image":{"@id":"https:\/\/www.swissraft.ch\/en\/#\/schema\/logo\/image\/"}}]}},"_links":{"self":[{"href":"https:\/\/www.swissraft.ch\/en\/wp-json\/wp\/v2\/product\/119954","targetHints":{"allow":["GET"]}}],"collection":[{"href":"https:\/\/www.swissraft.ch\/en\/wp-json\/wp\/v2\/product"}],"about":[{"href":"https:\/\/www.swissraft.ch\/en\/wp-json\/wp\/v2\/types\/product"}],"replies":[{"embeddable":true,"href":"https:\/\/www.swissraft.ch\/en\/wp-json\/wp\/v2\/comments?post=119954"}],"version-history":[{"count":19,"href":"https:\/\/www.swissraft.ch\/en\/wp-json\/wp\/v2\/product\/119954\/revisions"}],"predecessor-version":[{"id":125405,"href":"https:\/\/www.swissraft.ch\/en\/wp-json\/wp\/v2\/product\/119954\/revisions\/125405"}],"wp:featuredmedia":[{"embeddable":true,"href":"https:\/\/www.swissraft.ch\/en\/wp-json\/wp\/v2\/media\/84909"}],"wp:attachment":[{"href":"https:\/\/www.swissraft.ch\/en\/wp-json\/wp\/v2\/media?parent=119954"}],"wp:term":[{"taxonomy":"product_cat","embeddable":true,"href":"https:\/\/www.swissraft.ch\/en\/wp-json\/wp\/v2\/product_cat?post=119954"},{"taxonomy":"product_tag","embeddable":true,"href":"https:\/\/www.swissraft.ch\/en\/wp-json\/wp\/v2\/product_tag?post=119954"}],"curies":[{"name":"wp","href":"https:\/\/api.w.org\/{rel}","templated":true}]}}