{"id":113893,"date":"2025-05-03T17:00:59","date_gmt":"2025-05-03T15:00:59","guid":{"rendered":"https:\/\/www.swissraft.ch\/?post_type=product&#038;p=113893"},"modified":"2025-12-27T22:02:24","modified_gmt":"2025-12-27T21:02:24","slug":"school-trip-rafting-bernese-oberland-simme-boltigen-darstetten","status":"publish","type":"product","link":"https:\/\/www.swissraft.ch\/en\/product\/school-trip-rafting-bernese-oberland-simme-boltigen-darstetten\/","title":{"rendered":"School trip in BERNESE OBERLAND &#8211; RAFTING &#8211; THE SIMME &#8211; BOLTIGEN-D\u00c4RSTETTEN &#8211; CHF 100.00"},"content":{"rendered":"\t\t<div data-elementor-type=\"wp-post\" data-elementor-id=\"113893\" class=\"elementor elementor-113893 elementor-113891\">\n\t\t\t\t\t\t\t\t\t<section class=\"elementor-section elementor-top-section elementor-element elementor-element-3303a7e3 elementor-section-boxed elementor-section-height-default elementor-section-height-default\" data-id=\"3303a7e3\" data-element_type=\"section\">\n\t\t\t\t\t\t<div class=\"elementor-container elementor-column-gap-default\">\n\t\t\t\t\t<div class=\"elementor-column elementor-col-100 elementor-top-column elementor-element elementor-element-16d72dbf\" data-id=\"16d72dbf\" data-element_type=\"column\">\n\t\t\t<div class=\"elementor-widget-wrap elementor-element-populated\">\n\t\t\t\t\t\t\t\t<div class=\"elementor-element elementor-element-d743c03 elementor-widget elementor-widget-text-editor\" data-id=\"d743c03\" data-element_type=\"widget\" data-widget_type=\"text-editor.default\">\n\t\t\t\t<div class=\"elementor-widget-container\">\n\t\t\t\t\t\t\t<h2>CHOOSE YOUR ACTIVITY BELOW TO OFFER GIFT VOUCHERS \/ TICKETS OR MAKE A RESERVATION<\/h2><table border=\"0\" width=\"580\" cellspacing=\"10\" cellpadding=\"10\"><tbody><tr><td width=\"50%\"><strong>SCHOOL TRIP &#8211; SIMME &#8211; RAFTING + Drink<\/strong><\/td><td><strong><span class=\"productPrice\">CHF 100.00<\/span><\/strong><strong><span class=\"productPrice\"> per student<\/span><\/strong><\/td><\/tr><tr><td>Further information<\/td><td><span class=\"plbl\">&#8211; <\/span><span class=\"patt\">Minimum age : 14 years<br \/>&#8211; Accompanying adult compulsory<br \/><\/span><\/td><\/tr><tr><td>Route<\/td><td><strong>Boltigen-D\u00e4rstetten<\/strong><\/td><\/tr><tr><td>Schedules<\/td><td>10.00 am \/ 02.00 pm<\/td><\/tr><tr><td>Rafting<\/td><td>approx. 1,5 hr<\/td><\/tr><tr><td>Total duration<\/td><td>approx. 3 hrs<\/td><\/tr><tr><td>Meeting point<\/td><td><span style=\"color: #ff6600;\"><a href=\"https:\/\/www.google.com\/maps\/place\/Reidenbach+281,+3766+Boltigen,+Suisse\/@46.6232858,7.3736241,775m\/data=!3m1!1e3!4m6!3m5!1s0x478e582a4e44aa2f:0x7125591bfc6613d8!8m2!3d46.6231447!4d7.3783842!16s%2Fg%2F11h3g7x3cl?entry=ttu&amp;g_ep=EgoyMDI1MDExMC4wIKXMDSoASAFQAw%3D%3D\" target=\"_blank\" rel=\"noopener\">Reidenbach 281<\/a><\/span><\/td><\/tr><tr><td>Difficulty<\/td><td>2-3+<\/td><\/tr><tr><td>\u00a0<\/td><td>To book : <a href=\"https:\/\/www.swissraft.ch\/en\/contact\/\">Contact us<\/a><\/td><\/tr><\/tbody><\/table>\t\t\t\t\t\t<\/div>\n\t\t\t\t<\/div>\n\t\t\t\t\t<\/div>\n\t\t<\/div>\n\t\t\t\t\t\t\t<\/div>\n\t\t<\/section>\n\t\t\t\t\t\t\t<\/div>\n\t\t","protected":false},"excerpt":{"rendered":"<div align=\"justify\">\n<h2 align=\"justify\">Rafting on the Simme in the Bernese Oberland for a school trip<\/h2>\n<h3>The Simme, a rafting course suitable for class outings for 14 year olds and up, with jumps and waves.<\/h3>\n<\/div>\n<div align=\"justify\">\n<p><strong>Rafting<\/strong> on the Simme in the Simmental. The route from Boltigen to D\u00e4rstetten is a succession of easy-to-bend obstacles.<\/p>\n<h3>In addition to rafting on the Simme, we offer other routes for class outings<\/h3>\n<p id=\"textarea\" style=\"display: none;\">\nAlso between the Bernese Oberland and Vaud in the Pays d&#8217;Enhaut, you can go rafting on the Sarine. Also on the L\u00fctschine in the Bernese Oberland, but also in Valais on the Rh\u00f4ne, Vi\u00e8ge and Dranse de Bagnes rivers. The same applies to the Rhine in Graub\u00fcnden between Ilanz and Reichenau in the Surselva.<br \/>\nIf you prefer a more leisurely descent, choose Easy rafting, also known as <strong>Fun rafting<\/strong>. We offer 12 different Easy rafting routes on 5 rivers in the Bernese Oberland, Eastern Switzerland, Graub\u00fcnden and Ticino for school runs and field trips.\n<\/p>\n<p><a id=\"seeMore\" onclick=\"toggleSeeMore()\" href=\"javascript:void(0);\">Read more<\/a><\/p>\n","protected":false},"featured_media":113899,"comment_status":"open","ping_status":"closed","template":"","meta":{"inline_featured_image":false,"_mi_skip_tracking":false},"product_cat":[402,638,403],"product_tag":[],"class_list":["post-113893","product","type-product","status-publish","has-post-thumbnail","hentry","product_cat-group","product_cat-school-outing-rafting-in-switzerland","product_cat-school-trip-school-outing"],"yoast_head":"<!-- This site is optimized with the Yoast SEO plugin v23.6 - https:\/\/yoast.com\/wordpress\/plugins\/seo\/ -->\n<title>Simme rafting school trip in the Bernese Oberland<\/title>\n<meta name=\"description\" content=\"Simme rafting school trip Riverrafting between Boltigen and D\u00e4rstetten in the Bernese Oberland on the Simme, an exciting course\" \/>\n<meta name=\"robots\" content=\"index, follow, max-snippet:-1, max-image-preview:large, max-video-preview:-1\" \/>\n<link rel=\"canonical\" href=\"https:\/\/www.swissraft.ch\/en\/product\/school-trip-rafting-bernese-oberland-simme-boltigen-darstetten\/\" \/>\n<meta property=\"og:locale\" content=\"en_US\" \/>\n<meta property=\"og:type\" content=\"article\" \/>\n<meta property=\"og:title\" content=\"Simme rafting school trip in the Bernese Oberland\" \/>\n<meta property=\"og:description\" content=\"Simme rafting school trip Riverrafting between Boltigen and D\u00e4rstetten in the Bernese Oberland on the Simme, an exciting course\" \/>\n<meta property=\"og:url\" content=\"https:\/\/www.swissraft.ch\/en\/product\/school-trip-rafting-bernese-oberland-simme-boltigen-darstetten\/\" \/>\n<meta property=\"og:site_name\" content=\"Swissraft\" \/>\n<meta property=\"article:modified_time\" content=\"2025-12-27T21:02:24+00:00\" \/>\n<meta property=\"og:image\" content=\"https:\/\/www.swissraft.ch\/wp-content\/uploads\/2025\/05\/1-Simme-776x776-1.jpg\" \/>\n\t<meta property=\"og:image:width\" content=\"776\" \/>\n\t<meta property=\"og:image:height\" content=\"776\" \/>\n\t<meta property=\"og:image:type\" content=\"image\/jpeg\" \/>\n<meta name=\"twitter:card\" content=\"summary_large_image\" \/>\n<meta name=\"twitter:label1\" content=\"Est. reading time\" \/>\n\t<meta name=\"twitter:data1\" content=\"1 minute\" \/>\n<script type=\"application\/ld+json\" class=\"yoast-schema-graph\">{\"@context\":\"https:\/\/schema.org\",\"@graph\":[{\"@type\":\"WebPage\",\"@id\":\"https:\/\/www.swissraft.ch\/en\/product\/school-trip-rafting-bernese-oberland-simme-boltigen-darstetten\/\",\"url\":\"https:\/\/www.swissraft.ch\/en\/product\/school-trip-rafting-bernese-oberland-simme-boltigen-darstetten\/\",\"name\":\"Simme rafting school trip in the Bernese Oberland\",\"isPartOf\":{\"@id\":\"https:\/\/www.swissraft.ch\/en\/#website\"},\"primaryImageOfPage\":{\"@id\":\"https:\/\/www.swissraft.ch\/en\/product\/school-trip-rafting-bernese-oberland-simme-boltigen-darstetten\/#primaryimage\"},\"image\":{\"@id\":\"https:\/\/www.swissraft.ch\/en\/product\/school-trip-rafting-bernese-oberland-simme-boltigen-darstetten\/#primaryimage\"},\"thumbnailUrl\":\"https:\/\/www.swissraft.ch\/wp-content\/uploads\/2025\/05\/1-Simme-776x776-1.jpg\",\"datePublished\":\"2025-05-03T15:00:59+00:00\",\"dateModified\":\"2025-12-27T21:02:24+00:00\",\"description\":\"Simme rafting school trip Riverrafting between Boltigen and D\u00e4rstetten in the Bernese Oberland on the Simme, an exciting course\",\"breadcrumb\":{\"@id\":\"https:\/\/www.swissraft.ch\/en\/product\/school-trip-rafting-bernese-oberland-simme-boltigen-darstetten\/#breadcrumb\"},\"inLanguage\":\"en-US\",\"potentialAction\":[{\"@type\":\"ReadAction\",\"target\":[\"https:\/\/www.swissraft.ch\/en\/product\/school-trip-rafting-bernese-oberland-simme-boltigen-darstetten\/\"]}]},{\"@type\":\"ImageObject\",\"inLanguage\":\"en-US\",\"@id\":\"https:\/\/www.swissraft.ch\/en\/product\/school-trip-rafting-bernese-oberland-simme-boltigen-darstetten\/#primaryimage\",\"url\":\"https:\/\/www.swissraft.ch\/wp-content\/uploads\/2025\/05\/1-Simme-776x776-1.jpg\",\"contentUrl\":\"https:\/\/www.swissraft.ch\/wp-content\/uploads\/2025\/05\/1-Simme-776x776-1.jpg\",\"width\":776,\"height\":776,\"caption\":\"Rafting class trip on the Simme river\"},{\"@type\":\"BreadcrumbList\",\"@id\":\"https:\/\/www.swissraft.ch\/en\/product\/school-trip-rafting-bernese-oberland-simme-boltigen-darstetten\/#breadcrumb\",\"itemListElement\":[{\"@type\":\"ListItem\",\"position\":1,\"name\":\"Accueil\",\"item\":\"https:\/\/www.swissraft.ch\/en\/\"},{\"@type\":\"ListItem\",\"position\":2,\"name\":\"Store\",\"item\":\"https:\/\/www.swissraft.ch\/en\/store\/\"},{\"@type\":\"ListItem\",\"position\":3,\"name\":\"School trip in BERNESE OBERLAND &#8211; RAFTING &#8211; THE SIMME &#8211; BOLTIGEN-D\u00c4RSTETTEN &#8211; CHF 100.00\"}]},{\"@type\":\"WebSite\",\"@id\":\"https:\/\/www.swissraft.ch\/en\/#website\",\"url\":\"https:\/\/www.swissraft.ch\/en\/\",\"name\":\"Swissraft\",\"description\":\"To enjoy nature as it is\",\"publisher\":{\"@id\":\"https:\/\/www.swissraft.ch\/en\/#organization\"},\"potentialAction\":[{\"@type\":\"SearchAction\",\"target\":{\"@type\":\"EntryPoint\",\"urlTemplate\":\"https:\/\/www.swissraft.ch\/en\/?s={search_term_string}\"},\"query-input\":{\"@type\":\"PropertyValueSpecification\",\"valueRequired\":true,\"valueName\":\"search_term_string\"}}],\"inLanguage\":\"en-US\"},{\"@type\":\"Organization\",\"@id\":\"https:\/\/www.swissraft.ch\/en\/#organization\",\"name\":\"Swissraft\",\"url\":\"https:\/\/www.swissraft.ch\/en\/\",\"logo\":{\"@type\":\"ImageObject\",\"inLanguage\":\"en-US\",\"@id\":\"https:\/\/www.swissraft.ch\/en\/#\/schema\/logo\/image\/\",\"url\":\"https:\/\/www.swissraft.ch\/wp-content\/uploads\/2025\/09\/Capture.jpg\",\"contentUrl\":\"https:\/\/www.swissraft.ch\/wp-content\/uploads\/2025\/09\/Capture.jpg\",\"width\":293,\"height\":108,\"caption\":\"Swissraft\"},\"image\":{\"@id\":\"https:\/\/www.swissraft.ch\/en\/#\/schema\/logo\/image\/\"}}]}<\/script>\n<!-- \/ Yoast SEO plugin. -->","yoast_head_json":{"title":"Simme rafting school trip in the Bernese Oberland","description":"Simme rafting school trip Riverrafting between Boltigen and D\u00e4rstetten in the Bernese Oberland on the Simme, an exciting course","robots":{"index":"index","follow":"follow","max-snippet":"max-snippet:-1","max-image-preview":"max-image-preview:large","max-video-preview":"max-video-preview:-1"},"canonical":"https:\/\/www.swissraft.ch\/en\/product\/school-trip-rafting-bernese-oberland-simme-boltigen-darstetten\/","og_locale":"en_US","og_type":"article","og_title":"Simme rafting school trip in the Bernese Oberland","og_description":"Simme rafting school trip Riverrafting between Boltigen and D\u00e4rstetten in the Bernese Oberland on the Simme, an exciting course","og_url":"https:\/\/www.swissraft.ch\/en\/product\/school-trip-rafting-bernese-oberland-simme-boltigen-darstetten\/","og_site_name":"Swissraft","article_modified_time":"2025-12-27T21:02:24+00:00","og_image":[{"width":776,"height":776,"url":"https:\/\/www.swissraft.ch\/wp-content\/uploads\/2025\/05\/1-Simme-776x776-1.jpg","type":"image\/jpeg"}],"twitter_card":"summary_large_image","twitter_misc":{"Est. reading time":"1 minute"},"schema":{"@context":"https:\/\/schema.org","@graph":[{"@type":"WebPage","@id":"https:\/\/www.swissraft.ch\/en\/product\/school-trip-rafting-bernese-oberland-simme-boltigen-darstetten\/","url":"https:\/\/www.swissraft.ch\/en\/product\/school-trip-rafting-bernese-oberland-simme-boltigen-darstetten\/","name":"Simme rafting school trip in the Bernese Oberland","isPartOf":{"@id":"https:\/\/www.swissraft.ch\/en\/#website"},"primaryImageOfPage":{"@id":"https:\/\/www.swissraft.ch\/en\/product\/school-trip-rafting-bernese-oberland-simme-boltigen-darstetten\/#primaryimage"},"image":{"@id":"https:\/\/www.swissraft.ch\/en\/product\/school-trip-rafting-bernese-oberland-simme-boltigen-darstetten\/#primaryimage"},"thumbnailUrl":"https:\/\/www.swissraft.ch\/wp-content\/uploads\/2025\/05\/1-Simme-776x776-1.jpg","datePublished":"2025-05-03T15:00:59+00:00","dateModified":"2025-12-27T21:02:24+00:00","description":"Simme rafting school trip Riverrafting between Boltigen and D\u00e4rstetten in the Bernese Oberland on the Simme, an exciting course","breadcrumb":{"@id":"https:\/\/www.swissraft.ch\/en\/product\/school-trip-rafting-bernese-oberland-simme-boltigen-darstetten\/#breadcrumb"},"inLanguage":"en-US","potentialAction":[{"@type":"ReadAction","target":["https:\/\/www.swissraft.ch\/en\/product\/school-trip-rafting-bernese-oberland-simme-boltigen-darstetten\/"]}]},{"@type":"ImageObject","inLanguage":"en-US","@id":"https:\/\/www.swissraft.ch\/en\/product\/school-trip-rafting-bernese-oberland-simme-boltigen-darstetten\/#primaryimage","url":"https:\/\/www.swissraft.ch\/wp-content\/uploads\/2025\/05\/1-Simme-776x776-1.jpg","contentUrl":"https:\/\/www.swissraft.ch\/wp-content\/uploads\/2025\/05\/1-Simme-776x776-1.jpg","width":776,"height":776,"caption":"Rafting class trip on the Simme river"},{"@type":"BreadcrumbList","@id":"https:\/\/www.swissraft.ch\/en\/product\/school-trip-rafting-bernese-oberland-simme-boltigen-darstetten\/#breadcrumb","itemListElement":[{"@type":"ListItem","position":1,"name":"Accueil","item":"https:\/\/www.swissraft.ch\/en\/"},{"@type":"ListItem","position":2,"name":"Store","item":"https:\/\/www.swissraft.ch\/en\/store\/"},{"@type":"ListItem","position":3,"name":"School trip in BERNESE OBERLAND &#8211; RAFTING &#8211; THE SIMME &#8211; BOLTIGEN-D\u00c4RSTETTEN &#8211; CHF 100.00"}]},{"@type":"WebSite","@id":"https:\/\/www.swissraft.ch\/en\/#website","url":"https:\/\/www.swissraft.ch\/en\/","name":"Swissraft","description":"To enjoy nature as it is","publisher":{"@id":"https:\/\/www.swissraft.ch\/en\/#organization"},"potentialAction":[{"@type":"SearchAction","target":{"@type":"EntryPoint","urlTemplate":"https:\/\/www.swissraft.ch\/en\/?s={search_term_string}"},"query-input":{"@type":"PropertyValueSpecification","valueRequired":true,"valueName":"search_term_string"}}],"inLanguage":"en-US"},{"@type":"Organization","@id":"https:\/\/www.swissraft.ch\/en\/#organization","name":"Swissraft","url":"https:\/\/www.swissraft.ch\/en\/","logo":{"@type":"ImageObject","inLanguage":"en-US","@id":"https:\/\/www.swissraft.ch\/en\/#\/schema\/logo\/image\/","url":"https:\/\/www.swissraft.ch\/wp-content\/uploads\/2025\/09\/Capture.jpg","contentUrl":"https:\/\/www.swissraft.ch\/wp-content\/uploads\/2025\/09\/Capture.jpg","width":293,"height":108,"caption":"Swissraft"},"image":{"@id":"https:\/\/www.swissraft.ch\/en\/#\/schema\/logo\/image\/"}}]}},"_links":{"self":[{"href":"https:\/\/www.swissraft.ch\/en\/wp-json\/wp\/v2\/product\/113893","targetHints":{"allow":["GET"]}}],"collection":[{"href":"https:\/\/www.swissraft.ch\/en\/wp-json\/wp\/v2\/product"}],"about":[{"href":"https:\/\/www.swissraft.ch\/en\/wp-json\/wp\/v2\/types\/product"}],"replies":[{"embeddable":true,"href":"https:\/\/www.swissraft.ch\/en\/wp-json\/wp\/v2\/comments?post=113893"}],"version-history":[{"count":32,"href":"https:\/\/www.swissraft.ch\/en\/wp-json\/wp\/v2\/product\/113893\/revisions"}],"predecessor-version":[{"id":125561,"href":"https:\/\/www.swissraft.ch\/en\/wp-json\/wp\/v2\/product\/113893\/revisions\/125561"}],"wp:featuredmedia":[{"embeddable":true,"href":"https:\/\/www.swissraft.ch\/en\/wp-json\/wp\/v2\/media\/113899"}],"wp:attachment":[{"href":"https:\/\/www.swissraft.ch\/en\/wp-json\/wp\/v2\/media?parent=113893"}],"wp:term":[{"taxonomy":"product_cat","embeddable":true,"href":"https:\/\/www.swissraft.ch\/en\/wp-json\/wp\/v2\/product_cat?post=113893"},{"taxonomy":"product_tag","embeddable":true,"href":"https:\/\/www.swissraft.ch\/en\/wp-json\/wp\/v2\/product_tag?post=113893"}],"curies":[{"name":"wp","href":"https:\/\/api.w.org\/{rel}","templated":true}]}}