{"id":91966,"date":"2022-12-10T11:27:27","date_gmt":"2022-12-10T10:27:27","guid":{"rendered":"https:\/\/swissraft.xyanzkdne.eu\/product\/helikopterflug-von-interlaken-flug-ueber-die-seen-9-min-chf-160-00\/"},"modified":"2025-06-14T18:22:17","modified_gmt":"2025-06-14T16:22:17","slug":"helikopterflug-interlaken-flug-ueber-die-seen","status":"publish","type":"product","link":"https:\/\/www.swissraft.ch\/de\/produkt\/helikopterflug-interlaken-flug-ueber-die-seen\/","title":{"rendered":"Helikopterflug von INTERLAKEN &#8211; FLUG \u00dcBER DIE SEEN &#8211; 9 Min. &#8211; CHF 165.00"},"content":{"rendered":"\t\t<div data-elementor-type=\"wp-post\" data-elementor-id=\"91966\" class=\"elementor elementor-91966 elementor-29372\">\n\t\t\t\t\t\t\t\t\t<section class=\"elementor-section elementor-top-section elementor-element elementor-element-3303a7e3 elementor-section-boxed elementor-section-height-default elementor-section-height-default\" data-id=\"3303a7e3\" data-element_type=\"section\">\n\t\t\t\t\t\t<div class=\"elementor-container elementor-column-gap-default\">\n\t\t\t\t\t<div class=\"elementor-column elementor-col-100 elementor-top-column elementor-element elementor-element-16d72dbf\" data-id=\"16d72dbf\" data-element_type=\"column\">\n\t\t\t<div class=\"elementor-widget-wrap elementor-element-populated\">\n\t\t\t\t\t\t\t\t<div class=\"elementor-element elementor-element-d743c03 elementor-widget elementor-widget-text-editor\" data-id=\"d743c03\" data-element_type=\"widget\" data-widget_type=\"text-editor.default\">\n\t\t\t\t<div class=\"elementor-widget-container\">\n\t\t\t\t\t\t\t<h2>W\u00c4HLEN SIE UNTEN IHRE AKTIVIT\u00c4T AUS, UM GESCHENKGUTSCHEINE \/ TICKETS ZU VERSCHENKEN ODER ZU BUCHEN.<\/h2>\n<table style=\"height: 290px;\" border=\"0\" width=\"580\" cellspacing=\"10\" cellpadding=\"10\">\n<tbody>\n<tr>\n<td width=\"50%\"><strong>FLUG \u00dcBER DIE SEEN (1-5 Pers.) &#8211; 9 Min.<\/strong><\/td>\n<td><strong>CHF 165.00 pro Person<\/strong><\/td>\n<\/tr>\n<tr>\n<td>Weitere Informationen<\/td>\n<td>\n<p>&#8211; Sie werden mit anderen Passagieren zusammen sein<br \/>&#8211; Maximal 5 Pers.<\/p>\n<\/td>\n<\/tr>\n<tr>\n<td>Heliport<\/td>\n<td><a href=\"https:\/\/www.google.com\/maps\/place\/46%C2%B038'53.4%22N+7%C2%B052'41.1%22E\/@46.6502106,7.8037923,12395m\/data=!3m1!1e3!4m4!3m3!8m2!3d46.6481667!4d7.8780833?entry=ttu\" target=\"_blank\" rel=\"noopener\">Gsteigwiler<\/a><\/td>\n<\/tr>\n<tr>\n<td>Flugzeit<\/td>\n<td>9 Min.<\/td>\n<\/tr>\n<tr>\n<td>Gesamtdauer<\/td>\n<td>ca. 40 Min.<\/td>\n<\/tr>\n<tr>\n<td>Terminvereinbarung<\/td>\n<td>Per Telefon<\/td>\n<\/tr>\n<tr>\n<td><button class=\"elementor-button\" type=\"button\"><a href=\"https:\/\/swissraft.outdoorbooking.ch\/fo\/products\/41?base_id=10&amp;category_id=6&amp;order_type=gift_voucher&amp;lang=de\" target=\"_blank\" rel=\"noopener\">GUTSCHEIN KAUFEN<\/a><\/button><\/td>\n<td>\n<p>Nach Erhalt Ihres Tickets\/Gutscheins rufen Sie bitte die Telefonnummer an, die oben links angegeben ist, um zu reservieren.<\/p>\n<\/td>\n<\/tr>\n<\/tbody>\n<\/table>\n\t\t\t\t\t\t<\/div>\n\t\t\t\t<\/div>\n\t\t\t\t\t<\/div>\n\t\t<\/div>\n\t\t\t\t\t\t\t<\/div>\n\t\t<\/section>\n\t\t\t\t\t\t\t<\/div>\n\t\t","protected":false},"excerpt":{"rendered":"<div align=\"justify\">\n<h2 align=\"justify\">Helikopterflug \u00fcber die Seen der Region von Gsteigwiler aus<\/h2>\n<h3>Dieser kurze Flug von Gsteigwiler aus wird Ihnen das Wasser im Mund zusammenlaufen lassen&#8230;<\/h3>\n<\/div>\n<div align=\"justify\">\n<p>Von Gsteigwiler bei Interlaken im Berner Oberland aus fliegen wir mit unserem Hubschrauber Ecureuil B3 in Richtung : B\u00f6deli zwischen Thuner- und Brienzersee nach B\u00f6nigen entlang des Harders in Richtung Beatenberg, dann fliegen wir nach D\u00e4rligen und zwischen Abendberg und Rugen und landen nach einem Flug von ca. 9 Minuten wieder auf dem Heliport in Gsteigwiler.<\/p>\n<h3>Swissraft bietet 5 Helikopterrundfl\u00fcge ab Gsteigwiler und noch viel mehr in der ganzen Schweiz an.<\/h3>\n<p id=\"textarea\" style=\"display: none;\">Ebenso starten wir von Saanen im Saanenland und vom Helikopterlandeplatz Gstaad-Grund. Auch von den Heliports Lauterbrunnen, Lenk-Simmental und Schattenhalb-Meiringen. Im Wallis starten wir von Collombey, Gampel und Sitten. So starten wir auch von \u00c9pagny im Greyerzerland im Kanton Freiburg. Sowie im Kanton Uri von den Heliports Erstfeld und Pfaffnau bei Luzern aus. Au\u00dferdem bieten wir Fl\u00fcge vom Flugplatz Buttwil in Aargau an. Aber auch der Flugplatz Grenchen im Kanton Solothurn und der Flughafen Bern-Belp. Dar\u00fcber hinaus starten wir auch von K\u00fcssnacht im Kanton Schwyz. Wir fliegen auch das ganze Jahr \u00fcber von Samedan im Engadin nach Graub\u00fcnden. Au\u00dferdem bieten wir in Graub\u00fcnden Helikopterfl\u00fcge von Flims, Tavanasa und Untervaz aus an. Aus dem Tessin bieten wir Rundfl\u00fcge von den Flugpl\u00e4tzen Locarno und Lodrino an. Auch in Liechtenstein starten wir von Balzers und vom Flugplatz Sitterdorf.\n<\/p>\n<p><a id=\"seeMore\" onclick=\"toggleSeeMore()\" href=\"javascript:void(0);\">Lesen Sie mehr<\/a><\/p>\n","protected":false},"featured_media":86107,"comment_status":"open","ping_status":"closed","template":"","meta":{"inline_featured_image":false,"_mi_skip_tracking":false},"product_cat":[263,274],"product_tag":[],"class_list":["post-91966","product","type-product","status-publish","has-post-thumbnail","hentry","product_cat-helikopterflug-in-der-schweiz","product_cat-helikopterrundflug-interlaken-gsteigwiler"],"yoast_head":"<!-- This site is optimized with the Yoast SEO plugin v23.6 - https:\/\/yoast.com\/wordpress\/plugins\/seo\/ -->\n<title>9-min\u00fctiger Flug \u00fcber die Seen von Interlaken-Gsteigwiler.<\/title>\n<meta name=\"description\" content=\"Seenflug ab Interlaken-Gsteigwiler f\u00fcr einen Flug \u00fcber die Seen der Region. Dieser Flug wird Sie sicherlich zu einer weiteren Helikopter-Rundreise anregen.\" \/>\n<meta name=\"robots\" content=\"index, follow, max-snippet:-1, max-image-preview:large, max-video-preview:-1\" \/>\n<link rel=\"canonical\" href=\"https:\/\/www.swissraft.ch\/de\/produkt\/helikopterflug-interlaken-flug-ueber-die-seen\/\" \/>\n<meta property=\"og:locale\" content=\"de_DE\" \/>\n<meta property=\"og:type\" content=\"article\" \/>\n<meta property=\"og:title\" content=\"9-min\u00fctiger Flug \u00fcber die Seen von Interlaken-Gsteigwiler.\" \/>\n<meta property=\"og:description\" content=\"Seenflug ab Interlaken-Gsteigwiler f\u00fcr einen Flug \u00fcber die Seen der Region. Dieser Flug wird Sie sicherlich zu einer weiteren Helikopter-Rundreise anregen.\" \/>\n<meta property=\"og:url\" content=\"https:\/\/www.swissraft.ch\/de\/produkt\/helikopterflug-interlaken-flug-ueber-die-seen\/\" \/>\n<meta property=\"og:site_name\" content=\"Swissraft\" \/>\n<meta property=\"article:modified_time\" content=\"2025-06-14T16:22:17+00:00\" \/>\n<meta property=\"og:image\" content=\"https:\/\/www.swissraft.ch\/wp-content\/uploads\/2022\/12\/1-INTERLAKEN-Seenflug-776x776-2.jpg\" \/>\n\t<meta property=\"og:image:width\" content=\"776\" \/>\n\t<meta property=\"og:image:height\" content=\"776\" \/>\n\t<meta property=\"og:image:type\" content=\"image\/jpeg\" \/>\n<meta name=\"twitter:card\" content=\"summary_large_image\" \/>\n<meta name=\"twitter:label1\" content=\"Gesch\u00e4tzte Lesezeit\" \/>\n\t<meta name=\"twitter:data1\" content=\"1\u00a0Minute\" \/>\n<script type=\"application\/ld+json\" class=\"yoast-schema-graph\">{\"@context\":\"https:\/\/schema.org\",\"@graph\":[{\"@type\":\"WebPage\",\"@id\":\"https:\/\/www.swissraft.ch\/de\/produkt\/helikopterflug-interlaken-flug-ueber-die-seen\/\",\"url\":\"https:\/\/www.swissraft.ch\/de\/produkt\/helikopterflug-interlaken-flug-ueber-die-seen\/\",\"name\":\"9-min\u00fctiger Flug \u00fcber die Seen von Interlaken-Gsteigwiler.\",\"isPartOf\":{\"@id\":\"https:\/\/www.swissraft.ch\/de\/#website\"},\"primaryImageOfPage\":{\"@id\":\"https:\/\/www.swissraft.ch\/de\/produkt\/helikopterflug-interlaken-flug-ueber-die-seen\/#primaryimage\"},\"image\":{\"@id\":\"https:\/\/www.swissraft.ch\/de\/produkt\/helikopterflug-interlaken-flug-ueber-die-seen\/#primaryimage\"},\"thumbnailUrl\":\"https:\/\/www.swissraft.ch\/wp-content\/uploads\/2022\/12\/1-INTERLAKEN-Seenflug-776x776-2.jpg\",\"datePublished\":\"2022-12-10T10:27:27+00:00\",\"dateModified\":\"2025-06-14T16:22:17+00:00\",\"description\":\"Seenflug ab Interlaken-Gsteigwiler f\u00fcr einen Flug \u00fcber die Seen der Region. Dieser Flug wird Sie sicherlich zu einer weiteren Helikopter-Rundreise anregen.\",\"breadcrumb\":{\"@id\":\"https:\/\/www.swissraft.ch\/de\/produkt\/helikopterflug-interlaken-flug-ueber-die-seen\/#breadcrumb\"},\"inLanguage\":\"de\",\"potentialAction\":[{\"@type\":\"ReadAction\",\"target\":[\"https:\/\/www.swissraft.ch\/de\/produkt\/helikopterflug-interlaken-flug-ueber-die-seen\/\"]}]},{\"@type\":\"ImageObject\",\"inLanguage\":\"de\",\"@id\":\"https:\/\/www.swissraft.ch\/de\/produkt\/helikopterflug-interlaken-flug-ueber-die-seen\/#primaryimage\",\"url\":\"https:\/\/www.swissraft.ch\/wp-content\/uploads\/2022\/12\/1-INTERLAKEN-Seenflug-776x776-2.jpg\",\"contentUrl\":\"https:\/\/www.swissraft.ch\/wp-content\/uploads\/2022\/12\/1-INTERLAKEN-Seenflug-776x776-2.jpg\",\"width\":776,\"height\":776,\"caption\":\"Helikopterflug \u00fcber die Seen von Interlaken aus\"},{\"@type\":\"BreadcrumbList\",\"@id\":\"https:\/\/www.swissraft.ch\/de\/produkt\/helikopterflug-interlaken-flug-ueber-die-seen\/#breadcrumb\",\"itemListElement\":[{\"@type\":\"ListItem\",\"position\":1,\"name\":\"Accueil\",\"item\":\"https:\/\/www.swissraft.ch\/de\/\"},{\"@type\":\"ListItem\",\"position\":2,\"name\":\"Shop\",\"item\":\"https:\/\/www.swissraft.ch\/de\/shop\/\"},{\"@type\":\"ListItem\",\"position\":3,\"name\":\"Helikopterflug von INTERLAKEN &#8211; FLUG \u00dcBER DIE SEEN &#8211; 9 Min. &#8211; CHF 165.00\"}]},{\"@type\":\"WebSite\",\"@id\":\"https:\/\/www.swissraft.ch\/de\/#website\",\"url\":\"https:\/\/www.swissraft.ch\/de\/\",\"name\":\"Swissraft\",\"description\":\"To enjoy nature as it is\",\"publisher\":{\"@id\":\"https:\/\/www.swissraft.ch\/de\/#organization\"},\"potentialAction\":[{\"@type\":\"SearchAction\",\"target\":{\"@type\":\"EntryPoint\",\"urlTemplate\":\"https:\/\/www.swissraft.ch\/de\/?s={search_term_string}\"},\"query-input\":{\"@type\":\"PropertyValueSpecification\",\"valueRequired\":true,\"valueName\":\"search_term_string\"}}],\"inLanguage\":\"de\"},{\"@type\":\"Organization\",\"@id\":\"https:\/\/www.swissraft.ch\/de\/#organization\",\"name\":\"Swissraft\",\"url\":\"https:\/\/www.swissraft.ch\/de\/\",\"logo\":{\"@type\":\"ImageObject\",\"inLanguage\":\"de\",\"@id\":\"https:\/\/www.swissraft.ch\/de\/#\/schema\/logo\/image\/\",\"url\":\"https:\/\/www.swissraft.ch\/wp-content\/uploads\/2025\/09\/Capture.jpg\",\"contentUrl\":\"https:\/\/www.swissraft.ch\/wp-content\/uploads\/2025\/09\/Capture.jpg\",\"width\":293,\"height\":108,\"caption\":\"Swissraft\"},\"image\":{\"@id\":\"https:\/\/www.swissraft.ch\/de\/#\/schema\/logo\/image\/\"}}]}<\/script>\n<!-- \/ Yoast SEO plugin. -->","yoast_head_json":{"title":"9-min\u00fctiger Flug \u00fcber die Seen von Interlaken-Gsteigwiler.","description":"Seenflug ab Interlaken-Gsteigwiler f\u00fcr einen Flug \u00fcber die Seen der Region. Dieser Flug wird Sie sicherlich zu einer weiteren Helikopter-Rundreise anregen.","robots":{"index":"index","follow":"follow","max-snippet":"max-snippet:-1","max-image-preview":"max-image-preview:large","max-video-preview":"max-video-preview:-1"},"canonical":"https:\/\/www.swissraft.ch\/de\/produkt\/helikopterflug-interlaken-flug-ueber-die-seen\/","og_locale":"de_DE","og_type":"article","og_title":"9-min\u00fctiger Flug \u00fcber die Seen von Interlaken-Gsteigwiler.","og_description":"Seenflug ab Interlaken-Gsteigwiler f\u00fcr einen Flug \u00fcber die Seen der Region. Dieser Flug wird Sie sicherlich zu einer weiteren Helikopter-Rundreise anregen.","og_url":"https:\/\/www.swissraft.ch\/de\/produkt\/helikopterflug-interlaken-flug-ueber-die-seen\/","og_site_name":"Swissraft","article_modified_time":"2025-06-14T16:22:17+00:00","og_image":[{"width":776,"height":776,"url":"https:\/\/www.swissraft.ch\/wp-content\/uploads\/2022\/12\/1-INTERLAKEN-Seenflug-776x776-2.jpg","type":"image\/jpeg"}],"twitter_card":"summary_large_image","twitter_misc":{"Gesch\u00e4tzte Lesezeit":"1\u00a0Minute"},"schema":{"@context":"https:\/\/schema.org","@graph":[{"@type":"WebPage","@id":"https:\/\/www.swissraft.ch\/de\/produkt\/helikopterflug-interlaken-flug-ueber-die-seen\/","url":"https:\/\/www.swissraft.ch\/de\/produkt\/helikopterflug-interlaken-flug-ueber-die-seen\/","name":"9-min\u00fctiger Flug \u00fcber die Seen von Interlaken-Gsteigwiler.","isPartOf":{"@id":"https:\/\/www.swissraft.ch\/de\/#website"},"primaryImageOfPage":{"@id":"https:\/\/www.swissraft.ch\/de\/produkt\/helikopterflug-interlaken-flug-ueber-die-seen\/#primaryimage"},"image":{"@id":"https:\/\/www.swissraft.ch\/de\/produkt\/helikopterflug-interlaken-flug-ueber-die-seen\/#primaryimage"},"thumbnailUrl":"https:\/\/www.swissraft.ch\/wp-content\/uploads\/2022\/12\/1-INTERLAKEN-Seenflug-776x776-2.jpg","datePublished":"2022-12-10T10:27:27+00:00","dateModified":"2025-06-14T16:22:17+00:00","description":"Seenflug ab Interlaken-Gsteigwiler f\u00fcr einen Flug \u00fcber die Seen der Region. Dieser Flug wird Sie sicherlich zu einer weiteren Helikopter-Rundreise anregen.","breadcrumb":{"@id":"https:\/\/www.swissraft.ch\/de\/produkt\/helikopterflug-interlaken-flug-ueber-die-seen\/#breadcrumb"},"inLanguage":"de","potentialAction":[{"@type":"ReadAction","target":["https:\/\/www.swissraft.ch\/de\/produkt\/helikopterflug-interlaken-flug-ueber-die-seen\/"]}]},{"@type":"ImageObject","inLanguage":"de","@id":"https:\/\/www.swissraft.ch\/de\/produkt\/helikopterflug-interlaken-flug-ueber-die-seen\/#primaryimage","url":"https:\/\/www.swissraft.ch\/wp-content\/uploads\/2022\/12\/1-INTERLAKEN-Seenflug-776x776-2.jpg","contentUrl":"https:\/\/www.swissraft.ch\/wp-content\/uploads\/2022\/12\/1-INTERLAKEN-Seenflug-776x776-2.jpg","width":776,"height":776,"caption":"Helikopterflug \u00fcber die Seen von Interlaken aus"},{"@type":"BreadcrumbList","@id":"https:\/\/www.swissraft.ch\/de\/produkt\/helikopterflug-interlaken-flug-ueber-die-seen\/#breadcrumb","itemListElement":[{"@type":"ListItem","position":1,"name":"Accueil","item":"https:\/\/www.swissraft.ch\/de\/"},{"@type":"ListItem","position":2,"name":"Shop","item":"https:\/\/www.swissraft.ch\/de\/shop\/"},{"@type":"ListItem","position":3,"name":"Helikopterflug von INTERLAKEN &#8211; FLUG \u00dcBER DIE SEEN &#8211; 9 Min. &#8211; CHF 165.00"}]},{"@type":"WebSite","@id":"https:\/\/www.swissraft.ch\/de\/#website","url":"https:\/\/www.swissraft.ch\/de\/","name":"Swissraft","description":"To enjoy nature as it is","publisher":{"@id":"https:\/\/www.swissraft.ch\/de\/#organization"},"potentialAction":[{"@type":"SearchAction","target":{"@type":"EntryPoint","urlTemplate":"https:\/\/www.swissraft.ch\/de\/?s={search_term_string}"},"query-input":{"@type":"PropertyValueSpecification","valueRequired":true,"valueName":"search_term_string"}}],"inLanguage":"de"},{"@type":"Organization","@id":"https:\/\/www.swissraft.ch\/de\/#organization","name":"Swissraft","url":"https:\/\/www.swissraft.ch\/de\/","logo":{"@type":"ImageObject","inLanguage":"de","@id":"https:\/\/www.swissraft.ch\/de\/#\/schema\/logo\/image\/","url":"https:\/\/www.swissraft.ch\/wp-content\/uploads\/2025\/09\/Capture.jpg","contentUrl":"https:\/\/www.swissraft.ch\/wp-content\/uploads\/2025\/09\/Capture.jpg","width":293,"height":108,"caption":"Swissraft"},"image":{"@id":"https:\/\/www.swissraft.ch\/de\/#\/schema\/logo\/image\/"}}]}},"_links":{"self":[{"href":"https:\/\/www.swissraft.ch\/de\/wp-json\/wp\/v2\/product\/91966","targetHints":{"allow":["GET"]}}],"collection":[{"href":"https:\/\/www.swissraft.ch\/de\/wp-json\/wp\/v2\/product"}],"about":[{"href":"https:\/\/www.swissraft.ch\/de\/wp-json\/wp\/v2\/types\/product"}],"replies":[{"embeddable":true,"href":"https:\/\/www.swissraft.ch\/de\/wp-json\/wp\/v2\/comments?post=91966"}],"version-history":[{"count":12,"href":"https:\/\/www.swissraft.ch\/de\/wp-json\/wp\/v2\/product\/91966\/revisions"}],"predecessor-version":[{"id":117485,"href":"https:\/\/www.swissraft.ch\/de\/wp-json\/wp\/v2\/product\/91966\/revisions\/117485"}],"wp:featuredmedia":[{"embeddable":true,"href":"https:\/\/www.swissraft.ch\/de\/wp-json\/wp\/v2\/media\/86107"}],"wp:attachment":[{"href":"https:\/\/www.swissraft.ch\/de\/wp-json\/wp\/v2\/media?parent=91966"}],"wp:term":[{"taxonomy":"product_cat","embeddable":true,"href":"https:\/\/www.swissraft.ch\/de\/wp-json\/wp\/v2\/product_cat?post=91966"},{"taxonomy":"product_tag","embeddable":true,"href":"https:\/\/www.swissraft.ch\/de\/wp-json\/wp\/v2\/product_tag?post=91966"}],"curies":[{"name":"wp","href":"https:\/\/api.w.org\/{rel}","templated":true}]}}