{"id":91965,"date":"2022-12-10T12:07:10","date_gmt":"2022-12-10T11:07:10","guid":{"rendered":"https:\/\/swissraft.xyanzkdne.eu\/product\/helikopterflug-von-interlaken-zermatt-und-le-cervin-60-min-chf-680-00\/"},"modified":"2026-04-19T03:53:06","modified_gmt":"2026-04-19T01:53:06","slug":"interlaken-rundflug-zermatt-matterhorn","status":"publish","type":"product","link":"https:\/\/www.swissraft.ch\/de\/produkt\/interlaken-rundflug-zermatt-matterhorn\/","title":{"rendered":"Helikopterflug &#8211; Interlaken &#8211; Zermatt und das Matterhorn &#8211; 60 Min. &#8211; CHF 700.00"},"content":{"rendered":"\t\t<div data-elementor-type=\"wp-post\" data-elementor-id=\"91965\" class=\"elementor elementor-91965 elementor-29404\">\n\t\t\t\t\t\t\t\t\t<section class=\"elementor-section elementor-top-section elementor-element elementor-element-3303a7e3 elementor-section-boxed elementor-section-height-default elementor-section-height-default\" data-id=\"3303a7e3\" data-element_type=\"section\">\n\t\t\t\t\t\t<div class=\"elementor-container elementor-column-gap-default\">\n\t\t\t\t\t<div class=\"elementor-column elementor-col-100 elementor-top-column elementor-element elementor-element-16d72dbf\" data-id=\"16d72dbf\" data-element_type=\"column\">\n\t\t\t<div class=\"elementor-widget-wrap elementor-element-populated\">\n\t\t\t\t\t\t\t\t<div class=\"elementor-element elementor-element-d743c03 elementor-widget elementor-widget-text-editor\" data-id=\"d743c03\" data-element_type=\"widget\" data-widget_type=\"text-editor.default\">\n\t\t\t\t<div class=\"elementor-widget-container\">\n\t\t\t\t\t\t\t<h2>W\u00c4HLEN SIE UNTEN IHRE AKTIVIT\u00c4T AUS, UM GESCHENKGUTSCHEINE \/ TICKETS ZU VERSCHENKEN ODER ZU BUCHEN<\/h2><table style=\"height: 290px;\" border=\"0\" width=\"580\" cellspacing=\"10\" cellpadding=\"10\"><tbody><tr><td width=\"50%\"><strong>RUNDFLUG &#8211; ZERMATT UND DAS MATTERHORN (1-5 Pers.) &#8211; 60 Min.<\/strong><\/td><td><strong>CHF 700.00 pro Person <\/strong><\/td><\/tr><tr><td>Zus\u00e4tzliche Informationen<\/td><td>&#8211; Sie werden mit anderen Passagieren zusammen sein<br \/>&#8211; Maximum 5 Pers.<\/td><\/tr><tr><td>Heliport<\/td><td><a href=\"https:\/\/www.google.com\/maps\/place\/46%C2%B038'53.4%22N+7%C2%B052'41.1%22E\/@46.6502106,7.8037923,12395m\/data=!3m1!1e3!4m4!3m3!8m2!3d46.6481667!4d7.8780833?entry=ttu\" target=\"_blank\" rel=\"noopener\">Gsteigwiler<\/a><\/td><\/tr><tr><td>Flugzeit<\/td><td>60 Min.<\/td><\/tr><tr><td>Gesamtdauer<\/td><td>ca. 1,5 Std.<\/td><\/tr><tr><td>Termin<\/td><td>Per Telefon<\/td><\/tr><tr><td><button class=\"elementor-button\" type=\"button\"><a href=\"https:\/\/swissraft.outdoorbooking.ch\/fo\/products\/46?base_id=10&amp;category_id=6&amp;order_type=gift_voucher&amp;lang=de\" target=\"_blank\" rel=\"noopener\">GUTSCHEIN \/ TICKET KAUFEN<\/a><\/button><\/td><td><strong><em>WICHTIG !<\/em><\/strong><br \/><em>Um zu reservieren, rufen Sie die Nummer an, die sich oben links auf dem Gutschein \/ Ticket befindet.<\/em><\/td><\/tr><\/tbody><\/table>\t\t\t\t\t\t<\/div>\n\t\t\t\t<\/div>\n\t\t\t\t\t<\/div>\n\t\t<\/div>\n\t\t\t\t\t\t\t<\/div>\n\t\t<\/section>\n\t\t\t\t\t\t\t<\/div>\n\t\t","protected":false},"excerpt":{"rendered":"<div align=\"justify\">\n<h2 align=\"justify\">Dieser Helikopterflug von Gsteigwiler aus f\u00fchrt Sie ins Wallis, wo Sie den legend\u00e4ren Berg der Schweiz, das Matterhorn, \u00fcberfliegen.<\/h2>\n<h3>Dieser Flug zeigt Ihnen das Matterhorn, wie Sie es noch nie zuvor gesehen haben. Sie fliegen auch \u00fcber das Dorf Zermatt mit seinen blumengeschm\u00fcckten Balkonen im Sommer.<\/h3>\n<\/div>\n<div align=\"justify\">\n<p>Start vom Heliport Gsteigwiler f\u00fcr einen 60-min\u00fctigen, herrlichen Flug. Wir fahren in Richtung Grindelwald, der Nordseite des Eigers. Dann geht es weiter zur Fiescherwand, zum Ewigschneefeld, zum Konkordiaplatz, zum Aletschgletscher, zum Eggishorn, zur Bettmeralp und nach Brig. Wir befinden uns im Wallis, der Flug geht weiter ins Saastal, nach Saas-Fee, zum kleinen Matterhorn, zum Matterhorn, nach Zermatt. Nach einer 180-Grad-Kurve fahren wir weiter in Richtung Mattertal, Arogne, L\u00f6tschental, Petersgratgletscher. Es folgen das Gspaltenhorn, das Schilthorn, Soustal, Zweil\u00fctschinen und Gsteigwiler, wo wir uns ausruhen.<\/p>\n<h3>Swissraft bietet Ihnen weitere hervorragende Fl\u00fcge von 23 Heliports und Flugpl\u00e4tzen in der Schweiz an.<\/h3>\n<p id=\"textarea\" style=\"display: none;\">\nWir starten auch vom Heliport Gstaad-Grund in Gstaad-Saanenland und vom Flugplatz Saanen. Auch von den Heliports in Lauterbrunnen, Lenk-Simmental und Schattenhalb-Meiringen im Berner Oberland. Ebenso im Wallis von den Hubschrauberlandepl\u00e4tzen Collombey, Gampel und vom Flughafen Sitten. Wir bieten auch Rundfl\u00fcge ab dem Flugplatz \u00c9pagny im Kanton Freiburg an. Aber auch Rundfl\u00fcge im Kanton Uri ab dem Heliport Erstfeld und im Kanton Luzern ab Pfaffnau. Dar\u00fcber hinaus bieten wir Fl\u00fcge vom Flugplatz Buttwil in Aargau und vom Flugplatz Grenchen an. Zum einen bieten wir Fl\u00fcge vom Flughafen Bern-Belp an. Auf der anderen Seite fliegen wir vom internationalen Flughafen Z\u00fcrich-Kloten ab. Wir starten auch von K\u00fcssnacht im Kanton Schwyz. Im Engadin bieten wir das ganze Jahr \u00fcber Fl\u00fcge vom Flughafen Samedan an. In Graub\u00fcnden bieten wir Helikopterrundfl\u00fcge von Flims, Tavanasa und Untervaz aus an. Au\u00dferdem bieten wir im Tessin Fl\u00fcge von zwei Flugpl\u00e4tzen an: Lodrino und Locarno-Magadino. Sowie in Liechtenstein mit Fl\u00fcgen vom Heliport Balzers und vom Flugplatz Sitterdorf im Thurgau.\n<\/p>\n<p><a id=\"seeMore\" onclick=\"toggleSeeMore()\" href=\"javascript:void(0);\">Lesen Sie mehr<\/a><\/p>\n","protected":false},"featured_media":86167,"comment_status":"open","ping_status":"closed","template":"","meta":{"inline_featured_image":false,"_mi_skip_tracking":false},"product_cat":[263,274],"product_tag":[],"class_list":["post-91965","product","type-product","status-publish","has-post-thumbnail","hentry","product_cat-helikopterflug-in-der-schweiz","product_cat-helikopterflug-rundflug-interlaken-gsteigwiler"],"yoast_head":"<!-- This site is optimized with the Yoast SEO plugin v23.6 - https:\/\/yoast.com\/wordpress\/plugins\/seo\/ -->\n<title>Rundflug Zermatt und Matterhorn mit dem Helikopter ab Gsteigwiler<\/title>\n<meta name=\"description\" content=\"Rundflug Zermatt und Matterhorn im Helikopter von Interlaken-Gsteigwiler aus. Sie fliegen \u00fcber die Berner und Walliser Alpen. Fantastischer Flug\" \/>\n<meta name=\"robots\" content=\"index, follow, max-snippet:-1, max-image-preview:large, max-video-preview:-1\" \/>\n<link rel=\"canonical\" href=\"https:\/\/www.swissraft.ch\/de\/produkt\/interlaken-rundflug-zermatt-matterhorn\/\" \/>\n<meta property=\"og:locale\" content=\"de_DE\" \/>\n<meta property=\"og:type\" content=\"article\" \/>\n<meta property=\"og:title\" content=\"Rundflug Zermatt und Matterhorn mit dem Helikopter ab Gsteigwiler\" \/>\n<meta property=\"og:description\" content=\"Rundflug Zermatt und Matterhorn im Helikopter von Interlaken-Gsteigwiler aus. Sie fliegen \u00fcber die Berner und Walliser Alpen. Fantastischer Flug\" \/>\n<meta property=\"og:url\" content=\"https:\/\/www.swissraft.ch\/de\/produkt\/interlaken-rundflug-zermatt-matterhorn\/\" \/>\n<meta property=\"og:site_name\" content=\"Swissraft\" \/>\n<meta property=\"article:modified_time\" content=\"2026-04-19T01:53:06+00:00\" \/>\n<meta property=\"og:image\" content=\"https:\/\/www.swissraft.ch\/wp-content\/uploads\/2022\/12\/6-INTERLAKEN-Zermatt-und-Matterhorn-776x776-1-1.jpg\" \/>\n\t<meta property=\"og:image:width\" content=\"776\" \/>\n\t<meta property=\"og:image:height\" content=\"776\" \/>\n\t<meta property=\"og:image:type\" content=\"image\/jpeg\" \/>\n<meta name=\"twitter:card\" content=\"summary_large_image\" \/>\n<meta name=\"twitter:label1\" content=\"Gesch\u00e4tzte Lesezeit\" \/>\n\t<meta name=\"twitter:data1\" content=\"1\u00a0Minute\" \/>\n<script type=\"application\/ld+json\" class=\"yoast-schema-graph\">{\"@context\":\"https:\/\/schema.org\",\"@graph\":[{\"@type\":\"WebPage\",\"@id\":\"https:\/\/www.swissraft.ch\/de\/produkt\/interlaken-rundflug-zermatt-matterhorn\/\",\"url\":\"https:\/\/www.swissraft.ch\/de\/produkt\/interlaken-rundflug-zermatt-matterhorn\/\",\"name\":\"Rundflug Zermatt und Matterhorn mit dem Helikopter ab Gsteigwiler\",\"isPartOf\":{\"@id\":\"https:\/\/www.swissraft.ch\/de\/#website\"},\"primaryImageOfPage\":{\"@id\":\"https:\/\/www.swissraft.ch\/de\/produkt\/interlaken-rundflug-zermatt-matterhorn\/#primaryimage\"},\"image\":{\"@id\":\"https:\/\/www.swissraft.ch\/de\/produkt\/interlaken-rundflug-zermatt-matterhorn\/#primaryimage\"},\"thumbnailUrl\":\"https:\/\/www.swissraft.ch\/wp-content\/uploads\/2022\/12\/6-INTERLAKEN-Zermatt-und-Matterhorn-776x776-1-1.jpg\",\"datePublished\":\"2022-12-10T11:07:10+00:00\",\"dateModified\":\"2026-04-19T01:53:06+00:00\",\"description\":\"Rundflug Zermatt und Matterhorn im Helikopter von Interlaken-Gsteigwiler aus. Sie fliegen \u00fcber die Berner und Walliser Alpen. Fantastischer Flug\",\"breadcrumb\":{\"@id\":\"https:\/\/www.swissraft.ch\/de\/produkt\/interlaken-rundflug-zermatt-matterhorn\/#breadcrumb\"},\"inLanguage\":\"de\",\"potentialAction\":[{\"@type\":\"ReadAction\",\"target\":[\"https:\/\/www.swissraft.ch\/de\/produkt\/interlaken-rundflug-zermatt-matterhorn\/\"]}]},{\"@type\":\"ImageObject\",\"inLanguage\":\"de\",\"@id\":\"https:\/\/www.swissraft.ch\/de\/produkt\/interlaken-rundflug-zermatt-matterhorn\/#primaryimage\",\"url\":\"https:\/\/www.swissraft.ch\/wp-content\/uploads\/2022\/12\/6-INTERLAKEN-Zermatt-und-Matterhorn-776x776-1-1.jpg\",\"contentUrl\":\"https:\/\/www.swissraft.ch\/wp-content\/uploads\/2022\/12\/6-INTERLAKEN-Zermatt-und-Matterhorn-776x776-1-1.jpg\",\"width\":776,\"height\":776,\"caption\":\"Hubschrauberflug zum Matterhorn und nach Zermatt\"},{\"@type\":\"BreadcrumbList\",\"@id\":\"https:\/\/www.swissraft.ch\/de\/produkt\/interlaken-rundflug-zermatt-matterhorn\/#breadcrumb\",\"itemListElement\":[{\"@type\":\"ListItem\",\"position\":1,\"name\":\"Accueil\",\"item\":\"https:\/\/www.swissraft.ch\/de\/\"},{\"@type\":\"ListItem\",\"position\":2,\"name\":\"Shop\",\"item\":\"https:\/\/www.swissraft.ch\/de\/shop\/\"},{\"@type\":\"ListItem\",\"position\":3,\"name\":\"Helikopterflug &#8211; Interlaken &#8211; Zermatt und das Matterhorn &#8211; 60 Min. &#8211; CHF 700.00\"}]},{\"@type\":\"WebSite\",\"@id\":\"https:\/\/www.swissraft.ch\/de\/#website\",\"url\":\"https:\/\/www.swissraft.ch\/de\/\",\"name\":\"Swissraft\",\"description\":\"To enjoy nature as it is\",\"publisher\":{\"@id\":\"https:\/\/www.swissraft.ch\/de\/#organization\"},\"potentialAction\":[{\"@type\":\"SearchAction\",\"target\":{\"@type\":\"EntryPoint\",\"urlTemplate\":\"https:\/\/www.swissraft.ch\/de\/?s={search_term_string}\"},\"query-input\":{\"@type\":\"PropertyValueSpecification\",\"valueRequired\":true,\"valueName\":\"search_term_string\"}}],\"inLanguage\":\"de\"},{\"@type\":\"Organization\",\"@id\":\"https:\/\/www.swissraft.ch\/de\/#organization\",\"name\":\"Swissraft\",\"url\":\"https:\/\/www.swissraft.ch\/de\/\",\"logo\":{\"@type\":\"ImageObject\",\"inLanguage\":\"de\",\"@id\":\"https:\/\/www.swissraft.ch\/de\/#\/schema\/logo\/image\/\",\"url\":\"https:\/\/www.swissraft.ch\/wp-content\/uploads\/2025\/09\/Capture.jpg\",\"contentUrl\":\"https:\/\/www.swissraft.ch\/wp-content\/uploads\/2025\/09\/Capture.jpg\",\"width\":293,\"height\":108,\"caption\":\"Swissraft\"},\"image\":{\"@id\":\"https:\/\/www.swissraft.ch\/de\/#\/schema\/logo\/image\/\"}}]}<\/script>\n<!-- \/ Yoast SEO plugin. -->","yoast_head_json":{"title":"Rundflug Zermatt und Matterhorn mit dem Helikopter ab Gsteigwiler","description":"Rundflug Zermatt und Matterhorn im Helikopter von Interlaken-Gsteigwiler aus. Sie fliegen \u00fcber die Berner und Walliser Alpen. Fantastischer Flug","robots":{"index":"index","follow":"follow","max-snippet":"max-snippet:-1","max-image-preview":"max-image-preview:large","max-video-preview":"max-video-preview:-1"},"canonical":"https:\/\/www.swissraft.ch\/de\/produkt\/interlaken-rundflug-zermatt-matterhorn\/","og_locale":"de_DE","og_type":"article","og_title":"Rundflug Zermatt und Matterhorn mit dem Helikopter ab Gsteigwiler","og_description":"Rundflug Zermatt und Matterhorn im Helikopter von Interlaken-Gsteigwiler aus. Sie fliegen \u00fcber die Berner und Walliser Alpen. Fantastischer Flug","og_url":"https:\/\/www.swissraft.ch\/de\/produkt\/interlaken-rundflug-zermatt-matterhorn\/","og_site_name":"Swissraft","article_modified_time":"2026-04-19T01:53:06+00:00","og_image":[{"width":776,"height":776,"url":"https:\/\/www.swissraft.ch\/wp-content\/uploads\/2022\/12\/6-INTERLAKEN-Zermatt-und-Matterhorn-776x776-1-1.jpg","type":"image\/jpeg"}],"twitter_card":"summary_large_image","twitter_misc":{"Gesch\u00e4tzte Lesezeit":"1\u00a0Minute"},"schema":{"@context":"https:\/\/schema.org","@graph":[{"@type":"WebPage","@id":"https:\/\/www.swissraft.ch\/de\/produkt\/interlaken-rundflug-zermatt-matterhorn\/","url":"https:\/\/www.swissraft.ch\/de\/produkt\/interlaken-rundflug-zermatt-matterhorn\/","name":"Rundflug Zermatt und Matterhorn mit dem Helikopter ab Gsteigwiler","isPartOf":{"@id":"https:\/\/www.swissraft.ch\/de\/#website"},"primaryImageOfPage":{"@id":"https:\/\/www.swissraft.ch\/de\/produkt\/interlaken-rundflug-zermatt-matterhorn\/#primaryimage"},"image":{"@id":"https:\/\/www.swissraft.ch\/de\/produkt\/interlaken-rundflug-zermatt-matterhorn\/#primaryimage"},"thumbnailUrl":"https:\/\/www.swissraft.ch\/wp-content\/uploads\/2022\/12\/6-INTERLAKEN-Zermatt-und-Matterhorn-776x776-1-1.jpg","datePublished":"2022-12-10T11:07:10+00:00","dateModified":"2026-04-19T01:53:06+00:00","description":"Rundflug Zermatt und Matterhorn im Helikopter von Interlaken-Gsteigwiler aus. Sie fliegen \u00fcber die Berner und Walliser Alpen. Fantastischer Flug","breadcrumb":{"@id":"https:\/\/www.swissraft.ch\/de\/produkt\/interlaken-rundflug-zermatt-matterhorn\/#breadcrumb"},"inLanguage":"de","potentialAction":[{"@type":"ReadAction","target":["https:\/\/www.swissraft.ch\/de\/produkt\/interlaken-rundflug-zermatt-matterhorn\/"]}]},{"@type":"ImageObject","inLanguage":"de","@id":"https:\/\/www.swissraft.ch\/de\/produkt\/interlaken-rundflug-zermatt-matterhorn\/#primaryimage","url":"https:\/\/www.swissraft.ch\/wp-content\/uploads\/2022\/12\/6-INTERLAKEN-Zermatt-und-Matterhorn-776x776-1-1.jpg","contentUrl":"https:\/\/www.swissraft.ch\/wp-content\/uploads\/2022\/12\/6-INTERLAKEN-Zermatt-und-Matterhorn-776x776-1-1.jpg","width":776,"height":776,"caption":"Hubschrauberflug zum Matterhorn und nach Zermatt"},{"@type":"BreadcrumbList","@id":"https:\/\/www.swissraft.ch\/de\/produkt\/interlaken-rundflug-zermatt-matterhorn\/#breadcrumb","itemListElement":[{"@type":"ListItem","position":1,"name":"Accueil","item":"https:\/\/www.swissraft.ch\/de\/"},{"@type":"ListItem","position":2,"name":"Shop","item":"https:\/\/www.swissraft.ch\/de\/shop\/"},{"@type":"ListItem","position":3,"name":"Helikopterflug &#8211; Interlaken &#8211; Zermatt und das Matterhorn &#8211; 60 Min. &#8211; CHF 700.00"}]},{"@type":"WebSite","@id":"https:\/\/www.swissraft.ch\/de\/#website","url":"https:\/\/www.swissraft.ch\/de\/","name":"Swissraft","description":"To enjoy nature as it is","publisher":{"@id":"https:\/\/www.swissraft.ch\/de\/#organization"},"potentialAction":[{"@type":"SearchAction","target":{"@type":"EntryPoint","urlTemplate":"https:\/\/www.swissraft.ch\/de\/?s={search_term_string}"},"query-input":{"@type":"PropertyValueSpecification","valueRequired":true,"valueName":"search_term_string"}}],"inLanguage":"de"},{"@type":"Organization","@id":"https:\/\/www.swissraft.ch\/de\/#organization","name":"Swissraft","url":"https:\/\/www.swissraft.ch\/de\/","logo":{"@type":"ImageObject","inLanguage":"de","@id":"https:\/\/www.swissraft.ch\/de\/#\/schema\/logo\/image\/","url":"https:\/\/www.swissraft.ch\/wp-content\/uploads\/2025\/09\/Capture.jpg","contentUrl":"https:\/\/www.swissraft.ch\/wp-content\/uploads\/2025\/09\/Capture.jpg","width":293,"height":108,"caption":"Swissraft"},"image":{"@id":"https:\/\/www.swissraft.ch\/de\/#\/schema\/logo\/image\/"}}]}},"_links":{"self":[{"href":"https:\/\/www.swissraft.ch\/de\/wp-json\/wp\/v2\/product\/91965","targetHints":{"allow":["GET"]}}],"collection":[{"href":"https:\/\/www.swissraft.ch\/de\/wp-json\/wp\/v2\/product"}],"about":[{"href":"https:\/\/www.swissraft.ch\/de\/wp-json\/wp\/v2\/types\/product"}],"replies":[{"embeddable":true,"href":"https:\/\/www.swissraft.ch\/de\/wp-json\/wp\/v2\/comments?post=91965"}],"version-history":[{"count":27,"href":"https:\/\/www.swissraft.ch\/de\/wp-json\/wp\/v2\/product\/91965\/revisions"}],"predecessor-version":[{"id":141023,"href":"https:\/\/www.swissraft.ch\/de\/wp-json\/wp\/v2\/product\/91965\/revisions\/141023"}],"wp:featuredmedia":[{"embeddable":true,"href":"https:\/\/www.swissraft.ch\/de\/wp-json\/wp\/v2\/media\/86167"}],"wp:attachment":[{"href":"https:\/\/www.swissraft.ch\/de\/wp-json\/wp\/v2\/media?parent=91965"}],"wp:term":[{"taxonomy":"product_cat","embeddable":true,"href":"https:\/\/www.swissraft.ch\/de\/wp-json\/wp\/v2\/product_cat?post=91965"},{"taxonomy":"product_tag","embeddable":true,"href":"https:\/\/www.swissraft.ch\/de\/wp-json\/wp\/v2\/product_tag?post=91965"}],"curies":[{"name":"wp","href":"https:\/\/api.w.org\/{rel}","templated":true}]}}