{"id":91962,"date":"2022-12-10T11:15:14","date_gmt":"2022-12-10T10:15:14","guid":{"rendered":"https:\/\/swissraft.xyanzkdne.eu\/product\/helikopterflug-von-gstaad-grund-gstaad-saanenland-10-min-chf-490-00\/"},"modified":"2026-04-19T00:22:02","modified_gmt":"2026-04-18T22:22:02","slug":"gstaad-grund-rundflug-gstaad-saanenland","status":"publish","type":"product","link":"https:\/\/www.swissraft.ch\/de\/produkt\/gstaad-grund-rundflug-gstaad-saanenland\/","title":{"rendered":"Helikopterflug &#8211; Gstaad-Grund &#8211; Gstaad-Saanenland &#8211; 10 Min. &#8211; CHF 490.00"},"content":{"rendered":"\t\t<div data-elementor-type=\"wp-post\" data-elementor-id=\"91962\" class=\"elementor elementor-91962 elementor-29367\">\n\t\t\t\t\t\t\t\t\t<section class=\"elementor-section elementor-top-section elementor-element elementor-element-3303a7e3 elementor-section-boxed elementor-section-height-default elementor-section-height-default\" data-id=\"3303a7e3\" data-element_type=\"section\">\n\t\t\t\t\t\t<div class=\"elementor-container elementor-column-gap-default\">\n\t\t\t\t\t<div class=\"elementor-column elementor-col-100 elementor-top-column elementor-element elementor-element-16d72dbf\" data-id=\"16d72dbf\" data-element_type=\"column\">\n\t\t\t<div class=\"elementor-widget-wrap elementor-element-populated\">\n\t\t\t\t\t\t\t\t<div class=\"elementor-element elementor-element-d743c03 elementor-widget elementor-widget-text-editor\" data-id=\"d743c03\" data-element_type=\"widget\" data-widget_type=\"text-editor.default\">\n\t\t\t\t<div class=\"elementor-widget-container\">\n\t\t\t\t\t\t\t<h2>W\u00c4HLEN SIE UNTEN IHRE AKTIVIT\u00c4T AUS, UM GESCHENKGUTSCHEINE \/ TICKETS ZU VERSCHENKEN ODER ZU BUCHEN.<\/h2><table style=\"height: 290px;\" border=\"0\" width=\"580\" cellspacing=\"10\" cellpadding=\"10\"><tbody><tr><td width=\"50%\"><strong>RUNDFLUG &#8211; GSTAAD-SAANENLAND &#8211; PRIVATFLUG (1-5 Pers.) &#8211; 10 Min.<\/strong><\/td><td><span style=\"font-weight: bold; background-color: #ffffff;\">CHF 490.00 pro Privatflug<\/span><\/td><\/tr><tr><td>Zus\u00e4tzliche Informationen<\/td><td>&#8211; Sie haben den Helikopter ausschlie\u00dflich f\u00fcr sich<br \/>&#8211; Sie bestimmen das Datum und die Uhrzeit des Abflugs<br \/>&#8211; Maximum 5 Pers.<\/td><\/tr><tr><td>Heliport<\/td><td><a href=\"https:\/\/www.google.com\/maps\/place\/46%C2%B025'43.8%22N+7%C2%B016'14.8%22E\/@46.4289323,7.2660634,778m\/data=!3m1!1e3!4m4!3m3!8m2!3d46.4288333!4d7.2707778?entry=ttu\" target=\"_blank\" rel=\"noopener\">Gstaad-Grund<\/a><\/td><\/tr><tr><td>Flugzeit<\/td><td>10 Min.<\/td><\/tr><tr><td>Gesamtdauer<\/td><td>ca. 40 Min.<\/td><\/tr><tr><td>Termin<\/td><td>Per Telefon<\/td><\/tr><tr><td><button class=\"elementor-button\" type=\"button\"><a href=\"https:\/\/swissraft.outdoorbooking.ch\/fo\/products\/65?base_id=12&amp;category_id=6&amp;order_type=gift_voucher&amp;lang=de\" target=\"_blank\" rel=\"noopener\">GUTSCHEIN \/ TICKET KAUFEN<\/a><\/button><\/td><td><strong><em>WICHTIG !<\/em><\/strong><br \/><em>Um zu reservieren, rufen Sie die Nummer an, die sich oben links auf dem Gutschein \/ Ticket befindet.<\/em><\/td><\/tr><\/tbody><\/table>\t\t\t\t\t\t<\/div>\n\t\t\t\t<\/div>\n\t\t\t\t\t<\/div>\n\t\t<\/div>\n\t\t\t\t\t\t\t<\/div>\n\t\t<\/section>\n\t\t\t\t\t\t\t<\/div>\n\t\t","protected":false},"excerpt":{"rendered":"<div align=\"justify\">\n<h2 align=\"justify\">Dieser 10-min\u00fctige Flug \u00fcber die Region Gstaad wird Ihnen Lust auf einen l\u00e4ngeren Flug machen.<\/h2>\n<h3>Im Sommer wie im Winter ist das Saanenland immer ein Muss f\u00fcr Wanderer und vor allem f\u00fcr Hubschrauberpiloten.<\/h3>\n<\/div>\n<div align=\"justify\">\n<p>Vom Heliport Gstaad-Grund aus fliegen Sie mit unserem Helikopter Ecureuil B2 in Richtung: Sch\u00f6nried &#8211; Saanenm\u00f6ser &#8211; Rinderberg &#8211; Giferspitz &#8211; Lauenen &#8211; Gsteig, bevor wir wieder auf dem Heliport Gstaad Grund landen. Eine sch\u00f6ne Region, das Saanenland !<\/p>\n<h3>Swissraft bietet 4 Helikopterrundfl\u00fcge ab Gstaad-Grund und viele weitere in der ganzen Schweiz an.<\/h3>\n<p id=\"textarea\" style=\"display: none;\">\nEbenso starten wir vom Heliport Interlaken-Gsteigwiler und vom Flugplatz Saanen im Saanenland Immer im Berner Oberland von den Heliports Lauterbrunnen, Lenk-Simmental und Schattenhalb-Meiringen. Wir starten auch von Collombey, Gampel und Sitten im Wallis. Au\u00dferdem starten wir von \u00c9pagny im Greyerzerland im Kanton Freiburg. Aber auch im Kanton Uri ab dem Heliport Erstfeld und ab Pfaffnau im Kanton Luzern. Auch vom Flugplatz Buttwil in Aargau. Wir starten auch vom Flugplatz Grenchen im Kanton Solothurn und vom Flughafen Bern-Belp. Helikopterfl\u00fcge vom internationalen Flughafen Z\u00fcrich-Kloten. Sowie vom Heliport K\u00fcssnacht im Kanton Schwyz. Aber auch in Graub\u00fcnden von St. Petersburg aus. Moritz im Winter und im Engadin der Flughafen von Samedan. Hubschrauberfl\u00fcge von den Heliports Flims, Tavanasa und Untervaz auch in Graub\u00fcnden. Wir bieten auch Rundfl\u00fcge im Tessin von den Flugpl\u00e4tzen Locarno und Lodrino an. Wir starten von Balzers in Liechtenstein und vom Flugplatz Sitterdorf im Thurgau.\n<\/p>\n<p><a id=\"seeMore\" onclick=\"toggleSeeMore()\" href=\"javascript:void(0);\">Lesen Sie mehr<\/a><\/p>\n","protected":false},"featured_media":86059,"comment_status":"open","ping_status":"closed","template":"","meta":{"inline_featured_image":false,"_mi_skip_tracking":false},"product_cat":[263,367],"product_tag":[],"class_list":["post-91962","product","type-product","status-publish","has-post-thumbnail","hentry","product_cat-helikopterflug-in-der-schweiz","product_cat-helikopterflug-rundflug-gstaad-grund"],"yoast_head":"<!-- This site is optimized with the Yoast SEO plugin v23.6 - https:\/\/yoast.com\/wordpress\/plugins\/seo\/ -->\n<title>Rundflug Gstaad-Saanenland ab Gstaad-Grund, Flug von 10 Min.<\/title>\n<meta name=\"description\" content=\"Rundflug Gstaad-Saanenland von Gstaad-Grund aus. Ein 10-min\u00fctiger Helikopterflug \u00fcber das sch\u00f6ne Saanenland und das Dorf Gstaad; Sommer wie Winter\" \/>\n<meta name=\"robots\" content=\"index, follow, max-snippet:-1, max-image-preview:large, max-video-preview:-1\" \/>\n<link rel=\"canonical\" href=\"https:\/\/www.swissraft.ch\/de\/produkt\/gstaad-grund-rundflug-gstaad-saanenland\/\" \/>\n<meta property=\"og:locale\" content=\"de_DE\" \/>\n<meta property=\"og:type\" content=\"article\" \/>\n<meta property=\"og:title\" content=\"Rundflug Gstaad-Saanenland ab Gstaad-Grund, Flug von 10 Min.\" \/>\n<meta property=\"og:description\" content=\"Rundflug Gstaad-Saanenland von Gstaad-Grund aus. Ein 10-min\u00fctiger Helikopterflug \u00fcber das sch\u00f6ne Saanenland und das Dorf Gstaad; Sommer wie Winter\" \/>\n<meta property=\"og:url\" content=\"https:\/\/www.swissraft.ch\/de\/produkt\/gstaad-grund-rundflug-gstaad-saanenland\/\" \/>\n<meta property=\"og:site_name\" content=\"Swissraft\" \/>\n<meta property=\"article:modified_time\" content=\"2026-04-18T22:22:02+00:00\" \/>\n<meta property=\"og:image\" content=\"https:\/\/www.swissraft.ch\/wp-content\/uploads\/2022\/12\/1-GSTAAD-GRUND-Saanenland-776x776-2.jpg\" \/>\n\t<meta property=\"og:image:width\" content=\"776\" \/>\n\t<meta property=\"og:image:height\" content=\"776\" \/>\n\t<meta property=\"og:image:type\" content=\"image\/jpeg\" \/>\n<meta name=\"twitter:card\" content=\"summary_large_image\" \/>\n<meta name=\"twitter:label1\" content=\"Gesch\u00e4tzte Lesezeit\" \/>\n\t<meta name=\"twitter:data1\" content=\"1\u00a0Minute\" \/>\n<script type=\"application\/ld+json\" class=\"yoast-schema-graph\">{\"@context\":\"https:\/\/schema.org\",\"@graph\":[{\"@type\":\"WebPage\",\"@id\":\"https:\/\/www.swissraft.ch\/de\/produkt\/gstaad-grund-rundflug-gstaad-saanenland\/\",\"url\":\"https:\/\/www.swissraft.ch\/de\/produkt\/gstaad-grund-rundflug-gstaad-saanenland\/\",\"name\":\"Rundflug Gstaad-Saanenland ab Gstaad-Grund, Flug von 10 Min.\",\"isPartOf\":{\"@id\":\"https:\/\/www.swissraft.ch\/de\/#website\"},\"primaryImageOfPage\":{\"@id\":\"https:\/\/www.swissraft.ch\/de\/produkt\/gstaad-grund-rundflug-gstaad-saanenland\/#primaryimage\"},\"image\":{\"@id\":\"https:\/\/www.swissraft.ch\/de\/produkt\/gstaad-grund-rundflug-gstaad-saanenland\/#primaryimage\"},\"thumbnailUrl\":\"https:\/\/www.swissraft.ch\/wp-content\/uploads\/2022\/12\/1-GSTAAD-GRUND-Saanenland-776x776-2.jpg\",\"datePublished\":\"2022-12-10T10:15:14+00:00\",\"dateModified\":\"2026-04-18T22:22:02+00:00\",\"description\":\"Rundflug Gstaad-Saanenland von Gstaad-Grund aus. Ein 10-min\u00fctiger Helikopterflug \u00fcber das sch\u00f6ne Saanenland und das Dorf Gstaad; Sommer wie Winter\",\"breadcrumb\":{\"@id\":\"https:\/\/www.swissraft.ch\/de\/produkt\/gstaad-grund-rundflug-gstaad-saanenland\/#breadcrumb\"},\"inLanguage\":\"de\",\"potentialAction\":[{\"@type\":\"ReadAction\",\"target\":[\"https:\/\/www.swissraft.ch\/de\/produkt\/gstaad-grund-rundflug-gstaad-saanenland\/\"]}]},{\"@type\":\"ImageObject\",\"inLanguage\":\"de\",\"@id\":\"https:\/\/www.swissraft.ch\/de\/produkt\/gstaad-grund-rundflug-gstaad-saanenland\/#primaryimage\",\"url\":\"https:\/\/www.swissraft.ch\/wp-content\/uploads\/2022\/12\/1-GSTAAD-GRUND-Saanenland-776x776-2.jpg\",\"contentUrl\":\"https:\/\/www.swissraft.ch\/wp-content\/uploads\/2022\/12\/1-GSTAAD-GRUND-Saanenland-776x776-2.jpg\",\"width\":776,\"height\":776,\"caption\":\"Hubschrauberflug \u00fcber Gstaad-Saanenland\"},{\"@type\":\"BreadcrumbList\",\"@id\":\"https:\/\/www.swissraft.ch\/de\/produkt\/gstaad-grund-rundflug-gstaad-saanenland\/#breadcrumb\",\"itemListElement\":[{\"@type\":\"ListItem\",\"position\":1,\"name\":\"Accueil\",\"item\":\"https:\/\/www.swissraft.ch\/de\/\"},{\"@type\":\"ListItem\",\"position\":2,\"name\":\"Shop\",\"item\":\"https:\/\/www.swissraft.ch\/de\/shop\/\"},{\"@type\":\"ListItem\",\"position\":3,\"name\":\"Helikopterflug &#8211; Gstaad-Grund &#8211; Gstaad-Saanenland &#8211; 10 Min. &#8211; CHF 490.00\"}]},{\"@type\":\"WebSite\",\"@id\":\"https:\/\/www.swissraft.ch\/de\/#website\",\"url\":\"https:\/\/www.swissraft.ch\/de\/\",\"name\":\"Swissraft\",\"description\":\"To enjoy nature as it is\",\"publisher\":{\"@id\":\"https:\/\/www.swissraft.ch\/de\/#organization\"},\"potentialAction\":[{\"@type\":\"SearchAction\",\"target\":{\"@type\":\"EntryPoint\",\"urlTemplate\":\"https:\/\/www.swissraft.ch\/de\/?s={search_term_string}\"},\"query-input\":{\"@type\":\"PropertyValueSpecification\",\"valueRequired\":true,\"valueName\":\"search_term_string\"}}],\"inLanguage\":\"de\"},{\"@type\":\"Organization\",\"@id\":\"https:\/\/www.swissraft.ch\/de\/#organization\",\"name\":\"Swissraft\",\"url\":\"https:\/\/www.swissraft.ch\/de\/\",\"logo\":{\"@type\":\"ImageObject\",\"inLanguage\":\"de\",\"@id\":\"https:\/\/www.swissraft.ch\/de\/#\/schema\/logo\/image\/\",\"url\":\"https:\/\/www.swissraft.ch\/wp-content\/uploads\/2025\/09\/Capture.jpg\",\"contentUrl\":\"https:\/\/www.swissraft.ch\/wp-content\/uploads\/2025\/09\/Capture.jpg\",\"width\":293,\"height\":108,\"caption\":\"Swissraft\"},\"image\":{\"@id\":\"https:\/\/www.swissraft.ch\/de\/#\/schema\/logo\/image\/\"}}]}<\/script>\n<!-- \/ Yoast SEO plugin. -->","yoast_head_json":{"title":"Rundflug Gstaad-Saanenland ab Gstaad-Grund, Flug von 10 Min.","description":"Rundflug Gstaad-Saanenland von Gstaad-Grund aus. Ein 10-min\u00fctiger Helikopterflug \u00fcber das sch\u00f6ne Saanenland und das Dorf Gstaad; Sommer wie Winter","robots":{"index":"index","follow":"follow","max-snippet":"max-snippet:-1","max-image-preview":"max-image-preview:large","max-video-preview":"max-video-preview:-1"},"canonical":"https:\/\/www.swissraft.ch\/de\/produkt\/gstaad-grund-rundflug-gstaad-saanenland\/","og_locale":"de_DE","og_type":"article","og_title":"Rundflug Gstaad-Saanenland ab Gstaad-Grund, Flug von 10 Min.","og_description":"Rundflug Gstaad-Saanenland von Gstaad-Grund aus. Ein 10-min\u00fctiger Helikopterflug \u00fcber das sch\u00f6ne Saanenland und das Dorf Gstaad; Sommer wie Winter","og_url":"https:\/\/www.swissraft.ch\/de\/produkt\/gstaad-grund-rundflug-gstaad-saanenland\/","og_site_name":"Swissraft","article_modified_time":"2026-04-18T22:22:02+00:00","og_image":[{"width":776,"height":776,"url":"https:\/\/www.swissraft.ch\/wp-content\/uploads\/2022\/12\/1-GSTAAD-GRUND-Saanenland-776x776-2.jpg","type":"image\/jpeg"}],"twitter_card":"summary_large_image","twitter_misc":{"Gesch\u00e4tzte Lesezeit":"1\u00a0Minute"},"schema":{"@context":"https:\/\/schema.org","@graph":[{"@type":"WebPage","@id":"https:\/\/www.swissraft.ch\/de\/produkt\/gstaad-grund-rundflug-gstaad-saanenland\/","url":"https:\/\/www.swissraft.ch\/de\/produkt\/gstaad-grund-rundflug-gstaad-saanenland\/","name":"Rundflug Gstaad-Saanenland ab Gstaad-Grund, Flug von 10 Min.","isPartOf":{"@id":"https:\/\/www.swissraft.ch\/de\/#website"},"primaryImageOfPage":{"@id":"https:\/\/www.swissraft.ch\/de\/produkt\/gstaad-grund-rundflug-gstaad-saanenland\/#primaryimage"},"image":{"@id":"https:\/\/www.swissraft.ch\/de\/produkt\/gstaad-grund-rundflug-gstaad-saanenland\/#primaryimage"},"thumbnailUrl":"https:\/\/www.swissraft.ch\/wp-content\/uploads\/2022\/12\/1-GSTAAD-GRUND-Saanenland-776x776-2.jpg","datePublished":"2022-12-10T10:15:14+00:00","dateModified":"2026-04-18T22:22:02+00:00","description":"Rundflug Gstaad-Saanenland von Gstaad-Grund aus. Ein 10-min\u00fctiger Helikopterflug \u00fcber das sch\u00f6ne Saanenland und das Dorf Gstaad; Sommer wie Winter","breadcrumb":{"@id":"https:\/\/www.swissraft.ch\/de\/produkt\/gstaad-grund-rundflug-gstaad-saanenland\/#breadcrumb"},"inLanguage":"de","potentialAction":[{"@type":"ReadAction","target":["https:\/\/www.swissraft.ch\/de\/produkt\/gstaad-grund-rundflug-gstaad-saanenland\/"]}]},{"@type":"ImageObject","inLanguage":"de","@id":"https:\/\/www.swissraft.ch\/de\/produkt\/gstaad-grund-rundflug-gstaad-saanenland\/#primaryimage","url":"https:\/\/www.swissraft.ch\/wp-content\/uploads\/2022\/12\/1-GSTAAD-GRUND-Saanenland-776x776-2.jpg","contentUrl":"https:\/\/www.swissraft.ch\/wp-content\/uploads\/2022\/12\/1-GSTAAD-GRUND-Saanenland-776x776-2.jpg","width":776,"height":776,"caption":"Hubschrauberflug \u00fcber Gstaad-Saanenland"},{"@type":"BreadcrumbList","@id":"https:\/\/www.swissraft.ch\/de\/produkt\/gstaad-grund-rundflug-gstaad-saanenland\/#breadcrumb","itemListElement":[{"@type":"ListItem","position":1,"name":"Accueil","item":"https:\/\/www.swissraft.ch\/de\/"},{"@type":"ListItem","position":2,"name":"Shop","item":"https:\/\/www.swissraft.ch\/de\/shop\/"},{"@type":"ListItem","position":3,"name":"Helikopterflug &#8211; Gstaad-Grund &#8211; Gstaad-Saanenland &#8211; 10 Min. &#8211; CHF 490.00"}]},{"@type":"WebSite","@id":"https:\/\/www.swissraft.ch\/de\/#website","url":"https:\/\/www.swissraft.ch\/de\/","name":"Swissraft","description":"To enjoy nature as it is","publisher":{"@id":"https:\/\/www.swissraft.ch\/de\/#organization"},"potentialAction":[{"@type":"SearchAction","target":{"@type":"EntryPoint","urlTemplate":"https:\/\/www.swissraft.ch\/de\/?s={search_term_string}"},"query-input":{"@type":"PropertyValueSpecification","valueRequired":true,"valueName":"search_term_string"}}],"inLanguage":"de"},{"@type":"Organization","@id":"https:\/\/www.swissraft.ch\/de\/#organization","name":"Swissraft","url":"https:\/\/www.swissraft.ch\/de\/","logo":{"@type":"ImageObject","inLanguage":"de","@id":"https:\/\/www.swissraft.ch\/de\/#\/schema\/logo\/image\/","url":"https:\/\/www.swissraft.ch\/wp-content\/uploads\/2025\/09\/Capture.jpg","contentUrl":"https:\/\/www.swissraft.ch\/wp-content\/uploads\/2025\/09\/Capture.jpg","width":293,"height":108,"caption":"Swissraft"},"image":{"@id":"https:\/\/www.swissraft.ch\/de\/#\/schema\/logo\/image\/"}}]}},"_links":{"self":[{"href":"https:\/\/www.swissraft.ch\/de\/wp-json\/wp\/v2\/product\/91962","targetHints":{"allow":["GET"]}}],"collection":[{"href":"https:\/\/www.swissraft.ch\/de\/wp-json\/wp\/v2\/product"}],"about":[{"href":"https:\/\/www.swissraft.ch\/de\/wp-json\/wp\/v2\/types\/product"}],"replies":[{"embeddable":true,"href":"https:\/\/www.swissraft.ch\/de\/wp-json\/wp\/v2\/comments?post=91962"}],"version-history":[{"count":7,"href":"https:\/\/www.swissraft.ch\/de\/wp-json\/wp\/v2\/product\/91962\/revisions"}],"predecessor-version":[{"id":140926,"href":"https:\/\/www.swissraft.ch\/de\/wp-json\/wp\/v2\/product\/91962\/revisions\/140926"}],"wp:featuredmedia":[{"embeddable":true,"href":"https:\/\/www.swissraft.ch\/de\/wp-json\/wp\/v2\/media\/86059"}],"wp:attachment":[{"href":"https:\/\/www.swissraft.ch\/de\/wp-json\/wp\/v2\/media?parent=91962"}],"wp:term":[{"taxonomy":"product_cat","embeddable":true,"href":"https:\/\/www.swissraft.ch\/de\/wp-json\/wp\/v2\/product_cat?post=91962"},{"taxonomy":"product_tag","embeddable":true,"href":"https:\/\/www.swissraft.ch\/de\/wp-json\/wp\/v2\/product_tag?post=91962"}],"curies":[{"name":"wp","href":"https:\/\/api.w.org\/{rel}","templated":true}]}}